{"id":94854,"date":"2026-01-15T18:05:34","date_gmt":"2026-01-15T17:05:34","guid":{"rendered":"https:\/\/nordicpadel.com\/sv\/product\/asics-speed-ff-3-dark-cobalt-clay-mens-2025-42\/"},"modified":"2026-03-08T06:55:14","modified_gmt":"2026-03-08T05:55:14","slug":"asics-speed-ff-3-dark-cobalt-clay-mens-2025-42","status":"publish","type":"product","link":"https:\/\/nordicpadel.com\/sv\/product\/asics-speed-ff-3-dark-cobalt-clay-mens-2025-42\/","title":{"rendered":"Asics Speed FF 3 Dark Cobalt Clay Mens &#8211; 2025 &#8211; 42"},"content":{"rendered":"<p>Asics Solution Speed FF 3 \u00e4r den ultimata skon f\u00f6r padelspelaren som v\u00e4rdes\u00e4tter l\u00e4ttvikt och acceleration. Med en Clay-sula (fiskbensm\u00f6nster) f\u00e5r du det absolut b\u00e4sta greppet p\u00e5 sandiga padelbanor. I den snygga f\u00e4rgen &#8220;Dark Cobalt&#8221; kombinerar denna sko en fj\u00e4derl\u00e4tt k\u00e4nsla med explosiv respons, vilket g\u00f6r att du hinner p\u00e5 varje boll och t\u00e4cker hela banan med l\u00e4tthet.<\/p>\n","protected":false},"excerpt":{"rendered":"<p>Asics Solution Speed FF 3 \u00e4r den ultimata skon f\u00f6r padelspelaren som v\u00e4rdes\u00e4tter l\u00e4ttvikt och acceleration. Med en Clay-sula (fiskbensm\u00f6nster) f\u00e5r du det absolut b\u00e4sta greppet p\u00e5 sandiga padelbanor. I den snygga f\u00e4rgen &#8220;Dark Cobalt&#8221; kombinerar denna sko en fj\u00e4derl\u00e4tt k\u00e4nsla med explosiv respons, vilket g\u00f6r att du hinner p\u00e5 varje boll och t\u00e4cker hela [&hellip;]<\/p>\n","protected":false},"featured_media":94853,"comment_status":"open","ping_status":"closed","template":"","meta":[],"pwb-brand":[],"product_cat":[38,467],"product_tag":[],"woo-feed-brand":[],"class_list":{"0":"post-94854","1":"product","2":"type-product","3":"status-publish","4":"has-post-thumbnail","6":"product_cat-herr","7":"product_cat-asics","9":"first","10":"instock","11":"sale","12":"taxable","13":"shipping-taxable","14":"purchasable","15":"product-type-variable"},"bundled_by":[],"bundle_stock_status":"instock","bundle_stock_quantity":1,"bundle_virtual":false,"bundle_layout":"","bundle_add_to_cart_form_location":"","bundle_editable_in_cart":false,"bundle_sold_individually_context":"","bundle_item_grouping":"","bundle_min_size":"","bundle_max_size":"","bundled_items":[],"bundle_sell_ids":[],"acf":[],"yoast_head":"<!-- This site is optimized with the Yoast SEO plugin v23.1 - https:\/\/yoast.com\/wordpress\/plugins\/seo\/ -->\n<title>Asics Speed FF 3 Dark Cobalt Clay Mens - 2025 - 42 - Nordic Padel<\/title>\n<meta name=\"robots\" content=\"index, follow, max-snippet:-1, max-image-preview:large, max-video-preview:-1\" \/>\n<link rel=\"canonical\" href=\"https:\/\/nordicpadel.com\/sv\/product\/asics-speed-ff-3-dark-cobalt-clay-mens-2025-42\/\" \/>\n<meta property=\"og:locale\" content=\"sv_SE\" \/>\n<meta property=\"og:type\" content=\"article\" \/>\n<meta property=\"og:title\" content=\"Asics Speed FF 3 Dark Cobalt Clay Mens - 2025 - 42 - Nordic Padel\" \/>\n<meta property=\"og:description\" content=\"Asics Solution Speed FF 3 \u00e4r den ultimata skon f\u00f6r padelspelaren som v\u00e4rdes\u00e4tter l\u00e4ttvikt och acceleration. Med en Clay-sula (fiskbensm\u00f6nster) f\u00e5r du det absolut b\u00e4sta greppet p\u00e5 sandiga padelbanor. I den snygga f\u00e4rgen &#8220;Dark Cobalt&#8221; kombinerar denna sko en fj\u00e4derl\u00e4tt k\u00e4nsla med explosiv respons, vilket g\u00f6r att du hinner p\u00e5 varje boll och t\u00e4cker hela [&hellip;]\" \/>\n<meta property=\"og:url\" content=\"https:\/\/nordicpadel.com\/sv\/product\/asics-speed-ff-3-dark-cobalt-clay-mens-2025-42\/\" \/>\n<meta property=\"og:site_name\" content=\"Nordic Padel\" \/>\n<meta property=\"article:modified_time\" content=\"2026-03-08T05:55:14+00:00\" \/>\n<meta property=\"og:image\" content=\"https:\/\/nordicpadel.com\/sv\/wp-content\/uploads\/sites\/10\/2026\/01\/fffe88ec480eae11a5cb87961c0b93a7.jpg\" \/>\n\t<meta property=\"og:image:width\" content=\"886\" \/>\n\t<meta property=\"og:image:height\" content=\"754\" \/>\n\t<meta property=\"og:image:type\" content=\"image\/jpeg\" \/>\n<meta name=\"twitter:card\" content=\"summary_large_image\" \/>\n<meta name=\"twitter:label1\" content=\"Ber\u00e4knad l\u00e4stid\" \/>\n\t<meta name=\"twitter:data1\" content=\"1 minut\" \/>\n<script type=\"application\/ld+json\" class=\"yoast-schema-graph\">{\"@context\":\"https:\/\/schema.org\",\"@graph\":[{\"@type\":\"WebPage\",\"@id\":\"https:\/\/nordicpadel.com\/sv\/product\/asics-speed-ff-3-dark-cobalt-clay-mens-2025-42\/\",\"url\":\"https:\/\/nordicpadel.com\/sv\/product\/asics-speed-ff-3-dark-cobalt-clay-mens-2025-42\/\",\"name\":\"Asics Speed FF 3 Dark Cobalt Clay Mens - 2025 - 42 - Nordic Padel\",\"isPartOf\":{\"@id\":\"https:\/\/nordicpadel.com\/sv\/#website\"},\"primaryImageOfPage\":{\"@id\":\"https:\/\/nordicpadel.com\/sv\/product\/asics-speed-ff-3-dark-cobalt-clay-mens-2025-42\/#primaryimage\"},\"image\":{\"@id\":\"https:\/\/nordicpadel.com\/sv\/product\/asics-speed-ff-3-dark-cobalt-clay-mens-2025-42\/#primaryimage\"},\"thumbnailUrl\":\"https:\/\/nordicpadel.com\/sv\/wp-content\/uploads\/sites\/10\/2026\/01\/fffe88ec480eae11a5cb87961c0b93a7.jpg\",\"datePublished\":\"2026-01-15T17:05:34+00:00\",\"dateModified\":\"2026-03-08T05:55:14+00:00\",\"breadcrumb\":{\"@id\":\"https:\/\/nordicpadel.com\/sv\/product\/asics-speed-ff-3-dark-cobalt-clay-mens-2025-42\/#breadcrumb\"},\"inLanguage\":\"sv-SE\",\"potentialAction\":[{\"@type\":\"ReadAction\",\"target\":[\"https:\/\/nordicpadel.com\/sv\/product\/asics-speed-ff-3-dark-cobalt-clay-mens-2025-42\/\"]}]},{\"@type\":\"ImageObject\",\"inLanguage\":\"sv-SE\",\"@id\":\"https:\/\/nordicpadel.com\/sv\/product\/asics-speed-ff-3-dark-cobalt-clay-mens-2025-42\/#primaryimage\",\"url\":\"https:\/\/nordicpadel.com\/sv\/wp-content\/uploads\/sites\/10\/2026\/01\/fffe88ec480eae11a5cb87961c0b93a7.jpg\",\"contentUrl\":\"https:\/\/nordicpadel.com\/sv\/wp-content\/uploads\/sites\/10\/2026\/01\/fffe88ec480eae11a5cb87961c0b93a7.jpg\",\"width\":886,\"height\":754,\"caption\":\"Asics Speed FF 3 Dark Cobalt Clay Mens - 2025 - 42\"},{\"@type\":\"BreadcrumbList\",\"@id\":\"https:\/\/nordicpadel.com\/sv\/product\/asics-speed-ff-3-dark-cobalt-clay-mens-2025-42\/#breadcrumb\",\"itemListElement\":[{\"@type\":\"ListItem\",\"position\":1,\"name\":\"Hem\",\"item\":\"https:\/\/nordicpadel.com\/sv\/\"},{\"@type\":\"ListItem\",\"position\":2,\"name\":\"Shop\",\"item\":\"https:\/\/nordicpadel.com\/sv\/shop\/\"},{\"@type\":\"ListItem\",\"position\":3,\"name\":\"Asics Speed FF 3 Dark Cobalt Clay Mens &#8211; 2025 &#8211; 42\"}]},{\"@type\":\"WebSite\",\"@id\":\"https:\/\/nordicpadel.com\/sv\/#website\",\"url\":\"https:\/\/nordicpadel.com\/sv\/\",\"name\":\"Nordic Padel\",\"description\":\"\",\"publisher\":{\"@id\":\"https:\/\/nordicpadel.com\/sv\/#organization\"},\"potentialAction\":[{\"@type\":\"SearchAction\",\"target\":{\"@type\":\"EntryPoint\",\"urlTemplate\":\"https:\/\/nordicpadel.com\/sv\/?s={search_term_string}\"},\"query-input\":\"required name=search_term_string\"}],\"inLanguage\":\"sv-SE\"},{\"@type\":\"Organization\",\"@id\":\"https:\/\/nordicpadel.com\/sv\/#organization\",\"name\":\"Nordic Padel\",\"url\":\"https:\/\/nordicpadel.com\/sv\/\",\"logo\":{\"@type\":\"ImageObject\",\"inLanguage\":\"sv-SE\",\"@id\":\"https:\/\/nordicpadel.com\/sv\/#\/schema\/logo\/image\/\",\"url\":\"https:\/\/nordicpadel.com\/sv\/wp-content\/uploads\/sites\/10\/2022\/12\/Nordic-Padel-small_1-1.png\",\"contentUrl\":\"https:\/\/nordicpadel.com\/sv\/wp-content\/uploads\/sites\/10\/2022\/12\/Nordic-Padel-small_1-1.png\",\"width\":400,\"height\":119,\"caption\":\"Nordic Padel\"},\"image\":{\"@id\":\"https:\/\/nordicpadel.com\/sv\/#\/schema\/logo\/image\/\"}}]}<\/script>\n<!-- \/ Yoast SEO plugin. -->","yoast_head_json":{"title":"Asics Speed FF 3 Dark Cobalt Clay Mens - 2025 - 42 - Nordic Padel","robots":{"index":"index","follow":"follow","max-snippet":"max-snippet:-1","max-image-preview":"max-image-preview:large","max-video-preview":"max-video-preview:-1"},"canonical":"https:\/\/nordicpadel.com\/sv\/product\/asics-speed-ff-3-dark-cobalt-clay-mens-2025-42\/","og_locale":"sv_SE","og_type":"article","og_title":"Asics Speed FF 3 Dark Cobalt Clay Mens - 2025 - 42 - Nordic Padel","og_description":"Asics Solution Speed FF 3 \u00e4r den ultimata skon f\u00f6r padelspelaren som v\u00e4rdes\u00e4tter l\u00e4ttvikt och acceleration. Med en Clay-sula (fiskbensm\u00f6nster) f\u00e5r du det absolut b\u00e4sta greppet p\u00e5 sandiga padelbanor. I den snygga f\u00e4rgen &#8220;Dark Cobalt&#8221; kombinerar denna sko en fj\u00e4derl\u00e4tt k\u00e4nsla med explosiv respons, vilket g\u00f6r att du hinner p\u00e5 varje boll och t\u00e4cker hela [&hellip;]","og_url":"https:\/\/nordicpadel.com\/sv\/product\/asics-speed-ff-3-dark-cobalt-clay-mens-2025-42\/","og_site_name":"Nordic Padel","article_modified_time":"2026-03-08T05:55:14+00:00","og_image":[{"width":886,"height":754,"url":"https:\/\/nordicpadel.com\/sv\/wp-content\/uploads\/sites\/10\/2026\/01\/fffe88ec480eae11a5cb87961c0b93a7.jpg","type":"image\/jpeg"}],"twitter_card":"summary_large_image","twitter_misc":{"Ber\u00e4knad l\u00e4stid":"1 minut"},"schema":{"@context":"https:\/\/schema.org","@graph":[{"@type":"WebPage","@id":"https:\/\/nordicpadel.com\/sv\/product\/asics-speed-ff-3-dark-cobalt-clay-mens-2025-42\/","url":"https:\/\/nordicpadel.com\/sv\/product\/asics-speed-ff-3-dark-cobalt-clay-mens-2025-42\/","name":"Asics Speed FF 3 Dark Cobalt Clay Mens - 2025 - 42 - Nordic Padel","isPartOf":{"@id":"https:\/\/nordicpadel.com\/sv\/#website"},"primaryImageOfPage":{"@id":"https:\/\/nordicpadel.com\/sv\/product\/asics-speed-ff-3-dark-cobalt-clay-mens-2025-42\/#primaryimage"},"image":{"@id":"https:\/\/nordicpadel.com\/sv\/product\/asics-speed-ff-3-dark-cobalt-clay-mens-2025-42\/#primaryimage"},"thumbnailUrl":"https:\/\/nordicpadel.com\/sv\/wp-content\/uploads\/sites\/10\/2026\/01\/fffe88ec480eae11a5cb87961c0b93a7.jpg","datePublished":"2026-01-15T17:05:34+00:00","dateModified":"2026-03-08T05:55:14+00:00","breadcrumb":{"@id":"https:\/\/nordicpadel.com\/sv\/product\/asics-speed-ff-3-dark-cobalt-clay-mens-2025-42\/#breadcrumb"},"inLanguage":"sv-SE","potentialAction":[{"@type":"ReadAction","target":["https:\/\/nordicpadel.com\/sv\/product\/asics-speed-ff-3-dark-cobalt-clay-mens-2025-42\/"]}]},{"@type":"ImageObject","inLanguage":"sv-SE","@id":"https:\/\/nordicpadel.com\/sv\/product\/asics-speed-ff-3-dark-cobalt-clay-mens-2025-42\/#primaryimage","url":"https:\/\/nordicpadel.com\/sv\/wp-content\/uploads\/sites\/10\/2026\/01\/fffe88ec480eae11a5cb87961c0b93a7.jpg","contentUrl":"https:\/\/nordicpadel.com\/sv\/wp-content\/uploads\/sites\/10\/2026\/01\/fffe88ec480eae11a5cb87961c0b93a7.jpg","width":886,"height":754,"caption":"Asics Speed FF 3 Dark Cobalt Clay Mens - 2025 - 42"},{"@type":"BreadcrumbList","@id":"https:\/\/nordicpadel.com\/sv\/product\/asics-speed-ff-3-dark-cobalt-clay-mens-2025-42\/#breadcrumb","itemListElement":[{"@type":"ListItem","position":1,"name":"Hem","item":"https:\/\/nordicpadel.com\/sv\/"},{"@type":"ListItem","position":2,"name":"Shop","item":"https:\/\/nordicpadel.com\/sv\/shop\/"},{"@type":"ListItem","position":3,"name":"Asics Speed FF 3 Dark Cobalt Clay Mens &#8211; 2025 &#8211; 42"}]},{"@type":"WebSite","@id":"https:\/\/nordicpadel.com\/sv\/#website","url":"https:\/\/nordicpadel.com\/sv\/","name":"Nordic Padel","description":"","publisher":{"@id":"https:\/\/nordicpadel.com\/sv\/#organization"},"potentialAction":[{"@type":"SearchAction","target":{"@type":"EntryPoint","urlTemplate":"https:\/\/nordicpadel.com\/sv\/?s={search_term_string}"},"query-input":"required name=search_term_string"}],"inLanguage":"sv-SE"},{"@type":"Organization","@id":"https:\/\/nordicpadel.com\/sv\/#organization","name":"Nordic Padel","url":"https:\/\/nordicpadel.com\/sv\/","logo":{"@type":"ImageObject","inLanguage":"sv-SE","@id":"https:\/\/nordicpadel.com\/sv\/#\/schema\/logo\/image\/","url":"https:\/\/nordicpadel.com\/sv\/wp-content\/uploads\/sites\/10\/2022\/12\/Nordic-Padel-small_1-1.png","contentUrl":"https:\/\/nordicpadel.com\/sv\/wp-content\/uploads\/sites\/10\/2022\/12\/Nordic-Padel-small_1-1.png","width":400,"height":119,"caption":"Nordic Padel"},"image":{"@id":"https:\/\/nordicpadel.com\/sv\/#\/schema\/logo\/image\/"}}]}},"brands":[],"_links":{"self":[{"href":"https:\/\/nordicpadel.com\/sv\/wp-json\/wp\/v2\/product\/94854","targetHints":{"allow":["GET"]}}],"collection":[{"href":"https:\/\/nordicpadel.com\/sv\/wp-json\/wp\/v2\/product"}],"about":[{"href":"https:\/\/nordicpadel.com\/sv\/wp-json\/wp\/v2\/types\/product"}],"replies":[{"embeddable":true,"href":"https:\/\/nordicpadel.com\/sv\/wp-json\/wp\/v2\/comments?post=94854"}],"wp:featuredmedia":[{"embeddable":true,"href":"https:\/\/nordicpadel.com\/sv\/wp-json\/wp\/v2\/media\/94853"}],"wp:attachment":[{"href":"https:\/\/nordicpadel.com\/sv\/wp-json\/wp\/v2\/media?parent=94854"}],"wp:term":[{"taxonomy":"pwb-brand","embeddable":true,"href":"https:\/\/nordicpadel.com\/sv\/wp-json\/wp\/v2\/pwb-brand?post=94854"},{"taxonomy":"product_cat","embeddable":true,"href":"https:\/\/nordicpadel.com\/sv\/wp-json\/wp\/v2\/product_cat?post=94854"},{"taxonomy":"product_tag","embeddable":true,"href":"https:\/\/nordicpadel.com\/sv\/wp-json\/wp\/v2\/product_tag?post=94854"},{"taxonomy":"woo-feed-brand","embeddable":true,"href":"https:\/\/nordicpadel.com\/sv\/wp-json\/wp\/v2\/woo-feed-brand?post=94854"}],"curies":[{"name":"wp","href":"https:\/\/api.w.org\/{rel}","templated":true}]}}