{"id":94767,"date":"2026-01-14T16:50:37","date_gmt":"2026-01-14T15:50:37","guid":{"rendered":"https:\/\/nordicpadel.com\/sv\/product\/bullpadel-hack-04-comfort-2026\/"},"modified":"2026-03-30T04:33:32","modified_gmt":"2026-03-30T03:33:32","slug":"bullpadel-hack-04-comfort-2026","status":"publish","type":"product","link":"https:\/\/nordicpadel.com\/sv\/product\/bullpadel-hack-04-comfort-2026\/","title":{"rendered":"Bullpadel Hack 04 Comfort &#8211; 2026"},"content":{"rendered":"<p>Bullpadel Hack 04 Comfort 2026 \u00e4r ett komfortorienterat padelracket f\u00f6r spelare som vill kombinera kraft, kontroll och skonsam spelk\u00e4nsla. Med stor sweetspot, mjuk k\u00e4rna och vibrationsd\u00e4mpande konstruktion ger racketen h\u00f6g bollutg\u00e5ng och stabilitet i varje slag. Ett utm\u00e4rkt val f\u00f6r medel\u2013 till avancerade spelare som s\u00f6ker ett kraftfullt men armv\u00e4nligt padelracket f\u00f6r offensivt spel.<\/p>\n","protected":false},"excerpt":{"rendered":"<p>Bullpadel Hack 04 Comfort 2026 \u00e4r ett komfortorienterat padelracket f\u00f6r spelare som vill kombinera kraft, kontroll och skonsam spelk\u00e4nsla. Med stor sweetspot, mjuk k\u00e4rna och vibrationsd\u00e4mpande konstruktion ger racketen h\u00f6g bollutg\u00e5ng och stabilitet i varje slag. Ett utm\u00e4rkt val f\u00f6r medel\u2013 till avancerade spelare som s\u00f6ker ett kraftfullt men armv\u00e4nligt padelracket f\u00f6r offensivt spel.<\/p>\n","protected":false},"featured_media":94766,"comment_status":"open","ping_status":"closed","template":"","meta":[],"pwb-brand":[],"product_cat":[457,16],"product_tag":[],"woo-feed-brand":[],"class_list":{"0":"post-94767","1":"product","2":"type-product","3":"status-publish","4":"has-post-thumbnail","6":"product_cat-bullpadel","7":"product_cat-padelracket","8":"pa_varumarke-bullpadel","10":"first","11":"instock","12":"sale","13":"taxable","14":"shipping-taxable","15":"purchasable","16":"product-type-simple"},"bundled_by":[],"bundle_stock_status":"instock","bundle_stock_quantity":10,"bundle_virtual":false,"bundle_layout":"","bundle_add_to_cart_form_location":"","bundle_editable_in_cart":false,"bundle_sold_individually_context":"","bundle_item_grouping":"","bundle_min_size":"","bundle_max_size":"","bundled_items":[],"bundle_sell_ids":[],"acf":[],"yoast_head":"<!-- This site is optimized with the Yoast SEO plugin v23.1 - https:\/\/yoast.com\/wordpress\/plugins\/seo\/ -->\n<title>Bullpadel Hack 04 Comfort - 2026 - Nordic Padel<\/title>\n<meta name=\"robots\" content=\"index, follow, max-snippet:-1, max-image-preview:large, max-video-preview:-1\" \/>\n<link rel=\"canonical\" href=\"https:\/\/nordicpadel.com\/sv\/product\/bullpadel-hack-04-comfort-2026\/\" \/>\n<meta property=\"og:locale\" content=\"sv_SE\" \/>\n<meta property=\"og:type\" content=\"article\" \/>\n<meta property=\"og:title\" content=\"Bullpadel Hack 04 Comfort - 2026 - Nordic Padel\" \/>\n<meta property=\"og:description\" content=\"Bullpadel Hack 04 Comfort 2026 \u00e4r ett komfortorienterat padelracket f\u00f6r spelare som vill kombinera kraft, kontroll och skonsam spelk\u00e4nsla. Med stor sweetspot, mjuk k\u00e4rna och vibrationsd\u00e4mpande konstruktion ger racketen h\u00f6g bollutg\u00e5ng och stabilitet i varje slag. Ett utm\u00e4rkt val f\u00f6r medel\u2013 till avancerade spelare som s\u00f6ker ett kraftfullt men armv\u00e4nligt padelracket f\u00f6r offensivt spel.\" \/>\n<meta property=\"og:url\" content=\"https:\/\/nordicpadel.com\/sv\/product\/bullpadel-hack-04-comfort-2026\/\" \/>\n<meta property=\"og:site_name\" content=\"Nordic Padel\" \/>\n<meta property=\"article:modified_time\" content=\"2026-03-30T03:33:32+00:00\" \/>\n<meta name=\"twitter:card\" content=\"summary_large_image\" \/>\n<script type=\"application\/ld+json\" class=\"yoast-schema-graph\">{\"@context\":\"https:\/\/schema.org\",\"@graph\":[{\"@type\":\"WebPage\",\"@id\":\"https:\/\/nordicpadel.com\/sv\/product\/bullpadel-hack-04-comfort-2026\/\",\"url\":\"https:\/\/nordicpadel.com\/sv\/product\/bullpadel-hack-04-comfort-2026\/\",\"name\":\"Bullpadel Hack 04 Comfort - 2026 - Nordic Padel\",\"isPartOf\":{\"@id\":\"https:\/\/nordicpadel.com\/sv\/#website\"},\"primaryImageOfPage\":{\"@id\":\"https:\/\/nordicpadel.com\/sv\/product\/bullpadel-hack-04-comfort-2026\/#primaryimage\"},\"image\":{\"@id\":\"https:\/\/nordicpadel.com\/sv\/product\/bullpadel-hack-04-comfort-2026\/#primaryimage\"},\"thumbnailUrl\":\"https:\/\/nordicpadel.com\/sv\/wp-content\/uploads\/sites\/10\/2026\/01\/106281346dd4fd821ab08603c76b7295.jpg\",\"datePublished\":\"2026-01-14T15:50:37+00:00\",\"dateModified\":\"2026-03-30T03:33:32+00:00\",\"breadcrumb\":{\"@id\":\"https:\/\/nordicpadel.com\/sv\/product\/bullpadel-hack-04-comfort-2026\/#breadcrumb\"},\"inLanguage\":\"sv-SE\",\"potentialAction\":[{\"@type\":\"ReadAction\",\"target\":[\"https:\/\/nordicpadel.com\/sv\/product\/bullpadel-hack-04-comfort-2026\/\"]}]},{\"@type\":\"ImageObject\",\"inLanguage\":\"sv-SE\",\"@id\":\"https:\/\/nordicpadel.com\/sv\/product\/bullpadel-hack-04-comfort-2026\/#primaryimage\",\"url\":\"https:\/\/nordicpadel.com\/sv\/wp-content\/uploads\/sites\/10\/2026\/01\/106281346dd4fd821ab08603c76b7295.jpg\",\"contentUrl\":\"https:\/\/nordicpadel.com\/sv\/wp-content\/uploads\/sites\/10\/2026\/01\/106281346dd4fd821ab08603c76b7295.jpg\",\"width\":1400,\"height\":1400,\"caption\":\"Bullpadel Hack 04 Comfort - 2026\"},{\"@type\":\"BreadcrumbList\",\"@id\":\"https:\/\/nordicpadel.com\/sv\/product\/bullpadel-hack-04-comfort-2026\/#breadcrumb\",\"itemListElement\":[{\"@type\":\"ListItem\",\"position\":1,\"name\":\"Hem\",\"item\":\"https:\/\/nordicpadel.com\/sv\/\"},{\"@type\":\"ListItem\",\"position\":2,\"name\":\"Shop\",\"item\":\"https:\/\/nordicpadel.com\/sv\/shop\/\"},{\"@type\":\"ListItem\",\"position\":3,\"name\":\"Bullpadel Hack 04 Comfort &#8211; 2026\"}]},{\"@type\":\"WebSite\",\"@id\":\"https:\/\/nordicpadel.com\/sv\/#website\",\"url\":\"https:\/\/nordicpadel.com\/sv\/\",\"name\":\"Nordic Padel\",\"description\":\"\",\"publisher\":{\"@id\":\"https:\/\/nordicpadel.com\/sv\/#organization\"},\"potentialAction\":[{\"@type\":\"SearchAction\",\"target\":{\"@type\":\"EntryPoint\",\"urlTemplate\":\"https:\/\/nordicpadel.com\/sv\/?s={search_term_string}\"},\"query-input\":\"required name=search_term_string\"}],\"inLanguage\":\"sv-SE\"},{\"@type\":\"Organization\",\"@id\":\"https:\/\/nordicpadel.com\/sv\/#organization\",\"name\":\"Nordic Padel\",\"url\":\"https:\/\/nordicpadel.com\/sv\/\",\"logo\":{\"@type\":\"ImageObject\",\"inLanguage\":\"sv-SE\",\"@id\":\"https:\/\/nordicpadel.com\/sv\/#\/schema\/logo\/image\/\",\"url\":\"https:\/\/nordicpadel.com\/sv\/wp-content\/uploads\/sites\/10\/2022\/12\/Nordic-Padel-small_1-1.png\",\"contentUrl\":\"https:\/\/nordicpadel.com\/sv\/wp-content\/uploads\/sites\/10\/2022\/12\/Nordic-Padel-small_1-1.png\",\"width\":400,\"height\":119,\"caption\":\"Nordic Padel\"},\"image\":{\"@id\":\"https:\/\/nordicpadel.com\/sv\/#\/schema\/logo\/image\/\"}}]}<\/script>\n<!-- \/ Yoast SEO plugin. -->","yoast_head_json":{"title":"Bullpadel Hack 04 Comfort - 2026 - Nordic Padel","robots":{"index":"index","follow":"follow","max-snippet":"max-snippet:-1","max-image-preview":"max-image-preview:large","max-video-preview":"max-video-preview:-1"},"canonical":"https:\/\/nordicpadel.com\/sv\/product\/bullpadel-hack-04-comfort-2026\/","og_locale":"sv_SE","og_type":"article","og_title":"Bullpadel Hack 04 Comfort - 2026 - Nordic Padel","og_description":"Bullpadel Hack 04 Comfort 2026 \u00e4r ett komfortorienterat padelracket f\u00f6r spelare som vill kombinera kraft, kontroll och skonsam spelk\u00e4nsla. Med stor sweetspot, mjuk k\u00e4rna och vibrationsd\u00e4mpande konstruktion ger racketen h\u00f6g bollutg\u00e5ng och stabilitet i varje slag. Ett utm\u00e4rkt val f\u00f6r medel\u2013 till avancerade spelare som s\u00f6ker ett kraftfullt men armv\u00e4nligt padelracket f\u00f6r offensivt spel.","og_url":"https:\/\/nordicpadel.com\/sv\/product\/bullpadel-hack-04-comfort-2026\/","og_site_name":"Nordic Padel","article_modified_time":"2026-03-30T03:33:32+00:00","twitter_card":"summary_large_image","schema":{"@context":"https:\/\/schema.org","@graph":[{"@type":"WebPage","@id":"https:\/\/nordicpadel.com\/sv\/product\/bullpadel-hack-04-comfort-2026\/","url":"https:\/\/nordicpadel.com\/sv\/product\/bullpadel-hack-04-comfort-2026\/","name":"Bullpadel Hack 04 Comfort - 2026 - Nordic Padel","isPartOf":{"@id":"https:\/\/nordicpadel.com\/sv\/#website"},"primaryImageOfPage":{"@id":"https:\/\/nordicpadel.com\/sv\/product\/bullpadel-hack-04-comfort-2026\/#primaryimage"},"image":{"@id":"https:\/\/nordicpadel.com\/sv\/product\/bullpadel-hack-04-comfort-2026\/#primaryimage"},"thumbnailUrl":"https:\/\/nordicpadel.com\/sv\/wp-content\/uploads\/sites\/10\/2026\/01\/106281346dd4fd821ab08603c76b7295.jpg","datePublished":"2026-01-14T15:50:37+00:00","dateModified":"2026-03-30T03:33:32+00:00","breadcrumb":{"@id":"https:\/\/nordicpadel.com\/sv\/product\/bullpadel-hack-04-comfort-2026\/#breadcrumb"},"inLanguage":"sv-SE","potentialAction":[{"@type":"ReadAction","target":["https:\/\/nordicpadel.com\/sv\/product\/bullpadel-hack-04-comfort-2026\/"]}]},{"@type":"ImageObject","inLanguage":"sv-SE","@id":"https:\/\/nordicpadel.com\/sv\/product\/bullpadel-hack-04-comfort-2026\/#primaryimage","url":"https:\/\/nordicpadel.com\/sv\/wp-content\/uploads\/sites\/10\/2026\/01\/106281346dd4fd821ab08603c76b7295.jpg","contentUrl":"https:\/\/nordicpadel.com\/sv\/wp-content\/uploads\/sites\/10\/2026\/01\/106281346dd4fd821ab08603c76b7295.jpg","width":1400,"height":1400,"caption":"Bullpadel Hack 04 Comfort - 2026"},{"@type":"BreadcrumbList","@id":"https:\/\/nordicpadel.com\/sv\/product\/bullpadel-hack-04-comfort-2026\/#breadcrumb","itemListElement":[{"@type":"ListItem","position":1,"name":"Hem","item":"https:\/\/nordicpadel.com\/sv\/"},{"@type":"ListItem","position":2,"name":"Shop","item":"https:\/\/nordicpadel.com\/sv\/shop\/"},{"@type":"ListItem","position":3,"name":"Bullpadel Hack 04 Comfort &#8211; 2026"}]},{"@type":"WebSite","@id":"https:\/\/nordicpadel.com\/sv\/#website","url":"https:\/\/nordicpadel.com\/sv\/","name":"Nordic Padel","description":"","publisher":{"@id":"https:\/\/nordicpadel.com\/sv\/#organization"},"potentialAction":[{"@type":"SearchAction","target":{"@type":"EntryPoint","urlTemplate":"https:\/\/nordicpadel.com\/sv\/?s={search_term_string}"},"query-input":"required name=search_term_string"}],"inLanguage":"sv-SE"},{"@type":"Organization","@id":"https:\/\/nordicpadel.com\/sv\/#organization","name":"Nordic Padel","url":"https:\/\/nordicpadel.com\/sv\/","logo":{"@type":"ImageObject","inLanguage":"sv-SE","@id":"https:\/\/nordicpadel.com\/sv\/#\/schema\/logo\/image\/","url":"https:\/\/nordicpadel.com\/sv\/wp-content\/uploads\/sites\/10\/2022\/12\/Nordic-Padel-small_1-1.png","contentUrl":"https:\/\/nordicpadel.com\/sv\/wp-content\/uploads\/sites\/10\/2022\/12\/Nordic-Padel-small_1-1.png","width":400,"height":119,"caption":"Nordic Padel"},"image":{"@id":"https:\/\/nordicpadel.com\/sv\/#\/schema\/logo\/image\/"}}]}},"brands":[],"_links":{"self":[{"href":"https:\/\/nordicpadel.com\/sv\/wp-json\/wp\/v2\/product\/94767","targetHints":{"allow":["GET"]}}],"collection":[{"href":"https:\/\/nordicpadel.com\/sv\/wp-json\/wp\/v2\/product"}],"about":[{"href":"https:\/\/nordicpadel.com\/sv\/wp-json\/wp\/v2\/types\/product"}],"replies":[{"embeddable":true,"href":"https:\/\/nordicpadel.com\/sv\/wp-json\/wp\/v2\/comments?post=94767"}],"wp:featuredmedia":[{"embeddable":true,"href":"https:\/\/nordicpadel.com\/sv\/wp-json\/wp\/v2\/media\/94766"}],"wp:attachment":[{"href":"https:\/\/nordicpadel.com\/sv\/wp-json\/wp\/v2\/media?parent=94767"}],"wp:term":[{"taxonomy":"pwb-brand","embeddable":true,"href":"https:\/\/nordicpadel.com\/sv\/wp-json\/wp\/v2\/pwb-brand?post=94767"},{"taxonomy":"product_cat","embeddable":true,"href":"https:\/\/nordicpadel.com\/sv\/wp-json\/wp\/v2\/product_cat?post=94767"},{"taxonomy":"product_tag","embeddable":true,"href":"https:\/\/nordicpadel.com\/sv\/wp-json\/wp\/v2\/product_tag?post=94767"},{"taxonomy":"woo-feed-brand","embeddable":true,"href":"https:\/\/nordicpadel.com\/sv\/wp-json\/wp\/v2\/woo-feed-brand?post=94767"}],"curies":[{"name":"wp","href":"https:\/\/api.w.org\/{rel}","templated":true}]}}