{"id":94229,"date":"2025-11-26T19:00:54","date_gmt":"2025-11-26T18:00:54","guid":{"rendered":"https:\/\/nordicpadel.com\/sv\/product\/bullpadel-xplo-2025\/"},"modified":"2026-03-10T17:48:33","modified_gmt":"2026-03-10T16:48:33","slug":"bullpadel-xplo-2025","status":"publish","type":"product","link":"https:\/\/nordicpadel.com\/sv\/product\/bullpadel-xplo-2025\/","title":{"rendered":"Bullpadel Xplo &#8211; 2025"},"content":{"rendered":"<p data-start=\"100\" data-end=\"474\" data-pasted=\"true\"><strong data-start=\"100\" data-end=\"131\">Bullpadel Xplo Comfort 2025<\/strong> \u00e4r ett toppmodernt padelracket som kombinerar kraft, kontroll och flexibilitet. Med sin yttre k\u00e4rna i <strong data-start=\"234\" data-end=\"250\">Fibrix-fiber<\/strong> och teknologier som <strong data-start=\"271\" data-end=\"283\">Geoshape<\/strong>, <strong data-start=\"285\" data-end=\"298\">Air Power<\/strong> och&nbsp;<strong data-start=\"303\" data-end=\"318\">Wave System<\/strong> f\u00e5r du explosiv fart, b\u00e4ttre aerodynamik och en f\u00f6ljsam tr\u00e4ffk\u00e4nsla.<br data-start=\"387\" data-end=\"390\">Den nya <strong data-start=\"398\" data-end=\"422\">Smart Holes-designen<\/strong> \u00f6kar precisionen och stabiliteten vid varje slag.<\/p>\n<p data-start=\"476\" data-end=\"498\"><strong data-start=\"476\" data-end=\"496\">Specifikationer:<\/strong><\/p>\n<p data-start=\"501\" data-end=\"518\">Vikt: 365\u2013375 g<\/p>\n<ol>\n<li>\n<p data-start=\"521\" data-end=\"539\">Form: Geometrisk<\/p>\n<\/li>\n<li>\n<p data-start=\"542\" data-end=\"555\">Balans: H\u00f6g<\/p>\n<\/li>\n<li>\n<p data-start=\"558\" data-end=\"573\">Profil: 38 mm<\/p>\n<\/li>\n<li>\n<p data-start=\"576\" data-end=\"600\">Yttre material: Fibrix<\/p>\n<\/li>\n<li>\n<p data-start=\"603\" data-end=\"628\">Inre material: MultiEva<\/p>\n<\/li>\n<\/ol>\n","protected":false},"excerpt":{"rendered":"<p>Bullpadel Xplo Comfort 2025 \u00e4r ett toppmodernt padelracket som kombinerar kraft, kontroll och flexibilitet. Med sin yttre k\u00e4rna i Fibrix-fiber och teknologier som Geoshape, Air Power och&nbsp;Wave System f\u00e5r du explosiv fart, b\u00e4ttre aerodynamik och en f\u00f6ljsam tr\u00e4ffk\u00e4nsla.Den nya Smart Holes-designen \u00f6kar precisionen och stabiliteten vid varje slag. Specifikationer: Vikt: 365\u2013375 g Form: Geometrisk Balans: [&hellip;]<\/p>\n","protected":false},"featured_media":94223,"comment_status":"open","ping_status":"closed","template":"","meta":[],"pwb-brand":[],"product_cat":[457,16],"product_tag":[],"woo-feed-brand":[],"class_list":{"0":"post-94229","1":"product","2":"type-product","3":"status-publish","4":"has-post-thumbnail","6":"product_cat-bullpadel","7":"product_cat-padelracket","8":"pa_varumarke-bullpadel","10":"first","11":"instock","12":"sale","13":"taxable","14":"shipping-taxable","15":"purchasable","16":"product-type-simple"},"bundled_by":[],"bundle_stock_status":"instock","bundle_stock_quantity":2,"bundle_virtual":false,"bundle_layout":"","bundle_add_to_cart_form_location":"","bundle_editable_in_cart":false,"bundle_sold_individually_context":"","bundle_item_grouping":"","bundle_min_size":"","bundle_max_size":"","bundled_items":[],"bundle_sell_ids":[],"acf":[],"yoast_head":"<!-- This site is optimized with the Yoast SEO plugin v23.1 - https:\/\/yoast.com\/wordpress\/plugins\/seo\/ -->\n<title>Bullpadel Xplo - 2025 - Nordic Padel<\/title>\n<meta name=\"robots\" content=\"index, follow, max-snippet:-1, max-image-preview:large, max-video-preview:-1\" \/>\n<link rel=\"canonical\" href=\"https:\/\/nordicpadel.com\/sv\/product\/bullpadel-xplo-2025\/\" \/>\n<meta property=\"og:locale\" content=\"sv_SE\" \/>\n<meta property=\"og:type\" content=\"article\" \/>\n<meta property=\"og:title\" content=\"Bullpadel Xplo - 2025 - Nordic Padel\" \/>\n<meta property=\"og:description\" content=\"Bullpadel Xplo Comfort 2025 \u00e4r ett toppmodernt padelracket som kombinerar kraft, kontroll och flexibilitet. Med sin yttre k\u00e4rna i Fibrix-fiber och teknologier som Geoshape, Air Power och&nbsp;Wave System f\u00e5r du explosiv fart, b\u00e4ttre aerodynamik och en f\u00f6ljsam tr\u00e4ffk\u00e4nsla.Den nya Smart Holes-designen \u00f6kar precisionen och stabiliteten vid varje slag. Specifikationer: Vikt: 365\u2013375 g Form: Geometrisk Balans: [&hellip;]\" \/>\n<meta property=\"og:url\" content=\"https:\/\/nordicpadel.com\/sv\/product\/bullpadel-xplo-2025\/\" \/>\n<meta property=\"og:site_name\" content=\"Nordic Padel\" \/>\n<meta property=\"article:modified_time\" content=\"2026-03-10T16:48:33+00:00\" \/>\n<meta property=\"og:image\" content=\"https:\/\/nordicpadel.com\/sv\/wp-content\/uploads\/sites\/10\/2025\/11\/3f5d92f3a6aa73c26c5636e4c3abaa77.jpg\" \/>\n\t<meta property=\"og:image:width\" content=\"1400\" \/>\n\t<meta property=\"og:image:height\" content=\"1400\" \/>\n\t<meta property=\"og:image:type\" content=\"image\/jpeg\" \/>\n<meta name=\"twitter:card\" content=\"summary_large_image\" \/>\n<script type=\"application\/ld+json\" class=\"yoast-schema-graph\">{\"@context\":\"https:\/\/schema.org\",\"@graph\":[{\"@type\":\"WebPage\",\"@id\":\"https:\/\/nordicpadel.com\/sv\/product\/bullpadel-xplo-2025\/\",\"url\":\"https:\/\/nordicpadel.com\/sv\/product\/bullpadel-xplo-2025\/\",\"name\":\"Bullpadel Xplo - 2025 - Nordic Padel\",\"isPartOf\":{\"@id\":\"https:\/\/nordicpadel.com\/sv\/#website\"},\"primaryImageOfPage\":{\"@id\":\"https:\/\/nordicpadel.com\/sv\/product\/bullpadel-xplo-2025\/#primaryimage\"},\"image\":{\"@id\":\"https:\/\/nordicpadel.com\/sv\/product\/bullpadel-xplo-2025\/#primaryimage\"},\"thumbnailUrl\":\"https:\/\/nordicpadel.com\/sv\/wp-content\/uploads\/sites\/10\/2025\/11\/3f5d92f3a6aa73c26c5636e4c3abaa77.jpg\",\"datePublished\":\"2025-11-26T18:00:54+00:00\",\"dateModified\":\"2026-03-10T16:48:33+00:00\",\"breadcrumb\":{\"@id\":\"https:\/\/nordicpadel.com\/sv\/product\/bullpadel-xplo-2025\/#breadcrumb\"},\"inLanguage\":\"sv-SE\",\"potentialAction\":[{\"@type\":\"ReadAction\",\"target\":[\"https:\/\/nordicpadel.com\/sv\/product\/bullpadel-xplo-2025\/\"]}]},{\"@type\":\"ImageObject\",\"inLanguage\":\"sv-SE\",\"@id\":\"https:\/\/nordicpadel.com\/sv\/product\/bullpadel-xplo-2025\/#primaryimage\",\"url\":\"https:\/\/nordicpadel.com\/sv\/wp-content\/uploads\/sites\/10\/2025\/11\/3f5d92f3a6aa73c26c5636e4c3abaa77.jpg\",\"contentUrl\":\"https:\/\/nordicpadel.com\/sv\/wp-content\/uploads\/sites\/10\/2025\/11\/3f5d92f3a6aa73c26c5636e4c3abaa77.jpg\",\"width\":1400,\"height\":1400,\"caption\":\"Bullpadel Xplo - 2025\"},{\"@type\":\"BreadcrumbList\",\"@id\":\"https:\/\/nordicpadel.com\/sv\/product\/bullpadel-xplo-2025\/#breadcrumb\",\"itemListElement\":[{\"@type\":\"ListItem\",\"position\":1,\"name\":\"Hem\",\"item\":\"https:\/\/nordicpadel.com\/sv\/\"},{\"@type\":\"ListItem\",\"position\":2,\"name\":\"Shop\",\"item\":\"https:\/\/nordicpadel.com\/sv\/shop\/\"},{\"@type\":\"ListItem\",\"position\":3,\"name\":\"Bullpadel Xplo &#8211; 2025\"}]},{\"@type\":\"WebSite\",\"@id\":\"https:\/\/nordicpadel.com\/sv\/#website\",\"url\":\"https:\/\/nordicpadel.com\/sv\/\",\"name\":\"Nordic Padel\",\"description\":\"\",\"publisher\":{\"@id\":\"https:\/\/nordicpadel.com\/sv\/#organization\"},\"potentialAction\":[{\"@type\":\"SearchAction\",\"target\":{\"@type\":\"EntryPoint\",\"urlTemplate\":\"https:\/\/nordicpadel.com\/sv\/?s={search_term_string}\"},\"query-input\":\"required name=search_term_string\"}],\"inLanguage\":\"sv-SE\"},{\"@type\":\"Organization\",\"@id\":\"https:\/\/nordicpadel.com\/sv\/#organization\",\"name\":\"Nordic Padel\",\"url\":\"https:\/\/nordicpadel.com\/sv\/\",\"logo\":{\"@type\":\"ImageObject\",\"inLanguage\":\"sv-SE\",\"@id\":\"https:\/\/nordicpadel.com\/sv\/#\/schema\/logo\/image\/\",\"url\":\"https:\/\/nordicpadel.com\/sv\/wp-content\/uploads\/sites\/10\/2022\/12\/Nordic-Padel-small_1-1.png\",\"contentUrl\":\"https:\/\/nordicpadel.com\/sv\/wp-content\/uploads\/sites\/10\/2022\/12\/Nordic-Padel-small_1-1.png\",\"width\":400,\"height\":119,\"caption\":\"Nordic Padel\"},\"image\":{\"@id\":\"https:\/\/nordicpadel.com\/sv\/#\/schema\/logo\/image\/\"}}]}<\/script>\n<!-- \/ Yoast SEO plugin. -->","yoast_head_json":{"title":"Bullpadel Xplo - 2025 - Nordic Padel","robots":{"index":"index","follow":"follow","max-snippet":"max-snippet:-1","max-image-preview":"max-image-preview:large","max-video-preview":"max-video-preview:-1"},"canonical":"https:\/\/nordicpadel.com\/sv\/product\/bullpadel-xplo-2025\/","og_locale":"sv_SE","og_type":"article","og_title":"Bullpadel Xplo - 2025 - Nordic Padel","og_description":"Bullpadel Xplo Comfort 2025 \u00e4r ett toppmodernt padelracket som kombinerar kraft, kontroll och flexibilitet. Med sin yttre k\u00e4rna i Fibrix-fiber och teknologier som Geoshape, Air Power och&nbsp;Wave System f\u00e5r du explosiv fart, b\u00e4ttre aerodynamik och en f\u00f6ljsam tr\u00e4ffk\u00e4nsla.Den nya Smart Holes-designen \u00f6kar precisionen och stabiliteten vid varje slag. Specifikationer: Vikt: 365\u2013375 g Form: Geometrisk Balans: [&hellip;]","og_url":"https:\/\/nordicpadel.com\/sv\/product\/bullpadel-xplo-2025\/","og_site_name":"Nordic Padel","article_modified_time":"2026-03-10T16:48:33+00:00","og_image":[{"width":1400,"height":1400,"url":"https:\/\/nordicpadel.com\/sv\/wp-content\/uploads\/sites\/10\/2025\/11\/3f5d92f3a6aa73c26c5636e4c3abaa77.jpg","type":"image\/jpeg"}],"twitter_card":"summary_large_image","schema":{"@context":"https:\/\/schema.org","@graph":[{"@type":"WebPage","@id":"https:\/\/nordicpadel.com\/sv\/product\/bullpadel-xplo-2025\/","url":"https:\/\/nordicpadel.com\/sv\/product\/bullpadel-xplo-2025\/","name":"Bullpadel Xplo - 2025 - Nordic Padel","isPartOf":{"@id":"https:\/\/nordicpadel.com\/sv\/#website"},"primaryImageOfPage":{"@id":"https:\/\/nordicpadel.com\/sv\/product\/bullpadel-xplo-2025\/#primaryimage"},"image":{"@id":"https:\/\/nordicpadel.com\/sv\/product\/bullpadel-xplo-2025\/#primaryimage"},"thumbnailUrl":"https:\/\/nordicpadel.com\/sv\/wp-content\/uploads\/sites\/10\/2025\/11\/3f5d92f3a6aa73c26c5636e4c3abaa77.jpg","datePublished":"2025-11-26T18:00:54+00:00","dateModified":"2026-03-10T16:48:33+00:00","breadcrumb":{"@id":"https:\/\/nordicpadel.com\/sv\/product\/bullpadel-xplo-2025\/#breadcrumb"},"inLanguage":"sv-SE","potentialAction":[{"@type":"ReadAction","target":["https:\/\/nordicpadel.com\/sv\/product\/bullpadel-xplo-2025\/"]}]},{"@type":"ImageObject","inLanguage":"sv-SE","@id":"https:\/\/nordicpadel.com\/sv\/product\/bullpadel-xplo-2025\/#primaryimage","url":"https:\/\/nordicpadel.com\/sv\/wp-content\/uploads\/sites\/10\/2025\/11\/3f5d92f3a6aa73c26c5636e4c3abaa77.jpg","contentUrl":"https:\/\/nordicpadel.com\/sv\/wp-content\/uploads\/sites\/10\/2025\/11\/3f5d92f3a6aa73c26c5636e4c3abaa77.jpg","width":1400,"height":1400,"caption":"Bullpadel Xplo - 2025"},{"@type":"BreadcrumbList","@id":"https:\/\/nordicpadel.com\/sv\/product\/bullpadel-xplo-2025\/#breadcrumb","itemListElement":[{"@type":"ListItem","position":1,"name":"Hem","item":"https:\/\/nordicpadel.com\/sv\/"},{"@type":"ListItem","position":2,"name":"Shop","item":"https:\/\/nordicpadel.com\/sv\/shop\/"},{"@type":"ListItem","position":3,"name":"Bullpadel Xplo &#8211; 2025"}]},{"@type":"WebSite","@id":"https:\/\/nordicpadel.com\/sv\/#website","url":"https:\/\/nordicpadel.com\/sv\/","name":"Nordic Padel","description":"","publisher":{"@id":"https:\/\/nordicpadel.com\/sv\/#organization"},"potentialAction":[{"@type":"SearchAction","target":{"@type":"EntryPoint","urlTemplate":"https:\/\/nordicpadel.com\/sv\/?s={search_term_string}"},"query-input":"required name=search_term_string"}],"inLanguage":"sv-SE"},{"@type":"Organization","@id":"https:\/\/nordicpadel.com\/sv\/#organization","name":"Nordic Padel","url":"https:\/\/nordicpadel.com\/sv\/","logo":{"@type":"ImageObject","inLanguage":"sv-SE","@id":"https:\/\/nordicpadel.com\/sv\/#\/schema\/logo\/image\/","url":"https:\/\/nordicpadel.com\/sv\/wp-content\/uploads\/sites\/10\/2022\/12\/Nordic-Padel-small_1-1.png","contentUrl":"https:\/\/nordicpadel.com\/sv\/wp-content\/uploads\/sites\/10\/2022\/12\/Nordic-Padel-small_1-1.png","width":400,"height":119,"caption":"Nordic Padel"},"image":{"@id":"https:\/\/nordicpadel.com\/sv\/#\/schema\/logo\/image\/"}}]}},"brands":[],"_links":{"self":[{"href":"https:\/\/nordicpadel.com\/sv\/wp-json\/wp\/v2\/product\/94229","targetHints":{"allow":["GET"]}}],"collection":[{"href":"https:\/\/nordicpadel.com\/sv\/wp-json\/wp\/v2\/product"}],"about":[{"href":"https:\/\/nordicpadel.com\/sv\/wp-json\/wp\/v2\/types\/product"}],"replies":[{"embeddable":true,"href":"https:\/\/nordicpadel.com\/sv\/wp-json\/wp\/v2\/comments?post=94229"}],"wp:featuredmedia":[{"embeddable":true,"href":"https:\/\/nordicpadel.com\/sv\/wp-json\/wp\/v2\/media\/94223"}],"wp:attachment":[{"href":"https:\/\/nordicpadel.com\/sv\/wp-json\/wp\/v2\/media?parent=94229"}],"wp:term":[{"taxonomy":"pwb-brand","embeddable":true,"href":"https:\/\/nordicpadel.com\/sv\/wp-json\/wp\/v2\/pwb-brand?post=94229"},{"taxonomy":"product_cat","embeddable":true,"href":"https:\/\/nordicpadel.com\/sv\/wp-json\/wp\/v2\/product_cat?post=94229"},{"taxonomy":"product_tag","embeddable":true,"href":"https:\/\/nordicpadel.com\/sv\/wp-json\/wp\/v2\/product_tag?post=94229"},{"taxonomy":"woo-feed-brand","embeddable":true,"href":"https:\/\/nordicpadel.com\/sv\/wp-json\/wp\/v2\/woo-feed-brand?post=94229"}],"curies":[{"name":"wp","href":"https:\/\/api.w.org\/{rel}","templated":true}]}}