{"id":94122,"date":"2025-11-26T19:00:29","date_gmt":"2025-11-26T18:00:29","guid":{"rendered":"https:\/\/nordicpadel.com\/sv\/product\/asics-speed-ff-3-koi-clay\/"},"modified":"2026-02-20T11:54:58","modified_gmt":"2026-02-20T10:54:58","slug":"asics-speed-ff-3-koi-clay","status":"publish","type":"product","link":"https:\/\/nordicpadel.com\/sv\/product\/asics-speed-ff-3-koi-clay\/","title":{"rendered":"Asics Speed FF 3 Koi Clay"},"content":{"rendered":"<p>Den fiskbensm\u00f6nstrade undersidan g\u00f6r att du f\u00e5r absolut b\u00e4sta grepp p\u00e5 grusbanor och banor med sand p\u00e5 toppen. S\u00e5 dessa sor skall du v\u00e4lja om du k\u00e4nner att det \u00e4 halt p\u00e5 banan eftersom de \u00e4r specifikt framtagna f\u00f6r aatt f\u00e5 b\u00e4sta grepp p\u00e5 grusbanor och banor med mycket sand.<\/p>\n<p>Asics forts\u00e4tter att ta fram tennisskor\/padelskor ut\u00f6ver det vanliga f\u00f6r damer. H\u00e4r \u00e4r en smidig tennissko som passar lika bra f\u00f6r padelspelaren. Skon h\u00e5ller l\u00e5g vikt, andas bra och har en stabil sula. M\u00e5nga gillade Asics Speed FF 2, men med de f\u00f6rb\u00e4ttringar som gjorts p\u00e5 Asics Speed FF 3 kan vi n\u00e4stan garantera dig att du kommer bli n\u00f6jd n\u00e4r du tar p\u00e5 dig dessa tennisskor. Undersulan m\u00f6nster \u00e4r framtaget g\u00f6r tennisbanor med grus eller padelbanor som upplevs hala.<\/p>\n<p>Med SPEEDTRUSS \u2122 -teknologi f\u00f6rb\u00e4ttrar denna sko din smidighet f\u00f6r att r\u00f6ra dig runt p\u00e5 banan. Den hj\u00e4lper ocks\u00e5 dig att uppleva b\u00e4ttre acceleration n\u00e4r du rusar fram\u00e5t. Samtidigt \u00e4r den nya ingenj\u00f6rsn\u00e4tet och film\u00f6verdelen samt algoritmgenererade yttersulan l\u00e4tt och erbjuder utm\u00e4rkt grepp och flexibilitet, vilket m\u00f6jligg\u00f6r \u00f6kad hastighet p\u00e5 banan.<br \/>FLYTEFOAM \u2122 -teknologi Hj\u00e4lper till att ge l\u00e4ttviktig d\u00e4mpning<br \/>SPEEDTRUSS \u2122 -teknologi F\u00f6rb\u00e4ttrar snabbhet och sk\u00e4rande r\u00f6relser<br \/>AHARPLUS \u2122 -gummi F\u00f6rb\u00e4ttrar h\u00e5llbarheten<br \/>Innersulan produceras med en l\u00f6sningsteknik som minskar vattenanv\u00e4ndningen med cirka 33% och koldioxidutsl\u00e4ppen med cirka 45% j\u00e4mf\u00f6rt med konventionell f\u00e4rgningsteknik.<\/p>\n<p>Designad f\u00f6r den allroundtennisspelaren som s\u00f6ker en snabb och l\u00e4tt sko som \u00e4r byggd f\u00f6r snabba r\u00f6relser i alla riktningar p\u00e5 tennisbanan eller padelbana.<\/p>\n","protected":false},"excerpt":{"rendered":"<p>Den fiskbensm\u00f6nstrade undersidan g\u00f6r att du f\u00e5r absolut b\u00e4sta grepp p\u00e5 grusbanor och banor med sand p\u00e5 toppen. S\u00e5 dessa sor skall du v\u00e4lja om du k\u00e4nner att det \u00e4 halt p\u00e5 banan eftersom de \u00e4r specifikt framtagna f\u00f6r aatt f\u00e5 b\u00e4sta grepp p\u00e5 grusbanor och banor med mycket sand. Asics forts\u00e4tter att ta fram [&hellip;]<\/p>\n","protected":false},"featured_media":94111,"comment_status":"open","ping_status":"closed","template":"","meta":[],"pwb-brand":[],"product_cat":[38],"product_tag":[],"woo-feed-brand":[],"class_list":{"0":"post-94122","1":"product","2":"type-product","3":"status-publish","4":"has-post-thumbnail","6":"product_cat-herr","7":"pa_varumarke-asics","9":"first","10":"outofstock","11":"sale","12":"taxable","13":"shipping-taxable","14":"purchasable","15":"product-type-variable"},"bundled_by":[],"bundle_stock_status":"outofstock","bundle_stock_quantity":0,"bundle_virtual":false,"bundle_layout":"","bundle_add_to_cart_form_location":"","bundle_editable_in_cart":false,"bundle_sold_individually_context":"","bundle_item_grouping":"","bundle_min_size":"","bundle_max_size":"","bundled_items":[],"bundle_sell_ids":[],"acf":[],"yoast_head":"<!-- This site is optimized with the Yoast SEO plugin v23.1 - https:\/\/yoast.com\/wordpress\/plugins\/seo\/ -->\n<title>Asics Speed FF 3 Koi Clay - Nordic Padel<\/title>\n<meta name=\"robots\" content=\"index, follow, max-snippet:-1, max-image-preview:large, max-video-preview:-1\" \/>\n<link rel=\"canonical\" href=\"https:\/\/nordicpadel.com\/sv\/product\/asics-speed-ff-3-koi-clay\/\" \/>\n<meta property=\"og:locale\" content=\"sv_SE\" \/>\n<meta property=\"og:type\" content=\"article\" \/>\n<meta property=\"og:title\" content=\"Asics Speed FF 3 Koi Clay - Nordic Padel\" \/>\n<meta property=\"og:description\" content=\"Den fiskbensm\u00f6nstrade undersidan g\u00f6r att du f\u00e5r absolut b\u00e4sta grepp p\u00e5 grusbanor och banor med sand p\u00e5 toppen. S\u00e5 dessa sor skall du v\u00e4lja om du k\u00e4nner att det \u00e4 halt p\u00e5 banan eftersom de \u00e4r specifikt framtagna f\u00f6r aatt f\u00e5 b\u00e4sta grepp p\u00e5 grusbanor och banor med mycket sand. Asics forts\u00e4tter att ta fram [&hellip;]\" \/>\n<meta property=\"og:url\" content=\"https:\/\/nordicpadel.com\/sv\/product\/asics-speed-ff-3-koi-clay\/\" \/>\n<meta property=\"og:site_name\" content=\"Nordic Padel\" \/>\n<meta property=\"article:modified_time\" content=\"2026-02-20T10:54:58+00:00\" \/>\n<meta name=\"twitter:card\" content=\"summary_large_image\" \/>\n<meta name=\"twitter:label1\" content=\"Ber\u00e4knad l\u00e4stid\" \/>\n\t<meta name=\"twitter:data1\" content=\"1 minut\" \/>\n<script type=\"application\/ld+json\" class=\"yoast-schema-graph\">{\"@context\":\"https:\/\/schema.org\",\"@graph\":[{\"@type\":\"WebPage\",\"@id\":\"https:\/\/nordicpadel.com\/sv\/product\/asics-speed-ff-3-koi-clay\/\",\"url\":\"https:\/\/nordicpadel.com\/sv\/product\/asics-speed-ff-3-koi-clay\/\",\"name\":\"Asics Speed FF 3 Koi Clay - Nordic Padel\",\"isPartOf\":{\"@id\":\"https:\/\/nordicpadel.com\/sv\/#website\"},\"primaryImageOfPage\":{\"@id\":\"https:\/\/nordicpadel.com\/sv\/product\/asics-speed-ff-3-koi-clay\/#primaryimage\"},\"image\":{\"@id\":\"https:\/\/nordicpadel.com\/sv\/product\/asics-speed-ff-3-koi-clay\/#primaryimage\"},\"thumbnailUrl\":\"https:\/\/nordicpadel.com\/sv\/wp-content\/uploads\/sites\/10\/2025\/11\/a1b4a71717745e56ecfff990418ccf12.png\",\"datePublished\":\"2025-11-26T18:00:29+00:00\",\"dateModified\":\"2026-02-20T10:54:58+00:00\",\"breadcrumb\":{\"@id\":\"https:\/\/nordicpadel.com\/sv\/product\/asics-speed-ff-3-koi-clay\/#breadcrumb\"},\"inLanguage\":\"sv-SE\",\"potentialAction\":[{\"@type\":\"ReadAction\",\"target\":[\"https:\/\/nordicpadel.com\/sv\/product\/asics-speed-ff-3-koi-clay\/\"]}]},{\"@type\":\"ImageObject\",\"inLanguage\":\"sv-SE\",\"@id\":\"https:\/\/nordicpadel.com\/sv\/product\/asics-speed-ff-3-koi-clay\/#primaryimage\",\"url\":\"https:\/\/nordicpadel.com\/sv\/wp-content\/uploads\/sites\/10\/2025\/11\/a1b4a71717745e56ecfff990418ccf12.png\",\"contentUrl\":\"https:\/\/nordicpadel.com\/sv\/wp-content\/uploads\/sites\/10\/2025\/11\/a1b4a71717745e56ecfff990418ccf12.png\",\"width\":800,\"height\":800,\"caption\":\"Asics Speed FF 3 Koi Clay\"},{\"@type\":\"BreadcrumbList\",\"@id\":\"https:\/\/nordicpadel.com\/sv\/product\/asics-speed-ff-3-koi-clay\/#breadcrumb\",\"itemListElement\":[{\"@type\":\"ListItem\",\"position\":1,\"name\":\"Hem\",\"item\":\"https:\/\/nordicpadel.com\/sv\/\"},{\"@type\":\"ListItem\",\"position\":2,\"name\":\"Shop\",\"item\":\"https:\/\/nordicpadel.com\/sv\/shop\/\"},{\"@type\":\"ListItem\",\"position\":3,\"name\":\"Asics Speed FF 3 Koi Clay\"}]},{\"@type\":\"WebSite\",\"@id\":\"https:\/\/nordicpadel.com\/sv\/#website\",\"url\":\"https:\/\/nordicpadel.com\/sv\/\",\"name\":\"Nordic Padel\",\"description\":\"\",\"publisher\":{\"@id\":\"https:\/\/nordicpadel.com\/sv\/#organization\"},\"potentialAction\":[{\"@type\":\"SearchAction\",\"target\":{\"@type\":\"EntryPoint\",\"urlTemplate\":\"https:\/\/nordicpadel.com\/sv\/?s={search_term_string}\"},\"query-input\":\"required name=search_term_string\"}],\"inLanguage\":\"sv-SE\"},{\"@type\":\"Organization\",\"@id\":\"https:\/\/nordicpadel.com\/sv\/#organization\",\"name\":\"Nordic Padel\",\"url\":\"https:\/\/nordicpadel.com\/sv\/\",\"logo\":{\"@type\":\"ImageObject\",\"inLanguage\":\"sv-SE\",\"@id\":\"https:\/\/nordicpadel.com\/sv\/#\/schema\/logo\/image\/\",\"url\":\"https:\/\/nordicpadel.com\/sv\/wp-content\/uploads\/sites\/10\/2022\/12\/Nordic-Padel-small_1-1.png\",\"contentUrl\":\"https:\/\/nordicpadel.com\/sv\/wp-content\/uploads\/sites\/10\/2022\/12\/Nordic-Padel-small_1-1.png\",\"width\":400,\"height\":119,\"caption\":\"Nordic Padel\"},\"image\":{\"@id\":\"https:\/\/nordicpadel.com\/sv\/#\/schema\/logo\/image\/\"}}]}<\/script>\n<!-- \/ Yoast SEO plugin. -->","yoast_head_json":{"title":"Asics Speed FF 3 Koi Clay - Nordic Padel","robots":{"index":"index","follow":"follow","max-snippet":"max-snippet:-1","max-image-preview":"max-image-preview:large","max-video-preview":"max-video-preview:-1"},"canonical":"https:\/\/nordicpadel.com\/sv\/product\/asics-speed-ff-3-koi-clay\/","og_locale":"sv_SE","og_type":"article","og_title":"Asics Speed FF 3 Koi Clay - Nordic Padel","og_description":"Den fiskbensm\u00f6nstrade undersidan g\u00f6r att du f\u00e5r absolut b\u00e4sta grepp p\u00e5 grusbanor och banor med sand p\u00e5 toppen. S\u00e5 dessa sor skall du v\u00e4lja om du k\u00e4nner att det \u00e4 halt p\u00e5 banan eftersom de \u00e4r specifikt framtagna f\u00f6r aatt f\u00e5 b\u00e4sta grepp p\u00e5 grusbanor och banor med mycket sand. Asics forts\u00e4tter att ta fram [&hellip;]","og_url":"https:\/\/nordicpadel.com\/sv\/product\/asics-speed-ff-3-koi-clay\/","og_site_name":"Nordic Padel","article_modified_time":"2026-02-20T10:54:58+00:00","twitter_card":"summary_large_image","twitter_misc":{"Ber\u00e4knad l\u00e4stid":"1 minut"},"schema":{"@context":"https:\/\/schema.org","@graph":[{"@type":"WebPage","@id":"https:\/\/nordicpadel.com\/sv\/product\/asics-speed-ff-3-koi-clay\/","url":"https:\/\/nordicpadel.com\/sv\/product\/asics-speed-ff-3-koi-clay\/","name":"Asics Speed FF 3 Koi Clay - Nordic Padel","isPartOf":{"@id":"https:\/\/nordicpadel.com\/sv\/#website"},"primaryImageOfPage":{"@id":"https:\/\/nordicpadel.com\/sv\/product\/asics-speed-ff-3-koi-clay\/#primaryimage"},"image":{"@id":"https:\/\/nordicpadel.com\/sv\/product\/asics-speed-ff-3-koi-clay\/#primaryimage"},"thumbnailUrl":"https:\/\/nordicpadel.com\/sv\/wp-content\/uploads\/sites\/10\/2025\/11\/a1b4a71717745e56ecfff990418ccf12.png","datePublished":"2025-11-26T18:00:29+00:00","dateModified":"2026-02-20T10:54:58+00:00","breadcrumb":{"@id":"https:\/\/nordicpadel.com\/sv\/product\/asics-speed-ff-3-koi-clay\/#breadcrumb"},"inLanguage":"sv-SE","potentialAction":[{"@type":"ReadAction","target":["https:\/\/nordicpadel.com\/sv\/product\/asics-speed-ff-3-koi-clay\/"]}]},{"@type":"ImageObject","inLanguage":"sv-SE","@id":"https:\/\/nordicpadel.com\/sv\/product\/asics-speed-ff-3-koi-clay\/#primaryimage","url":"https:\/\/nordicpadel.com\/sv\/wp-content\/uploads\/sites\/10\/2025\/11\/a1b4a71717745e56ecfff990418ccf12.png","contentUrl":"https:\/\/nordicpadel.com\/sv\/wp-content\/uploads\/sites\/10\/2025\/11\/a1b4a71717745e56ecfff990418ccf12.png","width":800,"height":800,"caption":"Asics Speed FF 3 Koi Clay"},{"@type":"BreadcrumbList","@id":"https:\/\/nordicpadel.com\/sv\/product\/asics-speed-ff-3-koi-clay\/#breadcrumb","itemListElement":[{"@type":"ListItem","position":1,"name":"Hem","item":"https:\/\/nordicpadel.com\/sv\/"},{"@type":"ListItem","position":2,"name":"Shop","item":"https:\/\/nordicpadel.com\/sv\/shop\/"},{"@type":"ListItem","position":3,"name":"Asics Speed FF 3 Koi Clay"}]},{"@type":"WebSite","@id":"https:\/\/nordicpadel.com\/sv\/#website","url":"https:\/\/nordicpadel.com\/sv\/","name":"Nordic Padel","description":"","publisher":{"@id":"https:\/\/nordicpadel.com\/sv\/#organization"},"potentialAction":[{"@type":"SearchAction","target":{"@type":"EntryPoint","urlTemplate":"https:\/\/nordicpadel.com\/sv\/?s={search_term_string}"},"query-input":"required name=search_term_string"}],"inLanguage":"sv-SE"},{"@type":"Organization","@id":"https:\/\/nordicpadel.com\/sv\/#organization","name":"Nordic Padel","url":"https:\/\/nordicpadel.com\/sv\/","logo":{"@type":"ImageObject","inLanguage":"sv-SE","@id":"https:\/\/nordicpadel.com\/sv\/#\/schema\/logo\/image\/","url":"https:\/\/nordicpadel.com\/sv\/wp-content\/uploads\/sites\/10\/2022\/12\/Nordic-Padel-small_1-1.png","contentUrl":"https:\/\/nordicpadel.com\/sv\/wp-content\/uploads\/sites\/10\/2022\/12\/Nordic-Padel-small_1-1.png","width":400,"height":119,"caption":"Nordic Padel"},"image":{"@id":"https:\/\/nordicpadel.com\/sv\/#\/schema\/logo\/image\/"}}]}},"brands":[],"_links":{"self":[{"href":"https:\/\/nordicpadel.com\/sv\/wp-json\/wp\/v2\/product\/94122","targetHints":{"allow":["GET"]}}],"collection":[{"href":"https:\/\/nordicpadel.com\/sv\/wp-json\/wp\/v2\/product"}],"about":[{"href":"https:\/\/nordicpadel.com\/sv\/wp-json\/wp\/v2\/types\/product"}],"replies":[{"embeddable":true,"href":"https:\/\/nordicpadel.com\/sv\/wp-json\/wp\/v2\/comments?post=94122"}],"wp:featuredmedia":[{"embeddable":true,"href":"https:\/\/nordicpadel.com\/sv\/wp-json\/wp\/v2\/media\/94111"}],"wp:attachment":[{"href":"https:\/\/nordicpadel.com\/sv\/wp-json\/wp\/v2\/media?parent=94122"}],"wp:term":[{"taxonomy":"pwb-brand","embeddable":true,"href":"https:\/\/nordicpadel.com\/sv\/wp-json\/wp\/v2\/pwb-brand?post=94122"},{"taxonomy":"product_cat","embeddable":true,"href":"https:\/\/nordicpadel.com\/sv\/wp-json\/wp\/v2\/product_cat?post=94122"},{"taxonomy":"product_tag","embeddable":true,"href":"https:\/\/nordicpadel.com\/sv\/wp-json\/wp\/v2\/product_tag?post=94122"},{"taxonomy":"woo-feed-brand","embeddable":true,"href":"https:\/\/nordicpadel.com\/sv\/wp-json\/wp\/v2\/woo-feed-brand?post=94122"}],"curies":[{"name":"wp","href":"https:\/\/api.w.org\/{rel}","templated":true}]}}