{"id":94089,"date":"2025-11-26T19:00:19","date_gmt":"2025-11-26T18:00:19","guid":{"rendered":"https:\/\/nordicpadel.com\/sv\/product\/babolat-veron-air-3\/"},"modified":"2025-11-28T18:10:32","modified_gmt":"2025-11-28T17:10:32","slug":"babolat-veron-air-3","status":"publish","type":"product","link":"https:\/\/nordicpadel.com\/sv\/product\/babolat-veron-air-3\/","title":{"rendered":"Babolat Veron Air"},"content":{"rendered":"<p>F\u00f6r spelaren som redan har uppt\u00e4ckt Veron-serien kommer h\u00e4r en uppdaterad, \u00e4nnu b\u00e4ttre version. F\u00f6r den som \u00e4nnu inte provat, uppt\u00e4ck nya Veron Air 2024 nu!<\/p>\n<p>Veron \u00e4r de rack fr\u00e5n Babolat med allra bredast m\u00e5lgrupp, detta tack vare sin innovativa design. Med den innovativa Carbon Flex Technology utnyttjar Babolat f\u00f6rdelarna med tv\u00e5 material f\u00f6r att hitta en perfekt kombination mellan fart och tillg\u00e4nglighet. Resultatet \u00e4r ett mer f\u00f6rl\u00e5tande racket som enklare ger spelaren fart p\u00e5 bollen.<\/p>\n<p>Veron Air \u00e4r framtagen f\u00f6r en ny typ av spelare, de som utnyttjar sin snabbhet \u00f6ver hela banan. F\u00f6r att kunna utnyttja sin spelstil beh\u00f6ver de ett racket som \u00e4r lika snabbt. Ett unikt utformat rackethuvud med slimmad design tillsammans med en l\u00e4ttare vikt resulterar i ett otroligt snabbt racket. Tack vare att tr\u00e4ffytan best\u00e5r av b\u00e5de karbon och glasfiber \u00f6kar sweetspot och spelaren f\u00e5r enklare tillg\u00e5ng till fart fr\u00e5n racket.<\/p>\n<p>VIBRASORB SYSTEM 2<br \/>\nSedan tidigare har Babolat implementerat ett d\u00e4mpningssystem f\u00f6r att minimera vibrationer i racket som kan leda till skador. Med nya uppdaterade Vibrasorb System2 reduceras vibrationerna ytterligare f\u00f6r att ge mer k\u00e4nsla, ut\u00f6kad komfort och mindre st\u00f6tar i slagen.<\/p>\n<p>CARBON FLEX TECHNOLOGY<br \/>\nEn innovativ tr\u00e4ffyta d\u00e4r karbon och glasfiber har v\u00e4vts samman f\u00f6r att kombinera f\u00f6rdelarna med de tv\u00e5 materialen: karbon som bidrar med explosiv fart samt glasfiber som ger en mer l\u00e4ttillg\u00e4nglig fart. Carbon Flex Technology ger den perfekta blandningen f\u00f6r att skapa ett mer mjuk och flexibelt rack som ger en dynamisk fart.<\/p>\n<p>3D SPIN<br \/>\nTr\u00e4ffytan p\u00e5 racket har ett r\u00e4fflat m\u00f6nster. Med 3D Spin f\u00e5r spelaren mer grepp p\u00e5 bollen och en ut\u00f6kad spinn.<\/p>\n<p>HPS TECHNOLOGY<br \/>\nLikt tidigare modeller fr\u00e5n Babolat \u00e4r Veron Technical designad med HPS-Technology. Hole Pattern-System ger mer fart och kontroll tack vare att de borrade h\u00e5len i racket \u00e4r anpassade efter rackets form och sweetspot. Detta ger mer effekt i slagen f\u00f6r mer fart och mer grepp p\u00e5 bollen f\u00f6r ut\u00f6kad spinn.<\/p>\n<p>SMART BUTTCAP<br \/>\nYtterligare en nyhet \u00e4r m\u00f6jligheten att ta av och byta handledsrem p\u00e5 racket. Oavsett om du vill byta f\u00e4rg eller l\u00e4gga det i tv\u00e4ttmaskinen tar det inte mer \u00e4n n\u00e5gra sekunder att ta av eller s\u00e4tta p\u00e5 ett nytt.<\/p>\n","protected":false},"excerpt":{"rendered":"<p>F\u00f6r spelaren som redan har uppt\u00e4ckt Veron-serien kommer h\u00e4r en uppdaterad, \u00e4nnu b\u00e4ttre version. F\u00f6r den som \u00e4nnu inte provat, uppt\u00e4ck nya Veron Air 2024 nu! Veron \u00e4r de rack fr\u00e5n Babolat med allra bredast m\u00e5lgrupp, detta tack vare sin innovativa design. Med den innovativa Carbon Flex Technology utnyttjar Babolat f\u00f6rdelarna med tv\u00e5 material f\u00f6r [&hellip;]<\/p>\n","protected":false},"featured_media":94034,"comment_status":"open","ping_status":"closed","template":"","meta":[],"pwb-brand":[],"product_cat":[456],"product_tag":[],"woo-feed-brand":[],"class_list":{"0":"post-94089","1":"product","2":"type-product","3":"status-publish","4":"has-post-thumbnail","6":"product_cat-babolat","7":"pa_varumarke-babolat","9":"first","10":"outofstock","11":"sale","12":"taxable","13":"shipping-taxable","14":"purchasable","15":"product-type-simple"},"bundled_by":[],"bundle_stock_status":"outofstock","bundle_stock_quantity":0,"bundle_virtual":false,"bundle_layout":"","bundle_add_to_cart_form_location":"","bundle_editable_in_cart":false,"bundle_sold_individually_context":"","bundle_item_grouping":"","bundle_min_size":"","bundle_max_size":"","bundled_items":[],"bundle_sell_ids":[],"acf":[],"yoast_head":"<!-- This site is optimized with the Yoast SEO plugin v23.1 - https:\/\/yoast.com\/wordpress\/plugins\/seo\/ -->\n<title>Babolat Veron Air - Nordic Padel<\/title>\n<meta name=\"robots\" content=\"index, follow, max-snippet:-1, max-image-preview:large, max-video-preview:-1\" \/>\n<link rel=\"canonical\" href=\"https:\/\/nordicpadel.com\/sv\/product\/babolat-veron-air-3\/\" \/>\n<meta property=\"og:locale\" content=\"sv_SE\" \/>\n<meta property=\"og:type\" content=\"article\" \/>\n<meta property=\"og:title\" content=\"Babolat Veron Air - Nordic Padel\" \/>\n<meta property=\"og:description\" content=\"F\u00f6r spelaren som redan har uppt\u00e4ckt Veron-serien kommer h\u00e4r en uppdaterad, \u00e4nnu b\u00e4ttre version. F\u00f6r den som \u00e4nnu inte provat, uppt\u00e4ck nya Veron Air 2024 nu! Veron \u00e4r de rack fr\u00e5n Babolat med allra bredast m\u00e5lgrupp, detta tack vare sin innovativa design. Med den innovativa Carbon Flex Technology utnyttjar Babolat f\u00f6rdelarna med tv\u00e5 material f\u00f6r [&hellip;]\" \/>\n<meta property=\"og:url\" content=\"https:\/\/nordicpadel.com\/sv\/product\/babolat-veron-air-3\/\" \/>\n<meta property=\"og:site_name\" content=\"Nordic Padel\" \/>\n<meta property=\"article:modified_time\" content=\"2025-11-28T17:10:32+00:00\" \/>\n<meta name=\"twitter:card\" content=\"summary_large_image\" \/>\n<meta name=\"twitter:label1\" content=\"Ber\u00e4knad l\u00e4stid\" \/>\n\t<meta name=\"twitter:data1\" content=\"2 minuter\" \/>\n<script type=\"application\/ld+json\" class=\"yoast-schema-graph\">{\"@context\":\"https:\/\/schema.org\",\"@graph\":[{\"@type\":\"WebPage\",\"@id\":\"https:\/\/nordicpadel.com\/sv\/product\/babolat-veron-air-3\/\",\"url\":\"https:\/\/nordicpadel.com\/sv\/product\/babolat-veron-air-3\/\",\"name\":\"Babolat Veron Air - Nordic Padel\",\"isPartOf\":{\"@id\":\"https:\/\/nordicpadel.com\/sv\/#website\"},\"primaryImageOfPage\":{\"@id\":\"https:\/\/nordicpadel.com\/sv\/product\/babolat-veron-air-3\/#primaryimage\"},\"image\":{\"@id\":\"https:\/\/nordicpadel.com\/sv\/product\/babolat-veron-air-3\/#primaryimage\"},\"thumbnailUrl\":\"https:\/\/nordicpadel.com\/sv\/wp-content\/uploads\/sites\/10\/2025\/11\/649f0465edcbbce3efba451f0ae53742.png\",\"datePublished\":\"2025-11-26T18:00:19+00:00\",\"dateModified\":\"2025-11-28T17:10:32+00:00\",\"breadcrumb\":{\"@id\":\"https:\/\/nordicpadel.com\/sv\/product\/babolat-veron-air-3\/#breadcrumb\"},\"inLanguage\":\"sv-SE\",\"potentialAction\":[{\"@type\":\"ReadAction\",\"target\":[\"https:\/\/nordicpadel.com\/sv\/product\/babolat-veron-air-3\/\"]}]},{\"@type\":\"ImageObject\",\"inLanguage\":\"sv-SE\",\"@id\":\"https:\/\/nordicpadel.com\/sv\/product\/babolat-veron-air-3\/#primaryimage\",\"url\":\"https:\/\/nordicpadel.com\/sv\/wp-content\/uploads\/sites\/10\/2025\/11\/649f0465edcbbce3efba451f0ae53742.png\",\"contentUrl\":\"https:\/\/nordicpadel.com\/sv\/wp-content\/uploads\/sites\/10\/2025\/11\/649f0465edcbbce3efba451f0ae53742.png\",\"width\":800,\"height\":800,\"caption\":\"Babolat Veron Air\"},{\"@type\":\"BreadcrumbList\",\"@id\":\"https:\/\/nordicpadel.com\/sv\/product\/babolat-veron-air-3\/#breadcrumb\",\"itemListElement\":[{\"@type\":\"ListItem\",\"position\":1,\"name\":\"Hem\",\"item\":\"https:\/\/nordicpadel.com\/sv\/\"},{\"@type\":\"ListItem\",\"position\":2,\"name\":\"Shop\",\"item\":\"https:\/\/nordicpadel.com\/sv\/shop\/\"},{\"@type\":\"ListItem\",\"position\":3,\"name\":\"Babolat Veron Air\"}]},{\"@type\":\"WebSite\",\"@id\":\"https:\/\/nordicpadel.com\/sv\/#website\",\"url\":\"https:\/\/nordicpadel.com\/sv\/\",\"name\":\"Nordic Padel\",\"description\":\"\",\"publisher\":{\"@id\":\"https:\/\/nordicpadel.com\/sv\/#organization\"},\"potentialAction\":[{\"@type\":\"SearchAction\",\"target\":{\"@type\":\"EntryPoint\",\"urlTemplate\":\"https:\/\/nordicpadel.com\/sv\/?s={search_term_string}\"},\"query-input\":\"required name=search_term_string\"}],\"inLanguage\":\"sv-SE\"},{\"@type\":\"Organization\",\"@id\":\"https:\/\/nordicpadel.com\/sv\/#organization\",\"name\":\"Nordic Padel\",\"url\":\"https:\/\/nordicpadel.com\/sv\/\",\"logo\":{\"@type\":\"ImageObject\",\"inLanguage\":\"sv-SE\",\"@id\":\"https:\/\/nordicpadel.com\/sv\/#\/schema\/logo\/image\/\",\"url\":\"https:\/\/nordicpadel.com\/sv\/wp-content\/uploads\/sites\/10\/2022\/12\/Nordic-Padel-small_1-1.png\",\"contentUrl\":\"https:\/\/nordicpadel.com\/sv\/wp-content\/uploads\/sites\/10\/2022\/12\/Nordic-Padel-small_1-1.png\",\"width\":400,\"height\":119,\"caption\":\"Nordic Padel\"},\"image\":{\"@id\":\"https:\/\/nordicpadel.com\/sv\/#\/schema\/logo\/image\/\"}}]}<\/script>\n<!-- \/ Yoast SEO plugin. -->","yoast_head_json":{"title":"Babolat Veron Air - Nordic Padel","robots":{"index":"index","follow":"follow","max-snippet":"max-snippet:-1","max-image-preview":"max-image-preview:large","max-video-preview":"max-video-preview:-1"},"canonical":"https:\/\/nordicpadel.com\/sv\/product\/babolat-veron-air-3\/","og_locale":"sv_SE","og_type":"article","og_title":"Babolat Veron Air - Nordic Padel","og_description":"F\u00f6r spelaren som redan har uppt\u00e4ckt Veron-serien kommer h\u00e4r en uppdaterad, \u00e4nnu b\u00e4ttre version. F\u00f6r den som \u00e4nnu inte provat, uppt\u00e4ck nya Veron Air 2024 nu! Veron \u00e4r de rack fr\u00e5n Babolat med allra bredast m\u00e5lgrupp, detta tack vare sin innovativa design. Med den innovativa Carbon Flex Technology utnyttjar Babolat f\u00f6rdelarna med tv\u00e5 material f\u00f6r [&hellip;]","og_url":"https:\/\/nordicpadel.com\/sv\/product\/babolat-veron-air-3\/","og_site_name":"Nordic Padel","article_modified_time":"2025-11-28T17:10:32+00:00","twitter_card":"summary_large_image","twitter_misc":{"Ber\u00e4knad l\u00e4stid":"2 minuter"},"schema":{"@context":"https:\/\/schema.org","@graph":[{"@type":"WebPage","@id":"https:\/\/nordicpadel.com\/sv\/product\/babolat-veron-air-3\/","url":"https:\/\/nordicpadel.com\/sv\/product\/babolat-veron-air-3\/","name":"Babolat Veron Air - Nordic Padel","isPartOf":{"@id":"https:\/\/nordicpadel.com\/sv\/#website"},"primaryImageOfPage":{"@id":"https:\/\/nordicpadel.com\/sv\/product\/babolat-veron-air-3\/#primaryimage"},"image":{"@id":"https:\/\/nordicpadel.com\/sv\/product\/babolat-veron-air-3\/#primaryimage"},"thumbnailUrl":"https:\/\/nordicpadel.com\/sv\/wp-content\/uploads\/sites\/10\/2025\/11\/649f0465edcbbce3efba451f0ae53742.png","datePublished":"2025-11-26T18:00:19+00:00","dateModified":"2025-11-28T17:10:32+00:00","breadcrumb":{"@id":"https:\/\/nordicpadel.com\/sv\/product\/babolat-veron-air-3\/#breadcrumb"},"inLanguage":"sv-SE","potentialAction":[{"@type":"ReadAction","target":["https:\/\/nordicpadel.com\/sv\/product\/babolat-veron-air-3\/"]}]},{"@type":"ImageObject","inLanguage":"sv-SE","@id":"https:\/\/nordicpadel.com\/sv\/product\/babolat-veron-air-3\/#primaryimage","url":"https:\/\/nordicpadel.com\/sv\/wp-content\/uploads\/sites\/10\/2025\/11\/649f0465edcbbce3efba451f0ae53742.png","contentUrl":"https:\/\/nordicpadel.com\/sv\/wp-content\/uploads\/sites\/10\/2025\/11\/649f0465edcbbce3efba451f0ae53742.png","width":800,"height":800,"caption":"Babolat Veron Air"},{"@type":"BreadcrumbList","@id":"https:\/\/nordicpadel.com\/sv\/product\/babolat-veron-air-3\/#breadcrumb","itemListElement":[{"@type":"ListItem","position":1,"name":"Hem","item":"https:\/\/nordicpadel.com\/sv\/"},{"@type":"ListItem","position":2,"name":"Shop","item":"https:\/\/nordicpadel.com\/sv\/shop\/"},{"@type":"ListItem","position":3,"name":"Babolat Veron Air"}]},{"@type":"WebSite","@id":"https:\/\/nordicpadel.com\/sv\/#website","url":"https:\/\/nordicpadel.com\/sv\/","name":"Nordic Padel","description":"","publisher":{"@id":"https:\/\/nordicpadel.com\/sv\/#organization"},"potentialAction":[{"@type":"SearchAction","target":{"@type":"EntryPoint","urlTemplate":"https:\/\/nordicpadel.com\/sv\/?s={search_term_string}"},"query-input":"required name=search_term_string"}],"inLanguage":"sv-SE"},{"@type":"Organization","@id":"https:\/\/nordicpadel.com\/sv\/#organization","name":"Nordic Padel","url":"https:\/\/nordicpadel.com\/sv\/","logo":{"@type":"ImageObject","inLanguage":"sv-SE","@id":"https:\/\/nordicpadel.com\/sv\/#\/schema\/logo\/image\/","url":"https:\/\/nordicpadel.com\/sv\/wp-content\/uploads\/sites\/10\/2022\/12\/Nordic-Padel-small_1-1.png","contentUrl":"https:\/\/nordicpadel.com\/sv\/wp-content\/uploads\/sites\/10\/2022\/12\/Nordic-Padel-small_1-1.png","width":400,"height":119,"caption":"Nordic Padel"},"image":{"@id":"https:\/\/nordicpadel.com\/sv\/#\/schema\/logo\/image\/"}}]}},"brands":[],"_links":{"self":[{"href":"https:\/\/nordicpadel.com\/sv\/wp-json\/wp\/v2\/product\/94089","targetHints":{"allow":["GET"]}}],"collection":[{"href":"https:\/\/nordicpadel.com\/sv\/wp-json\/wp\/v2\/product"}],"about":[{"href":"https:\/\/nordicpadel.com\/sv\/wp-json\/wp\/v2\/types\/product"}],"replies":[{"embeddable":true,"href":"https:\/\/nordicpadel.com\/sv\/wp-json\/wp\/v2\/comments?post=94089"}],"wp:featuredmedia":[{"embeddable":true,"href":"https:\/\/nordicpadel.com\/sv\/wp-json\/wp\/v2\/media\/94034"}],"wp:attachment":[{"href":"https:\/\/nordicpadel.com\/sv\/wp-json\/wp\/v2\/media?parent=94089"}],"wp:term":[{"taxonomy":"pwb-brand","embeddable":true,"href":"https:\/\/nordicpadel.com\/sv\/wp-json\/wp\/v2\/pwb-brand?post=94089"},{"taxonomy":"product_cat","embeddable":true,"href":"https:\/\/nordicpadel.com\/sv\/wp-json\/wp\/v2\/product_cat?post=94089"},{"taxonomy":"product_tag","embeddable":true,"href":"https:\/\/nordicpadel.com\/sv\/wp-json\/wp\/v2\/product_tag?post=94089"},{"taxonomy":"woo-feed-brand","embeddable":true,"href":"https:\/\/nordicpadel.com\/sv\/wp-json\/wp\/v2\/woo-feed-brand?post=94089"}],"curies":[{"name":"wp","href":"https:\/\/api.w.org\/{rel}","templated":true}]}}