{"id":94020,"date":"2025-11-26T18:59:54","date_gmt":"2025-11-26T17:59:54","guid":{"rendered":"https:\/\/nordicpadel.com\/sv\/product\/babolat-jet-tere-clay-2\/"},"modified":"2026-02-20T11:54:51","modified_gmt":"2026-02-20T10:54:51","slug":"babolat-jet-tere-clay-2","status":"publish","type":"product","link":"https:\/\/nordicpadel.com\/sv\/product\/babolat-jet-tere-clay-2\/","title":{"rendered":"Babolat Jet Tere Clay"},"content":{"rendered":"<p>\u00c4r du en ganska snabb och smidig spelare som letar efter en ultral\u00e4tt tennisskomodell f\u00f6r att g\u00f6ra dina r\u00f6relser l\u00e4ttare? Den nya Jet Tere 2 \u00e4r gjord f\u00f6r dig. Med sina 320 gram* \u00e4r det den l\u00e4ttaste modellen i Babolats sortiment. Med den fiskbensm\u00f6nstrade undersulan f\u00e5r du maximalt grepp p\u00e5 banor med grus och sand.<\/p>\n<p>F\u00f6rdelar<\/p>\n<p>L\u00c4TTHET<br \/>Tack vare sin raffinerade ovansida och mycket luftiga mesh \u00e4r Jet Tere 2 s\u00e5 l\u00e4tt (320g i storlek 42,5 Eur) att du kommer att ha k\u00e4nslan av att bli ett med skon, oavsett dina r\u00f6relser. De laterala f\u00f6rst\u00e4rkningarna integrerade p\u00e5 utsidan och insidan av skon ger st\u00f6rre stabilitet och st\u00f6d samtidigt som den h\u00e4r modellen \u00e4r ultral\u00e4tt.<\/p>\n<p>KOMFORT<br \/>Ovandelens flexibilitet i kombination med mycket andningsbart mesh ger en andra hudk\u00e4nsla oavsett fotens omr\u00e5de. F\u00f6r att ge dig \u00e4nnu b\u00e4ttre d\u00e4mpning vid varje steg \u00e4r mellansulan nu 5 % tjockare. Resultat: o\u00f6vertr\u00e4ffad komfort n\u00e4r Jet Tere 2 \u00e4r p\u00e5 f\u00f6tterna.<\/p>\n<p>H\u00c5LLBARHET<br \/>F\u00f6r att f\u00f6rb\u00e4ttra h\u00e5llbarheten och f\u00f6rl\u00e4nga livsl\u00e4ngden p\u00e5 dessa skor har Babolat \u00f6kat tjockleken p\u00e5 yttersulan i de omr\u00e5den som anv\u00e4nds mest vid f\u00f6rflyttning. JET Tere 2-sulan i kombination med Michelin-teknik ger \u00f6kad h\u00e5llbarhet f\u00f6r att minska slitage kopplat till specifika tennisr\u00f6relser.<\/p>\n","protected":false},"excerpt":{"rendered":"<p>\u00c4r du en ganska snabb och smidig spelare som letar efter en ultral\u00e4tt tennisskomodell f\u00f6r att g\u00f6ra dina r\u00f6relser l\u00e4ttare? Den nya Jet Tere 2 \u00e4r gjord f\u00f6r dig. Med sina 320 gram* \u00e4r det den l\u00e4ttaste modellen i Babolats sortiment. Med den fiskbensm\u00f6nstrade undersulan f\u00e5r du maximalt grepp p\u00e5 banor med grus och sand. [&hellip;]<\/p>\n","protected":false},"featured_media":93972,"comment_status":"open","ping_status":"closed","template":"","meta":[],"pwb-brand":[],"product_cat":[456,38],"product_tag":[],"woo-feed-brand":[],"class_list":{"0":"post-94020","1":"product","2":"type-product","3":"status-publish","4":"has-post-thumbnail","6":"product_cat-babolat","7":"product_cat-herr","8":"pa_varumarke-babolat","10":"first","11":"instock","12":"sale","13":"taxable","14":"shipping-taxable","15":"purchasable","16":"product-type-variable"},"bundled_by":[],"bundle_stock_status":"instock","bundle_stock_quantity":8,"bundle_virtual":false,"bundle_layout":"","bundle_add_to_cart_form_location":"","bundle_editable_in_cart":false,"bundle_sold_individually_context":"","bundle_item_grouping":"","bundle_min_size":"","bundle_max_size":"","bundled_items":[],"bundle_sell_ids":[],"acf":[],"yoast_head":"<!-- This site is optimized with the Yoast SEO plugin v23.1 - https:\/\/yoast.com\/wordpress\/plugins\/seo\/ -->\n<title>Babolat Jet Tere Clay - Nordic Padel<\/title>\n<meta name=\"robots\" content=\"index, follow, max-snippet:-1, max-image-preview:large, max-video-preview:-1\" \/>\n<link rel=\"canonical\" href=\"https:\/\/nordicpadel.com\/sv\/product\/babolat-jet-tere-clay-2\/\" \/>\n<meta property=\"og:locale\" content=\"sv_SE\" \/>\n<meta property=\"og:type\" content=\"article\" \/>\n<meta property=\"og:title\" content=\"Babolat Jet Tere Clay - Nordic Padel\" \/>\n<meta property=\"og:description\" content=\"\u00c4r du en ganska snabb och smidig spelare som letar efter en ultral\u00e4tt tennisskomodell f\u00f6r att g\u00f6ra dina r\u00f6relser l\u00e4ttare? Den nya Jet Tere 2 \u00e4r gjord f\u00f6r dig. Med sina 320 gram* \u00e4r det den l\u00e4ttaste modellen i Babolats sortiment. Med den fiskbensm\u00f6nstrade undersulan f\u00e5r du maximalt grepp p\u00e5 banor med grus och sand. [&hellip;]\" \/>\n<meta property=\"og:url\" content=\"https:\/\/nordicpadel.com\/sv\/product\/babolat-jet-tere-clay-2\/\" \/>\n<meta property=\"og:site_name\" content=\"Nordic Padel\" \/>\n<meta property=\"article:modified_time\" content=\"2026-02-20T10:54:51+00:00\" \/>\n<meta property=\"og:image\" content=\"https:\/\/nordicpadel.com\/sv\/wp-content\/uploads\/sites\/10\/2025\/11\/0076f631e08ea5833f6b0857b6a79194.png\" \/>\n\t<meta property=\"og:image:width\" content=\"800\" \/>\n\t<meta property=\"og:image:height\" content=\"800\" \/>\n\t<meta property=\"og:image:type\" content=\"image\/png\" \/>\n<meta name=\"twitter:card\" content=\"summary_large_image\" \/>\n<meta name=\"twitter:label1\" content=\"Ber\u00e4knad l\u00e4stid\" \/>\n\t<meta name=\"twitter:data1\" content=\"1 minut\" \/>\n<script type=\"application\/ld+json\" class=\"yoast-schema-graph\">{\"@context\":\"https:\/\/schema.org\",\"@graph\":[{\"@type\":\"WebPage\",\"@id\":\"https:\/\/nordicpadel.com\/sv\/product\/babolat-jet-tere-clay-2\/\",\"url\":\"https:\/\/nordicpadel.com\/sv\/product\/babolat-jet-tere-clay-2\/\",\"name\":\"Babolat Jet Tere Clay - Nordic Padel\",\"isPartOf\":{\"@id\":\"https:\/\/nordicpadel.com\/sv\/#website\"},\"primaryImageOfPage\":{\"@id\":\"https:\/\/nordicpadel.com\/sv\/product\/babolat-jet-tere-clay-2\/#primaryimage\"},\"image\":{\"@id\":\"https:\/\/nordicpadel.com\/sv\/product\/babolat-jet-tere-clay-2\/#primaryimage\"},\"thumbnailUrl\":\"https:\/\/nordicpadel.com\/sv\/wp-content\/uploads\/sites\/10\/2025\/11\/0076f631e08ea5833f6b0857b6a79194.png\",\"datePublished\":\"2025-11-26T17:59:54+00:00\",\"dateModified\":\"2026-02-20T10:54:51+00:00\",\"breadcrumb\":{\"@id\":\"https:\/\/nordicpadel.com\/sv\/product\/babolat-jet-tere-clay-2\/#breadcrumb\"},\"inLanguage\":\"sv-SE\",\"potentialAction\":[{\"@type\":\"ReadAction\",\"target\":[\"https:\/\/nordicpadel.com\/sv\/product\/babolat-jet-tere-clay-2\/\"]}]},{\"@type\":\"ImageObject\",\"inLanguage\":\"sv-SE\",\"@id\":\"https:\/\/nordicpadel.com\/sv\/product\/babolat-jet-tere-clay-2\/#primaryimage\",\"url\":\"https:\/\/nordicpadel.com\/sv\/wp-content\/uploads\/sites\/10\/2025\/11\/0076f631e08ea5833f6b0857b6a79194.png\",\"contentUrl\":\"https:\/\/nordicpadel.com\/sv\/wp-content\/uploads\/sites\/10\/2025\/11\/0076f631e08ea5833f6b0857b6a79194.png\",\"width\":800,\"height\":800,\"caption\":\"Babolat Jet Tere Clay\"},{\"@type\":\"BreadcrumbList\",\"@id\":\"https:\/\/nordicpadel.com\/sv\/product\/babolat-jet-tere-clay-2\/#breadcrumb\",\"itemListElement\":[{\"@type\":\"ListItem\",\"position\":1,\"name\":\"Hem\",\"item\":\"https:\/\/nordicpadel.com\/sv\/\"},{\"@type\":\"ListItem\",\"position\":2,\"name\":\"Shop\",\"item\":\"https:\/\/nordicpadel.com\/sv\/shop\/\"},{\"@type\":\"ListItem\",\"position\":3,\"name\":\"Babolat Jet Tere Clay\"}]},{\"@type\":\"WebSite\",\"@id\":\"https:\/\/nordicpadel.com\/sv\/#website\",\"url\":\"https:\/\/nordicpadel.com\/sv\/\",\"name\":\"Nordic Padel\",\"description\":\"\",\"publisher\":{\"@id\":\"https:\/\/nordicpadel.com\/sv\/#organization\"},\"potentialAction\":[{\"@type\":\"SearchAction\",\"target\":{\"@type\":\"EntryPoint\",\"urlTemplate\":\"https:\/\/nordicpadel.com\/sv\/?s={search_term_string}\"},\"query-input\":\"required name=search_term_string\"}],\"inLanguage\":\"sv-SE\"},{\"@type\":\"Organization\",\"@id\":\"https:\/\/nordicpadel.com\/sv\/#organization\",\"name\":\"Nordic Padel\",\"url\":\"https:\/\/nordicpadel.com\/sv\/\",\"logo\":{\"@type\":\"ImageObject\",\"inLanguage\":\"sv-SE\",\"@id\":\"https:\/\/nordicpadel.com\/sv\/#\/schema\/logo\/image\/\",\"url\":\"https:\/\/nordicpadel.com\/sv\/wp-content\/uploads\/sites\/10\/2022\/12\/Nordic-Padel-small_1-1.png\",\"contentUrl\":\"https:\/\/nordicpadel.com\/sv\/wp-content\/uploads\/sites\/10\/2022\/12\/Nordic-Padel-small_1-1.png\",\"width\":400,\"height\":119,\"caption\":\"Nordic Padel\"},\"image\":{\"@id\":\"https:\/\/nordicpadel.com\/sv\/#\/schema\/logo\/image\/\"}}]}<\/script>\n<!-- \/ Yoast SEO plugin. -->","yoast_head_json":{"title":"Babolat Jet Tere Clay - Nordic Padel","robots":{"index":"index","follow":"follow","max-snippet":"max-snippet:-1","max-image-preview":"max-image-preview:large","max-video-preview":"max-video-preview:-1"},"canonical":"https:\/\/nordicpadel.com\/sv\/product\/babolat-jet-tere-clay-2\/","og_locale":"sv_SE","og_type":"article","og_title":"Babolat Jet Tere Clay - Nordic Padel","og_description":"\u00c4r du en ganska snabb och smidig spelare som letar efter en ultral\u00e4tt tennisskomodell f\u00f6r att g\u00f6ra dina r\u00f6relser l\u00e4ttare? Den nya Jet Tere 2 \u00e4r gjord f\u00f6r dig. Med sina 320 gram* \u00e4r det den l\u00e4ttaste modellen i Babolats sortiment. Med den fiskbensm\u00f6nstrade undersulan f\u00e5r du maximalt grepp p\u00e5 banor med grus och sand. [&hellip;]","og_url":"https:\/\/nordicpadel.com\/sv\/product\/babolat-jet-tere-clay-2\/","og_site_name":"Nordic Padel","article_modified_time":"2026-02-20T10:54:51+00:00","og_image":[{"width":800,"height":800,"url":"https:\/\/nordicpadel.com\/sv\/wp-content\/uploads\/sites\/10\/2025\/11\/0076f631e08ea5833f6b0857b6a79194.png","type":"image\/png"}],"twitter_card":"summary_large_image","twitter_misc":{"Ber\u00e4knad l\u00e4stid":"1 minut"},"schema":{"@context":"https:\/\/schema.org","@graph":[{"@type":"WebPage","@id":"https:\/\/nordicpadel.com\/sv\/product\/babolat-jet-tere-clay-2\/","url":"https:\/\/nordicpadel.com\/sv\/product\/babolat-jet-tere-clay-2\/","name":"Babolat Jet Tere Clay - Nordic Padel","isPartOf":{"@id":"https:\/\/nordicpadel.com\/sv\/#website"},"primaryImageOfPage":{"@id":"https:\/\/nordicpadel.com\/sv\/product\/babolat-jet-tere-clay-2\/#primaryimage"},"image":{"@id":"https:\/\/nordicpadel.com\/sv\/product\/babolat-jet-tere-clay-2\/#primaryimage"},"thumbnailUrl":"https:\/\/nordicpadel.com\/sv\/wp-content\/uploads\/sites\/10\/2025\/11\/0076f631e08ea5833f6b0857b6a79194.png","datePublished":"2025-11-26T17:59:54+00:00","dateModified":"2026-02-20T10:54:51+00:00","breadcrumb":{"@id":"https:\/\/nordicpadel.com\/sv\/product\/babolat-jet-tere-clay-2\/#breadcrumb"},"inLanguage":"sv-SE","potentialAction":[{"@type":"ReadAction","target":["https:\/\/nordicpadel.com\/sv\/product\/babolat-jet-tere-clay-2\/"]}]},{"@type":"ImageObject","inLanguage":"sv-SE","@id":"https:\/\/nordicpadel.com\/sv\/product\/babolat-jet-tere-clay-2\/#primaryimage","url":"https:\/\/nordicpadel.com\/sv\/wp-content\/uploads\/sites\/10\/2025\/11\/0076f631e08ea5833f6b0857b6a79194.png","contentUrl":"https:\/\/nordicpadel.com\/sv\/wp-content\/uploads\/sites\/10\/2025\/11\/0076f631e08ea5833f6b0857b6a79194.png","width":800,"height":800,"caption":"Babolat Jet Tere Clay"},{"@type":"BreadcrumbList","@id":"https:\/\/nordicpadel.com\/sv\/product\/babolat-jet-tere-clay-2\/#breadcrumb","itemListElement":[{"@type":"ListItem","position":1,"name":"Hem","item":"https:\/\/nordicpadel.com\/sv\/"},{"@type":"ListItem","position":2,"name":"Shop","item":"https:\/\/nordicpadel.com\/sv\/shop\/"},{"@type":"ListItem","position":3,"name":"Babolat Jet Tere Clay"}]},{"@type":"WebSite","@id":"https:\/\/nordicpadel.com\/sv\/#website","url":"https:\/\/nordicpadel.com\/sv\/","name":"Nordic Padel","description":"","publisher":{"@id":"https:\/\/nordicpadel.com\/sv\/#organization"},"potentialAction":[{"@type":"SearchAction","target":{"@type":"EntryPoint","urlTemplate":"https:\/\/nordicpadel.com\/sv\/?s={search_term_string}"},"query-input":"required name=search_term_string"}],"inLanguage":"sv-SE"},{"@type":"Organization","@id":"https:\/\/nordicpadel.com\/sv\/#organization","name":"Nordic Padel","url":"https:\/\/nordicpadel.com\/sv\/","logo":{"@type":"ImageObject","inLanguage":"sv-SE","@id":"https:\/\/nordicpadel.com\/sv\/#\/schema\/logo\/image\/","url":"https:\/\/nordicpadel.com\/sv\/wp-content\/uploads\/sites\/10\/2022\/12\/Nordic-Padel-small_1-1.png","contentUrl":"https:\/\/nordicpadel.com\/sv\/wp-content\/uploads\/sites\/10\/2022\/12\/Nordic-Padel-small_1-1.png","width":400,"height":119,"caption":"Nordic Padel"},"image":{"@id":"https:\/\/nordicpadel.com\/sv\/#\/schema\/logo\/image\/"}}]}},"brands":[],"_links":{"self":[{"href":"https:\/\/nordicpadel.com\/sv\/wp-json\/wp\/v2\/product\/94020","targetHints":{"allow":["GET"]}}],"collection":[{"href":"https:\/\/nordicpadel.com\/sv\/wp-json\/wp\/v2\/product"}],"about":[{"href":"https:\/\/nordicpadel.com\/sv\/wp-json\/wp\/v2\/types\/product"}],"replies":[{"embeddable":true,"href":"https:\/\/nordicpadel.com\/sv\/wp-json\/wp\/v2\/comments?post=94020"}],"wp:featuredmedia":[{"embeddable":true,"href":"https:\/\/nordicpadel.com\/sv\/wp-json\/wp\/v2\/media\/93972"}],"wp:attachment":[{"href":"https:\/\/nordicpadel.com\/sv\/wp-json\/wp\/v2\/media?parent=94020"}],"wp:term":[{"taxonomy":"pwb-brand","embeddable":true,"href":"https:\/\/nordicpadel.com\/sv\/wp-json\/wp\/v2\/pwb-brand?post=94020"},{"taxonomy":"product_cat","embeddable":true,"href":"https:\/\/nordicpadel.com\/sv\/wp-json\/wp\/v2\/product_cat?post=94020"},{"taxonomy":"product_tag","embeddable":true,"href":"https:\/\/nordicpadel.com\/sv\/wp-json\/wp\/v2\/product_tag?post=94020"},{"taxonomy":"woo-feed-brand","embeddable":true,"href":"https:\/\/nordicpadel.com\/sv\/wp-json\/wp\/v2\/woo-feed-brand?post=94020"}],"curies":[{"name":"wp","href":"https:\/\/api.w.org\/{rel}","templated":true}]}}