{"id":93952,"date":"2025-11-26T18:59:35","date_gmt":"2025-11-26T17:59:35","guid":{"rendered":"https:\/\/nordicpadel.com\/sv\/product\/asics-speed-ff-3-w-2\/"},"modified":"2026-02-20T11:50:41","modified_gmt":"2026-02-20T10:50:41","slug":"asics-speed-ff-3-w-2","status":"publish","type":"product","link":"https:\/\/nordicpadel.com\/sv\/product\/asics-speed-ff-3-w-2\/","title":{"rendered":"Asics Speed FF 3 W"},"content":{"rendered":"<p>Asics har finputsat Court FF till vad den \u00e4r idag och som m\u00e5nga vet s\u00e5 \u00e4r det just denna modell som eliten inom tennis anv\u00e4nder. Skorna \u00e4r stabila, snabb och smidig sko f\u00f6r dig som vill ha det absolut  b\u00e4sta p\u00e5 tennisbanan eller padelbanan. Det \u00e4r dessa egenskaper som g\u00f6r att skon ing\u00e5r i kategorin &#8220;best of both&#8221; hos Asics och vi kan verkligen bara inst\u00e4mma att s\u00e5 \u00e4r fallet.<\/p>\n<p>Skons FLYTEFOAM\u00ae mellansula v\u00e4ger 55% mindre och ger dessutom 76% b\u00e4ttre d\u00e4mpning \u00e4n standardsulor, detta bidrar till en l\u00e4tt och komfortabel sko. Vidare s\u00e5 \u00e4r skon f\u00f6rsedd med GEL\u00ae -teknologi i s\u00e5v\u00e4l fram som bakdel, som d\u00e4mpar stegis\u00e4ttningen. Komfort \u00e4r nyckelordet i Court FF och d\u00e4rmed \u00e4r detta den enda modellen hos Asics som har MONO-SOCK \u2122-passform, g\u00f6r att skon ger en v\u00e4ldigt n\u00e4ra passform.<\/p>\n<p>Yttersulan \u00e4r tillverkad av AHAR\u00ae-gummi och denna gummiblanding ger en otroligt slitstark yttersula som l\u00e4mpar sig b\u00e4st f\u00f6r spel p\u00e5 padelbanor med mindre sand samt inomhustennis. <\/p>\n<p>Court FF kombinerar det b\u00e4sta av tv\u00e5 v\u00e4rldar och ger en otroligt dynamisk sko med smidigt k\u00e4nsla och superb stabilitet. Detta \u00e4r enligt v\u00e5rt tycke den mest kompletta skon p\u00e5 marknaden.<\/p>\n<p>F\u00e4rg: Vit (White\/soothing sea)<\/p>\n<p>Teknik &amp; Material<\/p>\n<p>FLYTEFOAM\u2122-teknik Ger l\u00e4ttviktsd\u00e4mpning och st\u00f6td\u00e4mpning<\/p>\n<p>Forefoot GEL\u2122-teknik F\u00f6rb\u00e4ttrar st\u00f6td\u00e4mpningen och skapar en mjukare k\u00e4nsla vid fotst\u00f6tning<\/p>\n<p>TWISTRUSS\u2122-teknik F\u00f6rb\u00e4ttrar snabbheten och sidor\u00f6relserna<\/p>\n<p>PGUARD\u2122-teknik Hj\u00e4lper till att \u00f6ka h\u00e5llbarheten i yttersulans t\u00e5- och h\u00e4lparti<\/p>\n<p>MONO-SOCK\u2122 konstruktion Hj\u00e4lper till att f\u00f6rb\u00e4ttra stabiliteten<\/p>\n<p>AHARPLUS\u2122 gummi yttersula F\u00f6rb\u00e4ttrar h\u00e5llbarheten<\/p>\n","protected":false},"excerpt":{"rendered":"<p>Asics har finputsat Court FF till vad den \u00e4r idag och som m\u00e5nga vet s\u00e5 \u00e4r det just denna modell som eliten inom tennis anv\u00e4nder. Skorna \u00e4r stabila, snabb och smidig sko f\u00f6r dig som vill ha det absolut b\u00e4sta p\u00e5 tennisbanan eller padelbanan. Det \u00e4r dessa egenskaper som g\u00f6r att skon ing\u00e5r i kategorin [&hellip;]<\/p>\n","protected":false},"featured_media":93878,"comment_status":"open","ping_status":"closed","template":"","meta":[],"pwb-brand":[],"product_cat":[37,467],"product_tag":[],"woo-feed-brand":[],"class_list":{"0":"post-93952","1":"product","2":"type-product","3":"status-publish","4":"has-post-thumbnail","6":"product_cat-dam","7":"product_cat-asics","8":"pa_varumarke-asics","10":"first","11":"instock","12":"sale","13":"taxable","14":"shipping-taxable","15":"purchasable","16":"product-type-simple"},"bundled_by":[],"bundle_stock_status":"instock","bundle_stock_quantity":1,"bundle_virtual":false,"bundle_layout":"","bundle_add_to_cart_form_location":"","bundle_editable_in_cart":false,"bundle_sold_individually_context":"","bundle_item_grouping":"","bundle_min_size":"","bundle_max_size":"","bundled_items":[],"bundle_sell_ids":[],"acf":[],"yoast_head":"<!-- This site is optimized with the Yoast SEO plugin v23.1 - https:\/\/yoast.com\/wordpress\/plugins\/seo\/ -->\n<title>Asics Speed FF 3 W - Nordic Padel<\/title>\n<meta name=\"robots\" content=\"index, follow, max-snippet:-1, max-image-preview:large, max-video-preview:-1\" \/>\n<link rel=\"canonical\" href=\"https:\/\/nordicpadel.com\/sv\/product\/asics-speed-ff-3-w-2\/\" \/>\n<meta property=\"og:locale\" content=\"sv_SE\" \/>\n<meta property=\"og:type\" content=\"article\" \/>\n<meta property=\"og:title\" content=\"Asics Speed FF 3 W - Nordic Padel\" \/>\n<meta property=\"og:description\" content=\"Asics har finputsat Court FF till vad den \u00e4r idag och som m\u00e5nga vet s\u00e5 \u00e4r det just denna modell som eliten inom tennis anv\u00e4nder. Skorna \u00e4r stabila, snabb och smidig sko f\u00f6r dig som vill ha det absolut b\u00e4sta p\u00e5 tennisbanan eller padelbanan. Det \u00e4r dessa egenskaper som g\u00f6r att skon ing\u00e5r i kategorin [&hellip;]\" \/>\n<meta property=\"og:url\" content=\"https:\/\/nordicpadel.com\/sv\/product\/asics-speed-ff-3-w-2\/\" \/>\n<meta property=\"og:site_name\" content=\"Nordic Padel\" \/>\n<meta property=\"article:modified_time\" content=\"2026-02-20T10:50:41+00:00\" \/>\n<meta property=\"og:image\" content=\"https:\/\/nordicpadel.com\/sv\/wp-content\/uploads\/sites\/10\/2025\/11\/28dceccebd0b901115ebc6788b6e2511.png\" \/>\n\t<meta property=\"og:image:width\" content=\"800\" \/>\n\t<meta property=\"og:image:height\" content=\"800\" \/>\n\t<meta property=\"og:image:type\" content=\"image\/png\" \/>\n<meta name=\"twitter:card\" content=\"summary_large_image\" \/>\n<meta name=\"twitter:label1\" content=\"Ber\u00e4knad l\u00e4stid\" \/>\n\t<meta name=\"twitter:data1\" content=\"1 minut\" \/>\n<script type=\"application\/ld+json\" class=\"yoast-schema-graph\">{\"@context\":\"https:\/\/schema.org\",\"@graph\":[{\"@type\":\"WebPage\",\"@id\":\"https:\/\/nordicpadel.com\/sv\/product\/asics-speed-ff-3-w-2\/\",\"url\":\"https:\/\/nordicpadel.com\/sv\/product\/asics-speed-ff-3-w-2\/\",\"name\":\"Asics Speed FF 3 W - Nordic Padel\",\"isPartOf\":{\"@id\":\"https:\/\/nordicpadel.com\/sv\/#website\"},\"primaryImageOfPage\":{\"@id\":\"https:\/\/nordicpadel.com\/sv\/product\/asics-speed-ff-3-w-2\/#primaryimage\"},\"image\":{\"@id\":\"https:\/\/nordicpadel.com\/sv\/product\/asics-speed-ff-3-w-2\/#primaryimage\"},\"thumbnailUrl\":\"https:\/\/nordicpadel.com\/sv\/wp-content\/uploads\/sites\/10\/2025\/11\/28dceccebd0b901115ebc6788b6e2511.png\",\"datePublished\":\"2025-11-26T17:59:35+00:00\",\"dateModified\":\"2026-02-20T10:50:41+00:00\",\"breadcrumb\":{\"@id\":\"https:\/\/nordicpadel.com\/sv\/product\/asics-speed-ff-3-w-2\/#breadcrumb\"},\"inLanguage\":\"sv-SE\",\"potentialAction\":[{\"@type\":\"ReadAction\",\"target\":[\"https:\/\/nordicpadel.com\/sv\/product\/asics-speed-ff-3-w-2\/\"]}]},{\"@type\":\"ImageObject\",\"inLanguage\":\"sv-SE\",\"@id\":\"https:\/\/nordicpadel.com\/sv\/product\/asics-speed-ff-3-w-2\/#primaryimage\",\"url\":\"https:\/\/nordicpadel.com\/sv\/wp-content\/uploads\/sites\/10\/2025\/11\/28dceccebd0b901115ebc6788b6e2511.png\",\"contentUrl\":\"https:\/\/nordicpadel.com\/sv\/wp-content\/uploads\/sites\/10\/2025\/11\/28dceccebd0b901115ebc6788b6e2511.png\",\"width\":800,\"height\":800,\"caption\":\"Asics Speed FF 3 W\"},{\"@type\":\"BreadcrumbList\",\"@id\":\"https:\/\/nordicpadel.com\/sv\/product\/asics-speed-ff-3-w-2\/#breadcrumb\",\"itemListElement\":[{\"@type\":\"ListItem\",\"position\":1,\"name\":\"Hem\",\"item\":\"https:\/\/nordicpadel.com\/sv\/\"},{\"@type\":\"ListItem\",\"position\":2,\"name\":\"Shop\",\"item\":\"https:\/\/nordicpadel.com\/sv\/shop\/\"},{\"@type\":\"ListItem\",\"position\":3,\"name\":\"Asics Speed FF 3 W\"}]},{\"@type\":\"WebSite\",\"@id\":\"https:\/\/nordicpadel.com\/sv\/#website\",\"url\":\"https:\/\/nordicpadel.com\/sv\/\",\"name\":\"Nordic Padel\",\"description\":\"\",\"publisher\":{\"@id\":\"https:\/\/nordicpadel.com\/sv\/#organization\"},\"potentialAction\":[{\"@type\":\"SearchAction\",\"target\":{\"@type\":\"EntryPoint\",\"urlTemplate\":\"https:\/\/nordicpadel.com\/sv\/?s={search_term_string}\"},\"query-input\":\"required name=search_term_string\"}],\"inLanguage\":\"sv-SE\"},{\"@type\":\"Organization\",\"@id\":\"https:\/\/nordicpadel.com\/sv\/#organization\",\"name\":\"Nordic Padel\",\"url\":\"https:\/\/nordicpadel.com\/sv\/\",\"logo\":{\"@type\":\"ImageObject\",\"inLanguage\":\"sv-SE\",\"@id\":\"https:\/\/nordicpadel.com\/sv\/#\/schema\/logo\/image\/\",\"url\":\"https:\/\/nordicpadel.com\/sv\/wp-content\/uploads\/sites\/10\/2022\/12\/Nordic-Padel-small_1-1.png\",\"contentUrl\":\"https:\/\/nordicpadel.com\/sv\/wp-content\/uploads\/sites\/10\/2022\/12\/Nordic-Padel-small_1-1.png\",\"width\":400,\"height\":119,\"caption\":\"Nordic Padel\"},\"image\":{\"@id\":\"https:\/\/nordicpadel.com\/sv\/#\/schema\/logo\/image\/\"}}]}<\/script>\n<!-- \/ Yoast SEO plugin. -->","yoast_head_json":{"title":"Asics Speed FF 3 W - Nordic Padel","robots":{"index":"index","follow":"follow","max-snippet":"max-snippet:-1","max-image-preview":"max-image-preview:large","max-video-preview":"max-video-preview:-1"},"canonical":"https:\/\/nordicpadel.com\/sv\/product\/asics-speed-ff-3-w-2\/","og_locale":"sv_SE","og_type":"article","og_title":"Asics Speed FF 3 W - Nordic Padel","og_description":"Asics har finputsat Court FF till vad den \u00e4r idag och som m\u00e5nga vet s\u00e5 \u00e4r det just denna modell som eliten inom tennis anv\u00e4nder. Skorna \u00e4r stabila, snabb och smidig sko f\u00f6r dig som vill ha det absolut b\u00e4sta p\u00e5 tennisbanan eller padelbanan. Det \u00e4r dessa egenskaper som g\u00f6r att skon ing\u00e5r i kategorin [&hellip;]","og_url":"https:\/\/nordicpadel.com\/sv\/product\/asics-speed-ff-3-w-2\/","og_site_name":"Nordic Padel","article_modified_time":"2026-02-20T10:50:41+00:00","og_image":[{"width":800,"height":800,"url":"https:\/\/nordicpadel.com\/sv\/wp-content\/uploads\/sites\/10\/2025\/11\/28dceccebd0b901115ebc6788b6e2511.png","type":"image\/png"}],"twitter_card":"summary_large_image","twitter_misc":{"Ber\u00e4knad l\u00e4stid":"1 minut"},"schema":{"@context":"https:\/\/schema.org","@graph":[{"@type":"WebPage","@id":"https:\/\/nordicpadel.com\/sv\/product\/asics-speed-ff-3-w-2\/","url":"https:\/\/nordicpadel.com\/sv\/product\/asics-speed-ff-3-w-2\/","name":"Asics Speed FF 3 W - Nordic Padel","isPartOf":{"@id":"https:\/\/nordicpadel.com\/sv\/#website"},"primaryImageOfPage":{"@id":"https:\/\/nordicpadel.com\/sv\/product\/asics-speed-ff-3-w-2\/#primaryimage"},"image":{"@id":"https:\/\/nordicpadel.com\/sv\/product\/asics-speed-ff-3-w-2\/#primaryimage"},"thumbnailUrl":"https:\/\/nordicpadel.com\/sv\/wp-content\/uploads\/sites\/10\/2025\/11\/28dceccebd0b901115ebc6788b6e2511.png","datePublished":"2025-11-26T17:59:35+00:00","dateModified":"2026-02-20T10:50:41+00:00","breadcrumb":{"@id":"https:\/\/nordicpadel.com\/sv\/product\/asics-speed-ff-3-w-2\/#breadcrumb"},"inLanguage":"sv-SE","potentialAction":[{"@type":"ReadAction","target":["https:\/\/nordicpadel.com\/sv\/product\/asics-speed-ff-3-w-2\/"]}]},{"@type":"ImageObject","inLanguage":"sv-SE","@id":"https:\/\/nordicpadel.com\/sv\/product\/asics-speed-ff-3-w-2\/#primaryimage","url":"https:\/\/nordicpadel.com\/sv\/wp-content\/uploads\/sites\/10\/2025\/11\/28dceccebd0b901115ebc6788b6e2511.png","contentUrl":"https:\/\/nordicpadel.com\/sv\/wp-content\/uploads\/sites\/10\/2025\/11\/28dceccebd0b901115ebc6788b6e2511.png","width":800,"height":800,"caption":"Asics Speed FF 3 W"},{"@type":"BreadcrumbList","@id":"https:\/\/nordicpadel.com\/sv\/product\/asics-speed-ff-3-w-2\/#breadcrumb","itemListElement":[{"@type":"ListItem","position":1,"name":"Hem","item":"https:\/\/nordicpadel.com\/sv\/"},{"@type":"ListItem","position":2,"name":"Shop","item":"https:\/\/nordicpadel.com\/sv\/shop\/"},{"@type":"ListItem","position":3,"name":"Asics Speed FF 3 W"}]},{"@type":"WebSite","@id":"https:\/\/nordicpadel.com\/sv\/#website","url":"https:\/\/nordicpadel.com\/sv\/","name":"Nordic Padel","description":"","publisher":{"@id":"https:\/\/nordicpadel.com\/sv\/#organization"},"potentialAction":[{"@type":"SearchAction","target":{"@type":"EntryPoint","urlTemplate":"https:\/\/nordicpadel.com\/sv\/?s={search_term_string}"},"query-input":"required name=search_term_string"}],"inLanguage":"sv-SE"},{"@type":"Organization","@id":"https:\/\/nordicpadel.com\/sv\/#organization","name":"Nordic Padel","url":"https:\/\/nordicpadel.com\/sv\/","logo":{"@type":"ImageObject","inLanguage":"sv-SE","@id":"https:\/\/nordicpadel.com\/sv\/#\/schema\/logo\/image\/","url":"https:\/\/nordicpadel.com\/sv\/wp-content\/uploads\/sites\/10\/2022\/12\/Nordic-Padel-small_1-1.png","contentUrl":"https:\/\/nordicpadel.com\/sv\/wp-content\/uploads\/sites\/10\/2022\/12\/Nordic-Padel-small_1-1.png","width":400,"height":119,"caption":"Nordic Padel"},"image":{"@id":"https:\/\/nordicpadel.com\/sv\/#\/schema\/logo\/image\/"}}]}},"brands":[],"_links":{"self":[{"href":"https:\/\/nordicpadel.com\/sv\/wp-json\/wp\/v2\/product\/93952","targetHints":{"allow":["GET"]}}],"collection":[{"href":"https:\/\/nordicpadel.com\/sv\/wp-json\/wp\/v2\/product"}],"about":[{"href":"https:\/\/nordicpadel.com\/sv\/wp-json\/wp\/v2\/types\/product"}],"replies":[{"embeddable":true,"href":"https:\/\/nordicpadel.com\/sv\/wp-json\/wp\/v2\/comments?post=93952"}],"wp:featuredmedia":[{"embeddable":true,"href":"https:\/\/nordicpadel.com\/sv\/wp-json\/wp\/v2\/media\/93878"}],"wp:attachment":[{"href":"https:\/\/nordicpadel.com\/sv\/wp-json\/wp\/v2\/media?parent=93952"}],"wp:term":[{"taxonomy":"pwb-brand","embeddable":true,"href":"https:\/\/nordicpadel.com\/sv\/wp-json\/wp\/v2\/pwb-brand?post=93952"},{"taxonomy":"product_cat","embeddable":true,"href":"https:\/\/nordicpadel.com\/sv\/wp-json\/wp\/v2\/product_cat?post=93952"},{"taxonomy":"product_tag","embeddable":true,"href":"https:\/\/nordicpadel.com\/sv\/wp-json\/wp\/v2\/product_tag?post=93952"},{"taxonomy":"woo-feed-brand","embeddable":true,"href":"https:\/\/nordicpadel.com\/sv\/wp-json\/wp\/v2\/woo-feed-brand?post=93952"}],"curies":[{"name":"wp","href":"https:\/\/api.w.org\/{rel}","templated":true}]}}