{"id":93919,"date":"2025-11-26T18:59:24","date_gmt":"2025-11-26T17:59:24","guid":{"rendered":"https:\/\/nordicpadel.com\/sv\/product\/asics-gel-resolution-9-4\/"},"modified":"2026-02-20T11:54:37","modified_gmt":"2026-02-20T10:54:37","slug":"asics-gel-resolution-9-4","status":"publish","type":"product","link":"https:\/\/nordicpadel.com\/sv\/product\/asics-gel-resolution-9-4\/","title":{"rendered":"Asics Gel Resolution 9"},"content":{"rendered":"<p>Gel-Resolution 9 tennissko ger avancerad stabilitet och d\u00e4mpning f\u00f6r spelare som gillar att kontrollera spelet fr\u00e5n baslinjen. Dynawall\u2122-teknologin i mellansulan str\u00e4cker sig nu \u00e4nda in i h\u00e4len f\u00f6r \u00f6kad stabilitet under laterala r\u00f6relser. Det \u00e4r en funktionell egenskap som \u00e4r effektiv n\u00e4r du springer och t\u00e4cker b\u00e5da sidorna av baslinjen. Dynawrap\u2122-teknologin i sn\u00f6rningen har strategiskt designats f\u00f6r att applicera tryck n\u00e4r extra st\u00f6d beh\u00f6vs. Detta ger dig en inl\u00e5st k\u00e4nsla i skon n\u00e4r du g\u00f6r snabba stegis\u00e4ttningar och r\u00f6relsef\u00f6r\u00e4ndringar.<\/p>\n<p>Med Gel-Resolution 9 f\u00e5r du inte bara den b\u00e4sta tekniken f\u00f6r prestanda p\u00e5 tennisbanan, utan ocks\u00e5 en stil som utstr\u00e5lar elegans och sj\u00e4lvs\u00e4kerhet. Denna tennissko kombinerar avancerade funktioner med en sofistikerad design som tar din spelstil till en helt ny niv\u00e5. Oavsett om du \u00e4r p\u00e5 professionell niv\u00e5 eller bara \u00e4lskar att spela f\u00f6r n\u00f6jes skull, kommer denna sko att hj\u00e4lpa dig att dominera p\u00e5 banan med stil och komfort.<\/p>\n<p>Satsar du p\u00e5 avancerad prestanda och stil har du hittat r\u00e4tt med Gel-Resolution. Det \u00e4r den ultimata skon f\u00f6r spelare som vill ha det b\u00e4sta av b\u00e5de teknologi och mode, och som inte n\u00f6jer sig med mindre \u00e4n en vinnande kombination. G\u00e5 ut p\u00e5 banan och k\u00e4nn dig sj\u00e4lvs\u00e4ker, bekv\u00e4m och redo att ta kontroll \u00f6ver spelet.<\/p>\n<p>Gel-Resolution 9 fr\u00e5n Asics fungerar mycket bra \u00e4ven f\u00f6r padelbanans speciella mondogr\u00e4s och vi rekommenderar varmt skon f\u00f6r ut\u00f6vande p\u00e5 h\u00f6gsta niv\u00e5 inom b\u00e4gge dessa fantastiska racketsporter.<\/p>\n<p>Teknologier<\/p>\n<p>PGUARD<br \/>F\u00f6rst\u00e4rkt material i h\u00e4l och t\u00e5 omr\u00e5de f\u00f6r f\u00f6rl\u00e4ngd h\u00e5llbarhet.<\/p>\n<p>DYNAFIT\u2122 Upper<br \/>\u00d6kar flexibiliteten<\/p>\n<p>Rearfoot and forefoot GEL\u2122 technology<br \/>F\u00f6rb\u00e4ttrar st\u00f6td\u00e4mpningen och ger en mjukare k\u00e4nsla vid fotnedslag<\/p>\n<p>Separated outsole design<br \/>Hj\u00e4lper till att producera mer stabila landningar<\/p>\n<p>Dynawrap\u2122<br \/>Teknologi d\u00e4r \u00f6glorna har genomg\u00e5tt en strategisk omformning f\u00f6r att kunna applicera r\u00e4tt m\u00e4ngd tryck p\u00e5 f\u00f6tterna vid behov av extra st\u00f6d. Detta resulterar i en mer l\u00e5st och stabil k\u00e4nsla under snabba \u00f6verg\u00e5ngar, vilket kan f\u00f6rb\u00e4ttra spelarens prestation p\u00e5 banan.<\/p>\n<p>Dynawall\u2122<br \/>Teknologin i mellansulan str\u00e4cker sig nu \u00e4nda in i h\u00e4len f\u00f6r \u00f6kad stabilitet under laterala r\u00f6relser.<\/p>\n<p>Aharplus\u2122-Gummi<br \/>Yttersulan \u00e4r tillverkad av AHARPLUS-gummi vilket \u00e4r ett otroligt slitstarkt material och l\u00e4mpar sig perfekt f\u00f6r mondogr\u00e4s (padel) och tennisunderlag.<\/p>\n","protected":false},"excerpt":{"rendered":"<p>Gel-Resolution 9 tennissko ger avancerad stabilitet och d\u00e4mpning f\u00f6r spelare som gillar att kontrollera spelet fr\u00e5n baslinjen. Dynawall\u2122-teknologin i mellansulan str\u00e4cker sig nu \u00e4nda in i h\u00e4len f\u00f6r \u00f6kad stabilitet under laterala r\u00f6relser. Det \u00e4r en funktionell egenskap som \u00e4r effektiv n\u00e4r du springer och t\u00e4cker b\u00e5da sidorna av baslinjen. Dynawrap\u2122-teknologin i sn\u00f6rningen har strategiskt [&hellip;]<\/p>\n","protected":false},"featured_media":93907,"comment_status":"open","ping_status":"closed","template":"","meta":[],"pwb-brand":[],"product_cat":[38],"product_tag":[],"woo-feed-brand":[],"class_list":{"0":"post-93919","1":"product","2":"type-product","3":"status-publish","4":"has-post-thumbnail","6":"product_cat-herr","7":"pa_varumarke-asics","9":"first","10":"outofstock","11":"sale","12":"taxable","13":"shipping-taxable","14":"purchasable","15":"product-type-variable"},"bundled_by":[],"bundle_stock_status":"outofstock","bundle_stock_quantity":0,"bundle_virtual":false,"bundle_layout":"","bundle_add_to_cart_form_location":"","bundle_editable_in_cart":false,"bundle_sold_individually_context":"","bundle_item_grouping":"","bundle_min_size":"","bundle_max_size":"","bundled_items":[],"bundle_sell_ids":[],"acf":[],"yoast_head":"<!-- This site is optimized with the Yoast SEO plugin v23.1 - https:\/\/yoast.com\/wordpress\/plugins\/seo\/ -->\n<title>Asics Gel Resolution 9 - Nordic Padel<\/title>\n<meta name=\"robots\" content=\"index, follow, max-snippet:-1, max-image-preview:large, max-video-preview:-1\" \/>\n<link rel=\"canonical\" href=\"https:\/\/nordicpadel.com\/sv\/product\/asics-gel-resolution-9-4\/\" \/>\n<meta property=\"og:locale\" content=\"sv_SE\" \/>\n<meta property=\"og:type\" content=\"article\" \/>\n<meta property=\"og:title\" content=\"Asics Gel Resolution 9 - Nordic Padel\" \/>\n<meta property=\"og:description\" content=\"Gel-Resolution 9 tennissko ger avancerad stabilitet och d\u00e4mpning f\u00f6r spelare som gillar att kontrollera spelet fr\u00e5n baslinjen. Dynawall\u2122-teknologin i mellansulan str\u00e4cker sig nu \u00e4nda in i h\u00e4len f\u00f6r \u00f6kad stabilitet under laterala r\u00f6relser. Det \u00e4r en funktionell egenskap som \u00e4r effektiv n\u00e4r du springer och t\u00e4cker b\u00e5da sidorna av baslinjen. Dynawrap\u2122-teknologin i sn\u00f6rningen har strategiskt [&hellip;]\" \/>\n<meta property=\"og:url\" content=\"https:\/\/nordicpadel.com\/sv\/product\/asics-gel-resolution-9-4\/\" \/>\n<meta property=\"og:site_name\" content=\"Nordic Padel\" \/>\n<meta property=\"article:modified_time\" content=\"2026-02-20T10:54:37+00:00\" \/>\n<meta name=\"twitter:card\" content=\"summary_large_image\" \/>\n<meta name=\"twitter:label1\" content=\"Ber\u00e4knad l\u00e4stid\" \/>\n\t<meta name=\"twitter:data1\" content=\"2 minuter\" \/>\n<script type=\"application\/ld+json\" class=\"yoast-schema-graph\">{\"@context\":\"https:\/\/schema.org\",\"@graph\":[{\"@type\":\"WebPage\",\"@id\":\"https:\/\/nordicpadel.com\/sv\/product\/asics-gel-resolution-9-4\/\",\"url\":\"https:\/\/nordicpadel.com\/sv\/product\/asics-gel-resolution-9-4\/\",\"name\":\"Asics Gel Resolution 9 - Nordic Padel\",\"isPartOf\":{\"@id\":\"https:\/\/nordicpadel.com\/sv\/#website\"},\"primaryImageOfPage\":{\"@id\":\"https:\/\/nordicpadel.com\/sv\/product\/asics-gel-resolution-9-4\/#primaryimage\"},\"image\":{\"@id\":\"https:\/\/nordicpadel.com\/sv\/product\/asics-gel-resolution-9-4\/#primaryimage\"},\"thumbnailUrl\":\"https:\/\/nordicpadel.com\/sv\/wp-content\/uploads\/sites\/10\/2025\/11\/92882fab023cfb75a7ec5faf3b3e073c.png\",\"datePublished\":\"2025-11-26T17:59:24+00:00\",\"dateModified\":\"2026-02-20T10:54:37+00:00\",\"breadcrumb\":{\"@id\":\"https:\/\/nordicpadel.com\/sv\/product\/asics-gel-resolution-9-4\/#breadcrumb\"},\"inLanguage\":\"sv-SE\",\"potentialAction\":[{\"@type\":\"ReadAction\",\"target\":[\"https:\/\/nordicpadel.com\/sv\/product\/asics-gel-resolution-9-4\/\"]}]},{\"@type\":\"ImageObject\",\"inLanguage\":\"sv-SE\",\"@id\":\"https:\/\/nordicpadel.com\/sv\/product\/asics-gel-resolution-9-4\/#primaryimage\",\"url\":\"https:\/\/nordicpadel.com\/sv\/wp-content\/uploads\/sites\/10\/2025\/11\/92882fab023cfb75a7ec5faf3b3e073c.png\",\"contentUrl\":\"https:\/\/nordicpadel.com\/sv\/wp-content\/uploads\/sites\/10\/2025\/11\/92882fab023cfb75a7ec5faf3b3e073c.png\",\"width\":800,\"height\":800,\"caption\":\"Asics Gel Resolution 9\"},{\"@type\":\"BreadcrumbList\",\"@id\":\"https:\/\/nordicpadel.com\/sv\/product\/asics-gel-resolution-9-4\/#breadcrumb\",\"itemListElement\":[{\"@type\":\"ListItem\",\"position\":1,\"name\":\"Hem\",\"item\":\"https:\/\/nordicpadel.com\/sv\/\"},{\"@type\":\"ListItem\",\"position\":2,\"name\":\"Shop\",\"item\":\"https:\/\/nordicpadel.com\/sv\/shop\/\"},{\"@type\":\"ListItem\",\"position\":3,\"name\":\"Asics Gel Resolution 9\"}]},{\"@type\":\"WebSite\",\"@id\":\"https:\/\/nordicpadel.com\/sv\/#website\",\"url\":\"https:\/\/nordicpadel.com\/sv\/\",\"name\":\"Nordic Padel\",\"description\":\"\",\"publisher\":{\"@id\":\"https:\/\/nordicpadel.com\/sv\/#organization\"},\"potentialAction\":[{\"@type\":\"SearchAction\",\"target\":{\"@type\":\"EntryPoint\",\"urlTemplate\":\"https:\/\/nordicpadel.com\/sv\/?s={search_term_string}\"},\"query-input\":\"required name=search_term_string\"}],\"inLanguage\":\"sv-SE\"},{\"@type\":\"Organization\",\"@id\":\"https:\/\/nordicpadel.com\/sv\/#organization\",\"name\":\"Nordic Padel\",\"url\":\"https:\/\/nordicpadel.com\/sv\/\",\"logo\":{\"@type\":\"ImageObject\",\"inLanguage\":\"sv-SE\",\"@id\":\"https:\/\/nordicpadel.com\/sv\/#\/schema\/logo\/image\/\",\"url\":\"https:\/\/nordicpadel.com\/sv\/wp-content\/uploads\/sites\/10\/2022\/12\/Nordic-Padel-small_1-1.png\",\"contentUrl\":\"https:\/\/nordicpadel.com\/sv\/wp-content\/uploads\/sites\/10\/2022\/12\/Nordic-Padel-small_1-1.png\",\"width\":400,\"height\":119,\"caption\":\"Nordic Padel\"},\"image\":{\"@id\":\"https:\/\/nordicpadel.com\/sv\/#\/schema\/logo\/image\/\"}}]}<\/script>\n<!-- \/ Yoast SEO plugin. -->","yoast_head_json":{"title":"Asics Gel Resolution 9 - Nordic Padel","robots":{"index":"index","follow":"follow","max-snippet":"max-snippet:-1","max-image-preview":"max-image-preview:large","max-video-preview":"max-video-preview:-1"},"canonical":"https:\/\/nordicpadel.com\/sv\/product\/asics-gel-resolution-9-4\/","og_locale":"sv_SE","og_type":"article","og_title":"Asics Gel Resolution 9 - Nordic Padel","og_description":"Gel-Resolution 9 tennissko ger avancerad stabilitet och d\u00e4mpning f\u00f6r spelare som gillar att kontrollera spelet fr\u00e5n baslinjen. Dynawall\u2122-teknologin i mellansulan str\u00e4cker sig nu \u00e4nda in i h\u00e4len f\u00f6r \u00f6kad stabilitet under laterala r\u00f6relser. Det \u00e4r en funktionell egenskap som \u00e4r effektiv n\u00e4r du springer och t\u00e4cker b\u00e5da sidorna av baslinjen. Dynawrap\u2122-teknologin i sn\u00f6rningen har strategiskt [&hellip;]","og_url":"https:\/\/nordicpadel.com\/sv\/product\/asics-gel-resolution-9-4\/","og_site_name":"Nordic Padel","article_modified_time":"2026-02-20T10:54:37+00:00","twitter_card":"summary_large_image","twitter_misc":{"Ber\u00e4knad l\u00e4stid":"2 minuter"},"schema":{"@context":"https:\/\/schema.org","@graph":[{"@type":"WebPage","@id":"https:\/\/nordicpadel.com\/sv\/product\/asics-gel-resolution-9-4\/","url":"https:\/\/nordicpadel.com\/sv\/product\/asics-gel-resolution-9-4\/","name":"Asics Gel Resolution 9 - Nordic Padel","isPartOf":{"@id":"https:\/\/nordicpadel.com\/sv\/#website"},"primaryImageOfPage":{"@id":"https:\/\/nordicpadel.com\/sv\/product\/asics-gel-resolution-9-4\/#primaryimage"},"image":{"@id":"https:\/\/nordicpadel.com\/sv\/product\/asics-gel-resolution-9-4\/#primaryimage"},"thumbnailUrl":"https:\/\/nordicpadel.com\/sv\/wp-content\/uploads\/sites\/10\/2025\/11\/92882fab023cfb75a7ec5faf3b3e073c.png","datePublished":"2025-11-26T17:59:24+00:00","dateModified":"2026-02-20T10:54:37+00:00","breadcrumb":{"@id":"https:\/\/nordicpadel.com\/sv\/product\/asics-gel-resolution-9-4\/#breadcrumb"},"inLanguage":"sv-SE","potentialAction":[{"@type":"ReadAction","target":["https:\/\/nordicpadel.com\/sv\/product\/asics-gel-resolution-9-4\/"]}]},{"@type":"ImageObject","inLanguage":"sv-SE","@id":"https:\/\/nordicpadel.com\/sv\/product\/asics-gel-resolution-9-4\/#primaryimage","url":"https:\/\/nordicpadel.com\/sv\/wp-content\/uploads\/sites\/10\/2025\/11\/92882fab023cfb75a7ec5faf3b3e073c.png","contentUrl":"https:\/\/nordicpadel.com\/sv\/wp-content\/uploads\/sites\/10\/2025\/11\/92882fab023cfb75a7ec5faf3b3e073c.png","width":800,"height":800,"caption":"Asics Gel Resolution 9"},{"@type":"BreadcrumbList","@id":"https:\/\/nordicpadel.com\/sv\/product\/asics-gel-resolution-9-4\/#breadcrumb","itemListElement":[{"@type":"ListItem","position":1,"name":"Hem","item":"https:\/\/nordicpadel.com\/sv\/"},{"@type":"ListItem","position":2,"name":"Shop","item":"https:\/\/nordicpadel.com\/sv\/shop\/"},{"@type":"ListItem","position":3,"name":"Asics Gel Resolution 9"}]},{"@type":"WebSite","@id":"https:\/\/nordicpadel.com\/sv\/#website","url":"https:\/\/nordicpadel.com\/sv\/","name":"Nordic Padel","description":"","publisher":{"@id":"https:\/\/nordicpadel.com\/sv\/#organization"},"potentialAction":[{"@type":"SearchAction","target":{"@type":"EntryPoint","urlTemplate":"https:\/\/nordicpadel.com\/sv\/?s={search_term_string}"},"query-input":"required name=search_term_string"}],"inLanguage":"sv-SE"},{"@type":"Organization","@id":"https:\/\/nordicpadel.com\/sv\/#organization","name":"Nordic Padel","url":"https:\/\/nordicpadel.com\/sv\/","logo":{"@type":"ImageObject","inLanguage":"sv-SE","@id":"https:\/\/nordicpadel.com\/sv\/#\/schema\/logo\/image\/","url":"https:\/\/nordicpadel.com\/sv\/wp-content\/uploads\/sites\/10\/2022\/12\/Nordic-Padel-small_1-1.png","contentUrl":"https:\/\/nordicpadel.com\/sv\/wp-content\/uploads\/sites\/10\/2022\/12\/Nordic-Padel-small_1-1.png","width":400,"height":119,"caption":"Nordic Padel"},"image":{"@id":"https:\/\/nordicpadel.com\/sv\/#\/schema\/logo\/image\/"}}]}},"brands":[],"_links":{"self":[{"href":"https:\/\/nordicpadel.com\/sv\/wp-json\/wp\/v2\/product\/93919","targetHints":{"allow":["GET"]}}],"collection":[{"href":"https:\/\/nordicpadel.com\/sv\/wp-json\/wp\/v2\/product"}],"about":[{"href":"https:\/\/nordicpadel.com\/sv\/wp-json\/wp\/v2\/types\/product"}],"replies":[{"embeddable":true,"href":"https:\/\/nordicpadel.com\/sv\/wp-json\/wp\/v2\/comments?post=93919"}],"wp:featuredmedia":[{"embeddable":true,"href":"https:\/\/nordicpadel.com\/sv\/wp-json\/wp\/v2\/media\/93907"}],"wp:attachment":[{"href":"https:\/\/nordicpadel.com\/sv\/wp-json\/wp\/v2\/media?parent=93919"}],"wp:term":[{"taxonomy":"pwb-brand","embeddable":true,"href":"https:\/\/nordicpadel.com\/sv\/wp-json\/wp\/v2\/pwb-brand?post=93919"},{"taxonomy":"product_cat","embeddable":true,"href":"https:\/\/nordicpadel.com\/sv\/wp-json\/wp\/v2\/product_cat?post=93919"},{"taxonomy":"product_tag","embeddable":true,"href":"https:\/\/nordicpadel.com\/sv\/wp-json\/wp\/v2\/product_tag?post=93919"},{"taxonomy":"woo-feed-brand","embeddable":true,"href":"https:\/\/nordicpadel.com\/sv\/wp-json\/wp\/v2\/woo-feed-brand?post=93919"}],"curies":[{"name":"wp","href":"https:\/\/api.w.org\/{rel}","templated":true}]}}