{"id":93794,"date":"2025-11-26T18:58:41","date_gmt":"2025-11-26T17:58:41","guid":{"rendered":"https:\/\/nordicpadel.com\/sv\/product\/nike-zoom-gp-challenge-1\/"},"modified":"2026-03-23T17:36:43","modified_gmt":"2026-03-23T16:36:43","slug":"nike-zoom-gp-challenge-1","status":"publish","type":"product","link":"https:\/\/nordicpadel.com\/sv\/product\/nike-zoom-gp-challenge-1\/","title":{"rendered":"Nike Zoom GP Challenge 1"},"content":{"rendered":"<p>Skapad f\u00f6r de b\u00e4sta och de som str\u00e4var efter att bli det, \u00e4r GP Challenge 1 din ultimata val p\u00e5 tennisbanan eller padelabnan. Ett kraftfullt verktyg som inte bara hj\u00e4lper dig att dominera varje match, utan ocks\u00e5 att utveckla ditt spel till n\u00e4sta niv\u00e5.<\/p>\n<p>Zooma Fram\u00e5t<\/p>\n<p>Med Air Zoom-enheter och avancerad sidostabilitet \u00e4r GP Challenge 1 utformad f\u00f6r att ge dig \u00f6verl\u00e4gsen prestanda. Den fr\u00e4mre Air Zoom-enheten s\u00e4tter fart p\u00e5 dina f\u00f6rsta steg och hj\u00e4lper dig att spela p\u00e5 t\u00e5rna, medan den bakre Air Zoom-enheten ger den n\u00f6dv\u00e4ndiga stabiliteten och st\u00f6det f\u00f6r att ta ditt spel till nya h\u00f6jder.<\/p>\n<p>Oavbruten R\u00f6relse<\/p>\n<p>En robust mellanfotsplatta av h\u00f6gkvalitativ plast ger o\u00f6vertr\u00e4ffad stabilitet under snabba klipp och \u00f6verf\u00f6r energi smidigt mellan varje r\u00f6relse. Den unika v\u00e4vningen runt \u00f6l\u00f6porna, i kombination med plattan, ger en &#8220;omfamnande&#8221; k\u00e4nsla som h\u00e5ller dig centrerad och i kontroll under sidledes r\u00f6relser. Den extra vadderade h\u00e4len ger \u00f6verl\u00e4gsen komfort och st\u00f6d, s\u00e5 du kan forts\u00e4tta r\u00f6ra dig med sj\u00e4lvf\u00f6rtroende.<\/p>\n<p>Garanterat Grepp<\/p>\n<p>GP Challenge 1 \u00e4r konstruerad med extra gummi i t\u00e5omr\u00e5det, speciellt p\u00e5 stort\u00e5sidan, f\u00f6r \u00f6kad h\u00e5llbarhet. Den slitstarka gummit i framfoten ger inte bara exceptionellt grepp utan ocks\u00e5 l\u00e5ngvarig h\u00e5llbarhet. Vi har s\u00e4rskilt designat h\u00e4len f\u00f6r att m\u00f6jligg\u00f6ra gungande r\u00f6relser, perfekt f\u00f6r att dra tillbaka f\u00f6r en kraftfull serve som imponerar p\u00e5 varje motst\u00e5ndare.<\/p>\n","protected":false},"excerpt":{"rendered":"<p>Skapad f\u00f6r de b\u00e4sta och de som str\u00e4var efter att bli det, \u00e4r GP Challenge 1 din ultimata val p\u00e5 tennisbanan eller padelabnan. Ett kraftfullt verktyg som inte bara hj\u00e4lper dig att dominera varje match, utan ocks\u00e5 att utveckla ditt spel till n\u00e4sta niv\u00e5. Zooma Fram\u00e5t Med Air Zoom-enheter och avancerad sidostabilitet \u00e4r GP Challenge [&hellip;]<\/p>\n","protected":false},"featured_media":93781,"comment_status":"open","ping_status":"closed","template":"","meta":[],"pwb-brand":[],"product_cat":[38],"product_tag":[],"woo-feed-brand":[],"class_list":{"0":"post-93794","1":"product","2":"type-product","3":"status-publish","4":"has-post-thumbnail","6":"product_cat-herr","7":"pa_varumarke-nike","9":"first","10":"instock","11":"sale","12":"taxable","13":"shipping-taxable","14":"purchasable","15":"product-type-variable"},"bundled_by":[],"bundle_stock_status":"instock","bundle_stock_quantity":4,"bundle_virtual":false,"bundle_layout":"","bundle_add_to_cart_form_location":"","bundle_editable_in_cart":false,"bundle_sold_individually_context":"","bundle_item_grouping":"","bundle_min_size":"","bundle_max_size":"","bundled_items":[],"bundle_sell_ids":[],"acf":[],"yoast_head":"<!-- This site is optimized with the Yoast SEO plugin v23.1 - https:\/\/yoast.com\/wordpress\/plugins\/seo\/ -->\n<title>Nike Zoom GP Challenge 1 - Nordic Padel<\/title>\n<meta name=\"robots\" content=\"index, follow, max-snippet:-1, max-image-preview:large, max-video-preview:-1\" \/>\n<link rel=\"canonical\" href=\"https:\/\/nordicpadel.com\/sv\/product\/nike-zoom-gp-challenge-1\/\" \/>\n<meta property=\"og:locale\" content=\"sv_SE\" \/>\n<meta property=\"og:type\" content=\"article\" \/>\n<meta property=\"og:title\" content=\"Nike Zoom GP Challenge 1 - Nordic Padel\" \/>\n<meta property=\"og:description\" content=\"Skapad f\u00f6r de b\u00e4sta och de som str\u00e4var efter att bli det, \u00e4r GP Challenge 1 din ultimata val p\u00e5 tennisbanan eller padelabnan. Ett kraftfullt verktyg som inte bara hj\u00e4lper dig att dominera varje match, utan ocks\u00e5 att utveckla ditt spel till n\u00e4sta niv\u00e5. Zooma Fram\u00e5t Med Air Zoom-enheter och avancerad sidostabilitet \u00e4r GP Challenge [&hellip;]\" \/>\n<meta property=\"og:url\" content=\"https:\/\/nordicpadel.com\/sv\/product\/nike-zoom-gp-challenge-1\/\" \/>\n<meta property=\"og:site_name\" content=\"Nordic Padel\" \/>\n<meta property=\"article:modified_time\" content=\"2026-03-23T16:36:43+00:00\" \/>\n<meta property=\"og:image\" content=\"https:\/\/nordicpadel.com\/sv\/wp-content\/uploads\/sites\/10\/2025\/11\/b2b254ccc58f559c6b0d10aa82bd8ead.png\" \/>\n\t<meta property=\"og:image:width\" content=\"800\" \/>\n\t<meta property=\"og:image:height\" content=\"800\" \/>\n\t<meta property=\"og:image:type\" content=\"image\/png\" \/>\n<meta name=\"twitter:card\" content=\"summary_large_image\" \/>\n<meta name=\"twitter:label1\" content=\"Ber\u00e4knad l\u00e4stid\" \/>\n\t<meta name=\"twitter:data1\" content=\"1 minut\" \/>\n<script type=\"application\/ld+json\" class=\"yoast-schema-graph\">{\"@context\":\"https:\/\/schema.org\",\"@graph\":[{\"@type\":\"WebPage\",\"@id\":\"https:\/\/nordicpadel.com\/sv\/product\/nike-zoom-gp-challenge-1\/\",\"url\":\"https:\/\/nordicpadel.com\/sv\/product\/nike-zoom-gp-challenge-1\/\",\"name\":\"Nike Zoom GP Challenge 1 - Nordic Padel\",\"isPartOf\":{\"@id\":\"https:\/\/nordicpadel.com\/sv\/#website\"},\"primaryImageOfPage\":{\"@id\":\"https:\/\/nordicpadel.com\/sv\/product\/nike-zoom-gp-challenge-1\/#primaryimage\"},\"image\":{\"@id\":\"https:\/\/nordicpadel.com\/sv\/product\/nike-zoom-gp-challenge-1\/#primaryimage\"},\"thumbnailUrl\":\"https:\/\/nordicpadel.com\/sv\/wp-content\/uploads\/sites\/10\/2025\/11\/b2b254ccc58f559c6b0d10aa82bd8ead.png\",\"datePublished\":\"2025-11-26T17:58:41+00:00\",\"dateModified\":\"2026-03-23T16:36:43+00:00\",\"breadcrumb\":{\"@id\":\"https:\/\/nordicpadel.com\/sv\/product\/nike-zoom-gp-challenge-1\/#breadcrumb\"},\"inLanguage\":\"sv-SE\",\"potentialAction\":[{\"@type\":\"ReadAction\",\"target\":[\"https:\/\/nordicpadel.com\/sv\/product\/nike-zoom-gp-challenge-1\/\"]}]},{\"@type\":\"ImageObject\",\"inLanguage\":\"sv-SE\",\"@id\":\"https:\/\/nordicpadel.com\/sv\/product\/nike-zoom-gp-challenge-1\/#primaryimage\",\"url\":\"https:\/\/nordicpadel.com\/sv\/wp-content\/uploads\/sites\/10\/2025\/11\/b2b254ccc58f559c6b0d10aa82bd8ead.png\",\"contentUrl\":\"https:\/\/nordicpadel.com\/sv\/wp-content\/uploads\/sites\/10\/2025\/11\/b2b254ccc58f559c6b0d10aa82bd8ead.png\",\"width\":800,\"height\":800,\"caption\":\"Nike Zoom GP Challenge 1\"},{\"@type\":\"BreadcrumbList\",\"@id\":\"https:\/\/nordicpadel.com\/sv\/product\/nike-zoom-gp-challenge-1\/#breadcrumb\",\"itemListElement\":[{\"@type\":\"ListItem\",\"position\":1,\"name\":\"Hem\",\"item\":\"https:\/\/nordicpadel.com\/sv\/\"},{\"@type\":\"ListItem\",\"position\":2,\"name\":\"Shop\",\"item\":\"https:\/\/nordicpadel.com\/sv\/shop\/\"},{\"@type\":\"ListItem\",\"position\":3,\"name\":\"Nike Zoom GP Challenge 1\"}]},{\"@type\":\"WebSite\",\"@id\":\"https:\/\/nordicpadel.com\/sv\/#website\",\"url\":\"https:\/\/nordicpadel.com\/sv\/\",\"name\":\"Nordic Padel\",\"description\":\"\",\"publisher\":{\"@id\":\"https:\/\/nordicpadel.com\/sv\/#organization\"},\"potentialAction\":[{\"@type\":\"SearchAction\",\"target\":{\"@type\":\"EntryPoint\",\"urlTemplate\":\"https:\/\/nordicpadel.com\/sv\/?s={search_term_string}\"},\"query-input\":\"required name=search_term_string\"}],\"inLanguage\":\"sv-SE\"},{\"@type\":\"Organization\",\"@id\":\"https:\/\/nordicpadel.com\/sv\/#organization\",\"name\":\"Nordic Padel\",\"url\":\"https:\/\/nordicpadel.com\/sv\/\",\"logo\":{\"@type\":\"ImageObject\",\"inLanguage\":\"sv-SE\",\"@id\":\"https:\/\/nordicpadel.com\/sv\/#\/schema\/logo\/image\/\",\"url\":\"https:\/\/nordicpadel.com\/sv\/wp-content\/uploads\/sites\/10\/2022\/12\/Nordic-Padel-small_1-1.png\",\"contentUrl\":\"https:\/\/nordicpadel.com\/sv\/wp-content\/uploads\/sites\/10\/2022\/12\/Nordic-Padel-small_1-1.png\",\"width\":400,\"height\":119,\"caption\":\"Nordic Padel\"},\"image\":{\"@id\":\"https:\/\/nordicpadel.com\/sv\/#\/schema\/logo\/image\/\"}}]}<\/script>\n<!-- \/ Yoast SEO plugin. -->","yoast_head_json":{"title":"Nike Zoom GP Challenge 1 - Nordic Padel","robots":{"index":"index","follow":"follow","max-snippet":"max-snippet:-1","max-image-preview":"max-image-preview:large","max-video-preview":"max-video-preview:-1"},"canonical":"https:\/\/nordicpadel.com\/sv\/product\/nike-zoom-gp-challenge-1\/","og_locale":"sv_SE","og_type":"article","og_title":"Nike Zoom GP Challenge 1 - Nordic Padel","og_description":"Skapad f\u00f6r de b\u00e4sta och de som str\u00e4var efter att bli det, \u00e4r GP Challenge 1 din ultimata val p\u00e5 tennisbanan eller padelabnan. Ett kraftfullt verktyg som inte bara hj\u00e4lper dig att dominera varje match, utan ocks\u00e5 att utveckla ditt spel till n\u00e4sta niv\u00e5. Zooma Fram\u00e5t Med Air Zoom-enheter och avancerad sidostabilitet \u00e4r GP Challenge [&hellip;]","og_url":"https:\/\/nordicpadel.com\/sv\/product\/nike-zoom-gp-challenge-1\/","og_site_name":"Nordic Padel","article_modified_time":"2026-03-23T16:36:43+00:00","og_image":[{"width":800,"height":800,"url":"https:\/\/nordicpadel.com\/sv\/wp-content\/uploads\/sites\/10\/2025\/11\/b2b254ccc58f559c6b0d10aa82bd8ead.png","type":"image\/png"}],"twitter_card":"summary_large_image","twitter_misc":{"Ber\u00e4knad l\u00e4stid":"1 minut"},"schema":{"@context":"https:\/\/schema.org","@graph":[{"@type":"WebPage","@id":"https:\/\/nordicpadel.com\/sv\/product\/nike-zoom-gp-challenge-1\/","url":"https:\/\/nordicpadel.com\/sv\/product\/nike-zoom-gp-challenge-1\/","name":"Nike Zoom GP Challenge 1 - Nordic Padel","isPartOf":{"@id":"https:\/\/nordicpadel.com\/sv\/#website"},"primaryImageOfPage":{"@id":"https:\/\/nordicpadel.com\/sv\/product\/nike-zoom-gp-challenge-1\/#primaryimage"},"image":{"@id":"https:\/\/nordicpadel.com\/sv\/product\/nike-zoom-gp-challenge-1\/#primaryimage"},"thumbnailUrl":"https:\/\/nordicpadel.com\/sv\/wp-content\/uploads\/sites\/10\/2025\/11\/b2b254ccc58f559c6b0d10aa82bd8ead.png","datePublished":"2025-11-26T17:58:41+00:00","dateModified":"2026-03-23T16:36:43+00:00","breadcrumb":{"@id":"https:\/\/nordicpadel.com\/sv\/product\/nike-zoom-gp-challenge-1\/#breadcrumb"},"inLanguage":"sv-SE","potentialAction":[{"@type":"ReadAction","target":["https:\/\/nordicpadel.com\/sv\/product\/nike-zoom-gp-challenge-1\/"]}]},{"@type":"ImageObject","inLanguage":"sv-SE","@id":"https:\/\/nordicpadel.com\/sv\/product\/nike-zoom-gp-challenge-1\/#primaryimage","url":"https:\/\/nordicpadel.com\/sv\/wp-content\/uploads\/sites\/10\/2025\/11\/b2b254ccc58f559c6b0d10aa82bd8ead.png","contentUrl":"https:\/\/nordicpadel.com\/sv\/wp-content\/uploads\/sites\/10\/2025\/11\/b2b254ccc58f559c6b0d10aa82bd8ead.png","width":800,"height":800,"caption":"Nike Zoom GP Challenge 1"},{"@type":"BreadcrumbList","@id":"https:\/\/nordicpadel.com\/sv\/product\/nike-zoom-gp-challenge-1\/#breadcrumb","itemListElement":[{"@type":"ListItem","position":1,"name":"Hem","item":"https:\/\/nordicpadel.com\/sv\/"},{"@type":"ListItem","position":2,"name":"Shop","item":"https:\/\/nordicpadel.com\/sv\/shop\/"},{"@type":"ListItem","position":3,"name":"Nike Zoom GP Challenge 1"}]},{"@type":"WebSite","@id":"https:\/\/nordicpadel.com\/sv\/#website","url":"https:\/\/nordicpadel.com\/sv\/","name":"Nordic Padel","description":"","publisher":{"@id":"https:\/\/nordicpadel.com\/sv\/#organization"},"potentialAction":[{"@type":"SearchAction","target":{"@type":"EntryPoint","urlTemplate":"https:\/\/nordicpadel.com\/sv\/?s={search_term_string}"},"query-input":"required name=search_term_string"}],"inLanguage":"sv-SE"},{"@type":"Organization","@id":"https:\/\/nordicpadel.com\/sv\/#organization","name":"Nordic Padel","url":"https:\/\/nordicpadel.com\/sv\/","logo":{"@type":"ImageObject","inLanguage":"sv-SE","@id":"https:\/\/nordicpadel.com\/sv\/#\/schema\/logo\/image\/","url":"https:\/\/nordicpadel.com\/sv\/wp-content\/uploads\/sites\/10\/2022\/12\/Nordic-Padel-small_1-1.png","contentUrl":"https:\/\/nordicpadel.com\/sv\/wp-content\/uploads\/sites\/10\/2022\/12\/Nordic-Padel-small_1-1.png","width":400,"height":119,"caption":"Nordic Padel"},"image":{"@id":"https:\/\/nordicpadel.com\/sv\/#\/schema\/logo\/image\/"}}]}},"brands":[],"_links":{"self":[{"href":"https:\/\/nordicpadel.com\/sv\/wp-json\/wp\/v2\/product\/93794","targetHints":{"allow":["GET"]}}],"collection":[{"href":"https:\/\/nordicpadel.com\/sv\/wp-json\/wp\/v2\/product"}],"about":[{"href":"https:\/\/nordicpadel.com\/sv\/wp-json\/wp\/v2\/types\/product"}],"replies":[{"embeddable":true,"href":"https:\/\/nordicpadel.com\/sv\/wp-json\/wp\/v2\/comments?post=93794"}],"wp:featuredmedia":[{"embeddable":true,"href":"https:\/\/nordicpadel.com\/sv\/wp-json\/wp\/v2\/media\/93781"}],"wp:attachment":[{"href":"https:\/\/nordicpadel.com\/sv\/wp-json\/wp\/v2\/media?parent=93794"}],"wp:term":[{"taxonomy":"pwb-brand","embeddable":true,"href":"https:\/\/nordicpadel.com\/sv\/wp-json\/wp\/v2\/pwb-brand?post=93794"},{"taxonomy":"product_cat","embeddable":true,"href":"https:\/\/nordicpadel.com\/sv\/wp-json\/wp\/v2\/product_cat?post=93794"},{"taxonomy":"product_tag","embeddable":true,"href":"https:\/\/nordicpadel.com\/sv\/wp-json\/wp\/v2\/product_tag?post=93794"},{"taxonomy":"woo-feed-brand","embeddable":true,"href":"https:\/\/nordicpadel.com\/sv\/wp-json\/wp\/v2\/woo-feed-brand?post=93794"}],"curies":[{"name":"wp","href":"https:\/\/api.w.org\/{rel}","templated":true}]}}