{"id":93770,"date":"2025-11-26T18:58:32","date_gmt":"2025-11-26T17:58:32","guid":{"rendered":"https:\/\/nordicpadel.com\/sv\/product\/adidas-adipower-multiweight-ctrl-3-3\/"},"modified":"2025-12-27T13:33:38","modified_gmt":"2025-12-27T12:33:38","slug":"adidas-adipower-multiweight-ctrl-3-3","status":"publish","type":"product","link":"https:\/\/nordicpadel.com\/sv\/product\/adidas-adipower-multiweight-ctrl-3-3\/","title":{"rendered":"Adidas Adipower Multiweight Ctrl 3.3"},"content":{"rendered":"<p>H\u00e4r presenterar vi stolt modellen som v\u00e4rldstian Alex Ruiz spelar med p\u00e5 WPT-touren under 2024.<\/p>\n<p>Adipower CTRL \u00e4r Adid\u200bas b\u00e4st s\u00e4ljande padelracket i toppsegmentet. Serien best\u00e5r av ett g\u00e4ng toppracketar fr\u00e5n Adidas som passar duktiga motion\u00e4rer med bra bolltr\u00e4ff likv\u00e4l som t\u00e4vlingsspelare p\u00e5 absolut elitniv\u00e5.<\/p>\n<p>Nytt f\u00f6r \u00e5rets upplaga \u00e4r att man har uppgraderat materialet i tr\u00e4ffytan till 18K kolfiber, j\u00e4mf\u00f6rt med f\u00f6reg\u00e5ngarens 15K. Detta inneb\u00e4r att 2024 \u00e5rs modell \u00e4r n\u00e5got styvare. K\u00e4rnan i Adipower Multiweight \u00e4r den h\u00e5rdare modellen fr\u00e5n Adidas, ben\u00e4mnd High Memory High-density EVA rubber. Detta sticker ut gentemot normen g\u00e4llande padelracketar inriktade mot kontroll. En h\u00e5rd k\u00e4rna och en styvare tr\u00e4ffyta, kombinerat med den runda formen, \u00e4r inte n\u00e5got vi vanligtvis ser. Detta g\u00f6r Adipower Multiweight till en riktigt sp\u00e4nnande modell som du verkligen kan \u00f6verraska dina motst\u00e5ndare med dina kraftfulla offensiva slag.<\/p>\n<p>Precis som Metalbone-serien kan man med Adipower Multiweight justera vikten och balansen p\u00e5 padelracket med l\u00f6stagbara vikter. Vikterna kan snabbt och enkelt monteras p\u00e5 eller av med en medf\u00f6ljande nyckel. Med detta sagt kan du som spelare laborera och hitta en vikt som passar just din spelstil b\u00e4st. Dessa vikter kan f\u00e4stas b\u00e5de i toppen av racket f\u00f6r att h\u00f6ja balansen ordentligt eller p\u00e5 sidan av racket f\u00f6r att g\u00f6ra mindre justeringar vad g\u00e4ller balansen. Vid montering av vikterna kan spelaren \u00e4ven \u00f6ka vikten med upp till 9 gram om man f\u00f6redrar ett tyngre padelracket.<\/p>\n<p>Utan vikterna har padelracket en ganska l\u00e5g vikt p\u00e5 mellan 355-365 gram, vilket kan vara bra f\u00f6r spelaren som har problem med tennisarmb\u00e5ge\/padelarmb\u00e5ge eller rent av spelaren som f\u00f6redrar att spela med ett l\u00e4ttare racket.<\/p>\n<p>Denna modell har en rund form med balansen liggandes mitt i racket, vilket inneb\u00e4r att Adipower Multiweight CTRL riktar sig till de defensivare spelarna som spelar l\u00e4ngre bak p\u00e5 banan med mycket kontroll och successivt tr\u00f6ttar ut sina motst\u00e5ndare.<\/p>\n<p>Detta \u00e4r verkligen ett maxat kontrollracket f\u00f6r den kr\u00e4sna padelspelaren som endast n\u00f6jer sig med det absolut b\u00e4sta.<\/p>\n<p>Teknologier:<\/p>\n<p>High Memory, High-Density EVA Rubber: Adid\u200bas h\u00e5rdaste k\u00e4rna f\u00f6r en kraftfull spelupplevelse, en styv k\u00e4rna som ger mycket tidseffektiv tidsresponsivitet vid bolltr\u00e4ff f\u00f6r att ytterligare f\u00f6rsv\u00e5ra f\u00f6r dina motst\u00e5ndare. Detta p\u00e5 bekostnad av komfort vid tillslag.<\/p>\n<p>Dual Exoskeleton: Dubbel ins\u00e4ttning av 100% kolfiberr\u00e4nder inom strukturen som f\u00f6rst\u00e4rker k\u00e4rnan och ramen p\u00e5 padelracket.<\/p>\n<p>Weight &amp; Balance System Multiweight: Viktsystem placerat p\u00e5 kanten och huvudet p\u00e5 racketen. Det l\u00e5ter dig \u00e4ndra vikten och balansen genom att ta bort eller l\u00e4gga till upp till 9 gram f\u00f6rdelade p\u00e5 7 skruvar. Du kan flytta skruvarna mellan de 13 h\u00e5len f\u00f6r att anpassa balansen efter dina behov.<\/p>\n<p>Carbon Fiber 18K: 18K kolfiber, med fl\u00e4tade kolfibertr\u00e5dar f\u00f6r styrka, h\u00e5llbarhet och styvhet.<\/p>\n<p>Spin Blade: Strukturerad tr\u00e4ffyta som hj\u00e4lper till att f\u00f6rb\u00e4ttra k\u00e4nslan av kontroll och \u00f6kar m\u00e4ngden spinn som kan ges till bollen.<\/p>\n<p>Power Embossed Ridge: Yttre ribba p\u00e5 kolfiberkompositramen ger \u00f6kad styvhet och h\u00e5llbarhet \u00e5t strukturen.<\/p>\n<p>3M Protector Tape: L\u00e4tt och h\u00e5llbar 3M-klisterfilm som skyddar ditt racket i alla spelsituationer. Skr\u00e4ddarsydd f\u00f6r Adipower-seriens modeller.<\/p>\n","protected":false},"excerpt":{"rendered":"<p>H\u00e4r presenterar vi stolt modellen som v\u00e4rldstian Alex Ruiz spelar med p\u00e5 WPT-touren under 2024. Adipower CTRL \u00e4r Adid\u200bas b\u00e4st s\u00e4ljande padelracket i toppsegmentet. Serien best\u00e5r av ett g\u00e4ng toppracketar fr\u00e5n Adidas som passar duktiga motion\u00e4rer med bra bolltr\u00e4ff likv\u00e4l som t\u00e4vlingsspelare p\u00e5 absolut elitniv\u00e5. Nytt f\u00f6r \u00e5rets upplaga \u00e4r att man har uppgraderat materialet [&hellip;]<\/p>\n","protected":false},"featured_media":94603,"comment_status":"open","ping_status":"closed","template":"","meta":[],"pwb-brand":[],"product_cat":[458],"product_tag":[],"woo-feed-brand":[],"class_list":{"0":"post-93770","1":"product","2":"type-product","3":"status-publish","4":"has-post-thumbnail","6":"product_cat-adidas","7":"pa_varumarke-adidas","9":"first","10":"outofstock","11":"sale","12":"taxable","13":"shipping-taxable","14":"purchasable","15":"product-type-simple"},"bundled_by":[],"bundle_stock_status":"outofstock","bundle_stock_quantity":0,"bundle_virtual":false,"bundle_layout":"","bundle_add_to_cart_form_location":"","bundle_editable_in_cart":false,"bundle_sold_individually_context":"","bundle_item_grouping":"","bundle_min_size":"","bundle_max_size":"","bundled_items":[],"bundle_sell_ids":[],"acf":[],"yoast_head":"<!-- This site is optimized with the Yoast SEO plugin v23.1 - https:\/\/yoast.com\/wordpress\/plugins\/seo\/ -->\n<title>Adidas Adipower Multiweight Ctrl 3.3 - Nordic Padel<\/title>\n<meta name=\"robots\" content=\"index, follow, max-snippet:-1, max-image-preview:large, max-video-preview:-1\" \/>\n<link rel=\"canonical\" href=\"https:\/\/nordicpadel.com\/sv\/product\/adidas-adipower-multiweight-ctrl-3-3\/\" \/>\n<meta property=\"og:locale\" content=\"sv_SE\" \/>\n<meta property=\"og:type\" content=\"article\" \/>\n<meta property=\"og:title\" content=\"Adidas Adipower Multiweight Ctrl 3.3 - Nordic Padel\" \/>\n<meta property=\"og:description\" content=\"H\u00e4r presenterar vi stolt modellen som v\u00e4rldstian Alex Ruiz spelar med p\u00e5 WPT-touren under 2024. Adipower CTRL \u00e4r Adid\u200bas b\u00e4st s\u00e4ljande padelracket i toppsegmentet. Serien best\u00e5r av ett g\u00e4ng toppracketar fr\u00e5n Adidas som passar duktiga motion\u00e4rer med bra bolltr\u00e4ff likv\u00e4l som t\u00e4vlingsspelare p\u00e5 absolut elitniv\u00e5. Nytt f\u00f6r \u00e5rets upplaga \u00e4r att man har uppgraderat materialet [&hellip;]\" \/>\n<meta property=\"og:url\" content=\"https:\/\/nordicpadel.com\/sv\/product\/adidas-adipower-multiweight-ctrl-3-3\/\" \/>\n<meta property=\"og:site_name\" content=\"Nordic Padel\" \/>\n<meta property=\"article:modified_time\" content=\"2025-12-27T12:33:38+00:00\" \/>\n<meta name=\"twitter:card\" content=\"summary_large_image\" \/>\n<meta name=\"twitter:label1\" content=\"Ber\u00e4knad l\u00e4stid\" \/>\n\t<meta name=\"twitter:data1\" content=\"3 minuter\" \/>\n<script type=\"application\/ld+json\" class=\"yoast-schema-graph\">{\"@context\":\"https:\/\/schema.org\",\"@graph\":[{\"@type\":\"WebPage\",\"@id\":\"https:\/\/nordicpadel.com\/sv\/product\/adidas-adipower-multiweight-ctrl-3-3\/\",\"url\":\"https:\/\/nordicpadel.com\/sv\/product\/adidas-adipower-multiweight-ctrl-3-3\/\",\"name\":\"Adidas Adipower Multiweight Ctrl 3.3 - Nordic Padel\",\"isPartOf\":{\"@id\":\"https:\/\/nordicpadel.com\/sv\/#website\"},\"primaryImageOfPage\":{\"@id\":\"https:\/\/nordicpadel.com\/sv\/product\/adidas-adipower-multiweight-ctrl-3-3\/#primaryimage\"},\"image\":{\"@id\":\"https:\/\/nordicpadel.com\/sv\/product\/adidas-adipower-multiweight-ctrl-3-3\/#primaryimage\"},\"thumbnailUrl\":\"https:\/\/nordicpadel.com\/sv\/wp-content\/uploads\/sites\/10\/2025\/11\/25851d46b1f89696bdbca5d16d61bbb9-1.png\",\"datePublished\":\"2025-11-26T17:58:32+00:00\",\"dateModified\":\"2025-12-27T12:33:38+00:00\",\"breadcrumb\":{\"@id\":\"https:\/\/nordicpadel.com\/sv\/product\/adidas-adipower-multiweight-ctrl-3-3\/#breadcrumb\"},\"inLanguage\":\"sv-SE\",\"potentialAction\":[{\"@type\":\"ReadAction\",\"target\":[\"https:\/\/nordicpadel.com\/sv\/product\/adidas-adipower-multiweight-ctrl-3-3\/\"]}]},{\"@type\":\"ImageObject\",\"inLanguage\":\"sv-SE\",\"@id\":\"https:\/\/nordicpadel.com\/sv\/product\/adidas-adipower-multiweight-ctrl-3-3\/#primaryimage\",\"url\":\"https:\/\/nordicpadel.com\/sv\/wp-content\/uploads\/sites\/10\/2025\/11\/25851d46b1f89696bdbca5d16d61bbb9-1.png\",\"contentUrl\":\"https:\/\/nordicpadel.com\/sv\/wp-content\/uploads\/sites\/10\/2025\/11\/25851d46b1f89696bdbca5d16d61bbb9-1.png\",\"width\":800,\"height\":800,\"caption\":\"Adidas Adipower Multiweight Ctrl 3.3\"},{\"@type\":\"BreadcrumbList\",\"@id\":\"https:\/\/nordicpadel.com\/sv\/product\/adidas-adipower-multiweight-ctrl-3-3\/#breadcrumb\",\"itemListElement\":[{\"@type\":\"ListItem\",\"position\":1,\"name\":\"Hem\",\"item\":\"https:\/\/nordicpadel.com\/sv\/\"},{\"@type\":\"ListItem\",\"position\":2,\"name\":\"Shop\",\"item\":\"https:\/\/nordicpadel.com\/sv\/shop\/\"},{\"@type\":\"ListItem\",\"position\":3,\"name\":\"Adidas Adipower Multiweight Ctrl 3.3\"}]},{\"@type\":\"WebSite\",\"@id\":\"https:\/\/nordicpadel.com\/sv\/#website\",\"url\":\"https:\/\/nordicpadel.com\/sv\/\",\"name\":\"Nordic Padel\",\"description\":\"\",\"publisher\":{\"@id\":\"https:\/\/nordicpadel.com\/sv\/#organization\"},\"potentialAction\":[{\"@type\":\"SearchAction\",\"target\":{\"@type\":\"EntryPoint\",\"urlTemplate\":\"https:\/\/nordicpadel.com\/sv\/?s={search_term_string}\"},\"query-input\":\"required name=search_term_string\"}],\"inLanguage\":\"sv-SE\"},{\"@type\":\"Organization\",\"@id\":\"https:\/\/nordicpadel.com\/sv\/#organization\",\"name\":\"Nordic Padel\",\"url\":\"https:\/\/nordicpadel.com\/sv\/\",\"logo\":{\"@type\":\"ImageObject\",\"inLanguage\":\"sv-SE\",\"@id\":\"https:\/\/nordicpadel.com\/sv\/#\/schema\/logo\/image\/\",\"url\":\"https:\/\/nordicpadel.com\/sv\/wp-content\/uploads\/sites\/10\/2022\/12\/Nordic-Padel-small_1-1.png\",\"contentUrl\":\"https:\/\/nordicpadel.com\/sv\/wp-content\/uploads\/sites\/10\/2022\/12\/Nordic-Padel-small_1-1.png\",\"width\":400,\"height\":119,\"caption\":\"Nordic Padel\"},\"image\":{\"@id\":\"https:\/\/nordicpadel.com\/sv\/#\/schema\/logo\/image\/\"}}]}<\/script>\n<!-- \/ Yoast SEO plugin. -->","yoast_head_json":{"title":"Adidas Adipower Multiweight Ctrl 3.3 - Nordic Padel","robots":{"index":"index","follow":"follow","max-snippet":"max-snippet:-1","max-image-preview":"max-image-preview:large","max-video-preview":"max-video-preview:-1"},"canonical":"https:\/\/nordicpadel.com\/sv\/product\/adidas-adipower-multiweight-ctrl-3-3\/","og_locale":"sv_SE","og_type":"article","og_title":"Adidas Adipower Multiweight Ctrl 3.3 - Nordic Padel","og_description":"H\u00e4r presenterar vi stolt modellen som v\u00e4rldstian Alex Ruiz spelar med p\u00e5 WPT-touren under 2024. Adipower CTRL \u00e4r Adid\u200bas b\u00e4st s\u00e4ljande padelracket i toppsegmentet. Serien best\u00e5r av ett g\u00e4ng toppracketar fr\u00e5n Adidas som passar duktiga motion\u00e4rer med bra bolltr\u00e4ff likv\u00e4l som t\u00e4vlingsspelare p\u00e5 absolut elitniv\u00e5. Nytt f\u00f6r \u00e5rets upplaga \u00e4r att man har uppgraderat materialet [&hellip;]","og_url":"https:\/\/nordicpadel.com\/sv\/product\/adidas-adipower-multiweight-ctrl-3-3\/","og_site_name":"Nordic Padel","article_modified_time":"2025-12-27T12:33:38+00:00","twitter_card":"summary_large_image","twitter_misc":{"Ber\u00e4knad l\u00e4stid":"3 minuter"},"schema":{"@context":"https:\/\/schema.org","@graph":[{"@type":"WebPage","@id":"https:\/\/nordicpadel.com\/sv\/product\/adidas-adipower-multiweight-ctrl-3-3\/","url":"https:\/\/nordicpadel.com\/sv\/product\/adidas-adipower-multiweight-ctrl-3-3\/","name":"Adidas Adipower Multiweight Ctrl 3.3 - Nordic Padel","isPartOf":{"@id":"https:\/\/nordicpadel.com\/sv\/#website"},"primaryImageOfPage":{"@id":"https:\/\/nordicpadel.com\/sv\/product\/adidas-adipower-multiweight-ctrl-3-3\/#primaryimage"},"image":{"@id":"https:\/\/nordicpadel.com\/sv\/product\/adidas-adipower-multiweight-ctrl-3-3\/#primaryimage"},"thumbnailUrl":"https:\/\/nordicpadel.com\/sv\/wp-content\/uploads\/sites\/10\/2025\/11\/25851d46b1f89696bdbca5d16d61bbb9-1.png","datePublished":"2025-11-26T17:58:32+00:00","dateModified":"2025-12-27T12:33:38+00:00","breadcrumb":{"@id":"https:\/\/nordicpadel.com\/sv\/product\/adidas-adipower-multiweight-ctrl-3-3\/#breadcrumb"},"inLanguage":"sv-SE","potentialAction":[{"@type":"ReadAction","target":["https:\/\/nordicpadel.com\/sv\/product\/adidas-adipower-multiweight-ctrl-3-3\/"]}]},{"@type":"ImageObject","inLanguage":"sv-SE","@id":"https:\/\/nordicpadel.com\/sv\/product\/adidas-adipower-multiweight-ctrl-3-3\/#primaryimage","url":"https:\/\/nordicpadel.com\/sv\/wp-content\/uploads\/sites\/10\/2025\/11\/25851d46b1f89696bdbca5d16d61bbb9-1.png","contentUrl":"https:\/\/nordicpadel.com\/sv\/wp-content\/uploads\/sites\/10\/2025\/11\/25851d46b1f89696bdbca5d16d61bbb9-1.png","width":800,"height":800,"caption":"Adidas Adipower Multiweight Ctrl 3.3"},{"@type":"BreadcrumbList","@id":"https:\/\/nordicpadel.com\/sv\/product\/adidas-adipower-multiweight-ctrl-3-3\/#breadcrumb","itemListElement":[{"@type":"ListItem","position":1,"name":"Hem","item":"https:\/\/nordicpadel.com\/sv\/"},{"@type":"ListItem","position":2,"name":"Shop","item":"https:\/\/nordicpadel.com\/sv\/shop\/"},{"@type":"ListItem","position":3,"name":"Adidas Adipower Multiweight Ctrl 3.3"}]},{"@type":"WebSite","@id":"https:\/\/nordicpadel.com\/sv\/#website","url":"https:\/\/nordicpadel.com\/sv\/","name":"Nordic Padel","description":"","publisher":{"@id":"https:\/\/nordicpadel.com\/sv\/#organization"},"potentialAction":[{"@type":"SearchAction","target":{"@type":"EntryPoint","urlTemplate":"https:\/\/nordicpadel.com\/sv\/?s={search_term_string}"},"query-input":"required name=search_term_string"}],"inLanguage":"sv-SE"},{"@type":"Organization","@id":"https:\/\/nordicpadel.com\/sv\/#organization","name":"Nordic Padel","url":"https:\/\/nordicpadel.com\/sv\/","logo":{"@type":"ImageObject","inLanguage":"sv-SE","@id":"https:\/\/nordicpadel.com\/sv\/#\/schema\/logo\/image\/","url":"https:\/\/nordicpadel.com\/sv\/wp-content\/uploads\/sites\/10\/2022\/12\/Nordic-Padel-small_1-1.png","contentUrl":"https:\/\/nordicpadel.com\/sv\/wp-content\/uploads\/sites\/10\/2022\/12\/Nordic-Padel-small_1-1.png","width":400,"height":119,"caption":"Nordic Padel"},"image":{"@id":"https:\/\/nordicpadel.com\/sv\/#\/schema\/logo\/image\/"}}]}},"brands":[],"_links":{"self":[{"href":"https:\/\/nordicpadel.com\/sv\/wp-json\/wp\/v2\/product\/93770","targetHints":{"allow":["GET"]}}],"collection":[{"href":"https:\/\/nordicpadel.com\/sv\/wp-json\/wp\/v2\/product"}],"about":[{"href":"https:\/\/nordicpadel.com\/sv\/wp-json\/wp\/v2\/types\/product"}],"replies":[{"embeddable":true,"href":"https:\/\/nordicpadel.com\/sv\/wp-json\/wp\/v2\/comments?post=93770"}],"wp:featuredmedia":[{"embeddable":true,"href":"https:\/\/nordicpadel.com\/sv\/wp-json\/wp\/v2\/media\/94603"}],"wp:attachment":[{"href":"https:\/\/nordicpadel.com\/sv\/wp-json\/wp\/v2\/media?parent=93770"}],"wp:term":[{"taxonomy":"pwb-brand","embeddable":true,"href":"https:\/\/nordicpadel.com\/sv\/wp-json\/wp\/v2\/pwb-brand?post=93770"},{"taxonomy":"product_cat","embeddable":true,"href":"https:\/\/nordicpadel.com\/sv\/wp-json\/wp\/v2\/product_cat?post=93770"},{"taxonomy":"product_tag","embeddable":true,"href":"https:\/\/nordicpadel.com\/sv\/wp-json\/wp\/v2\/product_tag?post=93770"},{"taxonomy":"woo-feed-brand","embeddable":true,"href":"https:\/\/nordicpadel.com\/sv\/wp-json\/wp\/v2\/woo-feed-brand?post=93770"}],"curies":[{"name":"wp","href":"https:\/\/api.w.org\/{rel}","templated":true}]}}