{"id":93754,"date":"2025-11-26T18:58:26","date_gmt":"2025-11-26T17:58:26","guid":{"rendered":"https:\/\/nordicpadel.com\/sv\/product\/adidas-adipower-ctrl-3-3\/"},"modified":"2025-11-27T03:06:17","modified_gmt":"2025-11-27T02:06:17","slug":"adidas-adipower-ctrl-3-3","status":"publish","type":"product","link":"https:\/\/nordicpadel.com\/sv\/product\/adidas-adipower-ctrl-3-3\/","title":{"rendered":"Adidas Adipower CTRL 3.3"},"content":{"rendered":"<p>Adipower CTRL \u00e4r inte bara ett padelracket \u2013 det \u00e4r en kraftfull f\u00f6rl\u00e4ngning av din spelstil och en nyckel till \u00f6verl\u00e4gsen kontroll och spelk\u00e4nsla p\u00e5 banan. Det \u00e4r inte f\u00f6rv\u00e5nande att detta racket \u00e4r en favorit bland entusiaster och professionella spelare, och det \u00e4r k\u00e4nt f\u00f6r att leverera en exceptionell kombination av hantering och precision.<\/p>\n<p>Det h\u00e4r racketet \u00e4r s\u00e4rskilt utformat f\u00f6r dig som kr\u00e4ver mer av din utrustning. Dual Exoskeleton, en avancerad teknologi inb\u00e4ddad i racketets konstruktion, st\u00e4rker k\u00e4rnan och ger en stabil grund f\u00f6r varje slag. Power Embossed Ridge, en innovativ ribba av kolfiber i ramen, f\u00f6rb\u00e4ttrar racketets styvhet och ger extra kraft till ditt spel. Varje detalj \u00e4r noggrant utt\u00e4nkt f\u00f6r att ge dig den ultimata spelupplevelsen.<\/p>\n<p>Adipower CTRL utnyttjar kraften hos 3K kolfiber och Eva Soft Performance, vilket resulterar i en perfekt balans mellan komfort och kraft. Det \u00e4r inte bara ett racket, det \u00e4r din partner p\u00e5 banan som l\u00e5ter dig utforska gr\u00e4nserna f\u00f6r ditt spel. Spin Blade Mold med dess karakteristiska grovhet ger inte bara optimal bolltr\u00e4ff utan ger ocks\u00e5 den extra spin du beh\u00f6ver f\u00f6r att \u00f6verraska dina motst\u00e5ndare.<\/p>\n<p>Oavsett om du \u00e4r en kr\u00e4sen nyb\u00f6rjare, motion\u00e4r eller en t\u00e4vlingsspelare som prioriterar kontroll \u00f6ver fart, \u00e4r Adipower CTRL det perfekta valet. Denna uppdaterade variant av den popul\u00e4ra Adipower CTRL 3.2 tar din padelupplevelse till nya h\u00f6jder och ger dig verktygen f\u00f6r att dominera p\u00e5 banan. Med Adipower CTRL tar du kommandot och f\u00f6rvandlar varje po\u00e4ng till en fr\u00f6jd.<\/p>\n<p>Teknologier:<\/p>\n<p>Soft Performance: Adidas mjukaste k\u00e4rna f\u00f6r en f\u00f6r armen skonsam bolltr\u00e4ff, bekv\u00e4m spelupplevelse &amp; hj\u00e4lp med farten p\u00e5 bekostnad av tidsresponsiviteten.<\/p>\n<p>Dual Exoskeleton: Dubbel ins\u00e4ttning av 100% kolfiberr\u00e4nder inom strukturen som f\u00f6rst\u00e4rker k\u00e4rnan och ramen p\u00e5 padelracket.<\/p>\n<p>Carbon Fiber 3K: 3K kolfiber f\u00f6r kraft, flexibilitet och h\u00e5llbarhet.<\/p>\n<p>Power Embossed Ridge: Yttre ribba p\u00e5 kolfiberkompositramen ger \u00f6kad styvhet och h\u00e5llbarhet \u00e5t strukturen.<\/p>\n<p>Spin Blade: Strukturerad tr\u00e4ffyta som hj\u00e4lper till att f\u00f6rb\u00e4ttra k\u00e4nslan av kontroll och \u00f6kar m\u00e4ngden spinn som kan ges till bollen.<\/p>\n<p>3M Protector Tape: L\u00e4tt och h\u00e5llbar 3M-klisterfilm som skyddar ditt racket i alla spelsituationer. Skr\u00e4ddarsydd f\u00f6r adipower-seriens modeller.<\/p>\n","protected":false},"excerpt":{"rendered":"<p>Adipower CTRL \u00e4r inte bara ett padelracket \u2013 det \u00e4r en kraftfull f\u00f6rl\u00e4ngning av din spelstil och en nyckel till \u00f6verl\u00e4gsen kontroll och spelk\u00e4nsla p\u00e5 banan. Det \u00e4r inte f\u00f6rv\u00e5nande att detta racket \u00e4r en favorit bland entusiaster och professionella spelare, och det \u00e4r k\u00e4nt f\u00f6r att leverera en exceptionell kombination av hantering och precision. [&hellip;]<\/p>\n","protected":false},"featured_media":93691,"comment_status":"open","ping_status":"closed","template":"","meta":[],"pwb-brand":[],"product_cat":[458],"product_tag":[],"woo-feed-brand":[],"class_list":{"0":"post-93754","1":"product","2":"type-product","3":"status-publish","4":"has-post-thumbnail","6":"product_cat-adidas","7":"pa_varumarke-adidas","9":"first","10":"outofstock","11":"taxable","12":"shipping-taxable","13":"purchasable","14":"product-type-simple"},"bundled_by":[],"bundle_stock_status":"outofstock","bundle_stock_quantity":0,"bundle_virtual":false,"bundle_layout":"","bundle_add_to_cart_form_location":"","bundle_editable_in_cart":false,"bundle_sold_individually_context":"","bundle_item_grouping":"","bundle_min_size":"","bundle_max_size":"","bundled_items":[],"bundle_sell_ids":[],"acf":[],"yoast_head":"<!-- This site is optimized with the Yoast SEO plugin v23.1 - https:\/\/yoast.com\/wordpress\/plugins\/seo\/ -->\n<title>Adidas Adipower CTRL 3.3 - Nordic Padel<\/title>\n<meta name=\"robots\" content=\"index, follow, max-snippet:-1, max-image-preview:large, max-video-preview:-1\" \/>\n<link rel=\"canonical\" href=\"https:\/\/nordicpadel.com\/sv\/product\/adidas-adipower-ctrl-3-3\/\" \/>\n<meta property=\"og:locale\" content=\"sv_SE\" \/>\n<meta property=\"og:type\" content=\"article\" \/>\n<meta property=\"og:title\" content=\"Adidas Adipower CTRL 3.3 - Nordic Padel\" \/>\n<meta property=\"og:description\" content=\"Adipower CTRL \u00e4r inte bara ett padelracket \u2013 det \u00e4r en kraftfull f\u00f6rl\u00e4ngning av din spelstil och en nyckel till \u00f6verl\u00e4gsen kontroll och spelk\u00e4nsla p\u00e5 banan. Det \u00e4r inte f\u00f6rv\u00e5nande att detta racket \u00e4r en favorit bland entusiaster och professionella spelare, och det \u00e4r k\u00e4nt f\u00f6r att leverera en exceptionell kombination av hantering och precision. [&hellip;]\" \/>\n<meta property=\"og:url\" content=\"https:\/\/nordicpadel.com\/sv\/product\/adidas-adipower-ctrl-3-3\/\" \/>\n<meta property=\"og:site_name\" content=\"Nordic Padel\" \/>\n<meta property=\"article:modified_time\" content=\"2025-11-27T02:06:17+00:00\" \/>\n<meta name=\"twitter:card\" content=\"summary_large_image\" \/>\n<meta name=\"twitter:label1\" content=\"Ber\u00e4knad l\u00e4stid\" \/>\n\t<meta name=\"twitter:data1\" content=\"2 minuter\" \/>\n<script type=\"application\/ld+json\" class=\"yoast-schema-graph\">{\"@context\":\"https:\/\/schema.org\",\"@graph\":[{\"@type\":\"WebPage\",\"@id\":\"https:\/\/nordicpadel.com\/sv\/product\/adidas-adipower-ctrl-3-3\/\",\"url\":\"https:\/\/nordicpadel.com\/sv\/product\/adidas-adipower-ctrl-3-3\/\",\"name\":\"Adidas Adipower CTRL 3.3 - Nordic Padel\",\"isPartOf\":{\"@id\":\"https:\/\/nordicpadel.com\/sv\/#website\"},\"primaryImageOfPage\":{\"@id\":\"https:\/\/nordicpadel.com\/sv\/product\/adidas-adipower-ctrl-3-3\/#primaryimage\"},\"image\":{\"@id\":\"https:\/\/nordicpadel.com\/sv\/product\/adidas-adipower-ctrl-3-3\/#primaryimage\"},\"thumbnailUrl\":\"https:\/\/nordicpadel.com\/sv\/wp-content\/uploads\/sites\/10\/2025\/11\/3767a49750ffebf4a1d18bc6d0b4334a.png\",\"datePublished\":\"2025-11-26T17:58:26+00:00\",\"dateModified\":\"2025-11-27T02:06:17+00:00\",\"breadcrumb\":{\"@id\":\"https:\/\/nordicpadel.com\/sv\/product\/adidas-adipower-ctrl-3-3\/#breadcrumb\"},\"inLanguage\":\"sv-SE\",\"potentialAction\":[{\"@type\":\"ReadAction\",\"target\":[\"https:\/\/nordicpadel.com\/sv\/product\/adidas-adipower-ctrl-3-3\/\"]}]},{\"@type\":\"ImageObject\",\"inLanguage\":\"sv-SE\",\"@id\":\"https:\/\/nordicpadel.com\/sv\/product\/adidas-adipower-ctrl-3-3\/#primaryimage\",\"url\":\"https:\/\/nordicpadel.com\/sv\/wp-content\/uploads\/sites\/10\/2025\/11\/3767a49750ffebf4a1d18bc6d0b4334a.png\",\"contentUrl\":\"https:\/\/nordicpadel.com\/sv\/wp-content\/uploads\/sites\/10\/2025\/11\/3767a49750ffebf4a1d18bc6d0b4334a.png\",\"width\":800,\"height\":800,\"caption\":\"Adidas Adipower CTRL 3.3\"},{\"@type\":\"BreadcrumbList\",\"@id\":\"https:\/\/nordicpadel.com\/sv\/product\/adidas-adipower-ctrl-3-3\/#breadcrumb\",\"itemListElement\":[{\"@type\":\"ListItem\",\"position\":1,\"name\":\"Hem\",\"item\":\"https:\/\/nordicpadel.com\/sv\/\"},{\"@type\":\"ListItem\",\"position\":2,\"name\":\"Shop\",\"item\":\"https:\/\/nordicpadel.com\/sv\/shop\/\"},{\"@type\":\"ListItem\",\"position\":3,\"name\":\"Adidas Adipower CTRL 3.3\"}]},{\"@type\":\"WebSite\",\"@id\":\"https:\/\/nordicpadel.com\/sv\/#website\",\"url\":\"https:\/\/nordicpadel.com\/sv\/\",\"name\":\"Nordic Padel\",\"description\":\"\",\"publisher\":{\"@id\":\"https:\/\/nordicpadel.com\/sv\/#organization\"},\"potentialAction\":[{\"@type\":\"SearchAction\",\"target\":{\"@type\":\"EntryPoint\",\"urlTemplate\":\"https:\/\/nordicpadel.com\/sv\/?s={search_term_string}\"},\"query-input\":\"required name=search_term_string\"}],\"inLanguage\":\"sv-SE\"},{\"@type\":\"Organization\",\"@id\":\"https:\/\/nordicpadel.com\/sv\/#organization\",\"name\":\"Nordic Padel\",\"url\":\"https:\/\/nordicpadel.com\/sv\/\",\"logo\":{\"@type\":\"ImageObject\",\"inLanguage\":\"sv-SE\",\"@id\":\"https:\/\/nordicpadel.com\/sv\/#\/schema\/logo\/image\/\",\"url\":\"https:\/\/nordicpadel.com\/sv\/wp-content\/uploads\/sites\/10\/2022\/12\/Nordic-Padel-small_1-1.png\",\"contentUrl\":\"https:\/\/nordicpadel.com\/sv\/wp-content\/uploads\/sites\/10\/2022\/12\/Nordic-Padel-small_1-1.png\",\"width\":400,\"height\":119,\"caption\":\"Nordic Padel\"},\"image\":{\"@id\":\"https:\/\/nordicpadel.com\/sv\/#\/schema\/logo\/image\/\"}}]}<\/script>\n<!-- \/ Yoast SEO plugin. -->","yoast_head_json":{"title":"Adidas Adipower CTRL 3.3 - Nordic Padel","robots":{"index":"index","follow":"follow","max-snippet":"max-snippet:-1","max-image-preview":"max-image-preview:large","max-video-preview":"max-video-preview:-1"},"canonical":"https:\/\/nordicpadel.com\/sv\/product\/adidas-adipower-ctrl-3-3\/","og_locale":"sv_SE","og_type":"article","og_title":"Adidas Adipower CTRL 3.3 - Nordic Padel","og_description":"Adipower CTRL \u00e4r inte bara ett padelracket \u2013 det \u00e4r en kraftfull f\u00f6rl\u00e4ngning av din spelstil och en nyckel till \u00f6verl\u00e4gsen kontroll och spelk\u00e4nsla p\u00e5 banan. Det \u00e4r inte f\u00f6rv\u00e5nande att detta racket \u00e4r en favorit bland entusiaster och professionella spelare, och det \u00e4r k\u00e4nt f\u00f6r att leverera en exceptionell kombination av hantering och precision. [&hellip;]","og_url":"https:\/\/nordicpadel.com\/sv\/product\/adidas-adipower-ctrl-3-3\/","og_site_name":"Nordic Padel","article_modified_time":"2025-11-27T02:06:17+00:00","twitter_card":"summary_large_image","twitter_misc":{"Ber\u00e4knad l\u00e4stid":"2 minuter"},"schema":{"@context":"https:\/\/schema.org","@graph":[{"@type":"WebPage","@id":"https:\/\/nordicpadel.com\/sv\/product\/adidas-adipower-ctrl-3-3\/","url":"https:\/\/nordicpadel.com\/sv\/product\/adidas-adipower-ctrl-3-3\/","name":"Adidas Adipower CTRL 3.3 - Nordic Padel","isPartOf":{"@id":"https:\/\/nordicpadel.com\/sv\/#website"},"primaryImageOfPage":{"@id":"https:\/\/nordicpadel.com\/sv\/product\/adidas-adipower-ctrl-3-3\/#primaryimage"},"image":{"@id":"https:\/\/nordicpadel.com\/sv\/product\/adidas-adipower-ctrl-3-3\/#primaryimage"},"thumbnailUrl":"https:\/\/nordicpadel.com\/sv\/wp-content\/uploads\/sites\/10\/2025\/11\/3767a49750ffebf4a1d18bc6d0b4334a.png","datePublished":"2025-11-26T17:58:26+00:00","dateModified":"2025-11-27T02:06:17+00:00","breadcrumb":{"@id":"https:\/\/nordicpadel.com\/sv\/product\/adidas-adipower-ctrl-3-3\/#breadcrumb"},"inLanguage":"sv-SE","potentialAction":[{"@type":"ReadAction","target":["https:\/\/nordicpadel.com\/sv\/product\/adidas-adipower-ctrl-3-3\/"]}]},{"@type":"ImageObject","inLanguage":"sv-SE","@id":"https:\/\/nordicpadel.com\/sv\/product\/adidas-adipower-ctrl-3-3\/#primaryimage","url":"https:\/\/nordicpadel.com\/sv\/wp-content\/uploads\/sites\/10\/2025\/11\/3767a49750ffebf4a1d18bc6d0b4334a.png","contentUrl":"https:\/\/nordicpadel.com\/sv\/wp-content\/uploads\/sites\/10\/2025\/11\/3767a49750ffebf4a1d18bc6d0b4334a.png","width":800,"height":800,"caption":"Adidas Adipower CTRL 3.3"},{"@type":"BreadcrumbList","@id":"https:\/\/nordicpadel.com\/sv\/product\/adidas-adipower-ctrl-3-3\/#breadcrumb","itemListElement":[{"@type":"ListItem","position":1,"name":"Hem","item":"https:\/\/nordicpadel.com\/sv\/"},{"@type":"ListItem","position":2,"name":"Shop","item":"https:\/\/nordicpadel.com\/sv\/shop\/"},{"@type":"ListItem","position":3,"name":"Adidas Adipower CTRL 3.3"}]},{"@type":"WebSite","@id":"https:\/\/nordicpadel.com\/sv\/#website","url":"https:\/\/nordicpadel.com\/sv\/","name":"Nordic Padel","description":"","publisher":{"@id":"https:\/\/nordicpadel.com\/sv\/#organization"},"potentialAction":[{"@type":"SearchAction","target":{"@type":"EntryPoint","urlTemplate":"https:\/\/nordicpadel.com\/sv\/?s={search_term_string}"},"query-input":"required name=search_term_string"}],"inLanguage":"sv-SE"},{"@type":"Organization","@id":"https:\/\/nordicpadel.com\/sv\/#organization","name":"Nordic Padel","url":"https:\/\/nordicpadel.com\/sv\/","logo":{"@type":"ImageObject","inLanguage":"sv-SE","@id":"https:\/\/nordicpadel.com\/sv\/#\/schema\/logo\/image\/","url":"https:\/\/nordicpadel.com\/sv\/wp-content\/uploads\/sites\/10\/2022\/12\/Nordic-Padel-small_1-1.png","contentUrl":"https:\/\/nordicpadel.com\/sv\/wp-content\/uploads\/sites\/10\/2022\/12\/Nordic-Padel-small_1-1.png","width":400,"height":119,"caption":"Nordic Padel"},"image":{"@id":"https:\/\/nordicpadel.com\/sv\/#\/schema\/logo\/image\/"}}]}},"brands":[],"_links":{"self":[{"href":"https:\/\/nordicpadel.com\/sv\/wp-json\/wp\/v2\/product\/93754","targetHints":{"allow":["GET"]}}],"collection":[{"href":"https:\/\/nordicpadel.com\/sv\/wp-json\/wp\/v2\/product"}],"about":[{"href":"https:\/\/nordicpadel.com\/sv\/wp-json\/wp\/v2\/types\/product"}],"replies":[{"embeddable":true,"href":"https:\/\/nordicpadel.com\/sv\/wp-json\/wp\/v2\/comments?post=93754"}],"wp:featuredmedia":[{"embeddable":true,"href":"https:\/\/nordicpadel.com\/sv\/wp-json\/wp\/v2\/media\/93691"}],"wp:attachment":[{"href":"https:\/\/nordicpadel.com\/sv\/wp-json\/wp\/v2\/media?parent=93754"}],"wp:term":[{"taxonomy":"pwb-brand","embeddable":true,"href":"https:\/\/nordicpadel.com\/sv\/wp-json\/wp\/v2\/pwb-brand?post=93754"},{"taxonomy":"product_cat","embeddable":true,"href":"https:\/\/nordicpadel.com\/sv\/wp-json\/wp\/v2\/product_cat?post=93754"},{"taxonomy":"product_tag","embeddable":true,"href":"https:\/\/nordicpadel.com\/sv\/wp-json\/wp\/v2\/product_tag?post=93754"},{"taxonomy":"woo-feed-brand","embeddable":true,"href":"https:\/\/nordicpadel.com\/sv\/wp-json\/wp\/v2\/woo-feed-brand?post=93754"}],"curies":[{"name":"wp","href":"https:\/\/api.w.org\/{rel}","templated":true}]}}