{"id":93708,"date":"2025-11-26T18:58:09","date_gmt":"2025-11-26T17:58:09","guid":{"rendered":"https:\/\/nordicpadel.com\/sv\/product\/adidas-cross-it-ctrl\/"},"modified":"2025-11-27T08:53:39","modified_gmt":"2025-11-27T07:53:39","slug":"adidas-cross-it-ctrl","status":"publish","type":"product","link":"https:\/\/nordicpadel.com\/sv\/product\/adidas-cross-it-ctrl\/","title":{"rendered":"Adidas Cross It Ctrl"},"content":{"rendered":"<p>Nya Cross It fr\u00e5n Adidas f\u00f6r med sig den mest innovativa tekniken till banan. Utvecklingen av de b\u00e4sta teknikerna i dina h\u00e4nder. Dynamic Air Flow-systemet optimerar dina slag genom att f\u00f6rb\u00e4ttra luftfl\u00f6det och minska motst\u00e5ndet, vilket ger enast\u00e5ende prestanda i varje r\u00f6relse. Extra Power Grip, med f\u00f6rl\u00e4ngt handtag och balansen f\u00f6rskjuten upp\u00e5t, ger o\u00f6vertr\u00e4ffad kraft.<\/p>\n<p>Den banbrytande designen av 11 Thirteen-h\u00e5len f\u00f6rb\u00e4ttrar h\u00e5llbarhet, kraft och prestanda i anfallsspelet. Kombinationen av aluminiserad 15K kolfiber och Eva High Memory, med h\u00f6gre densitet, ger dig tillg\u00e5ng till mycket kraft. Cross It har \u00e4ven teknologin Extra Power Grip, som inneb\u00e4r ett f\u00f6rl\u00e4ngt handtag och en strategiskt f\u00f6rskjuten balans upp\u00e5t. Denna designinnovation ger dig styrkan och kontrollen som beh\u00f6vs f\u00f6r att dominera dina motst\u00e5ndare.<\/p>\n<p>Denna modell har en rund form med balansen liggandes mitt i racket, vilket inneb\u00e4r att Cross It CTRL riktar sig till de defensivare spelarna som spelar l\u00e4ngre bak i banan med mycket kontroll och succesivt tr\u00f6ttar ut sina motst\u00e5ndare.<\/p>\n<p>Med Cross It spelar du inte bara spelet &#8211; du \u00e4ger det. H\u00f6j din prestation, bem\u00e4stra banan och ta ditt spel till nya h\u00f6jder med Cross It&#8217;s avancerade teknologi och imponerande design.<\/p>\n<p>Teknologier:<\/p>\n<p>High Memory, High Density EVA Rubber: Adidas h\u00e5rdaste k\u00e4rna f\u00f6r en kraftfull spelupplevelse, en styv k\u00e4rna som ger mycket tidseffektiv tidsrespons vid bolltr\u00e4ff f\u00f6r att ytterligare f\u00f6rsv\u00e5ra f\u00f6r dina motst\u00e5ndare. Detta p\u00e5 bekostnad av komfort vid tillslag.<\/p>\n<p>Dynamic Air Flow System: G\u00f6r dig redo f\u00f6r en spel\u00e4ndrande upplevelse n\u00e4r DAF-tekniken optimerar dina slag genom att f\u00f6rb\u00e4ttra luftfl\u00f6det och minimera motst\u00e5ndet. DAF erbjuder enast\u00e5ende prestanda med varje r\u00f6relse.<\/p>\n<p>Extra Power Grip: F\u00f6rl\u00e4ngt handtag och en strategiskt f\u00f6rskjuten balans upp\u00e5t.<\/p>\n<p>11 Thirteen Holes: Omfamna en banbrytande design med 11 Thirteen h\u00e5l teknologin. Strategiskt placerade h\u00e5l f\u00f6r att f\u00f6rb\u00e4ttra h\u00e5llbarhet, kraft och \u00f6vergripande prestanda i ditt offensiva attackspel.<\/p>\n<p>Carbon Aluminized 15K: De fl\u00e4tade kolfiberfilamenten erbjuder flexibilitet, motst\u00e5nd och styvhet, medan den aluminiserade behandlingen optimerar flexibiliteten f\u00f6r enast\u00e5ende prestanda.<\/p>\n<p>Spin Blade: Strukturerad tr\u00e4ffyta som hj\u00e4lper till att f\u00f6rb\u00e4ttra k\u00e4nslan av kontroll och \u00f6kar m\u00e4ngden spinn som kan ges till bollen.<\/p>\n","protected":false},"excerpt":{"rendered":"<p>Nya Cross It fr\u00e5n Adidas f\u00f6r med sig den mest innovativa tekniken till banan. Utvecklingen av de b\u00e4sta teknikerna i dina h\u00e4nder. Dynamic Air Flow-systemet optimerar dina slag genom att f\u00f6rb\u00e4ttra luftfl\u00f6det och minska motst\u00e5ndet, vilket ger enast\u00e5ende prestanda i varje r\u00f6relse. Extra Power Grip, med f\u00f6rl\u00e4ngt handtag och balansen f\u00f6rskjuten upp\u00e5t, ger o\u00f6vertr\u00e4ffad kraft. [&hellip;]<\/p>\n","protected":false},"featured_media":93656,"comment_status":"open","ping_status":"closed","template":"","meta":[],"pwb-brand":[],"product_cat":[458],"product_tag":[],"woo-feed-brand":[],"class_list":{"0":"post-93708","1":"product","2":"type-product","3":"status-publish","4":"has-post-thumbnail","6":"product_cat-adidas","7":"pa_varumarke-adidas","9":"first","10":"outofstock","11":"taxable","12":"shipping-taxable","13":"purchasable","14":"product-type-simple"},"bundled_by":[],"bundle_stock_status":"outofstock","bundle_stock_quantity":0,"bundle_virtual":false,"bundle_layout":"","bundle_add_to_cart_form_location":"","bundle_editable_in_cart":false,"bundle_sold_individually_context":"","bundle_item_grouping":"","bundle_min_size":"","bundle_max_size":"","bundled_items":[],"bundle_sell_ids":[],"acf":[],"yoast_head":"<!-- This site is optimized with the Yoast SEO plugin v23.1 - https:\/\/yoast.com\/wordpress\/plugins\/seo\/ -->\n<title>Adidas Cross It Ctrl - Nordic Padel<\/title>\n<meta name=\"robots\" content=\"index, follow, max-snippet:-1, max-image-preview:large, max-video-preview:-1\" \/>\n<link rel=\"canonical\" href=\"https:\/\/nordicpadel.com\/sv\/product\/adidas-cross-it-ctrl\/\" \/>\n<meta property=\"og:locale\" content=\"sv_SE\" \/>\n<meta property=\"og:type\" content=\"article\" \/>\n<meta property=\"og:title\" content=\"Adidas Cross It Ctrl - Nordic Padel\" \/>\n<meta property=\"og:description\" content=\"Nya Cross It fr\u00e5n Adidas f\u00f6r med sig den mest innovativa tekniken till banan. Utvecklingen av de b\u00e4sta teknikerna i dina h\u00e4nder. Dynamic Air Flow-systemet optimerar dina slag genom att f\u00f6rb\u00e4ttra luftfl\u00f6det och minska motst\u00e5ndet, vilket ger enast\u00e5ende prestanda i varje r\u00f6relse. Extra Power Grip, med f\u00f6rl\u00e4ngt handtag och balansen f\u00f6rskjuten upp\u00e5t, ger o\u00f6vertr\u00e4ffad kraft. [&hellip;]\" \/>\n<meta property=\"og:url\" content=\"https:\/\/nordicpadel.com\/sv\/product\/adidas-cross-it-ctrl\/\" \/>\n<meta property=\"og:site_name\" content=\"Nordic Padel\" \/>\n<meta property=\"article:modified_time\" content=\"2025-11-27T07:53:39+00:00\" \/>\n<meta property=\"og:image\" content=\"https:\/\/nordicpadel.com\/sv\/wp-content\/uploads\/sites\/10\/2025\/11\/33fd9bd1f85721a40d1bcb8d8d7fb86e.png\" \/>\n\t<meta property=\"og:image:width\" content=\"800\" \/>\n\t<meta property=\"og:image:height\" content=\"800\" \/>\n\t<meta property=\"og:image:type\" content=\"image\/png\" \/>\n<meta name=\"twitter:card\" content=\"summary_large_image\" \/>\n<meta name=\"twitter:label1\" content=\"Ber\u00e4knad l\u00e4stid\" \/>\n\t<meta name=\"twitter:data1\" content=\"2 minuter\" \/>\n<script type=\"application\/ld+json\" class=\"yoast-schema-graph\">{\"@context\":\"https:\/\/schema.org\",\"@graph\":[{\"@type\":\"WebPage\",\"@id\":\"https:\/\/nordicpadel.com\/sv\/product\/adidas-cross-it-ctrl\/\",\"url\":\"https:\/\/nordicpadel.com\/sv\/product\/adidas-cross-it-ctrl\/\",\"name\":\"Adidas Cross It Ctrl - Nordic Padel\",\"isPartOf\":{\"@id\":\"https:\/\/nordicpadel.com\/sv\/#website\"},\"primaryImageOfPage\":{\"@id\":\"https:\/\/nordicpadel.com\/sv\/product\/adidas-cross-it-ctrl\/#primaryimage\"},\"image\":{\"@id\":\"https:\/\/nordicpadel.com\/sv\/product\/adidas-cross-it-ctrl\/#primaryimage\"},\"thumbnailUrl\":\"https:\/\/nordicpadel.com\/sv\/wp-content\/uploads\/sites\/10\/2025\/11\/33fd9bd1f85721a40d1bcb8d8d7fb86e.png\",\"datePublished\":\"2025-11-26T17:58:09+00:00\",\"dateModified\":\"2025-11-27T07:53:39+00:00\",\"breadcrumb\":{\"@id\":\"https:\/\/nordicpadel.com\/sv\/product\/adidas-cross-it-ctrl\/#breadcrumb\"},\"inLanguage\":\"sv-SE\",\"potentialAction\":[{\"@type\":\"ReadAction\",\"target\":[\"https:\/\/nordicpadel.com\/sv\/product\/adidas-cross-it-ctrl\/\"]}]},{\"@type\":\"ImageObject\",\"inLanguage\":\"sv-SE\",\"@id\":\"https:\/\/nordicpadel.com\/sv\/product\/adidas-cross-it-ctrl\/#primaryimage\",\"url\":\"https:\/\/nordicpadel.com\/sv\/wp-content\/uploads\/sites\/10\/2025\/11\/33fd9bd1f85721a40d1bcb8d8d7fb86e.png\",\"contentUrl\":\"https:\/\/nordicpadel.com\/sv\/wp-content\/uploads\/sites\/10\/2025\/11\/33fd9bd1f85721a40d1bcb8d8d7fb86e.png\",\"width\":800,\"height\":800,\"caption\":\"Adidas Cross It Ctrl\"},{\"@type\":\"BreadcrumbList\",\"@id\":\"https:\/\/nordicpadel.com\/sv\/product\/adidas-cross-it-ctrl\/#breadcrumb\",\"itemListElement\":[{\"@type\":\"ListItem\",\"position\":1,\"name\":\"Hem\",\"item\":\"https:\/\/nordicpadel.com\/sv\/\"},{\"@type\":\"ListItem\",\"position\":2,\"name\":\"Shop\",\"item\":\"https:\/\/nordicpadel.com\/sv\/shop\/\"},{\"@type\":\"ListItem\",\"position\":3,\"name\":\"Adidas Cross It Ctrl\"}]},{\"@type\":\"WebSite\",\"@id\":\"https:\/\/nordicpadel.com\/sv\/#website\",\"url\":\"https:\/\/nordicpadel.com\/sv\/\",\"name\":\"Nordic Padel\",\"description\":\"\",\"publisher\":{\"@id\":\"https:\/\/nordicpadel.com\/sv\/#organization\"},\"potentialAction\":[{\"@type\":\"SearchAction\",\"target\":{\"@type\":\"EntryPoint\",\"urlTemplate\":\"https:\/\/nordicpadel.com\/sv\/?s={search_term_string}\"},\"query-input\":\"required name=search_term_string\"}],\"inLanguage\":\"sv-SE\"},{\"@type\":\"Organization\",\"@id\":\"https:\/\/nordicpadel.com\/sv\/#organization\",\"name\":\"Nordic Padel\",\"url\":\"https:\/\/nordicpadel.com\/sv\/\",\"logo\":{\"@type\":\"ImageObject\",\"inLanguage\":\"sv-SE\",\"@id\":\"https:\/\/nordicpadel.com\/sv\/#\/schema\/logo\/image\/\",\"url\":\"https:\/\/nordicpadel.com\/sv\/wp-content\/uploads\/sites\/10\/2022\/12\/Nordic-Padel-small_1-1.png\",\"contentUrl\":\"https:\/\/nordicpadel.com\/sv\/wp-content\/uploads\/sites\/10\/2022\/12\/Nordic-Padel-small_1-1.png\",\"width\":400,\"height\":119,\"caption\":\"Nordic Padel\"},\"image\":{\"@id\":\"https:\/\/nordicpadel.com\/sv\/#\/schema\/logo\/image\/\"}}]}<\/script>\n<!-- \/ Yoast SEO plugin. -->","yoast_head_json":{"title":"Adidas Cross It Ctrl - Nordic Padel","robots":{"index":"index","follow":"follow","max-snippet":"max-snippet:-1","max-image-preview":"max-image-preview:large","max-video-preview":"max-video-preview:-1"},"canonical":"https:\/\/nordicpadel.com\/sv\/product\/adidas-cross-it-ctrl\/","og_locale":"sv_SE","og_type":"article","og_title":"Adidas Cross It Ctrl - Nordic Padel","og_description":"Nya Cross It fr\u00e5n Adidas f\u00f6r med sig den mest innovativa tekniken till banan. Utvecklingen av de b\u00e4sta teknikerna i dina h\u00e4nder. Dynamic Air Flow-systemet optimerar dina slag genom att f\u00f6rb\u00e4ttra luftfl\u00f6det och minska motst\u00e5ndet, vilket ger enast\u00e5ende prestanda i varje r\u00f6relse. Extra Power Grip, med f\u00f6rl\u00e4ngt handtag och balansen f\u00f6rskjuten upp\u00e5t, ger o\u00f6vertr\u00e4ffad kraft. [&hellip;]","og_url":"https:\/\/nordicpadel.com\/sv\/product\/adidas-cross-it-ctrl\/","og_site_name":"Nordic Padel","article_modified_time":"2025-11-27T07:53:39+00:00","og_image":[{"width":800,"height":800,"url":"https:\/\/nordicpadel.com\/sv\/wp-content\/uploads\/sites\/10\/2025\/11\/33fd9bd1f85721a40d1bcb8d8d7fb86e.png","type":"image\/png"}],"twitter_card":"summary_large_image","twitter_misc":{"Ber\u00e4knad l\u00e4stid":"2 minuter"},"schema":{"@context":"https:\/\/schema.org","@graph":[{"@type":"WebPage","@id":"https:\/\/nordicpadel.com\/sv\/product\/adidas-cross-it-ctrl\/","url":"https:\/\/nordicpadel.com\/sv\/product\/adidas-cross-it-ctrl\/","name":"Adidas Cross It Ctrl - Nordic Padel","isPartOf":{"@id":"https:\/\/nordicpadel.com\/sv\/#website"},"primaryImageOfPage":{"@id":"https:\/\/nordicpadel.com\/sv\/product\/adidas-cross-it-ctrl\/#primaryimage"},"image":{"@id":"https:\/\/nordicpadel.com\/sv\/product\/adidas-cross-it-ctrl\/#primaryimage"},"thumbnailUrl":"https:\/\/nordicpadel.com\/sv\/wp-content\/uploads\/sites\/10\/2025\/11\/33fd9bd1f85721a40d1bcb8d8d7fb86e.png","datePublished":"2025-11-26T17:58:09+00:00","dateModified":"2025-11-27T07:53:39+00:00","breadcrumb":{"@id":"https:\/\/nordicpadel.com\/sv\/product\/adidas-cross-it-ctrl\/#breadcrumb"},"inLanguage":"sv-SE","potentialAction":[{"@type":"ReadAction","target":["https:\/\/nordicpadel.com\/sv\/product\/adidas-cross-it-ctrl\/"]}]},{"@type":"ImageObject","inLanguage":"sv-SE","@id":"https:\/\/nordicpadel.com\/sv\/product\/adidas-cross-it-ctrl\/#primaryimage","url":"https:\/\/nordicpadel.com\/sv\/wp-content\/uploads\/sites\/10\/2025\/11\/33fd9bd1f85721a40d1bcb8d8d7fb86e.png","contentUrl":"https:\/\/nordicpadel.com\/sv\/wp-content\/uploads\/sites\/10\/2025\/11\/33fd9bd1f85721a40d1bcb8d8d7fb86e.png","width":800,"height":800,"caption":"Adidas Cross It Ctrl"},{"@type":"BreadcrumbList","@id":"https:\/\/nordicpadel.com\/sv\/product\/adidas-cross-it-ctrl\/#breadcrumb","itemListElement":[{"@type":"ListItem","position":1,"name":"Hem","item":"https:\/\/nordicpadel.com\/sv\/"},{"@type":"ListItem","position":2,"name":"Shop","item":"https:\/\/nordicpadel.com\/sv\/shop\/"},{"@type":"ListItem","position":3,"name":"Adidas Cross It Ctrl"}]},{"@type":"WebSite","@id":"https:\/\/nordicpadel.com\/sv\/#website","url":"https:\/\/nordicpadel.com\/sv\/","name":"Nordic Padel","description":"","publisher":{"@id":"https:\/\/nordicpadel.com\/sv\/#organization"},"potentialAction":[{"@type":"SearchAction","target":{"@type":"EntryPoint","urlTemplate":"https:\/\/nordicpadel.com\/sv\/?s={search_term_string}"},"query-input":"required name=search_term_string"}],"inLanguage":"sv-SE"},{"@type":"Organization","@id":"https:\/\/nordicpadel.com\/sv\/#organization","name":"Nordic Padel","url":"https:\/\/nordicpadel.com\/sv\/","logo":{"@type":"ImageObject","inLanguage":"sv-SE","@id":"https:\/\/nordicpadel.com\/sv\/#\/schema\/logo\/image\/","url":"https:\/\/nordicpadel.com\/sv\/wp-content\/uploads\/sites\/10\/2022\/12\/Nordic-Padel-small_1-1.png","contentUrl":"https:\/\/nordicpadel.com\/sv\/wp-content\/uploads\/sites\/10\/2022\/12\/Nordic-Padel-small_1-1.png","width":400,"height":119,"caption":"Nordic Padel"},"image":{"@id":"https:\/\/nordicpadel.com\/sv\/#\/schema\/logo\/image\/"}}]}},"brands":[],"_links":{"self":[{"href":"https:\/\/nordicpadel.com\/sv\/wp-json\/wp\/v2\/product\/93708","targetHints":{"allow":["GET"]}}],"collection":[{"href":"https:\/\/nordicpadel.com\/sv\/wp-json\/wp\/v2\/product"}],"about":[{"href":"https:\/\/nordicpadel.com\/sv\/wp-json\/wp\/v2\/types\/product"}],"replies":[{"embeddable":true,"href":"https:\/\/nordicpadel.com\/sv\/wp-json\/wp\/v2\/comments?post=93708"}],"wp:featuredmedia":[{"embeddable":true,"href":"https:\/\/nordicpadel.com\/sv\/wp-json\/wp\/v2\/media\/93656"}],"wp:attachment":[{"href":"https:\/\/nordicpadel.com\/sv\/wp-json\/wp\/v2\/media?parent=93708"}],"wp:term":[{"taxonomy":"pwb-brand","embeddable":true,"href":"https:\/\/nordicpadel.com\/sv\/wp-json\/wp\/v2\/pwb-brand?post=93708"},{"taxonomy":"product_cat","embeddable":true,"href":"https:\/\/nordicpadel.com\/sv\/wp-json\/wp\/v2\/product_cat?post=93708"},{"taxonomy":"product_tag","embeddable":true,"href":"https:\/\/nordicpadel.com\/sv\/wp-json\/wp\/v2\/product_tag?post=93708"},{"taxonomy":"woo-feed-brand","embeddable":true,"href":"https:\/\/nordicpadel.com\/sv\/wp-json\/wp\/v2\/woo-feed-brand?post=93708"}],"curies":[{"name":"wp","href":"https:\/\/api.w.org\/{rel}","templated":true}]}}