{"id":93676,"date":"2025-11-26T18:57:58","date_gmt":"2025-11-26T17:57:58","guid":{"rendered":"https:\/\/nordicpadel.com\/sv\/product\/nike-zoom-vapor-pro-2-w-4\/"},"modified":"2026-02-20T11:50:04","modified_gmt":"2026-02-20T10:50:04","slug":"nike-zoom-vapor-pro-2-w-4","status":"publish","type":"product","link":"https:\/\/nordicpadel.com\/sv\/product\/nike-zoom-vapor-pro-2-w-4\/","title":{"rendered":"NIKE Zoom Vapor Pro 2 W"},"content":{"rendered":"<p>Skor f\u00f6r dig som vill ha en tennissko\/padelsko med l\u00e5g vikt samtidigt som den har n\u00e4ra k\u00e4nsla till underlaget utan att tappa d\u00e4mpning eller stabilitet.<\/p>\n<p>F\u00e4rg: Vit med svarta detaljer<\/p>\n<p>L\u00e5g l\u00e4st. Med den h\u00e4r designen av sko k\u00e4nner du dig n\u00e4ra banan och n\u00e4ra till snabba riktningf\u00f6r\u00e4ndringar<br \/>En Zoom Air-enhet f\u00f6r framfoten erbjuder bra d\u00e4mpning. Den vadderade mellansulan ger st\u00f6d utan att l\u00e4gga p\u00e5 on\u00f6dig vikt.<br \/>L\u00e4tt, andningsbar och h\u00e5llbar sko<br \/>Slitstarkt, f\u00f6rst\u00e4rkt mesh hj\u00e4lper till att h\u00e5lla dina f\u00f6tter svala och ger extra st\u00f6d.<br \/>Sockliknande passform.<br \/>Nike har tagit bort gummi i omr\u00e5den med l\u00e5g slitage f\u00f6r att h\u00e5lla vikten l\u00e5g.<br \/>Hell\u00e5ng fotram p\u00e5 utsidan av skon hj\u00e4lper till att stabilisera din fot vid snabba r\u00f6relser<\/p>\n","protected":false},"excerpt":{"rendered":"<p>Skor f\u00f6r dig som vill ha en tennissko\/padelsko med l\u00e5g vikt samtidigt som den har n\u00e4ra k\u00e4nsla till underlaget utan att tappa d\u00e4mpning eller stabilitet. F\u00e4rg: Vit med svarta detaljer L\u00e5g l\u00e4st. Med den h\u00e4r designen av sko k\u00e4nner du dig n\u00e4ra banan och n\u00e4ra till snabba riktningf\u00f6r\u00e4ndringarEn Zoom Air-enhet f\u00f6r framfoten erbjuder bra d\u00e4mpning. [&hellip;]<\/p>\n","protected":false},"featured_media":93612,"comment_status":"open","ping_status":"closed","template":"","meta":[],"pwb-brand":[],"product_cat":[37,471],"product_tag":[],"woo-feed-brand":[],"class_list":{"0":"post-93676","1":"product","2":"type-product","3":"status-publish","4":"has-post-thumbnail","6":"product_cat-dam","7":"product_cat-nike","8":"pa_varumarke-nike","10":"first","11":"outofstock","12":"sale","13":"taxable","14":"shipping-taxable","15":"purchasable","16":"product-type-simple"},"bundled_by":[],"bundle_stock_status":"outofstock","bundle_stock_quantity":0,"bundle_virtual":false,"bundle_layout":"","bundle_add_to_cart_form_location":"","bundle_editable_in_cart":false,"bundle_sold_individually_context":"","bundle_item_grouping":"","bundle_min_size":"","bundle_max_size":"","bundled_items":[],"bundle_sell_ids":[],"acf":[],"yoast_head":"<!-- This site is optimized with the Yoast SEO plugin v23.1 - https:\/\/yoast.com\/wordpress\/plugins\/seo\/ -->\n<title>NIKE Zoom Vapor Pro 2 W - Nordic Padel<\/title>\n<meta name=\"robots\" content=\"index, follow, max-snippet:-1, max-image-preview:large, max-video-preview:-1\" \/>\n<link rel=\"canonical\" href=\"https:\/\/nordicpadel.com\/sv\/product\/nike-zoom-vapor-pro-2-w-4\/\" \/>\n<meta property=\"og:locale\" content=\"sv_SE\" \/>\n<meta property=\"og:type\" content=\"article\" \/>\n<meta property=\"og:title\" content=\"NIKE Zoom Vapor Pro 2 W - Nordic Padel\" \/>\n<meta property=\"og:description\" content=\"Skor f\u00f6r dig som vill ha en tennissko\/padelsko med l\u00e5g vikt samtidigt som den har n\u00e4ra k\u00e4nsla till underlaget utan att tappa d\u00e4mpning eller stabilitet. F\u00e4rg: Vit med svarta detaljer L\u00e5g l\u00e4st. Med den h\u00e4r designen av sko k\u00e4nner du dig n\u00e4ra banan och n\u00e4ra till snabba riktningf\u00f6r\u00e4ndringarEn Zoom Air-enhet f\u00f6r framfoten erbjuder bra d\u00e4mpning. [&hellip;]\" \/>\n<meta property=\"og:url\" content=\"https:\/\/nordicpadel.com\/sv\/product\/nike-zoom-vapor-pro-2-w-4\/\" \/>\n<meta property=\"og:site_name\" content=\"Nordic Padel\" \/>\n<meta property=\"article:modified_time\" content=\"2026-02-20T10:50:04+00:00\" \/>\n<meta name=\"twitter:card\" content=\"summary_large_image\" \/>\n<meta name=\"twitter:label1\" content=\"Ber\u00e4knad l\u00e4stid\" \/>\n\t<meta name=\"twitter:data1\" content=\"1 minut\" \/>\n<script type=\"application\/ld+json\" class=\"yoast-schema-graph\">{\"@context\":\"https:\/\/schema.org\",\"@graph\":[{\"@type\":\"WebPage\",\"@id\":\"https:\/\/nordicpadel.com\/sv\/product\/nike-zoom-vapor-pro-2-w-4\/\",\"url\":\"https:\/\/nordicpadel.com\/sv\/product\/nike-zoom-vapor-pro-2-w-4\/\",\"name\":\"NIKE Zoom Vapor Pro 2 W - Nordic Padel\",\"isPartOf\":{\"@id\":\"https:\/\/nordicpadel.com\/sv\/#website\"},\"primaryImageOfPage\":{\"@id\":\"https:\/\/nordicpadel.com\/sv\/product\/nike-zoom-vapor-pro-2-w-4\/#primaryimage\"},\"image\":{\"@id\":\"https:\/\/nordicpadel.com\/sv\/product\/nike-zoom-vapor-pro-2-w-4\/#primaryimage\"},\"thumbnailUrl\":\"https:\/\/nordicpadel.com\/sv\/wp-content\/uploads\/sites\/10\/2025\/11\/dfbe2f6a9d9b99e66ef9a7904fc708d9-1.png\",\"datePublished\":\"2025-11-26T17:57:58+00:00\",\"dateModified\":\"2026-02-20T10:50:04+00:00\",\"breadcrumb\":{\"@id\":\"https:\/\/nordicpadel.com\/sv\/product\/nike-zoom-vapor-pro-2-w-4\/#breadcrumb\"},\"inLanguage\":\"sv-SE\",\"potentialAction\":[{\"@type\":\"ReadAction\",\"target\":[\"https:\/\/nordicpadel.com\/sv\/product\/nike-zoom-vapor-pro-2-w-4\/\"]}]},{\"@type\":\"ImageObject\",\"inLanguage\":\"sv-SE\",\"@id\":\"https:\/\/nordicpadel.com\/sv\/product\/nike-zoom-vapor-pro-2-w-4\/#primaryimage\",\"url\":\"https:\/\/nordicpadel.com\/sv\/wp-content\/uploads\/sites\/10\/2025\/11\/dfbe2f6a9d9b99e66ef9a7904fc708d9-1.png\",\"contentUrl\":\"https:\/\/nordicpadel.com\/sv\/wp-content\/uploads\/sites\/10\/2025\/11\/dfbe2f6a9d9b99e66ef9a7904fc708d9-1.png\",\"width\":800,\"height\":800,\"caption\":\"NIKE Zoom Vapor Pro 2 W\"},{\"@type\":\"BreadcrumbList\",\"@id\":\"https:\/\/nordicpadel.com\/sv\/product\/nike-zoom-vapor-pro-2-w-4\/#breadcrumb\",\"itemListElement\":[{\"@type\":\"ListItem\",\"position\":1,\"name\":\"Hem\",\"item\":\"https:\/\/nordicpadel.com\/sv\/\"},{\"@type\":\"ListItem\",\"position\":2,\"name\":\"Shop\",\"item\":\"https:\/\/nordicpadel.com\/sv\/shop\/\"},{\"@type\":\"ListItem\",\"position\":3,\"name\":\"NIKE Zoom Vapor Pro 2 W\"}]},{\"@type\":\"WebSite\",\"@id\":\"https:\/\/nordicpadel.com\/sv\/#website\",\"url\":\"https:\/\/nordicpadel.com\/sv\/\",\"name\":\"Nordic Padel\",\"description\":\"\",\"publisher\":{\"@id\":\"https:\/\/nordicpadel.com\/sv\/#organization\"},\"potentialAction\":[{\"@type\":\"SearchAction\",\"target\":{\"@type\":\"EntryPoint\",\"urlTemplate\":\"https:\/\/nordicpadel.com\/sv\/?s={search_term_string}\"},\"query-input\":\"required name=search_term_string\"}],\"inLanguage\":\"sv-SE\"},{\"@type\":\"Organization\",\"@id\":\"https:\/\/nordicpadel.com\/sv\/#organization\",\"name\":\"Nordic Padel\",\"url\":\"https:\/\/nordicpadel.com\/sv\/\",\"logo\":{\"@type\":\"ImageObject\",\"inLanguage\":\"sv-SE\",\"@id\":\"https:\/\/nordicpadel.com\/sv\/#\/schema\/logo\/image\/\",\"url\":\"https:\/\/nordicpadel.com\/sv\/wp-content\/uploads\/sites\/10\/2022\/12\/Nordic-Padel-small_1-1.png\",\"contentUrl\":\"https:\/\/nordicpadel.com\/sv\/wp-content\/uploads\/sites\/10\/2022\/12\/Nordic-Padel-small_1-1.png\",\"width\":400,\"height\":119,\"caption\":\"Nordic Padel\"},\"image\":{\"@id\":\"https:\/\/nordicpadel.com\/sv\/#\/schema\/logo\/image\/\"}}]}<\/script>\n<!-- \/ Yoast SEO plugin. -->","yoast_head_json":{"title":"NIKE Zoom Vapor Pro 2 W - Nordic Padel","robots":{"index":"index","follow":"follow","max-snippet":"max-snippet:-1","max-image-preview":"max-image-preview:large","max-video-preview":"max-video-preview:-1"},"canonical":"https:\/\/nordicpadel.com\/sv\/product\/nike-zoom-vapor-pro-2-w-4\/","og_locale":"sv_SE","og_type":"article","og_title":"NIKE Zoom Vapor Pro 2 W - Nordic Padel","og_description":"Skor f\u00f6r dig som vill ha en tennissko\/padelsko med l\u00e5g vikt samtidigt som den har n\u00e4ra k\u00e4nsla till underlaget utan att tappa d\u00e4mpning eller stabilitet. F\u00e4rg: Vit med svarta detaljer L\u00e5g l\u00e4st. Med den h\u00e4r designen av sko k\u00e4nner du dig n\u00e4ra banan och n\u00e4ra till snabba riktningf\u00f6r\u00e4ndringarEn Zoom Air-enhet f\u00f6r framfoten erbjuder bra d\u00e4mpning. [&hellip;]","og_url":"https:\/\/nordicpadel.com\/sv\/product\/nike-zoom-vapor-pro-2-w-4\/","og_site_name":"Nordic Padel","article_modified_time":"2026-02-20T10:50:04+00:00","twitter_card":"summary_large_image","twitter_misc":{"Ber\u00e4knad l\u00e4stid":"1 minut"},"schema":{"@context":"https:\/\/schema.org","@graph":[{"@type":"WebPage","@id":"https:\/\/nordicpadel.com\/sv\/product\/nike-zoom-vapor-pro-2-w-4\/","url":"https:\/\/nordicpadel.com\/sv\/product\/nike-zoom-vapor-pro-2-w-4\/","name":"NIKE Zoom Vapor Pro 2 W - Nordic Padel","isPartOf":{"@id":"https:\/\/nordicpadel.com\/sv\/#website"},"primaryImageOfPage":{"@id":"https:\/\/nordicpadel.com\/sv\/product\/nike-zoom-vapor-pro-2-w-4\/#primaryimage"},"image":{"@id":"https:\/\/nordicpadel.com\/sv\/product\/nike-zoom-vapor-pro-2-w-4\/#primaryimage"},"thumbnailUrl":"https:\/\/nordicpadel.com\/sv\/wp-content\/uploads\/sites\/10\/2025\/11\/dfbe2f6a9d9b99e66ef9a7904fc708d9-1.png","datePublished":"2025-11-26T17:57:58+00:00","dateModified":"2026-02-20T10:50:04+00:00","breadcrumb":{"@id":"https:\/\/nordicpadel.com\/sv\/product\/nike-zoom-vapor-pro-2-w-4\/#breadcrumb"},"inLanguage":"sv-SE","potentialAction":[{"@type":"ReadAction","target":["https:\/\/nordicpadel.com\/sv\/product\/nike-zoom-vapor-pro-2-w-4\/"]}]},{"@type":"ImageObject","inLanguage":"sv-SE","@id":"https:\/\/nordicpadel.com\/sv\/product\/nike-zoom-vapor-pro-2-w-4\/#primaryimage","url":"https:\/\/nordicpadel.com\/sv\/wp-content\/uploads\/sites\/10\/2025\/11\/dfbe2f6a9d9b99e66ef9a7904fc708d9-1.png","contentUrl":"https:\/\/nordicpadel.com\/sv\/wp-content\/uploads\/sites\/10\/2025\/11\/dfbe2f6a9d9b99e66ef9a7904fc708d9-1.png","width":800,"height":800,"caption":"NIKE Zoom Vapor Pro 2 W"},{"@type":"BreadcrumbList","@id":"https:\/\/nordicpadel.com\/sv\/product\/nike-zoom-vapor-pro-2-w-4\/#breadcrumb","itemListElement":[{"@type":"ListItem","position":1,"name":"Hem","item":"https:\/\/nordicpadel.com\/sv\/"},{"@type":"ListItem","position":2,"name":"Shop","item":"https:\/\/nordicpadel.com\/sv\/shop\/"},{"@type":"ListItem","position":3,"name":"NIKE Zoom Vapor Pro 2 W"}]},{"@type":"WebSite","@id":"https:\/\/nordicpadel.com\/sv\/#website","url":"https:\/\/nordicpadel.com\/sv\/","name":"Nordic Padel","description":"","publisher":{"@id":"https:\/\/nordicpadel.com\/sv\/#organization"},"potentialAction":[{"@type":"SearchAction","target":{"@type":"EntryPoint","urlTemplate":"https:\/\/nordicpadel.com\/sv\/?s={search_term_string}"},"query-input":"required name=search_term_string"}],"inLanguage":"sv-SE"},{"@type":"Organization","@id":"https:\/\/nordicpadel.com\/sv\/#organization","name":"Nordic Padel","url":"https:\/\/nordicpadel.com\/sv\/","logo":{"@type":"ImageObject","inLanguage":"sv-SE","@id":"https:\/\/nordicpadel.com\/sv\/#\/schema\/logo\/image\/","url":"https:\/\/nordicpadel.com\/sv\/wp-content\/uploads\/sites\/10\/2022\/12\/Nordic-Padel-small_1-1.png","contentUrl":"https:\/\/nordicpadel.com\/sv\/wp-content\/uploads\/sites\/10\/2022\/12\/Nordic-Padel-small_1-1.png","width":400,"height":119,"caption":"Nordic Padel"},"image":{"@id":"https:\/\/nordicpadel.com\/sv\/#\/schema\/logo\/image\/"}}]}},"brands":[],"_links":{"self":[{"href":"https:\/\/nordicpadel.com\/sv\/wp-json\/wp\/v2\/product\/93676","targetHints":{"allow":["GET"]}}],"collection":[{"href":"https:\/\/nordicpadel.com\/sv\/wp-json\/wp\/v2\/product"}],"about":[{"href":"https:\/\/nordicpadel.com\/sv\/wp-json\/wp\/v2\/types\/product"}],"replies":[{"embeddable":true,"href":"https:\/\/nordicpadel.com\/sv\/wp-json\/wp\/v2\/comments?post=93676"}],"wp:featuredmedia":[{"embeddable":true,"href":"https:\/\/nordicpadel.com\/sv\/wp-json\/wp\/v2\/media\/93612"}],"wp:attachment":[{"href":"https:\/\/nordicpadel.com\/sv\/wp-json\/wp\/v2\/media?parent=93676"}],"wp:term":[{"taxonomy":"pwb-brand","embeddable":true,"href":"https:\/\/nordicpadel.com\/sv\/wp-json\/wp\/v2\/pwb-brand?post=93676"},{"taxonomy":"product_cat","embeddable":true,"href":"https:\/\/nordicpadel.com\/sv\/wp-json\/wp\/v2\/product_cat?post=93676"},{"taxonomy":"product_tag","embeddable":true,"href":"https:\/\/nordicpadel.com\/sv\/wp-json\/wp\/v2\/product_tag?post=93676"},{"taxonomy":"woo-feed-brand","embeddable":true,"href":"https:\/\/nordicpadel.com\/sv\/wp-json\/wp\/v2\/woo-feed-brand?post=93676"}],"curies":[{"name":"wp","href":"https:\/\/api.w.org\/{rel}","templated":true}]}}