{"id":93636,"date":"2025-11-26T18:57:45","date_gmt":"2025-11-26T17:57:45","guid":{"rendered":"https:\/\/nordicpadel.com\/sv\/product\/adidas-metalbone-hard\/"},"modified":"2025-11-26T22:21:30","modified_gmt":"2025-11-26T21:21:30","slug":"adidas-metalbone-hard","status":"publish","type":"product","link":"https:\/\/nordicpadel.com\/sv\/product\/adidas-metalbone-hard\/","title":{"rendered":"Adidas Metalbone Hard+"},"content":{"rendered":"<p>Framg\u00e5ngssagan forts\u00e4tter, h\u00e4r presenterar vi stolt Adidas Metalbone HRD+, v\u00e4rldsfemman Ale Gal\u00e1ns val av racketserie inf\u00f6r s\u00e4songen 2024.<\/p>\n<p>Modellen \u00e4r skapad f\u00f6r den avancerade och regelbundet spelande padelentusiasten, med fokus p\u00e5 h\u00f6g prestanda. Diamantformen, med en sweetspot som sitter h\u00f6gre upp, ger en oslagbar f\u00f6rdel f\u00f6r din backhand. Det som \u00e4r speciellt med detta padelracket \u00e4r att den kommer med kombinationen av en h\u00e5rd\/solid slagyta som kallas Carbon Aluminized 24K samt den h\u00e5rdare k\u00e4rnan fr\u00e5n Adidas, ben\u00e4mnd HIGH MEMORY High-density EVA rubber. Denna kombination ger dig ett kraftfullt uttryck i ditt spel, och med Adidas h\u00e5rdaste typ av k\u00e4rna i kombination med Carbon Aluminized 24K tr\u00e4ffytan kommer du enkelt att avg\u00f6ra po\u00e4ngen framme vid n\u00e4t.<\/p>\n<p>Tekniken med oktagonal struktur i tr\u00e4ffytan l\u00e4gger till en extra punkt av styvhet till racketens hj\u00e4rta och ram. Med Weight &amp; Balance System kan du enkelt justera dess vikt och balans vid rackethalsen med 6 skruvar med olika vikter. Detta m\u00f6jligg\u00f6r strategiskt beslutsfattande och anpassning efter specifika motst\u00e5ndare eller matcher. Du kan enkelt l\u00e4gga till eller ta bort upp till 12 gram f\u00f6r att anpassa spelbarhet och balans till din specifika spelsituation. Metalbone \u00e4r utrustat med Spin Blade-teknologin, vilket \u00e4r synonymt med \u00f6verraskande effekter tack vare dess oktagonala grovhet f\u00f6rdelad \u00f6ver hela tr\u00e4ffytan. Den \u00e5ttkantiga sektionstube-strukturen ger ditt padelracket \u00f6kad styvhet f\u00f6r optimal prestanda och snabbare respons.<\/p>\n<p>Metalbone-serien kommer \u00e4ven utrustad med Metalbone Protector Tape, en ramskyddstejp som \u00f6kar livsl\u00e4ngden och h\u00e5llbarheten vid eventuella glas och gallertr\u00e4ffar, som vi alla olyckligtvis \u00e4r v\u00e4l medvetna om intr\u00e4ffar d\u00e5 och d\u00e5. Denna ramskyddstejp kommer att skydda ditt padelracket mot skador p\u00e5 ditt racket som kan uppst\u00e5 vid dessa situationer. \u00c5rets upplaga har en h\u00e4ftig nyt\u00e4nkande &#8220;ZigZag&#8221;-design och en d\u00e4mpad f\u00e4rgs\u00e4ttning med vita detaljer.<\/p>\n<p>Teknologier:<\/p>\n<p>High Memory, High-density EVA rubber: Adidas h\u00e5rdaste k\u00e4rna f\u00f6r en kraftfull spelupplevelse, en styv k\u00e4rna som ger en mycket tidseffektiv tidsresponsivitet vid bolltr\u00e4ff f\u00f6r att ytterligare f\u00f6rsv\u00e5ra f\u00f6r dina motst\u00e5ndare. Detta p\u00e5 bekostnad av komfort vid tillslag.<\/p>\n<p>Weight &amp; Balance System METALBONE: Viktsystemet som finns i racketens racketram l\u00e5ter dig justera vikten och balansen med hj\u00e4lp av 6 skruvar med olika vikter. Upp till 12 gram vikt kan l\u00e4ggas till eller tas bort.<\/p>\n<p>Octagonal Structure: \u00d6kad styvhet uppn\u00e5s genom en oktagonal tubstruktur.<\/p>\n<p>Soft Performance: L\u00e5gdensitets EVA-gummi som ger fantastiska bollreaktioner och komfort i spelet.<\/p>\n<p>Carbon Aluminized 2 to 1: Alumiserade kolfibrer i en speciell 2 till 1-laminering f\u00f6r h\u00f6g effekt och l\u00e5g flexibilitet. Behandlingen med aluminium optimerar dess flexibilitet och resulterar i en styvare och starkare yta.<\/p>\n<p>Spin Blade: Strukturerad tr\u00e4ffyta som hj\u00e4lper till att f\u00f6rb\u00e4ttra k\u00e4nslan av kontroll och \u00f6kar m\u00e4ngden spinn som kan ges till bollen.<\/p>\n","protected":false},"excerpt":{"rendered":"<p>Framg\u00e5ngssagan forts\u00e4tter, h\u00e4r presenterar vi stolt Adidas Metalbone HRD+, v\u00e4rldsfemman Ale Gal\u00e1ns val av racketserie inf\u00f6r s\u00e4songen 2024. Modellen \u00e4r skapad f\u00f6r den avancerade och regelbundet spelande padelentusiasten, med fokus p\u00e5 h\u00f6g prestanda. Diamantformen, med en sweetspot som sitter h\u00f6gre upp, ger en oslagbar f\u00f6rdel f\u00f6r din backhand. Det som \u00e4r speciellt med detta padelracket [&hellip;]<\/p>\n","protected":false},"featured_media":93592,"comment_status":"open","ping_status":"closed","template":"","meta":[],"pwb-brand":[],"product_cat":[458],"product_tag":[],"woo-feed-brand":[],"class_list":{"0":"post-93636","1":"product","2":"type-product","3":"status-publish","4":"has-post-thumbnail","6":"product_cat-adidas","7":"pa_varumarke-adidas","9":"first","10":"outofstock","11":"taxable","12":"shipping-taxable","13":"purchasable","14":"product-type-simple"},"bundled_by":[],"bundle_stock_status":"outofstock","bundle_stock_quantity":0,"bundle_virtual":false,"bundle_layout":"","bundle_add_to_cart_form_location":"","bundle_editable_in_cart":false,"bundle_sold_individually_context":"","bundle_item_grouping":"","bundle_min_size":"","bundle_max_size":"","bundled_items":[],"bundle_sell_ids":[],"acf":[],"yoast_head":"<!-- This site is optimized with the Yoast SEO plugin v23.1 - https:\/\/yoast.com\/wordpress\/plugins\/seo\/ -->\n<title>Adidas Metalbone Hard+ - Nordic Padel<\/title>\n<meta name=\"robots\" content=\"index, follow, max-snippet:-1, max-image-preview:large, max-video-preview:-1\" \/>\n<link rel=\"canonical\" href=\"https:\/\/nordicpadel.com\/sv\/product\/adidas-metalbone-hard\/\" \/>\n<meta property=\"og:locale\" content=\"sv_SE\" \/>\n<meta property=\"og:type\" content=\"article\" \/>\n<meta property=\"og:title\" content=\"Adidas Metalbone Hard+ - Nordic Padel\" \/>\n<meta property=\"og:description\" content=\"Framg\u00e5ngssagan forts\u00e4tter, h\u00e4r presenterar vi stolt Adidas Metalbone HRD+, v\u00e4rldsfemman Ale Gal\u00e1ns val av racketserie inf\u00f6r s\u00e4songen 2024. Modellen \u00e4r skapad f\u00f6r den avancerade och regelbundet spelande padelentusiasten, med fokus p\u00e5 h\u00f6g prestanda. Diamantformen, med en sweetspot som sitter h\u00f6gre upp, ger en oslagbar f\u00f6rdel f\u00f6r din backhand. Det som \u00e4r speciellt med detta padelracket [&hellip;]\" \/>\n<meta property=\"og:url\" content=\"https:\/\/nordicpadel.com\/sv\/product\/adidas-metalbone-hard\/\" \/>\n<meta property=\"og:site_name\" content=\"Nordic Padel\" \/>\n<meta property=\"article:modified_time\" content=\"2025-11-26T21:21:30+00:00\" \/>\n<meta property=\"og:image\" content=\"https:\/\/nordicpadel.com\/sv\/wp-content\/uploads\/sites\/10\/2025\/11\/52e54ccd347abc1c281f24c363bd47c0.png\" \/>\n\t<meta property=\"og:image:width\" content=\"800\" \/>\n\t<meta property=\"og:image:height\" content=\"800\" \/>\n\t<meta property=\"og:image:type\" content=\"image\/png\" \/>\n<meta name=\"twitter:card\" content=\"summary_large_image\" \/>\n<meta name=\"twitter:label1\" content=\"Ber\u00e4knad l\u00e4stid\" \/>\n\t<meta name=\"twitter:data1\" content=\"2 minuter\" \/>\n<script type=\"application\/ld+json\" class=\"yoast-schema-graph\">{\"@context\":\"https:\/\/schema.org\",\"@graph\":[{\"@type\":\"WebPage\",\"@id\":\"https:\/\/nordicpadel.com\/sv\/product\/adidas-metalbone-hard\/\",\"url\":\"https:\/\/nordicpadel.com\/sv\/product\/adidas-metalbone-hard\/\",\"name\":\"Adidas Metalbone Hard+ - Nordic Padel\",\"isPartOf\":{\"@id\":\"https:\/\/nordicpadel.com\/sv\/#website\"},\"primaryImageOfPage\":{\"@id\":\"https:\/\/nordicpadel.com\/sv\/product\/adidas-metalbone-hard\/#primaryimage\"},\"image\":{\"@id\":\"https:\/\/nordicpadel.com\/sv\/product\/adidas-metalbone-hard\/#primaryimage\"},\"thumbnailUrl\":\"https:\/\/nordicpadel.com\/sv\/wp-content\/uploads\/sites\/10\/2025\/11\/52e54ccd347abc1c281f24c363bd47c0.png\",\"datePublished\":\"2025-11-26T17:57:45+00:00\",\"dateModified\":\"2025-11-26T21:21:30+00:00\",\"breadcrumb\":{\"@id\":\"https:\/\/nordicpadel.com\/sv\/product\/adidas-metalbone-hard\/#breadcrumb\"},\"inLanguage\":\"sv-SE\",\"potentialAction\":[{\"@type\":\"ReadAction\",\"target\":[\"https:\/\/nordicpadel.com\/sv\/product\/adidas-metalbone-hard\/\"]}]},{\"@type\":\"ImageObject\",\"inLanguage\":\"sv-SE\",\"@id\":\"https:\/\/nordicpadel.com\/sv\/product\/adidas-metalbone-hard\/#primaryimage\",\"url\":\"https:\/\/nordicpadel.com\/sv\/wp-content\/uploads\/sites\/10\/2025\/11\/52e54ccd347abc1c281f24c363bd47c0.png\",\"contentUrl\":\"https:\/\/nordicpadel.com\/sv\/wp-content\/uploads\/sites\/10\/2025\/11\/52e54ccd347abc1c281f24c363bd47c0.png\",\"width\":800,\"height\":800,\"caption\":\"Adidas Metalbone Hard+\"},{\"@type\":\"BreadcrumbList\",\"@id\":\"https:\/\/nordicpadel.com\/sv\/product\/adidas-metalbone-hard\/#breadcrumb\",\"itemListElement\":[{\"@type\":\"ListItem\",\"position\":1,\"name\":\"Hem\",\"item\":\"https:\/\/nordicpadel.com\/sv\/\"},{\"@type\":\"ListItem\",\"position\":2,\"name\":\"Shop\",\"item\":\"https:\/\/nordicpadel.com\/sv\/shop\/\"},{\"@type\":\"ListItem\",\"position\":3,\"name\":\"Adidas Metalbone Hard+\"}]},{\"@type\":\"WebSite\",\"@id\":\"https:\/\/nordicpadel.com\/sv\/#website\",\"url\":\"https:\/\/nordicpadel.com\/sv\/\",\"name\":\"Nordic Padel\",\"description\":\"\",\"publisher\":{\"@id\":\"https:\/\/nordicpadel.com\/sv\/#organization\"},\"potentialAction\":[{\"@type\":\"SearchAction\",\"target\":{\"@type\":\"EntryPoint\",\"urlTemplate\":\"https:\/\/nordicpadel.com\/sv\/?s={search_term_string}\"},\"query-input\":\"required name=search_term_string\"}],\"inLanguage\":\"sv-SE\"},{\"@type\":\"Organization\",\"@id\":\"https:\/\/nordicpadel.com\/sv\/#organization\",\"name\":\"Nordic Padel\",\"url\":\"https:\/\/nordicpadel.com\/sv\/\",\"logo\":{\"@type\":\"ImageObject\",\"inLanguage\":\"sv-SE\",\"@id\":\"https:\/\/nordicpadel.com\/sv\/#\/schema\/logo\/image\/\",\"url\":\"https:\/\/nordicpadel.com\/sv\/wp-content\/uploads\/sites\/10\/2022\/12\/Nordic-Padel-small_1-1.png\",\"contentUrl\":\"https:\/\/nordicpadel.com\/sv\/wp-content\/uploads\/sites\/10\/2022\/12\/Nordic-Padel-small_1-1.png\",\"width\":400,\"height\":119,\"caption\":\"Nordic Padel\"},\"image\":{\"@id\":\"https:\/\/nordicpadel.com\/sv\/#\/schema\/logo\/image\/\"}}]}<\/script>\n<!-- \/ Yoast SEO plugin. -->","yoast_head_json":{"title":"Adidas Metalbone Hard+ - Nordic Padel","robots":{"index":"index","follow":"follow","max-snippet":"max-snippet:-1","max-image-preview":"max-image-preview:large","max-video-preview":"max-video-preview:-1"},"canonical":"https:\/\/nordicpadel.com\/sv\/product\/adidas-metalbone-hard\/","og_locale":"sv_SE","og_type":"article","og_title":"Adidas Metalbone Hard+ - Nordic Padel","og_description":"Framg\u00e5ngssagan forts\u00e4tter, h\u00e4r presenterar vi stolt Adidas Metalbone HRD+, v\u00e4rldsfemman Ale Gal\u00e1ns val av racketserie inf\u00f6r s\u00e4songen 2024. Modellen \u00e4r skapad f\u00f6r den avancerade och regelbundet spelande padelentusiasten, med fokus p\u00e5 h\u00f6g prestanda. Diamantformen, med en sweetspot som sitter h\u00f6gre upp, ger en oslagbar f\u00f6rdel f\u00f6r din backhand. Det som \u00e4r speciellt med detta padelracket [&hellip;]","og_url":"https:\/\/nordicpadel.com\/sv\/product\/adidas-metalbone-hard\/","og_site_name":"Nordic Padel","article_modified_time":"2025-11-26T21:21:30+00:00","og_image":[{"width":800,"height":800,"url":"https:\/\/nordicpadel.com\/sv\/wp-content\/uploads\/sites\/10\/2025\/11\/52e54ccd347abc1c281f24c363bd47c0.png","type":"image\/png"}],"twitter_card":"summary_large_image","twitter_misc":{"Ber\u00e4knad l\u00e4stid":"2 minuter"},"schema":{"@context":"https:\/\/schema.org","@graph":[{"@type":"WebPage","@id":"https:\/\/nordicpadel.com\/sv\/product\/adidas-metalbone-hard\/","url":"https:\/\/nordicpadel.com\/sv\/product\/adidas-metalbone-hard\/","name":"Adidas Metalbone Hard+ - Nordic Padel","isPartOf":{"@id":"https:\/\/nordicpadel.com\/sv\/#website"},"primaryImageOfPage":{"@id":"https:\/\/nordicpadel.com\/sv\/product\/adidas-metalbone-hard\/#primaryimage"},"image":{"@id":"https:\/\/nordicpadel.com\/sv\/product\/adidas-metalbone-hard\/#primaryimage"},"thumbnailUrl":"https:\/\/nordicpadel.com\/sv\/wp-content\/uploads\/sites\/10\/2025\/11\/52e54ccd347abc1c281f24c363bd47c0.png","datePublished":"2025-11-26T17:57:45+00:00","dateModified":"2025-11-26T21:21:30+00:00","breadcrumb":{"@id":"https:\/\/nordicpadel.com\/sv\/product\/adidas-metalbone-hard\/#breadcrumb"},"inLanguage":"sv-SE","potentialAction":[{"@type":"ReadAction","target":["https:\/\/nordicpadel.com\/sv\/product\/adidas-metalbone-hard\/"]}]},{"@type":"ImageObject","inLanguage":"sv-SE","@id":"https:\/\/nordicpadel.com\/sv\/product\/adidas-metalbone-hard\/#primaryimage","url":"https:\/\/nordicpadel.com\/sv\/wp-content\/uploads\/sites\/10\/2025\/11\/52e54ccd347abc1c281f24c363bd47c0.png","contentUrl":"https:\/\/nordicpadel.com\/sv\/wp-content\/uploads\/sites\/10\/2025\/11\/52e54ccd347abc1c281f24c363bd47c0.png","width":800,"height":800,"caption":"Adidas Metalbone Hard+"},{"@type":"BreadcrumbList","@id":"https:\/\/nordicpadel.com\/sv\/product\/adidas-metalbone-hard\/#breadcrumb","itemListElement":[{"@type":"ListItem","position":1,"name":"Hem","item":"https:\/\/nordicpadel.com\/sv\/"},{"@type":"ListItem","position":2,"name":"Shop","item":"https:\/\/nordicpadel.com\/sv\/shop\/"},{"@type":"ListItem","position":3,"name":"Adidas Metalbone Hard+"}]},{"@type":"WebSite","@id":"https:\/\/nordicpadel.com\/sv\/#website","url":"https:\/\/nordicpadel.com\/sv\/","name":"Nordic Padel","description":"","publisher":{"@id":"https:\/\/nordicpadel.com\/sv\/#organization"},"potentialAction":[{"@type":"SearchAction","target":{"@type":"EntryPoint","urlTemplate":"https:\/\/nordicpadel.com\/sv\/?s={search_term_string}"},"query-input":"required name=search_term_string"}],"inLanguage":"sv-SE"},{"@type":"Organization","@id":"https:\/\/nordicpadel.com\/sv\/#organization","name":"Nordic Padel","url":"https:\/\/nordicpadel.com\/sv\/","logo":{"@type":"ImageObject","inLanguage":"sv-SE","@id":"https:\/\/nordicpadel.com\/sv\/#\/schema\/logo\/image\/","url":"https:\/\/nordicpadel.com\/sv\/wp-content\/uploads\/sites\/10\/2022\/12\/Nordic-Padel-small_1-1.png","contentUrl":"https:\/\/nordicpadel.com\/sv\/wp-content\/uploads\/sites\/10\/2022\/12\/Nordic-Padel-small_1-1.png","width":400,"height":119,"caption":"Nordic Padel"},"image":{"@id":"https:\/\/nordicpadel.com\/sv\/#\/schema\/logo\/image\/"}}]}},"brands":[],"_links":{"self":[{"href":"https:\/\/nordicpadel.com\/sv\/wp-json\/wp\/v2\/product\/93636","targetHints":{"allow":["GET"]}}],"collection":[{"href":"https:\/\/nordicpadel.com\/sv\/wp-json\/wp\/v2\/product"}],"about":[{"href":"https:\/\/nordicpadel.com\/sv\/wp-json\/wp\/v2\/types\/product"}],"replies":[{"embeddable":true,"href":"https:\/\/nordicpadel.com\/sv\/wp-json\/wp\/v2\/comments?post=93636"}],"wp:featuredmedia":[{"embeddable":true,"href":"https:\/\/nordicpadel.com\/sv\/wp-json\/wp\/v2\/media\/93592"}],"wp:attachment":[{"href":"https:\/\/nordicpadel.com\/sv\/wp-json\/wp\/v2\/media?parent=93636"}],"wp:term":[{"taxonomy":"pwb-brand","embeddable":true,"href":"https:\/\/nordicpadel.com\/sv\/wp-json\/wp\/v2\/pwb-brand?post=93636"},{"taxonomy":"product_cat","embeddable":true,"href":"https:\/\/nordicpadel.com\/sv\/wp-json\/wp\/v2\/product_cat?post=93636"},{"taxonomy":"product_tag","embeddable":true,"href":"https:\/\/nordicpadel.com\/sv\/wp-json\/wp\/v2\/product_tag?post=93636"},{"taxonomy":"woo-feed-brand","embeddable":true,"href":"https:\/\/nordicpadel.com\/sv\/wp-json\/wp\/v2\/woo-feed-brand?post=93636"}],"curies":[{"name":"wp","href":"https:\/\/api.w.org\/{rel}","templated":true}]}}