{"id":93632,"date":"2025-11-26T18:57:43","date_gmt":"2025-11-26T17:57:43","guid":{"rendered":"https:\/\/nordicpadel.com\/sv\/product\/adidas-metalbone-carbon-3-3\/"},"modified":"2026-03-04T15:03:32","modified_gmt":"2026-03-04T14:03:32","slug":"adidas-metalbone-carbon-3-3","status":"publish","type":"product","link":"https:\/\/nordicpadel.com\/sv\/product\/adidas-metalbone-carbon-3-3\/","title":{"rendered":"Adidas Metalbone Carbon 3.3"},"content":{"rendered":"<p>F\u00f6r den avancerade spelaren som uppskattar Metalbone-serien fr\u00e5n Adidas men vill ha en mindre styv och kontrollinriktad modell presenterar vi h\u00e4r en nyhet i Metalbone-familjen: Metalbone Carbon CTRL 3.3 2024.<\/p>\n<p>Till skillnad fr\u00e5n sina syskon i serien kommer Metalbone Carbon CTRL med en tr\u00e4ffyta av 6K kolfiber. Detta inneb\u00e4r att de senare adderade Carbon-modellerna i Metalbone-serien inte \u00e4r lika styva som ursprungsmodellerna d\u00e4r 24K anv\u00e4nts i tr\u00e4ffytan. Metalbone Carbon kommer \u00e4ven med den mjukare k\u00e4rnan fr\u00e5n Adidas, Eva Soft Performance, som i kombination med materialet i tr\u00e4ffytan ger dig en mycket behaglig och bekv\u00e4m spelupplevelse d\u00e4r du f\u00e5r en skonsam tr\u00e4ff i sweetspot och samtidigt genererar gott om fart.<\/p>\n<p>Denna modell har en rund form med balansen liggandes mitt i racket, vilket inneb\u00e4r att Metalbone Carbon CTRL riktar sig till de defensivare spelarna som spelar l\u00e4ngre bak i banan med mycket kontroll och successivt tr\u00f6ttar ut sina motst\u00e5ndare.<\/p>\n<p>Ovanp\u00e5 padelracket samt i rackethalsen har man f\u00f6rst\u00e4rkt modellen f\u00f6r att g\u00f6ra den mer vridstyv och p\u00e5 s\u00e5 s\u00e4tt generera en mer solid bolltr\u00e4ff n\u00e4r du tar i och vill generera rej\u00e4lt med fart eller kicksmasha ut en boll ovanf\u00f6r glaset.<\/p>\n<p>Teknologier:<\/p>\n<p>Eva Soft Performance: Adidas mjukaste k\u00e4rna f\u00f6r en f\u00f6r armen skonsam bolltr\u00e4ff, bekv\u00e4m spelupplevelse &amp; hj\u00e4lp med farten p\u00e5 bekostnad av tidsresponsiviteten.<\/p>\n<p>Octagonal Structure: \u00d6kad styvhet uppn\u00e5s genom en oktagonal tubstruktur.<\/p>\n<p>Structural Reinforcement: F\u00f6rst\u00e4rkningar i racketramen f\u00f6r en mer h\u00e5llbar och motst\u00e5ndskraftighet f\u00f6r de p\u00e5frestningar som de uts\u00e4tts f\u00f6r p\u00e5 banan. \u00d6kad livsl\u00e4ngd och h\u00e5llbarhet.<\/p>\n<p>Carbon Fiber 6K: 6K kolfiber f\u00f6r \u00f6kad styrka och h\u00e5llbarhet. Kolfiberstrukturen m\u00f6jligg\u00f6r en l\u00e4ttare konstruktion f\u00f6r att f\u00f6rst\u00e4rka de punkter som motst\u00e5r st\u00f6rre vridning.<\/p>\n<p>Spin Blade: Strukturerad tr\u00e4ffyta som hj\u00e4lper till att f\u00f6rb\u00e4ttra k\u00e4nslan av kontroll och \u00f6kar m\u00e4ngden spinn som kan ges till bollen.<\/p>\n","protected":false},"excerpt":{"rendered":"<p>F\u00f6r den avancerade spelaren som uppskattar Metalbone-serien fr\u00e5n Adidas men vill ha en mindre styv och kontrollinriktad modell presenterar vi h\u00e4r en nyhet i Metalbone-familjen: Metalbone Carbon CTRL 3.3 2024. Till skillnad fr\u00e5n sina syskon i serien kommer Metalbone Carbon CTRL med en tr\u00e4ffyta av 6K kolfiber. Detta inneb\u00e4r att de senare adderade Carbon-modellerna i [&hellip;]<\/p>\n","protected":false},"featured_media":93583,"comment_status":"open","ping_status":"closed","template":"","meta":[],"pwb-brand":[],"product_cat":[458],"product_tag":[],"woo-feed-brand":[],"class_list":{"0":"post-93632","1":"product","2":"type-product","3":"status-publish","4":"has-post-thumbnail","6":"product_cat-adidas","7":"pa_varumarke-adidas","9":"first","10":"outofstock","11":"taxable","12":"shipping-taxable","13":"purchasable","14":"product-type-simple"},"bundled_by":[],"bundle_stock_status":"outofstock","bundle_stock_quantity":0,"bundle_virtual":false,"bundle_layout":"","bundle_add_to_cart_form_location":"","bundle_editable_in_cart":false,"bundle_sold_individually_context":"","bundle_item_grouping":"","bundle_min_size":"","bundle_max_size":"","bundled_items":[],"bundle_sell_ids":[],"acf":[],"yoast_head":"<!-- This site is optimized with the Yoast SEO plugin v23.1 - https:\/\/yoast.com\/wordpress\/plugins\/seo\/ -->\n<title>Adidas Metalbone Carbon 3.3 - Nordic Padel<\/title>\n<meta name=\"robots\" content=\"index, follow, max-snippet:-1, max-image-preview:large, max-video-preview:-1\" \/>\n<link rel=\"canonical\" href=\"https:\/\/nordicpadel.com\/sv\/product\/adidas-metalbone-carbon-3-3\/\" \/>\n<meta property=\"og:locale\" content=\"sv_SE\" \/>\n<meta property=\"og:type\" content=\"article\" \/>\n<meta property=\"og:title\" content=\"Adidas Metalbone Carbon 3.3 - Nordic Padel\" \/>\n<meta property=\"og:description\" content=\"F\u00f6r den avancerade spelaren som uppskattar Metalbone-serien fr\u00e5n Adidas men vill ha en mindre styv och kontrollinriktad modell presenterar vi h\u00e4r en nyhet i Metalbone-familjen: Metalbone Carbon CTRL 3.3 2024. Till skillnad fr\u00e5n sina syskon i serien kommer Metalbone Carbon CTRL med en tr\u00e4ffyta av 6K kolfiber. Detta inneb\u00e4r att de senare adderade Carbon-modellerna i [&hellip;]\" \/>\n<meta property=\"og:url\" content=\"https:\/\/nordicpadel.com\/sv\/product\/adidas-metalbone-carbon-3-3\/\" \/>\n<meta property=\"og:site_name\" content=\"Nordic Padel\" \/>\n<meta property=\"article:modified_time\" content=\"2026-03-04T14:03:32+00:00\" \/>\n<meta name=\"twitter:card\" content=\"summary_large_image\" \/>\n<meta name=\"twitter:label1\" content=\"Ber\u00e4knad l\u00e4stid\" \/>\n\t<meta name=\"twitter:data1\" content=\"2 minuter\" \/>\n<script type=\"application\/ld+json\" class=\"yoast-schema-graph\">{\"@context\":\"https:\/\/schema.org\",\"@graph\":[{\"@type\":\"WebPage\",\"@id\":\"https:\/\/nordicpadel.com\/sv\/product\/adidas-metalbone-carbon-3-3\/\",\"url\":\"https:\/\/nordicpadel.com\/sv\/product\/adidas-metalbone-carbon-3-3\/\",\"name\":\"Adidas Metalbone Carbon 3.3 - Nordic Padel\",\"isPartOf\":{\"@id\":\"https:\/\/nordicpadel.com\/sv\/#website\"},\"primaryImageOfPage\":{\"@id\":\"https:\/\/nordicpadel.com\/sv\/product\/adidas-metalbone-carbon-3-3\/#primaryimage\"},\"image\":{\"@id\":\"https:\/\/nordicpadel.com\/sv\/product\/adidas-metalbone-carbon-3-3\/#primaryimage\"},\"thumbnailUrl\":\"https:\/\/nordicpadel.com\/sv\/wp-content\/uploads\/sites\/10\/2025\/11\/c248ef609d8afc74d88a510855d71d1a.png\",\"datePublished\":\"2025-11-26T17:57:43+00:00\",\"dateModified\":\"2026-03-04T14:03:32+00:00\",\"breadcrumb\":{\"@id\":\"https:\/\/nordicpadel.com\/sv\/product\/adidas-metalbone-carbon-3-3\/#breadcrumb\"},\"inLanguage\":\"sv-SE\",\"potentialAction\":[{\"@type\":\"ReadAction\",\"target\":[\"https:\/\/nordicpadel.com\/sv\/product\/adidas-metalbone-carbon-3-3\/\"]}]},{\"@type\":\"ImageObject\",\"inLanguage\":\"sv-SE\",\"@id\":\"https:\/\/nordicpadel.com\/sv\/product\/adidas-metalbone-carbon-3-3\/#primaryimage\",\"url\":\"https:\/\/nordicpadel.com\/sv\/wp-content\/uploads\/sites\/10\/2025\/11\/c248ef609d8afc74d88a510855d71d1a.png\",\"contentUrl\":\"https:\/\/nordicpadel.com\/sv\/wp-content\/uploads\/sites\/10\/2025\/11\/c248ef609d8afc74d88a510855d71d1a.png\",\"width\":800,\"height\":800,\"caption\":\"Adidas Metalbone Carbon 3.3\"},{\"@type\":\"BreadcrumbList\",\"@id\":\"https:\/\/nordicpadel.com\/sv\/product\/adidas-metalbone-carbon-3-3\/#breadcrumb\",\"itemListElement\":[{\"@type\":\"ListItem\",\"position\":1,\"name\":\"Hem\",\"item\":\"https:\/\/nordicpadel.com\/sv\/\"},{\"@type\":\"ListItem\",\"position\":2,\"name\":\"Shop\",\"item\":\"https:\/\/nordicpadel.com\/sv\/shop\/\"},{\"@type\":\"ListItem\",\"position\":3,\"name\":\"Adidas Metalbone Carbon 3.3\"}]},{\"@type\":\"WebSite\",\"@id\":\"https:\/\/nordicpadel.com\/sv\/#website\",\"url\":\"https:\/\/nordicpadel.com\/sv\/\",\"name\":\"Nordic Padel\",\"description\":\"\",\"publisher\":{\"@id\":\"https:\/\/nordicpadel.com\/sv\/#organization\"},\"potentialAction\":[{\"@type\":\"SearchAction\",\"target\":{\"@type\":\"EntryPoint\",\"urlTemplate\":\"https:\/\/nordicpadel.com\/sv\/?s={search_term_string}\"},\"query-input\":\"required name=search_term_string\"}],\"inLanguage\":\"sv-SE\"},{\"@type\":\"Organization\",\"@id\":\"https:\/\/nordicpadel.com\/sv\/#organization\",\"name\":\"Nordic Padel\",\"url\":\"https:\/\/nordicpadel.com\/sv\/\",\"logo\":{\"@type\":\"ImageObject\",\"inLanguage\":\"sv-SE\",\"@id\":\"https:\/\/nordicpadel.com\/sv\/#\/schema\/logo\/image\/\",\"url\":\"https:\/\/nordicpadel.com\/sv\/wp-content\/uploads\/sites\/10\/2022\/12\/Nordic-Padel-small_1-1.png\",\"contentUrl\":\"https:\/\/nordicpadel.com\/sv\/wp-content\/uploads\/sites\/10\/2022\/12\/Nordic-Padel-small_1-1.png\",\"width\":400,\"height\":119,\"caption\":\"Nordic Padel\"},\"image\":{\"@id\":\"https:\/\/nordicpadel.com\/sv\/#\/schema\/logo\/image\/\"}}]}<\/script>\n<!-- \/ Yoast SEO plugin. -->","yoast_head_json":{"title":"Adidas Metalbone Carbon 3.3 - Nordic Padel","robots":{"index":"index","follow":"follow","max-snippet":"max-snippet:-1","max-image-preview":"max-image-preview:large","max-video-preview":"max-video-preview:-1"},"canonical":"https:\/\/nordicpadel.com\/sv\/product\/adidas-metalbone-carbon-3-3\/","og_locale":"sv_SE","og_type":"article","og_title":"Adidas Metalbone Carbon 3.3 - Nordic Padel","og_description":"F\u00f6r den avancerade spelaren som uppskattar Metalbone-serien fr\u00e5n Adidas men vill ha en mindre styv och kontrollinriktad modell presenterar vi h\u00e4r en nyhet i Metalbone-familjen: Metalbone Carbon CTRL 3.3 2024. Till skillnad fr\u00e5n sina syskon i serien kommer Metalbone Carbon CTRL med en tr\u00e4ffyta av 6K kolfiber. Detta inneb\u00e4r att de senare adderade Carbon-modellerna i [&hellip;]","og_url":"https:\/\/nordicpadel.com\/sv\/product\/adidas-metalbone-carbon-3-3\/","og_site_name":"Nordic Padel","article_modified_time":"2026-03-04T14:03:32+00:00","twitter_card":"summary_large_image","twitter_misc":{"Ber\u00e4knad l\u00e4stid":"2 minuter"},"schema":{"@context":"https:\/\/schema.org","@graph":[{"@type":"WebPage","@id":"https:\/\/nordicpadel.com\/sv\/product\/adidas-metalbone-carbon-3-3\/","url":"https:\/\/nordicpadel.com\/sv\/product\/adidas-metalbone-carbon-3-3\/","name":"Adidas Metalbone Carbon 3.3 - Nordic Padel","isPartOf":{"@id":"https:\/\/nordicpadel.com\/sv\/#website"},"primaryImageOfPage":{"@id":"https:\/\/nordicpadel.com\/sv\/product\/adidas-metalbone-carbon-3-3\/#primaryimage"},"image":{"@id":"https:\/\/nordicpadel.com\/sv\/product\/adidas-metalbone-carbon-3-3\/#primaryimage"},"thumbnailUrl":"https:\/\/nordicpadel.com\/sv\/wp-content\/uploads\/sites\/10\/2025\/11\/c248ef609d8afc74d88a510855d71d1a.png","datePublished":"2025-11-26T17:57:43+00:00","dateModified":"2026-03-04T14:03:32+00:00","breadcrumb":{"@id":"https:\/\/nordicpadel.com\/sv\/product\/adidas-metalbone-carbon-3-3\/#breadcrumb"},"inLanguage":"sv-SE","potentialAction":[{"@type":"ReadAction","target":["https:\/\/nordicpadel.com\/sv\/product\/adidas-metalbone-carbon-3-3\/"]}]},{"@type":"ImageObject","inLanguage":"sv-SE","@id":"https:\/\/nordicpadel.com\/sv\/product\/adidas-metalbone-carbon-3-3\/#primaryimage","url":"https:\/\/nordicpadel.com\/sv\/wp-content\/uploads\/sites\/10\/2025\/11\/c248ef609d8afc74d88a510855d71d1a.png","contentUrl":"https:\/\/nordicpadel.com\/sv\/wp-content\/uploads\/sites\/10\/2025\/11\/c248ef609d8afc74d88a510855d71d1a.png","width":800,"height":800,"caption":"Adidas Metalbone Carbon 3.3"},{"@type":"BreadcrumbList","@id":"https:\/\/nordicpadel.com\/sv\/product\/adidas-metalbone-carbon-3-3\/#breadcrumb","itemListElement":[{"@type":"ListItem","position":1,"name":"Hem","item":"https:\/\/nordicpadel.com\/sv\/"},{"@type":"ListItem","position":2,"name":"Shop","item":"https:\/\/nordicpadel.com\/sv\/shop\/"},{"@type":"ListItem","position":3,"name":"Adidas Metalbone Carbon 3.3"}]},{"@type":"WebSite","@id":"https:\/\/nordicpadel.com\/sv\/#website","url":"https:\/\/nordicpadel.com\/sv\/","name":"Nordic Padel","description":"","publisher":{"@id":"https:\/\/nordicpadel.com\/sv\/#organization"},"potentialAction":[{"@type":"SearchAction","target":{"@type":"EntryPoint","urlTemplate":"https:\/\/nordicpadel.com\/sv\/?s={search_term_string}"},"query-input":"required name=search_term_string"}],"inLanguage":"sv-SE"},{"@type":"Organization","@id":"https:\/\/nordicpadel.com\/sv\/#organization","name":"Nordic Padel","url":"https:\/\/nordicpadel.com\/sv\/","logo":{"@type":"ImageObject","inLanguage":"sv-SE","@id":"https:\/\/nordicpadel.com\/sv\/#\/schema\/logo\/image\/","url":"https:\/\/nordicpadel.com\/sv\/wp-content\/uploads\/sites\/10\/2022\/12\/Nordic-Padel-small_1-1.png","contentUrl":"https:\/\/nordicpadel.com\/sv\/wp-content\/uploads\/sites\/10\/2022\/12\/Nordic-Padel-small_1-1.png","width":400,"height":119,"caption":"Nordic Padel"},"image":{"@id":"https:\/\/nordicpadel.com\/sv\/#\/schema\/logo\/image\/"}}]}},"brands":[],"_links":{"self":[{"href":"https:\/\/nordicpadel.com\/sv\/wp-json\/wp\/v2\/product\/93632","targetHints":{"allow":["GET"]}}],"collection":[{"href":"https:\/\/nordicpadel.com\/sv\/wp-json\/wp\/v2\/product"}],"about":[{"href":"https:\/\/nordicpadel.com\/sv\/wp-json\/wp\/v2\/types\/product"}],"replies":[{"embeddable":true,"href":"https:\/\/nordicpadel.com\/sv\/wp-json\/wp\/v2\/comments?post=93632"}],"wp:featuredmedia":[{"embeddable":true,"href":"https:\/\/nordicpadel.com\/sv\/wp-json\/wp\/v2\/media\/93583"}],"wp:attachment":[{"href":"https:\/\/nordicpadel.com\/sv\/wp-json\/wp\/v2\/media?parent=93632"}],"wp:term":[{"taxonomy":"pwb-brand","embeddable":true,"href":"https:\/\/nordicpadel.com\/sv\/wp-json\/wp\/v2\/pwb-brand?post=93632"},{"taxonomy":"product_cat","embeddable":true,"href":"https:\/\/nordicpadel.com\/sv\/wp-json\/wp\/v2\/product_cat?post=93632"},{"taxonomy":"product_tag","embeddable":true,"href":"https:\/\/nordicpadel.com\/sv\/wp-json\/wp\/v2\/product_tag?post=93632"},{"taxonomy":"woo-feed-brand","embeddable":true,"href":"https:\/\/nordicpadel.com\/sv\/wp-json\/wp\/v2\/woo-feed-brand?post=93632"}],"curies":[{"name":"wp","href":"https:\/\/api.w.org\/{rel}","templated":true}]}}