{"id":93630,"date":"2025-11-26T18:57:42","date_gmt":"2025-11-26T17:57:42","guid":{"rendered":"https:\/\/nordicpadel.com\/sv\/product\/bullpadel-hack-03-masters-finals\/"},"modified":"2025-11-27T14:47:48","modified_gmt":"2025-11-27T13:47:48","slug":"bullpadel-hack-03-masters-finals","status":"publish","type":"product","link":"https:\/\/nordicpadel.com\/sv\/product\/bullpadel-hack-03-masters-finals\/","title":{"rendered":"Bullpadel Hack 03 Masters Finals"},"content":{"rendered":"<p>Bullpadel Hack 03 i en l\u00e4cker limiterad utg\u00e5va i samband med Master 2022. Det var denna modell som Paquito Navarro spelade med under Masters 2022.<\/p>\n<p>Likt 2022 \u00e5rs modell av Hack har Bullpadel tagit fram denna modell i en diamantform ist\u00e4llet f\u00f6r den hybridformade formen som man hade tidigare. Detta st\u00e4ller lite h\u00f6gre krav p\u00e5 spelaren men d\u00e5 du v\u00e4l tr\u00e4ffar r\u00e4tt i sweetspot blir du bel\u00f6nad med extremt mycket fart och kraft samt en v\u00e4ldigt solid tr\u00e4ffk\u00e4nsla.<\/p>\n<p>P\u00e5 Hack 03 finner vi den p\u00e5kostade Air React Channelteknologin. Det inneb\u00e4r en ny uppbyggnad i rackethalsen som ger en mer aerodynamisk padelracket med luftkanaler i rackethalsen. Detta skall skapa en mer stabil, smidigare och l\u00e4ttare racket d\u00e4r du f\u00e5r snabbare och mer aggressiv respons n\u00e4r du g\u00e5r till attack men samtidigt b\u00e4ttre kontroll n\u00e4r du placerar bollen.<\/p>\n<p>Ytan \u00e4r tillverkad av det nya kolfibermaterialet Tricarbon samt s\u00e5 har Bullpadel lagt p\u00e5 den p\u00e5kostade skumgummik\u00e4rnan Adaptia som \u00e4r av typen Multieva, vilket \u00e4r en blandning av material med olika densitet. Det yttre lagret har en h\u00f6gre densitet som verkar vid snabba bollar och ger mer kraft, medan det inre lagret med en l\u00e4gre densitet verkar vid l\u00e5ngsammare bollar och f\u00f6rb\u00e4ttrar kontrollen.<\/p>\n<p>Spelaren kan individuellt anpassa rackets vikt och balans genom att s\u00e4tta p\u00e5 1-3st Protector Custom Weight \u00e0 3 gram och eller anv\u00e4nda Grip Custom Weight som \u00e4r en utbytbar bottenplugg med 5 eller 10 gram h\u00f6gre vikt \u00e4n standard pluggen. Dessa kommer med i den exklusiva boxen som denna padelracket levereras i.<\/p>\n<p>\u00c5rets Hack racket kommer dessutom f\u00e4rdigmonterat med det innovativa ergonomiska greppet Hesacore som minskar vibrationerna och ska vara skonsammare f\u00f6r spelaren.<\/p>\n<p>Precis som samtliga Bullpadels Pro Line racketar \u00e4r Hack 03 utrustat med vibrationsd\u00e4mpningssystemet Vibradrive, vilket best\u00e5r av ett silikonmaterial som ligger l\u00e4ngs hela handtaget. F\u00f6r att skydda racket mot slag och m\u00e4rken finns \u00e4ven det nya ramskyddet Metalshield.<\/p>\n","protected":false},"excerpt":{"rendered":"<p>Bullpadel Hack 03 i en l\u00e4cker limiterad utg\u00e5va i samband med Master 2022. Det var denna modell som Paquito Navarro spelade med under Masters 2022. Likt 2022 \u00e5rs modell av Hack har Bullpadel tagit fram denna modell i en diamantform ist\u00e4llet f\u00f6r den hybridformade formen som man hade tidigare. Detta st\u00e4ller lite h\u00f6gre krav p\u00e5 [&hellip;]<\/p>\n","protected":false},"featured_media":93601,"comment_status":"open","ping_status":"closed","template":"","meta":[],"pwb-brand":[],"product_cat":[457],"product_tag":[],"woo-feed-brand":[],"class_list":{"0":"post-93630","1":"product","2":"type-product","3":"status-publish","4":"has-post-thumbnail","6":"product_cat-bullpadel","7":"pa_varumarke-bullpadel","9":"first","10":"outofstock","11":"sale","12":"taxable","13":"shipping-taxable","14":"purchasable","15":"product-type-simple"},"bundled_by":[],"bundle_stock_status":"outofstock","bundle_stock_quantity":0,"bundle_virtual":false,"bundle_layout":"","bundle_add_to_cart_form_location":"","bundle_editable_in_cart":false,"bundle_sold_individually_context":"","bundle_item_grouping":"","bundle_min_size":"","bundle_max_size":"","bundled_items":[],"bundle_sell_ids":[],"acf":[],"yoast_head":"<!-- This site is optimized with the Yoast SEO plugin v23.1 - https:\/\/yoast.com\/wordpress\/plugins\/seo\/ -->\n<title>Bullpadel Hack 03 Masters Finals - Nordic Padel<\/title>\n<meta name=\"robots\" content=\"index, follow, max-snippet:-1, max-image-preview:large, max-video-preview:-1\" \/>\n<link rel=\"canonical\" href=\"https:\/\/nordicpadel.com\/sv\/product\/bullpadel-hack-03-masters-finals\/\" \/>\n<meta property=\"og:locale\" content=\"sv_SE\" \/>\n<meta property=\"og:type\" content=\"article\" \/>\n<meta property=\"og:title\" content=\"Bullpadel Hack 03 Masters Finals - Nordic Padel\" \/>\n<meta property=\"og:description\" content=\"Bullpadel Hack 03 i en l\u00e4cker limiterad utg\u00e5va i samband med Master 2022. Det var denna modell som Paquito Navarro spelade med under Masters 2022. Likt 2022 \u00e5rs modell av Hack har Bullpadel tagit fram denna modell i en diamantform ist\u00e4llet f\u00f6r den hybridformade formen som man hade tidigare. Detta st\u00e4ller lite h\u00f6gre krav p\u00e5 [&hellip;]\" \/>\n<meta property=\"og:url\" content=\"https:\/\/nordicpadel.com\/sv\/product\/bullpadel-hack-03-masters-finals\/\" \/>\n<meta property=\"og:site_name\" content=\"Nordic Padel\" \/>\n<meta property=\"article:modified_time\" content=\"2025-11-27T13:47:48+00:00\" \/>\n<meta name=\"twitter:card\" content=\"summary_large_image\" \/>\n<meta name=\"twitter:label1\" content=\"Ber\u00e4knad l\u00e4stid\" \/>\n\t<meta name=\"twitter:data1\" content=\"2 minuter\" \/>\n<script type=\"application\/ld+json\" class=\"yoast-schema-graph\">{\"@context\":\"https:\/\/schema.org\",\"@graph\":[{\"@type\":\"WebPage\",\"@id\":\"https:\/\/nordicpadel.com\/sv\/product\/bullpadel-hack-03-masters-finals\/\",\"url\":\"https:\/\/nordicpadel.com\/sv\/product\/bullpadel-hack-03-masters-finals\/\",\"name\":\"Bullpadel Hack 03 Masters Finals - Nordic Padel\",\"isPartOf\":{\"@id\":\"https:\/\/nordicpadel.com\/sv\/#website\"},\"primaryImageOfPage\":{\"@id\":\"https:\/\/nordicpadel.com\/sv\/product\/bullpadel-hack-03-masters-finals\/#primaryimage\"},\"image\":{\"@id\":\"https:\/\/nordicpadel.com\/sv\/product\/bullpadel-hack-03-masters-finals\/#primaryimage\"},\"thumbnailUrl\":\"https:\/\/nordicpadel.com\/sv\/wp-content\/uploads\/sites\/10\/2025\/11\/d32fb0e0642f181debba9f5d5ce4b8b5.png\",\"datePublished\":\"2025-11-26T17:57:42+00:00\",\"dateModified\":\"2025-11-27T13:47:48+00:00\",\"breadcrumb\":{\"@id\":\"https:\/\/nordicpadel.com\/sv\/product\/bullpadel-hack-03-masters-finals\/#breadcrumb\"},\"inLanguage\":\"sv-SE\",\"potentialAction\":[{\"@type\":\"ReadAction\",\"target\":[\"https:\/\/nordicpadel.com\/sv\/product\/bullpadel-hack-03-masters-finals\/\"]}]},{\"@type\":\"ImageObject\",\"inLanguage\":\"sv-SE\",\"@id\":\"https:\/\/nordicpadel.com\/sv\/product\/bullpadel-hack-03-masters-finals\/#primaryimage\",\"url\":\"https:\/\/nordicpadel.com\/sv\/wp-content\/uploads\/sites\/10\/2025\/11\/d32fb0e0642f181debba9f5d5ce4b8b5.png\",\"contentUrl\":\"https:\/\/nordicpadel.com\/sv\/wp-content\/uploads\/sites\/10\/2025\/11\/d32fb0e0642f181debba9f5d5ce4b8b5.png\",\"width\":800,\"height\":800,\"caption\":\"Bullpadel Hack 03 Masters Finals\"},{\"@type\":\"BreadcrumbList\",\"@id\":\"https:\/\/nordicpadel.com\/sv\/product\/bullpadel-hack-03-masters-finals\/#breadcrumb\",\"itemListElement\":[{\"@type\":\"ListItem\",\"position\":1,\"name\":\"Hem\",\"item\":\"https:\/\/nordicpadel.com\/sv\/\"},{\"@type\":\"ListItem\",\"position\":2,\"name\":\"Shop\",\"item\":\"https:\/\/nordicpadel.com\/sv\/shop\/\"},{\"@type\":\"ListItem\",\"position\":3,\"name\":\"Bullpadel Hack 03 Masters Finals\"}]},{\"@type\":\"WebSite\",\"@id\":\"https:\/\/nordicpadel.com\/sv\/#website\",\"url\":\"https:\/\/nordicpadel.com\/sv\/\",\"name\":\"Nordic Padel\",\"description\":\"\",\"publisher\":{\"@id\":\"https:\/\/nordicpadel.com\/sv\/#organization\"},\"potentialAction\":[{\"@type\":\"SearchAction\",\"target\":{\"@type\":\"EntryPoint\",\"urlTemplate\":\"https:\/\/nordicpadel.com\/sv\/?s={search_term_string}\"},\"query-input\":\"required name=search_term_string\"}],\"inLanguage\":\"sv-SE\"},{\"@type\":\"Organization\",\"@id\":\"https:\/\/nordicpadel.com\/sv\/#organization\",\"name\":\"Nordic Padel\",\"url\":\"https:\/\/nordicpadel.com\/sv\/\",\"logo\":{\"@type\":\"ImageObject\",\"inLanguage\":\"sv-SE\",\"@id\":\"https:\/\/nordicpadel.com\/sv\/#\/schema\/logo\/image\/\",\"url\":\"https:\/\/nordicpadel.com\/sv\/wp-content\/uploads\/sites\/10\/2022\/12\/Nordic-Padel-small_1-1.png\",\"contentUrl\":\"https:\/\/nordicpadel.com\/sv\/wp-content\/uploads\/sites\/10\/2022\/12\/Nordic-Padel-small_1-1.png\",\"width\":400,\"height\":119,\"caption\":\"Nordic Padel\"},\"image\":{\"@id\":\"https:\/\/nordicpadel.com\/sv\/#\/schema\/logo\/image\/\"}}]}<\/script>\n<!-- \/ Yoast SEO plugin. -->","yoast_head_json":{"title":"Bullpadel Hack 03 Masters Finals - Nordic Padel","robots":{"index":"index","follow":"follow","max-snippet":"max-snippet:-1","max-image-preview":"max-image-preview:large","max-video-preview":"max-video-preview:-1"},"canonical":"https:\/\/nordicpadel.com\/sv\/product\/bullpadel-hack-03-masters-finals\/","og_locale":"sv_SE","og_type":"article","og_title":"Bullpadel Hack 03 Masters Finals - Nordic Padel","og_description":"Bullpadel Hack 03 i en l\u00e4cker limiterad utg\u00e5va i samband med Master 2022. Det var denna modell som Paquito Navarro spelade med under Masters 2022. Likt 2022 \u00e5rs modell av Hack har Bullpadel tagit fram denna modell i en diamantform ist\u00e4llet f\u00f6r den hybridformade formen som man hade tidigare. Detta st\u00e4ller lite h\u00f6gre krav p\u00e5 [&hellip;]","og_url":"https:\/\/nordicpadel.com\/sv\/product\/bullpadel-hack-03-masters-finals\/","og_site_name":"Nordic Padel","article_modified_time":"2025-11-27T13:47:48+00:00","twitter_card":"summary_large_image","twitter_misc":{"Ber\u00e4knad l\u00e4stid":"2 minuter"},"schema":{"@context":"https:\/\/schema.org","@graph":[{"@type":"WebPage","@id":"https:\/\/nordicpadel.com\/sv\/product\/bullpadel-hack-03-masters-finals\/","url":"https:\/\/nordicpadel.com\/sv\/product\/bullpadel-hack-03-masters-finals\/","name":"Bullpadel Hack 03 Masters Finals - Nordic Padel","isPartOf":{"@id":"https:\/\/nordicpadel.com\/sv\/#website"},"primaryImageOfPage":{"@id":"https:\/\/nordicpadel.com\/sv\/product\/bullpadel-hack-03-masters-finals\/#primaryimage"},"image":{"@id":"https:\/\/nordicpadel.com\/sv\/product\/bullpadel-hack-03-masters-finals\/#primaryimage"},"thumbnailUrl":"https:\/\/nordicpadel.com\/sv\/wp-content\/uploads\/sites\/10\/2025\/11\/d32fb0e0642f181debba9f5d5ce4b8b5.png","datePublished":"2025-11-26T17:57:42+00:00","dateModified":"2025-11-27T13:47:48+00:00","breadcrumb":{"@id":"https:\/\/nordicpadel.com\/sv\/product\/bullpadel-hack-03-masters-finals\/#breadcrumb"},"inLanguage":"sv-SE","potentialAction":[{"@type":"ReadAction","target":["https:\/\/nordicpadel.com\/sv\/product\/bullpadel-hack-03-masters-finals\/"]}]},{"@type":"ImageObject","inLanguage":"sv-SE","@id":"https:\/\/nordicpadel.com\/sv\/product\/bullpadel-hack-03-masters-finals\/#primaryimage","url":"https:\/\/nordicpadel.com\/sv\/wp-content\/uploads\/sites\/10\/2025\/11\/d32fb0e0642f181debba9f5d5ce4b8b5.png","contentUrl":"https:\/\/nordicpadel.com\/sv\/wp-content\/uploads\/sites\/10\/2025\/11\/d32fb0e0642f181debba9f5d5ce4b8b5.png","width":800,"height":800,"caption":"Bullpadel Hack 03 Masters Finals"},{"@type":"BreadcrumbList","@id":"https:\/\/nordicpadel.com\/sv\/product\/bullpadel-hack-03-masters-finals\/#breadcrumb","itemListElement":[{"@type":"ListItem","position":1,"name":"Hem","item":"https:\/\/nordicpadel.com\/sv\/"},{"@type":"ListItem","position":2,"name":"Shop","item":"https:\/\/nordicpadel.com\/sv\/shop\/"},{"@type":"ListItem","position":3,"name":"Bullpadel Hack 03 Masters Finals"}]},{"@type":"WebSite","@id":"https:\/\/nordicpadel.com\/sv\/#website","url":"https:\/\/nordicpadel.com\/sv\/","name":"Nordic Padel","description":"","publisher":{"@id":"https:\/\/nordicpadel.com\/sv\/#organization"},"potentialAction":[{"@type":"SearchAction","target":{"@type":"EntryPoint","urlTemplate":"https:\/\/nordicpadel.com\/sv\/?s={search_term_string}"},"query-input":"required name=search_term_string"}],"inLanguage":"sv-SE"},{"@type":"Organization","@id":"https:\/\/nordicpadel.com\/sv\/#organization","name":"Nordic Padel","url":"https:\/\/nordicpadel.com\/sv\/","logo":{"@type":"ImageObject","inLanguage":"sv-SE","@id":"https:\/\/nordicpadel.com\/sv\/#\/schema\/logo\/image\/","url":"https:\/\/nordicpadel.com\/sv\/wp-content\/uploads\/sites\/10\/2022\/12\/Nordic-Padel-small_1-1.png","contentUrl":"https:\/\/nordicpadel.com\/sv\/wp-content\/uploads\/sites\/10\/2022\/12\/Nordic-Padel-small_1-1.png","width":400,"height":119,"caption":"Nordic Padel"},"image":{"@id":"https:\/\/nordicpadel.com\/sv\/#\/schema\/logo\/image\/"}}]}},"brands":[],"_links":{"self":[{"href":"https:\/\/nordicpadel.com\/sv\/wp-json\/wp\/v2\/product\/93630","targetHints":{"allow":["GET"]}}],"collection":[{"href":"https:\/\/nordicpadel.com\/sv\/wp-json\/wp\/v2\/product"}],"about":[{"href":"https:\/\/nordicpadel.com\/sv\/wp-json\/wp\/v2\/types\/product"}],"replies":[{"embeddable":true,"href":"https:\/\/nordicpadel.com\/sv\/wp-json\/wp\/v2\/comments?post=93630"}],"wp:featuredmedia":[{"embeddable":true,"href":"https:\/\/nordicpadel.com\/sv\/wp-json\/wp\/v2\/media\/93601"}],"wp:attachment":[{"href":"https:\/\/nordicpadel.com\/sv\/wp-json\/wp\/v2\/media?parent=93630"}],"wp:term":[{"taxonomy":"pwb-brand","embeddable":true,"href":"https:\/\/nordicpadel.com\/sv\/wp-json\/wp\/v2\/pwb-brand?post=93630"},{"taxonomy":"product_cat","embeddable":true,"href":"https:\/\/nordicpadel.com\/sv\/wp-json\/wp\/v2\/product_cat?post=93630"},{"taxonomy":"product_tag","embeddable":true,"href":"https:\/\/nordicpadel.com\/sv\/wp-json\/wp\/v2\/product_tag?post=93630"},{"taxonomy":"woo-feed-brand","embeddable":true,"href":"https:\/\/nordicpadel.com\/sv\/wp-json\/wp\/v2\/woo-feed-brand?post=93630"}],"curies":[{"name":"wp","href":"https:\/\/api.w.org\/{rel}","templated":true}]}}