{"id":93623,"date":"2025-11-26T18:57:39","date_gmt":"2025-11-26T17:57:39","guid":{"rendered":"https:\/\/nordicpadel.com\/sv\/product\/bullpadel-flow-hybrid-fly-w-2\/"},"modified":"2026-02-20T11:53:42","modified_gmt":"2026-02-20T10:53:42","slug":"bullpadel-flow-hybrid-fly-w-2","status":"publish","type":"product","link":"https:\/\/nordicpadel.com\/sv\/product\/bullpadel-flow-hybrid-fly-w-2\/","title":{"rendered":"Bullpadel Flow Hybrid Fly W"},"content":{"rendered":"<p>Upplev \u00f6verl\u00e4gsen prestanda p\u00e5 padelbanan med Bullpadels Flow Hybrid Fly 22V \u2013 de ultimata padelskorna f\u00f6r spelare som kr\u00e4ver l\u00e4tthet, stabilitet och \u00f6verl\u00e4gset grepp. Anv\u00e4nds av ingen mindre \u00e4n WPT-stj\u00e4rnan Alejandra Salazar f\u00f6r att maximera prestationen p\u00e5 planen.<\/p>\n<p>Med avancerad Thermo Fit-teknik levererar dessa skor en s\u00f6ml\u00f6s ovandel som inte bara omsluter dina f\u00f6tter perfekt f\u00f6r \u00f6kad stabilitet, utan minimerar \u00e4ven skav, vilket l\u00e5ter dig fokusera helt och h\u00e5llet p\u00e5 ditt spel. Den elastiska tungan i mesh \u00e4r perforerad f\u00f6r optimal ventilation, h\u00e5ller dina f\u00f6tter svala och bekv\u00e4ma under intensiva matcher.<\/p>\n<p>Uppt\u00e4ck en ny niv\u00e5 av komfort med Phylon-mellansulan som ger en mjuk och responsiv d\u00e4mpning vid varje steg. TPU-f\u00f6rst\u00e4rkningar stabiliserar dina r\u00f6relser och ger \u00f6kad h\u00e5llbarhet. Den unika hybridm\u00f6nstrade yttersulan \u00e4r utrustad med det innovativa Flex Rift-systemet f\u00f6r \u00f6verl\u00e4gsen flexibilitet och en roterande Rotox-platta som boostar din sidledsr\u00f6rlighet.<\/p>\n<p>Skons yttersula \u00e4r tillverkad av h\u00e5llbart gummi, och dess slitstarka konstruktion str\u00e4cker sig \u00e4ven upp \u00f6ver t\u00e5rna f\u00f6r extra skydd och h\u00e5llbarhet. Ge dig sj\u00e4lv f\u00f6rdelen p\u00e5 padelbanan med Flow Hybrid Fly 22V \u2013 det sj\u00e4lvklara valet f\u00f6r spelare som str\u00e4var efter topprestanda och stil.<\/p>\n","protected":false},"excerpt":{"rendered":"<p>Upplev \u00f6verl\u00e4gsen prestanda p\u00e5 padelbanan med Bullpadels Flow Hybrid Fly 22V \u2013 de ultimata padelskorna f\u00f6r spelare som kr\u00e4ver l\u00e4tthet, stabilitet och \u00f6verl\u00e4gset grepp. Anv\u00e4nds av ingen mindre \u00e4n WPT-stj\u00e4rnan Alejandra Salazar f\u00f6r att maximera prestationen p\u00e5 planen. Med avancerad Thermo Fit-teknik levererar dessa skor en s\u00f6ml\u00f6s ovandel som inte bara omsluter dina f\u00f6tter perfekt [&hellip;]<\/p>\n","protected":false},"featured_media":93608,"comment_status":"open","ping_status":"closed","template":"","meta":[],"pwb-brand":[],"product_cat":[457],"product_tag":[],"woo-feed-brand":[],"class_list":{"0":"post-93623","1":"product","2":"type-product","3":"status-publish","4":"has-post-thumbnail","6":"product_cat-bullpadel","7":"pa_varumarke-bullpadel","9":"first","10":"outofstock","11":"sale","12":"taxable","13":"shipping-taxable","14":"purchasable","15":"product-type-variable"},"bundled_by":[],"bundle_stock_status":"outofstock","bundle_stock_quantity":0,"bundle_virtual":false,"bundle_layout":"","bundle_add_to_cart_form_location":"","bundle_editable_in_cart":false,"bundle_sold_individually_context":"","bundle_item_grouping":"","bundle_min_size":"","bundle_max_size":"","bundled_items":[],"bundle_sell_ids":[],"acf":[],"yoast_head":"<!-- This site is optimized with the Yoast SEO plugin v23.1 - https:\/\/yoast.com\/wordpress\/plugins\/seo\/ -->\n<title>Bullpadel Flow Hybrid Fly W - Nordic Padel<\/title>\n<meta name=\"robots\" content=\"index, follow, max-snippet:-1, max-image-preview:large, max-video-preview:-1\" \/>\n<link rel=\"canonical\" href=\"https:\/\/nordicpadel.com\/sv\/product\/bullpadel-flow-hybrid-fly-w-2\/\" \/>\n<meta property=\"og:locale\" content=\"sv_SE\" \/>\n<meta property=\"og:type\" content=\"article\" \/>\n<meta property=\"og:title\" content=\"Bullpadel Flow Hybrid Fly W - Nordic Padel\" \/>\n<meta property=\"og:description\" content=\"Upplev \u00f6verl\u00e4gsen prestanda p\u00e5 padelbanan med Bullpadels Flow Hybrid Fly 22V \u2013 de ultimata padelskorna f\u00f6r spelare som kr\u00e4ver l\u00e4tthet, stabilitet och \u00f6verl\u00e4gset grepp. Anv\u00e4nds av ingen mindre \u00e4n WPT-stj\u00e4rnan Alejandra Salazar f\u00f6r att maximera prestationen p\u00e5 planen. Med avancerad Thermo Fit-teknik levererar dessa skor en s\u00f6ml\u00f6s ovandel som inte bara omsluter dina f\u00f6tter perfekt [&hellip;]\" \/>\n<meta property=\"og:url\" content=\"https:\/\/nordicpadel.com\/sv\/product\/bullpadel-flow-hybrid-fly-w-2\/\" \/>\n<meta property=\"og:site_name\" content=\"Nordic Padel\" \/>\n<meta property=\"article:modified_time\" content=\"2026-02-20T10:53:42+00:00\" \/>\n<meta name=\"twitter:card\" content=\"summary_large_image\" \/>\n<meta name=\"twitter:label1\" content=\"Ber\u00e4knad l\u00e4stid\" \/>\n\t<meta name=\"twitter:data1\" content=\"1 minut\" \/>\n<script type=\"application\/ld+json\" class=\"yoast-schema-graph\">{\"@context\":\"https:\/\/schema.org\",\"@graph\":[{\"@type\":\"WebPage\",\"@id\":\"https:\/\/nordicpadel.com\/sv\/product\/bullpadel-flow-hybrid-fly-w-2\/\",\"url\":\"https:\/\/nordicpadel.com\/sv\/product\/bullpadel-flow-hybrid-fly-w-2\/\",\"name\":\"Bullpadel Flow Hybrid Fly W - Nordic Padel\",\"isPartOf\":{\"@id\":\"https:\/\/nordicpadel.com\/sv\/#website\"},\"primaryImageOfPage\":{\"@id\":\"https:\/\/nordicpadel.com\/sv\/product\/bullpadel-flow-hybrid-fly-w-2\/#primaryimage\"},\"image\":{\"@id\":\"https:\/\/nordicpadel.com\/sv\/product\/bullpadel-flow-hybrid-fly-w-2\/#primaryimage\"},\"thumbnailUrl\":\"https:\/\/nordicpadel.com\/sv\/wp-content\/uploads\/sites\/10\/2025\/11\/2a8459064db8b2c242a4308a32049332.png\",\"datePublished\":\"2025-11-26T17:57:39+00:00\",\"dateModified\":\"2026-02-20T10:53:42+00:00\",\"breadcrumb\":{\"@id\":\"https:\/\/nordicpadel.com\/sv\/product\/bullpadel-flow-hybrid-fly-w-2\/#breadcrumb\"},\"inLanguage\":\"sv-SE\",\"potentialAction\":[{\"@type\":\"ReadAction\",\"target\":[\"https:\/\/nordicpadel.com\/sv\/product\/bullpadel-flow-hybrid-fly-w-2\/\"]}]},{\"@type\":\"ImageObject\",\"inLanguage\":\"sv-SE\",\"@id\":\"https:\/\/nordicpadel.com\/sv\/product\/bullpadel-flow-hybrid-fly-w-2\/#primaryimage\",\"url\":\"https:\/\/nordicpadel.com\/sv\/wp-content\/uploads\/sites\/10\/2025\/11\/2a8459064db8b2c242a4308a32049332.png\",\"contentUrl\":\"https:\/\/nordicpadel.com\/sv\/wp-content\/uploads\/sites\/10\/2025\/11\/2a8459064db8b2c242a4308a32049332.png\",\"width\":800,\"height\":800,\"caption\":\"Bullpadel Flow Hybrid Fly W\"},{\"@type\":\"BreadcrumbList\",\"@id\":\"https:\/\/nordicpadel.com\/sv\/product\/bullpadel-flow-hybrid-fly-w-2\/#breadcrumb\",\"itemListElement\":[{\"@type\":\"ListItem\",\"position\":1,\"name\":\"Hem\",\"item\":\"https:\/\/nordicpadel.com\/sv\/\"},{\"@type\":\"ListItem\",\"position\":2,\"name\":\"Shop\",\"item\":\"https:\/\/nordicpadel.com\/sv\/shop\/\"},{\"@type\":\"ListItem\",\"position\":3,\"name\":\"Bullpadel Flow Hybrid Fly W\"}]},{\"@type\":\"WebSite\",\"@id\":\"https:\/\/nordicpadel.com\/sv\/#website\",\"url\":\"https:\/\/nordicpadel.com\/sv\/\",\"name\":\"Nordic Padel\",\"description\":\"\",\"publisher\":{\"@id\":\"https:\/\/nordicpadel.com\/sv\/#organization\"},\"potentialAction\":[{\"@type\":\"SearchAction\",\"target\":{\"@type\":\"EntryPoint\",\"urlTemplate\":\"https:\/\/nordicpadel.com\/sv\/?s={search_term_string}\"},\"query-input\":\"required name=search_term_string\"}],\"inLanguage\":\"sv-SE\"},{\"@type\":\"Organization\",\"@id\":\"https:\/\/nordicpadel.com\/sv\/#organization\",\"name\":\"Nordic Padel\",\"url\":\"https:\/\/nordicpadel.com\/sv\/\",\"logo\":{\"@type\":\"ImageObject\",\"inLanguage\":\"sv-SE\",\"@id\":\"https:\/\/nordicpadel.com\/sv\/#\/schema\/logo\/image\/\",\"url\":\"https:\/\/nordicpadel.com\/sv\/wp-content\/uploads\/sites\/10\/2022\/12\/Nordic-Padel-small_1-1.png\",\"contentUrl\":\"https:\/\/nordicpadel.com\/sv\/wp-content\/uploads\/sites\/10\/2022\/12\/Nordic-Padel-small_1-1.png\",\"width\":400,\"height\":119,\"caption\":\"Nordic Padel\"},\"image\":{\"@id\":\"https:\/\/nordicpadel.com\/sv\/#\/schema\/logo\/image\/\"}}]}<\/script>\n<!-- \/ Yoast SEO plugin. -->","yoast_head_json":{"title":"Bullpadel Flow Hybrid Fly W - Nordic Padel","robots":{"index":"index","follow":"follow","max-snippet":"max-snippet:-1","max-image-preview":"max-image-preview:large","max-video-preview":"max-video-preview:-1"},"canonical":"https:\/\/nordicpadel.com\/sv\/product\/bullpadel-flow-hybrid-fly-w-2\/","og_locale":"sv_SE","og_type":"article","og_title":"Bullpadel Flow Hybrid Fly W - Nordic Padel","og_description":"Upplev \u00f6verl\u00e4gsen prestanda p\u00e5 padelbanan med Bullpadels Flow Hybrid Fly 22V \u2013 de ultimata padelskorna f\u00f6r spelare som kr\u00e4ver l\u00e4tthet, stabilitet och \u00f6verl\u00e4gset grepp. Anv\u00e4nds av ingen mindre \u00e4n WPT-stj\u00e4rnan Alejandra Salazar f\u00f6r att maximera prestationen p\u00e5 planen. Med avancerad Thermo Fit-teknik levererar dessa skor en s\u00f6ml\u00f6s ovandel som inte bara omsluter dina f\u00f6tter perfekt [&hellip;]","og_url":"https:\/\/nordicpadel.com\/sv\/product\/bullpadel-flow-hybrid-fly-w-2\/","og_site_name":"Nordic Padel","article_modified_time":"2026-02-20T10:53:42+00:00","twitter_card":"summary_large_image","twitter_misc":{"Ber\u00e4knad l\u00e4stid":"1 minut"},"schema":{"@context":"https:\/\/schema.org","@graph":[{"@type":"WebPage","@id":"https:\/\/nordicpadel.com\/sv\/product\/bullpadel-flow-hybrid-fly-w-2\/","url":"https:\/\/nordicpadel.com\/sv\/product\/bullpadel-flow-hybrid-fly-w-2\/","name":"Bullpadel Flow Hybrid Fly W - Nordic Padel","isPartOf":{"@id":"https:\/\/nordicpadel.com\/sv\/#website"},"primaryImageOfPage":{"@id":"https:\/\/nordicpadel.com\/sv\/product\/bullpadel-flow-hybrid-fly-w-2\/#primaryimage"},"image":{"@id":"https:\/\/nordicpadel.com\/sv\/product\/bullpadel-flow-hybrid-fly-w-2\/#primaryimage"},"thumbnailUrl":"https:\/\/nordicpadel.com\/sv\/wp-content\/uploads\/sites\/10\/2025\/11\/2a8459064db8b2c242a4308a32049332.png","datePublished":"2025-11-26T17:57:39+00:00","dateModified":"2026-02-20T10:53:42+00:00","breadcrumb":{"@id":"https:\/\/nordicpadel.com\/sv\/product\/bullpadel-flow-hybrid-fly-w-2\/#breadcrumb"},"inLanguage":"sv-SE","potentialAction":[{"@type":"ReadAction","target":["https:\/\/nordicpadel.com\/sv\/product\/bullpadel-flow-hybrid-fly-w-2\/"]}]},{"@type":"ImageObject","inLanguage":"sv-SE","@id":"https:\/\/nordicpadel.com\/sv\/product\/bullpadel-flow-hybrid-fly-w-2\/#primaryimage","url":"https:\/\/nordicpadel.com\/sv\/wp-content\/uploads\/sites\/10\/2025\/11\/2a8459064db8b2c242a4308a32049332.png","contentUrl":"https:\/\/nordicpadel.com\/sv\/wp-content\/uploads\/sites\/10\/2025\/11\/2a8459064db8b2c242a4308a32049332.png","width":800,"height":800,"caption":"Bullpadel Flow Hybrid Fly W"},{"@type":"BreadcrumbList","@id":"https:\/\/nordicpadel.com\/sv\/product\/bullpadel-flow-hybrid-fly-w-2\/#breadcrumb","itemListElement":[{"@type":"ListItem","position":1,"name":"Hem","item":"https:\/\/nordicpadel.com\/sv\/"},{"@type":"ListItem","position":2,"name":"Shop","item":"https:\/\/nordicpadel.com\/sv\/shop\/"},{"@type":"ListItem","position":3,"name":"Bullpadel Flow Hybrid Fly W"}]},{"@type":"WebSite","@id":"https:\/\/nordicpadel.com\/sv\/#website","url":"https:\/\/nordicpadel.com\/sv\/","name":"Nordic Padel","description":"","publisher":{"@id":"https:\/\/nordicpadel.com\/sv\/#organization"},"potentialAction":[{"@type":"SearchAction","target":{"@type":"EntryPoint","urlTemplate":"https:\/\/nordicpadel.com\/sv\/?s={search_term_string}"},"query-input":"required name=search_term_string"}],"inLanguage":"sv-SE"},{"@type":"Organization","@id":"https:\/\/nordicpadel.com\/sv\/#organization","name":"Nordic Padel","url":"https:\/\/nordicpadel.com\/sv\/","logo":{"@type":"ImageObject","inLanguage":"sv-SE","@id":"https:\/\/nordicpadel.com\/sv\/#\/schema\/logo\/image\/","url":"https:\/\/nordicpadel.com\/sv\/wp-content\/uploads\/sites\/10\/2022\/12\/Nordic-Padel-small_1-1.png","contentUrl":"https:\/\/nordicpadel.com\/sv\/wp-content\/uploads\/sites\/10\/2022\/12\/Nordic-Padel-small_1-1.png","width":400,"height":119,"caption":"Nordic Padel"},"image":{"@id":"https:\/\/nordicpadel.com\/sv\/#\/schema\/logo\/image\/"}}]}},"brands":[],"_links":{"self":[{"href":"https:\/\/nordicpadel.com\/sv\/wp-json\/wp\/v2\/product\/93623","targetHints":{"allow":["GET"]}}],"collection":[{"href":"https:\/\/nordicpadel.com\/sv\/wp-json\/wp\/v2\/product"}],"about":[{"href":"https:\/\/nordicpadel.com\/sv\/wp-json\/wp\/v2\/types\/product"}],"replies":[{"embeddable":true,"href":"https:\/\/nordicpadel.com\/sv\/wp-json\/wp\/v2\/comments?post=93623"}],"wp:featuredmedia":[{"embeddable":true,"href":"https:\/\/nordicpadel.com\/sv\/wp-json\/wp\/v2\/media\/93608"}],"wp:attachment":[{"href":"https:\/\/nordicpadel.com\/sv\/wp-json\/wp\/v2\/media?parent=93623"}],"wp:term":[{"taxonomy":"pwb-brand","embeddable":true,"href":"https:\/\/nordicpadel.com\/sv\/wp-json\/wp\/v2\/pwb-brand?post=93623"},{"taxonomy":"product_cat","embeddable":true,"href":"https:\/\/nordicpadel.com\/sv\/wp-json\/wp\/v2\/product_cat?post=93623"},{"taxonomy":"product_tag","embeddable":true,"href":"https:\/\/nordicpadel.com\/sv\/wp-json\/wp\/v2\/product_tag?post=93623"},{"taxonomy":"woo-feed-brand","embeddable":true,"href":"https:\/\/nordicpadel.com\/sv\/wp-json\/wp\/v2\/woo-feed-brand?post=93623"}],"curies":[{"name":"wp","href":"https:\/\/api.w.org\/{rel}","templated":true}]}}