{"id":93593,"date":"2025-11-26T18:57:27","date_gmt":"2025-11-26T17:57:27","guid":{"rendered":"https:\/\/nordicpadel.com\/sv\/product\/siux-electra-st3-stupa-pro\/"},"modified":"2025-11-27T08:53:41","modified_gmt":"2025-11-27T07:53:41","slug":"siux-electra-st3-stupa-pro","status":"publish","type":"product","link":"https:\/\/nordicpadel.com\/sv\/product\/siux-electra-st3-stupa-pro\/","title":{"rendered":"Siux Electra St3 Stupa Pro"},"content":{"rendered":"<p>Electra ST3 Stupa Pro ing\u00e5r i Siux PRO-serien och riktar sig till avancerade och h\u00f6gpresterande padelspelare, s\u00e5v\u00e4l som duktiga motion\u00e4rer som kr\u00e4ver h\u00f6gkvalitativ utrustning. Serien utm\u00e4rker sig genom anv\u00e4ndningen av premium-material och en snygg metallic finish.<\/p>\n<p>Siux Electra ST3 har en hybridform och medium balans, vilket ger dig utm\u00e4rkta spel- och prestandaegenskaper i alla situationer p\u00e5 banan. Du kommer vara ett hot oavsett vilken typ av spelsituation du hamnar i eller vilket slag du anv\u00e4nder.<\/p>\n<p>Till skillnad fr\u00e5n Stupa ST2 har \u00e5rets modell en EVA Hard-k\u00e4rna, vilket ger en kraftfull och explosiv bolltr\u00e4ff. Denna modell har \u00e4ven s\u00e5 kallat 3K+ Aramida i ramverket vilket ger ytterligare h\u00e5llbarhet.<\/p>\n<p>Siux Electra ST3 \u00e4r utrustad med Dual Pro Grip Dampeners, vilket effektivt d\u00e4mpar vibrationer i handtaget och ger dig en skonsam spelupplevelse.<\/p>\n<p>Designen har uppdaterats f\u00f6r \u00e5rets modell med en mattsvart finish och guldiga detaljer, och Stupas signatur finns givetvis med f\u00f6r extra elegans.<\/p>\n<p>Franco Stupaczuk&#8217;s Siux Electra ST3 Stupa Pro \u00e4r det perfekta padelracket f\u00f6r spelare som str\u00e4var efter elitprestanda och kvalitet p\u00e5 padelbanan.<\/p>\n","protected":false},"excerpt":{"rendered":"<p>Electra ST3 Stupa Pro ing\u00e5r i Siux PRO-serien och riktar sig till avancerade och h\u00f6gpresterande padelspelare, s\u00e5v\u00e4l som duktiga motion\u00e4rer som kr\u00e4ver h\u00f6gkvalitativ utrustning. Serien utm\u00e4rker sig genom anv\u00e4ndningen av premium-material och en snygg metallic finish. Siux Electra ST3 har en hybridform och medium balans, vilket ger dig utm\u00e4rkta spel- och prestandaegenskaper i alla situationer [&hellip;]<\/p>\n","protected":false},"featured_media":93532,"comment_status":"open","ping_status":"closed","template":"","meta":[],"pwb-brand":[],"product_cat":[475],"product_tag":[],"woo-feed-brand":[],"class_list":{"0":"post-93593","1":"product","2":"type-product","3":"status-publish","4":"has-post-thumbnail","6":"product_cat-siux","7":"pa_varumarke-siux","9":"first","10":"outofstock","11":"taxable","12":"shipping-taxable","13":"purchasable","14":"product-type-simple"},"bundled_by":[],"bundle_stock_status":"outofstock","bundle_stock_quantity":0,"bundle_virtual":false,"bundle_layout":"","bundle_add_to_cart_form_location":"","bundle_editable_in_cart":false,"bundle_sold_individually_context":"","bundle_item_grouping":"","bundle_min_size":"","bundle_max_size":"","bundled_items":[],"bundle_sell_ids":[],"acf":[],"yoast_head":"<!-- This site is optimized with the Yoast SEO plugin v23.1 - https:\/\/yoast.com\/wordpress\/plugins\/seo\/ -->\n<title>Siux Electra St3 Stupa Pro - Nordic Padel<\/title>\n<meta name=\"robots\" content=\"index, follow, max-snippet:-1, max-image-preview:large, max-video-preview:-1\" \/>\n<link rel=\"canonical\" href=\"https:\/\/nordicpadel.com\/sv\/product\/siux-electra-st3-stupa-pro\/\" \/>\n<meta property=\"og:locale\" content=\"sv_SE\" \/>\n<meta property=\"og:type\" content=\"article\" \/>\n<meta property=\"og:title\" content=\"Siux Electra St3 Stupa Pro - Nordic Padel\" \/>\n<meta property=\"og:description\" content=\"Electra ST3 Stupa Pro ing\u00e5r i Siux PRO-serien och riktar sig till avancerade och h\u00f6gpresterande padelspelare, s\u00e5v\u00e4l som duktiga motion\u00e4rer som kr\u00e4ver h\u00f6gkvalitativ utrustning. Serien utm\u00e4rker sig genom anv\u00e4ndningen av premium-material och en snygg metallic finish. Siux Electra ST3 har en hybridform och medium balans, vilket ger dig utm\u00e4rkta spel- och prestandaegenskaper i alla situationer [&hellip;]\" \/>\n<meta property=\"og:url\" content=\"https:\/\/nordicpadel.com\/sv\/product\/siux-electra-st3-stupa-pro\/\" \/>\n<meta property=\"og:site_name\" content=\"Nordic Padel\" \/>\n<meta property=\"article:modified_time\" content=\"2025-11-27T07:53:41+00:00\" \/>\n<meta property=\"og:image\" content=\"https:\/\/nordicpadel.com\/sv\/wp-content\/uploads\/sites\/10\/2025\/11\/e1d66bf2f25155495337ebccbb474f12.png\" \/>\n\t<meta property=\"og:image:width\" content=\"800\" \/>\n\t<meta property=\"og:image:height\" content=\"800\" \/>\n\t<meta property=\"og:image:type\" content=\"image\/png\" \/>\n<meta name=\"twitter:card\" content=\"summary_large_image\" \/>\n<meta name=\"twitter:label1\" content=\"Ber\u00e4knad l\u00e4stid\" \/>\n\t<meta name=\"twitter:data1\" content=\"1 minut\" \/>\n<script type=\"application\/ld+json\" class=\"yoast-schema-graph\">{\"@context\":\"https:\/\/schema.org\",\"@graph\":[{\"@type\":\"WebPage\",\"@id\":\"https:\/\/nordicpadel.com\/sv\/product\/siux-electra-st3-stupa-pro\/\",\"url\":\"https:\/\/nordicpadel.com\/sv\/product\/siux-electra-st3-stupa-pro\/\",\"name\":\"Siux Electra St3 Stupa Pro - Nordic Padel\",\"isPartOf\":{\"@id\":\"https:\/\/nordicpadel.com\/sv\/#website\"},\"primaryImageOfPage\":{\"@id\":\"https:\/\/nordicpadel.com\/sv\/product\/siux-electra-st3-stupa-pro\/#primaryimage\"},\"image\":{\"@id\":\"https:\/\/nordicpadel.com\/sv\/product\/siux-electra-st3-stupa-pro\/#primaryimage\"},\"thumbnailUrl\":\"https:\/\/nordicpadel.com\/sv\/wp-content\/uploads\/sites\/10\/2025\/11\/e1d66bf2f25155495337ebccbb474f12.png\",\"datePublished\":\"2025-11-26T17:57:27+00:00\",\"dateModified\":\"2025-11-27T07:53:41+00:00\",\"breadcrumb\":{\"@id\":\"https:\/\/nordicpadel.com\/sv\/product\/siux-electra-st3-stupa-pro\/#breadcrumb\"},\"inLanguage\":\"sv-SE\",\"potentialAction\":[{\"@type\":\"ReadAction\",\"target\":[\"https:\/\/nordicpadel.com\/sv\/product\/siux-electra-st3-stupa-pro\/\"]}]},{\"@type\":\"ImageObject\",\"inLanguage\":\"sv-SE\",\"@id\":\"https:\/\/nordicpadel.com\/sv\/product\/siux-electra-st3-stupa-pro\/#primaryimage\",\"url\":\"https:\/\/nordicpadel.com\/sv\/wp-content\/uploads\/sites\/10\/2025\/11\/e1d66bf2f25155495337ebccbb474f12.png\",\"contentUrl\":\"https:\/\/nordicpadel.com\/sv\/wp-content\/uploads\/sites\/10\/2025\/11\/e1d66bf2f25155495337ebccbb474f12.png\",\"width\":800,\"height\":800,\"caption\":\"Siux Electra St3 Stupa Pro\"},{\"@type\":\"BreadcrumbList\",\"@id\":\"https:\/\/nordicpadel.com\/sv\/product\/siux-electra-st3-stupa-pro\/#breadcrumb\",\"itemListElement\":[{\"@type\":\"ListItem\",\"position\":1,\"name\":\"Hem\",\"item\":\"https:\/\/nordicpadel.com\/sv\/\"},{\"@type\":\"ListItem\",\"position\":2,\"name\":\"Shop\",\"item\":\"https:\/\/nordicpadel.com\/sv\/shop\/\"},{\"@type\":\"ListItem\",\"position\":3,\"name\":\"Siux Electra St3 Stupa Pro\"}]},{\"@type\":\"WebSite\",\"@id\":\"https:\/\/nordicpadel.com\/sv\/#website\",\"url\":\"https:\/\/nordicpadel.com\/sv\/\",\"name\":\"Nordic Padel\",\"description\":\"\",\"publisher\":{\"@id\":\"https:\/\/nordicpadel.com\/sv\/#organization\"},\"potentialAction\":[{\"@type\":\"SearchAction\",\"target\":{\"@type\":\"EntryPoint\",\"urlTemplate\":\"https:\/\/nordicpadel.com\/sv\/?s={search_term_string}\"},\"query-input\":\"required name=search_term_string\"}],\"inLanguage\":\"sv-SE\"},{\"@type\":\"Organization\",\"@id\":\"https:\/\/nordicpadel.com\/sv\/#organization\",\"name\":\"Nordic Padel\",\"url\":\"https:\/\/nordicpadel.com\/sv\/\",\"logo\":{\"@type\":\"ImageObject\",\"inLanguage\":\"sv-SE\",\"@id\":\"https:\/\/nordicpadel.com\/sv\/#\/schema\/logo\/image\/\",\"url\":\"https:\/\/nordicpadel.com\/sv\/wp-content\/uploads\/sites\/10\/2022\/12\/Nordic-Padel-small_1-1.png\",\"contentUrl\":\"https:\/\/nordicpadel.com\/sv\/wp-content\/uploads\/sites\/10\/2022\/12\/Nordic-Padel-small_1-1.png\",\"width\":400,\"height\":119,\"caption\":\"Nordic Padel\"},\"image\":{\"@id\":\"https:\/\/nordicpadel.com\/sv\/#\/schema\/logo\/image\/\"}}]}<\/script>\n<!-- \/ Yoast SEO plugin. -->","yoast_head_json":{"title":"Siux Electra St3 Stupa Pro - Nordic Padel","robots":{"index":"index","follow":"follow","max-snippet":"max-snippet:-1","max-image-preview":"max-image-preview:large","max-video-preview":"max-video-preview:-1"},"canonical":"https:\/\/nordicpadel.com\/sv\/product\/siux-electra-st3-stupa-pro\/","og_locale":"sv_SE","og_type":"article","og_title":"Siux Electra St3 Stupa Pro - Nordic Padel","og_description":"Electra ST3 Stupa Pro ing\u00e5r i Siux PRO-serien och riktar sig till avancerade och h\u00f6gpresterande padelspelare, s\u00e5v\u00e4l som duktiga motion\u00e4rer som kr\u00e4ver h\u00f6gkvalitativ utrustning. Serien utm\u00e4rker sig genom anv\u00e4ndningen av premium-material och en snygg metallic finish. Siux Electra ST3 har en hybridform och medium balans, vilket ger dig utm\u00e4rkta spel- och prestandaegenskaper i alla situationer [&hellip;]","og_url":"https:\/\/nordicpadel.com\/sv\/product\/siux-electra-st3-stupa-pro\/","og_site_name":"Nordic Padel","article_modified_time":"2025-11-27T07:53:41+00:00","og_image":[{"width":800,"height":800,"url":"https:\/\/nordicpadel.com\/sv\/wp-content\/uploads\/sites\/10\/2025\/11\/e1d66bf2f25155495337ebccbb474f12.png","type":"image\/png"}],"twitter_card":"summary_large_image","twitter_misc":{"Ber\u00e4knad l\u00e4stid":"1 minut"},"schema":{"@context":"https:\/\/schema.org","@graph":[{"@type":"WebPage","@id":"https:\/\/nordicpadel.com\/sv\/product\/siux-electra-st3-stupa-pro\/","url":"https:\/\/nordicpadel.com\/sv\/product\/siux-electra-st3-stupa-pro\/","name":"Siux Electra St3 Stupa Pro - Nordic Padel","isPartOf":{"@id":"https:\/\/nordicpadel.com\/sv\/#website"},"primaryImageOfPage":{"@id":"https:\/\/nordicpadel.com\/sv\/product\/siux-electra-st3-stupa-pro\/#primaryimage"},"image":{"@id":"https:\/\/nordicpadel.com\/sv\/product\/siux-electra-st3-stupa-pro\/#primaryimage"},"thumbnailUrl":"https:\/\/nordicpadel.com\/sv\/wp-content\/uploads\/sites\/10\/2025\/11\/e1d66bf2f25155495337ebccbb474f12.png","datePublished":"2025-11-26T17:57:27+00:00","dateModified":"2025-11-27T07:53:41+00:00","breadcrumb":{"@id":"https:\/\/nordicpadel.com\/sv\/product\/siux-electra-st3-stupa-pro\/#breadcrumb"},"inLanguage":"sv-SE","potentialAction":[{"@type":"ReadAction","target":["https:\/\/nordicpadel.com\/sv\/product\/siux-electra-st3-stupa-pro\/"]}]},{"@type":"ImageObject","inLanguage":"sv-SE","@id":"https:\/\/nordicpadel.com\/sv\/product\/siux-electra-st3-stupa-pro\/#primaryimage","url":"https:\/\/nordicpadel.com\/sv\/wp-content\/uploads\/sites\/10\/2025\/11\/e1d66bf2f25155495337ebccbb474f12.png","contentUrl":"https:\/\/nordicpadel.com\/sv\/wp-content\/uploads\/sites\/10\/2025\/11\/e1d66bf2f25155495337ebccbb474f12.png","width":800,"height":800,"caption":"Siux Electra St3 Stupa Pro"},{"@type":"BreadcrumbList","@id":"https:\/\/nordicpadel.com\/sv\/product\/siux-electra-st3-stupa-pro\/#breadcrumb","itemListElement":[{"@type":"ListItem","position":1,"name":"Hem","item":"https:\/\/nordicpadel.com\/sv\/"},{"@type":"ListItem","position":2,"name":"Shop","item":"https:\/\/nordicpadel.com\/sv\/shop\/"},{"@type":"ListItem","position":3,"name":"Siux Electra St3 Stupa Pro"}]},{"@type":"WebSite","@id":"https:\/\/nordicpadel.com\/sv\/#website","url":"https:\/\/nordicpadel.com\/sv\/","name":"Nordic Padel","description":"","publisher":{"@id":"https:\/\/nordicpadel.com\/sv\/#organization"},"potentialAction":[{"@type":"SearchAction","target":{"@type":"EntryPoint","urlTemplate":"https:\/\/nordicpadel.com\/sv\/?s={search_term_string}"},"query-input":"required name=search_term_string"}],"inLanguage":"sv-SE"},{"@type":"Organization","@id":"https:\/\/nordicpadel.com\/sv\/#organization","name":"Nordic Padel","url":"https:\/\/nordicpadel.com\/sv\/","logo":{"@type":"ImageObject","inLanguage":"sv-SE","@id":"https:\/\/nordicpadel.com\/sv\/#\/schema\/logo\/image\/","url":"https:\/\/nordicpadel.com\/sv\/wp-content\/uploads\/sites\/10\/2022\/12\/Nordic-Padel-small_1-1.png","contentUrl":"https:\/\/nordicpadel.com\/sv\/wp-content\/uploads\/sites\/10\/2022\/12\/Nordic-Padel-small_1-1.png","width":400,"height":119,"caption":"Nordic Padel"},"image":{"@id":"https:\/\/nordicpadel.com\/sv\/#\/schema\/logo\/image\/"}}]}},"brands":[],"_links":{"self":[{"href":"https:\/\/nordicpadel.com\/sv\/wp-json\/wp\/v2\/product\/93593","targetHints":{"allow":["GET"]}}],"collection":[{"href":"https:\/\/nordicpadel.com\/sv\/wp-json\/wp\/v2\/product"}],"about":[{"href":"https:\/\/nordicpadel.com\/sv\/wp-json\/wp\/v2\/types\/product"}],"replies":[{"embeddable":true,"href":"https:\/\/nordicpadel.com\/sv\/wp-json\/wp\/v2\/comments?post=93593"}],"wp:featuredmedia":[{"embeddable":true,"href":"https:\/\/nordicpadel.com\/sv\/wp-json\/wp\/v2\/media\/93532"}],"wp:attachment":[{"href":"https:\/\/nordicpadel.com\/sv\/wp-json\/wp\/v2\/media?parent=93593"}],"wp:term":[{"taxonomy":"pwb-brand","embeddable":true,"href":"https:\/\/nordicpadel.com\/sv\/wp-json\/wp\/v2\/pwb-brand?post=93593"},{"taxonomy":"product_cat","embeddable":true,"href":"https:\/\/nordicpadel.com\/sv\/wp-json\/wp\/v2\/product_cat?post=93593"},{"taxonomy":"product_tag","embeddable":true,"href":"https:\/\/nordicpadel.com\/sv\/wp-json\/wp\/v2\/product_tag?post=93593"},{"taxonomy":"woo-feed-brand","embeddable":true,"href":"https:\/\/nordicpadel.com\/sv\/wp-json\/wp\/v2\/woo-feed-brand?post=93593"}],"curies":[{"name":"wp","href":"https:\/\/api.w.org\/{rel}","templated":true}]}}