{"id":93568,"date":"2025-11-26T18:57:19","date_gmt":"2025-11-26T17:57:19","guid":{"rendered":"https:\/\/nordicpadel.com\/sv\/product\/head-radical-motion\/"},"modified":"2026-02-26T09:03:31","modified_gmt":"2026-02-26T08:03:31","slug":"head-radical-motion","status":"publish","type":"product","link":"https:\/\/nordicpadel.com\/sv\/product\/head-radical-motion\/","title":{"rendered":"Head radical Motion"},"content":{"rendered":"<p>Som en del av en ny, droppformad serie fr\u00e5n Head och tillverkad fr\u00e5n en ny gjutningsform, erbjuder Radical Motion som \u00e4r den l\u00e4ttaste modellen i serien en kontrollerad spelupplevelse f\u00f6r avancerade och professionella spelare. Kolfibertr\u00e4ffytan i 3K kolfiber f\u00f6rb\u00e4ttrar kontroll och m\u00e5ngsidighet samtidigt som l\u00e4gre balansen \u00f6kar man\u00f6vrerbarheten. F\u00f6r extra kraft och en sensationell k\u00e4nsla vid bolltr\u00e4ff kommer padelracket utrustat med Head&#8217;s innovativa Auxetic-teknologi, medan Soft Butt Cap-teknologin ger en mjukare spelk\u00e4nsla och d\u00e4mpar vibrationer. Designen kommer i en h\u00e4rlig blandning av svart och r\u00f6tt och ger dig ett kraftfullt intryck i padelhallen.<\/p>\n<p>Teknologier<\/p>\n<p>Auxetic<br \/>Ett nytt material inarbetat i racket som anpassar sin inre struktur vid bollkontakt. P\u00e5 grund av dess egenskaper vidgas auxetiska strukturer n\u00e4r en dragkraft appliceras och dras ihop n\u00e4r de komprimeras. Detta inneb\u00e4r att ju st\u00f6rre den applicerade kraften \u00e4r, desto st\u00f6rre blir den auxetiska reaktionen i materialet.<\/p>\n<p>Pena Control Foam<br \/>Enast\u00e5ende kontroll som du kan k\u00e4nna med varje slag. Kontrollskummet i k\u00e4rnan f\u00f6rb\u00e4ttrar sweetspot och k\u00e4nslan n\u00e4r du sl\u00e5r bollen.<\/p>\n<p>Smart Bridge<br \/>Varje enskild racketmodell har sin egen DNA. Vissa kommer att erbjuda kontroll och precision, medan andra har kraft eller komfort som fokus. Av den anledningen har Head utvecklat Smart Bridge f\u00f6r att anpassa bryggomr\u00e5det efter varje modells behov.<\/p>\n<p>Optimized Sweetspot<br \/>H\u00e5len \u00e4r placerade p\u00e5 ett s\u00e5 optimalt s\u00e4tt som m\u00f6jligt f\u00f6r att g\u00f6ra racket mer f\u00f6rl\u00e5tande med en st\u00f6rre sweetspot.<\/p>\n<p>Tailored Frame<br \/>Teknologi d\u00e4r Head har lagt fokus p\u00e5 att optimera tuberna i ramen f\u00f6r att uppn\u00e5 h\u00f6gst m\u00f6jlig prestanda och kvalitet.<\/p>\n<p>Soft Buttcap<br \/>Den nya mjuka knoppen konstruerad i tv\u00e5 olika material ger spelaren en mjuk och bekv\u00e4m spelk\u00e4nsla. Teknologin \u00e4r framtagen f\u00f6r att minimera o\u00f6nskade vibrationer i handtaget f\u00f6rebygger s\u00e5ledes risken f\u00f6r f\u00f6rslitningsskador i arm, armb\u00e5ge och handled.<\/p>\n<p>Graphene Inside<br \/>Material som f\u00f6rb\u00e4ttrar f\u00f6rm\u00e5gan att reducera vibrationer vid bolltr\u00e4ff f\u00f6r en mer f\u00f6rl\u00e5tande och sk\u00f6nare tr\u00e4ffk\u00e4nsla.<\/p>\n","protected":false},"excerpt":{"rendered":"<p>Som en del av en ny, droppformad serie fr\u00e5n Head och tillverkad fr\u00e5n en ny gjutningsform, erbjuder Radical Motion som \u00e4r den l\u00e4ttaste modellen i serien en kontrollerad spelupplevelse f\u00f6r avancerade och professionella spelare. Kolfibertr\u00e4ffytan i 3K kolfiber f\u00f6rb\u00e4ttrar kontroll och m\u00e5ngsidighet samtidigt som l\u00e4gre balansen \u00f6kar man\u00f6vrerbarheten. F\u00f6r extra kraft och en sensationell k\u00e4nsla [&hellip;]<\/p>\n","protected":false},"featured_media":93530,"comment_status":"open","ping_status":"closed","template":"","meta":[],"pwb-brand":[],"product_cat":[459],"product_tag":[],"woo-feed-brand":[],"class_list":{"0":"post-93568","1":"product","2":"type-product","3":"status-publish","4":"has-post-thumbnail","6":"product_cat-head","7":"pa_varumarke-head","9":"first","10":"outofstock","11":"sale","12":"taxable","13":"shipping-taxable","14":"purchasable","15":"product-type-simple"},"bundled_by":[],"bundle_stock_status":"outofstock","bundle_stock_quantity":0,"bundle_virtual":false,"bundle_layout":"","bundle_add_to_cart_form_location":"","bundle_editable_in_cart":false,"bundle_sold_individually_context":"","bundle_item_grouping":"","bundle_min_size":"","bundle_max_size":"","bundled_items":[],"bundle_sell_ids":[],"acf":[],"yoast_head":"<!-- This site is optimized with the Yoast SEO plugin v23.1 - https:\/\/yoast.com\/wordpress\/plugins\/seo\/ -->\n<title>Head radical Motion - Nordic Padel<\/title>\n<meta name=\"robots\" content=\"index, follow, max-snippet:-1, max-image-preview:large, max-video-preview:-1\" \/>\n<link rel=\"canonical\" href=\"https:\/\/nordicpadel.com\/sv\/product\/head-radical-motion\/\" \/>\n<meta property=\"og:locale\" content=\"sv_SE\" \/>\n<meta property=\"og:type\" content=\"article\" \/>\n<meta property=\"og:title\" content=\"Head radical Motion - Nordic Padel\" \/>\n<meta property=\"og:description\" content=\"Som en del av en ny, droppformad serie fr\u00e5n Head och tillverkad fr\u00e5n en ny gjutningsform, erbjuder Radical Motion som \u00e4r den l\u00e4ttaste modellen i serien en kontrollerad spelupplevelse f\u00f6r avancerade och professionella spelare. Kolfibertr\u00e4ffytan i 3K kolfiber f\u00f6rb\u00e4ttrar kontroll och m\u00e5ngsidighet samtidigt som l\u00e4gre balansen \u00f6kar man\u00f6vrerbarheten. F\u00f6r extra kraft och en sensationell k\u00e4nsla [&hellip;]\" \/>\n<meta property=\"og:url\" content=\"https:\/\/nordicpadel.com\/sv\/product\/head-radical-motion\/\" \/>\n<meta property=\"og:site_name\" content=\"Nordic Padel\" \/>\n<meta property=\"article:modified_time\" content=\"2026-02-26T08:03:31+00:00\" \/>\n<meta property=\"og:image\" content=\"https:\/\/nordicpadel.com\/sv\/wp-content\/uploads\/sites\/10\/2025\/11\/ae37f78ef79f9c6d9cfde68e9077d4d0.png\" \/>\n\t<meta property=\"og:image:width\" content=\"800\" \/>\n\t<meta property=\"og:image:height\" content=\"800\" \/>\n\t<meta property=\"og:image:type\" content=\"image\/png\" \/>\n<meta name=\"twitter:card\" content=\"summary_large_image\" \/>\n<meta name=\"twitter:label1\" content=\"Ber\u00e4knad l\u00e4stid\" \/>\n\t<meta name=\"twitter:data1\" content=\"2 minuter\" \/>\n<script type=\"application\/ld+json\" class=\"yoast-schema-graph\">{\"@context\":\"https:\/\/schema.org\",\"@graph\":[{\"@type\":\"WebPage\",\"@id\":\"https:\/\/nordicpadel.com\/sv\/product\/head-radical-motion\/\",\"url\":\"https:\/\/nordicpadel.com\/sv\/product\/head-radical-motion\/\",\"name\":\"Head radical Motion - Nordic Padel\",\"isPartOf\":{\"@id\":\"https:\/\/nordicpadel.com\/sv\/#website\"},\"primaryImageOfPage\":{\"@id\":\"https:\/\/nordicpadel.com\/sv\/product\/head-radical-motion\/#primaryimage\"},\"image\":{\"@id\":\"https:\/\/nordicpadel.com\/sv\/product\/head-radical-motion\/#primaryimage\"},\"thumbnailUrl\":\"https:\/\/nordicpadel.com\/sv\/wp-content\/uploads\/sites\/10\/2025\/11\/ae37f78ef79f9c6d9cfde68e9077d4d0.png\",\"datePublished\":\"2025-11-26T17:57:19+00:00\",\"dateModified\":\"2026-02-26T08:03:31+00:00\",\"breadcrumb\":{\"@id\":\"https:\/\/nordicpadel.com\/sv\/product\/head-radical-motion\/#breadcrumb\"},\"inLanguage\":\"sv-SE\",\"potentialAction\":[{\"@type\":\"ReadAction\",\"target\":[\"https:\/\/nordicpadel.com\/sv\/product\/head-radical-motion\/\"]}]},{\"@type\":\"ImageObject\",\"inLanguage\":\"sv-SE\",\"@id\":\"https:\/\/nordicpadel.com\/sv\/product\/head-radical-motion\/#primaryimage\",\"url\":\"https:\/\/nordicpadel.com\/sv\/wp-content\/uploads\/sites\/10\/2025\/11\/ae37f78ef79f9c6d9cfde68e9077d4d0.png\",\"contentUrl\":\"https:\/\/nordicpadel.com\/sv\/wp-content\/uploads\/sites\/10\/2025\/11\/ae37f78ef79f9c6d9cfde68e9077d4d0.png\",\"width\":800,\"height\":800,\"caption\":\"Head radical Motion\"},{\"@type\":\"BreadcrumbList\",\"@id\":\"https:\/\/nordicpadel.com\/sv\/product\/head-radical-motion\/#breadcrumb\",\"itemListElement\":[{\"@type\":\"ListItem\",\"position\":1,\"name\":\"Hem\",\"item\":\"https:\/\/nordicpadel.com\/sv\/\"},{\"@type\":\"ListItem\",\"position\":2,\"name\":\"Shop\",\"item\":\"https:\/\/nordicpadel.com\/sv\/shop\/\"},{\"@type\":\"ListItem\",\"position\":3,\"name\":\"Head radical Motion\"}]},{\"@type\":\"WebSite\",\"@id\":\"https:\/\/nordicpadel.com\/sv\/#website\",\"url\":\"https:\/\/nordicpadel.com\/sv\/\",\"name\":\"Nordic Padel\",\"description\":\"\",\"publisher\":{\"@id\":\"https:\/\/nordicpadel.com\/sv\/#organization\"},\"potentialAction\":[{\"@type\":\"SearchAction\",\"target\":{\"@type\":\"EntryPoint\",\"urlTemplate\":\"https:\/\/nordicpadel.com\/sv\/?s={search_term_string}\"},\"query-input\":\"required name=search_term_string\"}],\"inLanguage\":\"sv-SE\"},{\"@type\":\"Organization\",\"@id\":\"https:\/\/nordicpadel.com\/sv\/#organization\",\"name\":\"Nordic Padel\",\"url\":\"https:\/\/nordicpadel.com\/sv\/\",\"logo\":{\"@type\":\"ImageObject\",\"inLanguage\":\"sv-SE\",\"@id\":\"https:\/\/nordicpadel.com\/sv\/#\/schema\/logo\/image\/\",\"url\":\"https:\/\/nordicpadel.com\/sv\/wp-content\/uploads\/sites\/10\/2022\/12\/Nordic-Padel-small_1-1.png\",\"contentUrl\":\"https:\/\/nordicpadel.com\/sv\/wp-content\/uploads\/sites\/10\/2022\/12\/Nordic-Padel-small_1-1.png\",\"width\":400,\"height\":119,\"caption\":\"Nordic Padel\"},\"image\":{\"@id\":\"https:\/\/nordicpadel.com\/sv\/#\/schema\/logo\/image\/\"}}]}<\/script>\n<!-- \/ Yoast SEO plugin. -->","yoast_head_json":{"title":"Head radical Motion - Nordic Padel","robots":{"index":"index","follow":"follow","max-snippet":"max-snippet:-1","max-image-preview":"max-image-preview:large","max-video-preview":"max-video-preview:-1"},"canonical":"https:\/\/nordicpadel.com\/sv\/product\/head-radical-motion\/","og_locale":"sv_SE","og_type":"article","og_title":"Head radical Motion - Nordic Padel","og_description":"Som en del av en ny, droppformad serie fr\u00e5n Head och tillverkad fr\u00e5n en ny gjutningsform, erbjuder Radical Motion som \u00e4r den l\u00e4ttaste modellen i serien en kontrollerad spelupplevelse f\u00f6r avancerade och professionella spelare. Kolfibertr\u00e4ffytan i 3K kolfiber f\u00f6rb\u00e4ttrar kontroll och m\u00e5ngsidighet samtidigt som l\u00e4gre balansen \u00f6kar man\u00f6vrerbarheten. F\u00f6r extra kraft och en sensationell k\u00e4nsla [&hellip;]","og_url":"https:\/\/nordicpadel.com\/sv\/product\/head-radical-motion\/","og_site_name":"Nordic Padel","article_modified_time":"2026-02-26T08:03:31+00:00","og_image":[{"width":800,"height":800,"url":"https:\/\/nordicpadel.com\/sv\/wp-content\/uploads\/sites\/10\/2025\/11\/ae37f78ef79f9c6d9cfde68e9077d4d0.png","type":"image\/png"}],"twitter_card":"summary_large_image","twitter_misc":{"Ber\u00e4knad l\u00e4stid":"2 minuter"},"schema":{"@context":"https:\/\/schema.org","@graph":[{"@type":"WebPage","@id":"https:\/\/nordicpadel.com\/sv\/product\/head-radical-motion\/","url":"https:\/\/nordicpadel.com\/sv\/product\/head-radical-motion\/","name":"Head radical Motion - Nordic Padel","isPartOf":{"@id":"https:\/\/nordicpadel.com\/sv\/#website"},"primaryImageOfPage":{"@id":"https:\/\/nordicpadel.com\/sv\/product\/head-radical-motion\/#primaryimage"},"image":{"@id":"https:\/\/nordicpadel.com\/sv\/product\/head-radical-motion\/#primaryimage"},"thumbnailUrl":"https:\/\/nordicpadel.com\/sv\/wp-content\/uploads\/sites\/10\/2025\/11\/ae37f78ef79f9c6d9cfde68e9077d4d0.png","datePublished":"2025-11-26T17:57:19+00:00","dateModified":"2026-02-26T08:03:31+00:00","breadcrumb":{"@id":"https:\/\/nordicpadel.com\/sv\/product\/head-radical-motion\/#breadcrumb"},"inLanguage":"sv-SE","potentialAction":[{"@type":"ReadAction","target":["https:\/\/nordicpadel.com\/sv\/product\/head-radical-motion\/"]}]},{"@type":"ImageObject","inLanguage":"sv-SE","@id":"https:\/\/nordicpadel.com\/sv\/product\/head-radical-motion\/#primaryimage","url":"https:\/\/nordicpadel.com\/sv\/wp-content\/uploads\/sites\/10\/2025\/11\/ae37f78ef79f9c6d9cfde68e9077d4d0.png","contentUrl":"https:\/\/nordicpadel.com\/sv\/wp-content\/uploads\/sites\/10\/2025\/11\/ae37f78ef79f9c6d9cfde68e9077d4d0.png","width":800,"height":800,"caption":"Head radical Motion"},{"@type":"BreadcrumbList","@id":"https:\/\/nordicpadel.com\/sv\/product\/head-radical-motion\/#breadcrumb","itemListElement":[{"@type":"ListItem","position":1,"name":"Hem","item":"https:\/\/nordicpadel.com\/sv\/"},{"@type":"ListItem","position":2,"name":"Shop","item":"https:\/\/nordicpadel.com\/sv\/shop\/"},{"@type":"ListItem","position":3,"name":"Head radical Motion"}]},{"@type":"WebSite","@id":"https:\/\/nordicpadel.com\/sv\/#website","url":"https:\/\/nordicpadel.com\/sv\/","name":"Nordic Padel","description":"","publisher":{"@id":"https:\/\/nordicpadel.com\/sv\/#organization"},"potentialAction":[{"@type":"SearchAction","target":{"@type":"EntryPoint","urlTemplate":"https:\/\/nordicpadel.com\/sv\/?s={search_term_string}"},"query-input":"required name=search_term_string"}],"inLanguage":"sv-SE"},{"@type":"Organization","@id":"https:\/\/nordicpadel.com\/sv\/#organization","name":"Nordic Padel","url":"https:\/\/nordicpadel.com\/sv\/","logo":{"@type":"ImageObject","inLanguage":"sv-SE","@id":"https:\/\/nordicpadel.com\/sv\/#\/schema\/logo\/image\/","url":"https:\/\/nordicpadel.com\/sv\/wp-content\/uploads\/sites\/10\/2022\/12\/Nordic-Padel-small_1-1.png","contentUrl":"https:\/\/nordicpadel.com\/sv\/wp-content\/uploads\/sites\/10\/2022\/12\/Nordic-Padel-small_1-1.png","width":400,"height":119,"caption":"Nordic Padel"},"image":{"@id":"https:\/\/nordicpadel.com\/sv\/#\/schema\/logo\/image\/"}}]}},"brands":[],"_links":{"self":[{"href":"https:\/\/nordicpadel.com\/sv\/wp-json\/wp\/v2\/product\/93568","targetHints":{"allow":["GET"]}}],"collection":[{"href":"https:\/\/nordicpadel.com\/sv\/wp-json\/wp\/v2\/product"}],"about":[{"href":"https:\/\/nordicpadel.com\/sv\/wp-json\/wp\/v2\/types\/product"}],"replies":[{"embeddable":true,"href":"https:\/\/nordicpadel.com\/sv\/wp-json\/wp\/v2\/comments?post=93568"}],"wp:featuredmedia":[{"embeddable":true,"href":"https:\/\/nordicpadel.com\/sv\/wp-json\/wp\/v2\/media\/93530"}],"wp:attachment":[{"href":"https:\/\/nordicpadel.com\/sv\/wp-json\/wp\/v2\/media?parent=93568"}],"wp:term":[{"taxonomy":"pwb-brand","embeddable":true,"href":"https:\/\/nordicpadel.com\/sv\/wp-json\/wp\/v2\/pwb-brand?post=93568"},{"taxonomy":"product_cat","embeddable":true,"href":"https:\/\/nordicpadel.com\/sv\/wp-json\/wp\/v2\/product_cat?post=93568"},{"taxonomy":"product_tag","embeddable":true,"href":"https:\/\/nordicpadel.com\/sv\/wp-json\/wp\/v2\/product_tag?post=93568"},{"taxonomy":"woo-feed-brand","embeddable":true,"href":"https:\/\/nordicpadel.com\/sv\/wp-json\/wp\/v2\/woo-feed-brand?post=93568"}],"curies":[{"name":"wp","href":"https:\/\/api.w.org\/{rel}","templated":true}]}}