{"id":93478,"date":"2025-11-26T18:56:40","date_gmt":"2025-11-26T17:56:40","guid":{"rendered":"https:\/\/nordicpadel.com\/sv\/product\/bullpadel-elite-w\/"},"modified":"2025-11-27T08:58:33","modified_gmt":"2025-11-27T07:58:33","slug":"bullpadel-elite-w","status":"publish","type":"product","link":"https:\/\/nordicpadel.com\/sv\/product\/bullpadel-elite-w\/","title":{"rendered":"Bullpadel Elite W"},"content":{"rendered":"<p>Bullpadels nya Elite W padelracket \u00e4r v\u00e4rldstrean Gemma Triay&#8217;s racketval f\u00f6r s\u00e4songen 2024.<br \/>Gemma Triay \u00e4r ett levande bevis p\u00e5 att h\u00e5rt arbete l\u00f6nar sig. Hennes st\u00e4ndiga str\u00e4van efter att f\u00f6rb\u00e4ttra sitt spel och \u00f6vertr\u00e4ffa sina egna gr\u00e4nser har gjort henne till en f\u00f6rebild f\u00f6r m\u00e5nga unga padelspelare. Hennes f\u00f6rm\u00e5ga att balansera kraft och kontroll p\u00e5 banan \u00e4r en konstform i sig sj\u00e4lv och visar p\u00e5 hennes dedikation till sitt hantverk.<\/p>\n<p>Elite W har en ny typ av droppform anpassad efter Gemma&#8217;s offensiva spel men erh\u00e5ller \u00e4ven en medium balans f\u00f6r att balansera kraften i hennes slag. Perfekt f\u00f6r dig som ibland k\u00e4nner att dina overheadslag kanske sticker iv\u00e4g lite v\u00e4l m\u00e5nga g\u00e5nger in i glaset. I Elite W f\u00e5r du helt enkelt extra hj\u00e4lp med att kontrollera dina kraftigare slag.<br \/>N\u00e4r det kommer till k\u00e4rnan av Elite W 2024 best\u00e5r denna av samma k\u00e4rna liksom resterande i Bullpadels Pro-Line serie f\u00f6r 2024 -den nya Multi-Eva teknologin som vi beskriver n\u00e4rmre nedan under teknologier. Tr\u00e4ffytan best\u00e5r av ett s\u00e5 kallat Xtend Carbon 3K ytskikt. Detta \u00e4r en sammanv\u00e4vnad av tv\u00e4rg\u00e5ende kolfibertr\u00e5dar. Xtend Carbon \u00e4r ett l\u00e4ttare material \u00e4n vanligt kolifber med upp till 30%.<br \/>Padelracket \u00e4r \u00e4ven utrustat med Air React Channel f\u00f6r optimal aerodynamic och Vibradrive f\u00f6r att minimera skadliga vibrationer fr\u00e5n padelrack till arm vid bolltr\u00e4ff.<\/p>\n","protected":false},"excerpt":{"rendered":"<p>Bullpadels nya Elite W padelracket \u00e4r v\u00e4rldstrean Gemma Triay&#8217;s racketval f\u00f6r s\u00e4songen 2024.Gemma Triay \u00e4r ett levande bevis p\u00e5 att h\u00e5rt arbete l\u00f6nar sig. Hennes st\u00e4ndiga str\u00e4van efter att f\u00f6rb\u00e4ttra sitt spel och \u00f6vertr\u00e4ffa sina egna gr\u00e4nser har gjort henne till en f\u00f6rebild f\u00f6r m\u00e5nga unga padelspelare. Hennes f\u00f6rm\u00e5ga att balansera kraft och kontroll p\u00e5 [&hellip;]<\/p>\n","protected":false},"featured_media":93450,"comment_status":"open","ping_status":"closed","template":"","meta":[],"pwb-brand":[],"product_cat":[457],"product_tag":[],"woo-feed-brand":[],"class_list":{"0":"post-93478","1":"product","2":"type-product","3":"status-publish","4":"has-post-thumbnail","6":"product_cat-bullpadel","7":"pa_varumarke-bullpadel","9":"first","10":"outofstock","11":"taxable","12":"shipping-taxable","13":"purchasable","14":"product-type-simple"},"bundled_by":[],"bundle_stock_status":"outofstock","bundle_stock_quantity":0,"bundle_virtual":false,"bundle_layout":"","bundle_add_to_cart_form_location":"","bundle_editable_in_cart":false,"bundle_sold_individually_context":"","bundle_item_grouping":"","bundle_min_size":"","bundle_max_size":"","bundled_items":[],"bundle_sell_ids":[],"acf":[],"yoast_head":"<!-- This site is optimized with the Yoast SEO plugin v23.1 - https:\/\/yoast.com\/wordpress\/plugins\/seo\/ -->\n<title>Bullpadel Elite W - Nordic Padel<\/title>\n<meta name=\"robots\" content=\"index, follow, max-snippet:-1, max-image-preview:large, max-video-preview:-1\" \/>\n<link rel=\"canonical\" href=\"https:\/\/nordicpadel.com\/sv\/product\/bullpadel-elite-w\/\" \/>\n<meta property=\"og:locale\" content=\"sv_SE\" \/>\n<meta property=\"og:type\" content=\"article\" \/>\n<meta property=\"og:title\" content=\"Bullpadel Elite W - Nordic Padel\" \/>\n<meta property=\"og:description\" content=\"Bullpadels nya Elite W padelracket \u00e4r v\u00e4rldstrean Gemma Triay&#8217;s racketval f\u00f6r s\u00e4songen 2024.Gemma Triay \u00e4r ett levande bevis p\u00e5 att h\u00e5rt arbete l\u00f6nar sig. Hennes st\u00e4ndiga str\u00e4van efter att f\u00f6rb\u00e4ttra sitt spel och \u00f6vertr\u00e4ffa sina egna gr\u00e4nser har gjort henne till en f\u00f6rebild f\u00f6r m\u00e5nga unga padelspelare. Hennes f\u00f6rm\u00e5ga att balansera kraft och kontroll p\u00e5 [&hellip;]\" \/>\n<meta property=\"og:url\" content=\"https:\/\/nordicpadel.com\/sv\/product\/bullpadel-elite-w\/\" \/>\n<meta property=\"og:site_name\" content=\"Nordic Padel\" \/>\n<meta property=\"article:modified_time\" content=\"2025-11-27T07:58:33+00:00\" \/>\n<meta property=\"og:image\" content=\"https:\/\/nordicpadel.com\/sv\/wp-content\/uploads\/sites\/10\/2025\/11\/ad2f4b7603af61058a68bd9cc1adb205.png\" \/>\n\t<meta property=\"og:image:width\" content=\"800\" \/>\n\t<meta property=\"og:image:height\" content=\"800\" \/>\n\t<meta property=\"og:image:type\" content=\"image\/png\" \/>\n<meta name=\"twitter:card\" content=\"summary_large_image\" \/>\n<meta name=\"twitter:label1\" content=\"Ber\u00e4knad l\u00e4stid\" \/>\n\t<meta name=\"twitter:data1\" content=\"1 minut\" \/>\n<script type=\"application\/ld+json\" class=\"yoast-schema-graph\">{\"@context\":\"https:\/\/schema.org\",\"@graph\":[{\"@type\":\"WebPage\",\"@id\":\"https:\/\/nordicpadel.com\/sv\/product\/bullpadel-elite-w\/\",\"url\":\"https:\/\/nordicpadel.com\/sv\/product\/bullpadel-elite-w\/\",\"name\":\"Bullpadel Elite W - Nordic Padel\",\"isPartOf\":{\"@id\":\"https:\/\/nordicpadel.com\/sv\/#website\"},\"primaryImageOfPage\":{\"@id\":\"https:\/\/nordicpadel.com\/sv\/product\/bullpadel-elite-w\/#primaryimage\"},\"image\":{\"@id\":\"https:\/\/nordicpadel.com\/sv\/product\/bullpadel-elite-w\/#primaryimage\"},\"thumbnailUrl\":\"https:\/\/nordicpadel.com\/sv\/wp-content\/uploads\/sites\/10\/2025\/11\/ad2f4b7603af61058a68bd9cc1adb205.png\",\"datePublished\":\"2025-11-26T17:56:40+00:00\",\"dateModified\":\"2025-11-27T07:58:33+00:00\",\"breadcrumb\":{\"@id\":\"https:\/\/nordicpadel.com\/sv\/product\/bullpadel-elite-w\/#breadcrumb\"},\"inLanguage\":\"sv-SE\",\"potentialAction\":[{\"@type\":\"ReadAction\",\"target\":[\"https:\/\/nordicpadel.com\/sv\/product\/bullpadel-elite-w\/\"]}]},{\"@type\":\"ImageObject\",\"inLanguage\":\"sv-SE\",\"@id\":\"https:\/\/nordicpadel.com\/sv\/product\/bullpadel-elite-w\/#primaryimage\",\"url\":\"https:\/\/nordicpadel.com\/sv\/wp-content\/uploads\/sites\/10\/2025\/11\/ad2f4b7603af61058a68bd9cc1adb205.png\",\"contentUrl\":\"https:\/\/nordicpadel.com\/sv\/wp-content\/uploads\/sites\/10\/2025\/11\/ad2f4b7603af61058a68bd9cc1adb205.png\",\"width\":800,\"height\":800,\"caption\":\"Bullpadel Elite W\"},{\"@type\":\"BreadcrumbList\",\"@id\":\"https:\/\/nordicpadel.com\/sv\/product\/bullpadel-elite-w\/#breadcrumb\",\"itemListElement\":[{\"@type\":\"ListItem\",\"position\":1,\"name\":\"Hem\",\"item\":\"https:\/\/nordicpadel.com\/sv\/\"},{\"@type\":\"ListItem\",\"position\":2,\"name\":\"Shop\",\"item\":\"https:\/\/nordicpadel.com\/sv\/shop\/\"},{\"@type\":\"ListItem\",\"position\":3,\"name\":\"Bullpadel Elite W\"}]},{\"@type\":\"WebSite\",\"@id\":\"https:\/\/nordicpadel.com\/sv\/#website\",\"url\":\"https:\/\/nordicpadel.com\/sv\/\",\"name\":\"Nordic Padel\",\"description\":\"\",\"publisher\":{\"@id\":\"https:\/\/nordicpadel.com\/sv\/#organization\"},\"potentialAction\":[{\"@type\":\"SearchAction\",\"target\":{\"@type\":\"EntryPoint\",\"urlTemplate\":\"https:\/\/nordicpadel.com\/sv\/?s={search_term_string}\"},\"query-input\":\"required name=search_term_string\"}],\"inLanguage\":\"sv-SE\"},{\"@type\":\"Organization\",\"@id\":\"https:\/\/nordicpadel.com\/sv\/#organization\",\"name\":\"Nordic Padel\",\"url\":\"https:\/\/nordicpadel.com\/sv\/\",\"logo\":{\"@type\":\"ImageObject\",\"inLanguage\":\"sv-SE\",\"@id\":\"https:\/\/nordicpadel.com\/sv\/#\/schema\/logo\/image\/\",\"url\":\"https:\/\/nordicpadel.com\/sv\/wp-content\/uploads\/sites\/10\/2022\/12\/Nordic-Padel-small_1-1.png\",\"contentUrl\":\"https:\/\/nordicpadel.com\/sv\/wp-content\/uploads\/sites\/10\/2022\/12\/Nordic-Padel-small_1-1.png\",\"width\":400,\"height\":119,\"caption\":\"Nordic Padel\"},\"image\":{\"@id\":\"https:\/\/nordicpadel.com\/sv\/#\/schema\/logo\/image\/\"}}]}<\/script>\n<!-- \/ Yoast SEO plugin. -->","yoast_head_json":{"title":"Bullpadel Elite W - Nordic Padel","robots":{"index":"index","follow":"follow","max-snippet":"max-snippet:-1","max-image-preview":"max-image-preview:large","max-video-preview":"max-video-preview:-1"},"canonical":"https:\/\/nordicpadel.com\/sv\/product\/bullpadel-elite-w\/","og_locale":"sv_SE","og_type":"article","og_title":"Bullpadel Elite W - Nordic Padel","og_description":"Bullpadels nya Elite W padelracket \u00e4r v\u00e4rldstrean Gemma Triay&#8217;s racketval f\u00f6r s\u00e4songen 2024.Gemma Triay \u00e4r ett levande bevis p\u00e5 att h\u00e5rt arbete l\u00f6nar sig. Hennes st\u00e4ndiga str\u00e4van efter att f\u00f6rb\u00e4ttra sitt spel och \u00f6vertr\u00e4ffa sina egna gr\u00e4nser har gjort henne till en f\u00f6rebild f\u00f6r m\u00e5nga unga padelspelare. Hennes f\u00f6rm\u00e5ga att balansera kraft och kontroll p\u00e5 [&hellip;]","og_url":"https:\/\/nordicpadel.com\/sv\/product\/bullpadel-elite-w\/","og_site_name":"Nordic Padel","article_modified_time":"2025-11-27T07:58:33+00:00","og_image":[{"width":800,"height":800,"url":"https:\/\/nordicpadel.com\/sv\/wp-content\/uploads\/sites\/10\/2025\/11\/ad2f4b7603af61058a68bd9cc1adb205.png","type":"image\/png"}],"twitter_card":"summary_large_image","twitter_misc":{"Ber\u00e4knad l\u00e4stid":"1 minut"},"schema":{"@context":"https:\/\/schema.org","@graph":[{"@type":"WebPage","@id":"https:\/\/nordicpadel.com\/sv\/product\/bullpadel-elite-w\/","url":"https:\/\/nordicpadel.com\/sv\/product\/bullpadel-elite-w\/","name":"Bullpadel Elite W - Nordic Padel","isPartOf":{"@id":"https:\/\/nordicpadel.com\/sv\/#website"},"primaryImageOfPage":{"@id":"https:\/\/nordicpadel.com\/sv\/product\/bullpadel-elite-w\/#primaryimage"},"image":{"@id":"https:\/\/nordicpadel.com\/sv\/product\/bullpadel-elite-w\/#primaryimage"},"thumbnailUrl":"https:\/\/nordicpadel.com\/sv\/wp-content\/uploads\/sites\/10\/2025\/11\/ad2f4b7603af61058a68bd9cc1adb205.png","datePublished":"2025-11-26T17:56:40+00:00","dateModified":"2025-11-27T07:58:33+00:00","breadcrumb":{"@id":"https:\/\/nordicpadel.com\/sv\/product\/bullpadel-elite-w\/#breadcrumb"},"inLanguage":"sv-SE","potentialAction":[{"@type":"ReadAction","target":["https:\/\/nordicpadel.com\/sv\/product\/bullpadel-elite-w\/"]}]},{"@type":"ImageObject","inLanguage":"sv-SE","@id":"https:\/\/nordicpadel.com\/sv\/product\/bullpadel-elite-w\/#primaryimage","url":"https:\/\/nordicpadel.com\/sv\/wp-content\/uploads\/sites\/10\/2025\/11\/ad2f4b7603af61058a68bd9cc1adb205.png","contentUrl":"https:\/\/nordicpadel.com\/sv\/wp-content\/uploads\/sites\/10\/2025\/11\/ad2f4b7603af61058a68bd9cc1adb205.png","width":800,"height":800,"caption":"Bullpadel Elite W"},{"@type":"BreadcrumbList","@id":"https:\/\/nordicpadel.com\/sv\/product\/bullpadel-elite-w\/#breadcrumb","itemListElement":[{"@type":"ListItem","position":1,"name":"Hem","item":"https:\/\/nordicpadel.com\/sv\/"},{"@type":"ListItem","position":2,"name":"Shop","item":"https:\/\/nordicpadel.com\/sv\/shop\/"},{"@type":"ListItem","position":3,"name":"Bullpadel Elite W"}]},{"@type":"WebSite","@id":"https:\/\/nordicpadel.com\/sv\/#website","url":"https:\/\/nordicpadel.com\/sv\/","name":"Nordic Padel","description":"","publisher":{"@id":"https:\/\/nordicpadel.com\/sv\/#organization"},"potentialAction":[{"@type":"SearchAction","target":{"@type":"EntryPoint","urlTemplate":"https:\/\/nordicpadel.com\/sv\/?s={search_term_string}"},"query-input":"required name=search_term_string"}],"inLanguage":"sv-SE"},{"@type":"Organization","@id":"https:\/\/nordicpadel.com\/sv\/#organization","name":"Nordic Padel","url":"https:\/\/nordicpadel.com\/sv\/","logo":{"@type":"ImageObject","inLanguage":"sv-SE","@id":"https:\/\/nordicpadel.com\/sv\/#\/schema\/logo\/image\/","url":"https:\/\/nordicpadel.com\/sv\/wp-content\/uploads\/sites\/10\/2022\/12\/Nordic-Padel-small_1-1.png","contentUrl":"https:\/\/nordicpadel.com\/sv\/wp-content\/uploads\/sites\/10\/2022\/12\/Nordic-Padel-small_1-1.png","width":400,"height":119,"caption":"Nordic Padel"},"image":{"@id":"https:\/\/nordicpadel.com\/sv\/#\/schema\/logo\/image\/"}}]}},"brands":[],"_links":{"self":[{"href":"https:\/\/nordicpadel.com\/sv\/wp-json\/wp\/v2\/product\/93478","targetHints":{"allow":["GET"]}}],"collection":[{"href":"https:\/\/nordicpadel.com\/sv\/wp-json\/wp\/v2\/product"}],"about":[{"href":"https:\/\/nordicpadel.com\/sv\/wp-json\/wp\/v2\/types\/product"}],"replies":[{"embeddable":true,"href":"https:\/\/nordicpadel.com\/sv\/wp-json\/wp\/v2\/comments?post=93478"}],"wp:featuredmedia":[{"embeddable":true,"href":"https:\/\/nordicpadel.com\/sv\/wp-json\/wp\/v2\/media\/93450"}],"wp:attachment":[{"href":"https:\/\/nordicpadel.com\/sv\/wp-json\/wp\/v2\/media?parent=93478"}],"wp:term":[{"taxonomy":"pwb-brand","embeddable":true,"href":"https:\/\/nordicpadel.com\/sv\/wp-json\/wp\/v2\/pwb-brand?post=93478"},{"taxonomy":"product_cat","embeddable":true,"href":"https:\/\/nordicpadel.com\/sv\/wp-json\/wp\/v2\/product_cat?post=93478"},{"taxonomy":"product_tag","embeddable":true,"href":"https:\/\/nordicpadel.com\/sv\/wp-json\/wp\/v2\/product_tag?post=93478"},{"taxonomy":"woo-feed-brand","embeddable":true,"href":"https:\/\/nordicpadel.com\/sv\/wp-json\/wp\/v2\/woo-feed-brand?post=93478"}],"curies":[{"name":"wp","href":"https:\/\/api.w.org\/{rel}","templated":true}]}}