{"id":93471,"date":"2025-11-26T18:56:36","date_gmt":"2025-11-26T17:56:36","guid":{"rendered":"https:\/\/nordicpadel.com\/sv\/product\/bullpadel-hack-03-comfort-3\/"},"modified":"2026-02-26T13:03:34","modified_gmt":"2026-02-26T12:03:34","slug":"bullpadel-hack-03-comfort-3","status":"publish","type":"product","link":"https:\/\/nordicpadel.com\/sv\/product\/bullpadel-hack-03-comfort-3\/","title":{"rendered":"Bullpadel Hack 03 Comfort"},"content":{"rendered":"<p>Den stora skillnaden fr\u00e5n denna modell j\u00e4mf\u00f6rt med Hack 03 \u00e4r att tr\u00e4ffytan \u00e4r en sammanv\u00e4vd yta av glas och kolfiber som Bullpadel kallar f\u00f6r Fibrix teknologin. Detta ger dig en f\u00f6r armen mer skonsam spelupplevelse och bolltr\u00e4ff eftersom det inte uppst\u00e5r lika mycket vibrationer n\u00e4r du sl\u00e5r till bollen samt att Hack 03 Comfort v\u00e4ger 5-10g mindre \u00e4n Hack 03. Detta inneb\u00e4r att risken f\u00f6r skador som padelarmb\u00e5ge eller handledsskador minskar drastiskt. Hack 03 Comfort \u00e4r \u00e4ven en l\u00e4mplig modell f\u00f6r dig som kanske redan har \u00e5kt p\u00e5 en f\u00f6rslitningsskada och beh\u00f6ver ett padelracket under tiden din skada helar.<br \/>Hack 03 Comfort \u00e4r ut\u00f6ver sina skonsamma egenskaper ett mycket kapabelt och offensivt, diamantformat padelracket med nya och uppdaterade teknologier f\u00f6r den avancerade spelaren. Modellen erbjuder maximal kraft och h\u00f6g precision samtidigt som du med hj\u00e4lp av det nya teknologierna erh\u00e5ller mycket god kontroll. Hack 03 Comfort besitter b.la den nya teknologin Air React Channel System som g\u00f6r ramen mer aerodynamisk genom att l\u00e5ta luften fl\u00f6da l\u00e4ngs luftfl\u00f6deskanaler fr\u00e5n sidan p\u00e5 ramen ner mot halsen av padelracket. En mer aerodynamisk ram g\u00f6r att racket blir smidigare och l\u00e4ttare svingas genom luften. K\u00e4nslan blir ett mer fast, stabilt och l\u00e4ttare padelracket.<\/p>\n<p>N\u00e4r det kommer till k\u00e4rnan av Hack 03 Comfort best\u00e5r denna av samma k\u00e4rna som resterande i Bullpadels Pro-Line serie -den nya Multi-Eva teknologin som vi beskriver n\u00e4rmre nedan under teknologier. Hack 03 Comfort har \u00e4ven den nya Metalshield-ramen f\u00f6r att skydda ditt padelracket fr\u00e5n yttre st\u00f6tar fr\u00e5n galler och glas.<\/p>\n","protected":false},"excerpt":{"rendered":"<p>Den stora skillnaden fr\u00e5n denna modell j\u00e4mf\u00f6rt med Hack 03 \u00e4r att tr\u00e4ffytan \u00e4r en sammanv\u00e4vd yta av glas och kolfiber som Bullpadel kallar f\u00f6r Fibrix teknologin. Detta ger dig en f\u00f6r armen mer skonsam spelupplevelse och bolltr\u00e4ff eftersom det inte uppst\u00e5r lika mycket vibrationer n\u00e4r du sl\u00e5r till bollen samt att Hack 03 Comfort [&hellip;]<\/p>\n","protected":false},"featured_media":93444,"comment_status":"open","ping_status":"closed","template":"","meta":[],"pwb-brand":[],"product_cat":[457],"product_tag":[],"woo-feed-brand":[],"class_list":{"0":"post-93471","1":"product","2":"type-product","3":"status-publish","4":"has-post-thumbnail","6":"product_cat-bullpadel","7":"pa_varumarke-bullpadel","9":"first","10":"outofstock","11":"sale","12":"taxable","13":"shipping-taxable","14":"purchasable","15":"product-type-simple"},"bundled_by":[],"bundle_stock_status":"outofstock","bundle_stock_quantity":0,"bundle_virtual":false,"bundle_layout":"","bundle_add_to_cart_form_location":"","bundle_editable_in_cart":false,"bundle_sold_individually_context":"","bundle_item_grouping":"","bundle_min_size":"","bundle_max_size":"","bundled_items":[],"bundle_sell_ids":[],"acf":[],"yoast_head":"<!-- This site is optimized with the Yoast SEO plugin v23.1 - https:\/\/yoast.com\/wordpress\/plugins\/seo\/ -->\n<title>Bullpadel Hack 03 Comfort - Nordic Padel<\/title>\n<meta name=\"robots\" content=\"index, follow, max-snippet:-1, max-image-preview:large, max-video-preview:-1\" \/>\n<link rel=\"canonical\" href=\"https:\/\/nordicpadel.com\/sv\/product\/bullpadel-hack-03-comfort-3\/\" \/>\n<meta property=\"og:locale\" content=\"sv_SE\" \/>\n<meta property=\"og:type\" content=\"article\" \/>\n<meta property=\"og:title\" content=\"Bullpadel Hack 03 Comfort - Nordic Padel\" \/>\n<meta property=\"og:description\" content=\"Den stora skillnaden fr\u00e5n denna modell j\u00e4mf\u00f6rt med Hack 03 \u00e4r att tr\u00e4ffytan \u00e4r en sammanv\u00e4vd yta av glas och kolfiber som Bullpadel kallar f\u00f6r Fibrix teknologin. Detta ger dig en f\u00f6r armen mer skonsam spelupplevelse och bolltr\u00e4ff eftersom det inte uppst\u00e5r lika mycket vibrationer n\u00e4r du sl\u00e5r till bollen samt att Hack 03 Comfort [&hellip;]\" \/>\n<meta property=\"og:url\" content=\"https:\/\/nordicpadel.com\/sv\/product\/bullpadel-hack-03-comfort-3\/\" \/>\n<meta property=\"og:site_name\" content=\"Nordic Padel\" \/>\n<meta property=\"article:modified_time\" content=\"2026-02-26T12:03:34+00:00\" \/>\n<meta name=\"twitter:card\" content=\"summary_large_image\" \/>\n<meta name=\"twitter:label1\" content=\"Ber\u00e4knad l\u00e4stid\" \/>\n\t<meta name=\"twitter:data1\" content=\"1 minut\" \/>\n<script type=\"application\/ld+json\" class=\"yoast-schema-graph\">{\"@context\":\"https:\/\/schema.org\",\"@graph\":[{\"@type\":\"WebPage\",\"@id\":\"https:\/\/nordicpadel.com\/sv\/product\/bullpadel-hack-03-comfort-3\/\",\"url\":\"https:\/\/nordicpadel.com\/sv\/product\/bullpadel-hack-03-comfort-3\/\",\"name\":\"Bullpadel Hack 03 Comfort - Nordic Padel\",\"isPartOf\":{\"@id\":\"https:\/\/nordicpadel.com\/sv\/#website\"},\"primaryImageOfPage\":{\"@id\":\"https:\/\/nordicpadel.com\/sv\/product\/bullpadel-hack-03-comfort-3\/#primaryimage\"},\"image\":{\"@id\":\"https:\/\/nordicpadel.com\/sv\/product\/bullpadel-hack-03-comfort-3\/#primaryimage\"},\"thumbnailUrl\":\"https:\/\/nordicpadel.com\/sv\/wp-content\/uploads\/sites\/10\/2025\/11\/26e91a184c004639cc9886dd5b434c86.png\",\"datePublished\":\"2025-11-26T17:56:36+00:00\",\"dateModified\":\"2026-02-26T12:03:34+00:00\",\"breadcrumb\":{\"@id\":\"https:\/\/nordicpadel.com\/sv\/product\/bullpadel-hack-03-comfort-3\/#breadcrumb\"},\"inLanguage\":\"sv-SE\",\"potentialAction\":[{\"@type\":\"ReadAction\",\"target\":[\"https:\/\/nordicpadel.com\/sv\/product\/bullpadel-hack-03-comfort-3\/\"]}]},{\"@type\":\"ImageObject\",\"inLanguage\":\"sv-SE\",\"@id\":\"https:\/\/nordicpadel.com\/sv\/product\/bullpadel-hack-03-comfort-3\/#primaryimage\",\"url\":\"https:\/\/nordicpadel.com\/sv\/wp-content\/uploads\/sites\/10\/2025\/11\/26e91a184c004639cc9886dd5b434c86.png\",\"contentUrl\":\"https:\/\/nordicpadel.com\/sv\/wp-content\/uploads\/sites\/10\/2025\/11\/26e91a184c004639cc9886dd5b434c86.png\",\"width\":800,\"height\":800,\"caption\":\"Bullpadel Hack 03 Comfort\"},{\"@type\":\"BreadcrumbList\",\"@id\":\"https:\/\/nordicpadel.com\/sv\/product\/bullpadel-hack-03-comfort-3\/#breadcrumb\",\"itemListElement\":[{\"@type\":\"ListItem\",\"position\":1,\"name\":\"Hem\",\"item\":\"https:\/\/nordicpadel.com\/sv\/\"},{\"@type\":\"ListItem\",\"position\":2,\"name\":\"Shop\",\"item\":\"https:\/\/nordicpadel.com\/sv\/shop\/\"},{\"@type\":\"ListItem\",\"position\":3,\"name\":\"Bullpadel Hack 03 Comfort\"}]},{\"@type\":\"WebSite\",\"@id\":\"https:\/\/nordicpadel.com\/sv\/#website\",\"url\":\"https:\/\/nordicpadel.com\/sv\/\",\"name\":\"Nordic Padel\",\"description\":\"\",\"publisher\":{\"@id\":\"https:\/\/nordicpadel.com\/sv\/#organization\"},\"potentialAction\":[{\"@type\":\"SearchAction\",\"target\":{\"@type\":\"EntryPoint\",\"urlTemplate\":\"https:\/\/nordicpadel.com\/sv\/?s={search_term_string}\"},\"query-input\":\"required name=search_term_string\"}],\"inLanguage\":\"sv-SE\"},{\"@type\":\"Organization\",\"@id\":\"https:\/\/nordicpadel.com\/sv\/#organization\",\"name\":\"Nordic Padel\",\"url\":\"https:\/\/nordicpadel.com\/sv\/\",\"logo\":{\"@type\":\"ImageObject\",\"inLanguage\":\"sv-SE\",\"@id\":\"https:\/\/nordicpadel.com\/sv\/#\/schema\/logo\/image\/\",\"url\":\"https:\/\/nordicpadel.com\/sv\/wp-content\/uploads\/sites\/10\/2022\/12\/Nordic-Padel-small_1-1.png\",\"contentUrl\":\"https:\/\/nordicpadel.com\/sv\/wp-content\/uploads\/sites\/10\/2022\/12\/Nordic-Padel-small_1-1.png\",\"width\":400,\"height\":119,\"caption\":\"Nordic Padel\"},\"image\":{\"@id\":\"https:\/\/nordicpadel.com\/sv\/#\/schema\/logo\/image\/\"}}]}<\/script>\n<!-- \/ Yoast SEO plugin. -->","yoast_head_json":{"title":"Bullpadel Hack 03 Comfort - Nordic Padel","robots":{"index":"index","follow":"follow","max-snippet":"max-snippet:-1","max-image-preview":"max-image-preview:large","max-video-preview":"max-video-preview:-1"},"canonical":"https:\/\/nordicpadel.com\/sv\/product\/bullpadel-hack-03-comfort-3\/","og_locale":"sv_SE","og_type":"article","og_title":"Bullpadel Hack 03 Comfort - Nordic Padel","og_description":"Den stora skillnaden fr\u00e5n denna modell j\u00e4mf\u00f6rt med Hack 03 \u00e4r att tr\u00e4ffytan \u00e4r en sammanv\u00e4vd yta av glas och kolfiber som Bullpadel kallar f\u00f6r Fibrix teknologin. Detta ger dig en f\u00f6r armen mer skonsam spelupplevelse och bolltr\u00e4ff eftersom det inte uppst\u00e5r lika mycket vibrationer n\u00e4r du sl\u00e5r till bollen samt att Hack 03 Comfort [&hellip;]","og_url":"https:\/\/nordicpadel.com\/sv\/product\/bullpadel-hack-03-comfort-3\/","og_site_name":"Nordic Padel","article_modified_time":"2026-02-26T12:03:34+00:00","twitter_card":"summary_large_image","twitter_misc":{"Ber\u00e4knad l\u00e4stid":"1 minut"},"schema":{"@context":"https:\/\/schema.org","@graph":[{"@type":"WebPage","@id":"https:\/\/nordicpadel.com\/sv\/product\/bullpadel-hack-03-comfort-3\/","url":"https:\/\/nordicpadel.com\/sv\/product\/bullpadel-hack-03-comfort-3\/","name":"Bullpadel Hack 03 Comfort - Nordic Padel","isPartOf":{"@id":"https:\/\/nordicpadel.com\/sv\/#website"},"primaryImageOfPage":{"@id":"https:\/\/nordicpadel.com\/sv\/product\/bullpadel-hack-03-comfort-3\/#primaryimage"},"image":{"@id":"https:\/\/nordicpadel.com\/sv\/product\/bullpadel-hack-03-comfort-3\/#primaryimage"},"thumbnailUrl":"https:\/\/nordicpadel.com\/sv\/wp-content\/uploads\/sites\/10\/2025\/11\/26e91a184c004639cc9886dd5b434c86.png","datePublished":"2025-11-26T17:56:36+00:00","dateModified":"2026-02-26T12:03:34+00:00","breadcrumb":{"@id":"https:\/\/nordicpadel.com\/sv\/product\/bullpadel-hack-03-comfort-3\/#breadcrumb"},"inLanguage":"sv-SE","potentialAction":[{"@type":"ReadAction","target":["https:\/\/nordicpadel.com\/sv\/product\/bullpadel-hack-03-comfort-3\/"]}]},{"@type":"ImageObject","inLanguage":"sv-SE","@id":"https:\/\/nordicpadel.com\/sv\/product\/bullpadel-hack-03-comfort-3\/#primaryimage","url":"https:\/\/nordicpadel.com\/sv\/wp-content\/uploads\/sites\/10\/2025\/11\/26e91a184c004639cc9886dd5b434c86.png","contentUrl":"https:\/\/nordicpadel.com\/sv\/wp-content\/uploads\/sites\/10\/2025\/11\/26e91a184c004639cc9886dd5b434c86.png","width":800,"height":800,"caption":"Bullpadel Hack 03 Comfort"},{"@type":"BreadcrumbList","@id":"https:\/\/nordicpadel.com\/sv\/product\/bullpadel-hack-03-comfort-3\/#breadcrumb","itemListElement":[{"@type":"ListItem","position":1,"name":"Hem","item":"https:\/\/nordicpadel.com\/sv\/"},{"@type":"ListItem","position":2,"name":"Shop","item":"https:\/\/nordicpadel.com\/sv\/shop\/"},{"@type":"ListItem","position":3,"name":"Bullpadel Hack 03 Comfort"}]},{"@type":"WebSite","@id":"https:\/\/nordicpadel.com\/sv\/#website","url":"https:\/\/nordicpadel.com\/sv\/","name":"Nordic Padel","description":"","publisher":{"@id":"https:\/\/nordicpadel.com\/sv\/#organization"},"potentialAction":[{"@type":"SearchAction","target":{"@type":"EntryPoint","urlTemplate":"https:\/\/nordicpadel.com\/sv\/?s={search_term_string}"},"query-input":"required name=search_term_string"}],"inLanguage":"sv-SE"},{"@type":"Organization","@id":"https:\/\/nordicpadel.com\/sv\/#organization","name":"Nordic Padel","url":"https:\/\/nordicpadel.com\/sv\/","logo":{"@type":"ImageObject","inLanguage":"sv-SE","@id":"https:\/\/nordicpadel.com\/sv\/#\/schema\/logo\/image\/","url":"https:\/\/nordicpadel.com\/sv\/wp-content\/uploads\/sites\/10\/2022\/12\/Nordic-Padel-small_1-1.png","contentUrl":"https:\/\/nordicpadel.com\/sv\/wp-content\/uploads\/sites\/10\/2022\/12\/Nordic-Padel-small_1-1.png","width":400,"height":119,"caption":"Nordic Padel"},"image":{"@id":"https:\/\/nordicpadel.com\/sv\/#\/schema\/logo\/image\/"}}]}},"brands":[],"_links":{"self":[{"href":"https:\/\/nordicpadel.com\/sv\/wp-json\/wp\/v2\/product\/93471","targetHints":{"allow":["GET"]}}],"collection":[{"href":"https:\/\/nordicpadel.com\/sv\/wp-json\/wp\/v2\/product"}],"about":[{"href":"https:\/\/nordicpadel.com\/sv\/wp-json\/wp\/v2\/types\/product"}],"replies":[{"embeddable":true,"href":"https:\/\/nordicpadel.com\/sv\/wp-json\/wp\/v2\/comments?post=93471"}],"wp:featuredmedia":[{"embeddable":true,"href":"https:\/\/nordicpadel.com\/sv\/wp-json\/wp\/v2\/media\/93444"}],"wp:attachment":[{"href":"https:\/\/nordicpadel.com\/sv\/wp-json\/wp\/v2\/media?parent=93471"}],"wp:term":[{"taxonomy":"pwb-brand","embeddable":true,"href":"https:\/\/nordicpadel.com\/sv\/wp-json\/wp\/v2\/pwb-brand?post=93471"},{"taxonomy":"product_cat","embeddable":true,"href":"https:\/\/nordicpadel.com\/sv\/wp-json\/wp\/v2\/product_cat?post=93471"},{"taxonomy":"product_tag","embeddable":true,"href":"https:\/\/nordicpadel.com\/sv\/wp-json\/wp\/v2\/product_tag?post=93471"},{"taxonomy":"woo-feed-brand","embeddable":true,"href":"https:\/\/nordicpadel.com\/sv\/wp-json\/wp\/v2\/woo-feed-brand?post=93471"}],"curies":[{"name":"wp","href":"https:\/\/api.w.org\/{rel}","templated":true}]}}