{"id":93468,"date":"2025-11-26T18:56:36","date_gmt":"2025-11-26T17:56:36","guid":{"rendered":"https:\/\/nordicpadel.com\/sv\/product\/bullpadel-neuron\/"},"modified":"2025-11-27T08:57:46","modified_gmt":"2025-11-27T07:57:46","slug":"bullpadel-neuron","status":"publish","type":"product","link":"https:\/\/nordicpadel.com\/sv\/product\/bullpadel-neuron\/","title":{"rendered":"Bullpadel Neuron"},"content":{"rendered":"<p>H\u00e4r presenterar vi stolt modellen som v\u00e4rlds\u00e5ttan Fede Chingotto spelar med p\u00e5 WPT touren under 2024.<br \/>Den h\u00e4r helt nya modellen Neuron \u00e4r ett padelracket med hybridform, och k\u00e4nnetecknas som ett racket med en fantastisk bollacceleration. Den \u00e4r designad f\u00f6r professionella eller avancerade spelare som kommit lite l\u00e4ngre i sin padelresa. Neuron inkluderar tv\u00e5 nya koncept i ramen, Neuron Halsen, \u00e4r en tv\u00e4rstabil rackethals som g\u00f6r modellen vridstyv och d\u00e4rmed enklare f\u00f6r dig att h\u00e5lla ett fast grepp om handtaget. Den andra speciella teknologin \u00e4r v\u00e5gprofilen, som best\u00e5r av en ram med en noga utformad v\u00e5gstruktur vars funktion \u00e4r att sprida och f\u00f6rdela vibrationer j\u00e4mt \u00f6ver padelracket.<\/p>\n<p>N\u00e4r det kommer till k\u00e4rnan av Neuron 2024 best\u00e5r denna av samma k\u00e4rna liksom resterande i Bullpadels Pro-Line serie f\u00f6r 2024 -den nya Multi-Eva teknologin som vi beskriver n\u00e4rmre nedan under teknologier. Tr\u00e4ffytan best\u00e5r av ett s\u00e5 kallat Xtend Carbon 3K ytskikt. Detta \u00e4r en sammanv\u00e4vnad av tv\u00e4rg\u00e5ende kolfibertr\u00e5dar. Xtend Carbon \u00e4r ett l\u00e4ttare material \u00e4n vanligt kolifber med upp till 30%.<\/p>\n<p>Neuron har \u00e4ven Bullpadels uppskattade vibrationsd\u00e4mpande teknologi Vibradrive i handtaget f\u00f6r att h\u00e5lla dig bekv\u00e4m under l\u00e5nga matcher och skadefri under hela s\u00e4songen.<\/p>\n<p>Sammantaget \u00e4r Neuron en sp\u00e4nnande nyhet fr\u00e5n Bullpadel som innehar de senaste teknologierna och \u00e4r utformat f\u00f6r den duktige spelaren som s\u00f6ker l\u00e4ttillg\u00e4nglig access till h\u00f6g acceleration vid bolltr\u00e4ff.<\/p>\n","protected":false},"excerpt":{"rendered":"<p>H\u00e4r presenterar vi stolt modellen som v\u00e4rlds\u00e5ttan Fede Chingotto spelar med p\u00e5 WPT touren under 2024.Den h\u00e4r helt nya modellen Neuron \u00e4r ett padelracket med hybridform, och k\u00e4nnetecknas som ett racket med en fantastisk bollacceleration. Den \u00e4r designad f\u00f6r professionella eller avancerade spelare som kommit lite l\u00e4ngre i sin padelresa. Neuron inkluderar tv\u00e5 nya koncept [&hellip;]<\/p>\n","protected":false},"featured_media":93440,"comment_status":"open","ping_status":"closed","template":"","meta":[],"pwb-brand":[],"product_cat":[457],"product_tag":[],"woo-feed-brand":[],"class_list":{"0":"post-93468","1":"product","2":"type-product","3":"status-publish","4":"has-post-thumbnail","6":"product_cat-bullpadel","7":"pa_varumarke-bullpadel","9":"first","10":"outofstock","11":"taxable","12":"shipping-taxable","13":"purchasable","14":"product-type-simple"},"bundled_by":[],"bundle_stock_status":"outofstock","bundle_stock_quantity":0,"bundle_virtual":false,"bundle_layout":"","bundle_add_to_cart_form_location":"","bundle_editable_in_cart":false,"bundle_sold_individually_context":"","bundle_item_grouping":"","bundle_min_size":"","bundle_max_size":"","bundled_items":[],"bundle_sell_ids":[],"acf":[],"yoast_head":"<!-- This site is optimized with the Yoast SEO plugin v23.1 - https:\/\/yoast.com\/wordpress\/plugins\/seo\/ -->\n<title>Bullpadel Neuron - Nordic Padel<\/title>\n<meta name=\"robots\" content=\"index, follow, max-snippet:-1, max-image-preview:large, max-video-preview:-1\" \/>\n<link rel=\"canonical\" href=\"https:\/\/nordicpadel.com\/sv\/product\/bullpadel-neuron\/\" \/>\n<meta property=\"og:locale\" content=\"sv_SE\" \/>\n<meta property=\"og:type\" content=\"article\" \/>\n<meta property=\"og:title\" content=\"Bullpadel Neuron - Nordic Padel\" \/>\n<meta property=\"og:description\" content=\"H\u00e4r presenterar vi stolt modellen som v\u00e4rlds\u00e5ttan Fede Chingotto spelar med p\u00e5 WPT touren under 2024.Den h\u00e4r helt nya modellen Neuron \u00e4r ett padelracket med hybridform, och k\u00e4nnetecknas som ett racket med en fantastisk bollacceleration. Den \u00e4r designad f\u00f6r professionella eller avancerade spelare som kommit lite l\u00e4ngre i sin padelresa. Neuron inkluderar tv\u00e5 nya koncept [&hellip;]\" \/>\n<meta property=\"og:url\" content=\"https:\/\/nordicpadel.com\/sv\/product\/bullpadel-neuron\/\" \/>\n<meta property=\"og:site_name\" content=\"Nordic Padel\" \/>\n<meta property=\"article:modified_time\" content=\"2025-11-27T07:57:46+00:00\" \/>\n<meta name=\"twitter:card\" content=\"summary_large_image\" \/>\n<meta name=\"twitter:label1\" content=\"Ber\u00e4knad l\u00e4stid\" \/>\n\t<meta name=\"twitter:data1\" content=\"1 minut\" \/>\n<script type=\"application\/ld+json\" class=\"yoast-schema-graph\">{\"@context\":\"https:\/\/schema.org\",\"@graph\":[{\"@type\":\"WebPage\",\"@id\":\"https:\/\/nordicpadel.com\/sv\/product\/bullpadel-neuron\/\",\"url\":\"https:\/\/nordicpadel.com\/sv\/product\/bullpadel-neuron\/\",\"name\":\"Bullpadel Neuron - Nordic Padel\",\"isPartOf\":{\"@id\":\"https:\/\/nordicpadel.com\/sv\/#website\"},\"primaryImageOfPage\":{\"@id\":\"https:\/\/nordicpadel.com\/sv\/product\/bullpadel-neuron\/#primaryimage\"},\"image\":{\"@id\":\"https:\/\/nordicpadel.com\/sv\/product\/bullpadel-neuron\/#primaryimage\"},\"thumbnailUrl\":\"https:\/\/nordicpadel.com\/sv\/wp-content\/uploads\/sites\/10\/2025\/11\/61c1591f55e8c86df9dfde979238eac9.png\",\"datePublished\":\"2025-11-26T17:56:36+00:00\",\"dateModified\":\"2025-11-27T07:57:46+00:00\",\"breadcrumb\":{\"@id\":\"https:\/\/nordicpadel.com\/sv\/product\/bullpadel-neuron\/#breadcrumb\"},\"inLanguage\":\"sv-SE\",\"potentialAction\":[{\"@type\":\"ReadAction\",\"target\":[\"https:\/\/nordicpadel.com\/sv\/product\/bullpadel-neuron\/\"]}]},{\"@type\":\"ImageObject\",\"inLanguage\":\"sv-SE\",\"@id\":\"https:\/\/nordicpadel.com\/sv\/product\/bullpadel-neuron\/#primaryimage\",\"url\":\"https:\/\/nordicpadel.com\/sv\/wp-content\/uploads\/sites\/10\/2025\/11\/61c1591f55e8c86df9dfde979238eac9.png\",\"contentUrl\":\"https:\/\/nordicpadel.com\/sv\/wp-content\/uploads\/sites\/10\/2025\/11\/61c1591f55e8c86df9dfde979238eac9.png\",\"width\":800,\"height\":800,\"caption\":\"Bullpadel Neuron\"},{\"@type\":\"BreadcrumbList\",\"@id\":\"https:\/\/nordicpadel.com\/sv\/product\/bullpadel-neuron\/#breadcrumb\",\"itemListElement\":[{\"@type\":\"ListItem\",\"position\":1,\"name\":\"Hem\",\"item\":\"https:\/\/nordicpadel.com\/sv\/\"},{\"@type\":\"ListItem\",\"position\":2,\"name\":\"Shop\",\"item\":\"https:\/\/nordicpadel.com\/sv\/shop\/\"},{\"@type\":\"ListItem\",\"position\":3,\"name\":\"Bullpadel Neuron\"}]},{\"@type\":\"WebSite\",\"@id\":\"https:\/\/nordicpadel.com\/sv\/#website\",\"url\":\"https:\/\/nordicpadel.com\/sv\/\",\"name\":\"Nordic Padel\",\"description\":\"\",\"publisher\":{\"@id\":\"https:\/\/nordicpadel.com\/sv\/#organization\"},\"potentialAction\":[{\"@type\":\"SearchAction\",\"target\":{\"@type\":\"EntryPoint\",\"urlTemplate\":\"https:\/\/nordicpadel.com\/sv\/?s={search_term_string}\"},\"query-input\":\"required name=search_term_string\"}],\"inLanguage\":\"sv-SE\"},{\"@type\":\"Organization\",\"@id\":\"https:\/\/nordicpadel.com\/sv\/#organization\",\"name\":\"Nordic Padel\",\"url\":\"https:\/\/nordicpadel.com\/sv\/\",\"logo\":{\"@type\":\"ImageObject\",\"inLanguage\":\"sv-SE\",\"@id\":\"https:\/\/nordicpadel.com\/sv\/#\/schema\/logo\/image\/\",\"url\":\"https:\/\/nordicpadel.com\/sv\/wp-content\/uploads\/sites\/10\/2022\/12\/Nordic-Padel-small_1-1.png\",\"contentUrl\":\"https:\/\/nordicpadel.com\/sv\/wp-content\/uploads\/sites\/10\/2022\/12\/Nordic-Padel-small_1-1.png\",\"width\":400,\"height\":119,\"caption\":\"Nordic Padel\"},\"image\":{\"@id\":\"https:\/\/nordicpadel.com\/sv\/#\/schema\/logo\/image\/\"}}]}<\/script>\n<!-- \/ Yoast SEO plugin. -->","yoast_head_json":{"title":"Bullpadel Neuron - Nordic Padel","robots":{"index":"index","follow":"follow","max-snippet":"max-snippet:-1","max-image-preview":"max-image-preview:large","max-video-preview":"max-video-preview:-1"},"canonical":"https:\/\/nordicpadel.com\/sv\/product\/bullpadel-neuron\/","og_locale":"sv_SE","og_type":"article","og_title":"Bullpadel Neuron - Nordic Padel","og_description":"H\u00e4r presenterar vi stolt modellen som v\u00e4rlds\u00e5ttan Fede Chingotto spelar med p\u00e5 WPT touren under 2024.Den h\u00e4r helt nya modellen Neuron \u00e4r ett padelracket med hybridform, och k\u00e4nnetecknas som ett racket med en fantastisk bollacceleration. Den \u00e4r designad f\u00f6r professionella eller avancerade spelare som kommit lite l\u00e4ngre i sin padelresa. Neuron inkluderar tv\u00e5 nya koncept [&hellip;]","og_url":"https:\/\/nordicpadel.com\/sv\/product\/bullpadel-neuron\/","og_site_name":"Nordic Padel","article_modified_time":"2025-11-27T07:57:46+00:00","twitter_card":"summary_large_image","twitter_misc":{"Ber\u00e4knad l\u00e4stid":"1 minut"},"schema":{"@context":"https:\/\/schema.org","@graph":[{"@type":"WebPage","@id":"https:\/\/nordicpadel.com\/sv\/product\/bullpadel-neuron\/","url":"https:\/\/nordicpadel.com\/sv\/product\/bullpadel-neuron\/","name":"Bullpadel Neuron - Nordic Padel","isPartOf":{"@id":"https:\/\/nordicpadel.com\/sv\/#website"},"primaryImageOfPage":{"@id":"https:\/\/nordicpadel.com\/sv\/product\/bullpadel-neuron\/#primaryimage"},"image":{"@id":"https:\/\/nordicpadel.com\/sv\/product\/bullpadel-neuron\/#primaryimage"},"thumbnailUrl":"https:\/\/nordicpadel.com\/sv\/wp-content\/uploads\/sites\/10\/2025\/11\/61c1591f55e8c86df9dfde979238eac9.png","datePublished":"2025-11-26T17:56:36+00:00","dateModified":"2025-11-27T07:57:46+00:00","breadcrumb":{"@id":"https:\/\/nordicpadel.com\/sv\/product\/bullpadel-neuron\/#breadcrumb"},"inLanguage":"sv-SE","potentialAction":[{"@type":"ReadAction","target":["https:\/\/nordicpadel.com\/sv\/product\/bullpadel-neuron\/"]}]},{"@type":"ImageObject","inLanguage":"sv-SE","@id":"https:\/\/nordicpadel.com\/sv\/product\/bullpadel-neuron\/#primaryimage","url":"https:\/\/nordicpadel.com\/sv\/wp-content\/uploads\/sites\/10\/2025\/11\/61c1591f55e8c86df9dfde979238eac9.png","contentUrl":"https:\/\/nordicpadel.com\/sv\/wp-content\/uploads\/sites\/10\/2025\/11\/61c1591f55e8c86df9dfde979238eac9.png","width":800,"height":800,"caption":"Bullpadel Neuron"},{"@type":"BreadcrumbList","@id":"https:\/\/nordicpadel.com\/sv\/product\/bullpadel-neuron\/#breadcrumb","itemListElement":[{"@type":"ListItem","position":1,"name":"Hem","item":"https:\/\/nordicpadel.com\/sv\/"},{"@type":"ListItem","position":2,"name":"Shop","item":"https:\/\/nordicpadel.com\/sv\/shop\/"},{"@type":"ListItem","position":3,"name":"Bullpadel Neuron"}]},{"@type":"WebSite","@id":"https:\/\/nordicpadel.com\/sv\/#website","url":"https:\/\/nordicpadel.com\/sv\/","name":"Nordic Padel","description":"","publisher":{"@id":"https:\/\/nordicpadel.com\/sv\/#organization"},"potentialAction":[{"@type":"SearchAction","target":{"@type":"EntryPoint","urlTemplate":"https:\/\/nordicpadel.com\/sv\/?s={search_term_string}"},"query-input":"required name=search_term_string"}],"inLanguage":"sv-SE"},{"@type":"Organization","@id":"https:\/\/nordicpadel.com\/sv\/#organization","name":"Nordic Padel","url":"https:\/\/nordicpadel.com\/sv\/","logo":{"@type":"ImageObject","inLanguage":"sv-SE","@id":"https:\/\/nordicpadel.com\/sv\/#\/schema\/logo\/image\/","url":"https:\/\/nordicpadel.com\/sv\/wp-content\/uploads\/sites\/10\/2022\/12\/Nordic-Padel-small_1-1.png","contentUrl":"https:\/\/nordicpadel.com\/sv\/wp-content\/uploads\/sites\/10\/2022\/12\/Nordic-Padel-small_1-1.png","width":400,"height":119,"caption":"Nordic Padel"},"image":{"@id":"https:\/\/nordicpadel.com\/sv\/#\/schema\/logo\/image\/"}}]}},"brands":[],"_links":{"self":[{"href":"https:\/\/nordicpadel.com\/sv\/wp-json\/wp\/v2\/product\/93468","targetHints":{"allow":["GET"]}}],"collection":[{"href":"https:\/\/nordicpadel.com\/sv\/wp-json\/wp\/v2\/product"}],"about":[{"href":"https:\/\/nordicpadel.com\/sv\/wp-json\/wp\/v2\/types\/product"}],"replies":[{"embeddable":true,"href":"https:\/\/nordicpadel.com\/sv\/wp-json\/wp\/v2\/comments?post=93468"}],"wp:featuredmedia":[{"embeddable":true,"href":"https:\/\/nordicpadel.com\/sv\/wp-json\/wp\/v2\/media\/93440"}],"wp:attachment":[{"href":"https:\/\/nordicpadel.com\/sv\/wp-json\/wp\/v2\/media?parent=93468"}],"wp:term":[{"taxonomy":"pwb-brand","embeddable":true,"href":"https:\/\/nordicpadel.com\/sv\/wp-json\/wp\/v2\/pwb-brand?post=93468"},{"taxonomy":"product_cat","embeddable":true,"href":"https:\/\/nordicpadel.com\/sv\/wp-json\/wp\/v2\/product_cat?post=93468"},{"taxonomy":"product_tag","embeddable":true,"href":"https:\/\/nordicpadel.com\/sv\/wp-json\/wp\/v2\/product_tag?post=93468"},{"taxonomy":"woo-feed-brand","embeddable":true,"href":"https:\/\/nordicpadel.com\/sv\/wp-json\/wp\/v2\/woo-feed-brand?post=93468"}],"curies":[{"name":"wp","href":"https:\/\/api.w.org\/{rel}","templated":true}]}}