{"id":93382,"date":"2025-11-26T18:56:05","date_gmt":"2025-11-26T17:56:05","guid":{"rendered":"https:\/\/nordicpadel.com\/sv\/product\/nike-zoom-vapor-11-all-court\/"},"modified":"2026-02-20T11:53:27","modified_gmt":"2026-02-20T10:53:27","slug":"nike-zoom-vapor-11-all-court","status":"publish","type":"product","link":"https:\/\/nordicpadel.com\/sv\/product\/nike-zoom-vapor-11-all-court\/","title":{"rendered":"Nike Zoom Vapor 11 All Court"},"content":{"rendered":"<p>Nike Zoom Vapor 11 \u00e4r en sko laddad med hastighetskomponenter. Skons l\u00e5ga profil f\u00e5r anv\u00e4ndaren att k\u00e4nna riktigt bra kontakt med underlaget.<\/p>\n<p>Vapor 11 \u00e4r en tennissko f\u00f6rsedd med en f\u00f6rst\u00e4rkning vid mellanfoten som ger \u00f6kad stabilitet. F\u00f6r den extra studsen i framfoten \u00e4r skon utrustad med en responsiv Zoom-Air enhet som bidrar till att anv\u00e4ndaren f\u00e5r riktigt fin respons i serve\u00f6gonblicket, forehandsmashen och de snabba attackerna framme vid n\u00e4t.<\/p>\n<p>Vapor 11 \u00e4r en perfekt sko f\u00f6r att utvinna extra explosivitet i de snabba riktningsf\u00f6r\u00e4ndringarna. M\u00f6nstringen p\u00e5 sulan \u00e4r utvecklad f\u00f6r att ge optimalt grepp utan bekosta skons glidegenskaper.<\/p>\n<p>Ovandelen av skon best\u00e5r av ett ventilerande och slitstarkt mesh material.<br \/>Den nya designen \u00e4r mycket l\u00e4cker. Utsidan av skon har ett speciellt utseende med snett linjerade r\u00e4nder.<br \/>En mycket snygg sko f\u00f6r spelaren som \u00e4r ute efter maximal utdelning i sitt spel.<\/p>\n","protected":false},"excerpt":{"rendered":"<p>Nike Zoom Vapor 11 \u00e4r en sko laddad med hastighetskomponenter. Skons l\u00e5ga profil f\u00e5r anv\u00e4ndaren att k\u00e4nna riktigt bra kontakt med underlaget. Vapor 11 \u00e4r en tennissko f\u00f6rsedd med en f\u00f6rst\u00e4rkning vid mellanfoten som ger \u00f6kad stabilitet. F\u00f6r den extra studsen i framfoten \u00e4r skon utrustad med en responsiv Zoom-Air enhet som bidrar till att [&hellip;]<\/p>\n","protected":false},"featured_media":93365,"comment_status":"open","ping_status":"closed","template":"","meta":[],"pwb-brand":[],"product_cat":[38,471],"product_tag":[],"woo-feed-brand":[],"class_list":{"0":"post-93382","1":"product","2":"type-product","3":"status-publish","4":"has-post-thumbnail","6":"product_cat-herr","7":"product_cat-nike","8":"pa_varumarke-nike","10":"first","11":"outofstock","12":"sale","13":"taxable","14":"shipping-taxable","15":"purchasable","16":"product-type-variable"},"bundled_by":[],"bundle_stock_status":"outofstock","bundle_stock_quantity":0,"bundle_virtual":false,"bundle_layout":"","bundle_add_to_cart_form_location":"","bundle_editable_in_cart":false,"bundle_sold_individually_context":"","bundle_item_grouping":"","bundle_min_size":"","bundle_max_size":"","bundled_items":[],"bundle_sell_ids":[],"acf":[],"yoast_head":"<!-- This site is optimized with the Yoast SEO plugin v23.1 - https:\/\/yoast.com\/wordpress\/plugins\/seo\/ -->\n<title>Nike Zoom Vapor 11 All Court - Nordic Padel<\/title>\n<meta name=\"robots\" content=\"index, follow, max-snippet:-1, max-image-preview:large, max-video-preview:-1\" \/>\n<link rel=\"canonical\" href=\"https:\/\/nordicpadel.com\/sv\/product\/nike-zoom-vapor-11-all-court\/\" \/>\n<meta property=\"og:locale\" content=\"sv_SE\" \/>\n<meta property=\"og:type\" content=\"article\" \/>\n<meta property=\"og:title\" content=\"Nike Zoom Vapor 11 All Court - Nordic Padel\" \/>\n<meta property=\"og:description\" content=\"Nike Zoom Vapor 11 \u00e4r en sko laddad med hastighetskomponenter. Skons l\u00e5ga profil f\u00e5r anv\u00e4ndaren att k\u00e4nna riktigt bra kontakt med underlaget. Vapor 11 \u00e4r en tennissko f\u00f6rsedd med en f\u00f6rst\u00e4rkning vid mellanfoten som ger \u00f6kad stabilitet. F\u00f6r den extra studsen i framfoten \u00e4r skon utrustad med en responsiv Zoom-Air enhet som bidrar till att [&hellip;]\" \/>\n<meta property=\"og:url\" content=\"https:\/\/nordicpadel.com\/sv\/product\/nike-zoom-vapor-11-all-court\/\" \/>\n<meta property=\"og:site_name\" content=\"Nordic Padel\" \/>\n<meta property=\"article:modified_time\" content=\"2026-02-20T10:53:27+00:00\" \/>\n<meta name=\"twitter:card\" content=\"summary_large_image\" \/>\n<meta name=\"twitter:label1\" content=\"Ber\u00e4knad l\u00e4stid\" \/>\n\t<meta name=\"twitter:data1\" content=\"1 minut\" \/>\n<script type=\"application\/ld+json\" class=\"yoast-schema-graph\">{\"@context\":\"https:\/\/schema.org\",\"@graph\":[{\"@type\":\"WebPage\",\"@id\":\"https:\/\/nordicpadel.com\/sv\/product\/nike-zoom-vapor-11-all-court\/\",\"url\":\"https:\/\/nordicpadel.com\/sv\/product\/nike-zoom-vapor-11-all-court\/\",\"name\":\"Nike Zoom Vapor 11 All Court - Nordic Padel\",\"isPartOf\":{\"@id\":\"https:\/\/nordicpadel.com\/sv\/#website\"},\"primaryImageOfPage\":{\"@id\":\"https:\/\/nordicpadel.com\/sv\/product\/nike-zoom-vapor-11-all-court\/#primaryimage\"},\"image\":{\"@id\":\"https:\/\/nordicpadel.com\/sv\/product\/nike-zoom-vapor-11-all-court\/#primaryimage\"},\"thumbnailUrl\":\"https:\/\/nordicpadel.com\/sv\/wp-content\/uploads\/sites\/10\/2025\/11\/b06d3bbc1520949f7fe2fcede0d68bf7.png\",\"datePublished\":\"2025-11-26T17:56:05+00:00\",\"dateModified\":\"2026-02-20T10:53:27+00:00\",\"breadcrumb\":{\"@id\":\"https:\/\/nordicpadel.com\/sv\/product\/nike-zoom-vapor-11-all-court\/#breadcrumb\"},\"inLanguage\":\"sv-SE\",\"potentialAction\":[{\"@type\":\"ReadAction\",\"target\":[\"https:\/\/nordicpadel.com\/sv\/product\/nike-zoom-vapor-11-all-court\/\"]}]},{\"@type\":\"ImageObject\",\"inLanguage\":\"sv-SE\",\"@id\":\"https:\/\/nordicpadel.com\/sv\/product\/nike-zoom-vapor-11-all-court\/#primaryimage\",\"url\":\"https:\/\/nordicpadel.com\/sv\/wp-content\/uploads\/sites\/10\/2025\/11\/b06d3bbc1520949f7fe2fcede0d68bf7.png\",\"contentUrl\":\"https:\/\/nordicpadel.com\/sv\/wp-content\/uploads\/sites\/10\/2025\/11\/b06d3bbc1520949f7fe2fcede0d68bf7.png\",\"width\":800,\"height\":800,\"caption\":\"Nike Zoom Vapor 11 All Court\"},{\"@type\":\"BreadcrumbList\",\"@id\":\"https:\/\/nordicpadel.com\/sv\/product\/nike-zoom-vapor-11-all-court\/#breadcrumb\",\"itemListElement\":[{\"@type\":\"ListItem\",\"position\":1,\"name\":\"Hem\",\"item\":\"https:\/\/nordicpadel.com\/sv\/\"},{\"@type\":\"ListItem\",\"position\":2,\"name\":\"Shop\",\"item\":\"https:\/\/nordicpadel.com\/sv\/shop\/\"},{\"@type\":\"ListItem\",\"position\":3,\"name\":\"Nike Zoom Vapor 11 All Court\"}]},{\"@type\":\"WebSite\",\"@id\":\"https:\/\/nordicpadel.com\/sv\/#website\",\"url\":\"https:\/\/nordicpadel.com\/sv\/\",\"name\":\"Nordic Padel\",\"description\":\"\",\"publisher\":{\"@id\":\"https:\/\/nordicpadel.com\/sv\/#organization\"},\"potentialAction\":[{\"@type\":\"SearchAction\",\"target\":{\"@type\":\"EntryPoint\",\"urlTemplate\":\"https:\/\/nordicpadel.com\/sv\/?s={search_term_string}\"},\"query-input\":\"required name=search_term_string\"}],\"inLanguage\":\"sv-SE\"},{\"@type\":\"Organization\",\"@id\":\"https:\/\/nordicpadel.com\/sv\/#organization\",\"name\":\"Nordic Padel\",\"url\":\"https:\/\/nordicpadel.com\/sv\/\",\"logo\":{\"@type\":\"ImageObject\",\"inLanguage\":\"sv-SE\",\"@id\":\"https:\/\/nordicpadel.com\/sv\/#\/schema\/logo\/image\/\",\"url\":\"https:\/\/nordicpadel.com\/sv\/wp-content\/uploads\/sites\/10\/2022\/12\/Nordic-Padel-small_1-1.png\",\"contentUrl\":\"https:\/\/nordicpadel.com\/sv\/wp-content\/uploads\/sites\/10\/2022\/12\/Nordic-Padel-small_1-1.png\",\"width\":400,\"height\":119,\"caption\":\"Nordic Padel\"},\"image\":{\"@id\":\"https:\/\/nordicpadel.com\/sv\/#\/schema\/logo\/image\/\"}}]}<\/script>\n<!-- \/ Yoast SEO plugin. -->","yoast_head_json":{"title":"Nike Zoom Vapor 11 All Court - Nordic Padel","robots":{"index":"index","follow":"follow","max-snippet":"max-snippet:-1","max-image-preview":"max-image-preview:large","max-video-preview":"max-video-preview:-1"},"canonical":"https:\/\/nordicpadel.com\/sv\/product\/nike-zoom-vapor-11-all-court\/","og_locale":"sv_SE","og_type":"article","og_title":"Nike Zoom Vapor 11 All Court - Nordic Padel","og_description":"Nike Zoom Vapor 11 \u00e4r en sko laddad med hastighetskomponenter. Skons l\u00e5ga profil f\u00e5r anv\u00e4ndaren att k\u00e4nna riktigt bra kontakt med underlaget. Vapor 11 \u00e4r en tennissko f\u00f6rsedd med en f\u00f6rst\u00e4rkning vid mellanfoten som ger \u00f6kad stabilitet. F\u00f6r den extra studsen i framfoten \u00e4r skon utrustad med en responsiv Zoom-Air enhet som bidrar till att [&hellip;]","og_url":"https:\/\/nordicpadel.com\/sv\/product\/nike-zoom-vapor-11-all-court\/","og_site_name":"Nordic Padel","article_modified_time":"2026-02-20T10:53:27+00:00","twitter_card":"summary_large_image","twitter_misc":{"Ber\u00e4knad l\u00e4stid":"1 minut"},"schema":{"@context":"https:\/\/schema.org","@graph":[{"@type":"WebPage","@id":"https:\/\/nordicpadel.com\/sv\/product\/nike-zoom-vapor-11-all-court\/","url":"https:\/\/nordicpadel.com\/sv\/product\/nike-zoom-vapor-11-all-court\/","name":"Nike Zoom Vapor 11 All Court - Nordic Padel","isPartOf":{"@id":"https:\/\/nordicpadel.com\/sv\/#website"},"primaryImageOfPage":{"@id":"https:\/\/nordicpadel.com\/sv\/product\/nike-zoom-vapor-11-all-court\/#primaryimage"},"image":{"@id":"https:\/\/nordicpadel.com\/sv\/product\/nike-zoom-vapor-11-all-court\/#primaryimage"},"thumbnailUrl":"https:\/\/nordicpadel.com\/sv\/wp-content\/uploads\/sites\/10\/2025\/11\/b06d3bbc1520949f7fe2fcede0d68bf7.png","datePublished":"2025-11-26T17:56:05+00:00","dateModified":"2026-02-20T10:53:27+00:00","breadcrumb":{"@id":"https:\/\/nordicpadel.com\/sv\/product\/nike-zoom-vapor-11-all-court\/#breadcrumb"},"inLanguage":"sv-SE","potentialAction":[{"@type":"ReadAction","target":["https:\/\/nordicpadel.com\/sv\/product\/nike-zoom-vapor-11-all-court\/"]}]},{"@type":"ImageObject","inLanguage":"sv-SE","@id":"https:\/\/nordicpadel.com\/sv\/product\/nike-zoom-vapor-11-all-court\/#primaryimage","url":"https:\/\/nordicpadel.com\/sv\/wp-content\/uploads\/sites\/10\/2025\/11\/b06d3bbc1520949f7fe2fcede0d68bf7.png","contentUrl":"https:\/\/nordicpadel.com\/sv\/wp-content\/uploads\/sites\/10\/2025\/11\/b06d3bbc1520949f7fe2fcede0d68bf7.png","width":800,"height":800,"caption":"Nike Zoom Vapor 11 All Court"},{"@type":"BreadcrumbList","@id":"https:\/\/nordicpadel.com\/sv\/product\/nike-zoom-vapor-11-all-court\/#breadcrumb","itemListElement":[{"@type":"ListItem","position":1,"name":"Hem","item":"https:\/\/nordicpadel.com\/sv\/"},{"@type":"ListItem","position":2,"name":"Shop","item":"https:\/\/nordicpadel.com\/sv\/shop\/"},{"@type":"ListItem","position":3,"name":"Nike Zoom Vapor 11 All Court"}]},{"@type":"WebSite","@id":"https:\/\/nordicpadel.com\/sv\/#website","url":"https:\/\/nordicpadel.com\/sv\/","name":"Nordic Padel","description":"","publisher":{"@id":"https:\/\/nordicpadel.com\/sv\/#organization"},"potentialAction":[{"@type":"SearchAction","target":{"@type":"EntryPoint","urlTemplate":"https:\/\/nordicpadel.com\/sv\/?s={search_term_string}"},"query-input":"required name=search_term_string"}],"inLanguage":"sv-SE"},{"@type":"Organization","@id":"https:\/\/nordicpadel.com\/sv\/#organization","name":"Nordic Padel","url":"https:\/\/nordicpadel.com\/sv\/","logo":{"@type":"ImageObject","inLanguage":"sv-SE","@id":"https:\/\/nordicpadel.com\/sv\/#\/schema\/logo\/image\/","url":"https:\/\/nordicpadel.com\/sv\/wp-content\/uploads\/sites\/10\/2022\/12\/Nordic-Padel-small_1-1.png","contentUrl":"https:\/\/nordicpadel.com\/sv\/wp-content\/uploads\/sites\/10\/2022\/12\/Nordic-Padel-small_1-1.png","width":400,"height":119,"caption":"Nordic Padel"},"image":{"@id":"https:\/\/nordicpadel.com\/sv\/#\/schema\/logo\/image\/"}}]}},"brands":[],"_links":{"self":[{"href":"https:\/\/nordicpadel.com\/sv\/wp-json\/wp\/v2\/product\/93382","targetHints":{"allow":["GET"]}}],"collection":[{"href":"https:\/\/nordicpadel.com\/sv\/wp-json\/wp\/v2\/product"}],"about":[{"href":"https:\/\/nordicpadel.com\/sv\/wp-json\/wp\/v2\/types\/product"}],"replies":[{"embeddable":true,"href":"https:\/\/nordicpadel.com\/sv\/wp-json\/wp\/v2\/comments?post=93382"}],"wp:featuredmedia":[{"embeddable":true,"href":"https:\/\/nordicpadel.com\/sv\/wp-json\/wp\/v2\/media\/93365"}],"wp:attachment":[{"href":"https:\/\/nordicpadel.com\/sv\/wp-json\/wp\/v2\/media?parent=93382"}],"wp:term":[{"taxonomy":"pwb-brand","embeddable":true,"href":"https:\/\/nordicpadel.com\/sv\/wp-json\/wp\/v2\/pwb-brand?post=93382"},{"taxonomy":"product_cat","embeddable":true,"href":"https:\/\/nordicpadel.com\/sv\/wp-json\/wp\/v2\/product_cat?post=93382"},{"taxonomy":"product_tag","embeddable":true,"href":"https:\/\/nordicpadel.com\/sv\/wp-json\/wp\/v2\/product_tag?post=93382"},{"taxonomy":"woo-feed-brand","embeddable":true,"href":"https:\/\/nordicpadel.com\/sv\/wp-json\/wp\/v2\/woo-feed-brand?post=93382"}],"curies":[{"name":"wp","href":"https:\/\/api.w.org\/{rel}","templated":true}]}}