{"id":93358,"date":"2025-11-26T18:55:57","date_gmt":"2025-11-26T17:55:57","guid":{"rendered":"https:\/\/nordicpadel.com\/sv\/product\/head-extreme-motion\/"},"modified":"2025-11-27T17:02:41","modified_gmt":"2025-11-27T16:02:41","slug":"head-extreme-motion","status":"publish","type":"product","link":"https:\/\/nordicpadel.com\/sv\/product\/head-extreme-motion\/","title":{"rendered":"Head Extreme Motion"},"content":{"rendered":"<p>Tillverkat med en ny diamantform \u00e4r Extreme Motion idealiskt f\u00f6r erfarna och professionella spelare som s\u00f6ker b\u00e5de extrem kraft och smidighet. Teknologin Soft Butt Cap ger en mjukare spelk\u00e4nsla och d\u00e4mpar vibrationer, samtidigt som den innovativa Auxetic-teknologin levererar extra kraft och en sensationell tr\u00e4ffk\u00e4nsla. Extreme Motion \u00e4r en l\u00e4ttare version av Extreme Pro och har en hybridtr\u00e4ffyta v\u00e4vd av glas och kolfiber, vilket resulterar i f\u00f6rb\u00e4ttrad kraft och h\u00e4rlig touch. Detta padelracket har \u00e4ven teknologin Extreme Spin, vilket inneb\u00e4r en strukturerad slagyta som m\u00f6jligg\u00f6r f\u00f6r dig som spelare att generera kraftig spinn p\u00e5 bollen f\u00f6r att g\u00f6ra det extra sv\u00e5rt f\u00f6r dina motst\u00e5ndare. Dessutom har Extreme Motion designats med en exklusiv och f\u00e4rgstark kul\u00f6r, s\u00e5 att du inte bara sticker ut med din enast\u00e5ende fart i overheadslagen utan \u00e4ven p\u00e5 ett estetiskt s\u00e4tt i padelhallen.<\/p>\n","protected":false},"excerpt":{"rendered":"<p>Tillverkat med en ny diamantform \u00e4r Extreme Motion idealiskt f\u00f6r erfarna och professionella spelare som s\u00f6ker b\u00e5de extrem kraft och smidighet. Teknologin Soft Butt Cap ger en mjukare spelk\u00e4nsla och d\u00e4mpar vibrationer, samtidigt som den innovativa Auxetic-teknologin levererar extra kraft och en sensationell tr\u00e4ffk\u00e4nsla. Extreme Motion \u00e4r en l\u00e4ttare version av Extreme Pro och har [&hellip;]<\/p>\n","protected":false},"featured_media":93349,"comment_status":"open","ping_status":"closed","template":"","meta":[],"pwb-brand":[],"product_cat":[459],"product_tag":[],"woo-feed-brand":[],"class_list":{"0":"post-93358","1":"product","2":"type-product","3":"status-publish","4":"has-post-thumbnail","6":"product_cat-head","7":"pa_varumarke-head","9":"first","10":"outofstock","11":"sale","12":"taxable","13":"shipping-taxable","14":"purchasable","15":"product-type-simple"},"bundled_by":[],"bundle_stock_status":"outofstock","bundle_stock_quantity":0,"bundle_virtual":false,"bundle_layout":"","bundle_add_to_cart_form_location":"","bundle_editable_in_cart":false,"bundle_sold_individually_context":"","bundle_item_grouping":"","bundle_min_size":"","bundle_max_size":"","bundled_items":[],"bundle_sell_ids":[],"acf":[],"yoast_head":"<!-- This site is optimized with the Yoast SEO plugin v23.1 - https:\/\/yoast.com\/wordpress\/plugins\/seo\/ -->\n<title>Head Extreme Motion - Nordic Padel<\/title>\n<meta name=\"robots\" content=\"index, follow, max-snippet:-1, max-image-preview:large, max-video-preview:-1\" \/>\n<link rel=\"canonical\" href=\"https:\/\/nordicpadel.com\/sv\/product\/head-extreme-motion\/\" \/>\n<meta property=\"og:locale\" content=\"sv_SE\" \/>\n<meta property=\"og:type\" content=\"article\" \/>\n<meta property=\"og:title\" content=\"Head Extreme Motion - Nordic Padel\" \/>\n<meta property=\"og:description\" content=\"Tillverkat med en ny diamantform \u00e4r Extreme Motion idealiskt f\u00f6r erfarna och professionella spelare som s\u00f6ker b\u00e5de extrem kraft och smidighet. Teknologin Soft Butt Cap ger en mjukare spelk\u00e4nsla och d\u00e4mpar vibrationer, samtidigt som den innovativa Auxetic-teknologin levererar extra kraft och en sensationell tr\u00e4ffk\u00e4nsla. Extreme Motion \u00e4r en l\u00e4ttare version av Extreme Pro och har [&hellip;]\" \/>\n<meta property=\"og:url\" content=\"https:\/\/nordicpadel.com\/sv\/product\/head-extreme-motion\/\" \/>\n<meta property=\"og:site_name\" content=\"Nordic Padel\" \/>\n<meta property=\"article:modified_time\" content=\"2025-11-27T16:02:41+00:00\" \/>\n<meta name=\"twitter:card\" content=\"summary_large_image\" \/>\n<meta name=\"twitter:label1\" content=\"Ber\u00e4knad l\u00e4stid\" \/>\n\t<meta name=\"twitter:data1\" content=\"1 minut\" \/>\n<script type=\"application\/ld+json\" class=\"yoast-schema-graph\">{\"@context\":\"https:\/\/schema.org\",\"@graph\":[{\"@type\":\"WebPage\",\"@id\":\"https:\/\/nordicpadel.com\/sv\/product\/head-extreme-motion\/\",\"url\":\"https:\/\/nordicpadel.com\/sv\/product\/head-extreme-motion\/\",\"name\":\"Head Extreme Motion - Nordic Padel\",\"isPartOf\":{\"@id\":\"https:\/\/nordicpadel.com\/sv\/#website\"},\"primaryImageOfPage\":{\"@id\":\"https:\/\/nordicpadel.com\/sv\/product\/head-extreme-motion\/#primaryimage\"},\"image\":{\"@id\":\"https:\/\/nordicpadel.com\/sv\/product\/head-extreme-motion\/#primaryimage\"},\"thumbnailUrl\":\"https:\/\/nordicpadel.com\/sv\/wp-content\/uploads\/sites\/10\/2025\/11\/53b7536e1667cb90bdd0ebca3d5ea407.png\",\"datePublished\":\"2025-11-26T17:55:57+00:00\",\"dateModified\":\"2025-11-27T16:02:41+00:00\",\"breadcrumb\":{\"@id\":\"https:\/\/nordicpadel.com\/sv\/product\/head-extreme-motion\/#breadcrumb\"},\"inLanguage\":\"sv-SE\",\"potentialAction\":[{\"@type\":\"ReadAction\",\"target\":[\"https:\/\/nordicpadel.com\/sv\/product\/head-extreme-motion\/\"]}]},{\"@type\":\"ImageObject\",\"inLanguage\":\"sv-SE\",\"@id\":\"https:\/\/nordicpadel.com\/sv\/product\/head-extreme-motion\/#primaryimage\",\"url\":\"https:\/\/nordicpadel.com\/sv\/wp-content\/uploads\/sites\/10\/2025\/11\/53b7536e1667cb90bdd0ebca3d5ea407.png\",\"contentUrl\":\"https:\/\/nordicpadel.com\/sv\/wp-content\/uploads\/sites\/10\/2025\/11\/53b7536e1667cb90bdd0ebca3d5ea407.png\",\"width\":800,\"height\":800,\"caption\":\"Head Extreme Motion\"},{\"@type\":\"BreadcrumbList\",\"@id\":\"https:\/\/nordicpadel.com\/sv\/product\/head-extreme-motion\/#breadcrumb\",\"itemListElement\":[{\"@type\":\"ListItem\",\"position\":1,\"name\":\"Hem\",\"item\":\"https:\/\/nordicpadel.com\/sv\/\"},{\"@type\":\"ListItem\",\"position\":2,\"name\":\"Shop\",\"item\":\"https:\/\/nordicpadel.com\/sv\/shop\/\"},{\"@type\":\"ListItem\",\"position\":3,\"name\":\"Head Extreme Motion\"}]},{\"@type\":\"WebSite\",\"@id\":\"https:\/\/nordicpadel.com\/sv\/#website\",\"url\":\"https:\/\/nordicpadel.com\/sv\/\",\"name\":\"Nordic Padel\",\"description\":\"\",\"publisher\":{\"@id\":\"https:\/\/nordicpadel.com\/sv\/#organization\"},\"potentialAction\":[{\"@type\":\"SearchAction\",\"target\":{\"@type\":\"EntryPoint\",\"urlTemplate\":\"https:\/\/nordicpadel.com\/sv\/?s={search_term_string}\"},\"query-input\":\"required name=search_term_string\"}],\"inLanguage\":\"sv-SE\"},{\"@type\":\"Organization\",\"@id\":\"https:\/\/nordicpadel.com\/sv\/#organization\",\"name\":\"Nordic Padel\",\"url\":\"https:\/\/nordicpadel.com\/sv\/\",\"logo\":{\"@type\":\"ImageObject\",\"inLanguage\":\"sv-SE\",\"@id\":\"https:\/\/nordicpadel.com\/sv\/#\/schema\/logo\/image\/\",\"url\":\"https:\/\/nordicpadel.com\/sv\/wp-content\/uploads\/sites\/10\/2022\/12\/Nordic-Padel-small_1-1.png\",\"contentUrl\":\"https:\/\/nordicpadel.com\/sv\/wp-content\/uploads\/sites\/10\/2022\/12\/Nordic-Padel-small_1-1.png\",\"width\":400,\"height\":119,\"caption\":\"Nordic Padel\"},\"image\":{\"@id\":\"https:\/\/nordicpadel.com\/sv\/#\/schema\/logo\/image\/\"}}]}<\/script>\n<!-- \/ Yoast SEO plugin. -->","yoast_head_json":{"title":"Head Extreme Motion - Nordic Padel","robots":{"index":"index","follow":"follow","max-snippet":"max-snippet:-1","max-image-preview":"max-image-preview:large","max-video-preview":"max-video-preview:-1"},"canonical":"https:\/\/nordicpadel.com\/sv\/product\/head-extreme-motion\/","og_locale":"sv_SE","og_type":"article","og_title":"Head Extreme Motion - Nordic Padel","og_description":"Tillverkat med en ny diamantform \u00e4r Extreme Motion idealiskt f\u00f6r erfarna och professionella spelare som s\u00f6ker b\u00e5de extrem kraft och smidighet. Teknologin Soft Butt Cap ger en mjukare spelk\u00e4nsla och d\u00e4mpar vibrationer, samtidigt som den innovativa Auxetic-teknologin levererar extra kraft och en sensationell tr\u00e4ffk\u00e4nsla. Extreme Motion \u00e4r en l\u00e4ttare version av Extreme Pro och har [&hellip;]","og_url":"https:\/\/nordicpadel.com\/sv\/product\/head-extreme-motion\/","og_site_name":"Nordic Padel","article_modified_time":"2025-11-27T16:02:41+00:00","twitter_card":"summary_large_image","twitter_misc":{"Ber\u00e4knad l\u00e4stid":"1 minut"},"schema":{"@context":"https:\/\/schema.org","@graph":[{"@type":"WebPage","@id":"https:\/\/nordicpadel.com\/sv\/product\/head-extreme-motion\/","url":"https:\/\/nordicpadel.com\/sv\/product\/head-extreme-motion\/","name":"Head Extreme Motion - Nordic Padel","isPartOf":{"@id":"https:\/\/nordicpadel.com\/sv\/#website"},"primaryImageOfPage":{"@id":"https:\/\/nordicpadel.com\/sv\/product\/head-extreme-motion\/#primaryimage"},"image":{"@id":"https:\/\/nordicpadel.com\/sv\/product\/head-extreme-motion\/#primaryimage"},"thumbnailUrl":"https:\/\/nordicpadel.com\/sv\/wp-content\/uploads\/sites\/10\/2025\/11\/53b7536e1667cb90bdd0ebca3d5ea407.png","datePublished":"2025-11-26T17:55:57+00:00","dateModified":"2025-11-27T16:02:41+00:00","breadcrumb":{"@id":"https:\/\/nordicpadel.com\/sv\/product\/head-extreme-motion\/#breadcrumb"},"inLanguage":"sv-SE","potentialAction":[{"@type":"ReadAction","target":["https:\/\/nordicpadel.com\/sv\/product\/head-extreme-motion\/"]}]},{"@type":"ImageObject","inLanguage":"sv-SE","@id":"https:\/\/nordicpadel.com\/sv\/product\/head-extreme-motion\/#primaryimage","url":"https:\/\/nordicpadel.com\/sv\/wp-content\/uploads\/sites\/10\/2025\/11\/53b7536e1667cb90bdd0ebca3d5ea407.png","contentUrl":"https:\/\/nordicpadel.com\/sv\/wp-content\/uploads\/sites\/10\/2025\/11\/53b7536e1667cb90bdd0ebca3d5ea407.png","width":800,"height":800,"caption":"Head Extreme Motion"},{"@type":"BreadcrumbList","@id":"https:\/\/nordicpadel.com\/sv\/product\/head-extreme-motion\/#breadcrumb","itemListElement":[{"@type":"ListItem","position":1,"name":"Hem","item":"https:\/\/nordicpadel.com\/sv\/"},{"@type":"ListItem","position":2,"name":"Shop","item":"https:\/\/nordicpadel.com\/sv\/shop\/"},{"@type":"ListItem","position":3,"name":"Head Extreme Motion"}]},{"@type":"WebSite","@id":"https:\/\/nordicpadel.com\/sv\/#website","url":"https:\/\/nordicpadel.com\/sv\/","name":"Nordic Padel","description":"","publisher":{"@id":"https:\/\/nordicpadel.com\/sv\/#organization"},"potentialAction":[{"@type":"SearchAction","target":{"@type":"EntryPoint","urlTemplate":"https:\/\/nordicpadel.com\/sv\/?s={search_term_string}"},"query-input":"required name=search_term_string"}],"inLanguage":"sv-SE"},{"@type":"Organization","@id":"https:\/\/nordicpadel.com\/sv\/#organization","name":"Nordic Padel","url":"https:\/\/nordicpadel.com\/sv\/","logo":{"@type":"ImageObject","inLanguage":"sv-SE","@id":"https:\/\/nordicpadel.com\/sv\/#\/schema\/logo\/image\/","url":"https:\/\/nordicpadel.com\/sv\/wp-content\/uploads\/sites\/10\/2022\/12\/Nordic-Padel-small_1-1.png","contentUrl":"https:\/\/nordicpadel.com\/sv\/wp-content\/uploads\/sites\/10\/2022\/12\/Nordic-Padel-small_1-1.png","width":400,"height":119,"caption":"Nordic Padel"},"image":{"@id":"https:\/\/nordicpadel.com\/sv\/#\/schema\/logo\/image\/"}}]}},"brands":[],"_links":{"self":[{"href":"https:\/\/nordicpadel.com\/sv\/wp-json\/wp\/v2\/product\/93358","targetHints":{"allow":["GET"]}}],"collection":[{"href":"https:\/\/nordicpadel.com\/sv\/wp-json\/wp\/v2\/product"}],"about":[{"href":"https:\/\/nordicpadel.com\/sv\/wp-json\/wp\/v2\/types\/product"}],"replies":[{"embeddable":true,"href":"https:\/\/nordicpadel.com\/sv\/wp-json\/wp\/v2\/comments?post=93358"}],"wp:featuredmedia":[{"embeddable":true,"href":"https:\/\/nordicpadel.com\/sv\/wp-json\/wp\/v2\/media\/93349"}],"wp:attachment":[{"href":"https:\/\/nordicpadel.com\/sv\/wp-json\/wp\/v2\/media?parent=93358"}],"wp:term":[{"taxonomy":"pwb-brand","embeddable":true,"href":"https:\/\/nordicpadel.com\/sv\/wp-json\/wp\/v2\/pwb-brand?post=93358"},{"taxonomy":"product_cat","embeddable":true,"href":"https:\/\/nordicpadel.com\/sv\/wp-json\/wp\/v2\/product_cat?post=93358"},{"taxonomy":"product_tag","embeddable":true,"href":"https:\/\/nordicpadel.com\/sv\/wp-json\/wp\/v2\/product_tag?post=93358"},{"taxonomy":"woo-feed-brand","embeddable":true,"href":"https:\/\/nordicpadel.com\/sv\/wp-json\/wp\/v2\/woo-feed-brand?post=93358"}],"curies":[{"name":"wp","href":"https:\/\/api.w.org\/{rel}","templated":true}]}}