{"id":93341,"date":"2025-11-26T18:55:51","date_gmt":"2025-11-26T17:55:51","guid":{"rendered":"https:\/\/nordicpadel.com\/sv\/product\/adidas-barricade-fmt-all-court\/"},"modified":"2025-11-27T16:39:18","modified_gmt":"2025-11-27T15:39:18","slug":"adidas-barricade-fmt-all-court","status":"publish","type":"product","link":"https:\/\/nordicpadel.com\/sv\/product\/adidas-barricade-fmt-all-court\/","title":{"rendered":"Adidas Barricade FMT All Court"},"content":{"rendered":"<p>Denna sko \u00e4r egentligen t\u00e4nkt f\u00f6r tennis men tack vare relativt mycket struktur i yttersulan anser vi denna modell vara perfekt \u00e4ven f\u00f6r padel p\u00e5 det nya mondogr\u00e4set.<\/p>\n<p>H\u00e4r finner du en slitstark och bekv\u00e4m sko fr\u00e5n Adidas perfekt f\u00f6r dig som spelar mycket och vill att dina skor ska h\u00e5lla l\u00e4nge samtidigt som du \u00e4r r\u00e4dd om din kropp.<\/p>\n","protected":false},"excerpt":{"rendered":"<p>Denna sko \u00e4r egentligen t\u00e4nkt f\u00f6r tennis men tack vare relativt mycket struktur i yttersulan anser vi denna modell vara perfekt \u00e4ven f\u00f6r padel p\u00e5 det nya mondogr\u00e4set. H\u00e4r finner du en slitstark och bekv\u00e4m sko fr\u00e5n Adidas perfekt f\u00f6r dig som spelar mycket och vill att dina skor ska h\u00e5lla l\u00e4nge samtidigt som du [&hellip;]<\/p>\n","protected":false},"featured_media":93318,"comment_status":"open","ping_status":"closed","template":"","meta":[],"pwb-brand":[],"product_cat":[458,38],"product_tag":[],"woo-feed-brand":[],"class_list":{"0":"post-93341","1":"product","2":"type-product","3":"status-publish","4":"has-post-thumbnail","6":"product_cat-adidas","7":"product_cat-herr","8":"pa_varumarke-adidas","10":"first","11":"outofstock","12":"taxable","13":"shipping-taxable","14":"product-type-variable"},"bundled_by":[],"bundle_stock_status":"outofstock","bundle_stock_quantity":0,"bundle_virtual":false,"bundle_layout":"","bundle_add_to_cart_form_location":"","bundle_editable_in_cart":false,"bundle_sold_individually_context":"","bundle_item_grouping":"","bundle_min_size":"","bundle_max_size":"","bundled_items":[],"bundle_sell_ids":[],"acf":[],"yoast_head":"<!-- This site is optimized with the Yoast SEO plugin v23.1 - https:\/\/yoast.com\/wordpress\/plugins\/seo\/ -->\n<title>Adidas Barricade FMT All Court - Nordic Padel<\/title>\n<meta name=\"robots\" content=\"index, follow, max-snippet:-1, max-image-preview:large, max-video-preview:-1\" \/>\n<link rel=\"canonical\" href=\"https:\/\/nordicpadel.com\/sv\/product\/adidas-barricade-fmt-all-court\/\" \/>\n<meta property=\"og:locale\" content=\"sv_SE\" \/>\n<meta property=\"og:type\" content=\"article\" \/>\n<meta property=\"og:title\" content=\"Adidas Barricade FMT All Court - Nordic Padel\" \/>\n<meta property=\"og:description\" content=\"Denna sko \u00e4r egentligen t\u00e4nkt f\u00f6r tennis men tack vare relativt mycket struktur i yttersulan anser vi denna modell vara perfekt \u00e4ven f\u00f6r padel p\u00e5 det nya mondogr\u00e4set. H\u00e4r finner du en slitstark och bekv\u00e4m sko fr\u00e5n Adidas perfekt f\u00f6r dig som spelar mycket och vill att dina skor ska h\u00e5lla l\u00e4nge samtidigt som du [&hellip;]\" \/>\n<meta property=\"og:url\" content=\"https:\/\/nordicpadel.com\/sv\/product\/adidas-barricade-fmt-all-court\/\" \/>\n<meta property=\"og:site_name\" content=\"Nordic Padel\" \/>\n<meta property=\"article:modified_time\" content=\"2025-11-27T15:39:18+00:00\" \/>\n<meta property=\"og:image\" content=\"https:\/\/nordicpadel.com\/sv\/wp-content\/uploads\/sites\/10\/2025\/11\/7484f4555083cef980e50461bd4553bc.png\" \/>\n\t<meta property=\"og:image:width\" content=\"800\" \/>\n\t<meta property=\"og:image:height\" content=\"800\" \/>\n\t<meta property=\"og:image:type\" content=\"image\/png\" \/>\n<meta name=\"twitter:card\" content=\"summary_large_image\" \/>\n<script type=\"application\/ld+json\" class=\"yoast-schema-graph\">{\"@context\":\"https:\/\/schema.org\",\"@graph\":[{\"@type\":\"WebPage\",\"@id\":\"https:\/\/nordicpadel.com\/sv\/product\/adidas-barricade-fmt-all-court\/\",\"url\":\"https:\/\/nordicpadel.com\/sv\/product\/adidas-barricade-fmt-all-court\/\",\"name\":\"Adidas Barricade FMT All Court - Nordic Padel\",\"isPartOf\":{\"@id\":\"https:\/\/nordicpadel.com\/sv\/#website\"},\"primaryImageOfPage\":{\"@id\":\"https:\/\/nordicpadel.com\/sv\/product\/adidas-barricade-fmt-all-court\/#primaryimage\"},\"image\":{\"@id\":\"https:\/\/nordicpadel.com\/sv\/product\/adidas-barricade-fmt-all-court\/#primaryimage\"},\"thumbnailUrl\":\"https:\/\/nordicpadel.com\/sv\/wp-content\/uploads\/sites\/10\/2025\/11\/7484f4555083cef980e50461bd4553bc.png\",\"datePublished\":\"2025-11-26T17:55:51+00:00\",\"dateModified\":\"2025-11-27T15:39:18+00:00\",\"breadcrumb\":{\"@id\":\"https:\/\/nordicpadel.com\/sv\/product\/adidas-barricade-fmt-all-court\/#breadcrumb\"},\"inLanguage\":\"sv-SE\",\"potentialAction\":[{\"@type\":\"ReadAction\",\"target\":[\"https:\/\/nordicpadel.com\/sv\/product\/adidas-barricade-fmt-all-court\/\"]}]},{\"@type\":\"ImageObject\",\"inLanguage\":\"sv-SE\",\"@id\":\"https:\/\/nordicpadel.com\/sv\/product\/adidas-barricade-fmt-all-court\/#primaryimage\",\"url\":\"https:\/\/nordicpadel.com\/sv\/wp-content\/uploads\/sites\/10\/2025\/11\/7484f4555083cef980e50461bd4553bc.png\",\"contentUrl\":\"https:\/\/nordicpadel.com\/sv\/wp-content\/uploads\/sites\/10\/2025\/11\/7484f4555083cef980e50461bd4553bc.png\",\"width\":800,\"height\":800,\"caption\":\"Adidas Barricade FMT All Court\"},{\"@type\":\"BreadcrumbList\",\"@id\":\"https:\/\/nordicpadel.com\/sv\/product\/adidas-barricade-fmt-all-court\/#breadcrumb\",\"itemListElement\":[{\"@type\":\"ListItem\",\"position\":1,\"name\":\"Hem\",\"item\":\"https:\/\/nordicpadel.com\/sv\/\"},{\"@type\":\"ListItem\",\"position\":2,\"name\":\"Shop\",\"item\":\"https:\/\/nordicpadel.com\/sv\/shop\/\"},{\"@type\":\"ListItem\",\"position\":3,\"name\":\"Adidas Barricade FMT All Court\"}]},{\"@type\":\"WebSite\",\"@id\":\"https:\/\/nordicpadel.com\/sv\/#website\",\"url\":\"https:\/\/nordicpadel.com\/sv\/\",\"name\":\"Nordic Padel\",\"description\":\"\",\"publisher\":{\"@id\":\"https:\/\/nordicpadel.com\/sv\/#organization\"},\"potentialAction\":[{\"@type\":\"SearchAction\",\"target\":{\"@type\":\"EntryPoint\",\"urlTemplate\":\"https:\/\/nordicpadel.com\/sv\/?s={search_term_string}\"},\"query-input\":\"required name=search_term_string\"}],\"inLanguage\":\"sv-SE\"},{\"@type\":\"Organization\",\"@id\":\"https:\/\/nordicpadel.com\/sv\/#organization\",\"name\":\"Nordic Padel\",\"url\":\"https:\/\/nordicpadel.com\/sv\/\",\"logo\":{\"@type\":\"ImageObject\",\"inLanguage\":\"sv-SE\",\"@id\":\"https:\/\/nordicpadel.com\/sv\/#\/schema\/logo\/image\/\",\"url\":\"https:\/\/nordicpadel.com\/sv\/wp-content\/uploads\/sites\/10\/2022\/12\/Nordic-Padel-small_1-1.png\",\"contentUrl\":\"https:\/\/nordicpadel.com\/sv\/wp-content\/uploads\/sites\/10\/2022\/12\/Nordic-Padel-small_1-1.png\",\"width\":400,\"height\":119,\"caption\":\"Nordic Padel\"},\"image\":{\"@id\":\"https:\/\/nordicpadel.com\/sv\/#\/schema\/logo\/image\/\"}}]}<\/script>\n<!-- \/ Yoast SEO plugin. -->","yoast_head_json":{"title":"Adidas Barricade FMT All Court - Nordic Padel","robots":{"index":"index","follow":"follow","max-snippet":"max-snippet:-1","max-image-preview":"max-image-preview:large","max-video-preview":"max-video-preview:-1"},"canonical":"https:\/\/nordicpadel.com\/sv\/product\/adidas-barricade-fmt-all-court\/","og_locale":"sv_SE","og_type":"article","og_title":"Adidas Barricade FMT All Court - Nordic Padel","og_description":"Denna sko \u00e4r egentligen t\u00e4nkt f\u00f6r tennis men tack vare relativt mycket struktur i yttersulan anser vi denna modell vara perfekt \u00e4ven f\u00f6r padel p\u00e5 det nya mondogr\u00e4set. H\u00e4r finner du en slitstark och bekv\u00e4m sko fr\u00e5n Adidas perfekt f\u00f6r dig som spelar mycket och vill att dina skor ska h\u00e5lla l\u00e4nge samtidigt som du [&hellip;]","og_url":"https:\/\/nordicpadel.com\/sv\/product\/adidas-barricade-fmt-all-court\/","og_site_name":"Nordic Padel","article_modified_time":"2025-11-27T15:39:18+00:00","og_image":[{"width":800,"height":800,"url":"https:\/\/nordicpadel.com\/sv\/wp-content\/uploads\/sites\/10\/2025\/11\/7484f4555083cef980e50461bd4553bc.png","type":"image\/png"}],"twitter_card":"summary_large_image","schema":{"@context":"https:\/\/schema.org","@graph":[{"@type":"WebPage","@id":"https:\/\/nordicpadel.com\/sv\/product\/adidas-barricade-fmt-all-court\/","url":"https:\/\/nordicpadel.com\/sv\/product\/adidas-barricade-fmt-all-court\/","name":"Adidas Barricade FMT All Court - Nordic Padel","isPartOf":{"@id":"https:\/\/nordicpadel.com\/sv\/#website"},"primaryImageOfPage":{"@id":"https:\/\/nordicpadel.com\/sv\/product\/adidas-barricade-fmt-all-court\/#primaryimage"},"image":{"@id":"https:\/\/nordicpadel.com\/sv\/product\/adidas-barricade-fmt-all-court\/#primaryimage"},"thumbnailUrl":"https:\/\/nordicpadel.com\/sv\/wp-content\/uploads\/sites\/10\/2025\/11\/7484f4555083cef980e50461bd4553bc.png","datePublished":"2025-11-26T17:55:51+00:00","dateModified":"2025-11-27T15:39:18+00:00","breadcrumb":{"@id":"https:\/\/nordicpadel.com\/sv\/product\/adidas-barricade-fmt-all-court\/#breadcrumb"},"inLanguage":"sv-SE","potentialAction":[{"@type":"ReadAction","target":["https:\/\/nordicpadel.com\/sv\/product\/adidas-barricade-fmt-all-court\/"]}]},{"@type":"ImageObject","inLanguage":"sv-SE","@id":"https:\/\/nordicpadel.com\/sv\/product\/adidas-barricade-fmt-all-court\/#primaryimage","url":"https:\/\/nordicpadel.com\/sv\/wp-content\/uploads\/sites\/10\/2025\/11\/7484f4555083cef980e50461bd4553bc.png","contentUrl":"https:\/\/nordicpadel.com\/sv\/wp-content\/uploads\/sites\/10\/2025\/11\/7484f4555083cef980e50461bd4553bc.png","width":800,"height":800,"caption":"Adidas Barricade FMT All Court"},{"@type":"BreadcrumbList","@id":"https:\/\/nordicpadel.com\/sv\/product\/adidas-barricade-fmt-all-court\/#breadcrumb","itemListElement":[{"@type":"ListItem","position":1,"name":"Hem","item":"https:\/\/nordicpadel.com\/sv\/"},{"@type":"ListItem","position":2,"name":"Shop","item":"https:\/\/nordicpadel.com\/sv\/shop\/"},{"@type":"ListItem","position":3,"name":"Adidas Barricade FMT All Court"}]},{"@type":"WebSite","@id":"https:\/\/nordicpadel.com\/sv\/#website","url":"https:\/\/nordicpadel.com\/sv\/","name":"Nordic Padel","description":"","publisher":{"@id":"https:\/\/nordicpadel.com\/sv\/#organization"},"potentialAction":[{"@type":"SearchAction","target":{"@type":"EntryPoint","urlTemplate":"https:\/\/nordicpadel.com\/sv\/?s={search_term_string}"},"query-input":"required name=search_term_string"}],"inLanguage":"sv-SE"},{"@type":"Organization","@id":"https:\/\/nordicpadel.com\/sv\/#organization","name":"Nordic Padel","url":"https:\/\/nordicpadel.com\/sv\/","logo":{"@type":"ImageObject","inLanguage":"sv-SE","@id":"https:\/\/nordicpadel.com\/sv\/#\/schema\/logo\/image\/","url":"https:\/\/nordicpadel.com\/sv\/wp-content\/uploads\/sites\/10\/2022\/12\/Nordic-Padel-small_1-1.png","contentUrl":"https:\/\/nordicpadel.com\/sv\/wp-content\/uploads\/sites\/10\/2022\/12\/Nordic-Padel-small_1-1.png","width":400,"height":119,"caption":"Nordic Padel"},"image":{"@id":"https:\/\/nordicpadel.com\/sv\/#\/schema\/logo\/image\/"}}]}},"brands":[],"_links":{"self":[{"href":"https:\/\/nordicpadel.com\/sv\/wp-json\/wp\/v2\/product\/93341","targetHints":{"allow":["GET"]}}],"collection":[{"href":"https:\/\/nordicpadel.com\/sv\/wp-json\/wp\/v2\/product"}],"about":[{"href":"https:\/\/nordicpadel.com\/sv\/wp-json\/wp\/v2\/types\/product"}],"replies":[{"embeddable":true,"href":"https:\/\/nordicpadel.com\/sv\/wp-json\/wp\/v2\/comments?post=93341"}],"wp:featuredmedia":[{"embeddable":true,"href":"https:\/\/nordicpadel.com\/sv\/wp-json\/wp\/v2\/media\/93318"}],"wp:attachment":[{"href":"https:\/\/nordicpadel.com\/sv\/wp-json\/wp\/v2\/media?parent=93341"}],"wp:term":[{"taxonomy":"pwb-brand","embeddable":true,"href":"https:\/\/nordicpadel.com\/sv\/wp-json\/wp\/v2\/pwb-brand?post=93341"},{"taxonomy":"product_cat","embeddable":true,"href":"https:\/\/nordicpadel.com\/sv\/wp-json\/wp\/v2\/product_cat?post=93341"},{"taxonomy":"product_tag","embeddable":true,"href":"https:\/\/nordicpadel.com\/sv\/wp-json\/wp\/v2\/product_tag?post=93341"},{"taxonomy":"woo-feed-brand","embeddable":true,"href":"https:\/\/nordicpadel.com\/sv\/wp-json\/wp\/v2\/woo-feed-brand?post=93341"}],"curies":[{"name":"wp","href":"https:\/\/api.w.org\/{rel}","templated":true}]}}