{"id":93305,"date":"2025-11-26T18:55:39","date_gmt":"2025-11-26T17:55:39","guid":{"rendered":"https:\/\/nordicpadel.com\/sv\/product\/wilson-rush-pro-4-0-hope-nyc-allcourt\/"},"modified":"2026-02-20T11:52:46","modified_gmt":"2026-02-20T10:52:46","slug":"wilson-rush-pro-4-0-hope-nyc-allcourt","status":"publish","type":"product","link":"https:\/\/nordicpadel.com\/sv\/product\/wilson-rush-pro-4-0-hope-nyc-allcourt\/","title":{"rendered":"Wilson Rush Pro 4.0 Hope NYC Allcourt"},"content":{"rendered":"<p>Rush Pro 4.0 tar den dynamiska r\u00f6relsen p\u00e5 planen till en ny niv\u00e5 tack vare tv\u00e5 innovationer i mellansulan och yttersulan. En vidareutveckling av Rush Pro 3.5-chassikonstruktionen, 4D Support Chassis 2.0 delar upp chassit i tv\u00e5 delar med dubbla syften: en del g\u00e5r under foten f\u00f6r f\u00f6rb\u00e4ttrat st\u00f6d och framdrivning, medan den andra g\u00e5r lateralt f\u00f6r extra stabilitet och kontroll. I framfoten p\u00e5 mellansulan har Energy Cell en l\u00e4tt EVA-skum som \u00e4r utformat f\u00f6r att optimera \u00f6verf\u00f6ringen av kroppsvikt vid p\u00e5verkan f\u00f6r en mer explosiv framdrivning. Resultatet \u00e4r en sko som tar den popul\u00e4ra Rush Pro-serien till helt nya h\u00f6jder n\u00e4r det g\u00e4ller b\u00e5de design och prestanda. Detta \u00e4r en sko utvecklad f\u00f6r Tennis men Rush Pro serien fr\u00e5n Wilson fungerar \u00e4ven utm\u00e4rkt f\u00f6r padelspel och dess mondogr\u00e4s.<\/p>\n","protected":false},"excerpt":{"rendered":"<p>Rush Pro 4.0 tar den dynamiska r\u00f6relsen p\u00e5 planen till en ny niv\u00e5 tack vare tv\u00e5 innovationer i mellansulan och yttersulan. En vidareutveckling av Rush Pro 3.5-chassikonstruktionen, 4D Support Chassis 2.0 delar upp chassit i tv\u00e5 delar med dubbla syften: en del g\u00e5r under foten f\u00f6r f\u00f6rb\u00e4ttrat st\u00f6d och framdrivning, medan den andra g\u00e5r lateralt [&hellip;]<\/p>\n","protected":false},"featured_media":93294,"comment_status":"open","ping_status":"closed","template":"","meta":[],"pwb-brand":[],"product_cat":[461],"product_tag":[],"woo-feed-brand":[],"class_list":{"0":"post-93305","1":"product","2":"type-product","3":"status-publish","4":"has-post-thumbnail","6":"product_cat-wilson","7":"pa_varumarke-wilson","9":"first","10":"instock","11":"sale","12":"taxable","13":"shipping-taxable","14":"purchasable","15":"product-type-variable"},"bundled_by":[],"bundle_stock_status":"instock","bundle_stock_quantity":1,"bundle_virtual":false,"bundle_layout":"","bundle_add_to_cart_form_location":"","bundle_editable_in_cart":false,"bundle_sold_individually_context":"","bundle_item_grouping":"","bundle_min_size":"","bundle_max_size":"","bundled_items":[],"bundle_sell_ids":[],"acf":[],"yoast_head":"<!-- This site is optimized with the Yoast SEO plugin v23.1 - https:\/\/yoast.com\/wordpress\/plugins\/seo\/ -->\n<title>Wilson Rush Pro 4.0 Hope NYC Allcourt - Nordic Padel<\/title>\n<meta name=\"robots\" content=\"index, follow, max-snippet:-1, max-image-preview:large, max-video-preview:-1\" \/>\n<link rel=\"canonical\" href=\"https:\/\/nordicpadel.com\/sv\/product\/wilson-rush-pro-4-0-hope-nyc-allcourt\/\" \/>\n<meta property=\"og:locale\" content=\"sv_SE\" \/>\n<meta property=\"og:type\" content=\"article\" \/>\n<meta property=\"og:title\" content=\"Wilson Rush Pro 4.0 Hope NYC Allcourt - Nordic Padel\" \/>\n<meta property=\"og:description\" content=\"Rush Pro 4.0 tar den dynamiska r\u00f6relsen p\u00e5 planen till en ny niv\u00e5 tack vare tv\u00e5 innovationer i mellansulan och yttersulan. En vidareutveckling av Rush Pro 3.5-chassikonstruktionen, 4D Support Chassis 2.0 delar upp chassit i tv\u00e5 delar med dubbla syften: en del g\u00e5r under foten f\u00f6r f\u00f6rb\u00e4ttrat st\u00f6d och framdrivning, medan den andra g\u00e5r lateralt [&hellip;]\" \/>\n<meta property=\"og:url\" content=\"https:\/\/nordicpadel.com\/sv\/product\/wilson-rush-pro-4-0-hope-nyc-allcourt\/\" \/>\n<meta property=\"og:site_name\" content=\"Nordic Padel\" \/>\n<meta property=\"article:modified_time\" content=\"2026-02-20T10:52:46+00:00\" \/>\n<meta name=\"twitter:card\" content=\"summary_large_image\" \/>\n<meta name=\"twitter:label1\" content=\"Ber\u00e4knad l\u00e4stid\" \/>\n\t<meta name=\"twitter:data1\" content=\"1 minut\" \/>\n<script type=\"application\/ld+json\" class=\"yoast-schema-graph\">{\"@context\":\"https:\/\/schema.org\",\"@graph\":[{\"@type\":\"WebPage\",\"@id\":\"https:\/\/nordicpadel.com\/sv\/product\/wilson-rush-pro-4-0-hope-nyc-allcourt\/\",\"url\":\"https:\/\/nordicpadel.com\/sv\/product\/wilson-rush-pro-4-0-hope-nyc-allcourt\/\",\"name\":\"Wilson Rush Pro 4.0 Hope NYC Allcourt - Nordic Padel\",\"isPartOf\":{\"@id\":\"https:\/\/nordicpadel.com\/sv\/#website\"},\"primaryImageOfPage\":{\"@id\":\"https:\/\/nordicpadel.com\/sv\/product\/wilson-rush-pro-4-0-hope-nyc-allcourt\/#primaryimage\"},\"image\":{\"@id\":\"https:\/\/nordicpadel.com\/sv\/product\/wilson-rush-pro-4-0-hope-nyc-allcourt\/#primaryimage\"},\"thumbnailUrl\":\"https:\/\/nordicpadel.com\/sv\/wp-content\/uploads\/sites\/10\/2025\/11\/7ef43af0a8c6edfaea983c9271bfadf6.png\",\"datePublished\":\"2025-11-26T17:55:39+00:00\",\"dateModified\":\"2026-02-20T10:52:46+00:00\",\"breadcrumb\":{\"@id\":\"https:\/\/nordicpadel.com\/sv\/product\/wilson-rush-pro-4-0-hope-nyc-allcourt\/#breadcrumb\"},\"inLanguage\":\"sv-SE\",\"potentialAction\":[{\"@type\":\"ReadAction\",\"target\":[\"https:\/\/nordicpadel.com\/sv\/product\/wilson-rush-pro-4-0-hope-nyc-allcourt\/\"]}]},{\"@type\":\"ImageObject\",\"inLanguage\":\"sv-SE\",\"@id\":\"https:\/\/nordicpadel.com\/sv\/product\/wilson-rush-pro-4-0-hope-nyc-allcourt\/#primaryimage\",\"url\":\"https:\/\/nordicpadel.com\/sv\/wp-content\/uploads\/sites\/10\/2025\/11\/7ef43af0a8c6edfaea983c9271bfadf6.png\",\"contentUrl\":\"https:\/\/nordicpadel.com\/sv\/wp-content\/uploads\/sites\/10\/2025\/11\/7ef43af0a8c6edfaea983c9271bfadf6.png\",\"width\":800,\"height\":800,\"caption\":\"Wilson Rush Pro 4.0 Hope NYC Allcourt\"},{\"@type\":\"BreadcrumbList\",\"@id\":\"https:\/\/nordicpadel.com\/sv\/product\/wilson-rush-pro-4-0-hope-nyc-allcourt\/#breadcrumb\",\"itemListElement\":[{\"@type\":\"ListItem\",\"position\":1,\"name\":\"Hem\",\"item\":\"https:\/\/nordicpadel.com\/sv\/\"},{\"@type\":\"ListItem\",\"position\":2,\"name\":\"Shop\",\"item\":\"https:\/\/nordicpadel.com\/sv\/shop\/\"},{\"@type\":\"ListItem\",\"position\":3,\"name\":\"Wilson Rush Pro 4.0 Hope NYC Allcourt\"}]},{\"@type\":\"WebSite\",\"@id\":\"https:\/\/nordicpadel.com\/sv\/#website\",\"url\":\"https:\/\/nordicpadel.com\/sv\/\",\"name\":\"Nordic Padel\",\"description\":\"\",\"publisher\":{\"@id\":\"https:\/\/nordicpadel.com\/sv\/#organization\"},\"potentialAction\":[{\"@type\":\"SearchAction\",\"target\":{\"@type\":\"EntryPoint\",\"urlTemplate\":\"https:\/\/nordicpadel.com\/sv\/?s={search_term_string}\"},\"query-input\":\"required name=search_term_string\"}],\"inLanguage\":\"sv-SE\"},{\"@type\":\"Organization\",\"@id\":\"https:\/\/nordicpadel.com\/sv\/#organization\",\"name\":\"Nordic Padel\",\"url\":\"https:\/\/nordicpadel.com\/sv\/\",\"logo\":{\"@type\":\"ImageObject\",\"inLanguage\":\"sv-SE\",\"@id\":\"https:\/\/nordicpadel.com\/sv\/#\/schema\/logo\/image\/\",\"url\":\"https:\/\/nordicpadel.com\/sv\/wp-content\/uploads\/sites\/10\/2022\/12\/Nordic-Padel-small_1-1.png\",\"contentUrl\":\"https:\/\/nordicpadel.com\/sv\/wp-content\/uploads\/sites\/10\/2022\/12\/Nordic-Padel-small_1-1.png\",\"width\":400,\"height\":119,\"caption\":\"Nordic Padel\"},\"image\":{\"@id\":\"https:\/\/nordicpadel.com\/sv\/#\/schema\/logo\/image\/\"}}]}<\/script>\n<!-- \/ Yoast SEO plugin. -->","yoast_head_json":{"title":"Wilson Rush Pro 4.0 Hope NYC Allcourt - Nordic Padel","robots":{"index":"index","follow":"follow","max-snippet":"max-snippet:-1","max-image-preview":"max-image-preview:large","max-video-preview":"max-video-preview:-1"},"canonical":"https:\/\/nordicpadel.com\/sv\/product\/wilson-rush-pro-4-0-hope-nyc-allcourt\/","og_locale":"sv_SE","og_type":"article","og_title":"Wilson Rush Pro 4.0 Hope NYC Allcourt - Nordic Padel","og_description":"Rush Pro 4.0 tar den dynamiska r\u00f6relsen p\u00e5 planen till en ny niv\u00e5 tack vare tv\u00e5 innovationer i mellansulan och yttersulan. En vidareutveckling av Rush Pro 3.5-chassikonstruktionen, 4D Support Chassis 2.0 delar upp chassit i tv\u00e5 delar med dubbla syften: en del g\u00e5r under foten f\u00f6r f\u00f6rb\u00e4ttrat st\u00f6d och framdrivning, medan den andra g\u00e5r lateralt [&hellip;]","og_url":"https:\/\/nordicpadel.com\/sv\/product\/wilson-rush-pro-4-0-hope-nyc-allcourt\/","og_site_name":"Nordic Padel","article_modified_time":"2026-02-20T10:52:46+00:00","twitter_card":"summary_large_image","twitter_misc":{"Ber\u00e4knad l\u00e4stid":"1 minut"},"schema":{"@context":"https:\/\/schema.org","@graph":[{"@type":"WebPage","@id":"https:\/\/nordicpadel.com\/sv\/product\/wilson-rush-pro-4-0-hope-nyc-allcourt\/","url":"https:\/\/nordicpadel.com\/sv\/product\/wilson-rush-pro-4-0-hope-nyc-allcourt\/","name":"Wilson Rush Pro 4.0 Hope NYC Allcourt - Nordic Padel","isPartOf":{"@id":"https:\/\/nordicpadel.com\/sv\/#website"},"primaryImageOfPage":{"@id":"https:\/\/nordicpadel.com\/sv\/product\/wilson-rush-pro-4-0-hope-nyc-allcourt\/#primaryimage"},"image":{"@id":"https:\/\/nordicpadel.com\/sv\/product\/wilson-rush-pro-4-0-hope-nyc-allcourt\/#primaryimage"},"thumbnailUrl":"https:\/\/nordicpadel.com\/sv\/wp-content\/uploads\/sites\/10\/2025\/11\/7ef43af0a8c6edfaea983c9271bfadf6.png","datePublished":"2025-11-26T17:55:39+00:00","dateModified":"2026-02-20T10:52:46+00:00","breadcrumb":{"@id":"https:\/\/nordicpadel.com\/sv\/product\/wilson-rush-pro-4-0-hope-nyc-allcourt\/#breadcrumb"},"inLanguage":"sv-SE","potentialAction":[{"@type":"ReadAction","target":["https:\/\/nordicpadel.com\/sv\/product\/wilson-rush-pro-4-0-hope-nyc-allcourt\/"]}]},{"@type":"ImageObject","inLanguage":"sv-SE","@id":"https:\/\/nordicpadel.com\/sv\/product\/wilson-rush-pro-4-0-hope-nyc-allcourt\/#primaryimage","url":"https:\/\/nordicpadel.com\/sv\/wp-content\/uploads\/sites\/10\/2025\/11\/7ef43af0a8c6edfaea983c9271bfadf6.png","contentUrl":"https:\/\/nordicpadel.com\/sv\/wp-content\/uploads\/sites\/10\/2025\/11\/7ef43af0a8c6edfaea983c9271bfadf6.png","width":800,"height":800,"caption":"Wilson Rush Pro 4.0 Hope NYC Allcourt"},{"@type":"BreadcrumbList","@id":"https:\/\/nordicpadel.com\/sv\/product\/wilson-rush-pro-4-0-hope-nyc-allcourt\/#breadcrumb","itemListElement":[{"@type":"ListItem","position":1,"name":"Hem","item":"https:\/\/nordicpadel.com\/sv\/"},{"@type":"ListItem","position":2,"name":"Shop","item":"https:\/\/nordicpadel.com\/sv\/shop\/"},{"@type":"ListItem","position":3,"name":"Wilson Rush Pro 4.0 Hope NYC Allcourt"}]},{"@type":"WebSite","@id":"https:\/\/nordicpadel.com\/sv\/#website","url":"https:\/\/nordicpadel.com\/sv\/","name":"Nordic Padel","description":"","publisher":{"@id":"https:\/\/nordicpadel.com\/sv\/#organization"},"potentialAction":[{"@type":"SearchAction","target":{"@type":"EntryPoint","urlTemplate":"https:\/\/nordicpadel.com\/sv\/?s={search_term_string}"},"query-input":"required name=search_term_string"}],"inLanguage":"sv-SE"},{"@type":"Organization","@id":"https:\/\/nordicpadel.com\/sv\/#organization","name":"Nordic Padel","url":"https:\/\/nordicpadel.com\/sv\/","logo":{"@type":"ImageObject","inLanguage":"sv-SE","@id":"https:\/\/nordicpadel.com\/sv\/#\/schema\/logo\/image\/","url":"https:\/\/nordicpadel.com\/sv\/wp-content\/uploads\/sites\/10\/2022\/12\/Nordic-Padel-small_1-1.png","contentUrl":"https:\/\/nordicpadel.com\/sv\/wp-content\/uploads\/sites\/10\/2022\/12\/Nordic-Padel-small_1-1.png","width":400,"height":119,"caption":"Nordic Padel"},"image":{"@id":"https:\/\/nordicpadel.com\/sv\/#\/schema\/logo\/image\/"}}]}},"brands":[],"_links":{"self":[{"href":"https:\/\/nordicpadel.com\/sv\/wp-json\/wp\/v2\/product\/93305","targetHints":{"allow":["GET"]}}],"collection":[{"href":"https:\/\/nordicpadel.com\/sv\/wp-json\/wp\/v2\/product"}],"about":[{"href":"https:\/\/nordicpadel.com\/sv\/wp-json\/wp\/v2\/types\/product"}],"replies":[{"embeddable":true,"href":"https:\/\/nordicpadel.com\/sv\/wp-json\/wp\/v2\/comments?post=93305"}],"wp:featuredmedia":[{"embeddable":true,"href":"https:\/\/nordicpadel.com\/sv\/wp-json\/wp\/v2\/media\/93294"}],"wp:attachment":[{"href":"https:\/\/nordicpadel.com\/sv\/wp-json\/wp\/v2\/media?parent=93305"}],"wp:term":[{"taxonomy":"pwb-brand","embeddable":true,"href":"https:\/\/nordicpadel.com\/sv\/wp-json\/wp\/v2\/pwb-brand?post=93305"},{"taxonomy":"product_cat","embeddable":true,"href":"https:\/\/nordicpadel.com\/sv\/wp-json\/wp\/v2\/product_cat?post=93305"},{"taxonomy":"product_tag","embeddable":true,"href":"https:\/\/nordicpadel.com\/sv\/wp-json\/wp\/v2\/product_tag?post=93305"},{"taxonomy":"woo-feed-brand","embeddable":true,"href":"https:\/\/nordicpadel.com\/sv\/wp-json\/wp\/v2\/woo-feed-brand?post=93305"}],"curies":[{"name":"wp","href":"https:\/\/api.w.org\/{rel}","templated":true}]}}