{"id":93166,"date":"2025-11-26T18:54:44","date_gmt":"2025-11-26T17:54:44","guid":{"rendered":"https:\/\/nordicpadel.com\/sv\/product\/tretorn-champion-strike-red\/"},"modified":"2025-11-27T17:29:51","modified_gmt":"2025-11-27T16:29:51","slug":"tretorn-champion-strike-red","status":"publish","type":"product","link":"https:\/\/nordicpadel.com\/sv\/product\/tretorn-champion-strike-red\/","title":{"rendered":"Tretorn Champion Strike Red"},"content":{"rendered":"<p>Uppt\u00e4ck CHAMPION STRIKE &#8211; Det perfekta racket f\u00f6r den offensiva spelaren! Med en enast\u00e5ende kombination av teknik och material ger detta racket dig kraften att dominera och kontrollen att leverera precisionsslag. L\u00e5t oss dyka in i de imponerande funktionerna som CHAMPION STRIKE har att erbjuda. CHAMPION STRIKE har ett Japanskt 12K kolfiberytskikt som inte bara ger dig en imponerande kraft i dina offensiva slag, utan ocks\u00e5 en djup och energirik respons. Detta ger dig f\u00f6rm\u00e5gan att ta kontroll \u00f6ver spelet och s\u00e4tta din pr\u00e4gel p\u00e5 varje boll. Tillsammans med EVA FLEX-k\u00e4rnan f\u00e5r du en enast\u00e5ende mix av k\u00e4nsla och touch i spelet. Varje tr\u00e4ff k\u00e4nns precist och responsivt, vilket ger dig m\u00f6jlighet att spela med sm\u00e5 marginaler f\u00f6r att beh\u00e5lla kontrollen \u00f6ver spelet. Perfekt f\u00f6r spelare med en exceptionell bolltr\u00e4ff. Racket \u00e4r \u00e4ven utrustat med DUAL-hole m\u00f6nster som optimerar racketens kontaktpunkter, vilket f\u00f6rb\u00e4ttrar m\u00f6jligheten till kontrollerade slag \u00e4ven n\u00e4r du tr\u00e4ffar utanf\u00f6r racketens sweetspot. Resultatet? Konstant kraft och precision som l\u00e5ter dig best\u00e4mma spelets tempo. Dessutom kan du maximera din spinn med v\u00e5r multi-directional 3D dekal f\u00f6r att \u00f6verraska dina motst\u00e5ndare med variation i ditt spel. CHAMPION STRIKE ger dig m\u00f6jligheten att vara m\u00e5ngsidig samt anpassa din spelstil efter varje situation.<\/p>\n","protected":false},"excerpt":{"rendered":"<p>Uppt\u00e4ck CHAMPION STRIKE &#8211; Det perfekta racket f\u00f6r den offensiva spelaren! Med en enast\u00e5ende kombination av teknik och material ger detta racket dig kraften att dominera och kontrollen att leverera precisionsslag. L\u00e5t oss dyka in i de imponerande funktionerna som CHAMPION STRIKE har att erbjuda. CHAMPION STRIKE har ett Japanskt 12K kolfiberytskikt som inte bara [&hellip;]<\/p>\n","protected":false},"featured_media":93155,"comment_status":"open","ping_status":"closed","template":"","meta":[],"pwb-brand":[],"product_cat":[16],"product_tag":[],"woo-feed-brand":[],"class_list":{"0":"post-93166","1":"product","2":"type-product","3":"status-publish","4":"has-post-thumbnail","6":"product_cat-padelracket","7":"pa_varumarke-tretorn","9":"first","10":"instock","11":"sale","12":"taxable","13":"shipping-taxable","14":"purchasable","15":"product-type-simple"},"bundled_by":[],"bundle_stock_status":"instock","bundle_stock_quantity":1,"bundle_virtual":false,"bundle_layout":"","bundle_add_to_cart_form_location":"","bundle_editable_in_cart":false,"bundle_sold_individually_context":"","bundle_item_grouping":"","bundle_min_size":"","bundle_max_size":"","bundled_items":[],"bundle_sell_ids":[],"acf":[],"yoast_head":"<!-- This site is optimized with the Yoast SEO plugin v23.1 - https:\/\/yoast.com\/wordpress\/plugins\/seo\/ -->\n<title>Tretorn Champion Strike Red - Nordic Padel<\/title>\n<meta name=\"robots\" content=\"index, follow, max-snippet:-1, max-image-preview:large, max-video-preview:-1\" \/>\n<link rel=\"canonical\" href=\"https:\/\/nordicpadel.com\/sv\/product\/tretorn-champion-strike-red\/\" \/>\n<meta property=\"og:locale\" content=\"sv_SE\" \/>\n<meta property=\"og:type\" content=\"article\" \/>\n<meta property=\"og:title\" content=\"Tretorn Champion Strike Red - Nordic Padel\" \/>\n<meta property=\"og:description\" content=\"Uppt\u00e4ck CHAMPION STRIKE &#8211; Det perfekta racket f\u00f6r den offensiva spelaren! Med en enast\u00e5ende kombination av teknik och material ger detta racket dig kraften att dominera och kontrollen att leverera precisionsslag. L\u00e5t oss dyka in i de imponerande funktionerna som CHAMPION STRIKE har att erbjuda. CHAMPION STRIKE har ett Japanskt 12K kolfiberytskikt som inte bara [&hellip;]\" \/>\n<meta property=\"og:url\" content=\"https:\/\/nordicpadel.com\/sv\/product\/tretorn-champion-strike-red\/\" \/>\n<meta property=\"og:site_name\" content=\"Nordic Padel\" \/>\n<meta property=\"article:modified_time\" content=\"2025-11-27T16:29:51+00:00\" \/>\n<meta name=\"twitter:card\" content=\"summary_large_image\" \/>\n<meta name=\"twitter:label1\" content=\"Ber\u00e4knad l\u00e4stid\" \/>\n\t<meta name=\"twitter:data1\" content=\"1 minut\" \/>\n<script type=\"application\/ld+json\" class=\"yoast-schema-graph\">{\"@context\":\"https:\/\/schema.org\",\"@graph\":[{\"@type\":\"WebPage\",\"@id\":\"https:\/\/nordicpadel.com\/sv\/product\/tretorn-champion-strike-red\/\",\"url\":\"https:\/\/nordicpadel.com\/sv\/product\/tretorn-champion-strike-red\/\",\"name\":\"Tretorn Champion Strike Red - Nordic Padel\",\"isPartOf\":{\"@id\":\"https:\/\/nordicpadel.com\/sv\/#website\"},\"primaryImageOfPage\":{\"@id\":\"https:\/\/nordicpadel.com\/sv\/product\/tretorn-champion-strike-red\/#primaryimage\"},\"image\":{\"@id\":\"https:\/\/nordicpadel.com\/sv\/product\/tretorn-champion-strike-red\/#primaryimage\"},\"thumbnailUrl\":\"https:\/\/nordicpadel.com\/sv\/wp-content\/uploads\/sites\/10\/2025\/11\/98b30f4a74be7dc5bbf4a28a2a4f54ed.png\",\"datePublished\":\"2025-11-26T17:54:44+00:00\",\"dateModified\":\"2025-11-27T16:29:51+00:00\",\"breadcrumb\":{\"@id\":\"https:\/\/nordicpadel.com\/sv\/product\/tretorn-champion-strike-red\/#breadcrumb\"},\"inLanguage\":\"sv-SE\",\"potentialAction\":[{\"@type\":\"ReadAction\",\"target\":[\"https:\/\/nordicpadel.com\/sv\/product\/tretorn-champion-strike-red\/\"]}]},{\"@type\":\"ImageObject\",\"inLanguage\":\"sv-SE\",\"@id\":\"https:\/\/nordicpadel.com\/sv\/product\/tretorn-champion-strike-red\/#primaryimage\",\"url\":\"https:\/\/nordicpadel.com\/sv\/wp-content\/uploads\/sites\/10\/2025\/11\/98b30f4a74be7dc5bbf4a28a2a4f54ed.png\",\"contentUrl\":\"https:\/\/nordicpadel.com\/sv\/wp-content\/uploads\/sites\/10\/2025\/11\/98b30f4a74be7dc5bbf4a28a2a4f54ed.png\",\"width\":800,\"height\":800,\"caption\":\"Tretorn Champion Strike Red\"},{\"@type\":\"BreadcrumbList\",\"@id\":\"https:\/\/nordicpadel.com\/sv\/product\/tretorn-champion-strike-red\/#breadcrumb\",\"itemListElement\":[{\"@type\":\"ListItem\",\"position\":1,\"name\":\"Hem\",\"item\":\"https:\/\/nordicpadel.com\/sv\/\"},{\"@type\":\"ListItem\",\"position\":2,\"name\":\"Shop\",\"item\":\"https:\/\/nordicpadel.com\/sv\/shop\/\"},{\"@type\":\"ListItem\",\"position\":3,\"name\":\"Tretorn Champion Strike Red\"}]},{\"@type\":\"WebSite\",\"@id\":\"https:\/\/nordicpadel.com\/sv\/#website\",\"url\":\"https:\/\/nordicpadel.com\/sv\/\",\"name\":\"Nordic Padel\",\"description\":\"\",\"publisher\":{\"@id\":\"https:\/\/nordicpadel.com\/sv\/#organization\"},\"potentialAction\":[{\"@type\":\"SearchAction\",\"target\":{\"@type\":\"EntryPoint\",\"urlTemplate\":\"https:\/\/nordicpadel.com\/sv\/?s={search_term_string}\"},\"query-input\":\"required name=search_term_string\"}],\"inLanguage\":\"sv-SE\"},{\"@type\":\"Organization\",\"@id\":\"https:\/\/nordicpadel.com\/sv\/#organization\",\"name\":\"Nordic Padel\",\"url\":\"https:\/\/nordicpadel.com\/sv\/\",\"logo\":{\"@type\":\"ImageObject\",\"inLanguage\":\"sv-SE\",\"@id\":\"https:\/\/nordicpadel.com\/sv\/#\/schema\/logo\/image\/\",\"url\":\"https:\/\/nordicpadel.com\/sv\/wp-content\/uploads\/sites\/10\/2022\/12\/Nordic-Padel-small_1-1.png\",\"contentUrl\":\"https:\/\/nordicpadel.com\/sv\/wp-content\/uploads\/sites\/10\/2022\/12\/Nordic-Padel-small_1-1.png\",\"width\":400,\"height\":119,\"caption\":\"Nordic Padel\"},\"image\":{\"@id\":\"https:\/\/nordicpadel.com\/sv\/#\/schema\/logo\/image\/\"}}]}<\/script>\n<!-- \/ Yoast SEO plugin. -->","yoast_head_json":{"title":"Tretorn Champion Strike Red - Nordic Padel","robots":{"index":"index","follow":"follow","max-snippet":"max-snippet:-1","max-image-preview":"max-image-preview:large","max-video-preview":"max-video-preview:-1"},"canonical":"https:\/\/nordicpadel.com\/sv\/product\/tretorn-champion-strike-red\/","og_locale":"sv_SE","og_type":"article","og_title":"Tretorn Champion Strike Red - Nordic Padel","og_description":"Uppt\u00e4ck CHAMPION STRIKE &#8211; Det perfekta racket f\u00f6r den offensiva spelaren! Med en enast\u00e5ende kombination av teknik och material ger detta racket dig kraften att dominera och kontrollen att leverera precisionsslag. L\u00e5t oss dyka in i de imponerande funktionerna som CHAMPION STRIKE har att erbjuda. CHAMPION STRIKE har ett Japanskt 12K kolfiberytskikt som inte bara [&hellip;]","og_url":"https:\/\/nordicpadel.com\/sv\/product\/tretorn-champion-strike-red\/","og_site_name":"Nordic Padel","article_modified_time":"2025-11-27T16:29:51+00:00","twitter_card":"summary_large_image","twitter_misc":{"Ber\u00e4knad l\u00e4stid":"1 minut"},"schema":{"@context":"https:\/\/schema.org","@graph":[{"@type":"WebPage","@id":"https:\/\/nordicpadel.com\/sv\/product\/tretorn-champion-strike-red\/","url":"https:\/\/nordicpadel.com\/sv\/product\/tretorn-champion-strike-red\/","name":"Tretorn Champion Strike Red - Nordic Padel","isPartOf":{"@id":"https:\/\/nordicpadel.com\/sv\/#website"},"primaryImageOfPage":{"@id":"https:\/\/nordicpadel.com\/sv\/product\/tretorn-champion-strike-red\/#primaryimage"},"image":{"@id":"https:\/\/nordicpadel.com\/sv\/product\/tretorn-champion-strike-red\/#primaryimage"},"thumbnailUrl":"https:\/\/nordicpadel.com\/sv\/wp-content\/uploads\/sites\/10\/2025\/11\/98b30f4a74be7dc5bbf4a28a2a4f54ed.png","datePublished":"2025-11-26T17:54:44+00:00","dateModified":"2025-11-27T16:29:51+00:00","breadcrumb":{"@id":"https:\/\/nordicpadel.com\/sv\/product\/tretorn-champion-strike-red\/#breadcrumb"},"inLanguage":"sv-SE","potentialAction":[{"@type":"ReadAction","target":["https:\/\/nordicpadel.com\/sv\/product\/tretorn-champion-strike-red\/"]}]},{"@type":"ImageObject","inLanguage":"sv-SE","@id":"https:\/\/nordicpadel.com\/sv\/product\/tretorn-champion-strike-red\/#primaryimage","url":"https:\/\/nordicpadel.com\/sv\/wp-content\/uploads\/sites\/10\/2025\/11\/98b30f4a74be7dc5bbf4a28a2a4f54ed.png","contentUrl":"https:\/\/nordicpadel.com\/sv\/wp-content\/uploads\/sites\/10\/2025\/11\/98b30f4a74be7dc5bbf4a28a2a4f54ed.png","width":800,"height":800,"caption":"Tretorn Champion Strike Red"},{"@type":"BreadcrumbList","@id":"https:\/\/nordicpadel.com\/sv\/product\/tretorn-champion-strike-red\/#breadcrumb","itemListElement":[{"@type":"ListItem","position":1,"name":"Hem","item":"https:\/\/nordicpadel.com\/sv\/"},{"@type":"ListItem","position":2,"name":"Shop","item":"https:\/\/nordicpadel.com\/sv\/shop\/"},{"@type":"ListItem","position":3,"name":"Tretorn Champion Strike Red"}]},{"@type":"WebSite","@id":"https:\/\/nordicpadel.com\/sv\/#website","url":"https:\/\/nordicpadel.com\/sv\/","name":"Nordic Padel","description":"","publisher":{"@id":"https:\/\/nordicpadel.com\/sv\/#organization"},"potentialAction":[{"@type":"SearchAction","target":{"@type":"EntryPoint","urlTemplate":"https:\/\/nordicpadel.com\/sv\/?s={search_term_string}"},"query-input":"required name=search_term_string"}],"inLanguage":"sv-SE"},{"@type":"Organization","@id":"https:\/\/nordicpadel.com\/sv\/#organization","name":"Nordic Padel","url":"https:\/\/nordicpadel.com\/sv\/","logo":{"@type":"ImageObject","inLanguage":"sv-SE","@id":"https:\/\/nordicpadel.com\/sv\/#\/schema\/logo\/image\/","url":"https:\/\/nordicpadel.com\/sv\/wp-content\/uploads\/sites\/10\/2022\/12\/Nordic-Padel-small_1-1.png","contentUrl":"https:\/\/nordicpadel.com\/sv\/wp-content\/uploads\/sites\/10\/2022\/12\/Nordic-Padel-small_1-1.png","width":400,"height":119,"caption":"Nordic Padel"},"image":{"@id":"https:\/\/nordicpadel.com\/sv\/#\/schema\/logo\/image\/"}}]}},"brands":[],"_links":{"self":[{"href":"https:\/\/nordicpadel.com\/sv\/wp-json\/wp\/v2\/product\/93166","targetHints":{"allow":["GET"]}}],"collection":[{"href":"https:\/\/nordicpadel.com\/sv\/wp-json\/wp\/v2\/product"}],"about":[{"href":"https:\/\/nordicpadel.com\/sv\/wp-json\/wp\/v2\/types\/product"}],"replies":[{"embeddable":true,"href":"https:\/\/nordicpadel.com\/sv\/wp-json\/wp\/v2\/comments?post=93166"}],"wp:featuredmedia":[{"embeddable":true,"href":"https:\/\/nordicpadel.com\/sv\/wp-json\/wp\/v2\/media\/93155"}],"wp:attachment":[{"href":"https:\/\/nordicpadel.com\/sv\/wp-json\/wp\/v2\/media?parent=93166"}],"wp:term":[{"taxonomy":"pwb-brand","embeddable":true,"href":"https:\/\/nordicpadel.com\/sv\/wp-json\/wp\/v2\/pwb-brand?post=93166"},{"taxonomy":"product_cat","embeddable":true,"href":"https:\/\/nordicpadel.com\/sv\/wp-json\/wp\/v2\/product_cat?post=93166"},{"taxonomy":"product_tag","embeddable":true,"href":"https:\/\/nordicpadel.com\/sv\/wp-json\/wp\/v2\/product_tag?post=93166"},{"taxonomy":"woo-feed-brand","embeddable":true,"href":"https:\/\/nordicpadel.com\/sv\/wp-json\/wp\/v2\/woo-feed-brand?post=93166"}],"curies":[{"name":"wp","href":"https:\/\/api.w.org\/{rel}","templated":true}]}}