{"id":93144,"date":"2025-11-26T18:54:35","date_gmt":"2025-11-26T17:54:35","guid":{"rendered":"https:\/\/nordicpadel.com\/sv\/product\/tretorn-champion-rally-blue\/"},"modified":"2025-11-27T09:07:41","modified_gmt":"2025-11-27T08:07:41","slug":"tretorn-champion-rally-blue","status":"publish","type":"product","link":"https:\/\/nordicpadel.com\/sv\/product\/tretorn-champion-rally-blue\/","title":{"rendered":"Tretorn Champion Rally  Blue"},"content":{"rendered":"<p>CHAMPION RALLY \u00e4r racket som ger dig maximal k\u00e4nsla och kontroll. Utrustat med det avancerade Japanska 12K kolfiberytskiktet vilket ger dig en enast\u00e5ende f\u00f6rm\u00e5ga att leverera en djup och energirik respons i offensiven. Samtidigt garanterar detta skikt en otrolig k\u00e4nsla och touch i spelet med sm\u00e5 marginaler. Oavsett om du utf\u00f6r kraftfulla attacker eller precisionsslag, ger CHAMPION RALLY dig det st\u00f6d du beh\u00f6ver f\u00f6r att bem\u00e4stra varje aspekt av spelet. K\u00e4rnan i racket, EVA COMFORT, ger en otrolig komfort och kombinerat med en centrerad sweetspot levereras h\u00f6g precision och stabilitet i varje tr\u00e4ff. Racket \u00e4r \u00e4ven utrustat med DUAL-hole m\u00f6nster som optimerar racketens kontaktpunkter, vilket f\u00f6rb\u00e4ttrar m\u00f6jligheten till kontrollerade slag \u00e4ven n\u00e4r du tr\u00e4ffar utanf\u00f6r racketens sweetspot. Resultatet? Konstant kontroll, precision samt tillr\u00e4ckligt med fart som l\u00e5ter dig best\u00e4mma spelets tempo. Dessutom har racket en multi-directional 3D dekal, strategiskt utformad f\u00f6r att optimera din spinn f\u00f6r alla typer av slag som ger en ny niv\u00e5 av elegans, vilket f\u00f6rbryllar dina motst\u00e5ndare och h\u00e5ller dem gissande om din n\u00e4sta man\u00f6ver.<\/p>\n","protected":false},"excerpt":{"rendered":"<p>CHAMPION RALLY \u00e4r racket som ger dig maximal k\u00e4nsla och kontroll. Utrustat med det avancerade Japanska 12K kolfiberytskiktet vilket ger dig en enast\u00e5ende f\u00f6rm\u00e5ga att leverera en djup och energirik respons i offensiven. Samtidigt garanterar detta skikt en otrolig k\u00e4nsla och touch i spelet med sm\u00e5 marginaler. Oavsett om du utf\u00f6r kraftfulla attacker eller precisionsslag, [&hellip;]<\/p>\n","protected":false},"featured_media":93137,"comment_status":"open","ping_status":"closed","template":"","meta":[],"pwb-brand":[],"product_cat":[16],"product_tag":[],"woo-feed-brand":[],"class_list":{"0":"post-93144","1":"product","2":"type-product","3":"status-publish","4":"has-post-thumbnail","6":"product_cat-padelracket","7":"pa_varumarke-tretorn","9":"first","10":"outofstock","11":"taxable","12":"shipping-taxable","13":"purchasable","14":"product-type-simple"},"bundled_by":[],"bundle_stock_status":"outofstock","bundle_stock_quantity":0,"bundle_virtual":false,"bundle_layout":"","bundle_add_to_cart_form_location":"","bundle_editable_in_cart":false,"bundle_sold_individually_context":"","bundle_item_grouping":"","bundle_min_size":"","bundle_max_size":"","bundled_items":[],"bundle_sell_ids":[],"acf":[],"yoast_head":"<!-- This site is optimized with the Yoast SEO plugin v23.1 - https:\/\/yoast.com\/wordpress\/plugins\/seo\/ -->\n<title>Tretorn Champion Rally Blue - Nordic Padel<\/title>\n<meta name=\"robots\" content=\"index, follow, max-snippet:-1, max-image-preview:large, max-video-preview:-1\" \/>\n<link rel=\"canonical\" href=\"https:\/\/nordicpadel.com\/sv\/product\/tretorn-champion-rally-blue\/\" \/>\n<meta property=\"og:locale\" content=\"sv_SE\" \/>\n<meta property=\"og:type\" content=\"article\" \/>\n<meta property=\"og:title\" content=\"Tretorn Champion Rally Blue - Nordic Padel\" \/>\n<meta property=\"og:description\" content=\"CHAMPION RALLY \u00e4r racket som ger dig maximal k\u00e4nsla och kontroll. Utrustat med det avancerade Japanska 12K kolfiberytskiktet vilket ger dig en enast\u00e5ende f\u00f6rm\u00e5ga att leverera en djup och energirik respons i offensiven. Samtidigt garanterar detta skikt en otrolig k\u00e4nsla och touch i spelet med sm\u00e5 marginaler. Oavsett om du utf\u00f6r kraftfulla attacker eller precisionsslag, [&hellip;]\" \/>\n<meta property=\"og:url\" content=\"https:\/\/nordicpadel.com\/sv\/product\/tretorn-champion-rally-blue\/\" \/>\n<meta property=\"og:site_name\" content=\"Nordic Padel\" \/>\n<meta property=\"article:modified_time\" content=\"2025-11-27T08:07:41+00:00\" \/>\n<meta name=\"twitter:card\" content=\"summary_large_image\" \/>\n<meta name=\"twitter:label1\" content=\"Ber\u00e4knad l\u00e4stid\" \/>\n\t<meta name=\"twitter:data1\" content=\"1 minut\" \/>\n<script type=\"application\/ld+json\" class=\"yoast-schema-graph\">{\"@context\":\"https:\/\/schema.org\",\"@graph\":[{\"@type\":\"WebPage\",\"@id\":\"https:\/\/nordicpadel.com\/sv\/product\/tretorn-champion-rally-blue\/\",\"url\":\"https:\/\/nordicpadel.com\/sv\/product\/tretorn-champion-rally-blue\/\",\"name\":\"Tretorn Champion Rally Blue - Nordic Padel\",\"isPartOf\":{\"@id\":\"https:\/\/nordicpadel.com\/sv\/#website\"},\"primaryImageOfPage\":{\"@id\":\"https:\/\/nordicpadel.com\/sv\/product\/tretorn-champion-rally-blue\/#primaryimage\"},\"image\":{\"@id\":\"https:\/\/nordicpadel.com\/sv\/product\/tretorn-champion-rally-blue\/#primaryimage\"},\"thumbnailUrl\":\"https:\/\/nordicpadel.com\/sv\/wp-content\/uploads\/sites\/10\/2025\/11\/8bd0ea0a414b123400b7b4a0d9403810.png\",\"datePublished\":\"2025-11-26T17:54:35+00:00\",\"dateModified\":\"2025-11-27T08:07:41+00:00\",\"breadcrumb\":{\"@id\":\"https:\/\/nordicpadel.com\/sv\/product\/tretorn-champion-rally-blue\/#breadcrumb\"},\"inLanguage\":\"sv-SE\",\"potentialAction\":[{\"@type\":\"ReadAction\",\"target\":[\"https:\/\/nordicpadel.com\/sv\/product\/tretorn-champion-rally-blue\/\"]}]},{\"@type\":\"ImageObject\",\"inLanguage\":\"sv-SE\",\"@id\":\"https:\/\/nordicpadel.com\/sv\/product\/tretorn-champion-rally-blue\/#primaryimage\",\"url\":\"https:\/\/nordicpadel.com\/sv\/wp-content\/uploads\/sites\/10\/2025\/11\/8bd0ea0a414b123400b7b4a0d9403810.png\",\"contentUrl\":\"https:\/\/nordicpadel.com\/sv\/wp-content\/uploads\/sites\/10\/2025\/11\/8bd0ea0a414b123400b7b4a0d9403810.png\",\"width\":800,\"height\":800,\"caption\":\"Tretorn Champion Rally Blue\"},{\"@type\":\"BreadcrumbList\",\"@id\":\"https:\/\/nordicpadel.com\/sv\/product\/tretorn-champion-rally-blue\/#breadcrumb\",\"itemListElement\":[{\"@type\":\"ListItem\",\"position\":1,\"name\":\"Hem\",\"item\":\"https:\/\/nordicpadel.com\/sv\/\"},{\"@type\":\"ListItem\",\"position\":2,\"name\":\"Shop\",\"item\":\"https:\/\/nordicpadel.com\/sv\/shop\/\"},{\"@type\":\"ListItem\",\"position\":3,\"name\":\"Tretorn Champion Rally Blue\"}]},{\"@type\":\"WebSite\",\"@id\":\"https:\/\/nordicpadel.com\/sv\/#website\",\"url\":\"https:\/\/nordicpadel.com\/sv\/\",\"name\":\"Nordic Padel\",\"description\":\"\",\"publisher\":{\"@id\":\"https:\/\/nordicpadel.com\/sv\/#organization\"},\"potentialAction\":[{\"@type\":\"SearchAction\",\"target\":{\"@type\":\"EntryPoint\",\"urlTemplate\":\"https:\/\/nordicpadel.com\/sv\/?s={search_term_string}\"},\"query-input\":\"required name=search_term_string\"}],\"inLanguage\":\"sv-SE\"},{\"@type\":\"Organization\",\"@id\":\"https:\/\/nordicpadel.com\/sv\/#organization\",\"name\":\"Nordic Padel\",\"url\":\"https:\/\/nordicpadel.com\/sv\/\",\"logo\":{\"@type\":\"ImageObject\",\"inLanguage\":\"sv-SE\",\"@id\":\"https:\/\/nordicpadel.com\/sv\/#\/schema\/logo\/image\/\",\"url\":\"https:\/\/nordicpadel.com\/sv\/wp-content\/uploads\/sites\/10\/2022\/12\/Nordic-Padel-small_1-1.png\",\"contentUrl\":\"https:\/\/nordicpadel.com\/sv\/wp-content\/uploads\/sites\/10\/2022\/12\/Nordic-Padel-small_1-1.png\",\"width\":400,\"height\":119,\"caption\":\"Nordic Padel\"},\"image\":{\"@id\":\"https:\/\/nordicpadel.com\/sv\/#\/schema\/logo\/image\/\"}}]}<\/script>\n<!-- \/ Yoast SEO plugin. -->","yoast_head_json":{"title":"Tretorn Champion Rally Blue - Nordic Padel","robots":{"index":"index","follow":"follow","max-snippet":"max-snippet:-1","max-image-preview":"max-image-preview:large","max-video-preview":"max-video-preview:-1"},"canonical":"https:\/\/nordicpadel.com\/sv\/product\/tretorn-champion-rally-blue\/","og_locale":"sv_SE","og_type":"article","og_title":"Tretorn Champion Rally Blue - Nordic Padel","og_description":"CHAMPION RALLY \u00e4r racket som ger dig maximal k\u00e4nsla och kontroll. Utrustat med det avancerade Japanska 12K kolfiberytskiktet vilket ger dig en enast\u00e5ende f\u00f6rm\u00e5ga att leverera en djup och energirik respons i offensiven. Samtidigt garanterar detta skikt en otrolig k\u00e4nsla och touch i spelet med sm\u00e5 marginaler. Oavsett om du utf\u00f6r kraftfulla attacker eller precisionsslag, [&hellip;]","og_url":"https:\/\/nordicpadel.com\/sv\/product\/tretorn-champion-rally-blue\/","og_site_name":"Nordic Padel","article_modified_time":"2025-11-27T08:07:41+00:00","twitter_card":"summary_large_image","twitter_misc":{"Ber\u00e4knad l\u00e4stid":"1 minut"},"schema":{"@context":"https:\/\/schema.org","@graph":[{"@type":"WebPage","@id":"https:\/\/nordicpadel.com\/sv\/product\/tretorn-champion-rally-blue\/","url":"https:\/\/nordicpadel.com\/sv\/product\/tretorn-champion-rally-blue\/","name":"Tretorn Champion Rally Blue - Nordic Padel","isPartOf":{"@id":"https:\/\/nordicpadel.com\/sv\/#website"},"primaryImageOfPage":{"@id":"https:\/\/nordicpadel.com\/sv\/product\/tretorn-champion-rally-blue\/#primaryimage"},"image":{"@id":"https:\/\/nordicpadel.com\/sv\/product\/tretorn-champion-rally-blue\/#primaryimage"},"thumbnailUrl":"https:\/\/nordicpadel.com\/sv\/wp-content\/uploads\/sites\/10\/2025\/11\/8bd0ea0a414b123400b7b4a0d9403810.png","datePublished":"2025-11-26T17:54:35+00:00","dateModified":"2025-11-27T08:07:41+00:00","breadcrumb":{"@id":"https:\/\/nordicpadel.com\/sv\/product\/tretorn-champion-rally-blue\/#breadcrumb"},"inLanguage":"sv-SE","potentialAction":[{"@type":"ReadAction","target":["https:\/\/nordicpadel.com\/sv\/product\/tretorn-champion-rally-blue\/"]}]},{"@type":"ImageObject","inLanguage":"sv-SE","@id":"https:\/\/nordicpadel.com\/sv\/product\/tretorn-champion-rally-blue\/#primaryimage","url":"https:\/\/nordicpadel.com\/sv\/wp-content\/uploads\/sites\/10\/2025\/11\/8bd0ea0a414b123400b7b4a0d9403810.png","contentUrl":"https:\/\/nordicpadel.com\/sv\/wp-content\/uploads\/sites\/10\/2025\/11\/8bd0ea0a414b123400b7b4a0d9403810.png","width":800,"height":800,"caption":"Tretorn Champion Rally Blue"},{"@type":"BreadcrumbList","@id":"https:\/\/nordicpadel.com\/sv\/product\/tretorn-champion-rally-blue\/#breadcrumb","itemListElement":[{"@type":"ListItem","position":1,"name":"Hem","item":"https:\/\/nordicpadel.com\/sv\/"},{"@type":"ListItem","position":2,"name":"Shop","item":"https:\/\/nordicpadel.com\/sv\/shop\/"},{"@type":"ListItem","position":3,"name":"Tretorn Champion Rally Blue"}]},{"@type":"WebSite","@id":"https:\/\/nordicpadel.com\/sv\/#website","url":"https:\/\/nordicpadel.com\/sv\/","name":"Nordic Padel","description":"","publisher":{"@id":"https:\/\/nordicpadel.com\/sv\/#organization"},"potentialAction":[{"@type":"SearchAction","target":{"@type":"EntryPoint","urlTemplate":"https:\/\/nordicpadel.com\/sv\/?s={search_term_string}"},"query-input":"required name=search_term_string"}],"inLanguage":"sv-SE"},{"@type":"Organization","@id":"https:\/\/nordicpadel.com\/sv\/#organization","name":"Nordic Padel","url":"https:\/\/nordicpadel.com\/sv\/","logo":{"@type":"ImageObject","inLanguage":"sv-SE","@id":"https:\/\/nordicpadel.com\/sv\/#\/schema\/logo\/image\/","url":"https:\/\/nordicpadel.com\/sv\/wp-content\/uploads\/sites\/10\/2022\/12\/Nordic-Padel-small_1-1.png","contentUrl":"https:\/\/nordicpadel.com\/sv\/wp-content\/uploads\/sites\/10\/2022\/12\/Nordic-Padel-small_1-1.png","width":400,"height":119,"caption":"Nordic Padel"},"image":{"@id":"https:\/\/nordicpadel.com\/sv\/#\/schema\/logo\/image\/"}}]}},"brands":[],"_links":{"self":[{"href":"https:\/\/nordicpadel.com\/sv\/wp-json\/wp\/v2\/product\/93144","targetHints":{"allow":["GET"]}}],"collection":[{"href":"https:\/\/nordicpadel.com\/sv\/wp-json\/wp\/v2\/product"}],"about":[{"href":"https:\/\/nordicpadel.com\/sv\/wp-json\/wp\/v2\/types\/product"}],"replies":[{"embeddable":true,"href":"https:\/\/nordicpadel.com\/sv\/wp-json\/wp\/v2\/comments?post=93144"}],"wp:featuredmedia":[{"embeddable":true,"href":"https:\/\/nordicpadel.com\/sv\/wp-json\/wp\/v2\/media\/93137"}],"wp:attachment":[{"href":"https:\/\/nordicpadel.com\/sv\/wp-json\/wp\/v2\/media?parent=93144"}],"wp:term":[{"taxonomy":"pwb-brand","embeddable":true,"href":"https:\/\/nordicpadel.com\/sv\/wp-json\/wp\/v2\/pwb-brand?post=93144"},{"taxonomy":"product_cat","embeddable":true,"href":"https:\/\/nordicpadel.com\/sv\/wp-json\/wp\/v2\/product_cat?post=93144"},{"taxonomy":"product_tag","embeddable":true,"href":"https:\/\/nordicpadel.com\/sv\/wp-json\/wp\/v2\/product_tag?post=93144"},{"taxonomy":"woo-feed-brand","embeddable":true,"href":"https:\/\/nordicpadel.com\/sv\/wp-json\/wp\/v2\/woo-feed-brand?post=93144"}],"curies":[{"name":"wp","href":"https:\/\/api.w.org\/{rel}","templated":true}]}}