{"id":93143,"date":"2025-11-26T18:54:35","date_gmt":"2025-11-26T17:54:35","guid":{"rendered":"https:\/\/nordicpadel.com\/sv\/product\/tretorn-supreme-rally-tx-light-gold\/"},"modified":"2025-11-27T17:27:20","modified_gmt":"2025-11-27T16:27:20","slug":"tretorn-supreme-rally-tx-light-gold","status":"publish","type":"product","link":"https:\/\/nordicpadel.com\/sv\/product\/tretorn-supreme-rally-tx-light-gold\/","title":{"rendered":"Tretorn Supreme Rally tx Light Gold"},"content":{"rendered":"<p>Lyft ditt padelspel till nya h\u00f6jder med det enast\u00e5ende padelracket SUPREME RALLY TX LIGHT. Racket \u00e4r skr\u00e4ddarsytt f\u00f6r spelare som s\u00f6ker finess och smidighet i ett racket med maximal kontroll och reducerad vikt som g\u00f6r det extra l\u00e4tt att man\u00f6vrera. Racket \u00e4r utrustat med ett 15K kolfiberytskikt fr\u00e5n svenska TeXtreme\u00ae, som \u00e4r ett tunnare, starkare och mer h\u00e5llbart ytskikt som ger en snabbare respons j\u00e4mf\u00f6rt med traditionella kolfiberkonstruktioner. Upplev en ny niv\u00e5 av pestanda och k\u00e4nsla i varje slag, d\u00e5 TeXtreme\u00ae teknologin \u00e4r unik och i en klass f\u00f6r sig. V\u00e5r mjuka k\u00e4rna, EVA COMFORT, ger en mix av innovation och h\u00f6g komfort. Genom att kombinera TeXtreme\u00ae teknologi med EVA COMFORT-k\u00e4rnan uppn\u00e5s en st\u00f6rre centrerad sweetspot som s\u00e4kerst\u00e4ller att varje slag resoneras med kontrollerad kraft och finess. Den reducerade vikten ger dig m\u00f6jligheten att med l\u00e4tthet man\u00f6vrera racket. Racket \u00e4r \u00e4ven utrustat med DUAL-hole m\u00f6nster som optimerar racketens kontaktpunkter, vilket f\u00f6rb\u00e4ttrar m\u00f6jligheten till kontrollerade slag \u00e4ven n\u00e4r du tr\u00e4ffar utanf\u00f6r racketens sweetspot. Resultatet? Konstant kontroll och precision som l\u00e5ter dig best\u00e4mma spelets tempo. Dessutom har racket en multi-directional 3D dekal, strategiskt utformad f\u00f6r att optimera din spinn f\u00f6r alla typer av slag. H\u00f6j din prestation med SUPREME RALLY TX LIGHT \u2013 d\u00e4r innovation, precision och smidig kontroll sammanstr\u00e5lar. Detta racket \u00e4r din nyckel till att l\u00e5sa upp en ny niv\u00e5 av m\u00e4sterlighet p\u00e5 banan, oavsett din skicklighetsniv\u00e5.<\/p>\n","protected":false},"excerpt":{"rendered":"<p>Lyft ditt padelspel till nya h\u00f6jder med det enast\u00e5ende padelracket SUPREME RALLY TX LIGHT. Racket \u00e4r skr\u00e4ddarsytt f\u00f6r spelare som s\u00f6ker finess och smidighet i ett racket med maximal kontroll och reducerad vikt som g\u00f6r det extra l\u00e4tt att man\u00f6vrera. Racket \u00e4r utrustat med ett 15K kolfiberytskikt fr\u00e5n svenska TeXtreme\u00ae, som \u00e4r ett tunnare, starkare [&hellip;]<\/p>\n","protected":false},"featured_media":93135,"comment_status":"open","ping_status":"closed","template":"","meta":[],"pwb-brand":[],"product_cat":[16],"product_tag":[],"woo-feed-brand":[],"class_list":{"0":"post-93143","1":"product","2":"type-product","3":"status-publish","4":"has-post-thumbnail","6":"product_cat-padelracket","7":"pa_varumarke-tretorn","9":"first","10":"outofstock","11":"sale","12":"taxable","13":"shipping-taxable","14":"purchasable","15":"product-type-simple"},"bundled_by":[],"bundle_stock_status":"outofstock","bundle_stock_quantity":0,"bundle_virtual":false,"bundle_layout":"","bundle_add_to_cart_form_location":"","bundle_editable_in_cart":false,"bundle_sold_individually_context":"","bundle_item_grouping":"","bundle_min_size":"","bundle_max_size":"","bundled_items":[],"bundle_sell_ids":[],"acf":[],"yoast_head":"<!-- This site is optimized with the Yoast SEO plugin v23.1 - https:\/\/yoast.com\/wordpress\/plugins\/seo\/ -->\n<title>Tretorn Supreme Rally tx Light Gold - Nordic Padel<\/title>\n<meta name=\"robots\" content=\"index, follow, max-snippet:-1, max-image-preview:large, max-video-preview:-1\" \/>\n<link rel=\"canonical\" href=\"https:\/\/nordicpadel.com\/sv\/product\/tretorn-supreme-rally-tx-light-gold\/\" \/>\n<meta property=\"og:locale\" content=\"sv_SE\" \/>\n<meta property=\"og:type\" content=\"article\" \/>\n<meta property=\"og:title\" content=\"Tretorn Supreme Rally tx Light Gold - Nordic Padel\" \/>\n<meta property=\"og:description\" content=\"Lyft ditt padelspel till nya h\u00f6jder med det enast\u00e5ende padelracket SUPREME RALLY TX LIGHT. Racket \u00e4r skr\u00e4ddarsytt f\u00f6r spelare som s\u00f6ker finess och smidighet i ett racket med maximal kontroll och reducerad vikt som g\u00f6r det extra l\u00e4tt att man\u00f6vrera. Racket \u00e4r utrustat med ett 15K kolfiberytskikt fr\u00e5n svenska TeXtreme\u00ae, som \u00e4r ett tunnare, starkare [&hellip;]\" \/>\n<meta property=\"og:url\" content=\"https:\/\/nordicpadel.com\/sv\/product\/tretorn-supreme-rally-tx-light-gold\/\" \/>\n<meta property=\"og:site_name\" content=\"Nordic Padel\" \/>\n<meta property=\"article:modified_time\" content=\"2025-11-27T16:27:20+00:00\" \/>\n<meta name=\"twitter:card\" content=\"summary_large_image\" \/>\n<meta name=\"twitter:label1\" content=\"Ber\u00e4knad l\u00e4stid\" \/>\n\t<meta name=\"twitter:data1\" content=\"1 minut\" \/>\n<script type=\"application\/ld+json\" class=\"yoast-schema-graph\">{\"@context\":\"https:\/\/schema.org\",\"@graph\":[{\"@type\":\"WebPage\",\"@id\":\"https:\/\/nordicpadel.com\/sv\/product\/tretorn-supreme-rally-tx-light-gold\/\",\"url\":\"https:\/\/nordicpadel.com\/sv\/product\/tretorn-supreme-rally-tx-light-gold\/\",\"name\":\"Tretorn Supreme Rally tx Light Gold - Nordic Padel\",\"isPartOf\":{\"@id\":\"https:\/\/nordicpadel.com\/sv\/#website\"},\"primaryImageOfPage\":{\"@id\":\"https:\/\/nordicpadel.com\/sv\/product\/tretorn-supreme-rally-tx-light-gold\/#primaryimage\"},\"image\":{\"@id\":\"https:\/\/nordicpadel.com\/sv\/product\/tretorn-supreme-rally-tx-light-gold\/#primaryimage\"},\"thumbnailUrl\":\"https:\/\/nordicpadel.com\/sv\/wp-content\/uploads\/sites\/10\/2025\/11\/db0565935f93169e9837c675df3cb6d4.png\",\"datePublished\":\"2025-11-26T17:54:35+00:00\",\"dateModified\":\"2025-11-27T16:27:20+00:00\",\"breadcrumb\":{\"@id\":\"https:\/\/nordicpadel.com\/sv\/product\/tretorn-supreme-rally-tx-light-gold\/#breadcrumb\"},\"inLanguage\":\"sv-SE\",\"potentialAction\":[{\"@type\":\"ReadAction\",\"target\":[\"https:\/\/nordicpadel.com\/sv\/product\/tretorn-supreme-rally-tx-light-gold\/\"]}]},{\"@type\":\"ImageObject\",\"inLanguage\":\"sv-SE\",\"@id\":\"https:\/\/nordicpadel.com\/sv\/product\/tretorn-supreme-rally-tx-light-gold\/#primaryimage\",\"url\":\"https:\/\/nordicpadel.com\/sv\/wp-content\/uploads\/sites\/10\/2025\/11\/db0565935f93169e9837c675df3cb6d4.png\",\"contentUrl\":\"https:\/\/nordicpadel.com\/sv\/wp-content\/uploads\/sites\/10\/2025\/11\/db0565935f93169e9837c675df3cb6d4.png\",\"width\":800,\"height\":800,\"caption\":\"Tretorn Supreme Rally tx Light Gold\"},{\"@type\":\"BreadcrumbList\",\"@id\":\"https:\/\/nordicpadel.com\/sv\/product\/tretorn-supreme-rally-tx-light-gold\/#breadcrumb\",\"itemListElement\":[{\"@type\":\"ListItem\",\"position\":1,\"name\":\"Hem\",\"item\":\"https:\/\/nordicpadel.com\/sv\/\"},{\"@type\":\"ListItem\",\"position\":2,\"name\":\"Shop\",\"item\":\"https:\/\/nordicpadel.com\/sv\/shop\/\"},{\"@type\":\"ListItem\",\"position\":3,\"name\":\"Tretorn Supreme Rally tx Light Gold\"}]},{\"@type\":\"WebSite\",\"@id\":\"https:\/\/nordicpadel.com\/sv\/#website\",\"url\":\"https:\/\/nordicpadel.com\/sv\/\",\"name\":\"Nordic Padel\",\"description\":\"\",\"publisher\":{\"@id\":\"https:\/\/nordicpadel.com\/sv\/#organization\"},\"potentialAction\":[{\"@type\":\"SearchAction\",\"target\":{\"@type\":\"EntryPoint\",\"urlTemplate\":\"https:\/\/nordicpadel.com\/sv\/?s={search_term_string}\"},\"query-input\":\"required name=search_term_string\"}],\"inLanguage\":\"sv-SE\"},{\"@type\":\"Organization\",\"@id\":\"https:\/\/nordicpadel.com\/sv\/#organization\",\"name\":\"Nordic Padel\",\"url\":\"https:\/\/nordicpadel.com\/sv\/\",\"logo\":{\"@type\":\"ImageObject\",\"inLanguage\":\"sv-SE\",\"@id\":\"https:\/\/nordicpadel.com\/sv\/#\/schema\/logo\/image\/\",\"url\":\"https:\/\/nordicpadel.com\/sv\/wp-content\/uploads\/sites\/10\/2022\/12\/Nordic-Padel-small_1-1.png\",\"contentUrl\":\"https:\/\/nordicpadel.com\/sv\/wp-content\/uploads\/sites\/10\/2022\/12\/Nordic-Padel-small_1-1.png\",\"width\":400,\"height\":119,\"caption\":\"Nordic Padel\"},\"image\":{\"@id\":\"https:\/\/nordicpadel.com\/sv\/#\/schema\/logo\/image\/\"}}]}<\/script>\n<!-- \/ Yoast SEO plugin. -->","yoast_head_json":{"title":"Tretorn Supreme Rally tx Light Gold - Nordic Padel","robots":{"index":"index","follow":"follow","max-snippet":"max-snippet:-1","max-image-preview":"max-image-preview:large","max-video-preview":"max-video-preview:-1"},"canonical":"https:\/\/nordicpadel.com\/sv\/product\/tretorn-supreme-rally-tx-light-gold\/","og_locale":"sv_SE","og_type":"article","og_title":"Tretorn Supreme Rally tx Light Gold - Nordic Padel","og_description":"Lyft ditt padelspel till nya h\u00f6jder med det enast\u00e5ende padelracket SUPREME RALLY TX LIGHT. Racket \u00e4r skr\u00e4ddarsytt f\u00f6r spelare som s\u00f6ker finess och smidighet i ett racket med maximal kontroll och reducerad vikt som g\u00f6r det extra l\u00e4tt att man\u00f6vrera. Racket \u00e4r utrustat med ett 15K kolfiberytskikt fr\u00e5n svenska TeXtreme\u00ae, som \u00e4r ett tunnare, starkare [&hellip;]","og_url":"https:\/\/nordicpadel.com\/sv\/product\/tretorn-supreme-rally-tx-light-gold\/","og_site_name":"Nordic Padel","article_modified_time":"2025-11-27T16:27:20+00:00","twitter_card":"summary_large_image","twitter_misc":{"Ber\u00e4knad l\u00e4stid":"1 minut"},"schema":{"@context":"https:\/\/schema.org","@graph":[{"@type":"WebPage","@id":"https:\/\/nordicpadel.com\/sv\/product\/tretorn-supreme-rally-tx-light-gold\/","url":"https:\/\/nordicpadel.com\/sv\/product\/tretorn-supreme-rally-tx-light-gold\/","name":"Tretorn Supreme Rally tx Light Gold - Nordic Padel","isPartOf":{"@id":"https:\/\/nordicpadel.com\/sv\/#website"},"primaryImageOfPage":{"@id":"https:\/\/nordicpadel.com\/sv\/product\/tretorn-supreme-rally-tx-light-gold\/#primaryimage"},"image":{"@id":"https:\/\/nordicpadel.com\/sv\/product\/tretorn-supreme-rally-tx-light-gold\/#primaryimage"},"thumbnailUrl":"https:\/\/nordicpadel.com\/sv\/wp-content\/uploads\/sites\/10\/2025\/11\/db0565935f93169e9837c675df3cb6d4.png","datePublished":"2025-11-26T17:54:35+00:00","dateModified":"2025-11-27T16:27:20+00:00","breadcrumb":{"@id":"https:\/\/nordicpadel.com\/sv\/product\/tretorn-supreme-rally-tx-light-gold\/#breadcrumb"},"inLanguage":"sv-SE","potentialAction":[{"@type":"ReadAction","target":["https:\/\/nordicpadel.com\/sv\/product\/tretorn-supreme-rally-tx-light-gold\/"]}]},{"@type":"ImageObject","inLanguage":"sv-SE","@id":"https:\/\/nordicpadel.com\/sv\/product\/tretorn-supreme-rally-tx-light-gold\/#primaryimage","url":"https:\/\/nordicpadel.com\/sv\/wp-content\/uploads\/sites\/10\/2025\/11\/db0565935f93169e9837c675df3cb6d4.png","contentUrl":"https:\/\/nordicpadel.com\/sv\/wp-content\/uploads\/sites\/10\/2025\/11\/db0565935f93169e9837c675df3cb6d4.png","width":800,"height":800,"caption":"Tretorn Supreme Rally tx Light Gold"},{"@type":"BreadcrumbList","@id":"https:\/\/nordicpadel.com\/sv\/product\/tretorn-supreme-rally-tx-light-gold\/#breadcrumb","itemListElement":[{"@type":"ListItem","position":1,"name":"Hem","item":"https:\/\/nordicpadel.com\/sv\/"},{"@type":"ListItem","position":2,"name":"Shop","item":"https:\/\/nordicpadel.com\/sv\/shop\/"},{"@type":"ListItem","position":3,"name":"Tretorn Supreme Rally tx Light Gold"}]},{"@type":"WebSite","@id":"https:\/\/nordicpadel.com\/sv\/#website","url":"https:\/\/nordicpadel.com\/sv\/","name":"Nordic Padel","description":"","publisher":{"@id":"https:\/\/nordicpadel.com\/sv\/#organization"},"potentialAction":[{"@type":"SearchAction","target":{"@type":"EntryPoint","urlTemplate":"https:\/\/nordicpadel.com\/sv\/?s={search_term_string}"},"query-input":"required name=search_term_string"}],"inLanguage":"sv-SE"},{"@type":"Organization","@id":"https:\/\/nordicpadel.com\/sv\/#organization","name":"Nordic Padel","url":"https:\/\/nordicpadel.com\/sv\/","logo":{"@type":"ImageObject","inLanguage":"sv-SE","@id":"https:\/\/nordicpadel.com\/sv\/#\/schema\/logo\/image\/","url":"https:\/\/nordicpadel.com\/sv\/wp-content\/uploads\/sites\/10\/2022\/12\/Nordic-Padel-small_1-1.png","contentUrl":"https:\/\/nordicpadel.com\/sv\/wp-content\/uploads\/sites\/10\/2022\/12\/Nordic-Padel-small_1-1.png","width":400,"height":119,"caption":"Nordic Padel"},"image":{"@id":"https:\/\/nordicpadel.com\/sv\/#\/schema\/logo\/image\/"}}]}},"brands":[],"_links":{"self":[{"href":"https:\/\/nordicpadel.com\/sv\/wp-json\/wp\/v2\/product\/93143","targetHints":{"allow":["GET"]}}],"collection":[{"href":"https:\/\/nordicpadel.com\/sv\/wp-json\/wp\/v2\/product"}],"about":[{"href":"https:\/\/nordicpadel.com\/sv\/wp-json\/wp\/v2\/types\/product"}],"replies":[{"embeddable":true,"href":"https:\/\/nordicpadel.com\/sv\/wp-json\/wp\/v2\/comments?post=93143"}],"wp:featuredmedia":[{"embeddable":true,"href":"https:\/\/nordicpadel.com\/sv\/wp-json\/wp\/v2\/media\/93135"}],"wp:attachment":[{"href":"https:\/\/nordicpadel.com\/sv\/wp-json\/wp\/v2\/media?parent=93143"}],"wp:term":[{"taxonomy":"pwb-brand","embeddable":true,"href":"https:\/\/nordicpadel.com\/sv\/wp-json\/wp\/v2\/pwb-brand?post=93143"},{"taxonomy":"product_cat","embeddable":true,"href":"https:\/\/nordicpadel.com\/sv\/wp-json\/wp\/v2\/product_cat?post=93143"},{"taxonomy":"product_tag","embeddable":true,"href":"https:\/\/nordicpadel.com\/sv\/wp-json\/wp\/v2\/product_tag?post=93143"},{"taxonomy":"woo-feed-brand","embeddable":true,"href":"https:\/\/nordicpadel.com\/sv\/wp-json\/wp\/v2\/woo-feed-brand?post=93143"}],"curies":[{"name":"wp","href":"https:\/\/api.w.org\/{rel}","templated":true}]}}