{"id":93112,"date":"2025-11-26T18:54:22","date_gmt":"2025-11-26T17:54:22","guid":{"rendered":"https:\/\/nordicpadel.com\/sv\/product\/adidas-adizero-ubersonic-4-1-all-court\/"},"modified":"2026-02-02T23:25:31","modified_gmt":"2026-02-02T22:25:31","slug":"adidas-adizero-ubersonic-4-1-all-court","status":"publish","type":"product","link":"https:\/\/nordicpadel.com\/sv\/product\/adidas-adizero-ubersonic-4-1-all-court\/","title":{"rendered":"Adidas Adizero ubersonic 4.1 All Court"},"content":{"rendered":"<p>Det ultimata uttrycket av hastighet p\u00e5 en tennisplan. De h\u00e4r Adizero Ubersonic-skorna fr\u00e5n adidas har en f\u00f6rst\u00e4rkt och l\u00e4tt ovandel i mesh, som ger stabilitet under extrema sidledsr\u00f6relser. Undertill kombineras en responsiv Lightstrike-mellansula och en greppande Adiwear-yttersula f\u00f6r instinktivt spel p\u00e5 grusbanor. Slitageutsatta partier \u00e4r t\u00e4ckta med en slitstark Adituff-panel i \u00e5tervunnet BOOST-material, s\u00e5 att du kan forts\u00e4tta att ge allt match efter match.<\/p>\n<p>Ovandelen \u00e4r gjord i ett funktionsgarn med minst 50 % Parley Ocean Plastic som best\u00e5r av \u00e5tervunnet plastavfall som samlas in p\u00e5 avl\u00e4gsna \u00f6ar, str\u00e4nder, kustomr\u00e5den och strandlinjer innan det n\u00e5r haven. Resterande 50 % av garnet \u00e4r \u00e5tervunnen polyester.<\/p>\n","protected":false},"excerpt":{"rendered":"<p>Det ultimata uttrycket av hastighet p\u00e5 en tennisplan. De h\u00e4r Adizero Ubersonic-skorna fr\u00e5n adidas har en f\u00f6rst\u00e4rkt och l\u00e4tt ovandel i mesh, som ger stabilitet under extrema sidledsr\u00f6relser. Undertill kombineras en responsiv Lightstrike-mellansula och en greppande Adiwear-yttersula f\u00f6r instinktivt spel p\u00e5 grusbanor. Slitageutsatta partier \u00e4r t\u00e4ckta med en slitstark Adituff-panel i \u00e5tervunnet BOOST-material, s\u00e5 att [&hellip;]<\/p>\n","protected":false},"featured_media":93095,"comment_status":"open","ping_status":"closed","template":"","meta":[],"pwb-brand":[],"product_cat":[458,38],"product_tag":[],"woo-feed-brand":[],"class_list":{"0":"post-93112","1":"product","2":"type-product","3":"status-publish","4":"has-post-thumbnail","6":"product_cat-adidas","7":"product_cat-herr","8":"pa_varumarke-adidas","10":"first","11":"outofstock","12":"sale","13":"taxable","14":"shipping-taxable","15":"purchasable","16":"product-type-variable"},"bundled_by":[],"bundle_stock_status":"outofstock","bundle_stock_quantity":0,"bundle_virtual":false,"bundle_layout":"","bundle_add_to_cart_form_location":"","bundle_editable_in_cart":false,"bundle_sold_individually_context":"","bundle_item_grouping":"","bundle_min_size":"","bundle_max_size":"","bundled_items":[],"bundle_sell_ids":[],"acf":[],"yoast_head":"<!-- This site is optimized with the Yoast SEO plugin v23.1 - https:\/\/yoast.com\/wordpress\/plugins\/seo\/ -->\n<title>Adidas Adizero ubersonic 4.1 All Court - Nordic Padel<\/title>\n<meta name=\"robots\" content=\"index, follow, max-snippet:-1, max-image-preview:large, max-video-preview:-1\" \/>\n<link rel=\"canonical\" href=\"https:\/\/nordicpadel.com\/sv\/product\/adidas-adizero-ubersonic-4-1-all-court\/\" \/>\n<meta property=\"og:locale\" content=\"sv_SE\" \/>\n<meta property=\"og:type\" content=\"article\" \/>\n<meta property=\"og:title\" content=\"Adidas Adizero ubersonic 4.1 All Court - Nordic Padel\" \/>\n<meta property=\"og:description\" content=\"Det ultimata uttrycket av hastighet p\u00e5 en tennisplan. De h\u00e4r Adizero Ubersonic-skorna fr\u00e5n adidas har en f\u00f6rst\u00e4rkt och l\u00e4tt ovandel i mesh, som ger stabilitet under extrema sidledsr\u00f6relser. Undertill kombineras en responsiv Lightstrike-mellansula och en greppande Adiwear-yttersula f\u00f6r instinktivt spel p\u00e5 grusbanor. Slitageutsatta partier \u00e4r t\u00e4ckta med en slitstark Adituff-panel i \u00e5tervunnet BOOST-material, s\u00e5 att [&hellip;]\" \/>\n<meta property=\"og:url\" content=\"https:\/\/nordicpadel.com\/sv\/product\/adidas-adizero-ubersonic-4-1-all-court\/\" \/>\n<meta property=\"og:site_name\" content=\"Nordic Padel\" \/>\n<meta property=\"article:modified_time\" content=\"2026-02-02T22:25:31+00:00\" \/>\n<meta name=\"twitter:card\" content=\"summary_large_image\" \/>\n<meta name=\"twitter:label1\" content=\"Ber\u00e4knad l\u00e4stid\" \/>\n\t<meta name=\"twitter:data1\" content=\"1 minut\" \/>\n<script type=\"application\/ld+json\" class=\"yoast-schema-graph\">{\"@context\":\"https:\/\/schema.org\",\"@graph\":[{\"@type\":\"WebPage\",\"@id\":\"https:\/\/nordicpadel.com\/sv\/product\/adidas-adizero-ubersonic-4-1-all-court\/\",\"url\":\"https:\/\/nordicpadel.com\/sv\/product\/adidas-adizero-ubersonic-4-1-all-court\/\",\"name\":\"Adidas Adizero ubersonic 4.1 All Court - Nordic Padel\",\"isPartOf\":{\"@id\":\"https:\/\/nordicpadel.com\/sv\/#website\"},\"primaryImageOfPage\":{\"@id\":\"https:\/\/nordicpadel.com\/sv\/product\/adidas-adizero-ubersonic-4-1-all-court\/#primaryimage\"},\"image\":{\"@id\":\"https:\/\/nordicpadel.com\/sv\/product\/adidas-adizero-ubersonic-4-1-all-court\/#primaryimage\"},\"thumbnailUrl\":\"https:\/\/nordicpadel.com\/sv\/wp-content\/uploads\/sites\/10\/2025\/11\/973a179d7bb5d81a2c7e35a5d4ad6696.png\",\"datePublished\":\"2025-11-26T17:54:22+00:00\",\"dateModified\":\"2026-02-02T22:25:31+00:00\",\"breadcrumb\":{\"@id\":\"https:\/\/nordicpadel.com\/sv\/product\/adidas-adizero-ubersonic-4-1-all-court\/#breadcrumb\"},\"inLanguage\":\"sv-SE\",\"potentialAction\":[{\"@type\":\"ReadAction\",\"target\":[\"https:\/\/nordicpadel.com\/sv\/product\/adidas-adizero-ubersonic-4-1-all-court\/\"]}]},{\"@type\":\"ImageObject\",\"inLanguage\":\"sv-SE\",\"@id\":\"https:\/\/nordicpadel.com\/sv\/product\/adidas-adizero-ubersonic-4-1-all-court\/#primaryimage\",\"url\":\"https:\/\/nordicpadel.com\/sv\/wp-content\/uploads\/sites\/10\/2025\/11\/973a179d7bb5d81a2c7e35a5d4ad6696.png\",\"contentUrl\":\"https:\/\/nordicpadel.com\/sv\/wp-content\/uploads\/sites\/10\/2025\/11\/973a179d7bb5d81a2c7e35a5d4ad6696.png\",\"width\":800,\"height\":800,\"caption\":\"Adidas Adizero ubersonic 4.1 All Court\"},{\"@type\":\"BreadcrumbList\",\"@id\":\"https:\/\/nordicpadel.com\/sv\/product\/adidas-adizero-ubersonic-4-1-all-court\/#breadcrumb\",\"itemListElement\":[{\"@type\":\"ListItem\",\"position\":1,\"name\":\"Hem\",\"item\":\"https:\/\/nordicpadel.com\/sv\/\"},{\"@type\":\"ListItem\",\"position\":2,\"name\":\"Shop\",\"item\":\"https:\/\/nordicpadel.com\/sv\/shop\/\"},{\"@type\":\"ListItem\",\"position\":3,\"name\":\"Adidas Adizero ubersonic 4.1 All Court\"}]},{\"@type\":\"WebSite\",\"@id\":\"https:\/\/nordicpadel.com\/sv\/#website\",\"url\":\"https:\/\/nordicpadel.com\/sv\/\",\"name\":\"Nordic Padel\",\"description\":\"\",\"publisher\":{\"@id\":\"https:\/\/nordicpadel.com\/sv\/#organization\"},\"potentialAction\":[{\"@type\":\"SearchAction\",\"target\":{\"@type\":\"EntryPoint\",\"urlTemplate\":\"https:\/\/nordicpadel.com\/sv\/?s={search_term_string}\"},\"query-input\":\"required name=search_term_string\"}],\"inLanguage\":\"sv-SE\"},{\"@type\":\"Organization\",\"@id\":\"https:\/\/nordicpadel.com\/sv\/#organization\",\"name\":\"Nordic Padel\",\"url\":\"https:\/\/nordicpadel.com\/sv\/\",\"logo\":{\"@type\":\"ImageObject\",\"inLanguage\":\"sv-SE\",\"@id\":\"https:\/\/nordicpadel.com\/sv\/#\/schema\/logo\/image\/\",\"url\":\"https:\/\/nordicpadel.com\/sv\/wp-content\/uploads\/sites\/10\/2022\/12\/Nordic-Padel-small_1-1.png\",\"contentUrl\":\"https:\/\/nordicpadel.com\/sv\/wp-content\/uploads\/sites\/10\/2022\/12\/Nordic-Padel-small_1-1.png\",\"width\":400,\"height\":119,\"caption\":\"Nordic Padel\"},\"image\":{\"@id\":\"https:\/\/nordicpadel.com\/sv\/#\/schema\/logo\/image\/\"}}]}<\/script>\n<!-- \/ Yoast SEO plugin. -->","yoast_head_json":{"title":"Adidas Adizero ubersonic 4.1 All Court - Nordic Padel","robots":{"index":"index","follow":"follow","max-snippet":"max-snippet:-1","max-image-preview":"max-image-preview:large","max-video-preview":"max-video-preview:-1"},"canonical":"https:\/\/nordicpadel.com\/sv\/product\/adidas-adizero-ubersonic-4-1-all-court\/","og_locale":"sv_SE","og_type":"article","og_title":"Adidas Adizero ubersonic 4.1 All Court - Nordic Padel","og_description":"Det ultimata uttrycket av hastighet p\u00e5 en tennisplan. De h\u00e4r Adizero Ubersonic-skorna fr\u00e5n adidas har en f\u00f6rst\u00e4rkt och l\u00e4tt ovandel i mesh, som ger stabilitet under extrema sidledsr\u00f6relser. Undertill kombineras en responsiv Lightstrike-mellansula och en greppande Adiwear-yttersula f\u00f6r instinktivt spel p\u00e5 grusbanor. Slitageutsatta partier \u00e4r t\u00e4ckta med en slitstark Adituff-panel i \u00e5tervunnet BOOST-material, s\u00e5 att [&hellip;]","og_url":"https:\/\/nordicpadel.com\/sv\/product\/adidas-adizero-ubersonic-4-1-all-court\/","og_site_name":"Nordic Padel","article_modified_time":"2026-02-02T22:25:31+00:00","twitter_card":"summary_large_image","twitter_misc":{"Ber\u00e4knad l\u00e4stid":"1 minut"},"schema":{"@context":"https:\/\/schema.org","@graph":[{"@type":"WebPage","@id":"https:\/\/nordicpadel.com\/sv\/product\/adidas-adizero-ubersonic-4-1-all-court\/","url":"https:\/\/nordicpadel.com\/sv\/product\/adidas-adizero-ubersonic-4-1-all-court\/","name":"Adidas Adizero ubersonic 4.1 All Court - Nordic Padel","isPartOf":{"@id":"https:\/\/nordicpadel.com\/sv\/#website"},"primaryImageOfPage":{"@id":"https:\/\/nordicpadel.com\/sv\/product\/adidas-adizero-ubersonic-4-1-all-court\/#primaryimage"},"image":{"@id":"https:\/\/nordicpadel.com\/sv\/product\/adidas-adizero-ubersonic-4-1-all-court\/#primaryimage"},"thumbnailUrl":"https:\/\/nordicpadel.com\/sv\/wp-content\/uploads\/sites\/10\/2025\/11\/973a179d7bb5d81a2c7e35a5d4ad6696.png","datePublished":"2025-11-26T17:54:22+00:00","dateModified":"2026-02-02T22:25:31+00:00","breadcrumb":{"@id":"https:\/\/nordicpadel.com\/sv\/product\/adidas-adizero-ubersonic-4-1-all-court\/#breadcrumb"},"inLanguage":"sv-SE","potentialAction":[{"@type":"ReadAction","target":["https:\/\/nordicpadel.com\/sv\/product\/adidas-adizero-ubersonic-4-1-all-court\/"]}]},{"@type":"ImageObject","inLanguage":"sv-SE","@id":"https:\/\/nordicpadel.com\/sv\/product\/adidas-adizero-ubersonic-4-1-all-court\/#primaryimage","url":"https:\/\/nordicpadel.com\/sv\/wp-content\/uploads\/sites\/10\/2025\/11\/973a179d7bb5d81a2c7e35a5d4ad6696.png","contentUrl":"https:\/\/nordicpadel.com\/sv\/wp-content\/uploads\/sites\/10\/2025\/11\/973a179d7bb5d81a2c7e35a5d4ad6696.png","width":800,"height":800,"caption":"Adidas Adizero ubersonic 4.1 All Court"},{"@type":"BreadcrumbList","@id":"https:\/\/nordicpadel.com\/sv\/product\/adidas-adizero-ubersonic-4-1-all-court\/#breadcrumb","itemListElement":[{"@type":"ListItem","position":1,"name":"Hem","item":"https:\/\/nordicpadel.com\/sv\/"},{"@type":"ListItem","position":2,"name":"Shop","item":"https:\/\/nordicpadel.com\/sv\/shop\/"},{"@type":"ListItem","position":3,"name":"Adidas Adizero ubersonic 4.1 All Court"}]},{"@type":"WebSite","@id":"https:\/\/nordicpadel.com\/sv\/#website","url":"https:\/\/nordicpadel.com\/sv\/","name":"Nordic Padel","description":"","publisher":{"@id":"https:\/\/nordicpadel.com\/sv\/#organization"},"potentialAction":[{"@type":"SearchAction","target":{"@type":"EntryPoint","urlTemplate":"https:\/\/nordicpadel.com\/sv\/?s={search_term_string}"},"query-input":"required name=search_term_string"}],"inLanguage":"sv-SE"},{"@type":"Organization","@id":"https:\/\/nordicpadel.com\/sv\/#organization","name":"Nordic Padel","url":"https:\/\/nordicpadel.com\/sv\/","logo":{"@type":"ImageObject","inLanguage":"sv-SE","@id":"https:\/\/nordicpadel.com\/sv\/#\/schema\/logo\/image\/","url":"https:\/\/nordicpadel.com\/sv\/wp-content\/uploads\/sites\/10\/2022\/12\/Nordic-Padel-small_1-1.png","contentUrl":"https:\/\/nordicpadel.com\/sv\/wp-content\/uploads\/sites\/10\/2022\/12\/Nordic-Padel-small_1-1.png","width":400,"height":119,"caption":"Nordic Padel"},"image":{"@id":"https:\/\/nordicpadel.com\/sv\/#\/schema\/logo\/image\/"}}]}},"brands":[],"_links":{"self":[{"href":"https:\/\/nordicpadel.com\/sv\/wp-json\/wp\/v2\/product\/93112","targetHints":{"allow":["GET"]}}],"collection":[{"href":"https:\/\/nordicpadel.com\/sv\/wp-json\/wp\/v2\/product"}],"about":[{"href":"https:\/\/nordicpadel.com\/sv\/wp-json\/wp\/v2\/types\/product"}],"replies":[{"embeddable":true,"href":"https:\/\/nordicpadel.com\/sv\/wp-json\/wp\/v2\/comments?post=93112"}],"wp:featuredmedia":[{"embeddable":true,"href":"https:\/\/nordicpadel.com\/sv\/wp-json\/wp\/v2\/media\/93095"}],"wp:attachment":[{"href":"https:\/\/nordicpadel.com\/sv\/wp-json\/wp\/v2\/media?parent=93112"}],"wp:term":[{"taxonomy":"pwb-brand","embeddable":true,"href":"https:\/\/nordicpadel.com\/sv\/wp-json\/wp\/v2\/pwb-brand?post=93112"},{"taxonomy":"product_cat","embeddable":true,"href":"https:\/\/nordicpadel.com\/sv\/wp-json\/wp\/v2\/product_cat?post=93112"},{"taxonomy":"product_tag","embeddable":true,"href":"https:\/\/nordicpadel.com\/sv\/wp-json\/wp\/v2\/product_tag?post=93112"},{"taxonomy":"woo-feed-brand","embeddable":true,"href":"https:\/\/nordicpadel.com\/sv\/wp-json\/wp\/v2\/woo-feed-brand?post=93112"}],"curies":[{"name":"wp","href":"https:\/\/api.w.org\/{rel}","templated":true}]}}