{"id":93104,"date":"2025-11-26T18:54:19","date_gmt":"2025-11-26T17:54:19","guid":{"rendered":"https:\/\/nordicpadel.com\/sv\/product\/adidas-defiant-speed-all-court\/"},"modified":"2026-02-02T23:25:50","modified_gmt":"2026-02-02T22:25:50","slug":"adidas-defiant-speed-all-court","status":"publish","type":"product","link":"https:\/\/nordicpadel.com\/sv\/product\/adidas-defiant-speed-all-court\/","title":{"rendered":"Adidas Defiant Speed All Court"},"content":{"rendered":"<p>Vad \u00e4r po\u00e4ngen med att s\u00e4tta m\u00e5l om du inte kan n\u00e5 dem p\u00e5 rekordtid? De h\u00e4r tennisskorna fr\u00e5n adidas \u00e4r skapade f\u00f6r spelare med h\u00f6ga ambitioner, och de h\u00e5ller dig p\u00e5 t\u00e5rna med en ovandel i l\u00e4tt mesh och en Adiwear-yttersula anpassad f\u00f6r grusplaner. St\u00f6d i mellanfoten ger snabba reaktioner n\u00e4r motst\u00e5ndaren f\u00f6rs\u00f6ker \u00f6verraska dig. Den flexibla Bounce-mellansulan ger smidighet i spurter och sidosteg.<\/p>\n<p>Ovandelen \u00e4r gjord i en serie \u00e5tervunna material och best\u00e5r av minst 50 % \u00e5tervunnet inneh\u00e5ll. Den h\u00e4r produkten \u00e4r en av v\u00e5ra l\u00f6sningar f\u00f6r att bidra till att s\u00e4tta stopp f\u00f6r plastavfallet.<\/p>\n","protected":false},"excerpt":{"rendered":"<p>Vad \u00e4r po\u00e4ngen med att s\u00e4tta m\u00e5l om du inte kan n\u00e5 dem p\u00e5 rekordtid? De h\u00e4r tennisskorna fr\u00e5n adidas \u00e4r skapade f\u00f6r spelare med h\u00f6ga ambitioner, och de h\u00e5ller dig p\u00e5 t\u00e5rna med en ovandel i l\u00e4tt mesh och en Adiwear-yttersula anpassad f\u00f6r grusplaner. St\u00f6d i mellanfoten ger snabba reaktioner n\u00e4r motst\u00e5ndaren f\u00f6rs\u00f6ker \u00f6verraska [&hellip;]<\/p>\n","protected":false},"featured_media":93096,"comment_status":"open","ping_status":"closed","template":"","meta":[],"pwb-brand":[],"product_cat":[458],"product_tag":[],"woo-feed-brand":[],"class_list":{"0":"post-93104","1":"product","2":"type-product","3":"status-publish","4":"has-post-thumbnail","6":"product_cat-adidas","7":"pa_varumarke-adidas","9":"first","10":"outofstock","11":"sale","12":"taxable","13":"shipping-taxable","14":"purchasable","15":"product-type-variable"},"bundled_by":[],"bundle_stock_status":"outofstock","bundle_stock_quantity":0,"bundle_virtual":false,"bundle_layout":"","bundle_add_to_cart_form_location":"","bundle_editable_in_cart":false,"bundle_sold_individually_context":"","bundle_item_grouping":"","bundle_min_size":"","bundle_max_size":"","bundled_items":[],"bundle_sell_ids":[],"acf":[],"yoast_head":"<!-- This site is optimized with the Yoast SEO plugin v23.1 - https:\/\/yoast.com\/wordpress\/plugins\/seo\/ -->\n<title>Adidas Defiant Speed All Court - Nordic Padel<\/title>\n<meta name=\"robots\" content=\"index, follow, max-snippet:-1, max-image-preview:large, max-video-preview:-1\" \/>\n<link rel=\"canonical\" href=\"https:\/\/nordicpadel.com\/sv\/product\/adidas-defiant-speed-all-court\/\" \/>\n<meta property=\"og:locale\" content=\"sv_SE\" \/>\n<meta property=\"og:type\" content=\"article\" \/>\n<meta property=\"og:title\" content=\"Adidas Defiant Speed All Court - Nordic Padel\" \/>\n<meta property=\"og:description\" content=\"Vad \u00e4r po\u00e4ngen med att s\u00e4tta m\u00e5l om du inte kan n\u00e5 dem p\u00e5 rekordtid? De h\u00e4r tennisskorna fr\u00e5n adidas \u00e4r skapade f\u00f6r spelare med h\u00f6ga ambitioner, och de h\u00e5ller dig p\u00e5 t\u00e5rna med en ovandel i l\u00e4tt mesh och en Adiwear-yttersula anpassad f\u00f6r grusplaner. St\u00f6d i mellanfoten ger snabba reaktioner n\u00e4r motst\u00e5ndaren f\u00f6rs\u00f6ker \u00f6verraska [&hellip;]\" \/>\n<meta property=\"og:url\" content=\"https:\/\/nordicpadel.com\/sv\/product\/adidas-defiant-speed-all-court\/\" \/>\n<meta property=\"og:site_name\" content=\"Nordic Padel\" \/>\n<meta property=\"article:modified_time\" content=\"2026-02-02T22:25:50+00:00\" \/>\n<meta name=\"twitter:card\" content=\"summary_large_image\" \/>\n<meta name=\"twitter:label1\" content=\"Ber\u00e4knad l\u00e4stid\" \/>\n\t<meta name=\"twitter:data1\" content=\"1 minut\" \/>\n<script type=\"application\/ld+json\" class=\"yoast-schema-graph\">{\"@context\":\"https:\/\/schema.org\",\"@graph\":[{\"@type\":\"WebPage\",\"@id\":\"https:\/\/nordicpadel.com\/sv\/product\/adidas-defiant-speed-all-court\/\",\"url\":\"https:\/\/nordicpadel.com\/sv\/product\/adidas-defiant-speed-all-court\/\",\"name\":\"Adidas Defiant Speed All Court - Nordic Padel\",\"isPartOf\":{\"@id\":\"https:\/\/nordicpadel.com\/sv\/#website\"},\"primaryImageOfPage\":{\"@id\":\"https:\/\/nordicpadel.com\/sv\/product\/adidas-defiant-speed-all-court\/#primaryimage\"},\"image\":{\"@id\":\"https:\/\/nordicpadel.com\/sv\/product\/adidas-defiant-speed-all-court\/#primaryimage\"},\"thumbnailUrl\":\"https:\/\/nordicpadel.com\/sv\/wp-content\/uploads\/sites\/10\/2025\/11\/bbfd55f7e8e6ba5e996f1d7a727f9951.png\",\"datePublished\":\"2025-11-26T17:54:19+00:00\",\"dateModified\":\"2026-02-02T22:25:50+00:00\",\"breadcrumb\":{\"@id\":\"https:\/\/nordicpadel.com\/sv\/product\/adidas-defiant-speed-all-court\/#breadcrumb\"},\"inLanguage\":\"sv-SE\",\"potentialAction\":[{\"@type\":\"ReadAction\",\"target\":[\"https:\/\/nordicpadel.com\/sv\/product\/adidas-defiant-speed-all-court\/\"]}]},{\"@type\":\"ImageObject\",\"inLanguage\":\"sv-SE\",\"@id\":\"https:\/\/nordicpadel.com\/sv\/product\/adidas-defiant-speed-all-court\/#primaryimage\",\"url\":\"https:\/\/nordicpadel.com\/sv\/wp-content\/uploads\/sites\/10\/2025\/11\/bbfd55f7e8e6ba5e996f1d7a727f9951.png\",\"contentUrl\":\"https:\/\/nordicpadel.com\/sv\/wp-content\/uploads\/sites\/10\/2025\/11\/bbfd55f7e8e6ba5e996f1d7a727f9951.png\",\"width\":800,\"height\":800,\"caption\":\"Adidas Defiant Speed All Court\"},{\"@type\":\"BreadcrumbList\",\"@id\":\"https:\/\/nordicpadel.com\/sv\/product\/adidas-defiant-speed-all-court\/#breadcrumb\",\"itemListElement\":[{\"@type\":\"ListItem\",\"position\":1,\"name\":\"Hem\",\"item\":\"https:\/\/nordicpadel.com\/sv\/\"},{\"@type\":\"ListItem\",\"position\":2,\"name\":\"Shop\",\"item\":\"https:\/\/nordicpadel.com\/sv\/shop\/\"},{\"@type\":\"ListItem\",\"position\":3,\"name\":\"Adidas Defiant Speed All Court\"}]},{\"@type\":\"WebSite\",\"@id\":\"https:\/\/nordicpadel.com\/sv\/#website\",\"url\":\"https:\/\/nordicpadel.com\/sv\/\",\"name\":\"Nordic Padel\",\"description\":\"\",\"publisher\":{\"@id\":\"https:\/\/nordicpadel.com\/sv\/#organization\"},\"potentialAction\":[{\"@type\":\"SearchAction\",\"target\":{\"@type\":\"EntryPoint\",\"urlTemplate\":\"https:\/\/nordicpadel.com\/sv\/?s={search_term_string}\"},\"query-input\":\"required name=search_term_string\"}],\"inLanguage\":\"sv-SE\"},{\"@type\":\"Organization\",\"@id\":\"https:\/\/nordicpadel.com\/sv\/#organization\",\"name\":\"Nordic Padel\",\"url\":\"https:\/\/nordicpadel.com\/sv\/\",\"logo\":{\"@type\":\"ImageObject\",\"inLanguage\":\"sv-SE\",\"@id\":\"https:\/\/nordicpadel.com\/sv\/#\/schema\/logo\/image\/\",\"url\":\"https:\/\/nordicpadel.com\/sv\/wp-content\/uploads\/sites\/10\/2022\/12\/Nordic-Padel-small_1-1.png\",\"contentUrl\":\"https:\/\/nordicpadel.com\/sv\/wp-content\/uploads\/sites\/10\/2022\/12\/Nordic-Padel-small_1-1.png\",\"width\":400,\"height\":119,\"caption\":\"Nordic Padel\"},\"image\":{\"@id\":\"https:\/\/nordicpadel.com\/sv\/#\/schema\/logo\/image\/\"}}]}<\/script>\n<!-- \/ Yoast SEO plugin. -->","yoast_head_json":{"title":"Adidas Defiant Speed All Court - Nordic Padel","robots":{"index":"index","follow":"follow","max-snippet":"max-snippet:-1","max-image-preview":"max-image-preview:large","max-video-preview":"max-video-preview:-1"},"canonical":"https:\/\/nordicpadel.com\/sv\/product\/adidas-defiant-speed-all-court\/","og_locale":"sv_SE","og_type":"article","og_title":"Adidas Defiant Speed All Court - Nordic Padel","og_description":"Vad \u00e4r po\u00e4ngen med att s\u00e4tta m\u00e5l om du inte kan n\u00e5 dem p\u00e5 rekordtid? De h\u00e4r tennisskorna fr\u00e5n adidas \u00e4r skapade f\u00f6r spelare med h\u00f6ga ambitioner, och de h\u00e5ller dig p\u00e5 t\u00e5rna med en ovandel i l\u00e4tt mesh och en Adiwear-yttersula anpassad f\u00f6r grusplaner. St\u00f6d i mellanfoten ger snabba reaktioner n\u00e4r motst\u00e5ndaren f\u00f6rs\u00f6ker \u00f6verraska [&hellip;]","og_url":"https:\/\/nordicpadel.com\/sv\/product\/adidas-defiant-speed-all-court\/","og_site_name":"Nordic Padel","article_modified_time":"2026-02-02T22:25:50+00:00","twitter_card":"summary_large_image","twitter_misc":{"Ber\u00e4knad l\u00e4stid":"1 minut"},"schema":{"@context":"https:\/\/schema.org","@graph":[{"@type":"WebPage","@id":"https:\/\/nordicpadel.com\/sv\/product\/adidas-defiant-speed-all-court\/","url":"https:\/\/nordicpadel.com\/sv\/product\/adidas-defiant-speed-all-court\/","name":"Adidas Defiant Speed All Court - Nordic Padel","isPartOf":{"@id":"https:\/\/nordicpadel.com\/sv\/#website"},"primaryImageOfPage":{"@id":"https:\/\/nordicpadel.com\/sv\/product\/adidas-defiant-speed-all-court\/#primaryimage"},"image":{"@id":"https:\/\/nordicpadel.com\/sv\/product\/adidas-defiant-speed-all-court\/#primaryimage"},"thumbnailUrl":"https:\/\/nordicpadel.com\/sv\/wp-content\/uploads\/sites\/10\/2025\/11\/bbfd55f7e8e6ba5e996f1d7a727f9951.png","datePublished":"2025-11-26T17:54:19+00:00","dateModified":"2026-02-02T22:25:50+00:00","breadcrumb":{"@id":"https:\/\/nordicpadel.com\/sv\/product\/adidas-defiant-speed-all-court\/#breadcrumb"},"inLanguage":"sv-SE","potentialAction":[{"@type":"ReadAction","target":["https:\/\/nordicpadel.com\/sv\/product\/adidas-defiant-speed-all-court\/"]}]},{"@type":"ImageObject","inLanguage":"sv-SE","@id":"https:\/\/nordicpadel.com\/sv\/product\/adidas-defiant-speed-all-court\/#primaryimage","url":"https:\/\/nordicpadel.com\/sv\/wp-content\/uploads\/sites\/10\/2025\/11\/bbfd55f7e8e6ba5e996f1d7a727f9951.png","contentUrl":"https:\/\/nordicpadel.com\/sv\/wp-content\/uploads\/sites\/10\/2025\/11\/bbfd55f7e8e6ba5e996f1d7a727f9951.png","width":800,"height":800,"caption":"Adidas Defiant Speed All Court"},{"@type":"BreadcrumbList","@id":"https:\/\/nordicpadel.com\/sv\/product\/adidas-defiant-speed-all-court\/#breadcrumb","itemListElement":[{"@type":"ListItem","position":1,"name":"Hem","item":"https:\/\/nordicpadel.com\/sv\/"},{"@type":"ListItem","position":2,"name":"Shop","item":"https:\/\/nordicpadel.com\/sv\/shop\/"},{"@type":"ListItem","position":3,"name":"Adidas Defiant Speed All Court"}]},{"@type":"WebSite","@id":"https:\/\/nordicpadel.com\/sv\/#website","url":"https:\/\/nordicpadel.com\/sv\/","name":"Nordic Padel","description":"","publisher":{"@id":"https:\/\/nordicpadel.com\/sv\/#organization"},"potentialAction":[{"@type":"SearchAction","target":{"@type":"EntryPoint","urlTemplate":"https:\/\/nordicpadel.com\/sv\/?s={search_term_string}"},"query-input":"required name=search_term_string"}],"inLanguage":"sv-SE"},{"@type":"Organization","@id":"https:\/\/nordicpadel.com\/sv\/#organization","name":"Nordic Padel","url":"https:\/\/nordicpadel.com\/sv\/","logo":{"@type":"ImageObject","inLanguage":"sv-SE","@id":"https:\/\/nordicpadel.com\/sv\/#\/schema\/logo\/image\/","url":"https:\/\/nordicpadel.com\/sv\/wp-content\/uploads\/sites\/10\/2022\/12\/Nordic-Padel-small_1-1.png","contentUrl":"https:\/\/nordicpadel.com\/sv\/wp-content\/uploads\/sites\/10\/2022\/12\/Nordic-Padel-small_1-1.png","width":400,"height":119,"caption":"Nordic Padel"},"image":{"@id":"https:\/\/nordicpadel.com\/sv\/#\/schema\/logo\/image\/"}}]}},"brands":[],"_links":{"self":[{"href":"https:\/\/nordicpadel.com\/sv\/wp-json\/wp\/v2\/product\/93104","targetHints":{"allow":["GET"]}}],"collection":[{"href":"https:\/\/nordicpadel.com\/sv\/wp-json\/wp\/v2\/product"}],"about":[{"href":"https:\/\/nordicpadel.com\/sv\/wp-json\/wp\/v2\/types\/product"}],"replies":[{"embeddable":true,"href":"https:\/\/nordicpadel.com\/sv\/wp-json\/wp\/v2\/comments?post=93104"}],"wp:featuredmedia":[{"embeddable":true,"href":"https:\/\/nordicpadel.com\/sv\/wp-json\/wp\/v2\/media\/93096"}],"wp:attachment":[{"href":"https:\/\/nordicpadel.com\/sv\/wp-json\/wp\/v2\/media?parent=93104"}],"wp:term":[{"taxonomy":"pwb-brand","embeddable":true,"href":"https:\/\/nordicpadel.com\/sv\/wp-json\/wp\/v2\/pwb-brand?post=93104"},{"taxonomy":"product_cat","embeddable":true,"href":"https:\/\/nordicpadel.com\/sv\/wp-json\/wp\/v2\/product_cat?post=93104"},{"taxonomy":"product_tag","embeddable":true,"href":"https:\/\/nordicpadel.com\/sv\/wp-json\/wp\/v2\/product_tag?post=93104"},{"taxonomy":"woo-feed-brand","embeddable":true,"href":"https:\/\/nordicpadel.com\/sv\/wp-json\/wp\/v2\/woo-feed-brand?post=93104"}],"curies":[{"name":"wp","href":"https:\/\/api.w.org\/{rel}","templated":true}]}}