{"id":93086,"date":"2025-11-26T18:54:13","date_gmt":"2025-11-26T17:54:13","guid":{"rendered":"https:\/\/nordicpadel.com\/sv\/product\/babolat-propulse-fury-3-all-court\/"},"modified":"2026-02-02T23:25:45","modified_gmt":"2026-02-02T22:25:45","slug":"babolat-propulse-fury-3-all-court","status":"publish","type":"product","link":"https:\/\/nordicpadel.com\/sv\/product\/babolat-propulse-fury-3-all-court\/","title":{"rendered":"Babolat Propulse Fury 3 All Court"},"content":{"rendered":"<p>Propulse Fury &#8211; Skon som passar den best\u00e4mda och aggressiva spelaren p\u00e5 banan. Uppdaterad i \u00e5rets upplaga f\u00f6r att erbjuda \u00e4nnu st\u00f6rre komfort, tour niv\u00e5 av support och stabilitet samt f\u00f6rb\u00e4ttrad h\u00e5llbarhet. Propulse Fury \u00e4r designad f\u00f6r h\u00f6gpresterande spelare som kr\u00e4ver mycket av sina skor och ofta sliter ut dem snabbt. Med Propulse Fury kommer du f\u00e5 en f\u00f6rl\u00e4ngd livsl\u00e4ngd p\u00e5 dina skor.<\/p>\n<p>Propulse Fury \u00e4r en kraftfull och h\u00e5llbar sko som rekommenderas f\u00f6r spelare som spelar flera dagar i veckan och st\u00e4ller h\u00f6ga intensiva krav p\u00e5 en sko som kan ge b\u00e5de komfort och h\u00e5llbarhet under l\u00e5nga matcher och tr\u00e4ningar. Med teknologier som Power Belt, 360\u00b0 FIT, Gen Protect, OrthoLite\u00ae och KPRS-X, kommer Propulse Fury ge st\u00f6d, passform, komfort och h\u00e5llbarhet som beh\u00f6vs f\u00f6r att prestera p\u00e5 h\u00f6gsta niv\u00e5 p\u00e5 banan.<\/p>\n<p>\u00c4ven om Propulse Fury \u00e4r en tennissko, fungerar den utm\u00e4rkt f\u00f6r padelspel och p\u00e5 banor med mondogr\u00e4s. Sulan p\u00e5 skon \u00e4r utvecklad tillsammans med Michelin, k\u00e4nda experter inom gummiteknologi, f\u00f6r att \u00f6ka h\u00e5llbarheten ytterligare.<\/p>\n","protected":false},"excerpt":{"rendered":"<p>Propulse Fury &#8211; Skon som passar den best\u00e4mda och aggressiva spelaren p\u00e5 banan. Uppdaterad i \u00e5rets upplaga f\u00f6r att erbjuda \u00e4nnu st\u00f6rre komfort, tour niv\u00e5 av support och stabilitet samt f\u00f6rb\u00e4ttrad h\u00e5llbarhet. Propulse Fury \u00e4r designad f\u00f6r h\u00f6gpresterande spelare som kr\u00e4ver mycket av sina skor och ofta sliter ut dem snabbt. Med Propulse Fury kommer [&hellip;]<\/p>\n","protected":false},"featured_media":93073,"comment_status":"open","ping_status":"closed","template":"","meta":[],"pwb-brand":[],"product_cat":[456,38],"product_tag":[],"woo-feed-brand":[],"class_list":{"0":"post-93086","1":"product","2":"type-product","3":"status-publish","4":"has-post-thumbnail","6":"product_cat-babolat","7":"product_cat-herr","8":"pa_varumarke-babolat","10":"first","11":"outofstock","12":"sale","13":"taxable","14":"shipping-taxable","15":"purchasable","16":"product-type-variable"},"bundled_by":[],"bundle_stock_status":"outofstock","bundle_stock_quantity":0,"bundle_virtual":false,"bundle_layout":"","bundle_add_to_cart_form_location":"","bundle_editable_in_cart":false,"bundle_sold_individually_context":"","bundle_item_grouping":"","bundle_min_size":"","bundle_max_size":"","bundled_items":[],"bundle_sell_ids":[],"acf":[],"yoast_head":"<!-- This site is optimized with the Yoast SEO plugin v23.1 - https:\/\/yoast.com\/wordpress\/plugins\/seo\/ -->\n<title>Babolat Propulse Fury 3 All Court - Nordic Padel<\/title>\n<meta name=\"robots\" content=\"index, follow, max-snippet:-1, max-image-preview:large, max-video-preview:-1\" \/>\n<link rel=\"canonical\" href=\"https:\/\/nordicpadel.com\/sv\/product\/babolat-propulse-fury-3-all-court\/\" \/>\n<meta property=\"og:locale\" content=\"sv_SE\" \/>\n<meta property=\"og:type\" content=\"article\" \/>\n<meta property=\"og:title\" content=\"Babolat Propulse Fury 3 All Court - Nordic Padel\" \/>\n<meta property=\"og:description\" content=\"Propulse Fury &#8211; Skon som passar den best\u00e4mda och aggressiva spelaren p\u00e5 banan. Uppdaterad i \u00e5rets upplaga f\u00f6r att erbjuda \u00e4nnu st\u00f6rre komfort, tour niv\u00e5 av support och stabilitet samt f\u00f6rb\u00e4ttrad h\u00e5llbarhet. Propulse Fury \u00e4r designad f\u00f6r h\u00f6gpresterande spelare som kr\u00e4ver mycket av sina skor och ofta sliter ut dem snabbt. Med Propulse Fury kommer [&hellip;]\" \/>\n<meta property=\"og:url\" content=\"https:\/\/nordicpadel.com\/sv\/product\/babolat-propulse-fury-3-all-court\/\" \/>\n<meta property=\"og:site_name\" content=\"Nordic Padel\" \/>\n<meta property=\"article:modified_time\" content=\"2026-02-02T22:25:45+00:00\" \/>\n<meta name=\"twitter:card\" content=\"summary_large_image\" \/>\n<meta name=\"twitter:label1\" content=\"Ber\u00e4knad l\u00e4stid\" \/>\n\t<meta name=\"twitter:data1\" content=\"1 minut\" \/>\n<script type=\"application\/ld+json\" class=\"yoast-schema-graph\">{\"@context\":\"https:\/\/schema.org\",\"@graph\":[{\"@type\":\"WebPage\",\"@id\":\"https:\/\/nordicpadel.com\/sv\/product\/babolat-propulse-fury-3-all-court\/\",\"url\":\"https:\/\/nordicpadel.com\/sv\/product\/babolat-propulse-fury-3-all-court\/\",\"name\":\"Babolat Propulse Fury 3 All Court - Nordic Padel\",\"isPartOf\":{\"@id\":\"https:\/\/nordicpadel.com\/sv\/#website\"},\"primaryImageOfPage\":{\"@id\":\"https:\/\/nordicpadel.com\/sv\/product\/babolat-propulse-fury-3-all-court\/#primaryimage\"},\"image\":{\"@id\":\"https:\/\/nordicpadel.com\/sv\/product\/babolat-propulse-fury-3-all-court\/#primaryimage\"},\"thumbnailUrl\":\"https:\/\/nordicpadel.com\/sv\/wp-content\/uploads\/sites\/10\/2025\/11\/d5a942c053725851fbaef4fb565f87ec.png\",\"datePublished\":\"2025-11-26T17:54:13+00:00\",\"dateModified\":\"2026-02-02T22:25:45+00:00\",\"breadcrumb\":{\"@id\":\"https:\/\/nordicpadel.com\/sv\/product\/babolat-propulse-fury-3-all-court\/#breadcrumb\"},\"inLanguage\":\"sv-SE\",\"potentialAction\":[{\"@type\":\"ReadAction\",\"target\":[\"https:\/\/nordicpadel.com\/sv\/product\/babolat-propulse-fury-3-all-court\/\"]}]},{\"@type\":\"ImageObject\",\"inLanguage\":\"sv-SE\",\"@id\":\"https:\/\/nordicpadel.com\/sv\/product\/babolat-propulse-fury-3-all-court\/#primaryimage\",\"url\":\"https:\/\/nordicpadel.com\/sv\/wp-content\/uploads\/sites\/10\/2025\/11\/d5a942c053725851fbaef4fb565f87ec.png\",\"contentUrl\":\"https:\/\/nordicpadel.com\/sv\/wp-content\/uploads\/sites\/10\/2025\/11\/d5a942c053725851fbaef4fb565f87ec.png\",\"width\":800,\"height\":800,\"caption\":\"Babolat Propulse Fury 3 All Court\"},{\"@type\":\"BreadcrumbList\",\"@id\":\"https:\/\/nordicpadel.com\/sv\/product\/babolat-propulse-fury-3-all-court\/#breadcrumb\",\"itemListElement\":[{\"@type\":\"ListItem\",\"position\":1,\"name\":\"Hem\",\"item\":\"https:\/\/nordicpadel.com\/sv\/\"},{\"@type\":\"ListItem\",\"position\":2,\"name\":\"Shop\",\"item\":\"https:\/\/nordicpadel.com\/sv\/shop\/\"},{\"@type\":\"ListItem\",\"position\":3,\"name\":\"Babolat Propulse Fury 3 All Court\"}]},{\"@type\":\"WebSite\",\"@id\":\"https:\/\/nordicpadel.com\/sv\/#website\",\"url\":\"https:\/\/nordicpadel.com\/sv\/\",\"name\":\"Nordic Padel\",\"description\":\"\",\"publisher\":{\"@id\":\"https:\/\/nordicpadel.com\/sv\/#organization\"},\"potentialAction\":[{\"@type\":\"SearchAction\",\"target\":{\"@type\":\"EntryPoint\",\"urlTemplate\":\"https:\/\/nordicpadel.com\/sv\/?s={search_term_string}\"},\"query-input\":\"required name=search_term_string\"}],\"inLanguage\":\"sv-SE\"},{\"@type\":\"Organization\",\"@id\":\"https:\/\/nordicpadel.com\/sv\/#organization\",\"name\":\"Nordic Padel\",\"url\":\"https:\/\/nordicpadel.com\/sv\/\",\"logo\":{\"@type\":\"ImageObject\",\"inLanguage\":\"sv-SE\",\"@id\":\"https:\/\/nordicpadel.com\/sv\/#\/schema\/logo\/image\/\",\"url\":\"https:\/\/nordicpadel.com\/sv\/wp-content\/uploads\/sites\/10\/2022\/12\/Nordic-Padel-small_1-1.png\",\"contentUrl\":\"https:\/\/nordicpadel.com\/sv\/wp-content\/uploads\/sites\/10\/2022\/12\/Nordic-Padel-small_1-1.png\",\"width\":400,\"height\":119,\"caption\":\"Nordic Padel\"},\"image\":{\"@id\":\"https:\/\/nordicpadel.com\/sv\/#\/schema\/logo\/image\/\"}}]}<\/script>\n<!-- \/ Yoast SEO plugin. -->","yoast_head_json":{"title":"Babolat Propulse Fury 3 All Court - Nordic Padel","robots":{"index":"index","follow":"follow","max-snippet":"max-snippet:-1","max-image-preview":"max-image-preview:large","max-video-preview":"max-video-preview:-1"},"canonical":"https:\/\/nordicpadel.com\/sv\/product\/babolat-propulse-fury-3-all-court\/","og_locale":"sv_SE","og_type":"article","og_title":"Babolat Propulse Fury 3 All Court - Nordic Padel","og_description":"Propulse Fury &#8211; Skon som passar den best\u00e4mda och aggressiva spelaren p\u00e5 banan. Uppdaterad i \u00e5rets upplaga f\u00f6r att erbjuda \u00e4nnu st\u00f6rre komfort, tour niv\u00e5 av support och stabilitet samt f\u00f6rb\u00e4ttrad h\u00e5llbarhet. Propulse Fury \u00e4r designad f\u00f6r h\u00f6gpresterande spelare som kr\u00e4ver mycket av sina skor och ofta sliter ut dem snabbt. Med Propulse Fury kommer [&hellip;]","og_url":"https:\/\/nordicpadel.com\/sv\/product\/babolat-propulse-fury-3-all-court\/","og_site_name":"Nordic Padel","article_modified_time":"2026-02-02T22:25:45+00:00","twitter_card":"summary_large_image","twitter_misc":{"Ber\u00e4knad l\u00e4stid":"1 minut"},"schema":{"@context":"https:\/\/schema.org","@graph":[{"@type":"WebPage","@id":"https:\/\/nordicpadel.com\/sv\/product\/babolat-propulse-fury-3-all-court\/","url":"https:\/\/nordicpadel.com\/sv\/product\/babolat-propulse-fury-3-all-court\/","name":"Babolat Propulse Fury 3 All Court - Nordic Padel","isPartOf":{"@id":"https:\/\/nordicpadel.com\/sv\/#website"},"primaryImageOfPage":{"@id":"https:\/\/nordicpadel.com\/sv\/product\/babolat-propulse-fury-3-all-court\/#primaryimage"},"image":{"@id":"https:\/\/nordicpadel.com\/sv\/product\/babolat-propulse-fury-3-all-court\/#primaryimage"},"thumbnailUrl":"https:\/\/nordicpadel.com\/sv\/wp-content\/uploads\/sites\/10\/2025\/11\/d5a942c053725851fbaef4fb565f87ec.png","datePublished":"2025-11-26T17:54:13+00:00","dateModified":"2026-02-02T22:25:45+00:00","breadcrumb":{"@id":"https:\/\/nordicpadel.com\/sv\/product\/babolat-propulse-fury-3-all-court\/#breadcrumb"},"inLanguage":"sv-SE","potentialAction":[{"@type":"ReadAction","target":["https:\/\/nordicpadel.com\/sv\/product\/babolat-propulse-fury-3-all-court\/"]}]},{"@type":"ImageObject","inLanguage":"sv-SE","@id":"https:\/\/nordicpadel.com\/sv\/product\/babolat-propulse-fury-3-all-court\/#primaryimage","url":"https:\/\/nordicpadel.com\/sv\/wp-content\/uploads\/sites\/10\/2025\/11\/d5a942c053725851fbaef4fb565f87ec.png","contentUrl":"https:\/\/nordicpadel.com\/sv\/wp-content\/uploads\/sites\/10\/2025\/11\/d5a942c053725851fbaef4fb565f87ec.png","width":800,"height":800,"caption":"Babolat Propulse Fury 3 All Court"},{"@type":"BreadcrumbList","@id":"https:\/\/nordicpadel.com\/sv\/product\/babolat-propulse-fury-3-all-court\/#breadcrumb","itemListElement":[{"@type":"ListItem","position":1,"name":"Hem","item":"https:\/\/nordicpadel.com\/sv\/"},{"@type":"ListItem","position":2,"name":"Shop","item":"https:\/\/nordicpadel.com\/sv\/shop\/"},{"@type":"ListItem","position":3,"name":"Babolat Propulse Fury 3 All Court"}]},{"@type":"WebSite","@id":"https:\/\/nordicpadel.com\/sv\/#website","url":"https:\/\/nordicpadel.com\/sv\/","name":"Nordic Padel","description":"","publisher":{"@id":"https:\/\/nordicpadel.com\/sv\/#organization"},"potentialAction":[{"@type":"SearchAction","target":{"@type":"EntryPoint","urlTemplate":"https:\/\/nordicpadel.com\/sv\/?s={search_term_string}"},"query-input":"required name=search_term_string"}],"inLanguage":"sv-SE"},{"@type":"Organization","@id":"https:\/\/nordicpadel.com\/sv\/#organization","name":"Nordic Padel","url":"https:\/\/nordicpadel.com\/sv\/","logo":{"@type":"ImageObject","inLanguage":"sv-SE","@id":"https:\/\/nordicpadel.com\/sv\/#\/schema\/logo\/image\/","url":"https:\/\/nordicpadel.com\/sv\/wp-content\/uploads\/sites\/10\/2022\/12\/Nordic-Padel-small_1-1.png","contentUrl":"https:\/\/nordicpadel.com\/sv\/wp-content\/uploads\/sites\/10\/2022\/12\/Nordic-Padel-small_1-1.png","width":400,"height":119,"caption":"Nordic Padel"},"image":{"@id":"https:\/\/nordicpadel.com\/sv\/#\/schema\/logo\/image\/"}}]}},"brands":[],"_links":{"self":[{"href":"https:\/\/nordicpadel.com\/sv\/wp-json\/wp\/v2\/product\/93086","targetHints":{"allow":["GET"]}}],"collection":[{"href":"https:\/\/nordicpadel.com\/sv\/wp-json\/wp\/v2\/product"}],"about":[{"href":"https:\/\/nordicpadel.com\/sv\/wp-json\/wp\/v2\/types\/product"}],"replies":[{"embeddable":true,"href":"https:\/\/nordicpadel.com\/sv\/wp-json\/wp\/v2\/comments?post=93086"}],"wp:featuredmedia":[{"embeddable":true,"href":"https:\/\/nordicpadel.com\/sv\/wp-json\/wp\/v2\/media\/93073"}],"wp:attachment":[{"href":"https:\/\/nordicpadel.com\/sv\/wp-json\/wp\/v2\/media?parent=93086"}],"wp:term":[{"taxonomy":"pwb-brand","embeddable":true,"href":"https:\/\/nordicpadel.com\/sv\/wp-json\/wp\/v2\/pwb-brand?post=93086"},{"taxonomy":"product_cat","embeddable":true,"href":"https:\/\/nordicpadel.com\/sv\/wp-json\/wp\/v2\/product_cat?post=93086"},{"taxonomy":"product_tag","embeddable":true,"href":"https:\/\/nordicpadel.com\/sv\/wp-json\/wp\/v2\/product_tag?post=93086"},{"taxonomy":"woo-feed-brand","embeddable":true,"href":"https:\/\/nordicpadel.com\/sv\/wp-json\/wp\/v2\/woo-feed-brand?post=93086"}],"curies":[{"name":"wp","href":"https:\/\/api.w.org\/{rel}","templated":true}]}}