{"id":93068,"date":"2025-11-26T18:54:06","date_gmt":"2025-11-26T17:54:06","guid":{"rendered":"https:\/\/nordicpadel.com\/sv\/product\/siux-diablo-revolution-ii-3k-2\/"},"modified":"2025-11-27T17:29:29","modified_gmt":"2025-11-27T16:29:29","slug":"siux-diablo-revolution-ii-3k-2","status":"publish","type":"product","link":"https:\/\/nordicpadel.com\/sv\/product\/siux-diablo-revolution-ii-3k-2\/","title":{"rendered":"Siux Diablo Revolution II 3K"},"content":{"rendered":"<p>Sanyo Diablo Revolution ll 3K \u00e4r utvecklat tillsammans med Sanyo Guti\u00e9rrez som vid start av 2023 \u00e4r rankad 3a i v\u00e4rlden. Diablo Revolution \u00e4r framtaget efter Sanyos preferenser.<\/p>\n<p>Det h\u00e4r padelracket riktar sig till de mer avancerade och kr\u00e4vande spelarna som letar efter ett kvalit\u00e9tsracket utvecklat f\u00f6r turneringsspel. Padelracket erbjuder med si droppform god kontroll i defensiven men besitter samtidigt egenskaperna f\u00f6r att p\u00e5 ett offensivt s\u00e4tt kunna avg\u00f6ra po\u00e4nger vid n\u00e4tspelet. Tr\u00e4ffytan p\u00e5 den h\u00e4r modellen tillskillnad fr\u00e5n Sanyo Pro \u00e4r att den best\u00e5r av den mer familj\u00e4ra och vanligare tr\u00e4ffytan i 3K kolfbier. Detta resulterar i en kombination av styv tr\u00e4ffyta med en skonsam och bekv\u00e4m bolltr\u00e4ff. Racket har ett spektakul\u00e4rt ljud och en fantastisk touch och kommer garanterat att dra blickarna till sig i padelhallen med sin l\u00e4ckra design med den gr\u00e5vita ramen med f\u00f6rfinade inslag av r\u00f6da detaljer. Sanyos signatur finns \u00e4ven med p\u00e5 padelracket f\u00f6r att skapa ytterligare k\u00e4nsla av exklusivitet och kvalit\u00e9t.<br \/>Snyggt padelracket fr\u00e5n Siux av riktigt h\u00f6g kvalit\u00e9t, f\u00f6r dig som vill sticka ut lite extra p\u00e5 banan.<\/p>\n","protected":false},"excerpt":{"rendered":"<p>Sanyo Diablo Revolution ll 3K \u00e4r utvecklat tillsammans med Sanyo Guti\u00e9rrez som vid start av 2023 \u00e4r rankad 3a i v\u00e4rlden. Diablo Revolution \u00e4r framtaget efter Sanyos preferenser. Det h\u00e4r padelracket riktar sig till de mer avancerade och kr\u00e4vande spelarna som letar efter ett kvalit\u00e9tsracket utvecklat f\u00f6r turneringsspel. Padelracket erbjuder med si droppform god kontroll [&hellip;]<\/p>\n","protected":false},"featured_media":93060,"comment_status":"open","ping_status":"closed","template":"","meta":[],"pwb-brand":[],"product_cat":[475],"product_tag":[],"woo-feed-brand":[],"class_list":{"0":"post-93068","1":"product","2":"type-product","3":"status-publish","4":"has-post-thumbnail","6":"product_cat-siux","7":"pa_varumarke-siux","9":"first","10":"instock","11":"sale","12":"taxable","13":"shipping-taxable","14":"purchasable","15":"product-type-simple"},"bundled_by":[],"bundle_stock_status":"instock","bundle_stock_quantity":1,"bundle_virtual":false,"bundle_layout":"","bundle_add_to_cart_form_location":"","bundle_editable_in_cart":false,"bundle_sold_individually_context":"","bundle_item_grouping":"","bundle_min_size":"","bundle_max_size":"","bundled_items":[],"bundle_sell_ids":[],"acf":[],"yoast_head":"<!-- This site is optimized with the Yoast SEO plugin v23.1 - https:\/\/yoast.com\/wordpress\/plugins\/seo\/ -->\n<title>Siux Diablo Revolution II 3K - Nordic Padel<\/title>\n<meta name=\"robots\" content=\"index, follow, max-snippet:-1, max-image-preview:large, max-video-preview:-1\" \/>\n<link rel=\"canonical\" href=\"https:\/\/nordicpadel.com\/sv\/product\/siux-diablo-revolution-ii-3k-2\/\" \/>\n<meta property=\"og:locale\" content=\"sv_SE\" \/>\n<meta property=\"og:type\" content=\"article\" \/>\n<meta property=\"og:title\" content=\"Siux Diablo Revolution II 3K - Nordic Padel\" \/>\n<meta property=\"og:description\" content=\"Sanyo Diablo Revolution ll 3K \u00e4r utvecklat tillsammans med Sanyo Guti\u00e9rrez som vid start av 2023 \u00e4r rankad 3a i v\u00e4rlden. Diablo Revolution \u00e4r framtaget efter Sanyos preferenser. Det h\u00e4r padelracket riktar sig till de mer avancerade och kr\u00e4vande spelarna som letar efter ett kvalit\u00e9tsracket utvecklat f\u00f6r turneringsspel. Padelracket erbjuder med si droppform god kontroll [&hellip;]\" \/>\n<meta property=\"og:url\" content=\"https:\/\/nordicpadel.com\/sv\/product\/siux-diablo-revolution-ii-3k-2\/\" \/>\n<meta property=\"og:site_name\" content=\"Nordic Padel\" \/>\n<meta property=\"article:modified_time\" content=\"2025-11-27T16:29:29+00:00\" \/>\n<meta name=\"twitter:card\" content=\"summary_large_image\" \/>\n<meta name=\"twitter:label1\" content=\"Ber\u00e4knad l\u00e4stid\" \/>\n\t<meta name=\"twitter:data1\" content=\"1 minut\" \/>\n<script type=\"application\/ld+json\" class=\"yoast-schema-graph\">{\"@context\":\"https:\/\/schema.org\",\"@graph\":[{\"@type\":\"WebPage\",\"@id\":\"https:\/\/nordicpadel.com\/sv\/product\/siux-diablo-revolution-ii-3k-2\/\",\"url\":\"https:\/\/nordicpadel.com\/sv\/product\/siux-diablo-revolution-ii-3k-2\/\",\"name\":\"Siux Diablo Revolution II 3K - Nordic Padel\",\"isPartOf\":{\"@id\":\"https:\/\/nordicpadel.com\/sv\/#website\"},\"primaryImageOfPage\":{\"@id\":\"https:\/\/nordicpadel.com\/sv\/product\/siux-diablo-revolution-ii-3k-2\/#primaryimage\"},\"image\":{\"@id\":\"https:\/\/nordicpadel.com\/sv\/product\/siux-diablo-revolution-ii-3k-2\/#primaryimage\"},\"thumbnailUrl\":\"https:\/\/nordicpadel.com\/sv\/wp-content\/uploads\/sites\/10\/2025\/11\/7a73928e8eae8d30b087c6d1fdcd9c9d.png\",\"datePublished\":\"2025-11-26T17:54:06+00:00\",\"dateModified\":\"2025-11-27T16:29:29+00:00\",\"breadcrumb\":{\"@id\":\"https:\/\/nordicpadel.com\/sv\/product\/siux-diablo-revolution-ii-3k-2\/#breadcrumb\"},\"inLanguage\":\"sv-SE\",\"potentialAction\":[{\"@type\":\"ReadAction\",\"target\":[\"https:\/\/nordicpadel.com\/sv\/product\/siux-diablo-revolution-ii-3k-2\/\"]}]},{\"@type\":\"ImageObject\",\"inLanguage\":\"sv-SE\",\"@id\":\"https:\/\/nordicpadel.com\/sv\/product\/siux-diablo-revolution-ii-3k-2\/#primaryimage\",\"url\":\"https:\/\/nordicpadel.com\/sv\/wp-content\/uploads\/sites\/10\/2025\/11\/7a73928e8eae8d30b087c6d1fdcd9c9d.png\",\"contentUrl\":\"https:\/\/nordicpadel.com\/sv\/wp-content\/uploads\/sites\/10\/2025\/11\/7a73928e8eae8d30b087c6d1fdcd9c9d.png\",\"width\":800,\"height\":800,\"caption\":\"Siux Diablo Revolution II 3K\"},{\"@type\":\"BreadcrumbList\",\"@id\":\"https:\/\/nordicpadel.com\/sv\/product\/siux-diablo-revolution-ii-3k-2\/#breadcrumb\",\"itemListElement\":[{\"@type\":\"ListItem\",\"position\":1,\"name\":\"Hem\",\"item\":\"https:\/\/nordicpadel.com\/sv\/\"},{\"@type\":\"ListItem\",\"position\":2,\"name\":\"Shop\",\"item\":\"https:\/\/nordicpadel.com\/sv\/shop\/\"},{\"@type\":\"ListItem\",\"position\":3,\"name\":\"Siux Diablo Revolution II 3K\"}]},{\"@type\":\"WebSite\",\"@id\":\"https:\/\/nordicpadel.com\/sv\/#website\",\"url\":\"https:\/\/nordicpadel.com\/sv\/\",\"name\":\"Nordic Padel\",\"description\":\"\",\"publisher\":{\"@id\":\"https:\/\/nordicpadel.com\/sv\/#organization\"},\"potentialAction\":[{\"@type\":\"SearchAction\",\"target\":{\"@type\":\"EntryPoint\",\"urlTemplate\":\"https:\/\/nordicpadel.com\/sv\/?s={search_term_string}\"},\"query-input\":\"required name=search_term_string\"}],\"inLanguage\":\"sv-SE\"},{\"@type\":\"Organization\",\"@id\":\"https:\/\/nordicpadel.com\/sv\/#organization\",\"name\":\"Nordic Padel\",\"url\":\"https:\/\/nordicpadel.com\/sv\/\",\"logo\":{\"@type\":\"ImageObject\",\"inLanguage\":\"sv-SE\",\"@id\":\"https:\/\/nordicpadel.com\/sv\/#\/schema\/logo\/image\/\",\"url\":\"https:\/\/nordicpadel.com\/sv\/wp-content\/uploads\/sites\/10\/2022\/12\/Nordic-Padel-small_1-1.png\",\"contentUrl\":\"https:\/\/nordicpadel.com\/sv\/wp-content\/uploads\/sites\/10\/2022\/12\/Nordic-Padel-small_1-1.png\",\"width\":400,\"height\":119,\"caption\":\"Nordic Padel\"},\"image\":{\"@id\":\"https:\/\/nordicpadel.com\/sv\/#\/schema\/logo\/image\/\"}}]}<\/script>\n<!-- \/ Yoast SEO plugin. -->","yoast_head_json":{"title":"Siux Diablo Revolution II 3K - Nordic Padel","robots":{"index":"index","follow":"follow","max-snippet":"max-snippet:-1","max-image-preview":"max-image-preview:large","max-video-preview":"max-video-preview:-1"},"canonical":"https:\/\/nordicpadel.com\/sv\/product\/siux-diablo-revolution-ii-3k-2\/","og_locale":"sv_SE","og_type":"article","og_title":"Siux Diablo Revolution II 3K - Nordic Padel","og_description":"Sanyo Diablo Revolution ll 3K \u00e4r utvecklat tillsammans med Sanyo Guti\u00e9rrez som vid start av 2023 \u00e4r rankad 3a i v\u00e4rlden. Diablo Revolution \u00e4r framtaget efter Sanyos preferenser. Det h\u00e4r padelracket riktar sig till de mer avancerade och kr\u00e4vande spelarna som letar efter ett kvalit\u00e9tsracket utvecklat f\u00f6r turneringsspel. Padelracket erbjuder med si droppform god kontroll [&hellip;]","og_url":"https:\/\/nordicpadel.com\/sv\/product\/siux-diablo-revolution-ii-3k-2\/","og_site_name":"Nordic Padel","article_modified_time":"2025-11-27T16:29:29+00:00","twitter_card":"summary_large_image","twitter_misc":{"Ber\u00e4knad l\u00e4stid":"1 minut"},"schema":{"@context":"https:\/\/schema.org","@graph":[{"@type":"WebPage","@id":"https:\/\/nordicpadel.com\/sv\/product\/siux-diablo-revolution-ii-3k-2\/","url":"https:\/\/nordicpadel.com\/sv\/product\/siux-diablo-revolution-ii-3k-2\/","name":"Siux Diablo Revolution II 3K - Nordic Padel","isPartOf":{"@id":"https:\/\/nordicpadel.com\/sv\/#website"},"primaryImageOfPage":{"@id":"https:\/\/nordicpadel.com\/sv\/product\/siux-diablo-revolution-ii-3k-2\/#primaryimage"},"image":{"@id":"https:\/\/nordicpadel.com\/sv\/product\/siux-diablo-revolution-ii-3k-2\/#primaryimage"},"thumbnailUrl":"https:\/\/nordicpadel.com\/sv\/wp-content\/uploads\/sites\/10\/2025\/11\/7a73928e8eae8d30b087c6d1fdcd9c9d.png","datePublished":"2025-11-26T17:54:06+00:00","dateModified":"2025-11-27T16:29:29+00:00","breadcrumb":{"@id":"https:\/\/nordicpadel.com\/sv\/product\/siux-diablo-revolution-ii-3k-2\/#breadcrumb"},"inLanguage":"sv-SE","potentialAction":[{"@type":"ReadAction","target":["https:\/\/nordicpadel.com\/sv\/product\/siux-diablo-revolution-ii-3k-2\/"]}]},{"@type":"ImageObject","inLanguage":"sv-SE","@id":"https:\/\/nordicpadel.com\/sv\/product\/siux-diablo-revolution-ii-3k-2\/#primaryimage","url":"https:\/\/nordicpadel.com\/sv\/wp-content\/uploads\/sites\/10\/2025\/11\/7a73928e8eae8d30b087c6d1fdcd9c9d.png","contentUrl":"https:\/\/nordicpadel.com\/sv\/wp-content\/uploads\/sites\/10\/2025\/11\/7a73928e8eae8d30b087c6d1fdcd9c9d.png","width":800,"height":800,"caption":"Siux Diablo Revolution II 3K"},{"@type":"BreadcrumbList","@id":"https:\/\/nordicpadel.com\/sv\/product\/siux-diablo-revolution-ii-3k-2\/#breadcrumb","itemListElement":[{"@type":"ListItem","position":1,"name":"Hem","item":"https:\/\/nordicpadel.com\/sv\/"},{"@type":"ListItem","position":2,"name":"Shop","item":"https:\/\/nordicpadel.com\/sv\/shop\/"},{"@type":"ListItem","position":3,"name":"Siux Diablo Revolution II 3K"}]},{"@type":"WebSite","@id":"https:\/\/nordicpadel.com\/sv\/#website","url":"https:\/\/nordicpadel.com\/sv\/","name":"Nordic Padel","description":"","publisher":{"@id":"https:\/\/nordicpadel.com\/sv\/#organization"},"potentialAction":[{"@type":"SearchAction","target":{"@type":"EntryPoint","urlTemplate":"https:\/\/nordicpadel.com\/sv\/?s={search_term_string}"},"query-input":"required name=search_term_string"}],"inLanguage":"sv-SE"},{"@type":"Organization","@id":"https:\/\/nordicpadel.com\/sv\/#organization","name":"Nordic Padel","url":"https:\/\/nordicpadel.com\/sv\/","logo":{"@type":"ImageObject","inLanguage":"sv-SE","@id":"https:\/\/nordicpadel.com\/sv\/#\/schema\/logo\/image\/","url":"https:\/\/nordicpadel.com\/sv\/wp-content\/uploads\/sites\/10\/2022\/12\/Nordic-Padel-small_1-1.png","contentUrl":"https:\/\/nordicpadel.com\/sv\/wp-content\/uploads\/sites\/10\/2022\/12\/Nordic-Padel-small_1-1.png","width":400,"height":119,"caption":"Nordic Padel"},"image":{"@id":"https:\/\/nordicpadel.com\/sv\/#\/schema\/logo\/image\/"}}]}},"brands":[],"_links":{"self":[{"href":"https:\/\/nordicpadel.com\/sv\/wp-json\/wp\/v2\/product\/93068","targetHints":{"allow":["GET"]}}],"collection":[{"href":"https:\/\/nordicpadel.com\/sv\/wp-json\/wp\/v2\/product"}],"about":[{"href":"https:\/\/nordicpadel.com\/sv\/wp-json\/wp\/v2\/types\/product"}],"replies":[{"embeddable":true,"href":"https:\/\/nordicpadel.com\/sv\/wp-json\/wp\/v2\/comments?post=93068"}],"wp:featuredmedia":[{"embeddable":true,"href":"https:\/\/nordicpadel.com\/sv\/wp-json\/wp\/v2\/media\/93060"}],"wp:attachment":[{"href":"https:\/\/nordicpadel.com\/sv\/wp-json\/wp\/v2\/media?parent=93068"}],"wp:term":[{"taxonomy":"pwb-brand","embeddable":true,"href":"https:\/\/nordicpadel.com\/sv\/wp-json\/wp\/v2\/pwb-brand?post=93068"},{"taxonomy":"product_cat","embeddable":true,"href":"https:\/\/nordicpadel.com\/sv\/wp-json\/wp\/v2\/product_cat?post=93068"},{"taxonomy":"product_tag","embeddable":true,"href":"https:\/\/nordicpadel.com\/sv\/wp-json\/wp\/v2\/product_tag?post=93068"},{"taxonomy":"woo-feed-brand","embeddable":true,"href":"https:\/\/nordicpadel.com\/sv\/wp-json\/wp\/v2\/woo-feed-brand?post=93068"}],"curies":[{"name":"wp","href":"https:\/\/api.w.org\/{rel}","templated":true}]}}