{"id":93066,"date":"2025-11-26T18:54:05","date_gmt":"2025-11-26T17:54:05","guid":{"rendered":"https:\/\/nordicpadel.com\/sv\/product\/babolat-jet-tere-all-court\/"},"modified":"2026-02-02T23:25:24","modified_gmt":"2026-02-02T22:25:24","slug":"babolat-jet-tere-all-court","status":"publish","type":"product","link":"https:\/\/nordicpadel.com\/sv\/product\/babolat-jet-tere-all-court\/","title":{"rendered":"Babolat Jet tere All Court"},"content":{"rendered":"<p>Jet Tere \u00e4r en mycket l\u00e4tt sko d\u00e4r st\u00f6rsta fokus \u00e4r smidighet och snabbhet. M\u00e5nga upplever den som mycket sk\u00f6n och att den knappt k\u00e4nns n\u00e4r man b\u00e4r den p\u00e5 f\u00f6tterna.<\/p>\n<p>Skons ovansida \u00e4r tillverkad i ett stycke som aktivt ger st\u00f6d \u00e5t foten samtidigt som det \u00e4r l\u00e4tt och andas bra.<\/p>\n<p>Active Flexion-teknologin \u00e4r Babolats patenterade undersula som \u00e4r uppdaterad i 9 delar. Tack vare detta flexar sulan mer och st\u00f6rre del av sulan har kontakt med marken. Ditt f\u00e4ste blir b\u00e4ttre och f\u00f6rflyttningarna snabbare.<\/p>\n<p>H\u00e4lpartiet \u00e4r ordentligt d\u00e4mpat tack vare Babolats egenutvecklade KPRS-X d\u00e4mpningssystem. H\u00e5rda st\u00f6tar som uppst\u00e5r under spel minimeras och ger en ut\u00f6kad komfort.<\/p>\n<p>Sulan \u00e4r tillverkad av v\u00e5r samarbetspartner Michelin, experter p\u00e5 d\u00e4ck och gummitillverkning, som garanterar en h\u00e5llbar sula med perfekt grepp.<\/p>\n","protected":false},"excerpt":{"rendered":"<p>Jet Tere \u00e4r en mycket l\u00e4tt sko d\u00e4r st\u00f6rsta fokus \u00e4r smidighet och snabbhet. M\u00e5nga upplever den som mycket sk\u00f6n och att den knappt k\u00e4nns n\u00e4r man b\u00e4r den p\u00e5 f\u00f6tterna. Skons ovansida \u00e4r tillverkad i ett stycke som aktivt ger st\u00f6d \u00e5t foten samtidigt som det \u00e4r l\u00e4tt och andas bra. Active Flexion-teknologin \u00e4r [&hellip;]<\/p>\n","protected":false},"featured_media":93059,"comment_status":"open","ping_status":"closed","template":"","meta":[],"pwb-brand":[],"product_cat":[456],"product_tag":[],"woo-feed-brand":[],"class_list":{"0":"post-93066","1":"product","2":"type-product","3":"status-publish","4":"has-post-thumbnail","6":"product_cat-babolat","7":"pa_varumarke-babolat","9":"first","10":"instock","11":"sale","12":"taxable","13":"shipping-taxable","14":"purchasable","15":"product-type-variable"},"bundled_by":[],"bundle_stock_status":"instock","bundle_stock_quantity":1,"bundle_virtual":false,"bundle_layout":"","bundle_add_to_cart_form_location":"","bundle_editable_in_cart":false,"bundle_sold_individually_context":"","bundle_item_grouping":"","bundle_min_size":"","bundle_max_size":"","bundled_items":[],"bundle_sell_ids":[],"acf":[],"yoast_head":"<!-- This site is optimized with the Yoast SEO plugin v23.1 - https:\/\/yoast.com\/wordpress\/plugins\/seo\/ -->\n<title>Babolat Jet tere All Court - Nordic Padel<\/title>\n<meta name=\"robots\" content=\"index, follow, max-snippet:-1, max-image-preview:large, max-video-preview:-1\" \/>\n<link rel=\"canonical\" href=\"https:\/\/nordicpadel.com\/sv\/product\/babolat-jet-tere-all-court\/\" \/>\n<meta property=\"og:locale\" content=\"sv_SE\" \/>\n<meta property=\"og:type\" content=\"article\" \/>\n<meta property=\"og:title\" content=\"Babolat Jet tere All Court - Nordic Padel\" \/>\n<meta property=\"og:description\" content=\"Jet Tere \u00e4r en mycket l\u00e4tt sko d\u00e4r st\u00f6rsta fokus \u00e4r smidighet och snabbhet. M\u00e5nga upplever den som mycket sk\u00f6n och att den knappt k\u00e4nns n\u00e4r man b\u00e4r den p\u00e5 f\u00f6tterna. Skons ovansida \u00e4r tillverkad i ett stycke som aktivt ger st\u00f6d \u00e5t foten samtidigt som det \u00e4r l\u00e4tt och andas bra. Active Flexion-teknologin \u00e4r [&hellip;]\" \/>\n<meta property=\"og:url\" content=\"https:\/\/nordicpadel.com\/sv\/product\/babolat-jet-tere-all-court\/\" \/>\n<meta property=\"og:site_name\" content=\"Nordic Padel\" \/>\n<meta property=\"article:modified_time\" content=\"2026-02-02T22:25:24+00:00\" \/>\n<meta name=\"twitter:card\" content=\"summary_large_image\" \/>\n<meta name=\"twitter:label1\" content=\"Ber\u00e4knad l\u00e4stid\" \/>\n\t<meta name=\"twitter:data1\" content=\"1 minut\" \/>\n<script type=\"application\/ld+json\" class=\"yoast-schema-graph\">{\"@context\":\"https:\/\/schema.org\",\"@graph\":[{\"@type\":\"WebPage\",\"@id\":\"https:\/\/nordicpadel.com\/sv\/product\/babolat-jet-tere-all-court\/\",\"url\":\"https:\/\/nordicpadel.com\/sv\/product\/babolat-jet-tere-all-court\/\",\"name\":\"Babolat Jet tere All Court - Nordic Padel\",\"isPartOf\":{\"@id\":\"https:\/\/nordicpadel.com\/sv\/#website\"},\"primaryImageOfPage\":{\"@id\":\"https:\/\/nordicpadel.com\/sv\/product\/babolat-jet-tere-all-court\/#primaryimage\"},\"image\":{\"@id\":\"https:\/\/nordicpadel.com\/sv\/product\/babolat-jet-tere-all-court\/#primaryimage\"},\"thumbnailUrl\":\"https:\/\/nordicpadel.com\/sv\/wp-content\/uploads\/sites\/10\/2025\/11\/def74cc6570bf3037d2205046da86bd3.png\",\"datePublished\":\"2025-11-26T17:54:05+00:00\",\"dateModified\":\"2026-02-02T22:25:24+00:00\",\"breadcrumb\":{\"@id\":\"https:\/\/nordicpadel.com\/sv\/product\/babolat-jet-tere-all-court\/#breadcrumb\"},\"inLanguage\":\"sv-SE\",\"potentialAction\":[{\"@type\":\"ReadAction\",\"target\":[\"https:\/\/nordicpadel.com\/sv\/product\/babolat-jet-tere-all-court\/\"]}]},{\"@type\":\"ImageObject\",\"inLanguage\":\"sv-SE\",\"@id\":\"https:\/\/nordicpadel.com\/sv\/product\/babolat-jet-tere-all-court\/#primaryimage\",\"url\":\"https:\/\/nordicpadel.com\/sv\/wp-content\/uploads\/sites\/10\/2025\/11\/def74cc6570bf3037d2205046da86bd3.png\",\"contentUrl\":\"https:\/\/nordicpadel.com\/sv\/wp-content\/uploads\/sites\/10\/2025\/11\/def74cc6570bf3037d2205046da86bd3.png\",\"width\":800,\"height\":800,\"caption\":\"Babolat Jet tere All Court\"},{\"@type\":\"BreadcrumbList\",\"@id\":\"https:\/\/nordicpadel.com\/sv\/product\/babolat-jet-tere-all-court\/#breadcrumb\",\"itemListElement\":[{\"@type\":\"ListItem\",\"position\":1,\"name\":\"Hem\",\"item\":\"https:\/\/nordicpadel.com\/sv\/\"},{\"@type\":\"ListItem\",\"position\":2,\"name\":\"Shop\",\"item\":\"https:\/\/nordicpadel.com\/sv\/shop\/\"},{\"@type\":\"ListItem\",\"position\":3,\"name\":\"Babolat Jet tere All Court\"}]},{\"@type\":\"WebSite\",\"@id\":\"https:\/\/nordicpadel.com\/sv\/#website\",\"url\":\"https:\/\/nordicpadel.com\/sv\/\",\"name\":\"Nordic Padel\",\"description\":\"\",\"publisher\":{\"@id\":\"https:\/\/nordicpadel.com\/sv\/#organization\"},\"potentialAction\":[{\"@type\":\"SearchAction\",\"target\":{\"@type\":\"EntryPoint\",\"urlTemplate\":\"https:\/\/nordicpadel.com\/sv\/?s={search_term_string}\"},\"query-input\":\"required name=search_term_string\"}],\"inLanguage\":\"sv-SE\"},{\"@type\":\"Organization\",\"@id\":\"https:\/\/nordicpadel.com\/sv\/#organization\",\"name\":\"Nordic Padel\",\"url\":\"https:\/\/nordicpadel.com\/sv\/\",\"logo\":{\"@type\":\"ImageObject\",\"inLanguage\":\"sv-SE\",\"@id\":\"https:\/\/nordicpadel.com\/sv\/#\/schema\/logo\/image\/\",\"url\":\"https:\/\/nordicpadel.com\/sv\/wp-content\/uploads\/sites\/10\/2022\/12\/Nordic-Padel-small_1-1.png\",\"contentUrl\":\"https:\/\/nordicpadel.com\/sv\/wp-content\/uploads\/sites\/10\/2022\/12\/Nordic-Padel-small_1-1.png\",\"width\":400,\"height\":119,\"caption\":\"Nordic Padel\"},\"image\":{\"@id\":\"https:\/\/nordicpadel.com\/sv\/#\/schema\/logo\/image\/\"}}]}<\/script>\n<!-- \/ Yoast SEO plugin. -->","yoast_head_json":{"title":"Babolat Jet tere All Court - Nordic Padel","robots":{"index":"index","follow":"follow","max-snippet":"max-snippet:-1","max-image-preview":"max-image-preview:large","max-video-preview":"max-video-preview:-1"},"canonical":"https:\/\/nordicpadel.com\/sv\/product\/babolat-jet-tere-all-court\/","og_locale":"sv_SE","og_type":"article","og_title":"Babolat Jet tere All Court - Nordic Padel","og_description":"Jet Tere \u00e4r en mycket l\u00e4tt sko d\u00e4r st\u00f6rsta fokus \u00e4r smidighet och snabbhet. M\u00e5nga upplever den som mycket sk\u00f6n och att den knappt k\u00e4nns n\u00e4r man b\u00e4r den p\u00e5 f\u00f6tterna. Skons ovansida \u00e4r tillverkad i ett stycke som aktivt ger st\u00f6d \u00e5t foten samtidigt som det \u00e4r l\u00e4tt och andas bra. Active Flexion-teknologin \u00e4r [&hellip;]","og_url":"https:\/\/nordicpadel.com\/sv\/product\/babolat-jet-tere-all-court\/","og_site_name":"Nordic Padel","article_modified_time":"2026-02-02T22:25:24+00:00","twitter_card":"summary_large_image","twitter_misc":{"Ber\u00e4knad l\u00e4stid":"1 minut"},"schema":{"@context":"https:\/\/schema.org","@graph":[{"@type":"WebPage","@id":"https:\/\/nordicpadel.com\/sv\/product\/babolat-jet-tere-all-court\/","url":"https:\/\/nordicpadel.com\/sv\/product\/babolat-jet-tere-all-court\/","name":"Babolat Jet tere All Court - Nordic Padel","isPartOf":{"@id":"https:\/\/nordicpadel.com\/sv\/#website"},"primaryImageOfPage":{"@id":"https:\/\/nordicpadel.com\/sv\/product\/babolat-jet-tere-all-court\/#primaryimage"},"image":{"@id":"https:\/\/nordicpadel.com\/sv\/product\/babolat-jet-tere-all-court\/#primaryimage"},"thumbnailUrl":"https:\/\/nordicpadel.com\/sv\/wp-content\/uploads\/sites\/10\/2025\/11\/def74cc6570bf3037d2205046da86bd3.png","datePublished":"2025-11-26T17:54:05+00:00","dateModified":"2026-02-02T22:25:24+00:00","breadcrumb":{"@id":"https:\/\/nordicpadel.com\/sv\/product\/babolat-jet-tere-all-court\/#breadcrumb"},"inLanguage":"sv-SE","potentialAction":[{"@type":"ReadAction","target":["https:\/\/nordicpadel.com\/sv\/product\/babolat-jet-tere-all-court\/"]}]},{"@type":"ImageObject","inLanguage":"sv-SE","@id":"https:\/\/nordicpadel.com\/sv\/product\/babolat-jet-tere-all-court\/#primaryimage","url":"https:\/\/nordicpadel.com\/sv\/wp-content\/uploads\/sites\/10\/2025\/11\/def74cc6570bf3037d2205046da86bd3.png","contentUrl":"https:\/\/nordicpadel.com\/sv\/wp-content\/uploads\/sites\/10\/2025\/11\/def74cc6570bf3037d2205046da86bd3.png","width":800,"height":800,"caption":"Babolat Jet tere All Court"},{"@type":"BreadcrumbList","@id":"https:\/\/nordicpadel.com\/sv\/product\/babolat-jet-tere-all-court\/#breadcrumb","itemListElement":[{"@type":"ListItem","position":1,"name":"Hem","item":"https:\/\/nordicpadel.com\/sv\/"},{"@type":"ListItem","position":2,"name":"Shop","item":"https:\/\/nordicpadel.com\/sv\/shop\/"},{"@type":"ListItem","position":3,"name":"Babolat Jet tere All Court"}]},{"@type":"WebSite","@id":"https:\/\/nordicpadel.com\/sv\/#website","url":"https:\/\/nordicpadel.com\/sv\/","name":"Nordic Padel","description":"","publisher":{"@id":"https:\/\/nordicpadel.com\/sv\/#organization"},"potentialAction":[{"@type":"SearchAction","target":{"@type":"EntryPoint","urlTemplate":"https:\/\/nordicpadel.com\/sv\/?s={search_term_string}"},"query-input":"required name=search_term_string"}],"inLanguage":"sv-SE"},{"@type":"Organization","@id":"https:\/\/nordicpadel.com\/sv\/#organization","name":"Nordic Padel","url":"https:\/\/nordicpadel.com\/sv\/","logo":{"@type":"ImageObject","inLanguage":"sv-SE","@id":"https:\/\/nordicpadel.com\/sv\/#\/schema\/logo\/image\/","url":"https:\/\/nordicpadel.com\/sv\/wp-content\/uploads\/sites\/10\/2022\/12\/Nordic-Padel-small_1-1.png","contentUrl":"https:\/\/nordicpadel.com\/sv\/wp-content\/uploads\/sites\/10\/2022\/12\/Nordic-Padel-small_1-1.png","width":400,"height":119,"caption":"Nordic Padel"},"image":{"@id":"https:\/\/nordicpadel.com\/sv\/#\/schema\/logo\/image\/"}}]}},"brands":[],"_links":{"self":[{"href":"https:\/\/nordicpadel.com\/sv\/wp-json\/wp\/v2\/product\/93066","targetHints":{"allow":["GET"]}}],"collection":[{"href":"https:\/\/nordicpadel.com\/sv\/wp-json\/wp\/v2\/product"}],"about":[{"href":"https:\/\/nordicpadel.com\/sv\/wp-json\/wp\/v2\/types\/product"}],"replies":[{"embeddable":true,"href":"https:\/\/nordicpadel.com\/sv\/wp-json\/wp\/v2\/comments?post=93066"}],"wp:featuredmedia":[{"embeddable":true,"href":"https:\/\/nordicpadel.com\/sv\/wp-json\/wp\/v2\/media\/93059"}],"wp:attachment":[{"href":"https:\/\/nordicpadel.com\/sv\/wp-json\/wp\/v2\/media?parent=93066"}],"wp:term":[{"taxonomy":"pwb-brand","embeddable":true,"href":"https:\/\/nordicpadel.com\/sv\/wp-json\/wp\/v2\/pwb-brand?post=93066"},{"taxonomy":"product_cat","embeddable":true,"href":"https:\/\/nordicpadel.com\/sv\/wp-json\/wp\/v2\/product_cat?post=93066"},{"taxonomy":"product_tag","embeddable":true,"href":"https:\/\/nordicpadel.com\/sv\/wp-json\/wp\/v2\/product_tag?post=93066"},{"taxonomy":"woo-feed-brand","embeddable":true,"href":"https:\/\/nordicpadel.com\/sv\/wp-json\/wp\/v2\/woo-feed-brand?post=93066"}],"curies":[{"name":"wp","href":"https:\/\/api.w.org\/{rel}","templated":true}]}}