{"id":92973,"date":"2025-11-26T18:53:26","date_gmt":"2025-11-26T17:53:26","guid":{"rendered":"https:\/\/nordicpadel.com\/sv\/product\/asics-court-ff-3-novak\/"},"modified":"2026-02-02T23:24:39","modified_gmt":"2026-02-02T22:24:39","slug":"asics-court-ff-3-novak","status":"publish","type":"product","link":"https:\/\/nordicpadel.com\/sv\/product\/asics-court-ff-3-novak\/","title":{"rendered":"Asics Court FF 3  Novak"},"content":{"rendered":"<p>Asics har finputsat Court FF till vad den \u00e4r idag och som m\u00e5nga vet s\u00e5 det just denna sko Novak Djokovic anv\u00e4nder p\u00e5 tennisbanan tack vare dess unika egenskaper. Stabil, snabb och smidg sko f\u00f6r dig som vill ha det absolut  b\u00e4sta p\u00e5 tennisbanan eller padelbanan.<\/p>\n<p>Skons FLYTEFOAM\u00ae mellansula v\u00e4ger 55% mindre och ger dessutom 76% b\u00e4ttre d\u00e4mpning \u00e4n standardsulor, detta bidrar till en l\u00e4tt och komfortabel sko. Vidare s\u00e5 \u00e4r skon f\u00f6rsedd med GEL\u00ae -teknologi i s\u00e5v\u00e4l fram som bakdel, som d\u00e4mpar stegis\u00e4ttningen. Komfort \u00e4r nyckelordet i Court FF och d\u00e4rmed \u00e4r detta den enda modellen hos Asics som har MONO-SOCK \u2122-passform, g\u00f6r att skon ger en v\u00e4ldigt n\u00e4ra passform.<\/p>\n<p>Yttersulan \u00e4r tillverkad av AHAR\u00ae-gummi och denna gummiblanding ger en otroligt slitstark yttersula som l\u00e4mpar sig b\u00e4st f\u00f6r spel p\u00e5 padelbanor med mindre sand samt inomhustennis. <\/p>\n<p>Court FF kombinerar det b\u00e4sta av tv\u00e5 v\u00e4rldar och ger en otroligt dynamisk sko med smidigt k\u00e4nsla och superb stabilitet. Detta \u00e4r enligt v\u00e5rt tycke den mest kompletta skon p\u00e5 marknaden.<\/p>\n<p>F\u00e4rg: Vit med detaljer i nyans av bl\u00e5tt<\/p>\n<p>Teknik &amp; Material<\/p>\n<p>FLYTEFOAM\u2122-teknik Ger l\u00e4ttviktsd\u00e4mpning och st\u00f6td\u00e4mpning<br \/>Forefoot GEL\u2122-teknik F\u00f6rb\u00e4ttrar st\u00f6td\u00e4mpningen och skapar en mjukare k\u00e4nsla vid fotst\u00f6tning<br \/>TWISTRUSS\u2122-teknik F\u00f6rb\u00e4ttrar snabbheten och sk\u00e4rr\u00f6relserna<br \/>PGUARD\u2122-teknik Hj\u00e4lper till att \u00f6ka h\u00e5llbarheten i yttersulans t\u00e5- och h\u00e4lparti<br \/>MONO-SOCK\u2122 konstruktion Hj\u00e4lper till att f\u00f6rb\u00e4ttra stabiliteten<br \/>AHARPLUS\u2122 gummi yttersula F\u00f6rb\u00e4ttrar h\u00e5llbarheten<\/p>\n","protected":false},"excerpt":{"rendered":"<p>Asics har finputsat Court FF till vad den \u00e4r idag och som m\u00e5nga vet s\u00e5 det just denna sko Novak Djokovic anv\u00e4nder p\u00e5 tennisbanan tack vare dess unika egenskaper. Stabil, snabb och smidg sko f\u00f6r dig som vill ha det absolut b\u00e4sta p\u00e5 tennisbanan eller padelbanan. Skons FLYTEFOAM\u00ae mellansula v\u00e4ger 55% mindre och ger dessutom [&hellip;]<\/p>\n","protected":false},"featured_media":92968,"comment_status":"open","ping_status":"closed","template":"","meta":[],"pwb-brand":[],"product_cat":[38],"product_tag":[],"woo-feed-brand":[],"class_list":{"0":"post-92973","1":"product","2":"type-product","3":"status-publish","4":"has-post-thumbnail","6":"product_cat-herr","7":"pa_varumarke-asics","9":"first","10":"outofstock","11":"sale","12":"taxable","13":"shipping-taxable","14":"purchasable","15":"product-type-variable"},"bundled_by":[],"bundle_stock_status":"outofstock","bundle_stock_quantity":0,"bundle_virtual":false,"bundle_layout":"","bundle_add_to_cart_form_location":"","bundle_editable_in_cart":false,"bundle_sold_individually_context":"","bundle_item_grouping":"","bundle_min_size":"","bundle_max_size":"","bundled_items":[],"bundle_sell_ids":[],"acf":[],"yoast_head":"<!-- This site is optimized with the Yoast SEO plugin v23.1 - https:\/\/yoast.com\/wordpress\/plugins\/seo\/ -->\n<title>Asics Court FF 3 Novak - Nordic Padel<\/title>\n<meta name=\"robots\" content=\"index, follow, max-snippet:-1, max-image-preview:large, max-video-preview:-1\" \/>\n<link rel=\"canonical\" href=\"https:\/\/nordicpadel.com\/sv\/product\/asics-court-ff-3-novak\/\" \/>\n<meta property=\"og:locale\" content=\"sv_SE\" \/>\n<meta property=\"og:type\" content=\"article\" \/>\n<meta property=\"og:title\" content=\"Asics Court FF 3 Novak - Nordic Padel\" \/>\n<meta property=\"og:description\" content=\"Asics har finputsat Court FF till vad den \u00e4r idag och som m\u00e5nga vet s\u00e5 det just denna sko Novak Djokovic anv\u00e4nder p\u00e5 tennisbanan tack vare dess unika egenskaper. Stabil, snabb och smidg sko f\u00f6r dig som vill ha det absolut b\u00e4sta p\u00e5 tennisbanan eller padelbanan. Skons FLYTEFOAM\u00ae mellansula v\u00e4ger 55% mindre och ger dessutom [&hellip;]\" \/>\n<meta property=\"og:url\" content=\"https:\/\/nordicpadel.com\/sv\/product\/asics-court-ff-3-novak\/\" \/>\n<meta property=\"og:site_name\" content=\"Nordic Padel\" \/>\n<meta property=\"article:modified_time\" content=\"2026-02-02T22:24:39+00:00\" \/>\n<meta name=\"twitter:card\" content=\"summary_large_image\" \/>\n<meta name=\"twitter:label1\" content=\"Ber\u00e4knad l\u00e4stid\" \/>\n\t<meta name=\"twitter:data1\" content=\"1 minut\" \/>\n<script type=\"application\/ld+json\" class=\"yoast-schema-graph\">{\"@context\":\"https:\/\/schema.org\",\"@graph\":[{\"@type\":\"WebPage\",\"@id\":\"https:\/\/nordicpadel.com\/sv\/product\/asics-court-ff-3-novak\/\",\"url\":\"https:\/\/nordicpadel.com\/sv\/product\/asics-court-ff-3-novak\/\",\"name\":\"Asics Court FF 3 Novak - Nordic Padel\",\"isPartOf\":{\"@id\":\"https:\/\/nordicpadel.com\/sv\/#website\"},\"primaryImageOfPage\":{\"@id\":\"https:\/\/nordicpadel.com\/sv\/product\/asics-court-ff-3-novak\/#primaryimage\"},\"image\":{\"@id\":\"https:\/\/nordicpadel.com\/sv\/product\/asics-court-ff-3-novak\/#primaryimage\"},\"thumbnailUrl\":\"https:\/\/nordicpadel.com\/sv\/wp-content\/uploads\/sites\/10\/2025\/11\/ed8bee22a939ceb80ff46741b2ffd05e.png\",\"datePublished\":\"2025-11-26T17:53:26+00:00\",\"dateModified\":\"2026-02-02T22:24:39+00:00\",\"breadcrumb\":{\"@id\":\"https:\/\/nordicpadel.com\/sv\/product\/asics-court-ff-3-novak\/#breadcrumb\"},\"inLanguage\":\"sv-SE\",\"potentialAction\":[{\"@type\":\"ReadAction\",\"target\":[\"https:\/\/nordicpadel.com\/sv\/product\/asics-court-ff-3-novak\/\"]}]},{\"@type\":\"ImageObject\",\"inLanguage\":\"sv-SE\",\"@id\":\"https:\/\/nordicpadel.com\/sv\/product\/asics-court-ff-3-novak\/#primaryimage\",\"url\":\"https:\/\/nordicpadel.com\/sv\/wp-content\/uploads\/sites\/10\/2025\/11\/ed8bee22a939ceb80ff46741b2ffd05e.png\",\"contentUrl\":\"https:\/\/nordicpadel.com\/sv\/wp-content\/uploads\/sites\/10\/2025\/11\/ed8bee22a939ceb80ff46741b2ffd05e.png\",\"width\":800,\"height\":800,\"caption\":\"Asics Court FF 3 Novak\"},{\"@type\":\"BreadcrumbList\",\"@id\":\"https:\/\/nordicpadel.com\/sv\/product\/asics-court-ff-3-novak\/#breadcrumb\",\"itemListElement\":[{\"@type\":\"ListItem\",\"position\":1,\"name\":\"Hem\",\"item\":\"https:\/\/nordicpadel.com\/sv\/\"},{\"@type\":\"ListItem\",\"position\":2,\"name\":\"Shop\",\"item\":\"https:\/\/nordicpadel.com\/sv\/shop\/\"},{\"@type\":\"ListItem\",\"position\":3,\"name\":\"Asics Court FF 3 Novak\"}]},{\"@type\":\"WebSite\",\"@id\":\"https:\/\/nordicpadel.com\/sv\/#website\",\"url\":\"https:\/\/nordicpadel.com\/sv\/\",\"name\":\"Nordic Padel\",\"description\":\"\",\"publisher\":{\"@id\":\"https:\/\/nordicpadel.com\/sv\/#organization\"},\"potentialAction\":[{\"@type\":\"SearchAction\",\"target\":{\"@type\":\"EntryPoint\",\"urlTemplate\":\"https:\/\/nordicpadel.com\/sv\/?s={search_term_string}\"},\"query-input\":\"required name=search_term_string\"}],\"inLanguage\":\"sv-SE\"},{\"@type\":\"Organization\",\"@id\":\"https:\/\/nordicpadel.com\/sv\/#organization\",\"name\":\"Nordic Padel\",\"url\":\"https:\/\/nordicpadel.com\/sv\/\",\"logo\":{\"@type\":\"ImageObject\",\"inLanguage\":\"sv-SE\",\"@id\":\"https:\/\/nordicpadel.com\/sv\/#\/schema\/logo\/image\/\",\"url\":\"https:\/\/nordicpadel.com\/sv\/wp-content\/uploads\/sites\/10\/2022\/12\/Nordic-Padel-small_1-1.png\",\"contentUrl\":\"https:\/\/nordicpadel.com\/sv\/wp-content\/uploads\/sites\/10\/2022\/12\/Nordic-Padel-small_1-1.png\",\"width\":400,\"height\":119,\"caption\":\"Nordic Padel\"},\"image\":{\"@id\":\"https:\/\/nordicpadel.com\/sv\/#\/schema\/logo\/image\/\"}}]}<\/script>\n<!-- \/ Yoast SEO plugin. -->","yoast_head_json":{"title":"Asics Court FF 3 Novak - Nordic Padel","robots":{"index":"index","follow":"follow","max-snippet":"max-snippet:-1","max-image-preview":"max-image-preview:large","max-video-preview":"max-video-preview:-1"},"canonical":"https:\/\/nordicpadel.com\/sv\/product\/asics-court-ff-3-novak\/","og_locale":"sv_SE","og_type":"article","og_title":"Asics Court FF 3 Novak - Nordic Padel","og_description":"Asics har finputsat Court FF till vad den \u00e4r idag och som m\u00e5nga vet s\u00e5 det just denna sko Novak Djokovic anv\u00e4nder p\u00e5 tennisbanan tack vare dess unika egenskaper. Stabil, snabb och smidg sko f\u00f6r dig som vill ha det absolut b\u00e4sta p\u00e5 tennisbanan eller padelbanan. Skons FLYTEFOAM\u00ae mellansula v\u00e4ger 55% mindre och ger dessutom [&hellip;]","og_url":"https:\/\/nordicpadel.com\/sv\/product\/asics-court-ff-3-novak\/","og_site_name":"Nordic Padel","article_modified_time":"2026-02-02T22:24:39+00:00","twitter_card":"summary_large_image","twitter_misc":{"Ber\u00e4knad l\u00e4stid":"1 minut"},"schema":{"@context":"https:\/\/schema.org","@graph":[{"@type":"WebPage","@id":"https:\/\/nordicpadel.com\/sv\/product\/asics-court-ff-3-novak\/","url":"https:\/\/nordicpadel.com\/sv\/product\/asics-court-ff-3-novak\/","name":"Asics Court FF 3 Novak - Nordic Padel","isPartOf":{"@id":"https:\/\/nordicpadel.com\/sv\/#website"},"primaryImageOfPage":{"@id":"https:\/\/nordicpadel.com\/sv\/product\/asics-court-ff-3-novak\/#primaryimage"},"image":{"@id":"https:\/\/nordicpadel.com\/sv\/product\/asics-court-ff-3-novak\/#primaryimage"},"thumbnailUrl":"https:\/\/nordicpadel.com\/sv\/wp-content\/uploads\/sites\/10\/2025\/11\/ed8bee22a939ceb80ff46741b2ffd05e.png","datePublished":"2025-11-26T17:53:26+00:00","dateModified":"2026-02-02T22:24:39+00:00","breadcrumb":{"@id":"https:\/\/nordicpadel.com\/sv\/product\/asics-court-ff-3-novak\/#breadcrumb"},"inLanguage":"sv-SE","potentialAction":[{"@type":"ReadAction","target":["https:\/\/nordicpadel.com\/sv\/product\/asics-court-ff-3-novak\/"]}]},{"@type":"ImageObject","inLanguage":"sv-SE","@id":"https:\/\/nordicpadel.com\/sv\/product\/asics-court-ff-3-novak\/#primaryimage","url":"https:\/\/nordicpadel.com\/sv\/wp-content\/uploads\/sites\/10\/2025\/11\/ed8bee22a939ceb80ff46741b2ffd05e.png","contentUrl":"https:\/\/nordicpadel.com\/sv\/wp-content\/uploads\/sites\/10\/2025\/11\/ed8bee22a939ceb80ff46741b2ffd05e.png","width":800,"height":800,"caption":"Asics Court FF 3 Novak"},{"@type":"BreadcrumbList","@id":"https:\/\/nordicpadel.com\/sv\/product\/asics-court-ff-3-novak\/#breadcrumb","itemListElement":[{"@type":"ListItem","position":1,"name":"Hem","item":"https:\/\/nordicpadel.com\/sv\/"},{"@type":"ListItem","position":2,"name":"Shop","item":"https:\/\/nordicpadel.com\/sv\/shop\/"},{"@type":"ListItem","position":3,"name":"Asics Court FF 3 Novak"}]},{"@type":"WebSite","@id":"https:\/\/nordicpadel.com\/sv\/#website","url":"https:\/\/nordicpadel.com\/sv\/","name":"Nordic Padel","description":"","publisher":{"@id":"https:\/\/nordicpadel.com\/sv\/#organization"},"potentialAction":[{"@type":"SearchAction","target":{"@type":"EntryPoint","urlTemplate":"https:\/\/nordicpadel.com\/sv\/?s={search_term_string}"},"query-input":"required name=search_term_string"}],"inLanguage":"sv-SE"},{"@type":"Organization","@id":"https:\/\/nordicpadel.com\/sv\/#organization","name":"Nordic Padel","url":"https:\/\/nordicpadel.com\/sv\/","logo":{"@type":"ImageObject","inLanguage":"sv-SE","@id":"https:\/\/nordicpadel.com\/sv\/#\/schema\/logo\/image\/","url":"https:\/\/nordicpadel.com\/sv\/wp-content\/uploads\/sites\/10\/2022\/12\/Nordic-Padel-small_1-1.png","contentUrl":"https:\/\/nordicpadel.com\/sv\/wp-content\/uploads\/sites\/10\/2022\/12\/Nordic-Padel-small_1-1.png","width":400,"height":119,"caption":"Nordic Padel"},"image":{"@id":"https:\/\/nordicpadel.com\/sv\/#\/schema\/logo\/image\/"}}]}},"brands":[],"_links":{"self":[{"href":"https:\/\/nordicpadel.com\/sv\/wp-json\/wp\/v2\/product\/92973","targetHints":{"allow":["GET"]}}],"collection":[{"href":"https:\/\/nordicpadel.com\/sv\/wp-json\/wp\/v2\/product"}],"about":[{"href":"https:\/\/nordicpadel.com\/sv\/wp-json\/wp\/v2\/types\/product"}],"replies":[{"embeddable":true,"href":"https:\/\/nordicpadel.com\/sv\/wp-json\/wp\/v2\/comments?post=92973"}],"wp:featuredmedia":[{"embeddable":true,"href":"https:\/\/nordicpadel.com\/sv\/wp-json\/wp\/v2\/media\/92968"}],"wp:attachment":[{"href":"https:\/\/nordicpadel.com\/sv\/wp-json\/wp\/v2\/media?parent=92973"}],"wp:term":[{"taxonomy":"pwb-brand","embeddable":true,"href":"https:\/\/nordicpadel.com\/sv\/wp-json\/wp\/v2\/pwb-brand?post=92973"},{"taxonomy":"product_cat","embeddable":true,"href":"https:\/\/nordicpadel.com\/sv\/wp-json\/wp\/v2\/product_cat?post=92973"},{"taxonomy":"product_tag","embeddable":true,"href":"https:\/\/nordicpadel.com\/sv\/wp-json\/wp\/v2\/product_tag?post=92973"},{"taxonomy":"woo-feed-brand","embeddable":true,"href":"https:\/\/nordicpadel.com\/sv\/wp-json\/wp\/v2\/woo-feed-brand?post=92973"}],"curies":[{"name":"wp","href":"https:\/\/api.w.org\/{rel}","templated":true}]}}