{"id":92930,"date":"2025-11-26T18:53:03","date_gmt":"2025-11-26T17:53:03","guid":{"rendered":"https:\/\/nordicpadel.com\/sv\/product\/asics-gel-resolution-9-3\/"},"modified":"2026-02-02T17:11:33","modified_gmt":"2026-02-02T16:11:33","slug":"asics-gel-resolution-9-3","status":"publish","type":"product","link":"https:\/\/nordicpadel.com\/sv\/product\/asics-gel-resolution-9-3\/","title":{"rendered":"Asics Gel-Resolution 9"},"content":{"rendered":"<p>Gel-Resolution 9 tennissko ger avancerad stabilitet och d\u00e4mpning f\u00f6r spelare som gillar att kontrollera spelet fr\u00e5n baslinjen. Dynawall\u2122-teknologin i mellansulan str\u00e4cker sig nu \u00e4nda in i h\u00e4len f\u00f6r \u00f6kad stabilitet under laterala r\u00f6relser. Det \u00e4r en funktionell egenskap som \u00e4r effektiv n\u00e4r du springer och t\u00e4cker b\u00e5da sidorna av baslinjen. Dynawrap\u2122-teknologin i sn\u00f6rningen har strategiskt designats f\u00f6r att applicera tryck n\u00e4r extra st\u00f6d beh\u00f6vs. Detta ger dig en inl\u00e5st k\u00e4nsla i skon n\u00e4r du g\u00f6r snabba stegis\u00e4ttningar och r\u00f6relsef\u00f6r\u00e4ndringar.<\/p>\n<p>Med Gel-Resolution 9 f\u00e5r du inte bara den b\u00e4sta tekniken f\u00f6r prestanda p\u00e5 tennisbanan, utan ocks\u00e5 en stil som utstr\u00e5lar elegans och sj\u00e4lvs\u00e4kerhet. Denna tennissko kombinerar avancerade funktioner med en sofistikerad design som tar din spelstil till en helt ny niv\u00e5. Oavsett om du \u00e4r p\u00e5 professionell niv\u00e5 eller bara \u00e4lskar att spela f\u00f6r n\u00f6jes skull, kommer denna sko att hj\u00e4lpa dig att dominera p\u00e5 banan med stil och komfort.<\/p>\n<p>Satsar du p\u00e5 avancerad prestanda och stil har du hittat r\u00e4tt med Gel-Resolution. Det \u00e4r den ultimata skon f\u00f6r spelare som vill ha det b\u00e4sta av b\u00e5de teknologi och mode, och som inte n\u00f6jer sig med mindre \u00e4n en vinnande kombination. G\u00e5 ut p\u00e5 banan och k\u00e4nn dig sj\u00e4lvs\u00e4ker, bekv\u00e4m och redo att ta kontroll \u00f6ver spelet.<\/p>\n<p>Gel-Resolution 9 fr\u00e5n Asics fungerar mycket bra \u00e4ven f\u00f6r padelbanans speciella mondogr\u00e4s och vi rekommenderar varmt skon f\u00f6r ut\u00f6vande p\u00e5 h\u00f6gsta niv\u00e5 inom b\u00e4gge dessa fantastiska racketsporter.<\/p>\n","protected":false},"excerpt":{"rendered":"<p>Gel-Resolution 9 tennissko ger avancerad stabilitet och d\u00e4mpning f\u00f6r spelare som gillar att kontrollera spelet fr\u00e5n baslinjen. Dynawall\u2122-teknologin i mellansulan str\u00e4cker sig nu \u00e4nda in i h\u00e4len f\u00f6r \u00f6kad stabilitet under laterala r\u00f6relser. Det \u00e4r en funktionell egenskap som \u00e4r effektiv n\u00e4r du springer och t\u00e4cker b\u00e5da sidorna av baslinjen. Dynawrap\u2122-teknologin i sn\u00f6rningen har strategiskt [&hellip;]<\/p>\n","protected":false},"featured_media":92922,"comment_status":"open","ping_status":"closed","template":"","meta":[],"pwb-brand":[],"product_cat":[641,467],"product_tag":[],"woo-feed-brand":[],"class_list":{"0":"post-92930","1":"product","2":"type-product","3":"status-publish","4":"has-post-thumbnail","6":"product_cat-padelskor-junior","7":"product_cat-asics","8":"pa_varumarke-asics","10":"first","11":"outofstock","12":"sale","13":"taxable","14":"shipping-taxable","15":"purchasable","16":"product-type-variable"},"bundled_by":[],"bundle_stock_status":"outofstock","bundle_stock_quantity":0,"bundle_virtual":false,"bundle_layout":"","bundle_add_to_cart_form_location":"","bundle_editable_in_cart":false,"bundle_sold_individually_context":"","bundle_item_grouping":"","bundle_min_size":"","bundle_max_size":"","bundled_items":[],"bundle_sell_ids":[],"acf":[],"yoast_head":"<!-- This site is optimized with the Yoast SEO plugin v23.1 - https:\/\/yoast.com\/wordpress\/plugins\/seo\/ -->\n<title>Asics Gel-Resolution 9 - Nordic Padel<\/title>\n<meta name=\"robots\" content=\"index, follow, max-snippet:-1, max-image-preview:large, max-video-preview:-1\" \/>\n<link rel=\"canonical\" href=\"https:\/\/nordicpadel.com\/sv\/product\/asics-gel-resolution-9-3\/\" \/>\n<meta property=\"og:locale\" content=\"sv_SE\" \/>\n<meta property=\"og:type\" content=\"article\" \/>\n<meta property=\"og:title\" content=\"Asics Gel-Resolution 9 - Nordic Padel\" \/>\n<meta property=\"og:description\" content=\"Gel-Resolution 9 tennissko ger avancerad stabilitet och d\u00e4mpning f\u00f6r spelare som gillar att kontrollera spelet fr\u00e5n baslinjen. Dynawall\u2122-teknologin i mellansulan str\u00e4cker sig nu \u00e4nda in i h\u00e4len f\u00f6r \u00f6kad stabilitet under laterala r\u00f6relser. Det \u00e4r en funktionell egenskap som \u00e4r effektiv n\u00e4r du springer och t\u00e4cker b\u00e5da sidorna av baslinjen. Dynawrap\u2122-teknologin i sn\u00f6rningen har strategiskt [&hellip;]\" \/>\n<meta property=\"og:url\" content=\"https:\/\/nordicpadel.com\/sv\/product\/asics-gel-resolution-9-3\/\" \/>\n<meta property=\"og:site_name\" content=\"Nordic Padel\" \/>\n<meta property=\"article:modified_time\" content=\"2026-02-02T16:11:33+00:00\" \/>\n<meta property=\"og:image\" content=\"https:\/\/nordicpadel.com\/sv\/wp-content\/uploads\/sites\/10\/2025\/11\/ce6cac19ad4970f95b69c24da7cb8e1f.png\" \/>\n\t<meta property=\"og:image:width\" content=\"800\" \/>\n\t<meta property=\"og:image:height\" content=\"800\" \/>\n\t<meta property=\"og:image:type\" content=\"image\/png\" \/>\n<meta name=\"twitter:card\" content=\"summary_large_image\" \/>\n<meta name=\"twitter:label1\" content=\"Ber\u00e4knad l\u00e4stid\" \/>\n\t<meta name=\"twitter:data1\" content=\"1 minut\" \/>\n<script type=\"application\/ld+json\" class=\"yoast-schema-graph\">{\"@context\":\"https:\/\/schema.org\",\"@graph\":[{\"@type\":\"WebPage\",\"@id\":\"https:\/\/nordicpadel.com\/sv\/product\/asics-gel-resolution-9-3\/\",\"url\":\"https:\/\/nordicpadel.com\/sv\/product\/asics-gel-resolution-9-3\/\",\"name\":\"Asics Gel-Resolution 9 - Nordic Padel\",\"isPartOf\":{\"@id\":\"https:\/\/nordicpadel.com\/sv\/#website\"},\"primaryImageOfPage\":{\"@id\":\"https:\/\/nordicpadel.com\/sv\/product\/asics-gel-resolution-9-3\/#primaryimage\"},\"image\":{\"@id\":\"https:\/\/nordicpadel.com\/sv\/product\/asics-gel-resolution-9-3\/#primaryimage\"},\"thumbnailUrl\":\"https:\/\/nordicpadel.com\/sv\/wp-content\/uploads\/sites\/10\/2025\/11\/ce6cac19ad4970f95b69c24da7cb8e1f.png\",\"datePublished\":\"2025-11-26T17:53:03+00:00\",\"dateModified\":\"2026-02-02T16:11:33+00:00\",\"breadcrumb\":{\"@id\":\"https:\/\/nordicpadel.com\/sv\/product\/asics-gel-resolution-9-3\/#breadcrumb\"},\"inLanguage\":\"sv-SE\",\"potentialAction\":[{\"@type\":\"ReadAction\",\"target\":[\"https:\/\/nordicpadel.com\/sv\/product\/asics-gel-resolution-9-3\/\"]}]},{\"@type\":\"ImageObject\",\"inLanguage\":\"sv-SE\",\"@id\":\"https:\/\/nordicpadel.com\/sv\/product\/asics-gel-resolution-9-3\/#primaryimage\",\"url\":\"https:\/\/nordicpadel.com\/sv\/wp-content\/uploads\/sites\/10\/2025\/11\/ce6cac19ad4970f95b69c24da7cb8e1f.png\",\"contentUrl\":\"https:\/\/nordicpadel.com\/sv\/wp-content\/uploads\/sites\/10\/2025\/11\/ce6cac19ad4970f95b69c24da7cb8e1f.png\",\"width\":800,\"height\":800,\"caption\":\"Asics Gel-Resolution 9\"},{\"@type\":\"BreadcrumbList\",\"@id\":\"https:\/\/nordicpadel.com\/sv\/product\/asics-gel-resolution-9-3\/#breadcrumb\",\"itemListElement\":[{\"@type\":\"ListItem\",\"position\":1,\"name\":\"Hem\",\"item\":\"https:\/\/nordicpadel.com\/sv\/\"},{\"@type\":\"ListItem\",\"position\":2,\"name\":\"Shop\",\"item\":\"https:\/\/nordicpadel.com\/sv\/shop\/\"},{\"@type\":\"ListItem\",\"position\":3,\"name\":\"Asics Gel-Resolution 9\"}]},{\"@type\":\"WebSite\",\"@id\":\"https:\/\/nordicpadel.com\/sv\/#website\",\"url\":\"https:\/\/nordicpadel.com\/sv\/\",\"name\":\"Nordic Padel\",\"description\":\"\",\"publisher\":{\"@id\":\"https:\/\/nordicpadel.com\/sv\/#organization\"},\"potentialAction\":[{\"@type\":\"SearchAction\",\"target\":{\"@type\":\"EntryPoint\",\"urlTemplate\":\"https:\/\/nordicpadel.com\/sv\/?s={search_term_string}\"},\"query-input\":\"required name=search_term_string\"}],\"inLanguage\":\"sv-SE\"},{\"@type\":\"Organization\",\"@id\":\"https:\/\/nordicpadel.com\/sv\/#organization\",\"name\":\"Nordic Padel\",\"url\":\"https:\/\/nordicpadel.com\/sv\/\",\"logo\":{\"@type\":\"ImageObject\",\"inLanguage\":\"sv-SE\",\"@id\":\"https:\/\/nordicpadel.com\/sv\/#\/schema\/logo\/image\/\",\"url\":\"https:\/\/nordicpadel.com\/sv\/wp-content\/uploads\/sites\/10\/2022\/12\/Nordic-Padel-small_1-1.png\",\"contentUrl\":\"https:\/\/nordicpadel.com\/sv\/wp-content\/uploads\/sites\/10\/2022\/12\/Nordic-Padel-small_1-1.png\",\"width\":400,\"height\":119,\"caption\":\"Nordic Padel\"},\"image\":{\"@id\":\"https:\/\/nordicpadel.com\/sv\/#\/schema\/logo\/image\/\"}}]}<\/script>\n<!-- \/ Yoast SEO plugin. -->","yoast_head_json":{"title":"Asics Gel-Resolution 9 - Nordic Padel","robots":{"index":"index","follow":"follow","max-snippet":"max-snippet:-1","max-image-preview":"max-image-preview:large","max-video-preview":"max-video-preview:-1"},"canonical":"https:\/\/nordicpadel.com\/sv\/product\/asics-gel-resolution-9-3\/","og_locale":"sv_SE","og_type":"article","og_title":"Asics Gel-Resolution 9 - Nordic Padel","og_description":"Gel-Resolution 9 tennissko ger avancerad stabilitet och d\u00e4mpning f\u00f6r spelare som gillar att kontrollera spelet fr\u00e5n baslinjen. Dynawall\u2122-teknologin i mellansulan str\u00e4cker sig nu \u00e4nda in i h\u00e4len f\u00f6r \u00f6kad stabilitet under laterala r\u00f6relser. Det \u00e4r en funktionell egenskap som \u00e4r effektiv n\u00e4r du springer och t\u00e4cker b\u00e5da sidorna av baslinjen. Dynawrap\u2122-teknologin i sn\u00f6rningen har strategiskt [&hellip;]","og_url":"https:\/\/nordicpadel.com\/sv\/product\/asics-gel-resolution-9-3\/","og_site_name":"Nordic Padel","article_modified_time":"2026-02-02T16:11:33+00:00","og_image":[{"width":800,"height":800,"url":"https:\/\/nordicpadel.com\/sv\/wp-content\/uploads\/sites\/10\/2025\/11\/ce6cac19ad4970f95b69c24da7cb8e1f.png","type":"image\/png"}],"twitter_card":"summary_large_image","twitter_misc":{"Ber\u00e4knad l\u00e4stid":"1 minut"},"schema":{"@context":"https:\/\/schema.org","@graph":[{"@type":"WebPage","@id":"https:\/\/nordicpadel.com\/sv\/product\/asics-gel-resolution-9-3\/","url":"https:\/\/nordicpadel.com\/sv\/product\/asics-gel-resolution-9-3\/","name":"Asics Gel-Resolution 9 - Nordic Padel","isPartOf":{"@id":"https:\/\/nordicpadel.com\/sv\/#website"},"primaryImageOfPage":{"@id":"https:\/\/nordicpadel.com\/sv\/product\/asics-gel-resolution-9-3\/#primaryimage"},"image":{"@id":"https:\/\/nordicpadel.com\/sv\/product\/asics-gel-resolution-9-3\/#primaryimage"},"thumbnailUrl":"https:\/\/nordicpadel.com\/sv\/wp-content\/uploads\/sites\/10\/2025\/11\/ce6cac19ad4970f95b69c24da7cb8e1f.png","datePublished":"2025-11-26T17:53:03+00:00","dateModified":"2026-02-02T16:11:33+00:00","breadcrumb":{"@id":"https:\/\/nordicpadel.com\/sv\/product\/asics-gel-resolution-9-3\/#breadcrumb"},"inLanguage":"sv-SE","potentialAction":[{"@type":"ReadAction","target":["https:\/\/nordicpadel.com\/sv\/product\/asics-gel-resolution-9-3\/"]}]},{"@type":"ImageObject","inLanguage":"sv-SE","@id":"https:\/\/nordicpadel.com\/sv\/product\/asics-gel-resolution-9-3\/#primaryimage","url":"https:\/\/nordicpadel.com\/sv\/wp-content\/uploads\/sites\/10\/2025\/11\/ce6cac19ad4970f95b69c24da7cb8e1f.png","contentUrl":"https:\/\/nordicpadel.com\/sv\/wp-content\/uploads\/sites\/10\/2025\/11\/ce6cac19ad4970f95b69c24da7cb8e1f.png","width":800,"height":800,"caption":"Asics Gel-Resolution 9"},{"@type":"BreadcrumbList","@id":"https:\/\/nordicpadel.com\/sv\/product\/asics-gel-resolution-9-3\/#breadcrumb","itemListElement":[{"@type":"ListItem","position":1,"name":"Hem","item":"https:\/\/nordicpadel.com\/sv\/"},{"@type":"ListItem","position":2,"name":"Shop","item":"https:\/\/nordicpadel.com\/sv\/shop\/"},{"@type":"ListItem","position":3,"name":"Asics Gel-Resolution 9"}]},{"@type":"WebSite","@id":"https:\/\/nordicpadel.com\/sv\/#website","url":"https:\/\/nordicpadel.com\/sv\/","name":"Nordic Padel","description":"","publisher":{"@id":"https:\/\/nordicpadel.com\/sv\/#organization"},"potentialAction":[{"@type":"SearchAction","target":{"@type":"EntryPoint","urlTemplate":"https:\/\/nordicpadel.com\/sv\/?s={search_term_string}"},"query-input":"required name=search_term_string"}],"inLanguage":"sv-SE"},{"@type":"Organization","@id":"https:\/\/nordicpadel.com\/sv\/#organization","name":"Nordic Padel","url":"https:\/\/nordicpadel.com\/sv\/","logo":{"@type":"ImageObject","inLanguage":"sv-SE","@id":"https:\/\/nordicpadel.com\/sv\/#\/schema\/logo\/image\/","url":"https:\/\/nordicpadel.com\/sv\/wp-content\/uploads\/sites\/10\/2022\/12\/Nordic-Padel-small_1-1.png","contentUrl":"https:\/\/nordicpadel.com\/sv\/wp-content\/uploads\/sites\/10\/2022\/12\/Nordic-Padel-small_1-1.png","width":400,"height":119,"caption":"Nordic Padel"},"image":{"@id":"https:\/\/nordicpadel.com\/sv\/#\/schema\/logo\/image\/"}}]}},"brands":[],"_links":{"self":[{"href":"https:\/\/nordicpadel.com\/sv\/wp-json\/wp\/v2\/product\/92930","targetHints":{"allow":["GET"]}}],"collection":[{"href":"https:\/\/nordicpadel.com\/sv\/wp-json\/wp\/v2\/product"}],"about":[{"href":"https:\/\/nordicpadel.com\/sv\/wp-json\/wp\/v2\/types\/product"}],"replies":[{"embeddable":true,"href":"https:\/\/nordicpadel.com\/sv\/wp-json\/wp\/v2\/comments?post=92930"}],"wp:featuredmedia":[{"embeddable":true,"href":"https:\/\/nordicpadel.com\/sv\/wp-json\/wp\/v2\/media\/92922"}],"wp:attachment":[{"href":"https:\/\/nordicpadel.com\/sv\/wp-json\/wp\/v2\/media?parent=92930"}],"wp:term":[{"taxonomy":"pwb-brand","embeddable":true,"href":"https:\/\/nordicpadel.com\/sv\/wp-json\/wp\/v2\/pwb-brand?post=92930"},{"taxonomy":"product_cat","embeddable":true,"href":"https:\/\/nordicpadel.com\/sv\/wp-json\/wp\/v2\/product_cat?post=92930"},{"taxonomy":"product_tag","embeddable":true,"href":"https:\/\/nordicpadel.com\/sv\/wp-json\/wp\/v2\/product_tag?post=92930"},{"taxonomy":"woo-feed-brand","embeddable":true,"href":"https:\/\/nordicpadel.com\/sv\/wp-json\/wp\/v2\/woo-feed-brand?post=92930"}],"curies":[{"name":"wp","href":"https:\/\/api.w.org\/{rel}","templated":true}]}}