{"id":92920,"date":"2025-11-26T18:52:59","date_gmt":"2025-11-26T17:52:59","guid":{"rendered":"https:\/\/nordicpadel.com\/sv\/product\/asics-resolution-9-padel\/"},"modified":"2025-11-27T16:39:02","modified_gmt":"2025-11-27T15:39:02","slug":"asics-resolution-9-padel","status":"publish","type":"product","link":"https:\/\/nordicpadel.com\/sv\/product\/asics-resolution-9-padel\/","title":{"rendered":"Asics Resolution 9 Padel"},"content":{"rendered":"<p>Tennis-\/padelskorna GEL-RESOLUTION\u2122 9 Padel ger rej\u00e4lt med stabilitet och d\u00e4mpning f\u00f6r spelare som vill ha mycket kontroll vid riktningsf\u00f6r\u00e4ndringar och snabbt spel. DYNAWALL\u2122-teknologin i mellansulan ger ocks\u00e5 \u00f6kad stabilitet i h\u00e4len vid r\u00f6relser i sidled. Vilket \u00e4r en mycket effektiv egenskap n\u00e4r du t\u00e4cker b\u00e5da sidorna av baslinjen. DYNAWRAP\u2122-teknologin vid \u00f6ljetterna har strategiskt omarbetats f\u00f6r att till\u00e4mpa tryck runt foten n\u00e4r extra st\u00f6d kr\u00e4vs. Det f\u00e5r foten att k\u00e4nnas s\u00e4ker och stabil vid snabba \u00f6verg\u00e5ngar. Den hell\u00e5nga yttersulan och separerade h\u00e4len ger en mer stabil landning f\u00f6r snabbare \u00e5terh\u00e4mtning mellan slagen.<\/p>\n<p>Padel-\/tennisskor<br \/>Damstorlekar<br \/>DYNAWRAP\u2122-teknologi f\u00f6r \u00f6kad stabilitet<br \/>PGuard; \u00f6kad slitstyrka i yttersulans t\u00e5- och h\u00e4lomr\u00e5de<br \/>Innersula tillverkad med vattenbesparande f\u00e4rgningsprocess<br \/>Yttersula i slitstarkt AHARPLUS\u2122-gummi<br \/>Padelspecifik yttersula<\/p>\n","protected":false},"excerpt":{"rendered":"<p>Tennis-\/padelskorna GEL-RESOLUTION\u2122 9 Padel ger rej\u00e4lt med stabilitet och d\u00e4mpning f\u00f6r spelare som vill ha mycket kontroll vid riktningsf\u00f6r\u00e4ndringar och snabbt spel. DYNAWALL\u2122-teknologin i mellansulan ger ocks\u00e5 \u00f6kad stabilitet i h\u00e4len vid r\u00f6relser i sidled. Vilket \u00e4r en mycket effektiv egenskap n\u00e4r du t\u00e4cker b\u00e5da sidorna av baslinjen. DYNAWRAP\u2122-teknologin vid \u00f6ljetterna har strategiskt omarbetats f\u00f6r [&hellip;]<\/p>\n","protected":false},"featured_media":92913,"comment_status":"open","ping_status":"closed","template":"","meta":[],"pwb-brand":[],"product_cat":[38,467],"product_tag":[],"woo-feed-brand":[],"class_list":{"0":"post-92920","1":"product","2":"type-product","3":"status-publish","4":"has-post-thumbnail","6":"product_cat-herr","7":"product_cat-asics","8":"pa_varumarke-asics","10":"first","11":"outofstock","12":"taxable","13":"shipping-taxable","14":"product-type-variable"},"bundled_by":[],"bundle_stock_status":"outofstock","bundle_stock_quantity":0,"bundle_virtual":false,"bundle_layout":"","bundle_add_to_cart_form_location":"","bundle_editable_in_cart":false,"bundle_sold_individually_context":"","bundle_item_grouping":"","bundle_min_size":"","bundle_max_size":"","bundled_items":[],"bundle_sell_ids":[],"acf":[],"yoast_head":"<!-- This site is optimized with the Yoast SEO plugin v23.1 - https:\/\/yoast.com\/wordpress\/plugins\/seo\/ -->\n<title>Asics Resolution 9 Padel - Nordic Padel<\/title>\n<meta name=\"robots\" content=\"index, follow, max-snippet:-1, max-image-preview:large, max-video-preview:-1\" \/>\n<link rel=\"canonical\" href=\"https:\/\/nordicpadel.com\/sv\/product\/asics-resolution-9-padel\/\" \/>\n<meta property=\"og:locale\" content=\"sv_SE\" \/>\n<meta property=\"og:type\" content=\"article\" \/>\n<meta property=\"og:title\" content=\"Asics Resolution 9 Padel - Nordic Padel\" \/>\n<meta property=\"og:description\" content=\"Tennis-\/padelskorna GEL-RESOLUTION\u2122 9 Padel ger rej\u00e4lt med stabilitet och d\u00e4mpning f\u00f6r spelare som vill ha mycket kontroll vid riktningsf\u00f6r\u00e4ndringar och snabbt spel. DYNAWALL\u2122-teknologin i mellansulan ger ocks\u00e5 \u00f6kad stabilitet i h\u00e4len vid r\u00f6relser i sidled. Vilket \u00e4r en mycket effektiv egenskap n\u00e4r du t\u00e4cker b\u00e5da sidorna av baslinjen. DYNAWRAP\u2122-teknologin vid \u00f6ljetterna har strategiskt omarbetats f\u00f6r [&hellip;]\" \/>\n<meta property=\"og:url\" content=\"https:\/\/nordicpadel.com\/sv\/product\/asics-resolution-9-padel\/\" \/>\n<meta property=\"og:site_name\" content=\"Nordic Padel\" \/>\n<meta property=\"article:modified_time\" content=\"2025-11-27T15:39:02+00:00\" \/>\n<meta property=\"og:image\" content=\"https:\/\/nordicpadel.com\/sv\/wp-content\/uploads\/sites\/10\/2025\/11\/5cc83b4e4c315f5fe44607f0892f9cda.png\" \/>\n\t<meta property=\"og:image:width\" content=\"800\" \/>\n\t<meta property=\"og:image:height\" content=\"800\" \/>\n\t<meta property=\"og:image:type\" content=\"image\/png\" \/>\n<meta name=\"twitter:card\" content=\"summary_large_image\" \/>\n<meta name=\"twitter:label1\" content=\"Ber\u00e4knad l\u00e4stid\" \/>\n\t<meta name=\"twitter:data1\" content=\"1 minut\" \/>\n<script type=\"application\/ld+json\" class=\"yoast-schema-graph\">{\"@context\":\"https:\/\/schema.org\",\"@graph\":[{\"@type\":\"WebPage\",\"@id\":\"https:\/\/nordicpadel.com\/sv\/product\/asics-resolution-9-padel\/\",\"url\":\"https:\/\/nordicpadel.com\/sv\/product\/asics-resolution-9-padel\/\",\"name\":\"Asics Resolution 9 Padel - Nordic Padel\",\"isPartOf\":{\"@id\":\"https:\/\/nordicpadel.com\/sv\/#website\"},\"primaryImageOfPage\":{\"@id\":\"https:\/\/nordicpadel.com\/sv\/product\/asics-resolution-9-padel\/#primaryimage\"},\"image\":{\"@id\":\"https:\/\/nordicpadel.com\/sv\/product\/asics-resolution-9-padel\/#primaryimage\"},\"thumbnailUrl\":\"https:\/\/nordicpadel.com\/sv\/wp-content\/uploads\/sites\/10\/2025\/11\/5cc83b4e4c315f5fe44607f0892f9cda.png\",\"datePublished\":\"2025-11-26T17:52:59+00:00\",\"dateModified\":\"2025-11-27T15:39:02+00:00\",\"breadcrumb\":{\"@id\":\"https:\/\/nordicpadel.com\/sv\/product\/asics-resolution-9-padel\/#breadcrumb\"},\"inLanguage\":\"sv-SE\",\"potentialAction\":[{\"@type\":\"ReadAction\",\"target\":[\"https:\/\/nordicpadel.com\/sv\/product\/asics-resolution-9-padel\/\"]}]},{\"@type\":\"ImageObject\",\"inLanguage\":\"sv-SE\",\"@id\":\"https:\/\/nordicpadel.com\/sv\/product\/asics-resolution-9-padel\/#primaryimage\",\"url\":\"https:\/\/nordicpadel.com\/sv\/wp-content\/uploads\/sites\/10\/2025\/11\/5cc83b4e4c315f5fe44607f0892f9cda.png\",\"contentUrl\":\"https:\/\/nordicpadel.com\/sv\/wp-content\/uploads\/sites\/10\/2025\/11\/5cc83b4e4c315f5fe44607f0892f9cda.png\",\"width\":800,\"height\":800,\"caption\":\"Asics Resolution 9 Padel\"},{\"@type\":\"BreadcrumbList\",\"@id\":\"https:\/\/nordicpadel.com\/sv\/product\/asics-resolution-9-padel\/#breadcrumb\",\"itemListElement\":[{\"@type\":\"ListItem\",\"position\":1,\"name\":\"Hem\",\"item\":\"https:\/\/nordicpadel.com\/sv\/\"},{\"@type\":\"ListItem\",\"position\":2,\"name\":\"Shop\",\"item\":\"https:\/\/nordicpadel.com\/sv\/shop\/\"},{\"@type\":\"ListItem\",\"position\":3,\"name\":\"Asics Resolution 9 Padel\"}]},{\"@type\":\"WebSite\",\"@id\":\"https:\/\/nordicpadel.com\/sv\/#website\",\"url\":\"https:\/\/nordicpadel.com\/sv\/\",\"name\":\"Nordic Padel\",\"description\":\"\",\"publisher\":{\"@id\":\"https:\/\/nordicpadel.com\/sv\/#organization\"},\"potentialAction\":[{\"@type\":\"SearchAction\",\"target\":{\"@type\":\"EntryPoint\",\"urlTemplate\":\"https:\/\/nordicpadel.com\/sv\/?s={search_term_string}\"},\"query-input\":\"required name=search_term_string\"}],\"inLanguage\":\"sv-SE\"},{\"@type\":\"Organization\",\"@id\":\"https:\/\/nordicpadel.com\/sv\/#organization\",\"name\":\"Nordic Padel\",\"url\":\"https:\/\/nordicpadel.com\/sv\/\",\"logo\":{\"@type\":\"ImageObject\",\"inLanguage\":\"sv-SE\",\"@id\":\"https:\/\/nordicpadel.com\/sv\/#\/schema\/logo\/image\/\",\"url\":\"https:\/\/nordicpadel.com\/sv\/wp-content\/uploads\/sites\/10\/2022\/12\/Nordic-Padel-small_1-1.png\",\"contentUrl\":\"https:\/\/nordicpadel.com\/sv\/wp-content\/uploads\/sites\/10\/2022\/12\/Nordic-Padel-small_1-1.png\",\"width\":400,\"height\":119,\"caption\":\"Nordic Padel\"},\"image\":{\"@id\":\"https:\/\/nordicpadel.com\/sv\/#\/schema\/logo\/image\/\"}}]}<\/script>\n<!-- \/ Yoast SEO plugin. -->","yoast_head_json":{"title":"Asics Resolution 9 Padel - Nordic Padel","robots":{"index":"index","follow":"follow","max-snippet":"max-snippet:-1","max-image-preview":"max-image-preview:large","max-video-preview":"max-video-preview:-1"},"canonical":"https:\/\/nordicpadel.com\/sv\/product\/asics-resolution-9-padel\/","og_locale":"sv_SE","og_type":"article","og_title":"Asics Resolution 9 Padel - Nordic Padel","og_description":"Tennis-\/padelskorna GEL-RESOLUTION\u2122 9 Padel ger rej\u00e4lt med stabilitet och d\u00e4mpning f\u00f6r spelare som vill ha mycket kontroll vid riktningsf\u00f6r\u00e4ndringar och snabbt spel. DYNAWALL\u2122-teknologin i mellansulan ger ocks\u00e5 \u00f6kad stabilitet i h\u00e4len vid r\u00f6relser i sidled. Vilket \u00e4r en mycket effektiv egenskap n\u00e4r du t\u00e4cker b\u00e5da sidorna av baslinjen. DYNAWRAP\u2122-teknologin vid \u00f6ljetterna har strategiskt omarbetats f\u00f6r [&hellip;]","og_url":"https:\/\/nordicpadel.com\/sv\/product\/asics-resolution-9-padel\/","og_site_name":"Nordic Padel","article_modified_time":"2025-11-27T15:39:02+00:00","og_image":[{"width":800,"height":800,"url":"https:\/\/nordicpadel.com\/sv\/wp-content\/uploads\/sites\/10\/2025\/11\/5cc83b4e4c315f5fe44607f0892f9cda.png","type":"image\/png"}],"twitter_card":"summary_large_image","twitter_misc":{"Ber\u00e4knad l\u00e4stid":"1 minut"},"schema":{"@context":"https:\/\/schema.org","@graph":[{"@type":"WebPage","@id":"https:\/\/nordicpadel.com\/sv\/product\/asics-resolution-9-padel\/","url":"https:\/\/nordicpadel.com\/sv\/product\/asics-resolution-9-padel\/","name":"Asics Resolution 9 Padel - Nordic Padel","isPartOf":{"@id":"https:\/\/nordicpadel.com\/sv\/#website"},"primaryImageOfPage":{"@id":"https:\/\/nordicpadel.com\/sv\/product\/asics-resolution-9-padel\/#primaryimage"},"image":{"@id":"https:\/\/nordicpadel.com\/sv\/product\/asics-resolution-9-padel\/#primaryimage"},"thumbnailUrl":"https:\/\/nordicpadel.com\/sv\/wp-content\/uploads\/sites\/10\/2025\/11\/5cc83b4e4c315f5fe44607f0892f9cda.png","datePublished":"2025-11-26T17:52:59+00:00","dateModified":"2025-11-27T15:39:02+00:00","breadcrumb":{"@id":"https:\/\/nordicpadel.com\/sv\/product\/asics-resolution-9-padel\/#breadcrumb"},"inLanguage":"sv-SE","potentialAction":[{"@type":"ReadAction","target":["https:\/\/nordicpadel.com\/sv\/product\/asics-resolution-9-padel\/"]}]},{"@type":"ImageObject","inLanguage":"sv-SE","@id":"https:\/\/nordicpadel.com\/sv\/product\/asics-resolution-9-padel\/#primaryimage","url":"https:\/\/nordicpadel.com\/sv\/wp-content\/uploads\/sites\/10\/2025\/11\/5cc83b4e4c315f5fe44607f0892f9cda.png","contentUrl":"https:\/\/nordicpadel.com\/sv\/wp-content\/uploads\/sites\/10\/2025\/11\/5cc83b4e4c315f5fe44607f0892f9cda.png","width":800,"height":800,"caption":"Asics Resolution 9 Padel"},{"@type":"BreadcrumbList","@id":"https:\/\/nordicpadel.com\/sv\/product\/asics-resolution-9-padel\/#breadcrumb","itemListElement":[{"@type":"ListItem","position":1,"name":"Hem","item":"https:\/\/nordicpadel.com\/sv\/"},{"@type":"ListItem","position":2,"name":"Shop","item":"https:\/\/nordicpadel.com\/sv\/shop\/"},{"@type":"ListItem","position":3,"name":"Asics Resolution 9 Padel"}]},{"@type":"WebSite","@id":"https:\/\/nordicpadel.com\/sv\/#website","url":"https:\/\/nordicpadel.com\/sv\/","name":"Nordic Padel","description":"","publisher":{"@id":"https:\/\/nordicpadel.com\/sv\/#organization"},"potentialAction":[{"@type":"SearchAction","target":{"@type":"EntryPoint","urlTemplate":"https:\/\/nordicpadel.com\/sv\/?s={search_term_string}"},"query-input":"required name=search_term_string"}],"inLanguage":"sv-SE"},{"@type":"Organization","@id":"https:\/\/nordicpadel.com\/sv\/#organization","name":"Nordic Padel","url":"https:\/\/nordicpadel.com\/sv\/","logo":{"@type":"ImageObject","inLanguage":"sv-SE","@id":"https:\/\/nordicpadel.com\/sv\/#\/schema\/logo\/image\/","url":"https:\/\/nordicpadel.com\/sv\/wp-content\/uploads\/sites\/10\/2022\/12\/Nordic-Padel-small_1-1.png","contentUrl":"https:\/\/nordicpadel.com\/sv\/wp-content\/uploads\/sites\/10\/2022\/12\/Nordic-Padel-small_1-1.png","width":400,"height":119,"caption":"Nordic Padel"},"image":{"@id":"https:\/\/nordicpadel.com\/sv\/#\/schema\/logo\/image\/"}}]}},"brands":[],"_links":{"self":[{"href":"https:\/\/nordicpadel.com\/sv\/wp-json\/wp\/v2\/product\/92920","targetHints":{"allow":["GET"]}}],"collection":[{"href":"https:\/\/nordicpadel.com\/sv\/wp-json\/wp\/v2\/product"}],"about":[{"href":"https:\/\/nordicpadel.com\/sv\/wp-json\/wp\/v2\/types\/product"}],"replies":[{"embeddable":true,"href":"https:\/\/nordicpadel.com\/sv\/wp-json\/wp\/v2\/comments?post=92920"}],"wp:featuredmedia":[{"embeddable":true,"href":"https:\/\/nordicpadel.com\/sv\/wp-json\/wp\/v2\/media\/92913"}],"wp:attachment":[{"href":"https:\/\/nordicpadel.com\/sv\/wp-json\/wp\/v2\/media?parent=92920"}],"wp:term":[{"taxonomy":"pwb-brand","embeddable":true,"href":"https:\/\/nordicpadel.com\/sv\/wp-json\/wp\/v2\/pwb-brand?post=92920"},{"taxonomy":"product_cat","embeddable":true,"href":"https:\/\/nordicpadel.com\/sv\/wp-json\/wp\/v2\/product_cat?post=92920"},{"taxonomy":"product_tag","embeddable":true,"href":"https:\/\/nordicpadel.com\/sv\/wp-json\/wp\/v2\/product_tag?post=92920"},{"taxonomy":"woo-feed-brand","embeddable":true,"href":"https:\/\/nordicpadel.com\/sv\/wp-json\/wp\/v2\/woo-feed-brand?post=92920"}],"curies":[{"name":"wp","href":"https:\/\/api.w.org\/{rel}","templated":true}]}}