{"id":92908,"date":"2025-11-26T18:52:51","date_gmt":"2025-11-26T17:52:51","guid":{"rendered":"https:\/\/nordicpadel.com\/sv\/product\/siux-trilogy-control-3k\/"},"modified":"2025-11-26T20:50:44","modified_gmt":"2025-11-26T19:50:44","slug":"siux-trilogy-control-3k","status":"publish","type":"product","link":"https:\/\/nordicpadel.com\/sv\/product\/siux-trilogy-control-3k\/","title":{"rendered":"Siux Trilogy Control 3K"},"content":{"rendered":"<p>Den nya versionen av den super popul\u00e4ra Siux Trilogy Control \u00e4r h\u00e4r, Siux Trilogy 3 Control 2023!<\/p>\n<p>Tr\u00e4ffytan \u00e4r gjord av 24K Silver kolfiber f\u00f6r en \u00f6kad sweetspot och kraft.<\/p>\n<p>I k\u00e4rnan anv\u00e4nds EVA Medium vilket resulterar i en racket med en fantastisk \u00e5terh\u00e4mtningskapacitet efter varje slag, vilket hj\u00e4lper till att styra bollen d\u00e4r du vill l\u00e4gga den. Dessutom \u00e4r det en EVA som \u00e4r k\u00e4nd f\u00f6r sin stora st\u00f6td\u00e4mpning.<\/p>\n","protected":false},"excerpt":{"rendered":"<p>Den nya versionen av den super popul\u00e4ra Siux Trilogy Control \u00e4r h\u00e4r, Siux Trilogy 3 Control 2023! Tr\u00e4ffytan \u00e4r gjord av 24K Silver kolfiber f\u00f6r en \u00f6kad sweetspot och kraft. I k\u00e4rnan anv\u00e4nds EVA Medium vilket resulterar i en racket med en fantastisk \u00e5terh\u00e4mtningskapacitet efter varje slag, vilket hj\u00e4lper till att styra bollen d\u00e4r du [&hellip;]<\/p>\n","protected":false},"featured_media":92902,"comment_status":"open","ping_status":"closed","template":"","meta":[],"pwb-brand":[],"product_cat":[475],"product_tag":[],"woo-feed-brand":[],"class_list":{"0":"post-92908","1":"product","2":"type-product","3":"status-publish","4":"has-post-thumbnail","6":"product_cat-siux","7":"pa_varumarke-siux","9":"first","10":"outofstock","11":"taxable","12":"shipping-taxable","13":"purchasable","14":"product-type-simple"},"bundled_by":[],"bundle_stock_status":"outofstock","bundle_stock_quantity":0,"bundle_virtual":false,"bundle_layout":"","bundle_add_to_cart_form_location":"","bundle_editable_in_cart":false,"bundle_sold_individually_context":"","bundle_item_grouping":"","bundle_min_size":"","bundle_max_size":"","bundled_items":[],"bundle_sell_ids":[],"acf":[],"yoast_head":"<!-- This site is optimized with the Yoast SEO plugin v23.1 - https:\/\/yoast.com\/wordpress\/plugins\/seo\/ -->\n<title>Siux Trilogy Control 3K - Nordic Padel<\/title>\n<meta name=\"robots\" content=\"index, follow, max-snippet:-1, max-image-preview:large, max-video-preview:-1\" \/>\n<link rel=\"canonical\" href=\"https:\/\/nordicpadel.com\/sv\/product\/siux-trilogy-control-3k\/\" \/>\n<meta property=\"og:locale\" content=\"sv_SE\" \/>\n<meta property=\"og:type\" content=\"article\" \/>\n<meta property=\"og:title\" content=\"Siux Trilogy Control 3K - Nordic Padel\" \/>\n<meta property=\"og:description\" content=\"Den nya versionen av den super popul\u00e4ra Siux Trilogy Control \u00e4r h\u00e4r, Siux Trilogy 3 Control 2023! Tr\u00e4ffytan \u00e4r gjord av 24K Silver kolfiber f\u00f6r en \u00f6kad sweetspot och kraft. I k\u00e4rnan anv\u00e4nds EVA Medium vilket resulterar i en racket med en fantastisk \u00e5terh\u00e4mtningskapacitet efter varje slag, vilket hj\u00e4lper till att styra bollen d\u00e4r du [&hellip;]\" \/>\n<meta property=\"og:url\" content=\"https:\/\/nordicpadel.com\/sv\/product\/siux-trilogy-control-3k\/\" \/>\n<meta property=\"og:site_name\" content=\"Nordic Padel\" \/>\n<meta property=\"article:modified_time\" content=\"2025-11-26T19:50:44+00:00\" \/>\n<meta name=\"twitter:card\" content=\"summary_large_image\" \/>\n<script type=\"application\/ld+json\" class=\"yoast-schema-graph\">{\"@context\":\"https:\/\/schema.org\",\"@graph\":[{\"@type\":\"WebPage\",\"@id\":\"https:\/\/nordicpadel.com\/sv\/product\/siux-trilogy-control-3k\/\",\"url\":\"https:\/\/nordicpadel.com\/sv\/product\/siux-trilogy-control-3k\/\",\"name\":\"Siux Trilogy Control 3K - Nordic Padel\",\"isPartOf\":{\"@id\":\"https:\/\/nordicpadel.com\/sv\/#website\"},\"primaryImageOfPage\":{\"@id\":\"https:\/\/nordicpadel.com\/sv\/product\/siux-trilogy-control-3k\/#primaryimage\"},\"image\":{\"@id\":\"https:\/\/nordicpadel.com\/sv\/product\/siux-trilogy-control-3k\/#primaryimage\"},\"thumbnailUrl\":\"https:\/\/nordicpadel.com\/sv\/wp-content\/uploads\/sites\/10\/2025\/11\/23ca427e6b94d722476eccd47ec4249e.png\",\"datePublished\":\"2025-11-26T17:52:51+00:00\",\"dateModified\":\"2025-11-26T19:50:44+00:00\",\"breadcrumb\":{\"@id\":\"https:\/\/nordicpadel.com\/sv\/product\/siux-trilogy-control-3k\/#breadcrumb\"},\"inLanguage\":\"sv-SE\",\"potentialAction\":[{\"@type\":\"ReadAction\",\"target\":[\"https:\/\/nordicpadel.com\/sv\/product\/siux-trilogy-control-3k\/\"]}]},{\"@type\":\"ImageObject\",\"inLanguage\":\"sv-SE\",\"@id\":\"https:\/\/nordicpadel.com\/sv\/product\/siux-trilogy-control-3k\/#primaryimage\",\"url\":\"https:\/\/nordicpadel.com\/sv\/wp-content\/uploads\/sites\/10\/2025\/11\/23ca427e6b94d722476eccd47ec4249e.png\",\"contentUrl\":\"https:\/\/nordicpadel.com\/sv\/wp-content\/uploads\/sites\/10\/2025\/11\/23ca427e6b94d722476eccd47ec4249e.png\",\"width\":800,\"height\":800,\"caption\":\"Siux Trilogy Control 3K\"},{\"@type\":\"BreadcrumbList\",\"@id\":\"https:\/\/nordicpadel.com\/sv\/product\/siux-trilogy-control-3k\/#breadcrumb\",\"itemListElement\":[{\"@type\":\"ListItem\",\"position\":1,\"name\":\"Hem\",\"item\":\"https:\/\/nordicpadel.com\/sv\/\"},{\"@type\":\"ListItem\",\"position\":2,\"name\":\"Shop\",\"item\":\"https:\/\/nordicpadel.com\/sv\/shop\/\"},{\"@type\":\"ListItem\",\"position\":3,\"name\":\"Siux Trilogy Control 3K\"}]},{\"@type\":\"WebSite\",\"@id\":\"https:\/\/nordicpadel.com\/sv\/#website\",\"url\":\"https:\/\/nordicpadel.com\/sv\/\",\"name\":\"Nordic Padel\",\"description\":\"\",\"publisher\":{\"@id\":\"https:\/\/nordicpadel.com\/sv\/#organization\"},\"potentialAction\":[{\"@type\":\"SearchAction\",\"target\":{\"@type\":\"EntryPoint\",\"urlTemplate\":\"https:\/\/nordicpadel.com\/sv\/?s={search_term_string}\"},\"query-input\":\"required name=search_term_string\"}],\"inLanguage\":\"sv-SE\"},{\"@type\":\"Organization\",\"@id\":\"https:\/\/nordicpadel.com\/sv\/#organization\",\"name\":\"Nordic Padel\",\"url\":\"https:\/\/nordicpadel.com\/sv\/\",\"logo\":{\"@type\":\"ImageObject\",\"inLanguage\":\"sv-SE\",\"@id\":\"https:\/\/nordicpadel.com\/sv\/#\/schema\/logo\/image\/\",\"url\":\"https:\/\/nordicpadel.com\/sv\/wp-content\/uploads\/sites\/10\/2022\/12\/Nordic-Padel-small_1-1.png\",\"contentUrl\":\"https:\/\/nordicpadel.com\/sv\/wp-content\/uploads\/sites\/10\/2022\/12\/Nordic-Padel-small_1-1.png\",\"width\":400,\"height\":119,\"caption\":\"Nordic Padel\"},\"image\":{\"@id\":\"https:\/\/nordicpadel.com\/sv\/#\/schema\/logo\/image\/\"}}]}<\/script>\n<!-- \/ Yoast SEO plugin. -->","yoast_head_json":{"title":"Siux Trilogy Control 3K - Nordic Padel","robots":{"index":"index","follow":"follow","max-snippet":"max-snippet:-1","max-image-preview":"max-image-preview:large","max-video-preview":"max-video-preview:-1"},"canonical":"https:\/\/nordicpadel.com\/sv\/product\/siux-trilogy-control-3k\/","og_locale":"sv_SE","og_type":"article","og_title":"Siux Trilogy Control 3K - Nordic Padel","og_description":"Den nya versionen av den super popul\u00e4ra Siux Trilogy Control \u00e4r h\u00e4r, Siux Trilogy 3 Control 2023! Tr\u00e4ffytan \u00e4r gjord av 24K Silver kolfiber f\u00f6r en \u00f6kad sweetspot och kraft. I k\u00e4rnan anv\u00e4nds EVA Medium vilket resulterar i en racket med en fantastisk \u00e5terh\u00e4mtningskapacitet efter varje slag, vilket hj\u00e4lper till att styra bollen d\u00e4r du [&hellip;]","og_url":"https:\/\/nordicpadel.com\/sv\/product\/siux-trilogy-control-3k\/","og_site_name":"Nordic Padel","article_modified_time":"2025-11-26T19:50:44+00:00","twitter_card":"summary_large_image","schema":{"@context":"https:\/\/schema.org","@graph":[{"@type":"WebPage","@id":"https:\/\/nordicpadel.com\/sv\/product\/siux-trilogy-control-3k\/","url":"https:\/\/nordicpadel.com\/sv\/product\/siux-trilogy-control-3k\/","name":"Siux Trilogy Control 3K - Nordic Padel","isPartOf":{"@id":"https:\/\/nordicpadel.com\/sv\/#website"},"primaryImageOfPage":{"@id":"https:\/\/nordicpadel.com\/sv\/product\/siux-trilogy-control-3k\/#primaryimage"},"image":{"@id":"https:\/\/nordicpadel.com\/sv\/product\/siux-trilogy-control-3k\/#primaryimage"},"thumbnailUrl":"https:\/\/nordicpadel.com\/sv\/wp-content\/uploads\/sites\/10\/2025\/11\/23ca427e6b94d722476eccd47ec4249e.png","datePublished":"2025-11-26T17:52:51+00:00","dateModified":"2025-11-26T19:50:44+00:00","breadcrumb":{"@id":"https:\/\/nordicpadel.com\/sv\/product\/siux-trilogy-control-3k\/#breadcrumb"},"inLanguage":"sv-SE","potentialAction":[{"@type":"ReadAction","target":["https:\/\/nordicpadel.com\/sv\/product\/siux-trilogy-control-3k\/"]}]},{"@type":"ImageObject","inLanguage":"sv-SE","@id":"https:\/\/nordicpadel.com\/sv\/product\/siux-trilogy-control-3k\/#primaryimage","url":"https:\/\/nordicpadel.com\/sv\/wp-content\/uploads\/sites\/10\/2025\/11\/23ca427e6b94d722476eccd47ec4249e.png","contentUrl":"https:\/\/nordicpadel.com\/sv\/wp-content\/uploads\/sites\/10\/2025\/11\/23ca427e6b94d722476eccd47ec4249e.png","width":800,"height":800,"caption":"Siux Trilogy Control 3K"},{"@type":"BreadcrumbList","@id":"https:\/\/nordicpadel.com\/sv\/product\/siux-trilogy-control-3k\/#breadcrumb","itemListElement":[{"@type":"ListItem","position":1,"name":"Hem","item":"https:\/\/nordicpadel.com\/sv\/"},{"@type":"ListItem","position":2,"name":"Shop","item":"https:\/\/nordicpadel.com\/sv\/shop\/"},{"@type":"ListItem","position":3,"name":"Siux Trilogy Control 3K"}]},{"@type":"WebSite","@id":"https:\/\/nordicpadel.com\/sv\/#website","url":"https:\/\/nordicpadel.com\/sv\/","name":"Nordic Padel","description":"","publisher":{"@id":"https:\/\/nordicpadel.com\/sv\/#organization"},"potentialAction":[{"@type":"SearchAction","target":{"@type":"EntryPoint","urlTemplate":"https:\/\/nordicpadel.com\/sv\/?s={search_term_string}"},"query-input":"required name=search_term_string"}],"inLanguage":"sv-SE"},{"@type":"Organization","@id":"https:\/\/nordicpadel.com\/sv\/#organization","name":"Nordic Padel","url":"https:\/\/nordicpadel.com\/sv\/","logo":{"@type":"ImageObject","inLanguage":"sv-SE","@id":"https:\/\/nordicpadel.com\/sv\/#\/schema\/logo\/image\/","url":"https:\/\/nordicpadel.com\/sv\/wp-content\/uploads\/sites\/10\/2022\/12\/Nordic-Padel-small_1-1.png","contentUrl":"https:\/\/nordicpadel.com\/sv\/wp-content\/uploads\/sites\/10\/2022\/12\/Nordic-Padel-small_1-1.png","width":400,"height":119,"caption":"Nordic Padel"},"image":{"@id":"https:\/\/nordicpadel.com\/sv\/#\/schema\/logo\/image\/"}}]}},"brands":[],"_links":{"self":[{"href":"https:\/\/nordicpadel.com\/sv\/wp-json\/wp\/v2\/product\/92908","targetHints":{"allow":["GET"]}}],"collection":[{"href":"https:\/\/nordicpadel.com\/sv\/wp-json\/wp\/v2\/product"}],"about":[{"href":"https:\/\/nordicpadel.com\/sv\/wp-json\/wp\/v2\/types\/product"}],"replies":[{"embeddable":true,"href":"https:\/\/nordicpadel.com\/sv\/wp-json\/wp\/v2\/comments?post=92908"}],"wp:featuredmedia":[{"embeddable":true,"href":"https:\/\/nordicpadel.com\/sv\/wp-json\/wp\/v2\/media\/92902"}],"wp:attachment":[{"href":"https:\/\/nordicpadel.com\/sv\/wp-json\/wp\/v2\/media?parent=92908"}],"wp:term":[{"taxonomy":"pwb-brand","embeddable":true,"href":"https:\/\/nordicpadel.com\/sv\/wp-json\/wp\/v2\/pwb-brand?post=92908"},{"taxonomy":"product_cat","embeddable":true,"href":"https:\/\/nordicpadel.com\/sv\/wp-json\/wp\/v2\/product_cat?post=92908"},{"taxonomy":"product_tag","embeddable":true,"href":"https:\/\/nordicpadel.com\/sv\/wp-json\/wp\/v2\/product_tag?post=92908"},{"taxonomy":"woo-feed-brand","embeddable":true,"href":"https:\/\/nordicpadel.com\/sv\/wp-json\/wp\/v2\/woo-feed-brand?post=92908"}],"curies":[{"name":"wp","href":"https:\/\/api.w.org\/{rel}","templated":true}]}}