{"id":92904,"date":"2025-11-26T18:52:50","date_gmt":"2025-11-26T17:52:50","guid":{"rendered":"https:\/\/nordicpadel.com\/sv\/product\/asics-solution-swift-ff-5\/"},"modified":"2026-02-02T17:11:23","modified_gmt":"2026-02-02T16:11:23","slug":"asics-solution-swift-ff-5","status":"publish","type":"product","link":"https:\/\/nordicpadel.com\/sv\/product\/asics-solution-swift-ff-5\/","title":{"rendered":"ASICS Solution Swift FF"},"content":{"rendered":"<p>Solution Swift FF Padel \u00e4r ers\u00e4ttaren till den om\u00e5ttligt popul\u00e4ra och v\u00e4rldens mest s\u00e5lda padelsko Lima Padel FF. Det \u00e4r en v\u00e4ld\u00e4mpad padelsko med h\u00f6g stabilitet samtidigt som den h\u00e5ller en l\u00e5g vikt och ger en h\u00f6g komfort.<\/p>\n<p>Solution Swift FF Padel \u00e4r har samma uppbyggnad som tennisskon Solution Swift FF d\u00e4r skillnaden mellan dessa \u00e4r yttersulan. Yttersulan p\u00e5 denna modell \u00e4r speciellt utvecklad f\u00f6r optimalt grepp p\u00e5 padelbanan.<\/p>\n<p>Denna padelsko har en mellansula formad med FLYTEFOAM\u2122-d\u00e4mpning. Det inneb\u00e4r ett l\u00e4tt och slitstarkt skum som \u00f6kar st\u00f6td\u00e4mpningen.<\/p>\n<p>Mellanfoten \u00e4r utrustad med TWISTRUSS\u2122 vilket \u00f6kar stabiliteten vid snabba sk\u00e4rningar och tempov\u00e4xlingar p\u00e5 banan.<\/p>\n<p>Skon \u00e4r \u00e4ven uppbyggd med en teknologi som Asics kallar &#8220;Rearfoot and forefoot GEL&#8221;. \u00c4ven den \u00f6kar st\u00f6td\u00e4mpningen och skapar en mjukare k\u00e4nsla i varje steg.<\/p>\n","protected":false},"excerpt":{"rendered":"<p>Solution Swift FF Padel \u00e4r ers\u00e4ttaren till den om\u00e5ttligt popul\u00e4ra och v\u00e4rldens mest s\u00e5lda padelsko Lima Padel FF. Det \u00e4r en v\u00e4ld\u00e4mpad padelsko med h\u00f6g stabilitet samtidigt som den h\u00e5ller en l\u00e5g vikt och ger en h\u00f6g komfort. Solution Swift FF Padel \u00e4r har samma uppbyggnad som tennisskon Solution Swift FF d\u00e4r skillnaden mellan dessa [&hellip;]<\/p>\n","protected":false},"featured_media":92894,"comment_status":"open","ping_status":"closed","template":"","meta":[],"pwb-brand":[],"product_cat":[38,467],"product_tag":[],"woo-feed-brand":[],"class_list":{"0":"post-92904","1":"product","2":"type-product","3":"status-publish","4":"has-post-thumbnail","6":"product_cat-herr","7":"product_cat-asics","8":"pa_varumarke-asics","10":"first","11":"outofstock","12":"sale","13":"taxable","14":"shipping-taxable","15":"purchasable","16":"product-type-variable"},"bundled_by":[],"bundle_stock_status":"outofstock","bundle_stock_quantity":0,"bundle_virtual":false,"bundle_layout":"","bundle_add_to_cart_form_location":"","bundle_editable_in_cart":false,"bundle_sold_individually_context":"","bundle_item_grouping":"","bundle_min_size":"","bundle_max_size":"","bundled_items":[],"bundle_sell_ids":[],"acf":[],"yoast_head":"<!-- This site is optimized with the Yoast SEO plugin v23.1 - https:\/\/yoast.com\/wordpress\/plugins\/seo\/ -->\n<title>ASICS Solution Swift FF - Nordic Padel<\/title>\n<meta name=\"robots\" content=\"index, follow, max-snippet:-1, max-image-preview:large, max-video-preview:-1\" \/>\n<link rel=\"canonical\" href=\"https:\/\/nordicpadel.com\/sv\/product\/asics-solution-swift-ff-5\/\" \/>\n<meta property=\"og:locale\" content=\"sv_SE\" \/>\n<meta property=\"og:type\" content=\"article\" \/>\n<meta property=\"og:title\" content=\"ASICS Solution Swift FF - Nordic Padel\" \/>\n<meta property=\"og:description\" content=\"Solution Swift FF Padel \u00e4r ers\u00e4ttaren till den om\u00e5ttligt popul\u00e4ra och v\u00e4rldens mest s\u00e5lda padelsko Lima Padel FF. Det \u00e4r en v\u00e4ld\u00e4mpad padelsko med h\u00f6g stabilitet samtidigt som den h\u00e5ller en l\u00e5g vikt och ger en h\u00f6g komfort. Solution Swift FF Padel \u00e4r har samma uppbyggnad som tennisskon Solution Swift FF d\u00e4r skillnaden mellan dessa [&hellip;]\" \/>\n<meta property=\"og:url\" content=\"https:\/\/nordicpadel.com\/sv\/product\/asics-solution-swift-ff-5\/\" \/>\n<meta property=\"og:site_name\" content=\"Nordic Padel\" \/>\n<meta property=\"article:modified_time\" content=\"2026-02-02T16:11:23+00:00\" \/>\n<meta property=\"og:image\" content=\"https:\/\/nordicpadel.com\/sv\/wp-content\/uploads\/sites\/10\/2025\/11\/1642ff0143476adba17ec25984ed2795.png\" \/>\n\t<meta property=\"og:image:width\" content=\"800\" \/>\n\t<meta property=\"og:image:height\" content=\"800\" \/>\n\t<meta property=\"og:image:type\" content=\"image\/png\" \/>\n<meta name=\"twitter:card\" content=\"summary_large_image\" \/>\n<meta name=\"twitter:label1\" content=\"Ber\u00e4knad l\u00e4stid\" \/>\n\t<meta name=\"twitter:data1\" content=\"1 minut\" \/>\n<script type=\"application\/ld+json\" class=\"yoast-schema-graph\">{\"@context\":\"https:\/\/schema.org\",\"@graph\":[{\"@type\":\"WebPage\",\"@id\":\"https:\/\/nordicpadel.com\/sv\/product\/asics-solution-swift-ff-5\/\",\"url\":\"https:\/\/nordicpadel.com\/sv\/product\/asics-solution-swift-ff-5\/\",\"name\":\"ASICS Solution Swift FF - Nordic Padel\",\"isPartOf\":{\"@id\":\"https:\/\/nordicpadel.com\/sv\/#website\"},\"primaryImageOfPage\":{\"@id\":\"https:\/\/nordicpadel.com\/sv\/product\/asics-solution-swift-ff-5\/#primaryimage\"},\"image\":{\"@id\":\"https:\/\/nordicpadel.com\/sv\/product\/asics-solution-swift-ff-5\/#primaryimage\"},\"thumbnailUrl\":\"https:\/\/nordicpadel.com\/sv\/wp-content\/uploads\/sites\/10\/2025\/11\/1642ff0143476adba17ec25984ed2795.png\",\"datePublished\":\"2025-11-26T17:52:50+00:00\",\"dateModified\":\"2026-02-02T16:11:23+00:00\",\"breadcrumb\":{\"@id\":\"https:\/\/nordicpadel.com\/sv\/product\/asics-solution-swift-ff-5\/#breadcrumb\"},\"inLanguage\":\"sv-SE\",\"potentialAction\":[{\"@type\":\"ReadAction\",\"target\":[\"https:\/\/nordicpadel.com\/sv\/product\/asics-solution-swift-ff-5\/\"]}]},{\"@type\":\"ImageObject\",\"inLanguage\":\"sv-SE\",\"@id\":\"https:\/\/nordicpadel.com\/sv\/product\/asics-solution-swift-ff-5\/#primaryimage\",\"url\":\"https:\/\/nordicpadel.com\/sv\/wp-content\/uploads\/sites\/10\/2025\/11\/1642ff0143476adba17ec25984ed2795.png\",\"contentUrl\":\"https:\/\/nordicpadel.com\/sv\/wp-content\/uploads\/sites\/10\/2025\/11\/1642ff0143476adba17ec25984ed2795.png\",\"width\":800,\"height\":800,\"caption\":\"ASICS Solution Swift FF\"},{\"@type\":\"BreadcrumbList\",\"@id\":\"https:\/\/nordicpadel.com\/sv\/product\/asics-solution-swift-ff-5\/#breadcrumb\",\"itemListElement\":[{\"@type\":\"ListItem\",\"position\":1,\"name\":\"Hem\",\"item\":\"https:\/\/nordicpadel.com\/sv\/\"},{\"@type\":\"ListItem\",\"position\":2,\"name\":\"Shop\",\"item\":\"https:\/\/nordicpadel.com\/sv\/shop\/\"},{\"@type\":\"ListItem\",\"position\":3,\"name\":\"ASICS Solution Swift FF\"}]},{\"@type\":\"WebSite\",\"@id\":\"https:\/\/nordicpadel.com\/sv\/#website\",\"url\":\"https:\/\/nordicpadel.com\/sv\/\",\"name\":\"Nordic Padel\",\"description\":\"\",\"publisher\":{\"@id\":\"https:\/\/nordicpadel.com\/sv\/#organization\"},\"potentialAction\":[{\"@type\":\"SearchAction\",\"target\":{\"@type\":\"EntryPoint\",\"urlTemplate\":\"https:\/\/nordicpadel.com\/sv\/?s={search_term_string}\"},\"query-input\":\"required name=search_term_string\"}],\"inLanguage\":\"sv-SE\"},{\"@type\":\"Organization\",\"@id\":\"https:\/\/nordicpadel.com\/sv\/#organization\",\"name\":\"Nordic Padel\",\"url\":\"https:\/\/nordicpadel.com\/sv\/\",\"logo\":{\"@type\":\"ImageObject\",\"inLanguage\":\"sv-SE\",\"@id\":\"https:\/\/nordicpadel.com\/sv\/#\/schema\/logo\/image\/\",\"url\":\"https:\/\/nordicpadel.com\/sv\/wp-content\/uploads\/sites\/10\/2022\/12\/Nordic-Padel-small_1-1.png\",\"contentUrl\":\"https:\/\/nordicpadel.com\/sv\/wp-content\/uploads\/sites\/10\/2022\/12\/Nordic-Padel-small_1-1.png\",\"width\":400,\"height\":119,\"caption\":\"Nordic Padel\"},\"image\":{\"@id\":\"https:\/\/nordicpadel.com\/sv\/#\/schema\/logo\/image\/\"}}]}<\/script>\n<!-- \/ Yoast SEO plugin. -->","yoast_head_json":{"title":"ASICS Solution Swift FF - Nordic Padel","robots":{"index":"index","follow":"follow","max-snippet":"max-snippet:-1","max-image-preview":"max-image-preview:large","max-video-preview":"max-video-preview:-1"},"canonical":"https:\/\/nordicpadel.com\/sv\/product\/asics-solution-swift-ff-5\/","og_locale":"sv_SE","og_type":"article","og_title":"ASICS Solution Swift FF - Nordic Padel","og_description":"Solution Swift FF Padel \u00e4r ers\u00e4ttaren till den om\u00e5ttligt popul\u00e4ra och v\u00e4rldens mest s\u00e5lda padelsko Lima Padel FF. Det \u00e4r en v\u00e4ld\u00e4mpad padelsko med h\u00f6g stabilitet samtidigt som den h\u00e5ller en l\u00e5g vikt och ger en h\u00f6g komfort. Solution Swift FF Padel \u00e4r har samma uppbyggnad som tennisskon Solution Swift FF d\u00e4r skillnaden mellan dessa [&hellip;]","og_url":"https:\/\/nordicpadel.com\/sv\/product\/asics-solution-swift-ff-5\/","og_site_name":"Nordic Padel","article_modified_time":"2026-02-02T16:11:23+00:00","og_image":[{"width":800,"height":800,"url":"https:\/\/nordicpadel.com\/sv\/wp-content\/uploads\/sites\/10\/2025\/11\/1642ff0143476adba17ec25984ed2795.png","type":"image\/png"}],"twitter_card":"summary_large_image","twitter_misc":{"Ber\u00e4knad l\u00e4stid":"1 minut"},"schema":{"@context":"https:\/\/schema.org","@graph":[{"@type":"WebPage","@id":"https:\/\/nordicpadel.com\/sv\/product\/asics-solution-swift-ff-5\/","url":"https:\/\/nordicpadel.com\/sv\/product\/asics-solution-swift-ff-5\/","name":"ASICS Solution Swift FF - Nordic Padel","isPartOf":{"@id":"https:\/\/nordicpadel.com\/sv\/#website"},"primaryImageOfPage":{"@id":"https:\/\/nordicpadel.com\/sv\/product\/asics-solution-swift-ff-5\/#primaryimage"},"image":{"@id":"https:\/\/nordicpadel.com\/sv\/product\/asics-solution-swift-ff-5\/#primaryimage"},"thumbnailUrl":"https:\/\/nordicpadel.com\/sv\/wp-content\/uploads\/sites\/10\/2025\/11\/1642ff0143476adba17ec25984ed2795.png","datePublished":"2025-11-26T17:52:50+00:00","dateModified":"2026-02-02T16:11:23+00:00","breadcrumb":{"@id":"https:\/\/nordicpadel.com\/sv\/product\/asics-solution-swift-ff-5\/#breadcrumb"},"inLanguage":"sv-SE","potentialAction":[{"@type":"ReadAction","target":["https:\/\/nordicpadel.com\/sv\/product\/asics-solution-swift-ff-5\/"]}]},{"@type":"ImageObject","inLanguage":"sv-SE","@id":"https:\/\/nordicpadel.com\/sv\/product\/asics-solution-swift-ff-5\/#primaryimage","url":"https:\/\/nordicpadel.com\/sv\/wp-content\/uploads\/sites\/10\/2025\/11\/1642ff0143476adba17ec25984ed2795.png","contentUrl":"https:\/\/nordicpadel.com\/sv\/wp-content\/uploads\/sites\/10\/2025\/11\/1642ff0143476adba17ec25984ed2795.png","width":800,"height":800,"caption":"ASICS Solution Swift FF"},{"@type":"BreadcrumbList","@id":"https:\/\/nordicpadel.com\/sv\/product\/asics-solution-swift-ff-5\/#breadcrumb","itemListElement":[{"@type":"ListItem","position":1,"name":"Hem","item":"https:\/\/nordicpadel.com\/sv\/"},{"@type":"ListItem","position":2,"name":"Shop","item":"https:\/\/nordicpadel.com\/sv\/shop\/"},{"@type":"ListItem","position":3,"name":"ASICS Solution Swift FF"}]},{"@type":"WebSite","@id":"https:\/\/nordicpadel.com\/sv\/#website","url":"https:\/\/nordicpadel.com\/sv\/","name":"Nordic Padel","description":"","publisher":{"@id":"https:\/\/nordicpadel.com\/sv\/#organization"},"potentialAction":[{"@type":"SearchAction","target":{"@type":"EntryPoint","urlTemplate":"https:\/\/nordicpadel.com\/sv\/?s={search_term_string}"},"query-input":"required name=search_term_string"}],"inLanguage":"sv-SE"},{"@type":"Organization","@id":"https:\/\/nordicpadel.com\/sv\/#organization","name":"Nordic Padel","url":"https:\/\/nordicpadel.com\/sv\/","logo":{"@type":"ImageObject","inLanguage":"sv-SE","@id":"https:\/\/nordicpadel.com\/sv\/#\/schema\/logo\/image\/","url":"https:\/\/nordicpadel.com\/sv\/wp-content\/uploads\/sites\/10\/2022\/12\/Nordic-Padel-small_1-1.png","contentUrl":"https:\/\/nordicpadel.com\/sv\/wp-content\/uploads\/sites\/10\/2022\/12\/Nordic-Padel-small_1-1.png","width":400,"height":119,"caption":"Nordic Padel"},"image":{"@id":"https:\/\/nordicpadel.com\/sv\/#\/schema\/logo\/image\/"}}]}},"brands":[],"_links":{"self":[{"href":"https:\/\/nordicpadel.com\/sv\/wp-json\/wp\/v2\/product\/92904","targetHints":{"allow":["GET"]}}],"collection":[{"href":"https:\/\/nordicpadel.com\/sv\/wp-json\/wp\/v2\/product"}],"about":[{"href":"https:\/\/nordicpadel.com\/sv\/wp-json\/wp\/v2\/types\/product"}],"replies":[{"embeddable":true,"href":"https:\/\/nordicpadel.com\/sv\/wp-json\/wp\/v2\/comments?post=92904"}],"wp:featuredmedia":[{"embeddable":true,"href":"https:\/\/nordicpadel.com\/sv\/wp-json\/wp\/v2\/media\/92894"}],"wp:attachment":[{"href":"https:\/\/nordicpadel.com\/sv\/wp-json\/wp\/v2\/media?parent=92904"}],"wp:term":[{"taxonomy":"pwb-brand","embeddable":true,"href":"https:\/\/nordicpadel.com\/sv\/wp-json\/wp\/v2\/pwb-brand?post=92904"},{"taxonomy":"product_cat","embeddable":true,"href":"https:\/\/nordicpadel.com\/sv\/wp-json\/wp\/v2\/product_cat?post=92904"},{"taxonomy":"product_tag","embeddable":true,"href":"https:\/\/nordicpadel.com\/sv\/wp-json\/wp\/v2\/product_tag?post=92904"},{"taxonomy":"woo-feed-brand","embeddable":true,"href":"https:\/\/nordicpadel.com\/sv\/wp-json\/wp\/v2\/woo-feed-brand?post=92904"}],"curies":[{"name":"wp","href":"https:\/\/api.w.org\/{rel}","templated":true}]}}