{"id":92716,"date":"2025-11-26T18:51:28","date_gmt":"2025-11-26T17:51:28","guid":{"rendered":"https:\/\/nordicpadel.com\/sv\/product\/adidas-solematch-control-w-clay\/"},"modified":"2026-02-02T01:10:49","modified_gmt":"2026-02-02T00:10:49","slug":"adidas-solematch-control-w-clay","status":"publish","type":"product","link":"https:\/\/nordicpadel.com\/sv\/product\/adidas-solematch-control-w-clay\/","title":{"rendered":"Adidas Solematch Control W Clay"},"content":{"rendered":"<p>H\u00e4r har vi de perfekta tennisskorna fr\u00e5n Adidas som ger dig ultimat kontroll p\u00e5 planen. Med specialplacerade TPU-zoner som ger st\u00f6d \u00e5t mellanfoten under sidor\u00f6relser och skyddar de omr\u00e5den som uts\u00e4tts f\u00f6r mest slitage, kan du vara s\u00e4ker p\u00e5 att dina f\u00f6tter kommer att vara bekv\u00e4ma och skyddade hela matchen.<\/p>\n<p>F\u00f6r en mer fixerad passform \u00e4r h\u00e4len p\u00e5 Solematch Control 3D-gjuten, vilket ger dig en optimal passform och \u00f6kar stabiliteten under r\u00f6relserna. Samtidigt som den flexibla Bounce-mellansulan ger dig smidiga och snabba r\u00f6relser genom hela matchen, vilket g\u00f6r att du kan prestera p\u00e5 din allra h\u00f6gsta niv\u00e5.<\/p>\n<p>Dessa skor \u00e4r perfekta f\u00f6r tennis, men fungerar \u00e4ven utm\u00e4rkt p\u00e5 padelbanans mondogr\u00e4s. Med Adidas slitstarka Adiwear-yttersula, som har ett nytt greppm\u00f6nster designat f\u00f6r intensiva po\u00e4nger och matcher, kommer du att ha perfekt balans mellan grepp och slitstyrka p\u00e5 h\u00e5rda underlag. Skorna \u00e4r \u00e4ven utrustade med Adituff, vilket motverkar t\u00e5slitage och \u00f6kar h\u00e5llbarheten.<\/p>\n<p>Solematch Control ovandel \u00e4r tillverkad i minst 50% \u00e5tervunnet material, en av Adidas l\u00f6sningar f\u00f6r en mer h\u00e5llbar framtid och f\u00f6r att minska plastavfallet. S\u00e5 n\u00e4r du b\u00e4r dessa skor kan du vara s\u00e4ker p\u00e5 att du bidrar till att g\u00f6ra v\u00e5r planet till en mer h\u00e5llbar plats.<\/p>\n<p>Med normal passform och sn\u00f6rning \u00e4r dessa skor b\u00e5de bekv\u00e4ma och enkla att anv\u00e4nda. Och med den 3D-formgjutna h\u00e4len f\u00e5r du den perfekta passformen och stabiliteten som beh\u00f6vs f\u00f6r att n\u00e5 din fulla potential p\u00e5 planen.<\/p>\n","protected":false},"excerpt":{"rendered":"<p>H\u00e4r har vi de perfekta tennisskorna fr\u00e5n Adidas som ger dig ultimat kontroll p\u00e5 planen. Med specialplacerade TPU-zoner som ger st\u00f6d \u00e5t mellanfoten under sidor\u00f6relser och skyddar de omr\u00e5den som uts\u00e4tts f\u00f6r mest slitage, kan du vara s\u00e4ker p\u00e5 att dina f\u00f6tter kommer att vara bekv\u00e4ma och skyddade hela matchen. F\u00f6r en mer fixerad passform [&hellip;]<\/p>\n","protected":false},"featured_media":92706,"comment_status":"open","ping_status":"closed","template":"","meta":[],"pwb-brand":[],"product_cat":[458],"product_tag":[],"woo-feed-brand":[],"class_list":{"0":"post-92716","1":"product","2":"type-product","3":"status-publish","4":"has-post-thumbnail","6":"product_cat-adidas","7":"pa_varumarke-adidas","9":"first","10":"instock","11":"taxable","12":"shipping-taxable","13":"purchasable","14":"product-type-variable"},"bundled_by":[],"bundle_stock_status":"instock","bundle_stock_quantity":1,"bundle_virtual":false,"bundle_layout":"","bundle_add_to_cart_form_location":"","bundle_editable_in_cart":false,"bundle_sold_individually_context":"","bundle_item_grouping":"","bundle_min_size":"","bundle_max_size":"","bundled_items":[],"bundle_sell_ids":[],"acf":[],"yoast_head":"<!-- This site is optimized with the Yoast SEO plugin v23.1 - https:\/\/yoast.com\/wordpress\/plugins\/seo\/ -->\n<title>Adidas Solematch Control W Clay - Nordic Padel<\/title>\n<meta name=\"robots\" content=\"index, follow, max-snippet:-1, max-image-preview:large, max-video-preview:-1\" \/>\n<link rel=\"canonical\" href=\"https:\/\/nordicpadel.com\/sv\/product\/adidas-solematch-control-w-clay\/\" \/>\n<meta property=\"og:locale\" content=\"sv_SE\" \/>\n<meta property=\"og:type\" content=\"article\" \/>\n<meta property=\"og:title\" content=\"Adidas Solematch Control W Clay - Nordic Padel\" \/>\n<meta property=\"og:description\" content=\"H\u00e4r har vi de perfekta tennisskorna fr\u00e5n Adidas som ger dig ultimat kontroll p\u00e5 planen. Med specialplacerade TPU-zoner som ger st\u00f6d \u00e5t mellanfoten under sidor\u00f6relser och skyddar de omr\u00e5den som uts\u00e4tts f\u00f6r mest slitage, kan du vara s\u00e4ker p\u00e5 att dina f\u00f6tter kommer att vara bekv\u00e4ma och skyddade hela matchen. F\u00f6r en mer fixerad passform [&hellip;]\" \/>\n<meta property=\"og:url\" content=\"https:\/\/nordicpadel.com\/sv\/product\/adidas-solematch-control-w-clay\/\" \/>\n<meta property=\"og:site_name\" content=\"Nordic Padel\" \/>\n<meta property=\"article:modified_time\" content=\"2026-02-02T00:10:49+00:00\" \/>\n<meta name=\"twitter:card\" content=\"summary_large_image\" \/>\n<meta name=\"twitter:label1\" content=\"Ber\u00e4knad l\u00e4stid\" \/>\n\t<meta name=\"twitter:data1\" content=\"1 minut\" \/>\n<script type=\"application\/ld+json\" class=\"yoast-schema-graph\">{\"@context\":\"https:\/\/schema.org\",\"@graph\":[{\"@type\":\"WebPage\",\"@id\":\"https:\/\/nordicpadel.com\/sv\/product\/adidas-solematch-control-w-clay\/\",\"url\":\"https:\/\/nordicpadel.com\/sv\/product\/adidas-solematch-control-w-clay\/\",\"name\":\"Adidas Solematch Control W Clay - Nordic Padel\",\"isPartOf\":{\"@id\":\"https:\/\/nordicpadel.com\/sv\/#website\"},\"primaryImageOfPage\":{\"@id\":\"https:\/\/nordicpadel.com\/sv\/product\/adidas-solematch-control-w-clay\/#primaryimage\"},\"image\":{\"@id\":\"https:\/\/nordicpadel.com\/sv\/product\/adidas-solematch-control-w-clay\/#primaryimage\"},\"thumbnailUrl\":\"https:\/\/nordicpadel.com\/sv\/wp-content\/uploads\/sites\/10\/2025\/11\/9ba101aa79f0faf7b7a9c9843ba45e81.png\",\"datePublished\":\"2025-11-26T17:51:28+00:00\",\"dateModified\":\"2026-02-02T00:10:49+00:00\",\"breadcrumb\":{\"@id\":\"https:\/\/nordicpadel.com\/sv\/product\/adidas-solematch-control-w-clay\/#breadcrumb\"},\"inLanguage\":\"sv-SE\",\"potentialAction\":[{\"@type\":\"ReadAction\",\"target\":[\"https:\/\/nordicpadel.com\/sv\/product\/adidas-solematch-control-w-clay\/\"]}]},{\"@type\":\"ImageObject\",\"inLanguage\":\"sv-SE\",\"@id\":\"https:\/\/nordicpadel.com\/sv\/product\/adidas-solematch-control-w-clay\/#primaryimage\",\"url\":\"https:\/\/nordicpadel.com\/sv\/wp-content\/uploads\/sites\/10\/2025\/11\/9ba101aa79f0faf7b7a9c9843ba45e81.png\",\"contentUrl\":\"https:\/\/nordicpadel.com\/sv\/wp-content\/uploads\/sites\/10\/2025\/11\/9ba101aa79f0faf7b7a9c9843ba45e81.png\",\"width\":800,\"height\":800,\"caption\":\"Adidas Solematch Control W Clay\"},{\"@type\":\"BreadcrumbList\",\"@id\":\"https:\/\/nordicpadel.com\/sv\/product\/adidas-solematch-control-w-clay\/#breadcrumb\",\"itemListElement\":[{\"@type\":\"ListItem\",\"position\":1,\"name\":\"Hem\",\"item\":\"https:\/\/nordicpadel.com\/sv\/\"},{\"@type\":\"ListItem\",\"position\":2,\"name\":\"Shop\",\"item\":\"https:\/\/nordicpadel.com\/sv\/shop\/\"},{\"@type\":\"ListItem\",\"position\":3,\"name\":\"Adidas Solematch Control W Clay\"}]},{\"@type\":\"WebSite\",\"@id\":\"https:\/\/nordicpadel.com\/sv\/#website\",\"url\":\"https:\/\/nordicpadel.com\/sv\/\",\"name\":\"Nordic Padel\",\"description\":\"\",\"publisher\":{\"@id\":\"https:\/\/nordicpadel.com\/sv\/#organization\"},\"potentialAction\":[{\"@type\":\"SearchAction\",\"target\":{\"@type\":\"EntryPoint\",\"urlTemplate\":\"https:\/\/nordicpadel.com\/sv\/?s={search_term_string}\"},\"query-input\":\"required name=search_term_string\"}],\"inLanguage\":\"sv-SE\"},{\"@type\":\"Organization\",\"@id\":\"https:\/\/nordicpadel.com\/sv\/#organization\",\"name\":\"Nordic Padel\",\"url\":\"https:\/\/nordicpadel.com\/sv\/\",\"logo\":{\"@type\":\"ImageObject\",\"inLanguage\":\"sv-SE\",\"@id\":\"https:\/\/nordicpadel.com\/sv\/#\/schema\/logo\/image\/\",\"url\":\"https:\/\/nordicpadel.com\/sv\/wp-content\/uploads\/sites\/10\/2022\/12\/Nordic-Padel-small_1-1.png\",\"contentUrl\":\"https:\/\/nordicpadel.com\/sv\/wp-content\/uploads\/sites\/10\/2022\/12\/Nordic-Padel-small_1-1.png\",\"width\":400,\"height\":119,\"caption\":\"Nordic Padel\"},\"image\":{\"@id\":\"https:\/\/nordicpadel.com\/sv\/#\/schema\/logo\/image\/\"}}]}<\/script>\n<!-- \/ Yoast SEO plugin. -->","yoast_head_json":{"title":"Adidas Solematch Control W Clay - Nordic Padel","robots":{"index":"index","follow":"follow","max-snippet":"max-snippet:-1","max-image-preview":"max-image-preview:large","max-video-preview":"max-video-preview:-1"},"canonical":"https:\/\/nordicpadel.com\/sv\/product\/adidas-solematch-control-w-clay\/","og_locale":"sv_SE","og_type":"article","og_title":"Adidas Solematch Control W Clay - Nordic Padel","og_description":"H\u00e4r har vi de perfekta tennisskorna fr\u00e5n Adidas som ger dig ultimat kontroll p\u00e5 planen. Med specialplacerade TPU-zoner som ger st\u00f6d \u00e5t mellanfoten under sidor\u00f6relser och skyddar de omr\u00e5den som uts\u00e4tts f\u00f6r mest slitage, kan du vara s\u00e4ker p\u00e5 att dina f\u00f6tter kommer att vara bekv\u00e4ma och skyddade hela matchen. F\u00f6r en mer fixerad passform [&hellip;]","og_url":"https:\/\/nordicpadel.com\/sv\/product\/adidas-solematch-control-w-clay\/","og_site_name":"Nordic Padel","article_modified_time":"2026-02-02T00:10:49+00:00","twitter_card":"summary_large_image","twitter_misc":{"Ber\u00e4knad l\u00e4stid":"1 minut"},"schema":{"@context":"https:\/\/schema.org","@graph":[{"@type":"WebPage","@id":"https:\/\/nordicpadel.com\/sv\/product\/adidas-solematch-control-w-clay\/","url":"https:\/\/nordicpadel.com\/sv\/product\/adidas-solematch-control-w-clay\/","name":"Adidas Solematch Control W Clay - Nordic Padel","isPartOf":{"@id":"https:\/\/nordicpadel.com\/sv\/#website"},"primaryImageOfPage":{"@id":"https:\/\/nordicpadel.com\/sv\/product\/adidas-solematch-control-w-clay\/#primaryimage"},"image":{"@id":"https:\/\/nordicpadel.com\/sv\/product\/adidas-solematch-control-w-clay\/#primaryimage"},"thumbnailUrl":"https:\/\/nordicpadel.com\/sv\/wp-content\/uploads\/sites\/10\/2025\/11\/9ba101aa79f0faf7b7a9c9843ba45e81.png","datePublished":"2025-11-26T17:51:28+00:00","dateModified":"2026-02-02T00:10:49+00:00","breadcrumb":{"@id":"https:\/\/nordicpadel.com\/sv\/product\/adidas-solematch-control-w-clay\/#breadcrumb"},"inLanguage":"sv-SE","potentialAction":[{"@type":"ReadAction","target":["https:\/\/nordicpadel.com\/sv\/product\/adidas-solematch-control-w-clay\/"]}]},{"@type":"ImageObject","inLanguage":"sv-SE","@id":"https:\/\/nordicpadel.com\/sv\/product\/adidas-solematch-control-w-clay\/#primaryimage","url":"https:\/\/nordicpadel.com\/sv\/wp-content\/uploads\/sites\/10\/2025\/11\/9ba101aa79f0faf7b7a9c9843ba45e81.png","contentUrl":"https:\/\/nordicpadel.com\/sv\/wp-content\/uploads\/sites\/10\/2025\/11\/9ba101aa79f0faf7b7a9c9843ba45e81.png","width":800,"height":800,"caption":"Adidas Solematch Control W Clay"},{"@type":"BreadcrumbList","@id":"https:\/\/nordicpadel.com\/sv\/product\/adidas-solematch-control-w-clay\/#breadcrumb","itemListElement":[{"@type":"ListItem","position":1,"name":"Hem","item":"https:\/\/nordicpadel.com\/sv\/"},{"@type":"ListItem","position":2,"name":"Shop","item":"https:\/\/nordicpadel.com\/sv\/shop\/"},{"@type":"ListItem","position":3,"name":"Adidas Solematch Control W Clay"}]},{"@type":"WebSite","@id":"https:\/\/nordicpadel.com\/sv\/#website","url":"https:\/\/nordicpadel.com\/sv\/","name":"Nordic Padel","description":"","publisher":{"@id":"https:\/\/nordicpadel.com\/sv\/#organization"},"potentialAction":[{"@type":"SearchAction","target":{"@type":"EntryPoint","urlTemplate":"https:\/\/nordicpadel.com\/sv\/?s={search_term_string}"},"query-input":"required name=search_term_string"}],"inLanguage":"sv-SE"},{"@type":"Organization","@id":"https:\/\/nordicpadel.com\/sv\/#organization","name":"Nordic Padel","url":"https:\/\/nordicpadel.com\/sv\/","logo":{"@type":"ImageObject","inLanguage":"sv-SE","@id":"https:\/\/nordicpadel.com\/sv\/#\/schema\/logo\/image\/","url":"https:\/\/nordicpadel.com\/sv\/wp-content\/uploads\/sites\/10\/2022\/12\/Nordic-Padel-small_1-1.png","contentUrl":"https:\/\/nordicpadel.com\/sv\/wp-content\/uploads\/sites\/10\/2022\/12\/Nordic-Padel-small_1-1.png","width":400,"height":119,"caption":"Nordic Padel"},"image":{"@id":"https:\/\/nordicpadel.com\/sv\/#\/schema\/logo\/image\/"}}]}},"brands":[],"_links":{"self":[{"href":"https:\/\/nordicpadel.com\/sv\/wp-json\/wp\/v2\/product\/92716","targetHints":{"allow":["GET"]}}],"collection":[{"href":"https:\/\/nordicpadel.com\/sv\/wp-json\/wp\/v2\/product"}],"about":[{"href":"https:\/\/nordicpadel.com\/sv\/wp-json\/wp\/v2\/types\/product"}],"replies":[{"embeddable":true,"href":"https:\/\/nordicpadel.com\/sv\/wp-json\/wp\/v2\/comments?post=92716"}],"wp:featuredmedia":[{"embeddable":true,"href":"https:\/\/nordicpadel.com\/sv\/wp-json\/wp\/v2\/media\/92706"}],"wp:attachment":[{"href":"https:\/\/nordicpadel.com\/sv\/wp-json\/wp\/v2\/media?parent=92716"}],"wp:term":[{"taxonomy":"pwb-brand","embeddable":true,"href":"https:\/\/nordicpadel.com\/sv\/wp-json\/wp\/v2\/pwb-brand?post=92716"},{"taxonomy":"product_cat","embeddable":true,"href":"https:\/\/nordicpadel.com\/sv\/wp-json\/wp\/v2\/product_cat?post=92716"},{"taxonomy":"product_tag","embeddable":true,"href":"https:\/\/nordicpadel.com\/sv\/wp-json\/wp\/v2\/product_tag?post=92716"},{"taxonomy":"woo-feed-brand","embeddable":true,"href":"https:\/\/nordicpadel.com\/sv\/wp-json\/wp\/v2\/woo-feed-brand?post=92716"}],"curies":[{"name":"wp","href":"https:\/\/api.w.org\/{rel}","templated":true}]}}