{"id":92656,"date":"2025-11-26T18:51:09","date_gmt":"2025-11-26T17:51:09","guid":{"rendered":"https:\/\/nordicpadel.com\/sv\/product\/varlion-bourne-summum-prisma-s\/"},"modified":"2025-11-27T08:37:51","modified_gmt":"2025-11-27T07:37:51","slug":"varlion-bourne-summum-prisma-s","status":"publish","type":"product","link":"https:\/\/nordicpadel.com\/sv\/product\/varlion-bourne-summum-prisma-s\/","title":{"rendered":"Varlion Bourne Summum Prisma S"},"content":{"rendered":"<p>Varlion Bourne Summum Prisma Airflow S \u00e4r det senaste racket i Bourne-familjen och just denna modell \u00e4r Mike Yanguas alldeles egna racket. Formen \u00e4r s\u00e5ledes en mix av diamant och dropp, den optimala formen f\u00f6r spelare som vill f\u00e5 ut maximalt med fart men som samtidigt vill ha de mer f\u00f6rl\u00e5tande egenskaperna av ett droppformat racket.<br id=\"isPasted\"><br \/><span style=\"font-family: sans-serif;font-size: 14px;font-style: normal;font-weight: 400;letter-spacing: normal;text-align: left;text-indent: 0px;text-transform: none;display: inline !important;float: none\">Den stora nyheten p\u00e5 \u00e5rets modell \u00e4r Airflow-kanalerna i rackets tr\u00e4ffyta som ger ett mer l\u00e4ttsvingat och mer stabilt racket. Vikten p\u00e5 racketarna varierar men just nu har vi inne ett parti med vikt mellan 340-345g. S\u00e5ledes \u00e4r modellen det absolut l\u00e4ttaste fartracketen p\u00e5 marknaden och riktar sig mot dig som trivs med l\u00e4ttare racketar.<\/span><\/p>\n<p><span style=\"font-family: sans-serif;font-size: 14px;font-style: normal;font-weight: 400;letter-spacing: normal;text-align: left;text-indent: 0px;text-transform: none;display: inline !important;float: none\">Tr\u00e4ffytan \u00e4r tillverkad i 12k kolfiber och tillsammans med styvt EVA-skum i k\u00e4rnan ger detta ett styvt racket som producerar otroligt bra fart &#8211; men som ocks\u00e5 st\u00e4ller h\u00f6gre krav p\u00e5 dig som spelare. Tr\u00e4ffytan har vidare utrustats med en grov struktur f\u00f6r att producera extra spin i slagen.<\/span><\/p>\n<p>Racket har \u00e4ven ett l\u00e4ngre handtag f\u00f6r att ge spelaren ett mer bekv\u00e4mt grepp, men \u00e4ven f\u00f6r att g\u00f6ra det l\u00e4ttare att spela med dubbelfattad backhand.<\/p>\n<p>Denna utg\u00e5va \u00e4r den s\u00e5kallade summer edition, s\u00e5 racket har ett h\u00e5rdare skum i \u00e4n det vanliga bourne summum prisma airflow. Skummet har \u00e4ven f\u00e5tt en tuff r\u00f6d f\u00e4rg!<\/p>\n","protected":false},"excerpt":{"rendered":"<p>Varlion Bourne Summum Prisma Airflow S \u00e4r det senaste racket i Bourne-familjen och just denna modell \u00e4r Mike Yanguas alldeles egna racket. Formen \u00e4r s\u00e5ledes en mix av diamant och dropp, den optimala formen f\u00f6r spelare som vill f\u00e5 ut maximalt med fart men som samtidigt vill ha de mer f\u00f6rl\u00e5tande egenskaperna av ett droppformat [&hellip;]<\/p>\n","protected":false},"featured_media":92618,"comment_status":"open","ping_status":"closed","template":"","meta":[],"pwb-brand":[],"product_cat":[462],"product_tag":[],"woo-feed-brand":[],"class_list":{"0":"post-92656","1":"product","2":"type-product","3":"status-publish","4":"has-post-thumbnail","6":"product_cat-varlion","7":"pa_varumarke-varlion","9":"first","10":"outofstock","11":"taxable","12":"shipping-taxable","13":"purchasable","14":"product-type-simple"},"bundled_by":[],"bundle_stock_status":"outofstock","bundle_stock_quantity":0,"bundle_virtual":false,"bundle_layout":"","bundle_add_to_cart_form_location":"","bundle_editable_in_cart":false,"bundle_sold_individually_context":"","bundle_item_grouping":"","bundle_min_size":"","bundle_max_size":"","bundled_items":[],"bundle_sell_ids":[],"acf":[],"yoast_head":"<!-- This site is optimized with the Yoast SEO plugin v23.1 - https:\/\/yoast.com\/wordpress\/plugins\/seo\/ -->\n<title>Varlion Bourne Summum Prisma S - Nordic Padel<\/title>\n<meta name=\"robots\" content=\"index, follow, max-snippet:-1, max-image-preview:large, max-video-preview:-1\" \/>\n<link rel=\"canonical\" href=\"https:\/\/nordicpadel.com\/sv\/product\/varlion-bourne-summum-prisma-s\/\" \/>\n<meta property=\"og:locale\" content=\"sv_SE\" \/>\n<meta property=\"og:type\" content=\"article\" \/>\n<meta property=\"og:title\" content=\"Varlion Bourne Summum Prisma S - Nordic Padel\" \/>\n<meta property=\"og:description\" content=\"Varlion Bourne Summum Prisma Airflow S \u00e4r det senaste racket i Bourne-familjen och just denna modell \u00e4r Mike Yanguas alldeles egna racket. Formen \u00e4r s\u00e5ledes en mix av diamant och dropp, den optimala formen f\u00f6r spelare som vill f\u00e5 ut maximalt med fart men som samtidigt vill ha de mer f\u00f6rl\u00e5tande egenskaperna av ett droppformat [&hellip;]\" \/>\n<meta property=\"og:url\" content=\"https:\/\/nordicpadel.com\/sv\/product\/varlion-bourne-summum-prisma-s\/\" \/>\n<meta property=\"og:site_name\" content=\"Nordic Padel\" \/>\n<meta property=\"article:modified_time\" content=\"2025-11-27T07:37:51+00:00\" \/>\n<meta property=\"og:image\" content=\"https:\/\/nordicpadel.com\/sv\/wp-content\/uploads\/sites\/10\/2025\/11\/cdda6c941c16230ad9ad33092dad3e0f.png\" \/>\n\t<meta property=\"og:image:width\" content=\"800\" \/>\n\t<meta property=\"og:image:height\" content=\"800\" \/>\n\t<meta property=\"og:image:type\" content=\"image\/png\" \/>\n<meta name=\"twitter:card\" content=\"summary_large_image\" \/>\n<meta name=\"twitter:label1\" content=\"Ber\u00e4knad l\u00e4stid\" \/>\n\t<meta name=\"twitter:data1\" content=\"1 minut\" \/>\n<script type=\"application\/ld+json\" class=\"yoast-schema-graph\">{\"@context\":\"https:\/\/schema.org\",\"@graph\":[{\"@type\":\"WebPage\",\"@id\":\"https:\/\/nordicpadel.com\/sv\/product\/varlion-bourne-summum-prisma-s\/\",\"url\":\"https:\/\/nordicpadel.com\/sv\/product\/varlion-bourne-summum-prisma-s\/\",\"name\":\"Varlion Bourne Summum Prisma S - Nordic Padel\",\"isPartOf\":{\"@id\":\"https:\/\/nordicpadel.com\/sv\/#website\"},\"primaryImageOfPage\":{\"@id\":\"https:\/\/nordicpadel.com\/sv\/product\/varlion-bourne-summum-prisma-s\/#primaryimage\"},\"image\":{\"@id\":\"https:\/\/nordicpadel.com\/sv\/product\/varlion-bourne-summum-prisma-s\/#primaryimage\"},\"thumbnailUrl\":\"https:\/\/nordicpadel.com\/sv\/wp-content\/uploads\/sites\/10\/2025\/11\/cdda6c941c16230ad9ad33092dad3e0f.png\",\"datePublished\":\"2025-11-26T17:51:09+00:00\",\"dateModified\":\"2025-11-27T07:37:51+00:00\",\"breadcrumb\":{\"@id\":\"https:\/\/nordicpadel.com\/sv\/product\/varlion-bourne-summum-prisma-s\/#breadcrumb\"},\"inLanguage\":\"sv-SE\",\"potentialAction\":[{\"@type\":\"ReadAction\",\"target\":[\"https:\/\/nordicpadel.com\/sv\/product\/varlion-bourne-summum-prisma-s\/\"]}]},{\"@type\":\"ImageObject\",\"inLanguage\":\"sv-SE\",\"@id\":\"https:\/\/nordicpadel.com\/sv\/product\/varlion-bourne-summum-prisma-s\/#primaryimage\",\"url\":\"https:\/\/nordicpadel.com\/sv\/wp-content\/uploads\/sites\/10\/2025\/11\/cdda6c941c16230ad9ad33092dad3e0f.png\",\"contentUrl\":\"https:\/\/nordicpadel.com\/sv\/wp-content\/uploads\/sites\/10\/2025\/11\/cdda6c941c16230ad9ad33092dad3e0f.png\",\"width\":800,\"height\":800,\"caption\":\"Varlion Bourne Summum Prisma S\"},{\"@type\":\"BreadcrumbList\",\"@id\":\"https:\/\/nordicpadel.com\/sv\/product\/varlion-bourne-summum-prisma-s\/#breadcrumb\",\"itemListElement\":[{\"@type\":\"ListItem\",\"position\":1,\"name\":\"Hem\",\"item\":\"https:\/\/nordicpadel.com\/sv\/\"},{\"@type\":\"ListItem\",\"position\":2,\"name\":\"Shop\",\"item\":\"https:\/\/nordicpadel.com\/sv\/shop\/\"},{\"@type\":\"ListItem\",\"position\":3,\"name\":\"Varlion Bourne Summum Prisma S\"}]},{\"@type\":\"WebSite\",\"@id\":\"https:\/\/nordicpadel.com\/sv\/#website\",\"url\":\"https:\/\/nordicpadel.com\/sv\/\",\"name\":\"Nordic Padel\",\"description\":\"\",\"publisher\":{\"@id\":\"https:\/\/nordicpadel.com\/sv\/#organization\"},\"potentialAction\":[{\"@type\":\"SearchAction\",\"target\":{\"@type\":\"EntryPoint\",\"urlTemplate\":\"https:\/\/nordicpadel.com\/sv\/?s={search_term_string}\"},\"query-input\":\"required name=search_term_string\"}],\"inLanguage\":\"sv-SE\"},{\"@type\":\"Organization\",\"@id\":\"https:\/\/nordicpadel.com\/sv\/#organization\",\"name\":\"Nordic Padel\",\"url\":\"https:\/\/nordicpadel.com\/sv\/\",\"logo\":{\"@type\":\"ImageObject\",\"inLanguage\":\"sv-SE\",\"@id\":\"https:\/\/nordicpadel.com\/sv\/#\/schema\/logo\/image\/\",\"url\":\"https:\/\/nordicpadel.com\/sv\/wp-content\/uploads\/sites\/10\/2022\/12\/Nordic-Padel-small_1-1.png\",\"contentUrl\":\"https:\/\/nordicpadel.com\/sv\/wp-content\/uploads\/sites\/10\/2022\/12\/Nordic-Padel-small_1-1.png\",\"width\":400,\"height\":119,\"caption\":\"Nordic Padel\"},\"image\":{\"@id\":\"https:\/\/nordicpadel.com\/sv\/#\/schema\/logo\/image\/\"}}]}<\/script>\n<!-- \/ Yoast SEO plugin. -->","yoast_head_json":{"title":"Varlion Bourne Summum Prisma S - Nordic Padel","robots":{"index":"index","follow":"follow","max-snippet":"max-snippet:-1","max-image-preview":"max-image-preview:large","max-video-preview":"max-video-preview:-1"},"canonical":"https:\/\/nordicpadel.com\/sv\/product\/varlion-bourne-summum-prisma-s\/","og_locale":"sv_SE","og_type":"article","og_title":"Varlion Bourne Summum Prisma S - Nordic Padel","og_description":"Varlion Bourne Summum Prisma Airflow S \u00e4r det senaste racket i Bourne-familjen och just denna modell \u00e4r Mike Yanguas alldeles egna racket. Formen \u00e4r s\u00e5ledes en mix av diamant och dropp, den optimala formen f\u00f6r spelare som vill f\u00e5 ut maximalt med fart men som samtidigt vill ha de mer f\u00f6rl\u00e5tande egenskaperna av ett droppformat [&hellip;]","og_url":"https:\/\/nordicpadel.com\/sv\/product\/varlion-bourne-summum-prisma-s\/","og_site_name":"Nordic Padel","article_modified_time":"2025-11-27T07:37:51+00:00","og_image":[{"width":800,"height":800,"url":"https:\/\/nordicpadel.com\/sv\/wp-content\/uploads\/sites\/10\/2025\/11\/cdda6c941c16230ad9ad33092dad3e0f.png","type":"image\/png"}],"twitter_card":"summary_large_image","twitter_misc":{"Ber\u00e4knad l\u00e4stid":"1 minut"},"schema":{"@context":"https:\/\/schema.org","@graph":[{"@type":"WebPage","@id":"https:\/\/nordicpadel.com\/sv\/product\/varlion-bourne-summum-prisma-s\/","url":"https:\/\/nordicpadel.com\/sv\/product\/varlion-bourne-summum-prisma-s\/","name":"Varlion Bourne Summum Prisma S - Nordic Padel","isPartOf":{"@id":"https:\/\/nordicpadel.com\/sv\/#website"},"primaryImageOfPage":{"@id":"https:\/\/nordicpadel.com\/sv\/product\/varlion-bourne-summum-prisma-s\/#primaryimage"},"image":{"@id":"https:\/\/nordicpadel.com\/sv\/product\/varlion-bourne-summum-prisma-s\/#primaryimage"},"thumbnailUrl":"https:\/\/nordicpadel.com\/sv\/wp-content\/uploads\/sites\/10\/2025\/11\/cdda6c941c16230ad9ad33092dad3e0f.png","datePublished":"2025-11-26T17:51:09+00:00","dateModified":"2025-11-27T07:37:51+00:00","breadcrumb":{"@id":"https:\/\/nordicpadel.com\/sv\/product\/varlion-bourne-summum-prisma-s\/#breadcrumb"},"inLanguage":"sv-SE","potentialAction":[{"@type":"ReadAction","target":["https:\/\/nordicpadel.com\/sv\/product\/varlion-bourne-summum-prisma-s\/"]}]},{"@type":"ImageObject","inLanguage":"sv-SE","@id":"https:\/\/nordicpadel.com\/sv\/product\/varlion-bourne-summum-prisma-s\/#primaryimage","url":"https:\/\/nordicpadel.com\/sv\/wp-content\/uploads\/sites\/10\/2025\/11\/cdda6c941c16230ad9ad33092dad3e0f.png","contentUrl":"https:\/\/nordicpadel.com\/sv\/wp-content\/uploads\/sites\/10\/2025\/11\/cdda6c941c16230ad9ad33092dad3e0f.png","width":800,"height":800,"caption":"Varlion Bourne Summum Prisma S"},{"@type":"BreadcrumbList","@id":"https:\/\/nordicpadel.com\/sv\/product\/varlion-bourne-summum-prisma-s\/#breadcrumb","itemListElement":[{"@type":"ListItem","position":1,"name":"Hem","item":"https:\/\/nordicpadel.com\/sv\/"},{"@type":"ListItem","position":2,"name":"Shop","item":"https:\/\/nordicpadel.com\/sv\/shop\/"},{"@type":"ListItem","position":3,"name":"Varlion Bourne Summum Prisma S"}]},{"@type":"WebSite","@id":"https:\/\/nordicpadel.com\/sv\/#website","url":"https:\/\/nordicpadel.com\/sv\/","name":"Nordic Padel","description":"","publisher":{"@id":"https:\/\/nordicpadel.com\/sv\/#organization"},"potentialAction":[{"@type":"SearchAction","target":{"@type":"EntryPoint","urlTemplate":"https:\/\/nordicpadel.com\/sv\/?s={search_term_string}"},"query-input":"required name=search_term_string"}],"inLanguage":"sv-SE"},{"@type":"Organization","@id":"https:\/\/nordicpadel.com\/sv\/#organization","name":"Nordic Padel","url":"https:\/\/nordicpadel.com\/sv\/","logo":{"@type":"ImageObject","inLanguage":"sv-SE","@id":"https:\/\/nordicpadel.com\/sv\/#\/schema\/logo\/image\/","url":"https:\/\/nordicpadel.com\/sv\/wp-content\/uploads\/sites\/10\/2022\/12\/Nordic-Padel-small_1-1.png","contentUrl":"https:\/\/nordicpadel.com\/sv\/wp-content\/uploads\/sites\/10\/2022\/12\/Nordic-Padel-small_1-1.png","width":400,"height":119,"caption":"Nordic Padel"},"image":{"@id":"https:\/\/nordicpadel.com\/sv\/#\/schema\/logo\/image\/"}}]}},"brands":[],"_links":{"self":[{"href":"https:\/\/nordicpadel.com\/sv\/wp-json\/wp\/v2\/product\/92656","targetHints":{"allow":["GET"]}}],"collection":[{"href":"https:\/\/nordicpadel.com\/sv\/wp-json\/wp\/v2\/product"}],"about":[{"href":"https:\/\/nordicpadel.com\/sv\/wp-json\/wp\/v2\/types\/product"}],"replies":[{"embeddable":true,"href":"https:\/\/nordicpadel.com\/sv\/wp-json\/wp\/v2\/comments?post=92656"}],"wp:featuredmedia":[{"embeddable":true,"href":"https:\/\/nordicpadel.com\/sv\/wp-json\/wp\/v2\/media\/92618"}],"wp:attachment":[{"href":"https:\/\/nordicpadel.com\/sv\/wp-json\/wp\/v2\/media?parent=92656"}],"wp:term":[{"taxonomy":"pwb-brand","embeddable":true,"href":"https:\/\/nordicpadel.com\/sv\/wp-json\/wp\/v2\/pwb-brand?post=92656"},{"taxonomy":"product_cat","embeddable":true,"href":"https:\/\/nordicpadel.com\/sv\/wp-json\/wp\/v2\/product_cat?post=92656"},{"taxonomy":"product_tag","embeddable":true,"href":"https:\/\/nordicpadel.com\/sv\/wp-json\/wp\/v2\/product_tag?post=92656"},{"taxonomy":"woo-feed-brand","embeddable":true,"href":"https:\/\/nordicpadel.com\/sv\/wp-json\/wp\/v2\/woo-feed-brand?post=92656"}],"curies":[{"name":"wp","href":"https:\/\/api.w.org\/{rel}","templated":true}]}}