{"id":92641,"date":"2025-11-26T18:51:04","date_gmt":"2025-11-26T17:51:04","guid":{"rendered":"https:\/\/nordicpadel.com\/sv\/product\/bullpadel-beker-23v\/"},"modified":"2026-02-20T11:38:06","modified_gmt":"2026-02-20T10:38:06","slug":"bullpadel-beker-23v","status":"publish","type":"product","link":"https:\/\/nordicpadel.com\/sv\/product\/bullpadel-beker-23v\/","title":{"rendered":"Bullpadel Beker 23v"},"content":{"rendered":"<p>Modell f\u00f6r utvecklad f\u00f6r alla medel- till h\u00f6gpresterande spelare som s\u00f6ker flexibla och luftiga skor med mycket god h\u00e5llbarhet. Skon har en f\u00f6rst\u00e4rkt t\u00e5 av komprimerat gummi med mycket h\u00f6g motst\u00e5ndskraft mot abrasion. Dessutom har skon en inre textilfoder av &#8220;mesh&#8221; som ger komfort och f\u00f6rb\u00e4ttrar andningsf\u00f6rm\u00e5gan.<\/p>\n<p>Sulan \u00e4r utformad f\u00f6r padelbanor och \u00e4r gjord av h\u00f6gdensitets gummi med ett herringbone-m\u00f6nster som \u00e4r 3mm djupt. Sulans design g\u00f6r att du kan k\u00e4nna maximalt grepp och flexibilitet i foten. Skon har ocks\u00e5 en central stabilisator gjord av TPU som f\u00f6rb\u00e4ttrar balansen och f\u00f6rst\u00e4rker den centrala strukturen av fotvalvet.<\/p>\n<p>Oavsett om det handlar om snabba sprints, smidiga r\u00f6relser eller snabba v\u00e4ndningar p\u00e5 planen, kan du lita p\u00e5 denna modell f\u00f6r att ge dina f\u00f6tter det st\u00f6d, skydd och komfort de beh\u00f6ver f\u00f6r att lyckas p\u00e5 banan.<\/p>\n<p>Teknologier<\/p>\n<p>MID STAB<br \/>Den centrala stabilisatorn \u00e4r tillverkad av TPU och f\u00f6rb\u00e4ttrar balansen och st\u00e4rker den centrala strukturen i fotvalvet. Med denna unika teknologi kan spelare k\u00e4nna sig s\u00e4kra p\u00e5 att deras fotleder och fotvalv \u00e4r v\u00e4l skyddade mot skador och \u00f6verbelastning.<\/p>\n<p>TOUGH TOE<br \/>F\u00f6rst\u00e4rkning i t\u00e5h\u00e4ttan tillverkad av gummi och sydd och injicerad p\u00e5 ovandelen av skon. Denna f\u00f6rst\u00e4rkningsdel ger extra skydd och \u00f6kad h\u00e5llbarhet genom att motst\u00e5 n\u00f6tning och slitage fr\u00e5n upprepade r\u00f6relser p\u00e5 planen.<\/p>\n<p>STITCH INSOLE<br \/>EVA-gummit har en textilf\u00f6rst\u00e4rkning och \u00e4r sammansatt med Phylon p\u00e5 mellansulan. Detta ger \u00f6kad d\u00e4mpning och komfort f\u00f6r spelaren, vilket minskar risken f\u00f6r skador och tr\u00f6tthet under intensiv anv\u00e4ndning.<\/p>\n<p>HERRINGBONE SOLE<br \/>H\u00f6gdensitetsgummisula med ett herringbone-m\u00f6nster som \u00e4r specifikt utformat f\u00f6r padelbanor. Sulans design g\u00f6r att du kan k\u00e4nna maximalt grepp och flexibilitet i foten n\u00e4r de spelar. Med ett suldjup p\u00e5 3 mm ger sulan ocks\u00e5 en extra niv\u00e5 av st\u00f6d och stabilitet p\u00e5 banan.<\/p>\n<p>BREATHMESH<br \/>Det inre mesh-tyget ger \u00f6kad komfort och g\u00f6r att skorna andas och f\u00f6tterna ventileras, detta fr\u00e4mjar en sval och torr k\u00e4nsla.<\/p>\n","protected":false},"excerpt":{"rendered":"<p>Modell f\u00f6r utvecklad f\u00f6r alla medel- till h\u00f6gpresterande spelare som s\u00f6ker flexibla och luftiga skor med mycket god h\u00e5llbarhet. Skon har en f\u00f6rst\u00e4rkt t\u00e5 av komprimerat gummi med mycket h\u00f6g motst\u00e5ndskraft mot abrasion. Dessutom har skon en inre textilfoder av &#8220;mesh&#8221; som ger komfort och f\u00f6rb\u00e4ttrar andningsf\u00f6rm\u00e5gan. Sulan \u00e4r utformad f\u00f6r padelbanor och \u00e4r gjord [&hellip;]<\/p>\n","protected":false},"featured_media":92630,"comment_status":"open","ping_status":"closed","template":"","meta":[],"pwb-brand":[],"product_cat":[457],"product_tag":[],"woo-feed-brand":[],"class_list":{"0":"post-92641","1":"product","2":"type-product","3":"status-publish","4":"has-post-thumbnail","6":"product_cat-bullpadel","7":"pa_varumarke-bullpadel","9":"first","10":"outofstock","11":"sale","12":"taxable","13":"shipping-taxable","14":"purchasable","15":"product-type-variable"},"bundled_by":[],"bundle_stock_status":"outofstock","bundle_stock_quantity":0,"bundle_virtual":false,"bundle_layout":"","bundle_add_to_cart_form_location":"","bundle_editable_in_cart":false,"bundle_sold_individually_context":"","bundle_item_grouping":"","bundle_min_size":"","bundle_max_size":"","bundled_items":[],"bundle_sell_ids":[],"acf":[],"yoast_head":"<!-- This site is optimized with the Yoast SEO plugin v23.1 - https:\/\/yoast.com\/wordpress\/plugins\/seo\/ -->\n<title>Bullpadel Beker 23v - Nordic Padel<\/title>\n<meta name=\"robots\" content=\"index, follow, max-snippet:-1, max-image-preview:large, max-video-preview:-1\" \/>\n<link rel=\"canonical\" href=\"https:\/\/nordicpadel.com\/sv\/product\/bullpadel-beker-23v\/\" \/>\n<meta property=\"og:locale\" content=\"sv_SE\" \/>\n<meta property=\"og:type\" content=\"article\" \/>\n<meta property=\"og:title\" content=\"Bullpadel Beker 23v - Nordic Padel\" \/>\n<meta property=\"og:description\" content=\"Modell f\u00f6r utvecklad f\u00f6r alla medel- till h\u00f6gpresterande spelare som s\u00f6ker flexibla och luftiga skor med mycket god h\u00e5llbarhet. Skon har en f\u00f6rst\u00e4rkt t\u00e5 av komprimerat gummi med mycket h\u00f6g motst\u00e5ndskraft mot abrasion. Dessutom har skon en inre textilfoder av &#8220;mesh&#8221; som ger komfort och f\u00f6rb\u00e4ttrar andningsf\u00f6rm\u00e5gan. Sulan \u00e4r utformad f\u00f6r padelbanor och \u00e4r gjord [&hellip;]\" \/>\n<meta property=\"og:url\" content=\"https:\/\/nordicpadel.com\/sv\/product\/bullpadel-beker-23v\/\" \/>\n<meta property=\"og:site_name\" content=\"Nordic Padel\" \/>\n<meta property=\"article:modified_time\" content=\"2026-02-20T10:38:06+00:00\" \/>\n<meta property=\"og:image\" content=\"https:\/\/nordicpadel.com\/sv\/wp-content\/uploads\/sites\/10\/2025\/11\/f62e416a5be27d7e33d4dd9923e8bdeb.png\" \/>\n\t<meta property=\"og:image:width\" content=\"800\" \/>\n\t<meta property=\"og:image:height\" content=\"800\" \/>\n\t<meta property=\"og:image:type\" content=\"image\/png\" \/>\n<meta name=\"twitter:card\" content=\"summary_large_image\" \/>\n<meta name=\"twitter:label1\" content=\"Ber\u00e4knad l\u00e4stid\" \/>\n\t<meta name=\"twitter:data1\" content=\"2 minuter\" \/>\n<script type=\"application\/ld+json\" class=\"yoast-schema-graph\">{\"@context\":\"https:\/\/schema.org\",\"@graph\":[{\"@type\":\"WebPage\",\"@id\":\"https:\/\/nordicpadel.com\/sv\/product\/bullpadel-beker-23v\/\",\"url\":\"https:\/\/nordicpadel.com\/sv\/product\/bullpadel-beker-23v\/\",\"name\":\"Bullpadel Beker 23v - Nordic Padel\",\"isPartOf\":{\"@id\":\"https:\/\/nordicpadel.com\/sv\/#website\"},\"primaryImageOfPage\":{\"@id\":\"https:\/\/nordicpadel.com\/sv\/product\/bullpadel-beker-23v\/#primaryimage\"},\"image\":{\"@id\":\"https:\/\/nordicpadel.com\/sv\/product\/bullpadel-beker-23v\/#primaryimage\"},\"thumbnailUrl\":\"https:\/\/nordicpadel.com\/sv\/wp-content\/uploads\/sites\/10\/2025\/11\/f62e416a5be27d7e33d4dd9923e8bdeb.png\",\"datePublished\":\"2025-11-26T17:51:04+00:00\",\"dateModified\":\"2026-02-20T10:38:06+00:00\",\"breadcrumb\":{\"@id\":\"https:\/\/nordicpadel.com\/sv\/product\/bullpadel-beker-23v\/#breadcrumb\"},\"inLanguage\":\"sv-SE\",\"potentialAction\":[{\"@type\":\"ReadAction\",\"target\":[\"https:\/\/nordicpadel.com\/sv\/product\/bullpadel-beker-23v\/\"]}]},{\"@type\":\"ImageObject\",\"inLanguage\":\"sv-SE\",\"@id\":\"https:\/\/nordicpadel.com\/sv\/product\/bullpadel-beker-23v\/#primaryimage\",\"url\":\"https:\/\/nordicpadel.com\/sv\/wp-content\/uploads\/sites\/10\/2025\/11\/f62e416a5be27d7e33d4dd9923e8bdeb.png\",\"contentUrl\":\"https:\/\/nordicpadel.com\/sv\/wp-content\/uploads\/sites\/10\/2025\/11\/f62e416a5be27d7e33d4dd9923e8bdeb.png\",\"width\":800,\"height\":800,\"caption\":\"Bullpadel Beker 23v\"},{\"@type\":\"BreadcrumbList\",\"@id\":\"https:\/\/nordicpadel.com\/sv\/product\/bullpadel-beker-23v\/#breadcrumb\",\"itemListElement\":[{\"@type\":\"ListItem\",\"position\":1,\"name\":\"Hem\",\"item\":\"https:\/\/nordicpadel.com\/sv\/\"},{\"@type\":\"ListItem\",\"position\":2,\"name\":\"Shop\",\"item\":\"https:\/\/nordicpadel.com\/sv\/shop\/\"},{\"@type\":\"ListItem\",\"position\":3,\"name\":\"Bullpadel Beker 23v\"}]},{\"@type\":\"WebSite\",\"@id\":\"https:\/\/nordicpadel.com\/sv\/#website\",\"url\":\"https:\/\/nordicpadel.com\/sv\/\",\"name\":\"Nordic Padel\",\"description\":\"\",\"publisher\":{\"@id\":\"https:\/\/nordicpadel.com\/sv\/#organization\"},\"potentialAction\":[{\"@type\":\"SearchAction\",\"target\":{\"@type\":\"EntryPoint\",\"urlTemplate\":\"https:\/\/nordicpadel.com\/sv\/?s={search_term_string}\"},\"query-input\":\"required name=search_term_string\"}],\"inLanguage\":\"sv-SE\"},{\"@type\":\"Organization\",\"@id\":\"https:\/\/nordicpadel.com\/sv\/#organization\",\"name\":\"Nordic Padel\",\"url\":\"https:\/\/nordicpadel.com\/sv\/\",\"logo\":{\"@type\":\"ImageObject\",\"inLanguage\":\"sv-SE\",\"@id\":\"https:\/\/nordicpadel.com\/sv\/#\/schema\/logo\/image\/\",\"url\":\"https:\/\/nordicpadel.com\/sv\/wp-content\/uploads\/sites\/10\/2022\/12\/Nordic-Padel-small_1-1.png\",\"contentUrl\":\"https:\/\/nordicpadel.com\/sv\/wp-content\/uploads\/sites\/10\/2022\/12\/Nordic-Padel-small_1-1.png\",\"width\":400,\"height\":119,\"caption\":\"Nordic Padel\"},\"image\":{\"@id\":\"https:\/\/nordicpadel.com\/sv\/#\/schema\/logo\/image\/\"}}]}<\/script>\n<!-- \/ Yoast SEO plugin. -->","yoast_head_json":{"title":"Bullpadel Beker 23v - Nordic Padel","robots":{"index":"index","follow":"follow","max-snippet":"max-snippet:-1","max-image-preview":"max-image-preview:large","max-video-preview":"max-video-preview:-1"},"canonical":"https:\/\/nordicpadel.com\/sv\/product\/bullpadel-beker-23v\/","og_locale":"sv_SE","og_type":"article","og_title":"Bullpadel Beker 23v - Nordic Padel","og_description":"Modell f\u00f6r utvecklad f\u00f6r alla medel- till h\u00f6gpresterande spelare som s\u00f6ker flexibla och luftiga skor med mycket god h\u00e5llbarhet. Skon har en f\u00f6rst\u00e4rkt t\u00e5 av komprimerat gummi med mycket h\u00f6g motst\u00e5ndskraft mot abrasion. Dessutom har skon en inre textilfoder av &#8220;mesh&#8221; som ger komfort och f\u00f6rb\u00e4ttrar andningsf\u00f6rm\u00e5gan. Sulan \u00e4r utformad f\u00f6r padelbanor och \u00e4r gjord [&hellip;]","og_url":"https:\/\/nordicpadel.com\/sv\/product\/bullpadel-beker-23v\/","og_site_name":"Nordic Padel","article_modified_time":"2026-02-20T10:38:06+00:00","og_image":[{"width":800,"height":800,"url":"https:\/\/nordicpadel.com\/sv\/wp-content\/uploads\/sites\/10\/2025\/11\/f62e416a5be27d7e33d4dd9923e8bdeb.png","type":"image\/png"}],"twitter_card":"summary_large_image","twitter_misc":{"Ber\u00e4knad l\u00e4stid":"2 minuter"},"schema":{"@context":"https:\/\/schema.org","@graph":[{"@type":"WebPage","@id":"https:\/\/nordicpadel.com\/sv\/product\/bullpadel-beker-23v\/","url":"https:\/\/nordicpadel.com\/sv\/product\/bullpadel-beker-23v\/","name":"Bullpadel Beker 23v - Nordic Padel","isPartOf":{"@id":"https:\/\/nordicpadel.com\/sv\/#website"},"primaryImageOfPage":{"@id":"https:\/\/nordicpadel.com\/sv\/product\/bullpadel-beker-23v\/#primaryimage"},"image":{"@id":"https:\/\/nordicpadel.com\/sv\/product\/bullpadel-beker-23v\/#primaryimage"},"thumbnailUrl":"https:\/\/nordicpadel.com\/sv\/wp-content\/uploads\/sites\/10\/2025\/11\/f62e416a5be27d7e33d4dd9923e8bdeb.png","datePublished":"2025-11-26T17:51:04+00:00","dateModified":"2026-02-20T10:38:06+00:00","breadcrumb":{"@id":"https:\/\/nordicpadel.com\/sv\/product\/bullpadel-beker-23v\/#breadcrumb"},"inLanguage":"sv-SE","potentialAction":[{"@type":"ReadAction","target":["https:\/\/nordicpadel.com\/sv\/product\/bullpadel-beker-23v\/"]}]},{"@type":"ImageObject","inLanguage":"sv-SE","@id":"https:\/\/nordicpadel.com\/sv\/product\/bullpadel-beker-23v\/#primaryimage","url":"https:\/\/nordicpadel.com\/sv\/wp-content\/uploads\/sites\/10\/2025\/11\/f62e416a5be27d7e33d4dd9923e8bdeb.png","contentUrl":"https:\/\/nordicpadel.com\/sv\/wp-content\/uploads\/sites\/10\/2025\/11\/f62e416a5be27d7e33d4dd9923e8bdeb.png","width":800,"height":800,"caption":"Bullpadel Beker 23v"},{"@type":"BreadcrumbList","@id":"https:\/\/nordicpadel.com\/sv\/product\/bullpadel-beker-23v\/#breadcrumb","itemListElement":[{"@type":"ListItem","position":1,"name":"Hem","item":"https:\/\/nordicpadel.com\/sv\/"},{"@type":"ListItem","position":2,"name":"Shop","item":"https:\/\/nordicpadel.com\/sv\/shop\/"},{"@type":"ListItem","position":3,"name":"Bullpadel Beker 23v"}]},{"@type":"WebSite","@id":"https:\/\/nordicpadel.com\/sv\/#website","url":"https:\/\/nordicpadel.com\/sv\/","name":"Nordic Padel","description":"","publisher":{"@id":"https:\/\/nordicpadel.com\/sv\/#organization"},"potentialAction":[{"@type":"SearchAction","target":{"@type":"EntryPoint","urlTemplate":"https:\/\/nordicpadel.com\/sv\/?s={search_term_string}"},"query-input":"required name=search_term_string"}],"inLanguage":"sv-SE"},{"@type":"Organization","@id":"https:\/\/nordicpadel.com\/sv\/#organization","name":"Nordic Padel","url":"https:\/\/nordicpadel.com\/sv\/","logo":{"@type":"ImageObject","inLanguage":"sv-SE","@id":"https:\/\/nordicpadel.com\/sv\/#\/schema\/logo\/image\/","url":"https:\/\/nordicpadel.com\/sv\/wp-content\/uploads\/sites\/10\/2022\/12\/Nordic-Padel-small_1-1.png","contentUrl":"https:\/\/nordicpadel.com\/sv\/wp-content\/uploads\/sites\/10\/2022\/12\/Nordic-Padel-small_1-1.png","width":400,"height":119,"caption":"Nordic Padel"},"image":{"@id":"https:\/\/nordicpadel.com\/sv\/#\/schema\/logo\/image\/"}}]}},"brands":[],"_links":{"self":[{"href":"https:\/\/nordicpadel.com\/sv\/wp-json\/wp\/v2\/product\/92641","targetHints":{"allow":["GET"]}}],"collection":[{"href":"https:\/\/nordicpadel.com\/sv\/wp-json\/wp\/v2\/product"}],"about":[{"href":"https:\/\/nordicpadel.com\/sv\/wp-json\/wp\/v2\/types\/product"}],"replies":[{"embeddable":true,"href":"https:\/\/nordicpadel.com\/sv\/wp-json\/wp\/v2\/comments?post=92641"}],"wp:featuredmedia":[{"embeddable":true,"href":"https:\/\/nordicpadel.com\/sv\/wp-json\/wp\/v2\/media\/92630"}],"wp:attachment":[{"href":"https:\/\/nordicpadel.com\/sv\/wp-json\/wp\/v2\/media?parent=92641"}],"wp:term":[{"taxonomy":"pwb-brand","embeddable":true,"href":"https:\/\/nordicpadel.com\/sv\/wp-json\/wp\/v2\/pwb-brand?post=92641"},{"taxonomy":"product_cat","embeddable":true,"href":"https:\/\/nordicpadel.com\/sv\/wp-json\/wp\/v2\/product_cat?post=92641"},{"taxonomy":"product_tag","embeddable":true,"href":"https:\/\/nordicpadel.com\/sv\/wp-json\/wp\/v2\/product_tag?post=92641"},{"taxonomy":"woo-feed-brand","embeddable":true,"href":"https:\/\/nordicpadel.com\/sv\/wp-json\/wp\/v2\/woo-feed-brand?post=92641"}],"curies":[{"name":"wp","href":"https:\/\/api.w.org\/{rel}","templated":true}]}}