{"id":92172,"date":"2025-11-26T18:47:45","date_gmt":"2025-11-26T17:47:45","guid":{"rendered":"https:\/\/nordicpadel.com\/sv\/product\/babolat-propulse-jr\/"},"modified":"2026-02-02T23:10:16","modified_gmt":"2026-02-02T22:10:16","slug":"babolat-propulse-jr","status":"publish","type":"product","link":"https:\/\/nordicpadel.com\/sv\/product\/babolat-propulse-jr\/","title":{"rendered":"Babolat Propulse Jr"},"content":{"rendered":"<p>Propulse har l\u00e4nge varit en av Babolats mest k\u00e4nda skor. Denna juniormodell erbjuder stabilitet kombinerat med l\u00e5ng h\u00e5llbarhet. Ger ett mycket bra grepp p\u00e5 tennisbanan eller i idrottshallen.<\/p>\n<p>H\u00e4lpartiet \u00e4r v\u00e4l d\u00e4mpat tack vare Babolats egetutvecklade d\u00e4mpningssystem. Undersulan \u00e4r tillverkad av samarbetspartnern Michelin, experter p\u00e5 gummi, f\u00f6r att ge en s\u00e5 bra prestanda som m\u00f6jligt.<\/p>\n","protected":false},"excerpt":{"rendered":"<p>Propulse har l\u00e4nge varit en av Babolats mest k\u00e4nda skor. Denna juniormodell erbjuder stabilitet kombinerat med l\u00e5ng h\u00e5llbarhet. Ger ett mycket bra grepp p\u00e5 tennisbanan eller i idrottshallen. H\u00e4lpartiet \u00e4r v\u00e4l d\u00e4mpat tack vare Babolats egetutvecklade d\u00e4mpningssystem. Undersulan \u00e4r tillverkad av samarbetspartnern Michelin, experter p\u00e5 gummi, f\u00f6r att ge en s\u00e5 bra prestanda som m\u00f6jligt.<\/p>\n","protected":false},"featured_media":92166,"comment_status":"open","ping_status":"closed","template":"","meta":[],"pwb-brand":[],"product_cat":[456],"product_tag":[],"woo-feed-brand":[],"class_list":{"0":"post-92172","1":"product","2":"type-product","3":"status-publish","4":"has-post-thumbnail","6":"product_cat-babolat","7":"pa_varumarke-babolat","9":"first","10":"outofstock","11":"sale","12":"taxable","13":"shipping-taxable","14":"purchasable","15":"product-type-variable"},"bundled_by":[],"bundle_stock_status":"outofstock","bundle_stock_quantity":0,"bundle_virtual":false,"bundle_layout":"","bundle_add_to_cart_form_location":"","bundle_editable_in_cart":false,"bundle_sold_individually_context":"","bundle_item_grouping":"","bundle_min_size":"","bundle_max_size":"","bundled_items":[],"bundle_sell_ids":[],"acf":[],"yoast_head":"<!-- This site is optimized with the Yoast SEO plugin v23.1 - https:\/\/yoast.com\/wordpress\/plugins\/seo\/ -->\n<title>Babolat Propulse Jr - Nordic Padel<\/title>\n<meta name=\"robots\" content=\"index, follow, max-snippet:-1, max-image-preview:large, max-video-preview:-1\" \/>\n<link rel=\"canonical\" href=\"https:\/\/nordicpadel.com\/sv\/product\/babolat-propulse-jr\/\" \/>\n<meta property=\"og:locale\" content=\"sv_SE\" \/>\n<meta property=\"og:type\" content=\"article\" \/>\n<meta property=\"og:title\" content=\"Babolat Propulse Jr - Nordic Padel\" \/>\n<meta property=\"og:description\" content=\"Propulse har l\u00e4nge varit en av Babolats mest k\u00e4nda skor. Denna juniormodell erbjuder stabilitet kombinerat med l\u00e5ng h\u00e5llbarhet. Ger ett mycket bra grepp p\u00e5 tennisbanan eller i idrottshallen. H\u00e4lpartiet \u00e4r v\u00e4l d\u00e4mpat tack vare Babolats egetutvecklade d\u00e4mpningssystem. Undersulan \u00e4r tillverkad av samarbetspartnern Michelin, experter p\u00e5 gummi, f\u00f6r att ge en s\u00e5 bra prestanda som m\u00f6jligt.\" \/>\n<meta property=\"og:url\" content=\"https:\/\/nordicpadel.com\/sv\/product\/babolat-propulse-jr\/\" \/>\n<meta property=\"og:site_name\" content=\"Nordic Padel\" \/>\n<meta property=\"article:modified_time\" content=\"2026-02-02T22:10:16+00:00\" \/>\n<meta name=\"twitter:card\" content=\"summary_large_image\" \/>\n<script type=\"application\/ld+json\" class=\"yoast-schema-graph\">{\"@context\":\"https:\/\/schema.org\",\"@graph\":[{\"@type\":\"WebPage\",\"@id\":\"https:\/\/nordicpadel.com\/sv\/product\/babolat-propulse-jr\/\",\"url\":\"https:\/\/nordicpadel.com\/sv\/product\/babolat-propulse-jr\/\",\"name\":\"Babolat Propulse Jr - Nordic Padel\",\"isPartOf\":{\"@id\":\"https:\/\/nordicpadel.com\/sv\/#website\"},\"primaryImageOfPage\":{\"@id\":\"https:\/\/nordicpadel.com\/sv\/product\/babolat-propulse-jr\/#primaryimage\"},\"image\":{\"@id\":\"https:\/\/nordicpadel.com\/sv\/product\/babolat-propulse-jr\/#primaryimage\"},\"thumbnailUrl\":\"https:\/\/nordicpadel.com\/sv\/wp-content\/uploads\/sites\/10\/2025\/11\/fcdd6db31b0c6e3a701b10472555b7e0.png\",\"datePublished\":\"2025-11-26T17:47:45+00:00\",\"dateModified\":\"2026-02-02T22:10:16+00:00\",\"breadcrumb\":{\"@id\":\"https:\/\/nordicpadel.com\/sv\/product\/babolat-propulse-jr\/#breadcrumb\"},\"inLanguage\":\"sv-SE\",\"potentialAction\":[{\"@type\":\"ReadAction\",\"target\":[\"https:\/\/nordicpadel.com\/sv\/product\/babolat-propulse-jr\/\"]}]},{\"@type\":\"ImageObject\",\"inLanguage\":\"sv-SE\",\"@id\":\"https:\/\/nordicpadel.com\/sv\/product\/babolat-propulse-jr\/#primaryimage\",\"url\":\"https:\/\/nordicpadel.com\/sv\/wp-content\/uploads\/sites\/10\/2025\/11\/fcdd6db31b0c6e3a701b10472555b7e0.png\",\"contentUrl\":\"https:\/\/nordicpadel.com\/sv\/wp-content\/uploads\/sites\/10\/2025\/11\/fcdd6db31b0c6e3a701b10472555b7e0.png\",\"width\":800,\"height\":800,\"caption\":\"Babolat Propulse Jr\"},{\"@type\":\"BreadcrumbList\",\"@id\":\"https:\/\/nordicpadel.com\/sv\/product\/babolat-propulse-jr\/#breadcrumb\",\"itemListElement\":[{\"@type\":\"ListItem\",\"position\":1,\"name\":\"Hem\",\"item\":\"https:\/\/nordicpadel.com\/sv\/\"},{\"@type\":\"ListItem\",\"position\":2,\"name\":\"Shop\",\"item\":\"https:\/\/nordicpadel.com\/sv\/shop\/\"},{\"@type\":\"ListItem\",\"position\":3,\"name\":\"Babolat Propulse Jr\"}]},{\"@type\":\"WebSite\",\"@id\":\"https:\/\/nordicpadel.com\/sv\/#website\",\"url\":\"https:\/\/nordicpadel.com\/sv\/\",\"name\":\"Nordic Padel\",\"description\":\"\",\"publisher\":{\"@id\":\"https:\/\/nordicpadel.com\/sv\/#organization\"},\"potentialAction\":[{\"@type\":\"SearchAction\",\"target\":{\"@type\":\"EntryPoint\",\"urlTemplate\":\"https:\/\/nordicpadel.com\/sv\/?s={search_term_string}\"},\"query-input\":\"required name=search_term_string\"}],\"inLanguage\":\"sv-SE\"},{\"@type\":\"Organization\",\"@id\":\"https:\/\/nordicpadel.com\/sv\/#organization\",\"name\":\"Nordic Padel\",\"url\":\"https:\/\/nordicpadel.com\/sv\/\",\"logo\":{\"@type\":\"ImageObject\",\"inLanguage\":\"sv-SE\",\"@id\":\"https:\/\/nordicpadel.com\/sv\/#\/schema\/logo\/image\/\",\"url\":\"https:\/\/nordicpadel.com\/sv\/wp-content\/uploads\/sites\/10\/2022\/12\/Nordic-Padel-small_1-1.png\",\"contentUrl\":\"https:\/\/nordicpadel.com\/sv\/wp-content\/uploads\/sites\/10\/2022\/12\/Nordic-Padel-small_1-1.png\",\"width\":400,\"height\":119,\"caption\":\"Nordic Padel\"},\"image\":{\"@id\":\"https:\/\/nordicpadel.com\/sv\/#\/schema\/logo\/image\/\"}}]}<\/script>\n<!-- \/ Yoast SEO plugin. -->","yoast_head_json":{"title":"Babolat Propulse Jr - Nordic Padel","robots":{"index":"index","follow":"follow","max-snippet":"max-snippet:-1","max-image-preview":"max-image-preview:large","max-video-preview":"max-video-preview:-1"},"canonical":"https:\/\/nordicpadel.com\/sv\/product\/babolat-propulse-jr\/","og_locale":"sv_SE","og_type":"article","og_title":"Babolat Propulse Jr - Nordic Padel","og_description":"Propulse har l\u00e4nge varit en av Babolats mest k\u00e4nda skor. Denna juniormodell erbjuder stabilitet kombinerat med l\u00e5ng h\u00e5llbarhet. Ger ett mycket bra grepp p\u00e5 tennisbanan eller i idrottshallen. H\u00e4lpartiet \u00e4r v\u00e4l d\u00e4mpat tack vare Babolats egetutvecklade d\u00e4mpningssystem. Undersulan \u00e4r tillverkad av samarbetspartnern Michelin, experter p\u00e5 gummi, f\u00f6r att ge en s\u00e5 bra prestanda som m\u00f6jligt.","og_url":"https:\/\/nordicpadel.com\/sv\/product\/babolat-propulse-jr\/","og_site_name":"Nordic Padel","article_modified_time":"2026-02-02T22:10:16+00:00","twitter_card":"summary_large_image","schema":{"@context":"https:\/\/schema.org","@graph":[{"@type":"WebPage","@id":"https:\/\/nordicpadel.com\/sv\/product\/babolat-propulse-jr\/","url":"https:\/\/nordicpadel.com\/sv\/product\/babolat-propulse-jr\/","name":"Babolat Propulse Jr - Nordic Padel","isPartOf":{"@id":"https:\/\/nordicpadel.com\/sv\/#website"},"primaryImageOfPage":{"@id":"https:\/\/nordicpadel.com\/sv\/product\/babolat-propulse-jr\/#primaryimage"},"image":{"@id":"https:\/\/nordicpadel.com\/sv\/product\/babolat-propulse-jr\/#primaryimage"},"thumbnailUrl":"https:\/\/nordicpadel.com\/sv\/wp-content\/uploads\/sites\/10\/2025\/11\/fcdd6db31b0c6e3a701b10472555b7e0.png","datePublished":"2025-11-26T17:47:45+00:00","dateModified":"2026-02-02T22:10:16+00:00","breadcrumb":{"@id":"https:\/\/nordicpadel.com\/sv\/product\/babolat-propulse-jr\/#breadcrumb"},"inLanguage":"sv-SE","potentialAction":[{"@type":"ReadAction","target":["https:\/\/nordicpadel.com\/sv\/product\/babolat-propulse-jr\/"]}]},{"@type":"ImageObject","inLanguage":"sv-SE","@id":"https:\/\/nordicpadel.com\/sv\/product\/babolat-propulse-jr\/#primaryimage","url":"https:\/\/nordicpadel.com\/sv\/wp-content\/uploads\/sites\/10\/2025\/11\/fcdd6db31b0c6e3a701b10472555b7e0.png","contentUrl":"https:\/\/nordicpadel.com\/sv\/wp-content\/uploads\/sites\/10\/2025\/11\/fcdd6db31b0c6e3a701b10472555b7e0.png","width":800,"height":800,"caption":"Babolat Propulse Jr"},{"@type":"BreadcrumbList","@id":"https:\/\/nordicpadel.com\/sv\/product\/babolat-propulse-jr\/#breadcrumb","itemListElement":[{"@type":"ListItem","position":1,"name":"Hem","item":"https:\/\/nordicpadel.com\/sv\/"},{"@type":"ListItem","position":2,"name":"Shop","item":"https:\/\/nordicpadel.com\/sv\/shop\/"},{"@type":"ListItem","position":3,"name":"Babolat Propulse Jr"}]},{"@type":"WebSite","@id":"https:\/\/nordicpadel.com\/sv\/#website","url":"https:\/\/nordicpadel.com\/sv\/","name":"Nordic Padel","description":"","publisher":{"@id":"https:\/\/nordicpadel.com\/sv\/#organization"},"potentialAction":[{"@type":"SearchAction","target":{"@type":"EntryPoint","urlTemplate":"https:\/\/nordicpadel.com\/sv\/?s={search_term_string}"},"query-input":"required name=search_term_string"}],"inLanguage":"sv-SE"},{"@type":"Organization","@id":"https:\/\/nordicpadel.com\/sv\/#organization","name":"Nordic Padel","url":"https:\/\/nordicpadel.com\/sv\/","logo":{"@type":"ImageObject","inLanguage":"sv-SE","@id":"https:\/\/nordicpadel.com\/sv\/#\/schema\/logo\/image\/","url":"https:\/\/nordicpadel.com\/sv\/wp-content\/uploads\/sites\/10\/2022\/12\/Nordic-Padel-small_1-1.png","contentUrl":"https:\/\/nordicpadel.com\/sv\/wp-content\/uploads\/sites\/10\/2022\/12\/Nordic-Padel-small_1-1.png","width":400,"height":119,"caption":"Nordic Padel"},"image":{"@id":"https:\/\/nordicpadel.com\/sv\/#\/schema\/logo\/image\/"}}]}},"brands":[],"_links":{"self":[{"href":"https:\/\/nordicpadel.com\/sv\/wp-json\/wp\/v2\/product\/92172","targetHints":{"allow":["GET"]}}],"collection":[{"href":"https:\/\/nordicpadel.com\/sv\/wp-json\/wp\/v2\/product"}],"about":[{"href":"https:\/\/nordicpadel.com\/sv\/wp-json\/wp\/v2\/types\/product"}],"replies":[{"embeddable":true,"href":"https:\/\/nordicpadel.com\/sv\/wp-json\/wp\/v2\/comments?post=92172"}],"wp:featuredmedia":[{"embeddable":true,"href":"https:\/\/nordicpadel.com\/sv\/wp-json\/wp\/v2\/media\/92166"}],"wp:attachment":[{"href":"https:\/\/nordicpadel.com\/sv\/wp-json\/wp\/v2\/media?parent=92172"}],"wp:term":[{"taxonomy":"pwb-brand","embeddable":true,"href":"https:\/\/nordicpadel.com\/sv\/wp-json\/wp\/v2\/pwb-brand?post=92172"},{"taxonomy":"product_cat","embeddable":true,"href":"https:\/\/nordicpadel.com\/sv\/wp-json\/wp\/v2\/product_cat?post=92172"},{"taxonomy":"product_tag","embeddable":true,"href":"https:\/\/nordicpadel.com\/sv\/wp-json\/wp\/v2\/product_tag?post=92172"},{"taxonomy":"woo-feed-brand","embeddable":true,"href":"https:\/\/nordicpadel.com\/sv\/wp-json\/wp\/v2\/woo-feed-brand?post=92172"}],"curies":[{"name":"wp","href":"https:\/\/api.w.org\/{rel}","templated":true}]}}