{"id":92167,"date":"2025-11-26T18:47:44","date_gmt":"2025-11-26T17:47:44","guid":{"rendered":"https:\/\/nordicpadel.com\/sv\/product\/babolat-jet-mach-3-jr\/"},"modified":"2026-02-02T23:10:33","modified_gmt":"2026-02-02T22:10:33","slug":"babolat-jet-mach-3-jr","status":"publish","type":"product","link":"https:\/\/nordicpadel.com\/sv\/product\/babolat-jet-mach-3-jr\/","title":{"rendered":"Babolat Jet Mach 3 Jr"},"content":{"rendered":"<p>Babolat Jet Mach 3 \u00e4r en h\u00f6gpresterande tennissko som \u00e4r speciellt utformad f\u00f6r juniorer som s\u00f6ker toppkvalitet och komfort. Skon har utrustats med Babolats senaste teknologi, inklusive KPRS-X d\u00e4mpningssystem som hj\u00e4lper till att minska st\u00f6tar och vibrationer fr\u00e5n varje steg du tar p\u00e5 banan. Denna teknologi skyddar f\u00f6tterna fr\u00e5n belastning och minskar risken f\u00f6r skador.<\/p>\n<p>Undersulan \u00e4r tillverkad av Michelin, vilket g\u00f6r den extremt slitstark och t\u00e5lig f\u00f6r att klara av intensiva tennispass. Denna sulan har en unik m\u00f6nstring som ger utm\u00e4rkt grepp p\u00e5 alla underlag, vilket g\u00f6r Jet Mach 3 till en mycket m\u00e5ngsidig sko.<\/p>\n<p>Skons ovandel \u00e4r gjord av en l\u00e4tt och ventilerande mesh-material som h\u00e5ller f\u00f6tterna svala och torra under de l\u00e4ngsta matcherna. Den anatomiska utformningen av skon s\u00e4kerst\u00e4ller ocks\u00e5 att skon sitter bekv\u00e4mt och stabilt p\u00e5 foten.<\/p>\n<p>Babolat Jet Mach 3 \u00e4r utan tvekan en av de b\u00e4sta juniorskorna p\u00e5 marknaden idag. Med sin avancerade teknologi, h\u00f6gpresterande material och utm\u00e4rkta passform kommer denna sko att hj\u00e4lpa unga spelare att ta sitt spel till n\u00e4sta niv\u00e5.<\/p>\n","protected":false},"excerpt":{"rendered":"<p>Babolat Jet Mach 3 \u00e4r en h\u00f6gpresterande tennissko som \u00e4r speciellt utformad f\u00f6r juniorer som s\u00f6ker toppkvalitet och komfort. Skon har utrustats med Babolats senaste teknologi, inklusive KPRS-X d\u00e4mpningssystem som hj\u00e4lper till att minska st\u00f6tar och vibrationer fr\u00e5n varje steg du tar p\u00e5 banan. Denna teknologi skyddar f\u00f6tterna fr\u00e5n belastning och minskar risken f\u00f6r skador. [&hellip;]<\/p>\n","protected":false},"featured_media":92150,"comment_status":"open","ping_status":"closed","template":"","meta":[],"pwb-brand":[],"product_cat":[641],"product_tag":[],"woo-feed-brand":[],"class_list":{"0":"post-92167","1":"product","2":"type-product","3":"status-publish","4":"has-post-thumbnail","6":"product_cat-padelskor-junior","7":"pa_varumarke-babolat","9":"first","10":"outofstock","11":"sale","12":"taxable","13":"shipping-taxable","14":"purchasable","15":"product-type-variable"},"bundled_by":[],"bundle_stock_status":"outofstock","bundle_stock_quantity":0,"bundle_virtual":false,"bundle_layout":"","bundle_add_to_cart_form_location":"","bundle_editable_in_cart":false,"bundle_sold_individually_context":"","bundle_item_grouping":"","bundle_min_size":"","bundle_max_size":"","bundled_items":[],"bundle_sell_ids":[],"acf":[],"yoast_head":"<!-- This site is optimized with the Yoast SEO plugin v23.1 - https:\/\/yoast.com\/wordpress\/plugins\/seo\/ -->\n<title>Babolat Jet Mach 3 Jr - Nordic Padel<\/title>\n<meta name=\"robots\" content=\"index, follow, max-snippet:-1, max-image-preview:large, max-video-preview:-1\" \/>\n<link rel=\"canonical\" href=\"https:\/\/nordicpadel.com\/sv\/product\/babolat-jet-mach-3-jr\/\" \/>\n<meta property=\"og:locale\" content=\"sv_SE\" \/>\n<meta property=\"og:type\" content=\"article\" \/>\n<meta property=\"og:title\" content=\"Babolat Jet Mach 3 Jr - Nordic Padel\" \/>\n<meta property=\"og:description\" content=\"Babolat Jet Mach 3 \u00e4r en h\u00f6gpresterande tennissko som \u00e4r speciellt utformad f\u00f6r juniorer som s\u00f6ker toppkvalitet och komfort. Skon har utrustats med Babolats senaste teknologi, inklusive KPRS-X d\u00e4mpningssystem som hj\u00e4lper till att minska st\u00f6tar och vibrationer fr\u00e5n varje steg du tar p\u00e5 banan. Denna teknologi skyddar f\u00f6tterna fr\u00e5n belastning och minskar risken f\u00f6r skador. [&hellip;]\" \/>\n<meta property=\"og:url\" content=\"https:\/\/nordicpadel.com\/sv\/product\/babolat-jet-mach-3-jr\/\" \/>\n<meta property=\"og:site_name\" content=\"Nordic Padel\" \/>\n<meta property=\"article:modified_time\" content=\"2026-02-02T22:10:33+00:00\" \/>\n<meta name=\"twitter:card\" content=\"summary_large_image\" \/>\n<meta name=\"twitter:label1\" content=\"Ber\u00e4knad l\u00e4stid\" \/>\n\t<meta name=\"twitter:data1\" content=\"1 minut\" \/>\n<script type=\"application\/ld+json\" class=\"yoast-schema-graph\">{\"@context\":\"https:\/\/schema.org\",\"@graph\":[{\"@type\":\"WebPage\",\"@id\":\"https:\/\/nordicpadel.com\/sv\/product\/babolat-jet-mach-3-jr\/\",\"url\":\"https:\/\/nordicpadel.com\/sv\/product\/babolat-jet-mach-3-jr\/\",\"name\":\"Babolat Jet Mach 3 Jr - Nordic Padel\",\"isPartOf\":{\"@id\":\"https:\/\/nordicpadel.com\/sv\/#website\"},\"primaryImageOfPage\":{\"@id\":\"https:\/\/nordicpadel.com\/sv\/product\/babolat-jet-mach-3-jr\/#primaryimage\"},\"image\":{\"@id\":\"https:\/\/nordicpadel.com\/sv\/product\/babolat-jet-mach-3-jr\/#primaryimage\"},\"thumbnailUrl\":\"https:\/\/nordicpadel.com\/sv\/wp-content\/uploads\/sites\/10\/2025\/11\/e9a331061565541ab3b876c1791ba84a.png\",\"datePublished\":\"2025-11-26T17:47:44+00:00\",\"dateModified\":\"2026-02-02T22:10:33+00:00\",\"breadcrumb\":{\"@id\":\"https:\/\/nordicpadel.com\/sv\/product\/babolat-jet-mach-3-jr\/#breadcrumb\"},\"inLanguage\":\"sv-SE\",\"potentialAction\":[{\"@type\":\"ReadAction\",\"target\":[\"https:\/\/nordicpadel.com\/sv\/product\/babolat-jet-mach-3-jr\/\"]}]},{\"@type\":\"ImageObject\",\"inLanguage\":\"sv-SE\",\"@id\":\"https:\/\/nordicpadel.com\/sv\/product\/babolat-jet-mach-3-jr\/#primaryimage\",\"url\":\"https:\/\/nordicpadel.com\/sv\/wp-content\/uploads\/sites\/10\/2025\/11\/e9a331061565541ab3b876c1791ba84a.png\",\"contentUrl\":\"https:\/\/nordicpadel.com\/sv\/wp-content\/uploads\/sites\/10\/2025\/11\/e9a331061565541ab3b876c1791ba84a.png\",\"width\":800,\"height\":800,\"caption\":\"Babolat Jet Mach 3 Jr\"},{\"@type\":\"BreadcrumbList\",\"@id\":\"https:\/\/nordicpadel.com\/sv\/product\/babolat-jet-mach-3-jr\/#breadcrumb\",\"itemListElement\":[{\"@type\":\"ListItem\",\"position\":1,\"name\":\"Hem\",\"item\":\"https:\/\/nordicpadel.com\/sv\/\"},{\"@type\":\"ListItem\",\"position\":2,\"name\":\"Shop\",\"item\":\"https:\/\/nordicpadel.com\/sv\/shop\/\"},{\"@type\":\"ListItem\",\"position\":3,\"name\":\"Babolat Jet Mach 3 Jr\"}]},{\"@type\":\"WebSite\",\"@id\":\"https:\/\/nordicpadel.com\/sv\/#website\",\"url\":\"https:\/\/nordicpadel.com\/sv\/\",\"name\":\"Nordic Padel\",\"description\":\"\",\"publisher\":{\"@id\":\"https:\/\/nordicpadel.com\/sv\/#organization\"},\"potentialAction\":[{\"@type\":\"SearchAction\",\"target\":{\"@type\":\"EntryPoint\",\"urlTemplate\":\"https:\/\/nordicpadel.com\/sv\/?s={search_term_string}\"},\"query-input\":\"required name=search_term_string\"}],\"inLanguage\":\"sv-SE\"},{\"@type\":\"Organization\",\"@id\":\"https:\/\/nordicpadel.com\/sv\/#organization\",\"name\":\"Nordic Padel\",\"url\":\"https:\/\/nordicpadel.com\/sv\/\",\"logo\":{\"@type\":\"ImageObject\",\"inLanguage\":\"sv-SE\",\"@id\":\"https:\/\/nordicpadel.com\/sv\/#\/schema\/logo\/image\/\",\"url\":\"https:\/\/nordicpadel.com\/sv\/wp-content\/uploads\/sites\/10\/2022\/12\/Nordic-Padel-small_1-1.png\",\"contentUrl\":\"https:\/\/nordicpadel.com\/sv\/wp-content\/uploads\/sites\/10\/2022\/12\/Nordic-Padel-small_1-1.png\",\"width\":400,\"height\":119,\"caption\":\"Nordic Padel\"},\"image\":{\"@id\":\"https:\/\/nordicpadel.com\/sv\/#\/schema\/logo\/image\/\"}}]}<\/script>\n<!-- \/ Yoast SEO plugin. -->","yoast_head_json":{"title":"Babolat Jet Mach 3 Jr - Nordic Padel","robots":{"index":"index","follow":"follow","max-snippet":"max-snippet:-1","max-image-preview":"max-image-preview:large","max-video-preview":"max-video-preview:-1"},"canonical":"https:\/\/nordicpadel.com\/sv\/product\/babolat-jet-mach-3-jr\/","og_locale":"sv_SE","og_type":"article","og_title":"Babolat Jet Mach 3 Jr - Nordic Padel","og_description":"Babolat Jet Mach 3 \u00e4r en h\u00f6gpresterande tennissko som \u00e4r speciellt utformad f\u00f6r juniorer som s\u00f6ker toppkvalitet och komfort. Skon har utrustats med Babolats senaste teknologi, inklusive KPRS-X d\u00e4mpningssystem som hj\u00e4lper till att minska st\u00f6tar och vibrationer fr\u00e5n varje steg du tar p\u00e5 banan. Denna teknologi skyddar f\u00f6tterna fr\u00e5n belastning och minskar risken f\u00f6r skador. [&hellip;]","og_url":"https:\/\/nordicpadel.com\/sv\/product\/babolat-jet-mach-3-jr\/","og_site_name":"Nordic Padel","article_modified_time":"2026-02-02T22:10:33+00:00","twitter_card":"summary_large_image","twitter_misc":{"Ber\u00e4knad l\u00e4stid":"1 minut"},"schema":{"@context":"https:\/\/schema.org","@graph":[{"@type":"WebPage","@id":"https:\/\/nordicpadel.com\/sv\/product\/babolat-jet-mach-3-jr\/","url":"https:\/\/nordicpadel.com\/sv\/product\/babolat-jet-mach-3-jr\/","name":"Babolat Jet Mach 3 Jr - Nordic Padel","isPartOf":{"@id":"https:\/\/nordicpadel.com\/sv\/#website"},"primaryImageOfPage":{"@id":"https:\/\/nordicpadel.com\/sv\/product\/babolat-jet-mach-3-jr\/#primaryimage"},"image":{"@id":"https:\/\/nordicpadel.com\/sv\/product\/babolat-jet-mach-3-jr\/#primaryimage"},"thumbnailUrl":"https:\/\/nordicpadel.com\/sv\/wp-content\/uploads\/sites\/10\/2025\/11\/e9a331061565541ab3b876c1791ba84a.png","datePublished":"2025-11-26T17:47:44+00:00","dateModified":"2026-02-02T22:10:33+00:00","breadcrumb":{"@id":"https:\/\/nordicpadel.com\/sv\/product\/babolat-jet-mach-3-jr\/#breadcrumb"},"inLanguage":"sv-SE","potentialAction":[{"@type":"ReadAction","target":["https:\/\/nordicpadel.com\/sv\/product\/babolat-jet-mach-3-jr\/"]}]},{"@type":"ImageObject","inLanguage":"sv-SE","@id":"https:\/\/nordicpadel.com\/sv\/product\/babolat-jet-mach-3-jr\/#primaryimage","url":"https:\/\/nordicpadel.com\/sv\/wp-content\/uploads\/sites\/10\/2025\/11\/e9a331061565541ab3b876c1791ba84a.png","contentUrl":"https:\/\/nordicpadel.com\/sv\/wp-content\/uploads\/sites\/10\/2025\/11\/e9a331061565541ab3b876c1791ba84a.png","width":800,"height":800,"caption":"Babolat Jet Mach 3 Jr"},{"@type":"BreadcrumbList","@id":"https:\/\/nordicpadel.com\/sv\/product\/babolat-jet-mach-3-jr\/#breadcrumb","itemListElement":[{"@type":"ListItem","position":1,"name":"Hem","item":"https:\/\/nordicpadel.com\/sv\/"},{"@type":"ListItem","position":2,"name":"Shop","item":"https:\/\/nordicpadel.com\/sv\/shop\/"},{"@type":"ListItem","position":3,"name":"Babolat Jet Mach 3 Jr"}]},{"@type":"WebSite","@id":"https:\/\/nordicpadel.com\/sv\/#website","url":"https:\/\/nordicpadel.com\/sv\/","name":"Nordic Padel","description":"","publisher":{"@id":"https:\/\/nordicpadel.com\/sv\/#organization"},"potentialAction":[{"@type":"SearchAction","target":{"@type":"EntryPoint","urlTemplate":"https:\/\/nordicpadel.com\/sv\/?s={search_term_string}"},"query-input":"required name=search_term_string"}],"inLanguage":"sv-SE"},{"@type":"Organization","@id":"https:\/\/nordicpadel.com\/sv\/#organization","name":"Nordic Padel","url":"https:\/\/nordicpadel.com\/sv\/","logo":{"@type":"ImageObject","inLanguage":"sv-SE","@id":"https:\/\/nordicpadel.com\/sv\/#\/schema\/logo\/image\/","url":"https:\/\/nordicpadel.com\/sv\/wp-content\/uploads\/sites\/10\/2022\/12\/Nordic-Padel-small_1-1.png","contentUrl":"https:\/\/nordicpadel.com\/sv\/wp-content\/uploads\/sites\/10\/2022\/12\/Nordic-Padel-small_1-1.png","width":400,"height":119,"caption":"Nordic Padel"},"image":{"@id":"https:\/\/nordicpadel.com\/sv\/#\/schema\/logo\/image\/"}}]}},"brands":[],"_links":{"self":[{"href":"https:\/\/nordicpadel.com\/sv\/wp-json\/wp\/v2\/product\/92167","targetHints":{"allow":["GET"]}}],"collection":[{"href":"https:\/\/nordicpadel.com\/sv\/wp-json\/wp\/v2\/product"}],"about":[{"href":"https:\/\/nordicpadel.com\/sv\/wp-json\/wp\/v2\/types\/product"}],"replies":[{"embeddable":true,"href":"https:\/\/nordicpadel.com\/sv\/wp-json\/wp\/v2\/comments?post=92167"}],"wp:featuredmedia":[{"embeddable":true,"href":"https:\/\/nordicpadel.com\/sv\/wp-json\/wp\/v2\/media\/92150"}],"wp:attachment":[{"href":"https:\/\/nordicpadel.com\/sv\/wp-json\/wp\/v2\/media?parent=92167"}],"wp:term":[{"taxonomy":"pwb-brand","embeddable":true,"href":"https:\/\/nordicpadel.com\/sv\/wp-json\/wp\/v2\/pwb-brand?post=92167"},{"taxonomy":"product_cat","embeddable":true,"href":"https:\/\/nordicpadel.com\/sv\/wp-json\/wp\/v2\/product_cat?post=92167"},{"taxonomy":"product_tag","embeddable":true,"href":"https:\/\/nordicpadel.com\/sv\/wp-json\/wp\/v2\/product_tag?post=92167"},{"taxonomy":"woo-feed-brand","embeddable":true,"href":"https:\/\/nordicpadel.com\/sv\/wp-json\/wp\/v2\/woo-feed-brand?post=92167"}],"curies":[{"name":"wp","href":"https:\/\/api.w.org\/{rel}","templated":true}]}}