{"id":92145,"date":"2025-11-26T18:47:34","date_gmt":"2025-11-26T17:47:34","guid":{"rendered":"https:\/\/nordicpadel.com\/sv\/product\/babolat-jet-premura-2-jr\/"},"modified":"2025-12-09T01:25:36","modified_gmt":"2025-12-09T00:25:36","slug":"babolat-jet-premura-2-jr","status":"publish","type":"product","link":"https:\/\/nordicpadel.com\/sv\/product\/babolat-jet-premura-2-jr\/","title":{"rendered":"Babolat Jet Premura 2 Jr"},"content":{"rendered":"<p>Babolat Jet Premura 2 Junior \u00e4r en padelsko speciellt utvecklad f\u00f6r barn och ungdomar som spelar padel. Skon \u00e4r l\u00e4tt och smidig vilket g\u00f6r den idealisk f\u00f6r snabba r\u00f6relser och sidledsf\u00f6rflyttningar. Sulan \u00e4r utformad f\u00f6r att ge maximalt grepp p\u00e5 padelbanan och har en slitstark Michelin-yttersula som garanterar en bra h\u00e5llbarhet.<\/p>\n<p>Babolat har ocks\u00e5 utrustat Jet Premura 2 Junior med en h\u00f6ggradig d\u00e4mpning som hj\u00e4lper till att minimera st\u00f6tar och belastning p\u00e5 f\u00f6tterna. Skon \u00e4r utformad med Power Straps-teknologi som l\u00e5ser fast fotens mittpunkt och omsluter den med hj\u00e4lp av tv\u00e5 remmar. Detta ger en optimal passform och stabilitet.<\/p>\n<p>Skon \u00e4r ocks\u00e5 designad f\u00f6r att vara bekv\u00e4m och andningsbar, med en ovansida i ett mjukt och flexibelt tyg som transporterar bort fukt fr\u00e5n insidan p\u00e5 ett mycket bra s\u00e4tt.<\/p>\n<p>Babolat Jet Premura 2 Junior \u00e4r en utm\u00e4rkt padelsko f\u00f6r barn och ungdomar som vill ha en l\u00e4tt, smidig och bekv\u00e4m sko med bra grepp och d\u00e4mpning.<\/p>\n","protected":false},"excerpt":{"rendered":"<p>Babolat Jet Premura 2 Junior \u00e4r en padelsko speciellt utvecklad f\u00f6r barn och ungdomar som spelar padel. Skon \u00e4r l\u00e4tt och smidig vilket g\u00f6r den idealisk f\u00f6r snabba r\u00f6relser och sidledsf\u00f6rflyttningar. Sulan \u00e4r utformad f\u00f6r att ge maximalt grepp p\u00e5 padelbanan och har en slitstark Michelin-yttersula som garanterar en bra h\u00e5llbarhet. Babolat har ocks\u00e5 utrustat [&hellip;]<\/p>\n","protected":false},"featured_media":92140,"comment_status":"open","ping_status":"closed","template":"","meta":[],"pwb-brand":[],"product_cat":[456],"product_tag":[],"woo-feed-brand":[],"class_list":{"0":"post-92145","1":"product","2":"type-product","3":"status-publish","4":"has-post-thumbnail","6":"product_cat-babolat","7":"pa_varumarke-babolat","9":"first","10":"instock","11":"sale","12":"taxable","13":"shipping-taxable","14":"purchasable","15":"product-type-variable"},"bundled_by":[],"bundle_stock_status":"instock","bundle_stock_quantity":6,"bundle_virtual":false,"bundle_layout":"","bundle_add_to_cart_form_location":"","bundle_editable_in_cart":false,"bundle_sold_individually_context":"","bundle_item_grouping":"","bundle_min_size":"","bundle_max_size":"","bundled_items":[],"bundle_sell_ids":[],"acf":[],"yoast_head":"<!-- This site is optimized with the Yoast SEO plugin v23.1 - https:\/\/yoast.com\/wordpress\/plugins\/seo\/ -->\n<title>Babolat Jet Premura 2 Jr - Nordic Padel<\/title>\n<meta name=\"robots\" content=\"index, follow, max-snippet:-1, max-image-preview:large, max-video-preview:-1\" \/>\n<link rel=\"canonical\" href=\"https:\/\/nordicpadel.com\/sv\/product\/babolat-jet-premura-2-jr\/\" \/>\n<meta property=\"og:locale\" content=\"sv_SE\" \/>\n<meta property=\"og:type\" content=\"article\" \/>\n<meta property=\"og:title\" content=\"Babolat Jet Premura 2 Jr - Nordic Padel\" \/>\n<meta property=\"og:description\" content=\"Babolat Jet Premura 2 Junior \u00e4r en padelsko speciellt utvecklad f\u00f6r barn och ungdomar som spelar padel. Skon \u00e4r l\u00e4tt och smidig vilket g\u00f6r den idealisk f\u00f6r snabba r\u00f6relser och sidledsf\u00f6rflyttningar. Sulan \u00e4r utformad f\u00f6r att ge maximalt grepp p\u00e5 padelbanan och har en slitstark Michelin-yttersula som garanterar en bra h\u00e5llbarhet. Babolat har ocks\u00e5 utrustat [&hellip;]\" \/>\n<meta property=\"og:url\" content=\"https:\/\/nordicpadel.com\/sv\/product\/babolat-jet-premura-2-jr\/\" \/>\n<meta property=\"og:site_name\" content=\"Nordic Padel\" \/>\n<meta property=\"article:modified_time\" content=\"2025-12-09T00:25:36+00:00\" \/>\n<meta name=\"twitter:card\" content=\"summary_large_image\" \/>\n<meta name=\"twitter:label1\" content=\"Ber\u00e4knad l\u00e4stid\" \/>\n\t<meta name=\"twitter:data1\" content=\"1 minut\" \/>\n<script type=\"application\/ld+json\" class=\"yoast-schema-graph\">{\"@context\":\"https:\/\/schema.org\",\"@graph\":[{\"@type\":\"WebPage\",\"@id\":\"https:\/\/nordicpadel.com\/sv\/product\/babolat-jet-premura-2-jr\/\",\"url\":\"https:\/\/nordicpadel.com\/sv\/product\/babolat-jet-premura-2-jr\/\",\"name\":\"Babolat Jet Premura 2 Jr - Nordic Padel\",\"isPartOf\":{\"@id\":\"https:\/\/nordicpadel.com\/sv\/#website\"},\"primaryImageOfPage\":{\"@id\":\"https:\/\/nordicpadel.com\/sv\/product\/babolat-jet-premura-2-jr\/#primaryimage\"},\"image\":{\"@id\":\"https:\/\/nordicpadel.com\/sv\/product\/babolat-jet-premura-2-jr\/#primaryimage\"},\"thumbnailUrl\":\"https:\/\/nordicpadel.com\/sv\/wp-content\/uploads\/sites\/10\/2025\/11\/6d770ac8d59ab4975d87ecbcdf976632.png\",\"datePublished\":\"2025-11-26T17:47:34+00:00\",\"dateModified\":\"2025-12-09T00:25:36+00:00\",\"breadcrumb\":{\"@id\":\"https:\/\/nordicpadel.com\/sv\/product\/babolat-jet-premura-2-jr\/#breadcrumb\"},\"inLanguage\":\"sv-SE\",\"potentialAction\":[{\"@type\":\"ReadAction\",\"target\":[\"https:\/\/nordicpadel.com\/sv\/product\/babolat-jet-premura-2-jr\/\"]}]},{\"@type\":\"ImageObject\",\"inLanguage\":\"sv-SE\",\"@id\":\"https:\/\/nordicpadel.com\/sv\/product\/babolat-jet-premura-2-jr\/#primaryimage\",\"url\":\"https:\/\/nordicpadel.com\/sv\/wp-content\/uploads\/sites\/10\/2025\/11\/6d770ac8d59ab4975d87ecbcdf976632.png\",\"contentUrl\":\"https:\/\/nordicpadel.com\/sv\/wp-content\/uploads\/sites\/10\/2025\/11\/6d770ac8d59ab4975d87ecbcdf976632.png\",\"width\":800,\"height\":800,\"caption\":\"Babolat Jet Premura 2 Jr\"},{\"@type\":\"BreadcrumbList\",\"@id\":\"https:\/\/nordicpadel.com\/sv\/product\/babolat-jet-premura-2-jr\/#breadcrumb\",\"itemListElement\":[{\"@type\":\"ListItem\",\"position\":1,\"name\":\"Hem\",\"item\":\"https:\/\/nordicpadel.com\/sv\/\"},{\"@type\":\"ListItem\",\"position\":2,\"name\":\"Shop\",\"item\":\"https:\/\/nordicpadel.com\/sv\/shop\/\"},{\"@type\":\"ListItem\",\"position\":3,\"name\":\"Babolat Jet Premura 2 Jr\"}]},{\"@type\":\"WebSite\",\"@id\":\"https:\/\/nordicpadel.com\/sv\/#website\",\"url\":\"https:\/\/nordicpadel.com\/sv\/\",\"name\":\"Nordic Padel\",\"description\":\"\",\"publisher\":{\"@id\":\"https:\/\/nordicpadel.com\/sv\/#organization\"},\"potentialAction\":[{\"@type\":\"SearchAction\",\"target\":{\"@type\":\"EntryPoint\",\"urlTemplate\":\"https:\/\/nordicpadel.com\/sv\/?s={search_term_string}\"},\"query-input\":\"required name=search_term_string\"}],\"inLanguage\":\"sv-SE\"},{\"@type\":\"Organization\",\"@id\":\"https:\/\/nordicpadel.com\/sv\/#organization\",\"name\":\"Nordic Padel\",\"url\":\"https:\/\/nordicpadel.com\/sv\/\",\"logo\":{\"@type\":\"ImageObject\",\"inLanguage\":\"sv-SE\",\"@id\":\"https:\/\/nordicpadel.com\/sv\/#\/schema\/logo\/image\/\",\"url\":\"https:\/\/nordicpadel.com\/sv\/wp-content\/uploads\/sites\/10\/2022\/12\/Nordic-Padel-small_1-1.png\",\"contentUrl\":\"https:\/\/nordicpadel.com\/sv\/wp-content\/uploads\/sites\/10\/2022\/12\/Nordic-Padel-small_1-1.png\",\"width\":400,\"height\":119,\"caption\":\"Nordic Padel\"},\"image\":{\"@id\":\"https:\/\/nordicpadel.com\/sv\/#\/schema\/logo\/image\/\"}}]}<\/script>\n<!-- \/ Yoast SEO plugin. -->","yoast_head_json":{"title":"Babolat Jet Premura 2 Jr - Nordic Padel","robots":{"index":"index","follow":"follow","max-snippet":"max-snippet:-1","max-image-preview":"max-image-preview:large","max-video-preview":"max-video-preview:-1"},"canonical":"https:\/\/nordicpadel.com\/sv\/product\/babolat-jet-premura-2-jr\/","og_locale":"sv_SE","og_type":"article","og_title":"Babolat Jet Premura 2 Jr - Nordic Padel","og_description":"Babolat Jet Premura 2 Junior \u00e4r en padelsko speciellt utvecklad f\u00f6r barn och ungdomar som spelar padel. Skon \u00e4r l\u00e4tt och smidig vilket g\u00f6r den idealisk f\u00f6r snabba r\u00f6relser och sidledsf\u00f6rflyttningar. Sulan \u00e4r utformad f\u00f6r att ge maximalt grepp p\u00e5 padelbanan och har en slitstark Michelin-yttersula som garanterar en bra h\u00e5llbarhet. Babolat har ocks\u00e5 utrustat [&hellip;]","og_url":"https:\/\/nordicpadel.com\/sv\/product\/babolat-jet-premura-2-jr\/","og_site_name":"Nordic Padel","article_modified_time":"2025-12-09T00:25:36+00:00","twitter_card":"summary_large_image","twitter_misc":{"Ber\u00e4knad l\u00e4stid":"1 minut"},"schema":{"@context":"https:\/\/schema.org","@graph":[{"@type":"WebPage","@id":"https:\/\/nordicpadel.com\/sv\/product\/babolat-jet-premura-2-jr\/","url":"https:\/\/nordicpadel.com\/sv\/product\/babolat-jet-premura-2-jr\/","name":"Babolat Jet Premura 2 Jr - Nordic Padel","isPartOf":{"@id":"https:\/\/nordicpadel.com\/sv\/#website"},"primaryImageOfPage":{"@id":"https:\/\/nordicpadel.com\/sv\/product\/babolat-jet-premura-2-jr\/#primaryimage"},"image":{"@id":"https:\/\/nordicpadel.com\/sv\/product\/babolat-jet-premura-2-jr\/#primaryimage"},"thumbnailUrl":"https:\/\/nordicpadel.com\/sv\/wp-content\/uploads\/sites\/10\/2025\/11\/6d770ac8d59ab4975d87ecbcdf976632.png","datePublished":"2025-11-26T17:47:34+00:00","dateModified":"2025-12-09T00:25:36+00:00","breadcrumb":{"@id":"https:\/\/nordicpadel.com\/sv\/product\/babolat-jet-premura-2-jr\/#breadcrumb"},"inLanguage":"sv-SE","potentialAction":[{"@type":"ReadAction","target":["https:\/\/nordicpadel.com\/sv\/product\/babolat-jet-premura-2-jr\/"]}]},{"@type":"ImageObject","inLanguage":"sv-SE","@id":"https:\/\/nordicpadel.com\/sv\/product\/babolat-jet-premura-2-jr\/#primaryimage","url":"https:\/\/nordicpadel.com\/sv\/wp-content\/uploads\/sites\/10\/2025\/11\/6d770ac8d59ab4975d87ecbcdf976632.png","contentUrl":"https:\/\/nordicpadel.com\/sv\/wp-content\/uploads\/sites\/10\/2025\/11\/6d770ac8d59ab4975d87ecbcdf976632.png","width":800,"height":800,"caption":"Babolat Jet Premura 2 Jr"},{"@type":"BreadcrumbList","@id":"https:\/\/nordicpadel.com\/sv\/product\/babolat-jet-premura-2-jr\/#breadcrumb","itemListElement":[{"@type":"ListItem","position":1,"name":"Hem","item":"https:\/\/nordicpadel.com\/sv\/"},{"@type":"ListItem","position":2,"name":"Shop","item":"https:\/\/nordicpadel.com\/sv\/shop\/"},{"@type":"ListItem","position":3,"name":"Babolat Jet Premura 2 Jr"}]},{"@type":"WebSite","@id":"https:\/\/nordicpadel.com\/sv\/#website","url":"https:\/\/nordicpadel.com\/sv\/","name":"Nordic Padel","description":"","publisher":{"@id":"https:\/\/nordicpadel.com\/sv\/#organization"},"potentialAction":[{"@type":"SearchAction","target":{"@type":"EntryPoint","urlTemplate":"https:\/\/nordicpadel.com\/sv\/?s={search_term_string}"},"query-input":"required name=search_term_string"}],"inLanguage":"sv-SE"},{"@type":"Organization","@id":"https:\/\/nordicpadel.com\/sv\/#organization","name":"Nordic Padel","url":"https:\/\/nordicpadel.com\/sv\/","logo":{"@type":"ImageObject","inLanguage":"sv-SE","@id":"https:\/\/nordicpadel.com\/sv\/#\/schema\/logo\/image\/","url":"https:\/\/nordicpadel.com\/sv\/wp-content\/uploads\/sites\/10\/2022\/12\/Nordic-Padel-small_1-1.png","contentUrl":"https:\/\/nordicpadel.com\/sv\/wp-content\/uploads\/sites\/10\/2022\/12\/Nordic-Padel-small_1-1.png","width":400,"height":119,"caption":"Nordic Padel"},"image":{"@id":"https:\/\/nordicpadel.com\/sv\/#\/schema\/logo\/image\/"}}]}},"brands":[],"_links":{"self":[{"href":"https:\/\/nordicpadel.com\/sv\/wp-json\/wp\/v2\/product\/92145","targetHints":{"allow":["GET"]}}],"collection":[{"href":"https:\/\/nordicpadel.com\/sv\/wp-json\/wp\/v2\/product"}],"about":[{"href":"https:\/\/nordicpadel.com\/sv\/wp-json\/wp\/v2\/types\/product"}],"replies":[{"embeddable":true,"href":"https:\/\/nordicpadel.com\/sv\/wp-json\/wp\/v2\/comments?post=92145"}],"wp:featuredmedia":[{"embeddable":true,"href":"https:\/\/nordicpadel.com\/sv\/wp-json\/wp\/v2\/media\/92140"}],"wp:attachment":[{"href":"https:\/\/nordicpadel.com\/sv\/wp-json\/wp\/v2\/media?parent=92145"}],"wp:term":[{"taxonomy":"pwb-brand","embeddable":true,"href":"https:\/\/nordicpadel.com\/sv\/wp-json\/wp\/v2\/pwb-brand?post=92145"},{"taxonomy":"product_cat","embeddable":true,"href":"https:\/\/nordicpadel.com\/sv\/wp-json\/wp\/v2\/product_cat?post=92145"},{"taxonomy":"product_tag","embeddable":true,"href":"https:\/\/nordicpadel.com\/sv\/wp-json\/wp\/v2\/product_tag?post=92145"},{"taxonomy":"woo-feed-brand","embeddable":true,"href":"https:\/\/nordicpadel.com\/sv\/wp-json\/wp\/v2\/woo-feed-brand?post=92145"}],"curies":[{"name":"wp","href":"https:\/\/api.w.org\/{rel}","templated":true}]}}