{"id":92138,"date":"2025-11-26T18:47:32","date_gmt":"2025-11-26T17:47:32","guid":{"rendered":"https:\/\/nordicpadel.com\/sv\/product\/babolat-jet-mach-3-clay\/"},"modified":"2026-02-02T23:10:04","modified_gmt":"2026-02-02T22:10:04","slug":"babolat-jet-mach-3-clay","status":"publish","type":"product","link":"https:\/\/nordicpadel.com\/sv\/product\/babolat-jet-mach-3-clay\/","title":{"rendered":"Babolat Jet Mach 3 Clay"},"content":{"rendered":"<p>Babolat Jet Mach 3 Clay \u00e4r en padel- och tennissko med h\u00f6g prestanda. Skon har en extremt l\u00e4tt design och har en ovanlig form med en bredare t\u00e5box och smalare h\u00e4l f\u00f6r att s\u00e4kerst\u00e4lla en bekv\u00e4m passform. Sulan \u00e4r utformad f\u00f6r att erbjuda utm\u00e4rkt grepp p\u00e5 lera med hj\u00e4lp av Michelin-yttersulan och \u00e4r \u00e4ven slitstark och t\u00e5lig.<\/p>\n<p>F\u00f6r att ge extra stabilitet har skon en f\u00f6rst\u00e4rkt mellansula och en h\u00e4lkappa som st\u00f6djer och l\u00e5ser fast foten p\u00e5 plats. Den har ocks\u00e5 en 360 graders flexibilitet f\u00f6r att ge naturlig r\u00f6relsefrihet under spel. Babolat Jet Mach 3 Clay erbjuder ocks\u00e5 en h\u00f6g grad av andningsf\u00f6rm\u00e5ga med hj\u00e4lp av en ventilerande mesh-\u00f6verdel och en Ortholite-innersula som h\u00e5ller foten sval och torr.<\/p>\n<p>Denna sko \u00e4r utm\u00e4rkt f\u00f6r seri\u00f6sa padel- och tennisspelare som vill ha en h\u00f6gpresterande sko med en perfekt passform och utm\u00e4rkt grepp p\u00e5 lera.<\/p>\n<p>L\u00e4s g\u00e4rna v\u00e5r <a href=\"https:\/\/nordicpadel.com\/sv\/guide-padelskor\/\">skoguide<\/a> som inneh\u00e5ller tips samt en storleksguide f\u00f6r att hj\u00e4lpa dig hitta r\u00e4tt skor.<\/p>\n","protected":false},"excerpt":{"rendered":"<p>Babolat Jet Mach 3 Clay \u00e4r en padel- och tennissko med h\u00f6g prestanda. Skon har en extremt l\u00e4tt design och har en ovanlig form med en bredare t\u00e5box och smalare h\u00e4l f\u00f6r att s\u00e4kerst\u00e4lla en bekv\u00e4m passform. Sulan \u00e4r utformad f\u00f6r att erbjuda utm\u00e4rkt grepp p\u00e5 lera med hj\u00e4lp av Michelin-yttersulan och \u00e4r \u00e4ven slitstark [&hellip;]<\/p>\n","protected":false},"featured_media":92134,"comment_status":"open","ping_status":"closed","template":"","meta":[],"pwb-brand":[],"product_cat":[456],"product_tag":[],"woo-feed-brand":[],"class_list":{"0":"post-92138","1":"product","2":"type-product","3":"status-publish","4":"has-post-thumbnail","6":"product_cat-babolat","7":"pa_varumarke-babolat","9":"first","10":"instock","11":"sale","12":"taxable","13":"shipping-taxable","14":"purchasable","15":"product-type-variable"},"bundled_by":[],"bundle_stock_status":"instock","bundle_stock_quantity":1,"bundle_virtual":false,"bundle_layout":"","bundle_add_to_cart_form_location":"","bundle_editable_in_cart":false,"bundle_sold_individually_context":"","bundle_item_grouping":"","bundle_min_size":"","bundle_max_size":"","bundled_items":[],"bundle_sell_ids":[],"acf":[],"yoast_head":"<!-- This site is optimized with the Yoast SEO plugin v23.1 - https:\/\/yoast.com\/wordpress\/plugins\/seo\/ -->\n<title>Babolat Jet Mach 3 Clay - Nordic Padel<\/title>\n<meta name=\"robots\" content=\"index, follow, max-snippet:-1, max-image-preview:large, max-video-preview:-1\" \/>\n<link rel=\"canonical\" href=\"https:\/\/nordicpadel.com\/sv\/product\/babolat-jet-mach-3-clay\/\" \/>\n<meta property=\"og:locale\" content=\"sv_SE\" \/>\n<meta property=\"og:type\" content=\"article\" \/>\n<meta property=\"og:title\" content=\"Babolat Jet Mach 3 Clay - Nordic Padel\" \/>\n<meta property=\"og:description\" content=\"Babolat Jet Mach 3 Clay \u00e4r en padel- och tennissko med h\u00f6g prestanda. Skon har en extremt l\u00e4tt design och har en ovanlig form med en bredare t\u00e5box och smalare h\u00e4l f\u00f6r att s\u00e4kerst\u00e4lla en bekv\u00e4m passform. Sulan \u00e4r utformad f\u00f6r att erbjuda utm\u00e4rkt grepp p\u00e5 lera med hj\u00e4lp av Michelin-yttersulan och \u00e4r \u00e4ven slitstark [&hellip;]\" \/>\n<meta property=\"og:url\" content=\"https:\/\/nordicpadel.com\/sv\/product\/babolat-jet-mach-3-clay\/\" \/>\n<meta property=\"og:site_name\" content=\"Nordic Padel\" \/>\n<meta property=\"article:modified_time\" content=\"2026-02-02T22:10:04+00:00\" \/>\n<meta property=\"og:image\" content=\"https:\/\/nordicpadel.com\/sv\/wp-content\/uploads\/sites\/10\/2025\/11\/0c8f909d8495f89720ba29dc9506beee.png\" \/>\n\t<meta property=\"og:image:width\" content=\"800\" \/>\n\t<meta property=\"og:image:height\" content=\"800\" \/>\n\t<meta property=\"og:image:type\" content=\"image\/png\" \/>\n<meta name=\"twitter:card\" content=\"summary_large_image\" \/>\n<meta name=\"twitter:label1\" content=\"Ber\u00e4knad l\u00e4stid\" \/>\n\t<meta name=\"twitter:data1\" content=\"1 minut\" \/>\n<script type=\"application\/ld+json\" class=\"yoast-schema-graph\">{\"@context\":\"https:\/\/schema.org\",\"@graph\":[{\"@type\":\"WebPage\",\"@id\":\"https:\/\/nordicpadel.com\/sv\/product\/babolat-jet-mach-3-clay\/\",\"url\":\"https:\/\/nordicpadel.com\/sv\/product\/babolat-jet-mach-3-clay\/\",\"name\":\"Babolat Jet Mach 3 Clay - Nordic Padel\",\"isPartOf\":{\"@id\":\"https:\/\/nordicpadel.com\/sv\/#website\"},\"primaryImageOfPage\":{\"@id\":\"https:\/\/nordicpadel.com\/sv\/product\/babolat-jet-mach-3-clay\/#primaryimage\"},\"image\":{\"@id\":\"https:\/\/nordicpadel.com\/sv\/product\/babolat-jet-mach-3-clay\/#primaryimage\"},\"thumbnailUrl\":\"https:\/\/nordicpadel.com\/sv\/wp-content\/uploads\/sites\/10\/2025\/11\/0c8f909d8495f89720ba29dc9506beee.png\",\"datePublished\":\"2025-11-26T17:47:32+00:00\",\"dateModified\":\"2026-02-02T22:10:04+00:00\",\"breadcrumb\":{\"@id\":\"https:\/\/nordicpadel.com\/sv\/product\/babolat-jet-mach-3-clay\/#breadcrumb\"},\"inLanguage\":\"sv-SE\",\"potentialAction\":[{\"@type\":\"ReadAction\",\"target\":[\"https:\/\/nordicpadel.com\/sv\/product\/babolat-jet-mach-3-clay\/\"]}]},{\"@type\":\"ImageObject\",\"inLanguage\":\"sv-SE\",\"@id\":\"https:\/\/nordicpadel.com\/sv\/product\/babolat-jet-mach-3-clay\/#primaryimage\",\"url\":\"https:\/\/nordicpadel.com\/sv\/wp-content\/uploads\/sites\/10\/2025\/11\/0c8f909d8495f89720ba29dc9506beee.png\",\"contentUrl\":\"https:\/\/nordicpadel.com\/sv\/wp-content\/uploads\/sites\/10\/2025\/11\/0c8f909d8495f89720ba29dc9506beee.png\",\"width\":800,\"height\":800,\"caption\":\"Babolat Jet Mach 3 Clay\"},{\"@type\":\"BreadcrumbList\",\"@id\":\"https:\/\/nordicpadel.com\/sv\/product\/babolat-jet-mach-3-clay\/#breadcrumb\",\"itemListElement\":[{\"@type\":\"ListItem\",\"position\":1,\"name\":\"Hem\",\"item\":\"https:\/\/nordicpadel.com\/sv\/\"},{\"@type\":\"ListItem\",\"position\":2,\"name\":\"Shop\",\"item\":\"https:\/\/nordicpadel.com\/sv\/shop\/\"},{\"@type\":\"ListItem\",\"position\":3,\"name\":\"Babolat Jet Mach 3 Clay\"}]},{\"@type\":\"WebSite\",\"@id\":\"https:\/\/nordicpadel.com\/sv\/#website\",\"url\":\"https:\/\/nordicpadel.com\/sv\/\",\"name\":\"Nordic Padel\",\"description\":\"\",\"publisher\":{\"@id\":\"https:\/\/nordicpadel.com\/sv\/#organization\"},\"potentialAction\":[{\"@type\":\"SearchAction\",\"target\":{\"@type\":\"EntryPoint\",\"urlTemplate\":\"https:\/\/nordicpadel.com\/sv\/?s={search_term_string}\"},\"query-input\":\"required name=search_term_string\"}],\"inLanguage\":\"sv-SE\"},{\"@type\":\"Organization\",\"@id\":\"https:\/\/nordicpadel.com\/sv\/#organization\",\"name\":\"Nordic Padel\",\"url\":\"https:\/\/nordicpadel.com\/sv\/\",\"logo\":{\"@type\":\"ImageObject\",\"inLanguage\":\"sv-SE\",\"@id\":\"https:\/\/nordicpadel.com\/sv\/#\/schema\/logo\/image\/\",\"url\":\"https:\/\/nordicpadel.com\/sv\/wp-content\/uploads\/sites\/10\/2022\/12\/Nordic-Padel-small_1-1.png\",\"contentUrl\":\"https:\/\/nordicpadel.com\/sv\/wp-content\/uploads\/sites\/10\/2022\/12\/Nordic-Padel-small_1-1.png\",\"width\":400,\"height\":119,\"caption\":\"Nordic Padel\"},\"image\":{\"@id\":\"https:\/\/nordicpadel.com\/sv\/#\/schema\/logo\/image\/\"}}]}<\/script>\n<!-- \/ Yoast SEO plugin. -->","yoast_head_json":{"title":"Babolat Jet Mach 3 Clay - Nordic Padel","robots":{"index":"index","follow":"follow","max-snippet":"max-snippet:-1","max-image-preview":"max-image-preview:large","max-video-preview":"max-video-preview:-1"},"canonical":"https:\/\/nordicpadel.com\/sv\/product\/babolat-jet-mach-3-clay\/","og_locale":"sv_SE","og_type":"article","og_title":"Babolat Jet Mach 3 Clay - Nordic Padel","og_description":"Babolat Jet Mach 3 Clay \u00e4r en padel- och tennissko med h\u00f6g prestanda. Skon har en extremt l\u00e4tt design och har en ovanlig form med en bredare t\u00e5box och smalare h\u00e4l f\u00f6r att s\u00e4kerst\u00e4lla en bekv\u00e4m passform. Sulan \u00e4r utformad f\u00f6r att erbjuda utm\u00e4rkt grepp p\u00e5 lera med hj\u00e4lp av Michelin-yttersulan och \u00e4r \u00e4ven slitstark [&hellip;]","og_url":"https:\/\/nordicpadel.com\/sv\/product\/babolat-jet-mach-3-clay\/","og_site_name":"Nordic Padel","article_modified_time":"2026-02-02T22:10:04+00:00","og_image":[{"width":800,"height":800,"url":"https:\/\/nordicpadel.com\/sv\/wp-content\/uploads\/sites\/10\/2025\/11\/0c8f909d8495f89720ba29dc9506beee.png","type":"image\/png"}],"twitter_card":"summary_large_image","twitter_misc":{"Ber\u00e4knad l\u00e4stid":"1 minut"},"schema":{"@context":"https:\/\/schema.org","@graph":[{"@type":"WebPage","@id":"https:\/\/nordicpadel.com\/sv\/product\/babolat-jet-mach-3-clay\/","url":"https:\/\/nordicpadel.com\/sv\/product\/babolat-jet-mach-3-clay\/","name":"Babolat Jet Mach 3 Clay - Nordic Padel","isPartOf":{"@id":"https:\/\/nordicpadel.com\/sv\/#website"},"primaryImageOfPage":{"@id":"https:\/\/nordicpadel.com\/sv\/product\/babolat-jet-mach-3-clay\/#primaryimage"},"image":{"@id":"https:\/\/nordicpadel.com\/sv\/product\/babolat-jet-mach-3-clay\/#primaryimage"},"thumbnailUrl":"https:\/\/nordicpadel.com\/sv\/wp-content\/uploads\/sites\/10\/2025\/11\/0c8f909d8495f89720ba29dc9506beee.png","datePublished":"2025-11-26T17:47:32+00:00","dateModified":"2026-02-02T22:10:04+00:00","breadcrumb":{"@id":"https:\/\/nordicpadel.com\/sv\/product\/babolat-jet-mach-3-clay\/#breadcrumb"},"inLanguage":"sv-SE","potentialAction":[{"@type":"ReadAction","target":["https:\/\/nordicpadel.com\/sv\/product\/babolat-jet-mach-3-clay\/"]}]},{"@type":"ImageObject","inLanguage":"sv-SE","@id":"https:\/\/nordicpadel.com\/sv\/product\/babolat-jet-mach-3-clay\/#primaryimage","url":"https:\/\/nordicpadel.com\/sv\/wp-content\/uploads\/sites\/10\/2025\/11\/0c8f909d8495f89720ba29dc9506beee.png","contentUrl":"https:\/\/nordicpadel.com\/sv\/wp-content\/uploads\/sites\/10\/2025\/11\/0c8f909d8495f89720ba29dc9506beee.png","width":800,"height":800,"caption":"Babolat Jet Mach 3 Clay"},{"@type":"BreadcrumbList","@id":"https:\/\/nordicpadel.com\/sv\/product\/babolat-jet-mach-3-clay\/#breadcrumb","itemListElement":[{"@type":"ListItem","position":1,"name":"Hem","item":"https:\/\/nordicpadel.com\/sv\/"},{"@type":"ListItem","position":2,"name":"Shop","item":"https:\/\/nordicpadel.com\/sv\/shop\/"},{"@type":"ListItem","position":3,"name":"Babolat Jet Mach 3 Clay"}]},{"@type":"WebSite","@id":"https:\/\/nordicpadel.com\/sv\/#website","url":"https:\/\/nordicpadel.com\/sv\/","name":"Nordic Padel","description":"","publisher":{"@id":"https:\/\/nordicpadel.com\/sv\/#organization"},"potentialAction":[{"@type":"SearchAction","target":{"@type":"EntryPoint","urlTemplate":"https:\/\/nordicpadel.com\/sv\/?s={search_term_string}"},"query-input":"required name=search_term_string"}],"inLanguage":"sv-SE"},{"@type":"Organization","@id":"https:\/\/nordicpadel.com\/sv\/#organization","name":"Nordic Padel","url":"https:\/\/nordicpadel.com\/sv\/","logo":{"@type":"ImageObject","inLanguage":"sv-SE","@id":"https:\/\/nordicpadel.com\/sv\/#\/schema\/logo\/image\/","url":"https:\/\/nordicpadel.com\/sv\/wp-content\/uploads\/sites\/10\/2022\/12\/Nordic-Padel-small_1-1.png","contentUrl":"https:\/\/nordicpadel.com\/sv\/wp-content\/uploads\/sites\/10\/2022\/12\/Nordic-Padel-small_1-1.png","width":400,"height":119,"caption":"Nordic Padel"},"image":{"@id":"https:\/\/nordicpadel.com\/sv\/#\/schema\/logo\/image\/"}}]}},"brands":[],"_links":{"self":[{"href":"https:\/\/nordicpadel.com\/sv\/wp-json\/wp\/v2\/product\/92138","targetHints":{"allow":["GET"]}}],"collection":[{"href":"https:\/\/nordicpadel.com\/sv\/wp-json\/wp\/v2\/product"}],"about":[{"href":"https:\/\/nordicpadel.com\/sv\/wp-json\/wp\/v2\/types\/product"}],"replies":[{"embeddable":true,"href":"https:\/\/nordicpadel.com\/sv\/wp-json\/wp\/v2\/comments?post=92138"}],"wp:featuredmedia":[{"embeddable":true,"href":"https:\/\/nordicpadel.com\/sv\/wp-json\/wp\/v2\/media\/92134"}],"wp:attachment":[{"href":"https:\/\/nordicpadel.com\/sv\/wp-json\/wp\/v2\/media?parent=92138"}],"wp:term":[{"taxonomy":"pwb-brand","embeddable":true,"href":"https:\/\/nordicpadel.com\/sv\/wp-json\/wp\/v2\/pwb-brand?post=92138"},{"taxonomy":"product_cat","embeddable":true,"href":"https:\/\/nordicpadel.com\/sv\/wp-json\/wp\/v2\/product_cat?post=92138"},{"taxonomy":"product_tag","embeddable":true,"href":"https:\/\/nordicpadel.com\/sv\/wp-json\/wp\/v2\/product_tag?post=92138"},{"taxonomy":"woo-feed-brand","embeddable":true,"href":"https:\/\/nordicpadel.com\/sv\/wp-json\/wp\/v2\/woo-feed-brand?post=92138"}],"curies":[{"name":"wp","href":"https:\/\/api.w.org\/{rel}","templated":true}]}}