{"id":92118,"date":"2025-11-26T18:47:22","date_gmt":"2025-11-26T17:47:22","guid":{"rendered":"https:\/\/nordicpadel.com\/sv\/product\/nike-zoom-vapor-cage-4-rafa\/"},"modified":"2025-11-27T16:38:33","modified_gmt":"2025-11-27T15:38:33","slug":"nike-zoom-vapor-cage-4-rafa","status":"publish","type":"product","link":"https:\/\/nordicpadel.com\/sv\/product\/nike-zoom-vapor-cage-4-rafa\/","title":{"rendered":"Nike Zoom Vapor Cage 4 Rafa"},"content":{"rendered":"<p>Nike Air Zoom Vapor Cage 4 \u00e4r inte bara en tennis &amp; padel-sko med maximal h\u00e5llbarhet och optimalt grepp, den \u00e4r \u00e4ven framtagna med hj\u00e4lp av tennislegenden Rafael Nadal. Nadal \u00e4r k\u00e4nd f\u00f6r sin tuffa spelstil och kr\u00e4vande tr\u00e4ningsrutiner, vilket g\u00f6r honom till en utm\u00e4rkt samarbetspartner n\u00e4r det kommer till utveckling av slitstarka och bekv\u00e4ma tennisskor.Med sin l\u00e4tta innersula i gummi och &#8220;zoner&#8221; f\u00f6r stabilitet utan att tynga ner, samt Nike Zoom Air i h\u00e4len och framsidan f\u00f6r extra d\u00e4mpning och snabb f\u00f6rflyttning p\u00e5 banan, \u00e4r Nike Air Zoom Vapor Cage 4 en tennissko som inte bara ger dig maximal prestation, utan \u00e4ven optimal komfort och st\u00f6d.Dessutom \u00e4r skon utformad med en extern h\u00e4lkl\u00e4mma som s\u00e4krar h\u00e4len, smidigt st\u00f6d f\u00f6r mellanfoten f\u00f6r l\u00e4tt vikt och stabilitet, samt en innersko med t\u00e4tsittande passform som omsluter foten f\u00f6r extra st\u00f6d och komfort.Sammanfattningsvis \u00e4r Nike Air Zoom Vapor Cage 4 en perfekt tennis &amp; padel-sko f\u00f6r dig som vill ha en sko som klarar av tuffa spelstilar och intensiva tr\u00e4ningsrutiner, samtidigt som den ger optimalt grepp och responsiv d\u00e4mpning p\u00e5 banan. <\/p>\n<p>L\u00e4s g\u00e4rna v\u00e5r <a href=\"https:\/\/nordicpadel.com\/sv\/guide-padelskor\/\">skoguide<\/a> som inneh\u00e5ller tips samt en storleksguide f\u00f6r att hj\u00e4lpa dig hitta r\u00e4tt skor.<\/p>\n","protected":false},"excerpt":{"rendered":"<p>Nike Air Zoom Vapor Cage 4 \u00e4r inte bara en tennis &amp; padel-sko med maximal h\u00e5llbarhet och optimalt grepp, den \u00e4r \u00e4ven framtagna med hj\u00e4lp av tennislegenden Rafael Nadal. Nadal \u00e4r k\u00e4nd f\u00f6r sin tuffa spelstil och kr\u00e4vande tr\u00e4ningsrutiner, vilket g\u00f6r honom till en utm\u00e4rkt samarbetspartner n\u00e4r det kommer till utveckling av slitstarka och bekv\u00e4ma [&hellip;]<\/p>\n","protected":false},"featured_media":92103,"comment_status":"open","ping_status":"closed","template":"","meta":[],"pwb-brand":[],"product_cat":[38,471],"product_tag":[],"woo-feed-brand":[],"class_list":{"0":"post-92118","1":"product","2":"type-product","3":"status-publish","4":"has-post-thumbnail","6":"product_cat-herr","7":"product_cat-nike","8":"pa_varumarke-nike","10":"first","11":"outofstock","12":"sale","13":"taxable","14":"shipping-taxable","15":"product-type-variable"},"bundled_by":[],"bundle_stock_status":"outofstock","bundle_stock_quantity":0,"bundle_virtual":false,"bundle_layout":"","bundle_add_to_cart_form_location":"","bundle_editable_in_cart":false,"bundle_sold_individually_context":"","bundle_item_grouping":"","bundle_min_size":"","bundle_max_size":"","bundled_items":[],"bundle_sell_ids":[],"acf":[],"yoast_head":"<!-- This site is optimized with the Yoast SEO plugin v23.1 - https:\/\/yoast.com\/wordpress\/plugins\/seo\/ -->\n<title>Nike Zoom Vapor Cage 4 Rafa - Nordic Padel<\/title>\n<meta name=\"robots\" content=\"index, follow, max-snippet:-1, max-image-preview:large, max-video-preview:-1\" \/>\n<link rel=\"canonical\" href=\"https:\/\/nordicpadel.com\/sv\/product\/nike-zoom-vapor-cage-4-rafa\/\" \/>\n<meta property=\"og:locale\" content=\"sv_SE\" \/>\n<meta property=\"og:type\" content=\"article\" \/>\n<meta property=\"og:title\" content=\"Nike Zoom Vapor Cage 4 Rafa - Nordic Padel\" \/>\n<meta property=\"og:description\" content=\"Nike Air Zoom Vapor Cage 4 \u00e4r inte bara en tennis &amp; padel-sko med maximal h\u00e5llbarhet och optimalt grepp, den \u00e4r \u00e4ven framtagna med hj\u00e4lp av tennislegenden Rafael Nadal. Nadal \u00e4r k\u00e4nd f\u00f6r sin tuffa spelstil och kr\u00e4vande tr\u00e4ningsrutiner, vilket g\u00f6r honom till en utm\u00e4rkt samarbetspartner n\u00e4r det kommer till utveckling av slitstarka och bekv\u00e4ma [&hellip;]\" \/>\n<meta property=\"og:url\" content=\"https:\/\/nordicpadel.com\/sv\/product\/nike-zoom-vapor-cage-4-rafa\/\" \/>\n<meta property=\"og:site_name\" content=\"Nordic Padel\" \/>\n<meta property=\"article:modified_time\" content=\"2025-11-27T15:38:33+00:00\" \/>\n<meta property=\"og:image\" content=\"https:\/\/nordicpadel.com\/sv\/wp-content\/uploads\/sites\/10\/2025\/11\/17a9eedb0c55c347b5b8a5f31d17b5d7.png\" \/>\n\t<meta property=\"og:image:width\" content=\"800\" \/>\n\t<meta property=\"og:image:height\" content=\"800\" \/>\n\t<meta property=\"og:image:type\" content=\"image\/png\" \/>\n<meta name=\"twitter:card\" content=\"summary_large_image\" \/>\n<meta name=\"twitter:label1\" content=\"Ber\u00e4knad l\u00e4stid\" \/>\n\t<meta name=\"twitter:data1\" content=\"1 minut\" \/>\n<script type=\"application\/ld+json\" class=\"yoast-schema-graph\">{\"@context\":\"https:\/\/schema.org\",\"@graph\":[{\"@type\":\"WebPage\",\"@id\":\"https:\/\/nordicpadel.com\/sv\/product\/nike-zoom-vapor-cage-4-rafa\/\",\"url\":\"https:\/\/nordicpadel.com\/sv\/product\/nike-zoom-vapor-cage-4-rafa\/\",\"name\":\"Nike Zoom Vapor Cage 4 Rafa - Nordic Padel\",\"isPartOf\":{\"@id\":\"https:\/\/nordicpadel.com\/sv\/#website\"},\"primaryImageOfPage\":{\"@id\":\"https:\/\/nordicpadel.com\/sv\/product\/nike-zoom-vapor-cage-4-rafa\/#primaryimage\"},\"image\":{\"@id\":\"https:\/\/nordicpadel.com\/sv\/product\/nike-zoom-vapor-cage-4-rafa\/#primaryimage\"},\"thumbnailUrl\":\"https:\/\/nordicpadel.com\/sv\/wp-content\/uploads\/sites\/10\/2025\/11\/17a9eedb0c55c347b5b8a5f31d17b5d7.png\",\"datePublished\":\"2025-11-26T17:47:22+00:00\",\"dateModified\":\"2025-11-27T15:38:33+00:00\",\"breadcrumb\":{\"@id\":\"https:\/\/nordicpadel.com\/sv\/product\/nike-zoom-vapor-cage-4-rafa\/#breadcrumb\"},\"inLanguage\":\"sv-SE\",\"potentialAction\":[{\"@type\":\"ReadAction\",\"target\":[\"https:\/\/nordicpadel.com\/sv\/product\/nike-zoom-vapor-cage-4-rafa\/\"]}]},{\"@type\":\"ImageObject\",\"inLanguage\":\"sv-SE\",\"@id\":\"https:\/\/nordicpadel.com\/sv\/product\/nike-zoom-vapor-cage-4-rafa\/#primaryimage\",\"url\":\"https:\/\/nordicpadel.com\/sv\/wp-content\/uploads\/sites\/10\/2025\/11\/17a9eedb0c55c347b5b8a5f31d17b5d7.png\",\"contentUrl\":\"https:\/\/nordicpadel.com\/sv\/wp-content\/uploads\/sites\/10\/2025\/11\/17a9eedb0c55c347b5b8a5f31d17b5d7.png\",\"width\":800,\"height\":800,\"caption\":\"Nike Zoom Vapor Cage 4 Rafa\"},{\"@type\":\"BreadcrumbList\",\"@id\":\"https:\/\/nordicpadel.com\/sv\/product\/nike-zoom-vapor-cage-4-rafa\/#breadcrumb\",\"itemListElement\":[{\"@type\":\"ListItem\",\"position\":1,\"name\":\"Hem\",\"item\":\"https:\/\/nordicpadel.com\/sv\/\"},{\"@type\":\"ListItem\",\"position\":2,\"name\":\"Shop\",\"item\":\"https:\/\/nordicpadel.com\/sv\/shop\/\"},{\"@type\":\"ListItem\",\"position\":3,\"name\":\"Nike Zoom Vapor Cage 4 Rafa\"}]},{\"@type\":\"WebSite\",\"@id\":\"https:\/\/nordicpadel.com\/sv\/#website\",\"url\":\"https:\/\/nordicpadel.com\/sv\/\",\"name\":\"Nordic Padel\",\"description\":\"\",\"publisher\":{\"@id\":\"https:\/\/nordicpadel.com\/sv\/#organization\"},\"potentialAction\":[{\"@type\":\"SearchAction\",\"target\":{\"@type\":\"EntryPoint\",\"urlTemplate\":\"https:\/\/nordicpadel.com\/sv\/?s={search_term_string}\"},\"query-input\":\"required name=search_term_string\"}],\"inLanguage\":\"sv-SE\"},{\"@type\":\"Organization\",\"@id\":\"https:\/\/nordicpadel.com\/sv\/#organization\",\"name\":\"Nordic Padel\",\"url\":\"https:\/\/nordicpadel.com\/sv\/\",\"logo\":{\"@type\":\"ImageObject\",\"inLanguage\":\"sv-SE\",\"@id\":\"https:\/\/nordicpadel.com\/sv\/#\/schema\/logo\/image\/\",\"url\":\"https:\/\/nordicpadel.com\/sv\/wp-content\/uploads\/sites\/10\/2022\/12\/Nordic-Padel-small_1-1.png\",\"contentUrl\":\"https:\/\/nordicpadel.com\/sv\/wp-content\/uploads\/sites\/10\/2022\/12\/Nordic-Padel-small_1-1.png\",\"width\":400,\"height\":119,\"caption\":\"Nordic Padel\"},\"image\":{\"@id\":\"https:\/\/nordicpadel.com\/sv\/#\/schema\/logo\/image\/\"}}]}<\/script>\n<!-- \/ Yoast SEO plugin. -->","yoast_head_json":{"title":"Nike Zoom Vapor Cage 4 Rafa - Nordic Padel","robots":{"index":"index","follow":"follow","max-snippet":"max-snippet:-1","max-image-preview":"max-image-preview:large","max-video-preview":"max-video-preview:-1"},"canonical":"https:\/\/nordicpadel.com\/sv\/product\/nike-zoom-vapor-cage-4-rafa\/","og_locale":"sv_SE","og_type":"article","og_title":"Nike Zoom Vapor Cage 4 Rafa - Nordic Padel","og_description":"Nike Air Zoom Vapor Cage 4 \u00e4r inte bara en tennis &amp; padel-sko med maximal h\u00e5llbarhet och optimalt grepp, den \u00e4r \u00e4ven framtagna med hj\u00e4lp av tennislegenden Rafael Nadal. Nadal \u00e4r k\u00e4nd f\u00f6r sin tuffa spelstil och kr\u00e4vande tr\u00e4ningsrutiner, vilket g\u00f6r honom till en utm\u00e4rkt samarbetspartner n\u00e4r det kommer till utveckling av slitstarka och bekv\u00e4ma [&hellip;]","og_url":"https:\/\/nordicpadel.com\/sv\/product\/nike-zoom-vapor-cage-4-rafa\/","og_site_name":"Nordic Padel","article_modified_time":"2025-11-27T15:38:33+00:00","og_image":[{"width":800,"height":800,"url":"https:\/\/nordicpadel.com\/sv\/wp-content\/uploads\/sites\/10\/2025\/11\/17a9eedb0c55c347b5b8a5f31d17b5d7.png","type":"image\/png"}],"twitter_card":"summary_large_image","twitter_misc":{"Ber\u00e4knad l\u00e4stid":"1 minut"},"schema":{"@context":"https:\/\/schema.org","@graph":[{"@type":"WebPage","@id":"https:\/\/nordicpadel.com\/sv\/product\/nike-zoom-vapor-cage-4-rafa\/","url":"https:\/\/nordicpadel.com\/sv\/product\/nike-zoom-vapor-cage-4-rafa\/","name":"Nike Zoom Vapor Cage 4 Rafa - Nordic Padel","isPartOf":{"@id":"https:\/\/nordicpadel.com\/sv\/#website"},"primaryImageOfPage":{"@id":"https:\/\/nordicpadel.com\/sv\/product\/nike-zoom-vapor-cage-4-rafa\/#primaryimage"},"image":{"@id":"https:\/\/nordicpadel.com\/sv\/product\/nike-zoom-vapor-cage-4-rafa\/#primaryimage"},"thumbnailUrl":"https:\/\/nordicpadel.com\/sv\/wp-content\/uploads\/sites\/10\/2025\/11\/17a9eedb0c55c347b5b8a5f31d17b5d7.png","datePublished":"2025-11-26T17:47:22+00:00","dateModified":"2025-11-27T15:38:33+00:00","breadcrumb":{"@id":"https:\/\/nordicpadel.com\/sv\/product\/nike-zoom-vapor-cage-4-rafa\/#breadcrumb"},"inLanguage":"sv-SE","potentialAction":[{"@type":"ReadAction","target":["https:\/\/nordicpadel.com\/sv\/product\/nike-zoom-vapor-cage-4-rafa\/"]}]},{"@type":"ImageObject","inLanguage":"sv-SE","@id":"https:\/\/nordicpadel.com\/sv\/product\/nike-zoom-vapor-cage-4-rafa\/#primaryimage","url":"https:\/\/nordicpadel.com\/sv\/wp-content\/uploads\/sites\/10\/2025\/11\/17a9eedb0c55c347b5b8a5f31d17b5d7.png","contentUrl":"https:\/\/nordicpadel.com\/sv\/wp-content\/uploads\/sites\/10\/2025\/11\/17a9eedb0c55c347b5b8a5f31d17b5d7.png","width":800,"height":800,"caption":"Nike Zoom Vapor Cage 4 Rafa"},{"@type":"BreadcrumbList","@id":"https:\/\/nordicpadel.com\/sv\/product\/nike-zoom-vapor-cage-4-rafa\/#breadcrumb","itemListElement":[{"@type":"ListItem","position":1,"name":"Hem","item":"https:\/\/nordicpadel.com\/sv\/"},{"@type":"ListItem","position":2,"name":"Shop","item":"https:\/\/nordicpadel.com\/sv\/shop\/"},{"@type":"ListItem","position":3,"name":"Nike Zoom Vapor Cage 4 Rafa"}]},{"@type":"WebSite","@id":"https:\/\/nordicpadel.com\/sv\/#website","url":"https:\/\/nordicpadel.com\/sv\/","name":"Nordic Padel","description":"","publisher":{"@id":"https:\/\/nordicpadel.com\/sv\/#organization"},"potentialAction":[{"@type":"SearchAction","target":{"@type":"EntryPoint","urlTemplate":"https:\/\/nordicpadel.com\/sv\/?s={search_term_string}"},"query-input":"required name=search_term_string"}],"inLanguage":"sv-SE"},{"@type":"Organization","@id":"https:\/\/nordicpadel.com\/sv\/#organization","name":"Nordic Padel","url":"https:\/\/nordicpadel.com\/sv\/","logo":{"@type":"ImageObject","inLanguage":"sv-SE","@id":"https:\/\/nordicpadel.com\/sv\/#\/schema\/logo\/image\/","url":"https:\/\/nordicpadel.com\/sv\/wp-content\/uploads\/sites\/10\/2022\/12\/Nordic-Padel-small_1-1.png","contentUrl":"https:\/\/nordicpadel.com\/sv\/wp-content\/uploads\/sites\/10\/2022\/12\/Nordic-Padel-small_1-1.png","width":400,"height":119,"caption":"Nordic Padel"},"image":{"@id":"https:\/\/nordicpadel.com\/sv\/#\/schema\/logo\/image\/"}}]}},"brands":[],"_links":{"self":[{"href":"https:\/\/nordicpadel.com\/sv\/wp-json\/wp\/v2\/product\/92118","targetHints":{"allow":["GET"]}}],"collection":[{"href":"https:\/\/nordicpadel.com\/sv\/wp-json\/wp\/v2\/product"}],"about":[{"href":"https:\/\/nordicpadel.com\/sv\/wp-json\/wp\/v2\/types\/product"}],"replies":[{"embeddable":true,"href":"https:\/\/nordicpadel.com\/sv\/wp-json\/wp\/v2\/comments?post=92118"}],"wp:featuredmedia":[{"embeddable":true,"href":"https:\/\/nordicpadel.com\/sv\/wp-json\/wp\/v2\/media\/92103"}],"wp:attachment":[{"href":"https:\/\/nordicpadel.com\/sv\/wp-json\/wp\/v2\/media?parent=92118"}],"wp:term":[{"taxonomy":"pwb-brand","embeddable":true,"href":"https:\/\/nordicpadel.com\/sv\/wp-json\/wp\/v2\/pwb-brand?post=92118"},{"taxonomy":"product_cat","embeddable":true,"href":"https:\/\/nordicpadel.com\/sv\/wp-json\/wp\/v2\/product_cat?post=92118"},{"taxonomy":"product_tag","embeddable":true,"href":"https:\/\/nordicpadel.com\/sv\/wp-json\/wp\/v2\/product_tag?post=92118"},{"taxonomy":"woo-feed-brand","embeddable":true,"href":"https:\/\/nordicpadel.com\/sv\/wp-json\/wp\/v2\/woo-feed-brand?post=92118"}],"curies":[{"name":"wp","href":"https:\/\/api.w.org\/{rel}","templated":true}]}}