{"id":92072,"date":"2025-11-26T18:46:55","date_gmt":"2025-11-26T17:46:55","guid":{"rendered":"https:\/\/nordicpadel.com\/sv\/product\/babolat-vertuo-counter-3\/"},"modified":"2026-03-18T12:34:48","modified_gmt":"2026-03-18T11:34:48","slug":"babolat-vertuo-counter-3","status":"publish","type":"product","link":"https:\/\/nordicpadel.com\/sv\/product\/babolat-vertuo-counter-3\/","title":{"rendered":"Babolat Vertuo Counter"},"content":{"rendered":"<p>Babolat Vertuo Counter 2023 \u00e4r ett runt padelracket som passar b\u00e5de nyb\u00f6rjare och avancerade spelare. Med en mjuk k\u00e4rna och stor sweetspot \u00e4r den enkel att spela med och ger extra fart och kontroll i varje slag. Racket v\u00e4ger 365 gram och har en h\u00f6g balans, vilket ger en bra kombination av kontroll och kraft.<br id=\"isPasted\"><br \/>Den innovativa designen inkluderar Hole Pattern System (HPS), vilket ger extra fart och kontroll i varje slag genom att placera h\u00e5len p\u00e5 ett unikt s\u00e4tt. Ytan p\u00e5 racketen har 3D-spinn, vilket ger extra friktion och grepp f\u00f6r \u00f6kad precision och spinn i varje slag.<\/p>\n<p>Racketen har ocks\u00e5 VibraSorb System 2, ett vibrationsd\u00e4mpande system som minimerar vibrationerna vid bolltr\u00e4ff f\u00f6r att f\u00f6rebygga \u00f6verbelastningsskador i arm och armb\u00e5ge, s\u00e5kallad padelarmb\u00e5ge.<\/p>\n<p>Med Babolat Vertuo Technical 2023 f\u00e5r du ett l\u00e4ttspelat padelracket som ger extra fart och kontroll i varje slag. HPS och 3D-spinn ger extra grepp och precision, medan VibraSorb System 2 f\u00f6rebygger \u00f6verbelastningsskador. Racketen passar b\u00e5de nyb\u00f6rjare och avancerade spelare, och ger en bra kombination av kontroll och kraft.<\/p>\n","protected":false},"excerpt":{"rendered":"<p>Babolat Vertuo Counter 2023 \u00e4r ett runt padelracket som passar b\u00e5de nyb\u00f6rjare och avancerade spelare. Med en mjuk k\u00e4rna och stor sweetspot \u00e4r den enkel att spela med och ger extra fart och kontroll i varje slag. Racket v\u00e4ger 365 gram och har en h\u00f6g balans, vilket ger en bra kombination av kontroll och kraft.Den [&hellip;]<\/p>\n","protected":false},"featured_media":92054,"comment_status":"open","ping_status":"closed","template":"","meta":[],"pwb-brand":[],"product_cat":[456],"product_tag":[],"woo-feed-brand":[],"class_list":{"0":"post-92072","1":"product","2":"type-product","3":"status-publish","4":"has-post-thumbnail","6":"product_cat-babolat","7":"pa_varumarke-babolat","9":"first","10":"outofstock","11":"sale","12":"taxable","13":"shipping-taxable","14":"purchasable","15":"product-type-simple"},"bundled_by":[],"bundle_stock_status":"outofstock","bundle_stock_quantity":0,"bundle_virtual":false,"bundle_layout":"","bundle_add_to_cart_form_location":"","bundle_editable_in_cart":false,"bundle_sold_individually_context":"","bundle_item_grouping":"","bundle_min_size":"","bundle_max_size":"","bundled_items":[],"bundle_sell_ids":[],"acf":[],"yoast_head":"<!-- This site is optimized with the Yoast SEO plugin v23.1 - https:\/\/yoast.com\/wordpress\/plugins\/seo\/ -->\n<title>Babolat Vertuo Counter - Nordic Padel<\/title>\n<meta name=\"robots\" content=\"index, follow, max-snippet:-1, max-image-preview:large, max-video-preview:-1\" \/>\n<link rel=\"canonical\" href=\"https:\/\/nordicpadel.com\/sv\/product\/babolat-vertuo-counter-3\/\" \/>\n<meta property=\"og:locale\" content=\"sv_SE\" \/>\n<meta property=\"og:type\" content=\"article\" \/>\n<meta property=\"og:title\" content=\"Babolat Vertuo Counter - Nordic Padel\" \/>\n<meta property=\"og:description\" content=\"Babolat Vertuo Counter 2023 \u00e4r ett runt padelracket som passar b\u00e5de nyb\u00f6rjare och avancerade spelare. Med en mjuk k\u00e4rna och stor sweetspot \u00e4r den enkel att spela med och ger extra fart och kontroll i varje slag. Racket v\u00e4ger 365 gram och har en h\u00f6g balans, vilket ger en bra kombination av kontroll och kraft.Den [&hellip;]\" \/>\n<meta property=\"og:url\" content=\"https:\/\/nordicpadel.com\/sv\/product\/babolat-vertuo-counter-3\/\" \/>\n<meta property=\"og:site_name\" content=\"Nordic Padel\" \/>\n<meta property=\"article:modified_time\" content=\"2026-03-18T11:34:48+00:00\" \/>\n<meta property=\"og:image\" content=\"https:\/\/nordicpadel.com\/sv\/wp-content\/uploads\/sites\/10\/2025\/11\/c2ac7c7b6db5713075563c901eaf9b84.png\" \/>\n\t<meta property=\"og:image:width\" content=\"800\" \/>\n\t<meta property=\"og:image:height\" content=\"800\" \/>\n\t<meta property=\"og:image:type\" content=\"image\/png\" \/>\n<meta name=\"twitter:card\" content=\"summary_large_image\" \/>\n<meta name=\"twitter:label1\" content=\"Ber\u00e4knad l\u00e4stid\" \/>\n\t<meta name=\"twitter:data1\" content=\"1 minut\" \/>\n<script type=\"application\/ld+json\" class=\"yoast-schema-graph\">{\"@context\":\"https:\/\/schema.org\",\"@graph\":[{\"@type\":\"WebPage\",\"@id\":\"https:\/\/nordicpadel.com\/sv\/product\/babolat-vertuo-counter-3\/\",\"url\":\"https:\/\/nordicpadel.com\/sv\/product\/babolat-vertuo-counter-3\/\",\"name\":\"Babolat Vertuo Counter - Nordic Padel\",\"isPartOf\":{\"@id\":\"https:\/\/nordicpadel.com\/sv\/#website\"},\"primaryImageOfPage\":{\"@id\":\"https:\/\/nordicpadel.com\/sv\/product\/babolat-vertuo-counter-3\/#primaryimage\"},\"image\":{\"@id\":\"https:\/\/nordicpadel.com\/sv\/product\/babolat-vertuo-counter-3\/#primaryimage\"},\"thumbnailUrl\":\"https:\/\/nordicpadel.com\/sv\/wp-content\/uploads\/sites\/10\/2025\/11\/c2ac7c7b6db5713075563c901eaf9b84.png\",\"datePublished\":\"2025-11-26T17:46:55+00:00\",\"dateModified\":\"2026-03-18T11:34:48+00:00\",\"breadcrumb\":{\"@id\":\"https:\/\/nordicpadel.com\/sv\/product\/babolat-vertuo-counter-3\/#breadcrumb\"},\"inLanguage\":\"sv-SE\",\"potentialAction\":[{\"@type\":\"ReadAction\",\"target\":[\"https:\/\/nordicpadel.com\/sv\/product\/babolat-vertuo-counter-3\/\"]}]},{\"@type\":\"ImageObject\",\"inLanguage\":\"sv-SE\",\"@id\":\"https:\/\/nordicpadel.com\/sv\/product\/babolat-vertuo-counter-3\/#primaryimage\",\"url\":\"https:\/\/nordicpadel.com\/sv\/wp-content\/uploads\/sites\/10\/2025\/11\/c2ac7c7b6db5713075563c901eaf9b84.png\",\"contentUrl\":\"https:\/\/nordicpadel.com\/sv\/wp-content\/uploads\/sites\/10\/2025\/11\/c2ac7c7b6db5713075563c901eaf9b84.png\",\"width\":800,\"height\":800,\"caption\":\"Babolat Vertuo Counter\"},{\"@type\":\"BreadcrumbList\",\"@id\":\"https:\/\/nordicpadel.com\/sv\/product\/babolat-vertuo-counter-3\/#breadcrumb\",\"itemListElement\":[{\"@type\":\"ListItem\",\"position\":1,\"name\":\"Hem\",\"item\":\"https:\/\/nordicpadel.com\/sv\/\"},{\"@type\":\"ListItem\",\"position\":2,\"name\":\"Shop\",\"item\":\"https:\/\/nordicpadel.com\/sv\/shop\/\"},{\"@type\":\"ListItem\",\"position\":3,\"name\":\"Babolat Vertuo Counter\"}]},{\"@type\":\"WebSite\",\"@id\":\"https:\/\/nordicpadel.com\/sv\/#website\",\"url\":\"https:\/\/nordicpadel.com\/sv\/\",\"name\":\"Nordic Padel\",\"description\":\"\",\"publisher\":{\"@id\":\"https:\/\/nordicpadel.com\/sv\/#organization\"},\"potentialAction\":[{\"@type\":\"SearchAction\",\"target\":{\"@type\":\"EntryPoint\",\"urlTemplate\":\"https:\/\/nordicpadel.com\/sv\/?s={search_term_string}\"},\"query-input\":\"required name=search_term_string\"}],\"inLanguage\":\"sv-SE\"},{\"@type\":\"Organization\",\"@id\":\"https:\/\/nordicpadel.com\/sv\/#organization\",\"name\":\"Nordic Padel\",\"url\":\"https:\/\/nordicpadel.com\/sv\/\",\"logo\":{\"@type\":\"ImageObject\",\"inLanguage\":\"sv-SE\",\"@id\":\"https:\/\/nordicpadel.com\/sv\/#\/schema\/logo\/image\/\",\"url\":\"https:\/\/nordicpadel.com\/sv\/wp-content\/uploads\/sites\/10\/2022\/12\/Nordic-Padel-small_1-1.png\",\"contentUrl\":\"https:\/\/nordicpadel.com\/sv\/wp-content\/uploads\/sites\/10\/2022\/12\/Nordic-Padel-small_1-1.png\",\"width\":400,\"height\":119,\"caption\":\"Nordic Padel\"},\"image\":{\"@id\":\"https:\/\/nordicpadel.com\/sv\/#\/schema\/logo\/image\/\"}}]}<\/script>\n<!-- \/ Yoast SEO plugin. -->","yoast_head_json":{"title":"Babolat Vertuo Counter - Nordic Padel","robots":{"index":"index","follow":"follow","max-snippet":"max-snippet:-1","max-image-preview":"max-image-preview:large","max-video-preview":"max-video-preview:-1"},"canonical":"https:\/\/nordicpadel.com\/sv\/product\/babolat-vertuo-counter-3\/","og_locale":"sv_SE","og_type":"article","og_title":"Babolat Vertuo Counter - Nordic Padel","og_description":"Babolat Vertuo Counter 2023 \u00e4r ett runt padelracket som passar b\u00e5de nyb\u00f6rjare och avancerade spelare. Med en mjuk k\u00e4rna och stor sweetspot \u00e4r den enkel att spela med och ger extra fart och kontroll i varje slag. Racket v\u00e4ger 365 gram och har en h\u00f6g balans, vilket ger en bra kombination av kontroll och kraft.Den [&hellip;]","og_url":"https:\/\/nordicpadel.com\/sv\/product\/babolat-vertuo-counter-3\/","og_site_name":"Nordic Padel","article_modified_time":"2026-03-18T11:34:48+00:00","og_image":[{"width":800,"height":800,"url":"https:\/\/nordicpadel.com\/sv\/wp-content\/uploads\/sites\/10\/2025\/11\/c2ac7c7b6db5713075563c901eaf9b84.png","type":"image\/png"}],"twitter_card":"summary_large_image","twitter_misc":{"Ber\u00e4knad l\u00e4stid":"1 minut"},"schema":{"@context":"https:\/\/schema.org","@graph":[{"@type":"WebPage","@id":"https:\/\/nordicpadel.com\/sv\/product\/babolat-vertuo-counter-3\/","url":"https:\/\/nordicpadel.com\/sv\/product\/babolat-vertuo-counter-3\/","name":"Babolat Vertuo Counter - Nordic Padel","isPartOf":{"@id":"https:\/\/nordicpadel.com\/sv\/#website"},"primaryImageOfPage":{"@id":"https:\/\/nordicpadel.com\/sv\/product\/babolat-vertuo-counter-3\/#primaryimage"},"image":{"@id":"https:\/\/nordicpadel.com\/sv\/product\/babolat-vertuo-counter-3\/#primaryimage"},"thumbnailUrl":"https:\/\/nordicpadel.com\/sv\/wp-content\/uploads\/sites\/10\/2025\/11\/c2ac7c7b6db5713075563c901eaf9b84.png","datePublished":"2025-11-26T17:46:55+00:00","dateModified":"2026-03-18T11:34:48+00:00","breadcrumb":{"@id":"https:\/\/nordicpadel.com\/sv\/product\/babolat-vertuo-counter-3\/#breadcrumb"},"inLanguage":"sv-SE","potentialAction":[{"@type":"ReadAction","target":["https:\/\/nordicpadel.com\/sv\/product\/babolat-vertuo-counter-3\/"]}]},{"@type":"ImageObject","inLanguage":"sv-SE","@id":"https:\/\/nordicpadel.com\/sv\/product\/babolat-vertuo-counter-3\/#primaryimage","url":"https:\/\/nordicpadel.com\/sv\/wp-content\/uploads\/sites\/10\/2025\/11\/c2ac7c7b6db5713075563c901eaf9b84.png","contentUrl":"https:\/\/nordicpadel.com\/sv\/wp-content\/uploads\/sites\/10\/2025\/11\/c2ac7c7b6db5713075563c901eaf9b84.png","width":800,"height":800,"caption":"Babolat Vertuo Counter"},{"@type":"BreadcrumbList","@id":"https:\/\/nordicpadel.com\/sv\/product\/babolat-vertuo-counter-3\/#breadcrumb","itemListElement":[{"@type":"ListItem","position":1,"name":"Hem","item":"https:\/\/nordicpadel.com\/sv\/"},{"@type":"ListItem","position":2,"name":"Shop","item":"https:\/\/nordicpadel.com\/sv\/shop\/"},{"@type":"ListItem","position":3,"name":"Babolat Vertuo Counter"}]},{"@type":"WebSite","@id":"https:\/\/nordicpadel.com\/sv\/#website","url":"https:\/\/nordicpadel.com\/sv\/","name":"Nordic Padel","description":"","publisher":{"@id":"https:\/\/nordicpadel.com\/sv\/#organization"},"potentialAction":[{"@type":"SearchAction","target":{"@type":"EntryPoint","urlTemplate":"https:\/\/nordicpadel.com\/sv\/?s={search_term_string}"},"query-input":"required name=search_term_string"}],"inLanguage":"sv-SE"},{"@type":"Organization","@id":"https:\/\/nordicpadel.com\/sv\/#organization","name":"Nordic Padel","url":"https:\/\/nordicpadel.com\/sv\/","logo":{"@type":"ImageObject","inLanguage":"sv-SE","@id":"https:\/\/nordicpadel.com\/sv\/#\/schema\/logo\/image\/","url":"https:\/\/nordicpadel.com\/sv\/wp-content\/uploads\/sites\/10\/2022\/12\/Nordic-Padel-small_1-1.png","contentUrl":"https:\/\/nordicpadel.com\/sv\/wp-content\/uploads\/sites\/10\/2022\/12\/Nordic-Padel-small_1-1.png","width":400,"height":119,"caption":"Nordic Padel"},"image":{"@id":"https:\/\/nordicpadel.com\/sv\/#\/schema\/logo\/image\/"}}]}},"brands":[],"_links":{"self":[{"href":"https:\/\/nordicpadel.com\/sv\/wp-json\/wp\/v2\/product\/92072","targetHints":{"allow":["GET"]}}],"collection":[{"href":"https:\/\/nordicpadel.com\/sv\/wp-json\/wp\/v2\/product"}],"about":[{"href":"https:\/\/nordicpadel.com\/sv\/wp-json\/wp\/v2\/types\/product"}],"replies":[{"embeddable":true,"href":"https:\/\/nordicpadel.com\/sv\/wp-json\/wp\/v2\/comments?post=92072"}],"wp:featuredmedia":[{"embeddable":true,"href":"https:\/\/nordicpadel.com\/sv\/wp-json\/wp\/v2\/media\/92054"}],"wp:attachment":[{"href":"https:\/\/nordicpadel.com\/sv\/wp-json\/wp\/v2\/media?parent=92072"}],"wp:term":[{"taxonomy":"pwb-brand","embeddable":true,"href":"https:\/\/nordicpadel.com\/sv\/wp-json\/wp\/v2\/pwb-brand?post=92072"},{"taxonomy":"product_cat","embeddable":true,"href":"https:\/\/nordicpadel.com\/sv\/wp-json\/wp\/v2\/product_cat?post=92072"},{"taxonomy":"product_tag","embeddable":true,"href":"https:\/\/nordicpadel.com\/sv\/wp-json\/wp\/v2\/product_tag?post=92072"},{"taxonomy":"woo-feed-brand","embeddable":true,"href":"https:\/\/nordicpadel.com\/sv\/wp-json\/wp\/v2\/woo-feed-brand?post=92072"}],"curies":[{"name":"wp","href":"https:\/\/api.w.org\/{rel}","templated":true}]}}