{"id":92050,"date":"2025-11-26T18:46:42","date_gmt":"2025-11-26T17:46:42","guid":{"rendered":"https:\/\/nordicpadel.com\/sv\/product\/babolat-viper-technical-apt\/"},"modified":"2025-11-27T03:05:58","modified_gmt":"2025-11-27T02:05:58","slug":"babolat-viper-technical-apt","status":"publish","type":"product","link":"https:\/\/nordicpadel.com\/sv\/product\/babolat-viper-technical-apt\/","title":{"rendered":"Babolat Viper Technical APT"},"content":{"rendered":"<p>Babolat Viper Technical APT 2023 \u00e4r en limiterad utg\u00e5va utav den om\u00e5ttligt popul\u00e4ra racket Viper Technical som \u00e4r framtagen f\u00f6r spelaren med en offensiv spelstil och kraftfulla slag. Viper Technical APT levererar med sin design en otroligt explosiv fart som l\u00e5ter dig dominera banan med tunga overhead-slag.<br id=\"isPasted\"><br \/>K\u00e4rnan i Babolat Viper Technical APT \u00e4r uppbyggd av Babolats X-EVA Technology. Detta inneb\u00e4r att k\u00e4rnan har tre olika lager av EVA som tillsammans ger en en otroligt solid k\u00e4nsla, d\u00e4r de tv\u00e5 styva yttre lagren ger extra fart vid h\u00e5rda slag medan det mjukare inre lager ger \u00f6kad felmarginal och komfort i mjukare slag.<\/p>\n<p>Viper Technical APT har en tr\u00e4ffyta helt tillverkad i 12k kolfiber och har en l\u00e4tt r\u00e4fflad och sandpapperliknande finish, vilket ger maximalt grepp och spinn p\u00e5 bollen.<\/p>\n<p>En ytterligare nyhet \u00e4r Vibrasorb System som ger varje slag en ut\u00f6kad komfort. Det vibrationsd\u00e4mpande systemet \u00e4r integrerat i rackethalsen, ovanf\u00f6r handtaget, och reducerar vibrationerna som uppst\u00e5r i varje slag. Resultatet \u00e4r en ut\u00f6kad komfort och en minskad risk f\u00f6r padelarmb\u00e5ge.<\/p>\n<p>Likt tidigare modeller fr\u00e5n Babolat \u00e4r Viper Technical APT designad med HPS-Technology. Hole Pattern-System ger mer fart och kontroll tack vare att de borrade h\u00e5len i racket \u00e4r anpassade efter rackets form och sweet spot. Detta ger mer effekt i slagen f\u00f6r mer fart och mer grepp p\u00e5 bollen f\u00f6r ut\u00f6kad spinn.<\/p>\n<p>Nytt f\u00f6r i \u00e5r \u00e4r att du kan byta handledsrem p\u00e5 ditt racket, till exempelvis denna&nbsp;<a href=\"https:\/\/nordicpadel.com\/sv\/product\/babolat-wrist-strap-padel-2\/\" id=\"isPasted\">rem<\/a>.<\/p>\n<p>\u00c4r du intresserad av att testspela racket? Vi skickar racket till dig och l\u00e5ter dig testspela det i en vecka f\u00f6r 269kr. Kontakta oss via mail om du \u00e4r intresserad av detta.<\/p>\n","protected":false},"excerpt":{"rendered":"<p>Babolat Viper Technical APT 2023 \u00e4r en limiterad utg\u00e5va utav den om\u00e5ttligt popul\u00e4ra racket Viper Technical som \u00e4r framtagen f\u00f6r spelaren med en offensiv spelstil och kraftfulla slag. Viper Technical APT levererar med sin design en otroligt explosiv fart som l\u00e5ter dig dominera banan med tunga overhead-slag.K\u00e4rnan i Babolat Viper Technical APT \u00e4r uppbyggd av [&hellip;]<\/p>\n","protected":false},"featured_media":92036,"comment_status":"open","ping_status":"closed","template":"","meta":[],"pwb-brand":[],"product_cat":[456],"product_tag":[],"woo-feed-brand":[],"class_list":{"0":"post-92050","1":"product","2":"type-product","3":"status-publish","4":"has-post-thumbnail","6":"product_cat-babolat","7":"pa_varumarke-babolat","9":"first","10":"outofstock","11":"taxable","12":"shipping-taxable","13":"purchasable","14":"product-type-simple"},"bundled_by":[],"bundle_stock_status":"outofstock","bundle_stock_quantity":0,"bundle_virtual":false,"bundle_layout":"","bundle_add_to_cart_form_location":"","bundle_editable_in_cart":false,"bundle_sold_individually_context":"","bundle_item_grouping":"","bundle_min_size":"","bundle_max_size":"","bundled_items":[],"bundle_sell_ids":[],"acf":[],"yoast_head":"<!-- This site is optimized with the Yoast SEO plugin v23.1 - https:\/\/yoast.com\/wordpress\/plugins\/seo\/ -->\n<title>Babolat Viper Technical APT - Nordic Padel<\/title>\n<meta name=\"robots\" content=\"index, follow, max-snippet:-1, max-image-preview:large, max-video-preview:-1\" \/>\n<link rel=\"canonical\" href=\"https:\/\/nordicpadel.com\/sv\/product\/babolat-viper-technical-apt\/\" \/>\n<meta property=\"og:locale\" content=\"sv_SE\" \/>\n<meta property=\"og:type\" content=\"article\" \/>\n<meta property=\"og:title\" content=\"Babolat Viper Technical APT - Nordic Padel\" \/>\n<meta property=\"og:description\" content=\"Babolat Viper Technical APT 2023 \u00e4r en limiterad utg\u00e5va utav den om\u00e5ttligt popul\u00e4ra racket Viper Technical som \u00e4r framtagen f\u00f6r spelaren med en offensiv spelstil och kraftfulla slag. Viper Technical APT levererar med sin design en otroligt explosiv fart som l\u00e5ter dig dominera banan med tunga overhead-slag.K\u00e4rnan i Babolat Viper Technical APT \u00e4r uppbyggd av [&hellip;]\" \/>\n<meta property=\"og:url\" content=\"https:\/\/nordicpadel.com\/sv\/product\/babolat-viper-technical-apt\/\" \/>\n<meta property=\"og:site_name\" content=\"Nordic Padel\" \/>\n<meta property=\"article:modified_time\" content=\"2025-11-27T02:05:58+00:00\" \/>\n<meta property=\"og:image\" content=\"https:\/\/nordicpadel.com\/sv\/wp-content\/uploads\/sites\/10\/2025\/11\/ccde67abe303c5d4e41ace9a8bf58022.png\" \/>\n\t<meta property=\"og:image:width\" content=\"800\" \/>\n\t<meta property=\"og:image:height\" content=\"800\" \/>\n\t<meta property=\"og:image:type\" content=\"image\/png\" \/>\n<meta name=\"twitter:card\" content=\"summary_large_image\" \/>\n<meta name=\"twitter:label1\" content=\"Ber\u00e4knad l\u00e4stid\" \/>\n\t<meta name=\"twitter:data1\" content=\"2 minuter\" \/>\n<script type=\"application\/ld+json\" class=\"yoast-schema-graph\">{\"@context\":\"https:\/\/schema.org\",\"@graph\":[{\"@type\":\"WebPage\",\"@id\":\"https:\/\/nordicpadel.com\/sv\/product\/babolat-viper-technical-apt\/\",\"url\":\"https:\/\/nordicpadel.com\/sv\/product\/babolat-viper-technical-apt\/\",\"name\":\"Babolat Viper Technical APT - Nordic Padel\",\"isPartOf\":{\"@id\":\"https:\/\/nordicpadel.com\/sv\/#website\"},\"primaryImageOfPage\":{\"@id\":\"https:\/\/nordicpadel.com\/sv\/product\/babolat-viper-technical-apt\/#primaryimage\"},\"image\":{\"@id\":\"https:\/\/nordicpadel.com\/sv\/product\/babolat-viper-technical-apt\/#primaryimage\"},\"thumbnailUrl\":\"https:\/\/nordicpadel.com\/sv\/wp-content\/uploads\/sites\/10\/2025\/11\/ccde67abe303c5d4e41ace9a8bf58022.png\",\"datePublished\":\"2025-11-26T17:46:42+00:00\",\"dateModified\":\"2025-11-27T02:05:58+00:00\",\"breadcrumb\":{\"@id\":\"https:\/\/nordicpadel.com\/sv\/product\/babolat-viper-technical-apt\/#breadcrumb\"},\"inLanguage\":\"sv-SE\",\"potentialAction\":[{\"@type\":\"ReadAction\",\"target\":[\"https:\/\/nordicpadel.com\/sv\/product\/babolat-viper-technical-apt\/\"]}]},{\"@type\":\"ImageObject\",\"inLanguage\":\"sv-SE\",\"@id\":\"https:\/\/nordicpadel.com\/sv\/product\/babolat-viper-technical-apt\/#primaryimage\",\"url\":\"https:\/\/nordicpadel.com\/sv\/wp-content\/uploads\/sites\/10\/2025\/11\/ccde67abe303c5d4e41ace9a8bf58022.png\",\"contentUrl\":\"https:\/\/nordicpadel.com\/sv\/wp-content\/uploads\/sites\/10\/2025\/11\/ccde67abe303c5d4e41ace9a8bf58022.png\",\"width\":800,\"height\":800,\"caption\":\"Babolat Viper Technical APT\"},{\"@type\":\"BreadcrumbList\",\"@id\":\"https:\/\/nordicpadel.com\/sv\/product\/babolat-viper-technical-apt\/#breadcrumb\",\"itemListElement\":[{\"@type\":\"ListItem\",\"position\":1,\"name\":\"Hem\",\"item\":\"https:\/\/nordicpadel.com\/sv\/\"},{\"@type\":\"ListItem\",\"position\":2,\"name\":\"Shop\",\"item\":\"https:\/\/nordicpadel.com\/sv\/shop\/\"},{\"@type\":\"ListItem\",\"position\":3,\"name\":\"Babolat Viper Technical APT\"}]},{\"@type\":\"WebSite\",\"@id\":\"https:\/\/nordicpadel.com\/sv\/#website\",\"url\":\"https:\/\/nordicpadel.com\/sv\/\",\"name\":\"Nordic Padel\",\"description\":\"\",\"publisher\":{\"@id\":\"https:\/\/nordicpadel.com\/sv\/#organization\"},\"potentialAction\":[{\"@type\":\"SearchAction\",\"target\":{\"@type\":\"EntryPoint\",\"urlTemplate\":\"https:\/\/nordicpadel.com\/sv\/?s={search_term_string}\"},\"query-input\":\"required name=search_term_string\"}],\"inLanguage\":\"sv-SE\"},{\"@type\":\"Organization\",\"@id\":\"https:\/\/nordicpadel.com\/sv\/#organization\",\"name\":\"Nordic Padel\",\"url\":\"https:\/\/nordicpadel.com\/sv\/\",\"logo\":{\"@type\":\"ImageObject\",\"inLanguage\":\"sv-SE\",\"@id\":\"https:\/\/nordicpadel.com\/sv\/#\/schema\/logo\/image\/\",\"url\":\"https:\/\/nordicpadel.com\/sv\/wp-content\/uploads\/sites\/10\/2022\/12\/Nordic-Padel-small_1-1.png\",\"contentUrl\":\"https:\/\/nordicpadel.com\/sv\/wp-content\/uploads\/sites\/10\/2022\/12\/Nordic-Padel-small_1-1.png\",\"width\":400,\"height\":119,\"caption\":\"Nordic Padel\"},\"image\":{\"@id\":\"https:\/\/nordicpadel.com\/sv\/#\/schema\/logo\/image\/\"}}]}<\/script>\n<!-- \/ Yoast SEO plugin. -->","yoast_head_json":{"title":"Babolat Viper Technical APT - Nordic Padel","robots":{"index":"index","follow":"follow","max-snippet":"max-snippet:-1","max-image-preview":"max-image-preview:large","max-video-preview":"max-video-preview:-1"},"canonical":"https:\/\/nordicpadel.com\/sv\/product\/babolat-viper-technical-apt\/","og_locale":"sv_SE","og_type":"article","og_title":"Babolat Viper Technical APT - Nordic Padel","og_description":"Babolat Viper Technical APT 2023 \u00e4r en limiterad utg\u00e5va utav den om\u00e5ttligt popul\u00e4ra racket Viper Technical som \u00e4r framtagen f\u00f6r spelaren med en offensiv spelstil och kraftfulla slag. Viper Technical APT levererar med sin design en otroligt explosiv fart som l\u00e5ter dig dominera banan med tunga overhead-slag.K\u00e4rnan i Babolat Viper Technical APT \u00e4r uppbyggd av [&hellip;]","og_url":"https:\/\/nordicpadel.com\/sv\/product\/babolat-viper-technical-apt\/","og_site_name":"Nordic Padel","article_modified_time":"2025-11-27T02:05:58+00:00","og_image":[{"width":800,"height":800,"url":"https:\/\/nordicpadel.com\/sv\/wp-content\/uploads\/sites\/10\/2025\/11\/ccde67abe303c5d4e41ace9a8bf58022.png","type":"image\/png"}],"twitter_card":"summary_large_image","twitter_misc":{"Ber\u00e4knad l\u00e4stid":"2 minuter"},"schema":{"@context":"https:\/\/schema.org","@graph":[{"@type":"WebPage","@id":"https:\/\/nordicpadel.com\/sv\/product\/babolat-viper-technical-apt\/","url":"https:\/\/nordicpadel.com\/sv\/product\/babolat-viper-technical-apt\/","name":"Babolat Viper Technical APT - Nordic Padel","isPartOf":{"@id":"https:\/\/nordicpadel.com\/sv\/#website"},"primaryImageOfPage":{"@id":"https:\/\/nordicpadel.com\/sv\/product\/babolat-viper-technical-apt\/#primaryimage"},"image":{"@id":"https:\/\/nordicpadel.com\/sv\/product\/babolat-viper-technical-apt\/#primaryimage"},"thumbnailUrl":"https:\/\/nordicpadel.com\/sv\/wp-content\/uploads\/sites\/10\/2025\/11\/ccde67abe303c5d4e41ace9a8bf58022.png","datePublished":"2025-11-26T17:46:42+00:00","dateModified":"2025-11-27T02:05:58+00:00","breadcrumb":{"@id":"https:\/\/nordicpadel.com\/sv\/product\/babolat-viper-technical-apt\/#breadcrumb"},"inLanguage":"sv-SE","potentialAction":[{"@type":"ReadAction","target":["https:\/\/nordicpadel.com\/sv\/product\/babolat-viper-technical-apt\/"]}]},{"@type":"ImageObject","inLanguage":"sv-SE","@id":"https:\/\/nordicpadel.com\/sv\/product\/babolat-viper-technical-apt\/#primaryimage","url":"https:\/\/nordicpadel.com\/sv\/wp-content\/uploads\/sites\/10\/2025\/11\/ccde67abe303c5d4e41ace9a8bf58022.png","contentUrl":"https:\/\/nordicpadel.com\/sv\/wp-content\/uploads\/sites\/10\/2025\/11\/ccde67abe303c5d4e41ace9a8bf58022.png","width":800,"height":800,"caption":"Babolat Viper Technical APT"},{"@type":"BreadcrumbList","@id":"https:\/\/nordicpadel.com\/sv\/product\/babolat-viper-technical-apt\/#breadcrumb","itemListElement":[{"@type":"ListItem","position":1,"name":"Hem","item":"https:\/\/nordicpadel.com\/sv\/"},{"@type":"ListItem","position":2,"name":"Shop","item":"https:\/\/nordicpadel.com\/sv\/shop\/"},{"@type":"ListItem","position":3,"name":"Babolat Viper Technical APT"}]},{"@type":"WebSite","@id":"https:\/\/nordicpadel.com\/sv\/#website","url":"https:\/\/nordicpadel.com\/sv\/","name":"Nordic Padel","description":"","publisher":{"@id":"https:\/\/nordicpadel.com\/sv\/#organization"},"potentialAction":[{"@type":"SearchAction","target":{"@type":"EntryPoint","urlTemplate":"https:\/\/nordicpadel.com\/sv\/?s={search_term_string}"},"query-input":"required name=search_term_string"}],"inLanguage":"sv-SE"},{"@type":"Organization","@id":"https:\/\/nordicpadel.com\/sv\/#organization","name":"Nordic Padel","url":"https:\/\/nordicpadel.com\/sv\/","logo":{"@type":"ImageObject","inLanguage":"sv-SE","@id":"https:\/\/nordicpadel.com\/sv\/#\/schema\/logo\/image\/","url":"https:\/\/nordicpadel.com\/sv\/wp-content\/uploads\/sites\/10\/2022\/12\/Nordic-Padel-small_1-1.png","contentUrl":"https:\/\/nordicpadel.com\/sv\/wp-content\/uploads\/sites\/10\/2022\/12\/Nordic-Padel-small_1-1.png","width":400,"height":119,"caption":"Nordic Padel"},"image":{"@id":"https:\/\/nordicpadel.com\/sv\/#\/schema\/logo\/image\/"}}]}},"brands":[],"_links":{"self":[{"href":"https:\/\/nordicpadel.com\/sv\/wp-json\/wp\/v2\/product\/92050","targetHints":{"allow":["GET"]}}],"collection":[{"href":"https:\/\/nordicpadel.com\/sv\/wp-json\/wp\/v2\/product"}],"about":[{"href":"https:\/\/nordicpadel.com\/sv\/wp-json\/wp\/v2\/types\/product"}],"replies":[{"embeddable":true,"href":"https:\/\/nordicpadel.com\/sv\/wp-json\/wp\/v2\/comments?post=92050"}],"wp:featuredmedia":[{"embeddable":true,"href":"https:\/\/nordicpadel.com\/sv\/wp-json\/wp\/v2\/media\/92036"}],"wp:attachment":[{"href":"https:\/\/nordicpadel.com\/sv\/wp-json\/wp\/v2\/media?parent=92050"}],"wp:term":[{"taxonomy":"pwb-brand","embeddable":true,"href":"https:\/\/nordicpadel.com\/sv\/wp-json\/wp\/v2\/pwb-brand?post=92050"},{"taxonomy":"product_cat","embeddable":true,"href":"https:\/\/nordicpadel.com\/sv\/wp-json\/wp\/v2\/product_cat?post=92050"},{"taxonomy":"product_tag","embeddable":true,"href":"https:\/\/nordicpadel.com\/sv\/wp-json\/wp\/v2\/product_tag?post=92050"},{"taxonomy":"woo-feed-brand","embeddable":true,"href":"https:\/\/nordicpadel.com\/sv\/wp-json\/wp\/v2\/woo-feed-brand?post=92050"}],"curies":[{"name":"wp","href":"https:\/\/api.w.org\/{rel}","templated":true}]}}