{"id":92022,"date":"2025-11-26T18:46:23","date_gmt":"2025-11-26T17:46:23","guid":{"rendered":"https:\/\/nordicpadel.com\/sv\/product\/wilson-kaos-swift-1-5-w\/"},"modified":"2026-02-02T23:10:07","modified_gmt":"2026-02-02T22:10:07","slug":"wilson-kaos-swift-1-5-w","status":"publish","type":"product","link":"https:\/\/nordicpadel.com\/sv\/product\/wilson-kaos-swift-1-5-w\/","title":{"rendered":"Wilson Kaos Swift 1.5 W"},"content":{"rendered":"<p>Wilson Kaos Swift Allcourt \u00e4r en utm\u00e4rkt tennissko som ocks\u00e5 fungerar f\u00f6r padel. Skon har utvecklats f\u00f6r att kunna hantera tuffa p\u00e5frestningar i alla riktningar och \u00e4r lika stabil i sidled som fram\u00e5t och bak\u00e5t. Den har flera funktioner som f\u00f6rb\u00e4ttrar din prestation p\u00e5 banan.<\/p>\n<p>Kaos Chassis \u00e4r en innovativ teknologi som f\u00f6rb\u00e4ttrar din naturliga fotr\u00f6relse. Skon har ett flexibelt fotvalvsst\u00f6d f\u00f6r \u00f6verl\u00e4gsen smidighet och sidost\u00f6d f\u00f6r \u00f6kad vridningskontroll och \u00f6vergripande stabilitet. Detta ger dig \u00f6kad r\u00f6rlighet och m\u00f6jlighet att snabbt r\u00f6ra dig \u00e5t olika h\u00e5ll.<\/p>\n<p>Endofit \u00e4r en annan funktion som ger \u00f6kad komfort och stabilitet. Skon har en fullst\u00e4ndig inre strumpakonstruktion som ger en intuitiv passform och \u00f6kar stabiliteten. Detta g\u00f6r det m\u00f6jligt f\u00f6r dig att fokusera p\u00e5 spelet och inte p\u00e5 skon.<\/p>\n<p>Gummi Medial Drag Pad \u00e4r en annan f\u00f6rdel med denna sko. Det ger extra h\u00e5llbarhet och skydd mot slitage, vilket f\u00f6rl\u00e4nger livsl\u00e4ngden p\u00e5 skorna. R-DST+ teknologi ger den b\u00e4sta kombinationen av d\u00e4mpning och rebound f\u00f6r mer dynamisk prestanda p\u00e5 banan.<\/p>\n<p>Wilson Kaos Swift Allcourt \u00e4r designad f\u00f6r b\u00e4sta prestanda p\u00e5 alla underlag, vilket g\u00f6r den till en m\u00e5ngsidig sko f\u00f6r b\u00e5de tennis och padel. Med dessa skor kan du k\u00e4nna dig trygg och fokusera p\u00e5 spelet p\u00e5 banan.\u00a0<\/p>\n<p>L\u00e4s g\u00e4rna v\u00e5r <a href=\"https:\/\/nordicpadel.com\/sv\/guide-padelskor\/\">skoguide<\/a> som inneh\u00e5ller tips samt en storleksguide f\u00f6r att hj\u00e4lpa dig hitta r\u00e4tt skor.<\/p>\n","protected":false},"excerpt":{"rendered":"<p>Wilson Kaos Swift Allcourt \u00e4r en utm\u00e4rkt tennissko som ocks\u00e5 fungerar f\u00f6r padel. Skon har utvecklats f\u00f6r att kunna hantera tuffa p\u00e5frestningar i alla riktningar och \u00e4r lika stabil i sidled som fram\u00e5t och bak\u00e5t. Den har flera funktioner som f\u00f6rb\u00e4ttrar din prestation p\u00e5 banan. Kaos Chassis \u00e4r en innovativ teknologi som f\u00f6rb\u00e4ttrar din naturliga [&hellip;]<\/p>\n","protected":false},"featured_media":92019,"comment_status":"open","ping_status":"closed","template":"","meta":[],"pwb-brand":[],"product_cat":[461],"product_tag":[],"woo-feed-brand":[],"class_list":{"0":"post-92022","1":"product","2":"type-product","3":"status-publish","4":"has-post-thumbnail","6":"product_cat-wilson","7":"pa_varumarke-wilson","9":"first","10":"outofstock","11":"sale","12":"taxable","13":"shipping-taxable","14":"purchasable","15":"product-type-variable"},"bundled_by":[],"bundle_stock_status":"outofstock","bundle_stock_quantity":0,"bundle_virtual":false,"bundle_layout":"","bundle_add_to_cart_form_location":"","bundle_editable_in_cart":false,"bundle_sold_individually_context":"","bundle_item_grouping":"","bundle_min_size":"","bundle_max_size":"","bundled_items":[],"bundle_sell_ids":[],"acf":[],"yoast_head":"<!-- This site is optimized with the Yoast SEO plugin v23.1 - https:\/\/yoast.com\/wordpress\/plugins\/seo\/ -->\n<title>Wilson Kaos Swift 1.5 W - Nordic Padel<\/title>\n<meta name=\"robots\" content=\"index, follow, max-snippet:-1, max-image-preview:large, max-video-preview:-1\" \/>\n<link rel=\"canonical\" href=\"https:\/\/nordicpadel.com\/sv\/product\/wilson-kaos-swift-1-5-w\/\" \/>\n<meta property=\"og:locale\" content=\"sv_SE\" \/>\n<meta property=\"og:type\" content=\"article\" \/>\n<meta property=\"og:title\" content=\"Wilson Kaos Swift 1.5 W - Nordic Padel\" \/>\n<meta property=\"og:description\" content=\"Wilson Kaos Swift Allcourt \u00e4r en utm\u00e4rkt tennissko som ocks\u00e5 fungerar f\u00f6r padel. Skon har utvecklats f\u00f6r att kunna hantera tuffa p\u00e5frestningar i alla riktningar och \u00e4r lika stabil i sidled som fram\u00e5t och bak\u00e5t. Den har flera funktioner som f\u00f6rb\u00e4ttrar din prestation p\u00e5 banan. Kaos Chassis \u00e4r en innovativ teknologi som f\u00f6rb\u00e4ttrar din naturliga [&hellip;]\" \/>\n<meta property=\"og:url\" content=\"https:\/\/nordicpadel.com\/sv\/product\/wilson-kaos-swift-1-5-w\/\" \/>\n<meta property=\"og:site_name\" content=\"Nordic Padel\" \/>\n<meta property=\"article:modified_time\" content=\"2026-02-02T22:10:07+00:00\" \/>\n<meta property=\"og:image\" content=\"https:\/\/nordicpadel.com\/sv\/wp-content\/uploads\/sites\/10\/2025\/11\/2720d05fdd7e064aa0a25a4dea2b174c.png\" \/>\n\t<meta property=\"og:image:width\" content=\"800\" \/>\n\t<meta property=\"og:image:height\" content=\"800\" \/>\n\t<meta property=\"og:image:type\" content=\"image\/png\" \/>\n<meta name=\"twitter:card\" content=\"summary_large_image\" \/>\n<meta name=\"twitter:label1\" content=\"Ber\u00e4knad l\u00e4stid\" \/>\n\t<meta name=\"twitter:data1\" content=\"1 minut\" \/>\n<script type=\"application\/ld+json\" class=\"yoast-schema-graph\">{\"@context\":\"https:\/\/schema.org\",\"@graph\":[{\"@type\":\"WebPage\",\"@id\":\"https:\/\/nordicpadel.com\/sv\/product\/wilson-kaos-swift-1-5-w\/\",\"url\":\"https:\/\/nordicpadel.com\/sv\/product\/wilson-kaos-swift-1-5-w\/\",\"name\":\"Wilson Kaos Swift 1.5 W - Nordic Padel\",\"isPartOf\":{\"@id\":\"https:\/\/nordicpadel.com\/sv\/#website\"},\"primaryImageOfPage\":{\"@id\":\"https:\/\/nordicpadel.com\/sv\/product\/wilson-kaos-swift-1-5-w\/#primaryimage\"},\"image\":{\"@id\":\"https:\/\/nordicpadel.com\/sv\/product\/wilson-kaos-swift-1-5-w\/#primaryimage\"},\"thumbnailUrl\":\"https:\/\/nordicpadel.com\/sv\/wp-content\/uploads\/sites\/10\/2025\/11\/2720d05fdd7e064aa0a25a4dea2b174c.png\",\"datePublished\":\"2025-11-26T17:46:23+00:00\",\"dateModified\":\"2026-02-02T22:10:07+00:00\",\"breadcrumb\":{\"@id\":\"https:\/\/nordicpadel.com\/sv\/product\/wilson-kaos-swift-1-5-w\/#breadcrumb\"},\"inLanguage\":\"sv-SE\",\"potentialAction\":[{\"@type\":\"ReadAction\",\"target\":[\"https:\/\/nordicpadel.com\/sv\/product\/wilson-kaos-swift-1-5-w\/\"]}]},{\"@type\":\"ImageObject\",\"inLanguage\":\"sv-SE\",\"@id\":\"https:\/\/nordicpadel.com\/sv\/product\/wilson-kaos-swift-1-5-w\/#primaryimage\",\"url\":\"https:\/\/nordicpadel.com\/sv\/wp-content\/uploads\/sites\/10\/2025\/11\/2720d05fdd7e064aa0a25a4dea2b174c.png\",\"contentUrl\":\"https:\/\/nordicpadel.com\/sv\/wp-content\/uploads\/sites\/10\/2025\/11\/2720d05fdd7e064aa0a25a4dea2b174c.png\",\"width\":800,\"height\":800,\"caption\":\"Wilson Kaos Swift 1.5 W\"},{\"@type\":\"BreadcrumbList\",\"@id\":\"https:\/\/nordicpadel.com\/sv\/product\/wilson-kaos-swift-1-5-w\/#breadcrumb\",\"itemListElement\":[{\"@type\":\"ListItem\",\"position\":1,\"name\":\"Hem\",\"item\":\"https:\/\/nordicpadel.com\/sv\/\"},{\"@type\":\"ListItem\",\"position\":2,\"name\":\"Shop\",\"item\":\"https:\/\/nordicpadel.com\/sv\/shop\/\"},{\"@type\":\"ListItem\",\"position\":3,\"name\":\"Wilson Kaos Swift 1.5 W\"}]},{\"@type\":\"WebSite\",\"@id\":\"https:\/\/nordicpadel.com\/sv\/#website\",\"url\":\"https:\/\/nordicpadel.com\/sv\/\",\"name\":\"Nordic Padel\",\"description\":\"\",\"publisher\":{\"@id\":\"https:\/\/nordicpadel.com\/sv\/#organization\"},\"potentialAction\":[{\"@type\":\"SearchAction\",\"target\":{\"@type\":\"EntryPoint\",\"urlTemplate\":\"https:\/\/nordicpadel.com\/sv\/?s={search_term_string}\"},\"query-input\":\"required name=search_term_string\"}],\"inLanguage\":\"sv-SE\"},{\"@type\":\"Organization\",\"@id\":\"https:\/\/nordicpadel.com\/sv\/#organization\",\"name\":\"Nordic Padel\",\"url\":\"https:\/\/nordicpadel.com\/sv\/\",\"logo\":{\"@type\":\"ImageObject\",\"inLanguage\":\"sv-SE\",\"@id\":\"https:\/\/nordicpadel.com\/sv\/#\/schema\/logo\/image\/\",\"url\":\"https:\/\/nordicpadel.com\/sv\/wp-content\/uploads\/sites\/10\/2022\/12\/Nordic-Padel-small_1-1.png\",\"contentUrl\":\"https:\/\/nordicpadel.com\/sv\/wp-content\/uploads\/sites\/10\/2022\/12\/Nordic-Padel-small_1-1.png\",\"width\":400,\"height\":119,\"caption\":\"Nordic Padel\"},\"image\":{\"@id\":\"https:\/\/nordicpadel.com\/sv\/#\/schema\/logo\/image\/\"}}]}<\/script>\n<!-- \/ Yoast SEO plugin. -->","yoast_head_json":{"title":"Wilson Kaos Swift 1.5 W - Nordic Padel","robots":{"index":"index","follow":"follow","max-snippet":"max-snippet:-1","max-image-preview":"max-image-preview:large","max-video-preview":"max-video-preview:-1"},"canonical":"https:\/\/nordicpadel.com\/sv\/product\/wilson-kaos-swift-1-5-w\/","og_locale":"sv_SE","og_type":"article","og_title":"Wilson Kaos Swift 1.5 W - Nordic Padel","og_description":"Wilson Kaos Swift Allcourt \u00e4r en utm\u00e4rkt tennissko som ocks\u00e5 fungerar f\u00f6r padel. Skon har utvecklats f\u00f6r att kunna hantera tuffa p\u00e5frestningar i alla riktningar och \u00e4r lika stabil i sidled som fram\u00e5t och bak\u00e5t. Den har flera funktioner som f\u00f6rb\u00e4ttrar din prestation p\u00e5 banan. Kaos Chassis \u00e4r en innovativ teknologi som f\u00f6rb\u00e4ttrar din naturliga [&hellip;]","og_url":"https:\/\/nordicpadel.com\/sv\/product\/wilson-kaos-swift-1-5-w\/","og_site_name":"Nordic Padel","article_modified_time":"2026-02-02T22:10:07+00:00","og_image":[{"width":800,"height":800,"url":"https:\/\/nordicpadel.com\/sv\/wp-content\/uploads\/sites\/10\/2025\/11\/2720d05fdd7e064aa0a25a4dea2b174c.png","type":"image\/png"}],"twitter_card":"summary_large_image","twitter_misc":{"Ber\u00e4knad l\u00e4stid":"1 minut"},"schema":{"@context":"https:\/\/schema.org","@graph":[{"@type":"WebPage","@id":"https:\/\/nordicpadel.com\/sv\/product\/wilson-kaos-swift-1-5-w\/","url":"https:\/\/nordicpadel.com\/sv\/product\/wilson-kaos-swift-1-5-w\/","name":"Wilson Kaos Swift 1.5 W - Nordic Padel","isPartOf":{"@id":"https:\/\/nordicpadel.com\/sv\/#website"},"primaryImageOfPage":{"@id":"https:\/\/nordicpadel.com\/sv\/product\/wilson-kaos-swift-1-5-w\/#primaryimage"},"image":{"@id":"https:\/\/nordicpadel.com\/sv\/product\/wilson-kaos-swift-1-5-w\/#primaryimage"},"thumbnailUrl":"https:\/\/nordicpadel.com\/sv\/wp-content\/uploads\/sites\/10\/2025\/11\/2720d05fdd7e064aa0a25a4dea2b174c.png","datePublished":"2025-11-26T17:46:23+00:00","dateModified":"2026-02-02T22:10:07+00:00","breadcrumb":{"@id":"https:\/\/nordicpadel.com\/sv\/product\/wilson-kaos-swift-1-5-w\/#breadcrumb"},"inLanguage":"sv-SE","potentialAction":[{"@type":"ReadAction","target":["https:\/\/nordicpadel.com\/sv\/product\/wilson-kaos-swift-1-5-w\/"]}]},{"@type":"ImageObject","inLanguage":"sv-SE","@id":"https:\/\/nordicpadel.com\/sv\/product\/wilson-kaos-swift-1-5-w\/#primaryimage","url":"https:\/\/nordicpadel.com\/sv\/wp-content\/uploads\/sites\/10\/2025\/11\/2720d05fdd7e064aa0a25a4dea2b174c.png","contentUrl":"https:\/\/nordicpadel.com\/sv\/wp-content\/uploads\/sites\/10\/2025\/11\/2720d05fdd7e064aa0a25a4dea2b174c.png","width":800,"height":800,"caption":"Wilson Kaos Swift 1.5 W"},{"@type":"BreadcrumbList","@id":"https:\/\/nordicpadel.com\/sv\/product\/wilson-kaos-swift-1-5-w\/#breadcrumb","itemListElement":[{"@type":"ListItem","position":1,"name":"Hem","item":"https:\/\/nordicpadel.com\/sv\/"},{"@type":"ListItem","position":2,"name":"Shop","item":"https:\/\/nordicpadel.com\/sv\/shop\/"},{"@type":"ListItem","position":3,"name":"Wilson Kaos Swift 1.5 W"}]},{"@type":"WebSite","@id":"https:\/\/nordicpadel.com\/sv\/#website","url":"https:\/\/nordicpadel.com\/sv\/","name":"Nordic Padel","description":"","publisher":{"@id":"https:\/\/nordicpadel.com\/sv\/#organization"},"potentialAction":[{"@type":"SearchAction","target":{"@type":"EntryPoint","urlTemplate":"https:\/\/nordicpadel.com\/sv\/?s={search_term_string}"},"query-input":"required name=search_term_string"}],"inLanguage":"sv-SE"},{"@type":"Organization","@id":"https:\/\/nordicpadel.com\/sv\/#organization","name":"Nordic Padel","url":"https:\/\/nordicpadel.com\/sv\/","logo":{"@type":"ImageObject","inLanguage":"sv-SE","@id":"https:\/\/nordicpadel.com\/sv\/#\/schema\/logo\/image\/","url":"https:\/\/nordicpadel.com\/sv\/wp-content\/uploads\/sites\/10\/2022\/12\/Nordic-Padel-small_1-1.png","contentUrl":"https:\/\/nordicpadel.com\/sv\/wp-content\/uploads\/sites\/10\/2022\/12\/Nordic-Padel-small_1-1.png","width":400,"height":119,"caption":"Nordic Padel"},"image":{"@id":"https:\/\/nordicpadel.com\/sv\/#\/schema\/logo\/image\/"}}]}},"brands":[],"_links":{"self":[{"href":"https:\/\/nordicpadel.com\/sv\/wp-json\/wp\/v2\/product\/92022","targetHints":{"allow":["GET"]}}],"collection":[{"href":"https:\/\/nordicpadel.com\/sv\/wp-json\/wp\/v2\/product"}],"about":[{"href":"https:\/\/nordicpadel.com\/sv\/wp-json\/wp\/v2\/types\/product"}],"replies":[{"embeddable":true,"href":"https:\/\/nordicpadel.com\/sv\/wp-json\/wp\/v2\/comments?post=92022"}],"wp:featuredmedia":[{"embeddable":true,"href":"https:\/\/nordicpadel.com\/sv\/wp-json\/wp\/v2\/media\/92019"}],"wp:attachment":[{"href":"https:\/\/nordicpadel.com\/sv\/wp-json\/wp\/v2\/media?parent=92022"}],"wp:term":[{"taxonomy":"pwb-brand","embeddable":true,"href":"https:\/\/nordicpadel.com\/sv\/wp-json\/wp\/v2\/pwb-brand?post=92022"},{"taxonomy":"product_cat","embeddable":true,"href":"https:\/\/nordicpadel.com\/sv\/wp-json\/wp\/v2\/product_cat?post=92022"},{"taxonomy":"product_tag","embeddable":true,"href":"https:\/\/nordicpadel.com\/sv\/wp-json\/wp\/v2\/product_tag?post=92022"},{"taxonomy":"woo-feed-brand","embeddable":true,"href":"https:\/\/nordicpadel.com\/sv\/wp-json\/wp\/v2\/woo-feed-brand?post=92022"}],"curies":[{"name":"wp","href":"https:\/\/api.w.org\/{rel}","templated":true}]}}